{"id":693,"date":"2025-07-06T04:56:29","date_gmt":"2025-07-06T04:56:29","guid":{"rendered":"https:\/\/customacrylicproduct.com\/?post_type=product&#038;p=693"},"modified":"2025-07-06T05:02:23","modified_gmt":"2025-07-06T05:02:23","slug":"acrylic-vases-customization-for-florist-use-bulk-wholesale","status":"publish","type":"product","link":"https:\/\/customacrylicproduct.com\/es\/acrylic-vases-customization-for-florist-use-bulk-wholesale\/","title":{"rendered":"Jarrones de acr\u00edlico Personalizaci\u00f3n Para Florister\u00eda Uso Al por mayor a granel"},"content":{"rendered":"<h3 id=\"-custom-acrylic-vases-for-florists-designers-your-vision-crafted-for-wholesale-\"><strong>Jarrones acr\u00edlicos personalizados para floristas y dise\u00f1adores: Su visi\u00f3n, hecha a mano para mayoristas\u00a0<\/strong>.<\/h3>\n<p>En el planeta de la florister\u00eda, la organizaci\u00f3n de eventos y el dise\u00f1o de interiores, el recipiente es tan esencial como la flor. Es el socio silencioso de todo plan, el marco que eleva el arte. Durante demasiado tiempo, la elecci\u00f3n ha estado restringida: vidrio vulnerable y pesado o pl\u00e1sticos gen\u00e9ricos y poco imaginativos. Estamos aqu\u00ed para cambiar esta situaci\u00f3n.<\/p>\n<p>Bienvenido al futuro de la presentaci\u00f3n floral. Ofrecemos una innovadora l\u00ednea de\u00a0<a href=\"https:\/\/customacrylicproduct.com\/es\/acrylic-vases-customization-for-florist-use-bulk-wholesale\/\"><strong>portaflores acr\u00edlicos personalizados\u00a0<\/strong><\/a>, ofrecido por\u00a0<strong>venta masiva al por mayor\u00a0<\/strong>, fabricados espec\u00edficamente para el experto imaginativo. No son simples contenedores; son lienzos para su imaginaci\u00f3n creativa, herramientas para la creaci\u00f3n de marcas y soluciones duraderas y elegantes que combinan un virtuosismo impresionante con una utilidad inigualable.<\/p>\n<h4 id=\"-section-1-the-product-that-redefines-sophistication-and-functionality-\"><strong>Secci\u00f3n 1: El producto que redefine la sofisticaci\u00f3n y la funcionalidad\u00a0<\/strong>.<\/h4>\n<p>En el coraz\u00f3n de nuestra colecci\u00f3n se encuentra el acr\u00edlico, un material elegido por sus extraordinarias cualidades que liberan al florista y al dise\u00f1ador modernos de las restricciones de los productos convencionales.<\/p>\n<ul>\n<li><strong>Longevidad inastillable:\u00a0<\/strong>Diga adi\u00f3s a la preocupaci\u00f3n por las roturas durante el transporte, el montaje y en eventos muy concurridos. Nuestros jarrones acr\u00edlicos utilizan la claridad inmaculada del cristal sin su fragilidad. Esta resistencia inherente los convierte en una inversi\u00f3n econ\u00f3mica asequible y duradera para cualquier empresa floral, firma de art\u00edculos para ocasiones especiales o comercio minorista. Son ligeros, f\u00e1ciles de manejar y mucho m\u00e1s seguros tanto para su equipo como para sus clientes.<\/li>\n<li><strong>Calidad pr\u00edstina y tacto texturizado:\u00a0<\/strong>Fabricados con acr\u00edlico de \u00faltima generaci\u00f3n, nuestros jarrones presentan un revestimiento cristalino que no amarillea y permite que brillen los colores de verdad de sus flores. M\u00e1s all\u00e1 de la claridad, muchos de nuestros dise\u00f1os incluyen una apariencia sutil y avanzada, incluyendo una dimensi\u00f3n t\u00e1ctil que invita al tacto y a una inspecci\u00f3n m\u00e1s cercana.<\/li>\n<li><strong>F\u00e1cil mantenimiento:\u00a0<\/strong>La sencillez es de alta gama. Nuestros portaflores acr\u00edlicos son incre\u00edblemente\u00a0<strong>f\u00e1cil de ordenar\u00a0<\/strong>. Un enjuague b\u00e1sico con agua y jab\u00f3n moderado es todo lo que se necesita para mantenerlos impecables, ahorr\u00e1ndole tiempo y trabajo. La superficie no porosa resiste las manchas y los olores, lo que garantiza que siempre est\u00e9n listos para el siguiente plan impresionante.<\/li>\n<li><strong>Vers\u00e1til por naturaleza:\u00a0<\/strong>El encanto de estos portaflores radica en su flexibilidad. Son ideales para contener agua para\u00a0<strong>flores frescas\u00a0<\/strong>, Sin embargo, su utilidad se prolonga mucho m\u00e1s all\u00e1. Util\u00edcelos para producir pantallas llamativas con\u00a0<strong>flores fabricadas\u00a0<\/strong>, ramas secas o un poco de hierba de la pampa. Ll\u00e9nelos de vivos\u00a0<strong>piedras preciosas, piedras de r\u00edo abrillantadas o arena\u00a0<\/strong>para asegurar un motivo. Adem\u00e1s, son perfectos para servir como elegantes difusores de\u00a0<strong>palitos de aromaterapia de rat\u00e1n\u00a0<\/strong>, lo que las convierte en una pieza de estilo multifuncional para cualquier tipo de ambiente.<\/li>\n<\/ul>\n<p><a href=\"https:\/\/customacrylicproduct.com\/es\/acrylic-vases-customization-for-florist-use-bulk-wholesale\/\"><img fetchpriority=\"high\" decoding=\"async\" class=\"aligncenter wp-image-696 size-full\" src=\"https:\/\/customacrylicproduct.com\/wp-content\/uploads\/2025\/07\/Acrylic-Vases-4.jpg\" alt=\"Jarrones acr\u00edlicos\" width=\"800\" height=\"800\" srcset=\"https:\/\/customacrylicproduct.com\/wp-content\/uploads\/2025\/07\/Acrylic-Vases-4.jpg 800w, https:\/\/customacrylicproduct.com\/wp-content\/uploads\/2025\/07\/Acrylic-Vases-4-300x300.jpg 300w, https:\/\/customacrylicproduct.com\/wp-content\/uploads\/2025\/07\/Acrylic-Vases-4-150x150.jpg 150w, https:\/\/customacrylicproduct.com\/wp-content\/uploads\/2025\/07\/Acrylic-Vases-4-768x768.jpg 768w, https:\/\/customacrylicproduct.com\/wp-content\/uploads\/2025\/07\/Acrylic-Vases-4-12x12.jpg 12w, https:\/\/customacrylicproduct.com\/wp-content\/uploads\/2025\/07\/Acrylic-Vases-4-600x600.jpg 600w, https:\/\/customacrylicproduct.com\/wp-content\/uploads\/2025\/07\/Acrylic-Vases-4-100x100.jpg 100w\" sizes=\"(max-width: 800px) 100vw, 800px\" \/><\/a><\/p>\n<h4 id=\"-section-2-inspiring-design-for-the-modern-aesthetic-\"><strong>Secci\u00f3n 2: Dise\u00f1o inspirador para la est\u00e9tica moderna\u00a0<\/strong>.<\/h4>\n<p>Nuestra colecci\u00f3n com\u00fan nace del amor por\u00a0<strong>dise\u00f1o n\u00f3rdico b\u00e1sico\u00a0<\/strong>y un inter\u00e9s por la expresi\u00f3n imaginativa. Cada portaflor es un objeto \u00fanico, creado para realzar sus creaciones florales, no para sustituirlas.<\/p>\n<ul>\n<li><strong>Formas geom\u00e9tricas creativas:\u00a0<\/strong>Deja atr\u00e1s el tubo c\u00edndrico. Nuestros estilos exploran un mundo de\u00a0<strong>tipos geom\u00e9tricos innovadores\u00a0<\/strong>- arcos, ondas, formas rectangulares facetadas y formas asim\u00e9tricas. Estas formas crean inter\u00e9s est\u00e9tico y l\u00edneas vibrantes, transformando un ramo sencillo en una obra maestra escult\u00f3rica. Este inherente\u00a0<strong>sentido imaginativo\u00a0<\/strong>hace de cada portaflores un art\u00edculo atractivo por s\u00ed mismo.<\/li>\n<li><strong>Una combinaci\u00f3n de colorantes alimentarios azucarados:\u00a0<\/strong>Mientras que el cristal claro es un cl\u00e1sico atemporal, nuestro esquema curado de\u00a0<strong>tonos maravillosos y con clase\u00a0<\/strong>a\u00f1ade una capa de calor e individualidad. Asuma rosas suaves al ras, salvia apacible amiga del ambiente y grises ahumados avanzados. Estos tonos se eligen a conciencia para armonizar con las modas modernas de interior y una amplia gama de esquemas florales.<\/li>\n<li><strong>El toque decorativo perfecto:\u00a0<\/strong>Ya est\u00e9n solos o llenos de flores, nuestros portaflores realzan cualquier espacio. Se convierten en el\u00a0<strong>florero ornamental en el alf\u00e9izar de la ventana\u00a0<\/strong>, ...captando la luz del atardecer. A\u00f1aden un toque de elegancia contempor\u00e1nea a una\u00a0<strong>una copa de vino armario o mesa de comedor punto focal\u00a0<\/strong>. Situado en un\u00a0<strong>terraza, repisa de la chimenea o en una florister\u00eda experta presente\u00a0<\/strong>, Adem\u00e1s, incluyen un toque de romanticismo y estilo refinado, demostrando que los productos de florister\u00eda \u00fatiles tambi\u00e9n pueden ser de dise\u00f1o de primera calidad.<\/li>\n<\/ul>\n<h4 id=\"-section-3-the-ultimate-in-personalization-your-vision-our-knowledge-\"><strong>Secci\u00f3n 3: Lo \u00faltimo en personalizaci\u00f3n: su visi\u00f3n, nuestro conocimiento\u00a0<\/strong>.<\/h4>\n<p>Aqu\u00ed es donde le animamos a que acabe siendo el dise\u00f1ador. Nuestro programa de venta al por mayor al por mayor se desarrolla en torno a una profunda dedicaci\u00f3n a la modificaci\u00f3n, lo que le permite crear un producto que es exclusivamente suyo y perfectamente alineado con el nombre de su marca o evento.<\/p>\n<ul>\n<li><strong>1. Capacidades a medida y tama\u00f1os flexibles:\u00a0<\/strong>. No hay 2 proyectos que coincidan, y sus portaflores tampoco deber\u00edan hacerlo. Ofrecemos un control total sobre las dimensiones.\u00a0<strong>Personalice especificaciones como la altura (desde unos delicados 10 cm hasta unos considerables 50 cm), el di\u00e1metro y el grosor de las paredes\u00a0<\/strong>para satisfacer sus necesidades concretas. Imagine una serie de jarrones altos y delgados para sofisticados tallos solitarios en una gala, o recipientes reducidos y anchos para fastuosos centros de mesa en una fiesta de boda. Podemos producir seg\u00fan sus especificaciones exactas.<\/li>\n<li><strong>2. Color exclusivo y consistencia de marca:\u00a0<\/strong>. La sombra es el coraz\u00f3n de una marca y el coraz\u00f3n de un tema. Con nuestra personalizaci\u00f3n, la sombra no tiene l\u00edmites.\u00a0<strong>Asistencia para la correspondencia de n\u00fameros de color Pantone\u00a0<\/strong>garantiza que sus portaflores encajen a la perfecci\u00f3n con su marca corporativa, el esquema de su boda o su sistema de decoraci\u00f3n de interiores. Vaya a\u00fan m\u00e1s lejos con nuestros\u00a0<strong>remedios de empalme bicolor\u00a0<\/strong>, combinando libremente los colores para crear resultados espectaculares y bicrom\u00e1ticos dif\u00edciles de encontrar en el mercado.<\/li>\n<li><strong>3. Forma ingeniosa e identificaci\u00f3n de marca:\u00a0<\/strong>. Deje su huella con un formulario que informe de su historia. Podemos ayudarle\u00a0<strong>desarrollar estilos de contenedor personalizados\u00a0<\/strong>. Jarrones con leve\u00a0<strong>patrones ondulados\u00a0<\/strong>que estimulan una sensaci\u00f3n de calma, o aguda,\u00a0<strong>facetado reductor\u00a0<\/strong>que juega con la luz como una piedra preciosa tallada. Lo m\u00e1s incre\u00edble es que podemos desarrollar moho y\u00a0<strong>dise\u00f1os de logotipos en relieve\u00a0<\/strong>, Incorpore de forma permanente y elegante la identificaci\u00f3n de su marca directamente en el propio jarr\u00f3n. Es la cima del regalo de empresa personalizado y de la decoraci\u00f3n de alta calidad.<\/li>\n<li><strong>4. Funcionalidad ampliada y valor a\u00f1adido:\u00a0<\/strong>. Nuestro proceso de dise\u00f1o tiene en cuenta tanto la forma como las caracter\u00edsticas. Podemos\u00a0<strong>a\u00f1adir dise\u00f1os de valor a\u00f1adido\u00a0<\/strong>para impulsar la experiencia del cliente y producir un elemento \u201cwow\u201d. Esto incluye:.<\/li>\n<li><strong>Bases estancas:\u00a0<\/strong>Dise\u00f1ado para la satisfacci\u00f3n total.<\/li>\n<li><strong>Tiras de luz LED integradas:\u00a0<\/strong>Transforme sus arreglos en montajes iluminados, ideales para ocasiones nocturnas o para crear una iluminaci\u00f3n ambiental.<\/li>\n<li><strong>Marcos colgantes:\u00a0<\/strong>Estilice los portaflores para suspenderlos y cree exhibiciones de flores flotantes impresionantes y \u00fanicas.<\/li>\n<\/ul>\n<p><a href=\"https:\/\/customacrylicproduct.com\/es\/custom-acrylic-crafts\/\"><img decoding=\"async\" class=\"aligncenter wp-image-694 size-full\" src=\"https:\/\/customacrylicproduct.com\/wp-content\/uploads\/2025\/07\/Acrylic-Vases-2.jpg\" alt=\"Floreros acr\u00edlicos\" width=\"800\" height=\"800\" srcset=\"https:\/\/customacrylicproduct.com\/wp-content\/uploads\/2025\/07\/Acrylic-Vases-2.jpg 800w, https:\/\/customacrylicproduct.com\/wp-content\/uploads\/2025\/07\/Acrylic-Vases-2-300x300.jpg 300w, https:\/\/customacrylicproduct.com\/wp-content\/uploads\/2025\/07\/Acrylic-Vases-2-150x150.jpg 150w, https:\/\/customacrylicproduct.com\/wp-content\/uploads\/2025\/07\/Acrylic-Vases-2-768x768.jpg 768w, https:\/\/customacrylicproduct.com\/wp-content\/uploads\/2025\/07\/Acrylic-Vases-2-12x12.jpg 12w, https:\/\/customacrylicproduct.com\/wp-content\/uploads\/2025\/07\/Acrylic-Vases-2-600x600.jpg 600w, https:\/\/customacrylicproduct.com\/wp-content\/uploads\/2025\/07\/Acrylic-Vases-2-100x100.jpg 100w\" sizes=\"(max-width: 800px) 100vw, 800px\" \/><\/a><\/p>\n<h4 id=\"-area-4-scenario-based-application-bringing-your-ideas-to-life-\"><strong>\u00c1mbito 4: Aplicaci\u00f3n basada en escenarios - Dar vida a sus ideas\u00a0<\/strong>.<\/h4>\n<p>Nuestra <a href=\"https:\/\/customacrylicproduct.com\/es\/custom-acrylic-crafts\/\">jarrones acr\u00edlicos personalizados<\/a> no son s\u00f3lo art\u00edculos; son opciones. A continuaci\u00f3n es exactamente c\u00f3mo proporcionan un valor excepcional a lo largo de diferentes situaciones:.<\/p>\n<ul>\n<li><strong>Crear ambientes extraordinarios:\u00a0<\/strong>.<\/li>\n<li><strong>La zona de estar de estilo n\u00f3rdico:\u00a0<\/strong>Imag\u00ednese la casa de un cliente mejorada con uno de sus planes. A\u00a0<strong>portaflores acr\u00edlico rosa y transparente entrelazado\u00a0<\/strong>sostener tulipanes frescos eleva instant\u00e1neamente la habitaci\u00f3n, potenciando la sensaci\u00f3n de calidez y refinamiento actual.<\/li>\n<li><strong>La exposici\u00f3n o galer\u00eda de arte:\u00a0<\/strong>Vaya m\u00e1s all\u00e1 de los stands tradicionales. En\u00a0<strong>conjunto de portaflores transparentes y facetados\u00a0<\/strong>de distintas elevaciones pueden utilizarse para crear una configuraci\u00f3n envolvente de luz y oscuridad, conectando con la iluminaci\u00f3n de la galer\u00eda para convertirse en parte del propio arte.<\/li>\n<li><strong>Trabajar como un potente proveedor de servicios visuales de marca:\u00a0<\/strong>.<\/li>\n<li><strong>Regalos de empresa y lugares de trabajo:\u00a0<\/strong>Pague una tirada de portaflores con su\u00a0<strong>dise\u00f1o del logotipo de la empresa sutilmente en relieve\u00a0<\/strong>en el lateral. Con una configuraci\u00f3n b\u00e1sica y elegante, se convierte en un regalo de empresa de primera calidad que permanece en la mesa del cliente mucho despu\u00e9s de que las flores se hayan decolorado, funcionando como un indicador de marca constante.<\/li>\n<li><strong>Comercio minorista y hosteler\u00eda:\u00a0<\/strong>Utilice\u00a0<strong>portaflores fluorescentes o del color de la marca\u00a0<\/strong>en sus tiendas o vest\u00edbulos de hotel para presentar productos o flores frescas. Esto desarrolla una identificaci\u00f3n visual cohesiva y poderosa que impulsa el reconocimiento de la marca y desarrolla una experiencia inolvidable para el cliente.<\/li>\n<li><strong>Imbuir a los productos de un estilo emocional:\u00a0<\/strong>.<\/li>\n<li><strong>Bodas y aniversarios:\u00a0<\/strong>Un dise\u00f1ador floral puede prestar un servicio realmente superior encargando portaflores con los colores exclusivos de la pareja para el evento nupcial. Para un aniversario de boda,\u00a0<strong>haga a medida un portaflores con un color \u00fanico a juego\u00a0<\/strong>de su d\u00eda especial, dotando al producto de un profundo valor emocional y convirtiendo un regalo atractivo en un preciado recuerdo.<\/li>\n<\/ul>\n<p><a href=\"https:\/\/customacrylicproduct.com\/es\/acrylic-vases-customization-for-florist-use-bulk-wholesale\/\"><img decoding=\"async\" class=\"wp-image-695 size-full aligncenter\" src=\"https:\/\/customacrylicproduct.com\/wp-content\/uploads\/2025\/07\/Acrylic-Vases-3.jpg\" alt=\"Jarrones acr\u00edlicos\" width=\"800\" height=\"800\" srcset=\"https:\/\/customacrylicproduct.com\/wp-content\/uploads\/2025\/07\/Acrylic-Vases-3.jpg 800w, https:\/\/customacrylicproduct.com\/wp-content\/uploads\/2025\/07\/Acrylic-Vases-3-300x300.jpg 300w, https:\/\/customacrylicproduct.com\/wp-content\/uploads\/2025\/07\/Acrylic-Vases-3-150x150.jpg 150w, https:\/\/customacrylicproduct.com\/wp-content\/uploads\/2025\/07\/Acrylic-Vases-3-768x768.jpg 768w, https:\/\/customacrylicproduct.com\/wp-content\/uploads\/2025\/07\/Acrylic-Vases-3-12x12.jpg 12w, https:\/\/customacrylicproduct.com\/wp-content\/uploads\/2025\/07\/Acrylic-Vases-3-600x600.jpg 600w, https:\/\/customacrylicproduct.com\/wp-content\/uploads\/2025\/07\/Acrylic-Vases-3-100x100.jpg 100w\" sizes=\"(max-width: 800px) 100vw, 800px\" \/><\/a><\/p>\n<h4 id=\"-area-5-the-perfect-gift-the-smartest-collaboration-\"><strong>\u00c1mbito 5: El regalo perfecto y la colaboraci\u00f3n m\u00e1s inteligente\u00a0<\/strong>.<\/h4>\n<p>Como elemento independiente, este\u00a0<strong>un jarr\u00f3n adorable y especial hace que el montaje de flores sea sencillo y divertido\u00a0<\/strong>, siendo un regalo perfecto para cualquier tipo de celebraci\u00f3n:\u00a0<strong>Cumplea\u00f1os, aniversarios, inauguraci\u00f3n de una casa, bodas, d\u00eda de la madre, Navidad o Acci\u00f3n de Gracias.\u00a0<\/strong>.<\/p>\n<p>A nuestros socios mayoristas les ofrecemos algo m\u00e1s que un art\u00edculo. Ofrecemos una colaboraci\u00f3n. Al elegirnos como proveedor, tendr\u00e1 acceso a precios directos de f\u00e1brica, un riguroso control de calidad y un equipo dedicado a dar vida a sus proyectos creativos m\u00e1s ambiciosos.<\/p>\n<p>Deje de elegir la media. Eleve su virtuosismo, mejore su marca y emocione a sus clientes con portaflores acr\u00edlicos personalizados que sean tan \u00fanicos, duraderos y bellos como sus dise\u00f1os.<\/p>\n<p><strong>P\u00f3ngase en contacto con nosotros hoy mismo para hablar de su proyecto, solicitar un presupuesto e iniciar el proceso de creaci\u00f3n de su l\u00ednea \u00fanica de productos. <a href=\"https:\/\/customacrylicproduct.com\/es\/acrylic-vases-customization-for-florist-use-bulk-wholesale\/\">jarrones acr\u00edlicos.\u00a0<\/a><\/strong>.<\/p>","protected":false},"excerpt":{"rendered":"<p>Eleve sus dise\u00f1os florales con nuestros jarrones acr\u00edlicos personalizados. Una opci\u00f3n moderna, duradera y resistente a roturas para floristas profesionales. Ofrecemos precios al por mayor y personalizaci\u00f3n de logotipos para que sus arreglos destaquen. Perfectos para eventos y tiendas.<\/p>","protected":false},"featured_media":697,"template":"","meta":{"_kad_post_transparent":"default","_kad_post_title":"","_kad_post_layout":"default","_kad_post_sidebar_id":"","_kad_post_content_style":"default","_kad_post_vertical_padding":"default","_kad_post_feature":"","_kad_post_feature_position":"","_kad_post_header":false,"_kad_post_footer":false,"_kad_post_classname":""},"product_brand":[],"product_cat":[20],"product_tag":[66,64,65],"class_list":{"0":"post-693","1":"product","2":"type-product","3":"status-publish","4":"has-post-thumbnail","6":"product_cat-custom-acrylic-crafts","7":"product_tag-acrylic-flower-vase","8":"product_tag-acrylic-vases","9":"product_tag-custom-acrylic-crafts","11":"first","12":"instock","13":"shipping-taxable","14":"product-type-simple","15":"entry","16":"content-bg","17":"loop-entry"},"_links":{"self":[{"href":"https:\/\/customacrylicproduct.com\/es\/wp-json\/wp\/v2\/product\/693","targetHints":{"allow":["GET"]}}],"collection":[{"href":"https:\/\/customacrylicproduct.com\/es\/wp-json\/wp\/v2\/product"}],"about":[{"href":"https:\/\/customacrylicproduct.com\/es\/wp-json\/wp\/v2\/types\/product"}],"wp:featuredmedia":[{"embeddable":true,"href":"https:\/\/customacrylicproduct.com\/es\/wp-json\/wp\/v2\/media\/697"}],"wp:attachment":[{"href":"https:\/\/customacrylicproduct.com\/es\/wp-json\/wp\/v2\/media?parent=693"}],"wp:term":[{"taxonomy":"product_brand","embeddable":true,"href":"https:\/\/customacrylicproduct.com\/es\/wp-json\/wp\/v2\/product_brand?post=693"},{"taxonomy":"product_cat","embeddable":true,"href":"https:\/\/customacrylicproduct.com\/es\/wp-json\/wp\/v2\/product_cat?post=693"},{"taxonomy":"product_tag","embeddable":true,"href":"https:\/\/customacrylicproduct.com\/es\/wp-json\/wp\/v2\/product_tag?post=693"}],"curies":[{"name":"wp","href":"https:\/\/api.w.org\/{rel}","templated":true}]}}