{"id":710,"date":"2025-07-07T09:30:09","date_gmt":"2025-07-07T09:30:09","guid":{"rendered":"https:\/\/customacrylicproduct.com\/?post_type=product&#038;p=710"},"modified":"2025-07-07T10:01:53","modified_gmt":"2025-07-07T10:01:53","slug":"custom-size-acrylic-pet-house-suppliers-acrylic-furnitures","status":"publish","type":"product","link":"https:\/\/customacrylicproduct.com\/es\/custom-size-acrylic-pet-house-suppliers-acrylic-furnitures\/","title":{"rendered":"Tama\u00f1o personalizado Casa de acr\u00edlico para mascotas Proveedores Muebles de acr\u00edlico"},"content":{"rendered":"<h3 id=\"-title-the-ultimate-sanctuary-discover-our-custom-size-polymer-pet-dog-houses-bespoke-acrylic-furnishings-\"><strong>T\u00edtulo: The Ultimate Sanctuary: Descubra nuestras casetas para perros de pol\u00edmero a medida y nuestro mobiliario acr\u00edlico personalizado\u00a0<\/strong>.<\/h3>\n<p>En el hogar de hoy en d\u00eda, nuestros animales son apreciados miembros de la familia. Buscamos darles una comodidad, seguridad y felicidad milagrosas. Sin embargo, para las personas preocupadas por el dise\u00f1o, surge un problema com\u00fan: \u00bfc\u00f3mo incorporar dispositivos vitales para mascotas sin poner en peligro la honestidad est\u00e9tica de su espacio vital? Las tradicionales camas y jaulas para mascotas suelen ser inc\u00f3modas, antiest\u00e9ticas y se topan con interiores cuidadosamente decorados.<\/p>\n<p>Creemos que la opci\u00f3n depende de una suave mezcla de tipo, funci\u00f3n y amor. Como proveedores y dise\u00f1adores de primer orden, presentamos nuestra colecci\u00f3n de\u00a0<a href=\"https:\/\/customacrylicproduct.com\/es\/custom-size-acrylic-pet-house-suppliers-acrylic-furnitures\/\"><strong>Casetas para perros de pol\u00edmero de dimensiones personalizadas\u00a0<\/strong>-<\/a>- la respuesta definitiva tanto para propietarios de animales cr\u00edticos como para expertos en dise\u00f1o. No son meros recintos; son declaraciones arquitect\u00f3nicas, entornos a medida y refugios claros dise\u00f1ados para celebrar a su animal y potenciar su hogar.<\/p>\n<p>M\u00e1s all\u00e1 del estilo centrado en las mascotas, nuestros conocimientos abarcan toda una variedad de\u00a0<strong>Mobiliario de pol\u00edmero\u00a0<\/strong>, y nos permite ser su \u00fanico aliado para crear estancias cohesionadas, modernas y luminosas.<\/p>\n<p><a href=\"https:\/\/customacrylicproduct.com\/es\/custom-size-acrylic-pet-house-suppliers-acrylic-furnitures\/\"><img fetchpriority=\"high\" decoding=\"async\" class=\"aligncenter wp-image-713 size-full\" src=\"https:\/\/customacrylicproduct.com\/wp-content\/uploads\/2025\/07\/Acrylic-Pet-House-3.jpg\" alt=\"Casa acr\u00edlica para mascotas\" width=\"800\" height=\"800\" srcset=\"https:\/\/customacrylicproduct.com\/wp-content\/uploads\/2025\/07\/Acrylic-Pet-House-3.jpg 800w, https:\/\/customacrylicproduct.com\/wp-content\/uploads\/2025\/07\/Acrylic-Pet-House-3-300x300.jpg 300w, https:\/\/customacrylicproduct.com\/wp-content\/uploads\/2025\/07\/Acrylic-Pet-House-3-150x150.jpg 150w, https:\/\/customacrylicproduct.com\/wp-content\/uploads\/2025\/07\/Acrylic-Pet-House-3-768x768.jpg 768w, https:\/\/customacrylicproduct.com\/wp-content\/uploads\/2025\/07\/Acrylic-Pet-House-3-12x12.jpg 12w, https:\/\/customacrylicproduct.com\/wp-content\/uploads\/2025\/07\/Acrylic-Pet-House-3-600x600.jpg 600w, https:\/\/customacrylicproduct.com\/wp-content\/uploads\/2025\/07\/Acrylic-Pet-House-3-100x100.jpg 100w\" sizes=\"(max-width: 800px) 100vw, 800px\" \/><\/a><\/p>\n<h3 id=\"-the-material-of-option-the-unmatched-benefits-of-acrylic-\"><strong>El Material de Opci\u00f3n: Las incomparables ventajas del acr\u00edlico\u00a0<\/strong>.<\/h3>\n<p>Nuestro viaje comienza con la opci\u00f3n del producto perfecto. Utilizamos exclusivamente acr\u00edlico de primera calidad por su especial combinaci\u00f3n de atractivo y resistencia, que proporciona un ambiente superior a su mascota.<\/p>\n<ul>\n<li><strong>Alta apertura sin igual:\u00a0<\/strong>Imag\u00ednese una ventana cristalina al mundo de su mascota. Nuestras casas acr\u00edlicas para mascotas tienen una calidad similar al cristal y le ofrecen una vista de 360 grados sin obst\u00e1culos de su amigo. Observe sus animadas travesuras, sus relajados descansos y sus rutinas diarias desde cualquier \u00e1ngulo. Esta visibilidad total crea un v\u00ednculo m\u00e1s profundo y fomenta la felicidad y la comunicaci\u00f3n de tener una mascota, haci\u00e9ndole sentir m\u00e1s cerca de ella tambi\u00e9n cuando est\u00e1 en su habitaci\u00f3n personal.<\/li>\n<li><strong>S\u00f3lido, robusto y resistente:\u00a0<\/strong>La vida con las mascotas de la familia tiene mucho de alegre, lo que ocasionalmente puede dar lugar a golpes y ca\u00eddas. Nuestro material acr\u00edlico est\u00e1 dise\u00f1ado para ser fuerte y resistente a las influencias. A diferencia del cristal que se rompe o de la madera que se mastica con facilidad, soporta las tareas cotidianas de las mascotas, desde los saltos de un gato hasta los empujones de un perro. Esta resistencia garantiza un hogar seguro, estable y duradero, d\u00e1ndole la satisfacci\u00f3n de que su inversi\u00f3n proporciona un santuario seguro durante muchos a\u00f1os.<\/li>\n<li><strong>F\u00e1cilmente ligero y m\u00f3vil:\u00a0<\/strong>A pesar de su resistencia, el pol\u00edmero es extraordinariamente ligero. Este pr\u00e1ctico atributo le proporciona total flexibilidad para reorganizar la casa de su mascota con facilidad. Trasl\u00e1dela a un lugar m\u00e1s soleado junto a la ventana de casa por la ma\u00f1ana temprano, c\u00e1mbiela al sal\u00f3n para pasar el tiempo en casa por la noche o ll\u00e9vela a un patio protegido. Esta movilidad garantiza que su mascota pueda estar siempre en acci\u00f3n, sin el estr\u00e9s de tener que trasladar muebles pesados.<\/li>\n<li><strong>Protecci\u00f3n medioambiental y seguridad garantizadas:\u00a0<\/strong>La salud y el bienestar de su animal son nuestra principal preocupaci\u00f3n. S\u00f3lo utilizamos pol\u00edmeros de alta calidad, seguros e inodoros que no suponen ning\u00fan riesgo para la salud. Desprovistas de productos qu\u00edmicos nocivos o sustancias naturales vol\u00e1tiles (VOC), nuestras residencias para animales proporcionan la defensa m\u00e1s \u00edntima y segura, permiti\u00e9ndole estar seguro de que su querido animal vive y juega en un ambiente puro y saludable.<\/li>\n<li><strong>Sorprendentemente f\u00e1cil de limpiar:\u00a0<\/strong>Un hogar ordenado es un hogar satisfecho tanto para usted como para su animal. La superficie lisa y no porosa del acr\u00edlico facilita enormemente la limpieza. Los derrames, la suciedad y el pelo pueden limpiarse en segundos con un pa\u00f1o h\u00famedo y jab\u00f3n moderado. Este sencillo mantenimiento garantiza que pueda mantener r\u00e1pidamente un espacio excelente e higi\u00e9nico, publicitando el bienestar de su mascota.<\/li>\n<\/ul>\n<p><a href=\"https:\/\/customacrylicproduct.com\/es\/custom-size-acrylic-pet-house-suppliers-acrylic-furnitures\/\"><img decoding=\"async\" class=\"aligncenter wp-image-711 size-full\" src=\"https:\/\/customacrylicproduct.com\/wp-content\/uploads\/2025\/07\/Acrylic-Pet-House-1.jpg\" alt=\"Casa acr\u00edlica para mascotas\" width=\"800\" height=\"800\" srcset=\"https:\/\/customacrylicproduct.com\/wp-content\/uploads\/2025\/07\/Acrylic-Pet-House-1.jpg 800w, https:\/\/customacrylicproduct.com\/wp-content\/uploads\/2025\/07\/Acrylic-Pet-House-1-300x300.jpg 300w, https:\/\/customacrylicproduct.com\/wp-content\/uploads\/2025\/07\/Acrylic-Pet-House-1-150x150.jpg 150w, https:\/\/customacrylicproduct.com\/wp-content\/uploads\/2025\/07\/Acrylic-Pet-House-1-768x768.jpg 768w, https:\/\/customacrylicproduct.com\/wp-content\/uploads\/2025\/07\/Acrylic-Pet-House-1-12x12.jpg 12w, https:\/\/customacrylicproduct.com\/wp-content\/uploads\/2025\/07\/Acrylic-Pet-House-1-600x600.jpg 600w, https:\/\/customacrylicproduct.com\/wp-content\/uploads\/2025\/07\/Acrylic-Pet-House-1-100x100.jpg 100w\" sizes=\"(max-width: 800px) 100vw, 800px\" \/><\/a><\/p>\n<h3 id=\"-the-art-of-customization-style-and-customization-without-limits-\"><strong>El arte de la personalizaci\u00f3n: Estilo y personalizaci\u00f3n sin l\u00edmites\u00a0<\/strong>.<\/h3>\n<p>Un m\u00e9todo de \u201ctalla \u00fanica\u201d simplemente no beneficia a nuestros distintos animales ni a nuestros hogares individuales. Por eso la modificaci\u00f3n es la piedra angular de nuestro punto de vista. Colaboramos con usted para crear un hogar que sea una representaci\u00f3n real de las necesidades de su animal y de su estilo personal.<\/p>\n<ul>\n<li><strong>Personalizaci\u00f3n de tallas a medida:\u00a0<\/strong>Desde un peque\u00f1o h\u00e1mster o una fr\u00e1gil chinchilla hasta un regio Maine Coon o un alegre Golden Retriever, todos los animales merecen un espacio que se adapte a ellos a la perfecci\u00f3n. Personalizamos las medidas del hogar para mascotas seg\u00fan el tipo de detalle, el tama\u00f1o y la etapa de vida de su animal. Esto garantiza que tengan espacio suficiente para estirarse, levantarse, darse la vuelta y moverse con facilidad sin sentirse confinados, lo que favorece tanto su comodidad f\u00edsica como su salud mental.<\/li>\n<li><strong>Personalizaci\u00f3n Formativa Imaginativa:\u00a0<\/strong>Libre de da\u00f1os de la caja aburrida. La residencia de su mascota puede ser una pieza central escult\u00f3rica. Podemos dise\u00f1ar y fabricar una selecci\u00f3n de formas distintas, desde cuadrados y c\u00edrculos elegantes y minimalistas hasta caprichosos castillos, c\u00f3modas caba\u00f1as de madera o maravillas geom\u00e9tricas. El hogar para mascotas pasa de ser un simple producto utilitario a un objeto de arte decorativo que estimula la conversaci\u00f3n y potencia la personalidad de su hogar.<\/li>\n<li><strong>Personalizaci\u00f3n de colores vivos:\u00a0<\/strong>Aunque el acr\u00edlico transparente tradicional es eternamente elegante, el color incluye otra capa de individualidad. Elija entre una enorme combinaci\u00f3n que combine con el dise\u00f1o de su hogar o con la personalidad de su perro. Seleccione un azul fresco o un rosa suave para una sensaci\u00f3n juguetona, un beige acogedor o un marr\u00f3n abundante para un tono natural, o un blanco o negro elegante para una declaraci\u00f3n audaz y moderna. La elecci\u00f3n del color ideal permite que la caseta para mascotas se integre a la perfecci\u00f3n en su sistema de distribuci\u00f3n.<\/li>\n<li><strong>Personalizaci\u00f3n inteligente de funciones:\u00a0<\/strong>Dise\u00f1amos exactamente como las mascotas\u00a0<em>en directo\u00a0<\/em>. Sobre la base de sus pr\u00e1cticas naturales, podemos integrar una gran cantidad de caracter\u00edsticas \u00fatiles. Para un amigo felino, esto podr\u00eda implicar sistemas multinivel para trepar y un poste de sisal incorporado. Para un amigo canino, podemos crear zonas dedicadas para colocar dispensadores autom\u00e1ticos de agua y comederos. Para animales m\u00e1s peque\u00f1os, como los h\u00e1msters, podemos integrar ruedas para correr, t\u00faneles y toboganes. Estas pr\u00e1cticas adiciones convierten una simple casa en un h\u00e1bitat completo y mejorable.<\/li>\n<\/ul>\n<p><a href=\"https:\/\/customacrylicproduct.com\/es\/custom-acrylic-furnitures\/\"><img decoding=\"async\" class=\"aligncenter wp-image-714 size-full\" src=\"https:\/\/customacrylicproduct.com\/wp-content\/uploads\/2025\/07\/Acrylic-Pet-House.jpg\" alt=\"Casa acr\u00edlica para mascotas\" width=\"800\" height=\"800\" srcset=\"https:\/\/customacrylicproduct.com\/wp-content\/uploads\/2025\/07\/Acrylic-Pet-House.jpg 800w, https:\/\/customacrylicproduct.com\/wp-content\/uploads\/2025\/07\/Acrylic-Pet-House-300x300.jpg 300w, https:\/\/customacrylicproduct.com\/wp-content\/uploads\/2025\/07\/Acrylic-Pet-House-150x150.jpg 150w, https:\/\/customacrylicproduct.com\/wp-content\/uploads\/2025\/07\/Acrylic-Pet-House-768x768.jpg 768w, https:\/\/customacrylicproduct.com\/wp-content\/uploads\/2025\/07\/Acrylic-Pet-House-12x12.jpg 12w, https:\/\/customacrylicproduct.com\/wp-content\/uploads\/2025\/07\/Acrylic-Pet-House-600x600.jpg 600w, https:\/\/customacrylicproduct.com\/wp-content\/uploads\/2025\/07\/Acrylic-Pet-House-100x100.jpg 100w\" sizes=\"(max-width: 800px) 100vw, 800px\" \/><\/a><\/p>\n<h3 id=\"-a-home-within-a-home-thoughtful-space-layout-\"><strong>Un hogar dentro de otro hogar: distribuci\u00f3n inteligente del espacio\u00a0<\/strong>.<\/h3>\n<p>Una casa bien dise\u00f1ada es algo m\u00e1s que cuatro superficies de pared; tiene que ver con la creaci\u00f3n de zonas para distintas actividades. Aplicamos este principio a nuestras residencias de animales para lograr un confort y una funcionalidad \u00f3ptimos.<\/p>\n<ol>\n<li><strong>La zona de relax:\u00a0<\/strong>Un espacio tranquilo y relajante para el sue\u00f1o profundo y el ocio. Esta zona puede hacerse m\u00e1s remota, y recomendamos incluir revestimientos o recubrimientos blandos en el suelo para crear una zona seductora similar a una guarida.<\/li>\n<li><strong>Ubicaci\u00f3n de la tarea:\u00a0<\/strong>Una zona abierta y amplia para el juego y el movimiento. En el caso de los animales dom\u00e9sticos m\u00e1s activos, podemos equipar esta zona con juguetes y barreras para que participen, se diviertan y se mantengan sanos y equilibrados.<\/li>\n<li><strong>El \u00e1rea de la dieta:\u00a0<\/strong>Una zona asignada para los comederos y bebederos, manteniendo la hora de comer ordenada y separada de los dem\u00e1s lugares. Esto ayuda a cultivar buenas pr\u00e1cticas de consumo y a mantener la salud en general.<\/li>\n<li><strong>La ubicaci\u00f3n de Commode:\u00a0<\/strong>Para las mascotas de la familia que lo requieran, se puede integrar un lugar para hacer sus necesidades, desarrollado para alojar almohadillas para cachorros, una lata o un inodoro para animales. Esto ayuda al adiestramiento en casa y mantiene ordenado el espacio vital principal.<\/li>\n<\/ol>\n<h3 id=\"-quality-in-the-details-where-security-and-craftsmanship-meet-\"><strong>Calidad en los detalles: Donde confluyen seguridad y artesan\u00eda\u00a0<\/strong>.<\/h3>\n<p>El verdadero lujo y la m\u00e1xima calidad se encuentran en los detalles. Mejoramos diligentemente cada faceta de nuestros estilos para garantizar una seguridad, un beneficio y un atractivo \u00f3ptimos.<\/p>\n<ul>\n<li><strong>Flujo de aire inteligente:\u00a0<\/strong>Un flujo de aire adecuado es vital. Colocamos las rejillas de ventilaci\u00f3n de forma que garanticen un flujo constante de aire fresco, evitando la congesti\u00f3n y la acumulaci\u00f3n de olores, y creando un ambiente sano y respirable para su animal.<\/li>\n<li><strong>Esquinas redondeadas Safety-First:\u00a0<\/strong>Todos los bordes y aristas est\u00e1n h\u00e1bilmente abrillantados y redondeados. Este atributo cr\u00edtico de seguridad y protecci\u00f3n elimina las puntas afiladas, protegiendo a su mascota de lesiones durante juegos entusiastas o accidentes inesperados.<\/li>\n<li><strong>Puertas y aberturas de c\u00f3moda accesibilidad:\u00a0<\/strong>Las puertas se crean para facilitar la entrada y la salida, y se adaptan perfectamente a su mascota. Podemos integrar atributos como cerraduras o cierres protegidos y sencillos, que le permitir\u00e1n mantener a su mascota segura en el interior cuando sea necesario.<\/li>\n<li><strong>Ventanas interactivas de supervisi\u00f3n:\u00a0<\/strong>Si bien su casa puede estar despejada, podemos crear adicionalmente ventanas dom\u00e9sticas m\u00e1s grandes y con atributos en lugares espec\u00edficos para motivar una interacci\u00f3n m\u00e1s estrecha sin molestar a su perro mascota, reforzando su v\u00ednculo.<\/li>\n<\/ul>\n<h3 id=\"-seamless-assimilation-a-work-of-art-for-your-home-\"><strong>Asimilaci\u00f3n sin fisuras: Una obra de arte para su hogar\u00a0<\/strong>.<\/h3>\n<p>Nuestra <a href=\"https:\/\/customacrylicproduct.com\/es\/custom-size-acrylic-pet-house-suppliers-acrylic-furnitures\/\">casetas acr\u00edlicas personalizadas<\/a> est\u00e1n creados para hacer algo m\u00e1s que albergar a su perro - est\u00e1n creados para complementar su vida.<\/p>\n<ul>\n<li><strong>Versatilidad de dise\u00f1o:\u00a0<\/strong>Tanto si su casa es moderna y minimalista, cl\u00e1sica europea, r\u00fastica de granja o diversa, podemos hacer una casa acr\u00edlica para mascotas que se integre a la perfecci\u00f3n con su est\u00e9tica.<\/li>\n<li><strong>Aplicaci\u00f3n de \u00e1rea inteligente:\u00a0<\/strong>Podemos producir estilos de combinaci\u00f3n arraigados, colgantes o modulares que hagan un uso inteligente de la distribuci\u00f3n de su casa, asegur\u00e1ndonos de que la residencia para mascotas se sienta como una parte incorporada de la arquitectura, no como algo secundario.<\/li>\n<li><strong>Un elemento vivo que respira:\u00a0<\/strong>La naturaleza transparente de su casa aporta un elemento vibrante a su hogar. Ver a su perro mascota lidiar con su d\u00eda a\u00f1ade un soplo de vida, calidez y deleite, terminando siendo un foco principal de coraz\u00f3n para todo el hogar.<\/li>\n<\/ul>\n<h3 id=\"-the-last-embellishment-customized-elements-\"><strong>El \u00faltimo adorno: Elementos personalizados\u00a0<\/strong>.<\/h3>\n<p>H\u00e1galo indiscutiblemente suyo con toques individuales distintivos.<\/p>\n<ul>\n<li><strong>Nombres y marcas grabados:\u00a0<\/strong>Podemos grabar con l\u00e1ser el nombre de su mascota, sus huellas o un logotipo exclusivo directamente sobre el acr\u00edlico, creando as\u00ed una pieza realmente distintiva.<\/li>\n<li><strong>Decoraciones tem\u00e1ticas:\u00a0<\/strong>Deje volar su imaginaci\u00f3n con los estilos tem\u00e1ticos. Desde un estilo marino submarino hasta un bosque encantado, podemos ayudarte a crear un mundo de ensue\u00f1o para tu animal.<\/li>\n<li><strong>Dise\u00f1os exclusivos del propietario:\u00a0<\/strong>Como m\u00e1xima expresi\u00f3n de amor, puede incorporar sus propios conceptos creativos, motivos o iconos directamente al estilo, convirtiendo el hogar de la mascota en una obra maestra especial que narra.<\/li>\n<\/ul>\n<h3 id=\"-your-relied-on-supplier-for-polymer-furnishings-and-beyond-\"><strong>Su proveedor de confianza para mobiliario de pol\u00edmeros y mucho m\u00e1s\u00a0<\/strong>.<\/h3>\n<p>Como conocedor\u00a0<strong><a href=\"https:\/\/customacrylicproduct.com\/es\/custom-size-acrylic-pet-house-suppliers-acrylic-furnitures\/\">Proveedores de mobiliario de pol\u00edmeros<\/a>\u00a0<\/strong>, Nuestras capacidades van mucho m\u00e1s all\u00e1 de las casetas para perros. Somos un compa\u00f1ero de confianza para dise\u00f1adores de interiores, ingenieros, comerciantes y empresas que buscan producciones acr\u00edlicas a medida de alta calidad. Desde estilizadas mesas de centro y elegantes consolas hasta expositores para comercios e instalaciones de dise\u00f1o personalizado, aportamos el mismo compromiso de calidad, estilo y personalizaci\u00f3n a cada tarea.<\/p>\n<p><strong>As\u00f3ciese con nosotros para:\u00a0<\/strong>.<\/p>\n<ul>\n<li>Producci\u00f3n fiable y de gran volumen con un estricto control de calidad.<\/li>\n<li>Opciones a medida para empresas y tareas dom\u00e9sticas.<\/li>\n<li>Un procedimiento de trazado conjunto para dar vida a su visi\u00f3n.<\/li>\n<\/ul>\n<p><strong>P\u00f3ngase en contacto con nosotros hoy mismo para <a href=\"https:\/\/customacrylicproduct.com\/es\/custom-size-acrylic-pet-house-suppliers-acrylic-furnitures\/\">tama\u00f1o personalizado acr\u00edlico animales casa<\/a> que redefine la vida animal, o para hablar de su siguiente proyecto de mobiliario acr\u00edlico a medida. Creemos juntos algo encantador.\u00a0<\/strong>.<\/p>","protected":false},"excerpt":{"rendered":"<p>Como proveedores directos, estamos especializados en crear muebles acr\u00edlicos a medida seg\u00fan sus especificaciones exactas. Tanto si necesita una casa \u00fanica para su mascota, una elegante mesa de centro u otros muebles a medida, le ofrecemos una calidad y un dise\u00f1o excepcionales.<\/p>","protected":false},"featured_media":714,"template":"","meta":{"_kad_post_transparent":"default","_kad_post_title":"","_kad_post_layout":"default","_kad_post_sidebar_id":"","_kad_post_content_style":"default","_kad_post_vertical_padding":"default","_kad_post_feature":"","_kad_post_feature_position":"","_kad_post_header":false,"_kad_post_footer":false,"_kad_post_classname":""},"product_brand":[],"product_cat":[21],"product_tag":[68,69],"class_list":{"0":"post-710","1":"product","2":"type-product","3":"status-publish","4":"has-post-thumbnail","6":"product_cat-custom-acrylic-furnitures","7":"product_tag-acrylic-pet-house","8":"product_tag-custom-acrylic-furnitures","10":"first","11":"instock","12":"shipping-taxable","13":"product-type-simple","14":"entry","15":"content-bg","16":"loop-entry"},"_links":{"self":[{"href":"https:\/\/customacrylicproduct.com\/es\/wp-json\/wp\/v2\/product\/710","targetHints":{"allow":["GET"]}}],"collection":[{"href":"https:\/\/customacrylicproduct.com\/es\/wp-json\/wp\/v2\/product"}],"about":[{"href":"https:\/\/customacrylicproduct.com\/es\/wp-json\/wp\/v2\/types\/product"}],"wp:featuredmedia":[{"embeddable":true,"href":"https:\/\/customacrylicproduct.com\/es\/wp-json\/wp\/v2\/media\/714"}],"wp:attachment":[{"href":"https:\/\/customacrylicproduct.com\/es\/wp-json\/wp\/v2\/media?parent=710"}],"wp:term":[{"taxonomy":"product_brand","embeddable":true,"href":"https:\/\/customacrylicproduct.com\/es\/wp-json\/wp\/v2\/product_brand?post=710"},{"taxonomy":"product_cat","embeddable":true,"href":"https:\/\/customacrylicproduct.com\/es\/wp-json\/wp\/v2\/product_cat?post=710"},{"taxonomy":"product_tag","embeddable":true,"href":"https:\/\/customacrylicproduct.com\/es\/wp-json\/wp\/v2\/product_tag?post=710"}],"curies":[{"name":"wp","href":"https:\/\/api.w.org\/{rel}","templated":true}]}}