{"id":721,"date":"2025-07-07T10:51:32","date_gmt":"2025-07-07T10:51:32","guid":{"rendered":"https:\/\/customacrylicproduct.com\/?post_type=product&#038;p=721"},"modified":"2025-07-07T12:38:24","modified_gmt":"2025-07-07T12:38:24","slug":"personalized-multi-layer-acrylic-display-stands-storage-rack","status":"publish","type":"product","link":"https:\/\/customacrylicproduct.com\/es\/personalized-multi-layer-acrylic-display-stands-storage-rack\/","title":{"rendered":"Expositor acr\u00edlico multicapa personalizado Estante de almacenamiento"},"content":{"rendered":"<h3 id=\"-title-release-your-collection-the-personalized-multi-layer-polymer-show-stand-storage-space-shelf-\"><strong>T\u00edtulo: Libere Su Colecci\u00f3n: La estanter\u00eda personalizada de pol\u00edmero multicapa para exposici\u00f3n y espacio de almacenamiento\u00a0<\/strong>.<\/h3>\n<p>Cada colecci\u00f3n cuenta una historia. Es una historia de pasi\u00f3n, compromiso y el placer de la exploraci\u00f3n. Ya se trate de un ej\u00e9rcito de n\u00fameros cuidadosamente seleccionados, una cuidada selecci\u00f3n de juguetes din\u00e1micos y elegantes, obras de arte en vinilo poco comunes o una preciada gama de cosm\u00e9ticos de lujo, estos productos son algo m\u00e1s que simples objetos: son expansiones de tu personalidad y un testimonio de tus preferencias. Sin embargo, a menudo estos premios se esconden en cajas, se amontonan en estanter\u00edas comunes o se pierden en el desorden de la vida cotidiana.<\/p>\n<p>\u00bfY si pudiera convertir ese desorden en un acontecimiento? \u00bfY si pudieras ofrecer a tu colecci\u00f3n el protagonismo que le corresponde, convirtiendo cualquier rinc\u00f3n de tu casa o de tu tienda en una espectacular exposici\u00f3n al estilo de una galer\u00eda?<\/p>\n<p>Presentamos el mejor servicio para las agencias de cobro y tiendas de gastos m\u00e1s exigentes: el\u00a0<a href=\"https:\/\/customacrylicproduct.com\/es\/personalized-multi-layer-acrylic-display-stands-storage-rack\/\"><strong>Stand de exposici\u00f3n personalizado de pol\u00edmero multicapa\u00a0<\/strong><\/a>. Esto no es simplemente un estante de almacenamiento; es un escenario arquitect\u00f3nico, un sistema modular dise\u00f1ado para la belleza, y un santuario cristalino creado para salvaguardar, organizar y aumentar los art\u00edculos que amas. Deje atr\u00e1s el simple almacenamiento e inicie el arte de la presentaci\u00f3n.<\/p>\n<h3 id=\"-area-1-the-heart-of-the-stand-uncompromising-product-pureness-\"><strong>\u00c1mbito 1: El coraz\u00f3n del stand: la pureza sin concesiones del producto\u00a0<\/strong>.<\/h3>\n<p>La calidad de un expositor empieza por la pureza de sus productos. Hemos seleccionado minuciosamente el mejor acr\u00edlico de alta pureza para garantizar que su colecci\u00f3n se presenta sin compromiso y protegida durante muchos a\u00f1os.<\/p>\n<ul>\n<li><strong>Brillo cristalino:\u00a0<\/strong>Fabricados con acr\u00edlico de alta pureza y calidad de archivo, nuestros soportes proporcionan un paso de luz tan claro y transparente como el cristal. Esta extraordinaria claridad garantiza que cada informaci\u00f3n detallada, cada matiz refinado y cada fr\u00e1gil textura de los objetos presentados se recuperen y se presenten en su forma m\u00e1s genuina. A diferencia de los pl\u00e1sticos de menor calidad, que pueden tener un tinte turbio o azulado, nuestro material permite que la luz pase sin obstrucciones, ba\u00f1ando su colecci\u00f3n con un resplandor luminiscente que realza su encanto est\u00e9tico.<\/li>\n<li><strong>Dise\u00f1ado para durar:\u00a0<\/strong>Un soporte de pantalla debe ser un guardi\u00e1n inquebrantable. Nuestro acr\u00edlico posee una textura fuerte y robusta que es extraordinariamente resistente a las ca\u00eddas y al desgaste diario. Est\u00e1 fabricado para resistir la deformaci\u00f3n o la fractura, manteniendo su belleza incluso bajo el peso de una colecci\u00f3n completa y tras un uso prolongado. Esta robustez proporciona una plataforma estable y protegida en la que puede confiar para albergar sus productos m\u00e1s valiosos.<\/li>\n<li><strong>Una dedicaci\u00f3n a la seguridad y la conservaci\u00f3n:\u00a0<\/strong>Su colecci\u00f3n no tiene precio. Nuestro material acr\u00edlico es totalmente no t\u00f3xico y respetuoso con el medio ambiente, lo que garantiza que nunca da\u00f1ar\u00e1, decolorar\u00e1 o afectar\u00e1 qu\u00edmicamente a sus figuras, juguetes de moda u otros objetos de colecci\u00f3n delicados. Funciona como una barrera neutra y protectora, protegiendo su inversi\u00f3n de elementos inseguros y proporcion\u00e1ndole una seguridad total.<\/li>\n<\/ul>\n<p><a href=\"https:\/\/customacrylicproduct.com\/es\/personalized-multi-layer-acrylic-display-stands-storage-rack\/\"><img fetchpriority=\"high\" decoding=\"async\" class=\"aligncenter wp-image-723 size-full\" src=\"https:\/\/customacrylicproduct.com\/wp-content\/uploads\/2025\/07\/Multi-Layer-Acrylic-Display-Stand-2.jpg\" alt=\"Expositores acr\u00edlicos multicapa\" width=\"800\" height=\"800\" srcset=\"https:\/\/customacrylicproduct.com\/wp-content\/uploads\/2025\/07\/Multi-Layer-Acrylic-Display-Stand-2.jpg 800w, https:\/\/customacrylicproduct.com\/wp-content\/uploads\/2025\/07\/Multi-Layer-Acrylic-Display-Stand-2-300x300.jpg 300w, https:\/\/customacrylicproduct.com\/wp-content\/uploads\/2025\/07\/Multi-Layer-Acrylic-Display-Stand-2-150x150.jpg 150w, https:\/\/customacrylicproduct.com\/wp-content\/uploads\/2025\/07\/Multi-Layer-Acrylic-Display-Stand-2-768x768.jpg 768w, https:\/\/customacrylicproduct.com\/wp-content\/uploads\/2025\/07\/Multi-Layer-Acrylic-Display-Stand-2-12x12.jpg 12w, https:\/\/customacrylicproduct.com\/wp-content\/uploads\/2025\/07\/Multi-Layer-Acrylic-Display-Stand-2-600x600.jpg 600w, https:\/\/customacrylicproduct.com\/wp-content\/uploads\/2025\/07\/Multi-Layer-Acrylic-Display-Stand-2-100x100.jpg 100w\" sizes=\"(max-width: 800px) 100vw, 800px\" \/><\/a><\/p>\n<h3 id=\"-section-2-architectural-liberty-the-genius-of-modular-design-\"><strong>Secci\u00f3n 2: Libertad arquitect\u00f3nica: el genio del dise\u00f1o modular\u00a0<\/strong>.<\/h3>\n<p>Nuestro equipo cree que su expositor debe adaptarse a su colecci\u00f3n, y no al rev\u00e9s. Nuestro estilo inteligente y modular utiliza una versatilidad sin igual, equip\u00e1ndole para crear una pantalla de exposici\u00f3n que se adapte perfectamente a su \u00e1rea y a sus productos.<\/p>\n<ul>\n<li><strong>Su presente, sus pol\u00edticas: El poder de la modularidad:\u00a0<\/strong>Nuestra ingeniosa estructura de empalme modular le libera de las ataduras de los muebles de dise\u00f1o fijo. Le equipa para llegar a ser el dise\u00f1ador de su propia mampara, permiti\u00e9ndole combinar libremente la variedad de capas que necesite y dictar la disposici\u00f3n de cada nivel. Cree una configuraci\u00f3n cuadrada tradicional, una disposici\u00f3n escalonada din\u00e1mica e irregular, o cualquier mezcla que se adapte a su est\u00e9tica. A medida que crezca su colecci\u00f3n, su soporte puede ampliarse con ella: s\u00f3lo tiene que a\u00f1adir m\u00e1s componentes.<\/li>\n<li><strong>Destello vertical: Maximizar el espacio con sofisticaci\u00f3n:\u00a0<\/strong>El estilo multicapa es una opci\u00f3n magistral para ampliar la capacidad de su pantalla sin ocupar un valioso espacio en el suelo. Al desarrollarse verticalmente, puede albergar una colecci\u00f3n importante en un espacio reducido. Podemos dise\u00f1ar racionalmente la altura de cada capa para satisfacer las necesidades espec\u00edficas de exposici\u00f3n de antig\u00fcedades de distintos tama\u00f1os, desde n\u00fameros peque\u00f1os y detallados hasta esculturas altas e imponentes.<\/li>\n<li><strong>Desarrollar el ritmo est\u00e9tico y la medida:\u00a0<\/strong>Reajustando el rango entre las capas, puede desarrollar un magn\u00edfico efecto est\u00e9tico en punta o en niveles. Esto hace algo m\u00e1s que ordenar; desarrolla una sensaci\u00f3n de profundidad y jerarqu\u00eda, dirigiendo la mirada del cliente por toda la colecci\u00f3n. Esta presentaci\u00f3n tridimensional evita el embotamiento visual y convierte un simple grupo de art\u00edculos en una exposici\u00f3n vibrante y atractiva.<\/li>\n<\/ul>\n<h3 id=\"-section-3-the-art-of-the-individual-unmatched-modification-\"><strong>Secci\u00f3n 3: El arte del individuo - Modificaci\u00f3n inigualable\u00a0<\/strong>.<\/h3>\n<p>Aqu\u00ed es donde su visi\u00f3n revive realmente. Para nosotros, \u201cpersonalizado\u201d no es una ocurrencia tard\u00eda, sino el n\u00facleo de nuestro enfoque. Trabajamos con usted para crear un expositor de pantalla que sea un verdadero desarrollo distintivo.<\/p>\n<ul>\n<li><strong>Dimensiones adaptadas con precisi\u00f3n:\u00a0<\/strong>Facil\u00edtenos las dimensiones de su zona -ya sea una estanter\u00eda determinada, una encimera o un local de exposici\u00f3n- y la variedad de objetos de su colecci\u00f3n. Ajustaremos correctamente la longitud, anchura y altura totales del expositor para crear un ajuste ideal y perfecto.<\/li>\n<li><strong>Una combinaci\u00f3n de posibilidades:\u00a0<\/strong>Aunque el dise\u00f1o est\u00e1ndar claro es siempre el preferido por su capacidad para hacer que la colecci\u00f3n sea la protagonista, ofrecemos una variedad de opciones de color para incorporar perfectamente el soporte al estilo de su hogar o tienda.<\/li>\n<li><strong>Acr\u00edlico esmerilado:\u00a0<\/strong>Ofrece un aspecto suave, difuso y contempor\u00e1neo que reduce el brillo e incluye un toque de sutil sofisticaci\u00f3n.<\/li>\n<li><strong>Acr\u00edlico coloreado:\u00a0<\/strong>Elija entre una gama de tonos -desde el blanco o el negro m\u00e1s sobrios hasta los colores m\u00e1s din\u00e1micos- para combinar con su marca o dise\u00f1o de interiores.<\/li>\n<li><strong>El toque de la marca: Inscripci\u00f3n l\u00e1ser personalizada:\u00a0<\/strong>Es la \u00faltima floritura que transforma su expositor de un atractivo mueble en un artefacto personal. Podemos utilizar la inscripci\u00f3n l\u00e1ser de precisi\u00f3n en los bordes, la base o las placas frontales para a\u00f1adir dise\u00f1os de logotipos exclusivos, patrones tem\u00e1ticos, el nombre de su colecci\u00f3n o un d\u00eda considerable. Esto resulta \u00f3ptimo para la creaci\u00f3n de marcas en un entorno minorista o para a\u00f1adir un toque profundamente individual a una colecci\u00f3n dom\u00e9stica.<\/li>\n<\/ul>\n<p><a href=\"https:\/\/customacrylicproduct.com\/es\/personalized-multi-layer-acrylic-display-stands-storage-rack\/\"><img decoding=\"async\" class=\"aligncenter wp-image-724 size-full\" src=\"https:\/\/customacrylicproduct.com\/wp-content\/uploads\/2025\/07\/Multi-Layer-Acrylic-Display-Stand-3.jpg\" alt=\"Expositores acr\u00edlicos multicapa\" width=\"800\" height=\"800\" srcset=\"https:\/\/customacrylicproduct.com\/wp-content\/uploads\/2025\/07\/Multi-Layer-Acrylic-Display-Stand-3.jpg 800w, https:\/\/customacrylicproduct.com\/wp-content\/uploads\/2025\/07\/Multi-Layer-Acrylic-Display-Stand-3-300x300.jpg 300w, https:\/\/customacrylicproduct.com\/wp-content\/uploads\/2025\/07\/Multi-Layer-Acrylic-Display-Stand-3-150x150.jpg 150w, https:\/\/customacrylicproduct.com\/wp-content\/uploads\/2025\/07\/Multi-Layer-Acrylic-Display-Stand-3-768x768.jpg 768w, https:\/\/customacrylicproduct.com\/wp-content\/uploads\/2025\/07\/Multi-Layer-Acrylic-Display-Stand-3-12x12.jpg 12w, https:\/\/customacrylicproduct.com\/wp-content\/uploads\/2025\/07\/Multi-Layer-Acrylic-Display-Stand-3-600x600.jpg 600w, https:\/\/customacrylicproduct.com\/wp-content\/uploads\/2025\/07\/Multi-Layer-Acrylic-Display-Stand-3-100x100.jpg 100w\" sizes=\"(max-width: 800px) 100vw, 800px\" \/><\/a><\/p>\n<h3 id=\"-section-4-the-art-of-presentation-the-unrivaled-show-impact-\"><strong>Secci\u00f3n 4: El arte de la presentaci\u00f3n - El impacto inigualable del espect\u00e1culo\u00a0<\/strong>.<\/h3>\n<p>Un stand bien dise\u00f1ado hace algo m\u00e1s que sostener los productos: los mejora, creando una experiencia para el cliente.<\/p>\n<ul>\n<li><strong>Un teatro redondo:\u00a0<\/strong>La gran transparencia del producto permite apreciar su colecci\u00f3n desde 360 grados, sin \u00e1ngulos muertos. El p\u00fablico puede valorar cada elemento de sus antig\u00fcedades, desde la informaci\u00f3n frontal hasta los complejos dise\u00f1os de la parte posterior y los laterales.<\/li>\n<li><strong>La danza de la luz y la oscuridad:\u00a0<\/strong>Cuando la luz ambiental o la luz dedicada atraviesa el acr\u00edlico cristalino, proyecta elegantes impactos de luz y oscuridad sobre sus art\u00edculos. Esta interacci\u00f3n de la luz a\u00f1ade una sensaci\u00f3n profesional y muse\u00edstica a la pantalla, mejorando sustancialmente la experiencia de compra y haciendo que cada art\u00edculo cobre vida.<\/li>\n<li><strong>Claridad curada: Su propio \u201cpeque\u00f1o sal\u00f3n de actos\u201d:\u00a0<\/strong>El estilo multicapa y dividido es el mejor para la clasificaci\u00f3n. Ordene su colecci\u00f3n por colecci\u00f3n, motivo, m\u00fasico o tono. Esta estrategia clara y bien organizada no s\u00f3lo es est\u00e9ticamente satisfactoria, sino que tambi\u00e9n facilita que los espectadores identifiquen y valoren r\u00e1pidamente las distintas partes de su colecci\u00f3n. Convierte una variedad sencilla en un \u201cpeque\u00f1o sal\u00f3n de eventos\u201d cuidadosamente conservado que cuenta una historia significativa.<\/li>\n<\/ul>\n<h3 id=\"-area-5-from-home-shelter-to-retail-showcase-versatile-circumstances-\"><strong>\u00c1mbito 5: De refugio dom\u00e9stico a escaparate comercial: circunstancias vers\u00e1tiles\u00a0<\/strong>.<\/h3>\n<p>La sofisticaci\u00f3n y versatilidad de nuestros soportes los hacen id\u00f3neos para una amplia variedad de aplicaciones.<\/p>\n<ul>\n<li><strong>Para la agencia de cobro a domicilio:\u00a0<\/strong>Convierta un rinc\u00f3n de su sal\u00f3n, estudio o dormitorio en un dedicado \u201cborde de pantalla de colecci\u00f3n\u201d. Este soporte acaba siendo una honrosa declaraci\u00f3n de su entusiasmo y un espectacular foco principal que exhibe su gusto individual. Es un iniciador de discusiones y una fuente de felicidad diaria mientras aprecia su colecci\u00f3n bellamente arreglada.<\/li>\n<li><strong>Para el vendedor especializado:\u00a0<\/strong>En una jugueter\u00eda de moda, un estudio de n\u00fameros o una tienda, la discusi\u00f3n es fundamental. Nuestros stands sirven de eficaz \u201cvendedor silencioso\u201d. Proporcionan claramente el atractivo y los detalles del producto, atrayendo el inter\u00e9s del cliente y desarrollando una sensaci\u00f3n de calidad y orden para su tienda. Una pantalla de exposici\u00f3n con clase eleva el valor percibido de sus productos y contribuye directamente a mejorar la experiencia del consumidor y a aumentar las ventas.<\/li>\n<\/ul>\n<p><a href=\"https:\/\/customacrylicproduct.com\/es\/custom-acrylic-displays\/\"><img decoding=\"async\" class=\"aligncenter wp-image-722 size-full\" src=\"https:\/\/customacrylicproduct.com\/wp-content\/uploads\/2025\/07\/Multi-Layer-Acrylic-Display-Stand-1.jpg\" alt=\"Expositores acr\u00edlicos multicapa\" width=\"800\" height=\"800\" srcset=\"https:\/\/customacrylicproduct.com\/wp-content\/uploads\/2025\/07\/Multi-Layer-Acrylic-Display-Stand-1.jpg 800w, https:\/\/customacrylicproduct.com\/wp-content\/uploads\/2025\/07\/Multi-Layer-Acrylic-Display-Stand-1-300x300.jpg 300w, https:\/\/customacrylicproduct.com\/wp-content\/uploads\/2025\/07\/Multi-Layer-Acrylic-Display-Stand-1-150x150.jpg 150w, https:\/\/customacrylicproduct.com\/wp-content\/uploads\/2025\/07\/Multi-Layer-Acrylic-Display-Stand-1-768x768.jpg 768w, https:\/\/customacrylicproduct.com\/wp-content\/uploads\/2025\/07\/Multi-Layer-Acrylic-Display-Stand-1-12x12.jpg 12w, https:\/\/customacrylicproduct.com\/wp-content\/uploads\/2025\/07\/Multi-Layer-Acrylic-Display-Stand-1-600x600.jpg 600w, https:\/\/customacrylicproduct.com\/wp-content\/uploads\/2025\/07\/Multi-Layer-Acrylic-Display-Stand-1-100x100.jpg 100w\" sizes=\"(max-width: 800px) 100vw, 800px\" \/><\/a><\/p>\n<h3 id=\"-area-6-simpleness-in-type-and-function-easy-installment-upkeep-\"><strong>\u00c1mbito 6: Simplicidad de tipo y funcionamiento - F\u00e1cil instalaci\u00f3n y mantenimiento\u00a0<\/strong>.<\/h3>\n<p>Creemos que un dise\u00f1o sofisticado debe ir acompa\u00f1ado de una sencillez directa.<\/p>\n<ul>\n<li><strong>Configuraci\u00f3n intuitiva y sin herramientas:\u00a0<\/strong>La estructura modular de empalme se ha desarrollado para una configuraci\u00f3n r\u00e1pida y sencilla. No se requieren herramientas complejas ni habilidades tecnol\u00f3gicas. Siguiendo las sencillas instrucciones, los elementos se unen de forma segura, lo que le permite montar o desmontar su soporte en cuesti\u00f3n de minutos. Esto es excepcionalmente f\u00e1cil para reubicar, limpiar o reconfigurar su pantalla a medida que cambian sus necesidades.<\/li>\n<li><strong>Brillo duradero, cuidado sin esfuerzo:\u00a0<\/strong>Mantener ese aspecto cristalino es sencillo. La superficie acr\u00edlica lisa y no porosa no oculta el polvo. Para el mantenimiento diario, basta con pasar un pa\u00f1o suave y completamente seco para eliminar el polvo y las huellas dactilares. Su soporte permanecer\u00e1 transparente y limpio, garantizando que el efecto de exhibici\u00f3n de su colecci\u00f3n est\u00e9 siempre en Internet y sea siempre notable.<\/li>\n<\/ul>\n<p><strong>Deje de esconder su colecci\u00f3n. Empiece a conmemorarla. Ll\u00e1menos hoy mismo para empezar a dise\u00f1ar su <a href=\"https:\/\/customacrylicproduct.com\/es\/custom-acrylic-displays\/\">expositor acr\u00edlico multicapa<\/a> y producir el sal\u00f3n de eventos especiales que su inter\u00e9s debe tener.\u00a0<\/strong>.<\/p>","protected":false},"excerpt":{"rendered":"<p>Eleve su colecci\u00f3n con un expositor acr\u00edlico multicapa personalizado. Creamos niveles de tama\u00f1o personalizado para exhibir a la perfecci\u00f3n figuras, cosm\u00e9ticos o art\u00edculos de venta al por menor. Consiga un aspecto duradero, moderno y despejado para su hogar o negocio. Dise\u00f1e su estanter\u00eda ideal y solicite un presupuesto hoy mismo.<\/p>","protected":false},"featured_media":726,"template":"","meta":{"_kad_post_transparent":"default","_kad_post_title":"","_kad_post_layout":"default","_kad_post_sidebar_id":"","_kad_post_content_style":"default","_kad_post_vertical_padding":"default","_kad_post_feature":"","_kad_post_feature_position":"","_kad_post_header":false,"_kad_post_footer":false,"_kad_post_classname":""},"product_brand":[],"product_cat":[15],"product_tag":[72,46,71],"class_list":{"0":"post-721","1":"product","2":"type-product","3":"status-publish","4":"has-post-thumbnail","6":"product_cat-custom-acrylic-displays","7":"product_tag-acrylic-display-stand","8":"product_tag-custom-acrylic-display-stands","9":"product_tag-multi-layer-acrylic-display-stand","11":"first","12":"instock","13":"shipping-taxable","14":"product-type-simple","15":"entry","16":"content-bg","17":"loop-entry"},"_links":{"self":[{"href":"https:\/\/customacrylicproduct.com\/es\/wp-json\/wp\/v2\/product\/721","targetHints":{"allow":["GET"]}}],"collection":[{"href":"https:\/\/customacrylicproduct.com\/es\/wp-json\/wp\/v2\/product"}],"about":[{"href":"https:\/\/customacrylicproduct.com\/es\/wp-json\/wp\/v2\/types\/product"}],"wp:featuredmedia":[{"embeddable":true,"href":"https:\/\/customacrylicproduct.com\/es\/wp-json\/wp\/v2\/media\/726"}],"wp:attachment":[{"href":"https:\/\/customacrylicproduct.com\/es\/wp-json\/wp\/v2\/media?parent=721"}],"wp:term":[{"taxonomy":"product_brand","embeddable":true,"href":"https:\/\/customacrylicproduct.com\/es\/wp-json\/wp\/v2\/product_brand?post=721"},{"taxonomy":"product_cat","embeddable":true,"href":"https:\/\/customacrylicproduct.com\/es\/wp-json\/wp\/v2\/product_cat?post=721"},{"taxonomy":"product_tag","embeddable":true,"href":"https:\/\/customacrylicproduct.com\/es\/wp-json\/wp\/v2\/product_tag?post=721"}],"curies":[{"name":"wp","href":"https:\/\/api.w.org\/{rel}","templated":true}]}}