{"id":728,"date":"2025-07-07T13:05:52","date_gmt":"2025-07-07T13:05:52","guid":{"rendered":"https:\/\/customacrylicproduct.com\/?post_type=product&#038;p=728"},"modified":"2025-07-07T13:25:44","modified_gmt":"2025-07-07T13:25:44","slug":"custom-size-cut-laser-acrylic-sheets-engraving-perspex-sheet","status":"publish","type":"product","link":"https:\/\/customacrylicproduct.com\/es\/custom-size-cut-laser-acrylic-sheets-engraving-perspex-sheet\/","title":{"rendered":"Tama\u00f1o personalizado corte l\u00e1ser hojas de acr\u00edlico grabado hoja de plexigl\u00e1s"},"content":{"rendered":"<h3 id=\"-title-past-the-surface-area-discover-our-spectacular-custom-cut-colorful-acrylic-sheets-\"><strong>T\u00edtulo: M\u00e1s all\u00e1 de la superficie: Descubra nuestras espectaculares l\u00e1minas acr\u00edlicas de colores cortadas a medida\u00a0<\/strong>.<\/h3>\n<p>En el mundo del estilo y la fabricaci\u00f3n, los materiales son el vocabulario que utilizamos para narrar. La madera habla de tradici\u00f3n, el metal de sector y el cristal de fragilidad. Pero, \u00bfqu\u00e9 ocurre si necesitamos un material que hable el lenguaje de la luz, el color y la imaginaci\u00f3n infinita? \u00bfY si necesita un lienzo tan duradero como radiante?<\/p>\n<p>Le invitamos a conocer un producto que redefine la posibilidad. Como uno de los principales proveedores de soluciones de productos a medida, estamos encantados de poder ofrecerle nuestros productos.\u00a0<strong>A medida Tama\u00f1o, <a href=\"https:\/\/customacrylicproduct.com\/es\/custom-acrylic-sheets\/\">L\u00e1minas de pol\u00edmero y plexigl\u00e1s de colores cortadas por l\u00e1ser\u00a0<\/a><\/strong>. No se trata de una simple l\u00e1mina de pl\u00e1stico, sino de un pol\u00edmero avanzado creado para lograr un brillo \u00f3ptico, una superficie camale\u00f3nica que baila con la luz y un medio funcional preparado para dar forma a sus dise\u00f1os m\u00e1s ambiciosos. Desde instalaciones para edificios hasta recuerdos personales, ofrecemos la materia prima para el brillo, cortada y tintada seg\u00fan su visi\u00f3n exacta.<\/p>\n<h3 id=\"-section-1-the-foundation-of-quality-our-product-basis-\"><strong>Secci\u00f3n 1: Los cimientos de la calidad: la base de nuestros productos\u00a0<\/strong>.<\/h3>\n<p>La alta calidad de cualquier producto final viene determinada por la honestidad de sus materiales b\u00e1sicos. Empezamos con el acr\u00edlico de mayor pureza (tambi\u00e9n conocido por marcas como Perspex o Plexiglass), lo que garantiza una estructura de claridad, resistencia y estabilidad inigualables.<\/p>\n<ul>\n<li><strong>Nitidez \u00f3ptica pr\u00edstina:\u00a0<\/strong>Nuestras l\u00e1minas acr\u00edlicas tienen un paso de luz extraordinario, a la altura del mejor vidrio \u00f3ptico. Esta base cristalina garantiza que cualquier tipo de sombra, pendiente o efecto aplicado a la l\u00e1mina se presente con absoluta integridad y viveza. La luz no pasa simplemente a trav\u00e9s de ella, sino que interact\u00faa con ella, produciendo una calidad luminiscente y brillante que hace que las sombras resalten y la informaci\u00f3n resplandezca.<\/li>\n<li><strong>Durabilidad y seguridad:\u00a0<\/strong>El atractivo debe ir acompa\u00f1ado de la longevidad. Nuestro acr\u00edlico es extremadamente resistente a los impactos y a las roturas, lo que lo convierte en una opci\u00f3n mucho m\u00e1s segura y duradera que el cristal, especialmente en espacios p\u00fablicos o viviendas. Puede resistir los rigores del uso diario sin fracturarse ni da\u00f1arse.<\/li>\n<li><strong>Estabilidad qu\u00edmica inquebrantable:\u00a0<\/strong>Creadas para perdurar, nuestras planchas muestran una estabilidad qu\u00edmica excepcional. Son resistentes a los sutiles ajustes ambientales en el nivel de temperatura y humedad que pueden hacer que los productos inferiores se deformen, amarilleen o se rompan con el tiempo. Esto garantiza que su instalaci\u00f3n, obra de arte o art\u00edculo mantendr\u00e1 su integridad estructural y solidez del color durante muchos a\u00f1os, asegurando su inversi\u00f3n y su visi\u00f3n.<\/li>\n<\/ul>\n<p><a href=\"https:\/\/customacrylicproduct.com\/es\/custom-size-cut-laser-acrylic-sheets-engraving-perspex-sheet\/\"><img fetchpriority=\"high\" decoding=\"async\" class=\"aligncenter wp-image-732 size-full\" src=\"https:\/\/customacrylicproduct.com\/wp-content\/uploads\/2025\/07\/Custom-Acrylic-Sheets.jpg\" alt=\"L\u00e1minas acr\u00edlicas cortadas a medida\" width=\"800\" height=\"800\" srcset=\"https:\/\/customacrylicproduct.com\/wp-content\/uploads\/2025\/07\/Custom-Acrylic-Sheets.jpg 800w, https:\/\/customacrylicproduct.com\/wp-content\/uploads\/2025\/07\/Custom-Acrylic-Sheets-300x300.jpg 300w, https:\/\/customacrylicproduct.com\/wp-content\/uploads\/2025\/07\/Custom-Acrylic-Sheets-150x150.jpg 150w, https:\/\/customacrylicproduct.com\/wp-content\/uploads\/2025\/07\/Custom-Acrylic-Sheets-768x768.jpg 768w, https:\/\/customacrylicproduct.com\/wp-content\/uploads\/2025\/07\/Custom-Acrylic-Sheets-12x12.jpg 12w, https:\/\/customacrylicproduct.com\/wp-content\/uploads\/2025\/07\/Custom-Acrylic-Sheets-600x600.jpg 600w, https:\/\/customacrylicproduct.com\/wp-content\/uploads\/2025\/07\/Custom-Acrylic-Sheets-100x100.jpg 100w\" sizes=\"(max-width: 800px) 100vw, 800px\" \/><\/a><\/p>\n<h3 id=\"-area-2-a-harmony-of-light-and-shade-the-visual-discussion-\"><strong>\u00c1mbito 2: Armon\u00eda de luces y sombras - Debate visual\u00a0<\/strong>.<\/h3>\n<p>Aqu\u00ed es donde nuestro acr\u00edlico va m\u00e1s all\u00e1 de lo normal. Mediante procedimientos especializados y avanzados, imprimimos a cada l\u00e1mina una caracter\u00edstica vibrante, din\u00e1mica y emocionante, convirtiendo un simple panel en una obra de arte.<\/p>\n<ul>\n<li><strong>El efecto espectro fluido:\u00a0<\/strong>La superficie de nuestro pol\u00edmero de colores est\u00e1 hecha para interactuar con la luz de forma extraordinaria. Cuando la luz se refracta a trav\u00e9s del producto y lo muestra, produce resultados visuales sensacionales, como degradados celestiales, colores de ensue\u00f1o en movimiento y brillos iridiscentes. La l\u00e1mina parece transformar el color y la intensidad a medida que cambia la perspectiva del visitante o la luz ambiental, desarrollando una gama viva y fluida. Esto a\u00f1ade un ambiente elegante, din\u00e1mico e inolvidable a cualquier tipo de zona.<\/li>\n<li><strong>La perfecci\u00f3n del lado elegante:\u00a0<\/strong>Un corte excepcional se define por su lado. Nuestro preciso procedimiento de corte por l\u00e1ser se complementa con una magn\u00edfica soluci\u00f3n de pulido opcional que convierte el lado cortado en una superficie lisa, similar a un espejo. Este preciso acabado elimina cualquier tipo de rebaba o rugosidad, aumentando tanto la seguridad como el refinamiento visual del producto. Un lado refinado capta la luz magn\u00edficamente, a\u00f1adiendo una sensaci\u00f3n total de alta gama y haci\u00e9ndola completamente apta para aplicaciones de lujo y para ver de cerca.<\/li>\n<\/ul>\n<h3 id=\"-area-3-the-plan-of-creativity-unrivaled-customization-\"><strong>\u00c1mbito 3: El Plan de Creatividad - Personalizaci\u00f3n sin igual\u00a0<\/strong>.<\/h3>\n<p>Su trabajo es distinto, y sus materiales tambi\u00e9n deber\u00edan serlo. Le ofrecemos una amplia gama de opciones de personalizaci\u00f3n, que le permiten controlar por completo todas las facetas de su trabajo. <a href=\"https:\/\/customacrylicproduct.com\/es\/custom-acrylic-sheets\/\">l\u00e1mina acr\u00edlica.<\/a><\/p>\n<ul>\n<li><strong>Dimensi\u00f3n Personalizaci\u00f3n: De lo micro a lo macro:\u00a0<\/strong>Ofrecemos una precisi\u00f3n absoluta en el control dimensional. Tanto si necesita un peque\u00f1o elemento para una pieza de bisuter\u00eda, un panel de tama\u00f1o personalizado para un ordenador de sobremesa o enormes planchas ornamentales para un exterior comercial, podemos reducir a su longitud, tama\u00f1o y grosor exactos. Esto garantiza una excelente adecuaci\u00f3n a su trabajo, eliminando desperdicios y asegurando una integraci\u00f3n sin problemas.<\/li>\n<li><strong>Personalizaci\u00f3n del moldeado: Romper los l\u00edmites geom\u00e9tricos:\u00a0<\/strong>Nuestra avanzada tecnolog\u00eda de reducci\u00f3n CNC y l\u00e1ser nos permite da\u00f1ar sin necesidad de utilizar cuadrados y rect\u00e1ngulos est\u00e1ndar. Podemos cortar sus l\u00e1minas acr\u00edlicas b\u00e1sicamente en cualquier forma que pueda imaginar: curvas org\u00e1nicas suaves, logotipos complejos, patrones art\u00edsticos minuciosos o cualquier tipo de resumen de forma especial que exija su dise\u00f1o innovador. Esta capacidad transforma el material de un simple panel a una pieza de declaraci\u00f3n especial y reconocida.<\/li>\n<li><strong>Personalizaci\u00f3n del color: Su esquema, sus normas:\u00a0<\/strong>El deslumbrante efecto de color no es una funci\u00f3n de talla \u00fanica. Podemos reajustar la gama de tonos a demanda para enderezarla completamente con el estilo de su trabajo. Tanto si prefiere una pendiente suave y refinada, un contraste intenso y vibrante o un colorido de detalles que encaje con la identificaci\u00f3n visual de su marca o el dise\u00f1o de una zona, podemos calibrar el impacto para lograr la unidad est\u00e9tica ideal.<\/li>\n<\/ul>\n<p><a href=\"https:\/\/customacrylicproduct.com\/es\/custom-size-cut-laser-acrylic-sheets-engraving-perspex-sheet\/\"><img decoding=\"async\" class=\"aligncenter wp-image-729 size-full\" src=\"https:\/\/customacrylicproduct.com\/wp-content\/uploads\/2025\/07\/Custom-Acrylic-Sheets-2.jpg\" alt=\"L\u00e1minas acr\u00edlicas cortadas a medida\" width=\"800\" height=\"800\" srcset=\"https:\/\/customacrylicproduct.com\/wp-content\/uploads\/2025\/07\/Custom-Acrylic-Sheets-2.jpg 800w, https:\/\/customacrylicproduct.com\/wp-content\/uploads\/2025\/07\/Custom-Acrylic-Sheets-2-300x300.jpg 300w, https:\/\/customacrylicproduct.com\/wp-content\/uploads\/2025\/07\/Custom-Acrylic-Sheets-2-150x150.jpg 150w, https:\/\/customacrylicproduct.com\/wp-content\/uploads\/2025\/07\/Custom-Acrylic-Sheets-2-768x768.jpg 768w, https:\/\/customacrylicproduct.com\/wp-content\/uploads\/2025\/07\/Custom-Acrylic-Sheets-2-12x12.jpg 12w, https:\/\/customacrylicproduct.com\/wp-content\/uploads\/2025\/07\/Custom-Acrylic-Sheets-2-600x600.jpg 600w, https:\/\/customacrylicproduct.com\/wp-content\/uploads\/2025\/07\/Custom-Acrylic-Sheets-2-100x100.jpg 100w\" sizes=\"(max-width: 800px) 100vw, 800px\" \/><\/a><\/p>\n<h3 id=\"-area-4-precision-in-practice-our-cutting-edge-craft-features-\"><strong>\u00c1mbito 4: Precisi\u00f3n en la pr\u00e1ctica: nuestras caracter\u00edsticas artesanales de vanguardia\u00a0<\/strong>.<\/h3>\n<p>La magia del producto final reside en la destreza del procedimiento. Combinamos tecnolog\u00eda sofisticada con artesan\u00eda especializada para ofrecer siempre resultados impecables.<\/p>\n<ul>\n<li><strong>Precisi\u00f3n de corte milim\u00e9trica:\u00a0<\/strong>Utilizamos avanzadas herramientas l\u00e1ser CNC (control num\u00e9rico por ordenador) para realizar cada corte. Esta innovaci\u00f3n permite una precisi\u00f3n milim\u00e9trica, asegurando que cada \u00e1ngulo sea excelente, cada contorno sea suave y cada forma sea regular y real para su dise\u00f1o electr\u00f3nico.<\/li>\n<li><strong>Tecnolog\u00edas de coloraci\u00f3n duraderas y din\u00e1micas:\u00a0<\/strong>El espectacular resultado de color se consigue mediante t\u00e9cnicas avanzadas como el acabado multicapa con aspiradora y la impresi\u00f3n UV de alta resoluci\u00f3n. Estos procedimientos no se limitan a incluir el color, sino que lo adhieren al acr\u00edlico a nivel molecular. As\u00ed se consigue una extraordinaria solidez del color. Los vibrantes tonos no se decoloran, no se desprenden ni se estropean con la limpieza rutinaria, lo que garantiza que el producto siga \u201cfresco\u201d y estupendo incluso despu\u00e9s de un uso prolongado.<\/li>\n<\/ul>\n<p>-.<\/p>\n<h3 id=\"-area-5-where-vision-meets-reality-versatile-application-situations-\"><strong>\u00c1rea 5: Donde la visi\u00f3n se encuentra con la realidad: situaciones de aplicaci\u00f3n vers\u00e1tiles\u00a0<\/strong>.<\/h3>\n<p>Las construcciones \u00fanicas de nuestras l\u00e1minas acr\u00edlicas vibrantes las convierten en una herramienta eficaz para dise\u00f1adores, arquitectos, artistas y propietarios de negocios locales en una pl\u00e9tora de mercados.<\/p>\n<ul>\n<li><strong>Para espacios industriales atractivos:\u00a0<\/strong>.<\/li>\n<li><strong>Minoristas y escaparates:\u00a0<\/strong>Aproveche la naturaleza iridiscente y llamativa del producto para crear extraordinarios dise\u00f1os de escaparates que dejen boquiabiertos a los transe\u00fantes.<\/li>\n<li><strong>Salones de actos y salas de exposici\u00f3n de marcas:\u00a0<\/strong>Construya superficies murales funcionales, podios y accesorios para exposiciones que refuercen la identificaci\u00f3n est\u00e9tica de su marca. La sensaci\u00f3n de alta gama del material mejora r\u00e1pidamente el valor y el dise\u00f1o de su marca.<\/li>\n<li><strong>Para una decoraci\u00f3n motivada:\u00a0<\/strong>.<\/li>\n<li><strong>Acentos art\u00edsticos:\u00a0<\/strong>Cree un centro de mesa espectacular utilizando una l\u00e1mina cortada a medida como decoraci\u00f3n parcial en la superficie de la pared de fondo de un sal\u00f3n, creando de inmediato un ambiente sofisticado e imaginativo.<\/li>\n<li><strong>Muebles a medida:\u00a0<\/strong>Dise\u00f1e escritorios, tableros de mesa, separadores de espacios y divisiones distintivos que doten a su hogar tanto de una funci\u00f3n \u00fatil como de un atractivo est\u00e9tico impresionante.<\/li>\n<li><strong>Para regalos culturales e imaginativos memorables:\u00a0<\/strong>.<\/li>\n<li><strong>Arte y adornos:\u00a0<\/strong>Recorta las hojas para crear preciosos adornos art\u00edsticos, llaveros personalizados u objetos ornamentales que dar\u00e1n lugar a recuerdos especiales de gran calidad.<\/li>\n<li><strong>Marcos de fotos a medida:\u00a0<\/strong>Incorpore el espectacular efecto v\u00edvido con una foto valiosa para producir un marco a medida que es una obra de arte en s\u00ed mismo, a\u00f1adiendo capas de relevancia conmemorativa.<\/li>\n<\/ul>\n<p><a href=\"https:\/\/customacrylicproduct.com\/es\/custom-acrylic-sheets\/\"><img decoding=\"async\" class=\"aligncenter wp-image-731 size-full\" src=\"https:\/\/customacrylicproduct.com\/wp-content\/uploads\/2025\/07\/Custom-Acrylic-Sheets-4.jpg\" alt=\"L\u00e1minas acr\u00edlicas cortadas a medida\" width=\"800\" height=\"800\" srcset=\"https:\/\/customacrylicproduct.com\/wp-content\/uploads\/2025\/07\/Custom-Acrylic-Sheets-4.jpg 800w, https:\/\/customacrylicproduct.com\/wp-content\/uploads\/2025\/07\/Custom-Acrylic-Sheets-4-300x300.jpg 300w, https:\/\/customacrylicproduct.com\/wp-content\/uploads\/2025\/07\/Custom-Acrylic-Sheets-4-150x150.jpg 150w, https:\/\/customacrylicproduct.com\/wp-content\/uploads\/2025\/07\/Custom-Acrylic-Sheets-4-768x768.jpg 768w, https:\/\/customacrylicproduct.com\/wp-content\/uploads\/2025\/07\/Custom-Acrylic-Sheets-4-12x12.jpg 12w, https:\/\/customacrylicproduct.com\/wp-content\/uploads\/2025\/07\/Custom-Acrylic-Sheets-4-600x600.jpg 600w, https:\/\/customacrylicproduct.com\/wp-content\/uploads\/2025\/07\/Custom-Acrylic-Sheets-4-100x100.jpg 100w\" sizes=\"(max-width: 800px) 100vw, 800px\" \/><\/a><\/p>\n<h3 id=\"-section-6-the-substantial-advantage-the-practical-worth-of-our-polymer-\"><strong>Secci\u00f3n 6: La ventaja sustancial: el valor pr\u00e1ctico de nuestro pol\u00edmero\u00a0<\/strong>.<\/h3>\n<p>M\u00e1s all\u00e1 de su elegancia, nuestro acr\u00edlico cortado a medida aporta un valor concreto y real.<\/p>\n<ul>\n<li><strong>Potente marketing visual:\u00a0<\/strong>En el saturado panorama empresarial actual, la atenci\u00f3n es la moneda de cambio. Los atributos distintivos y vibrantes de nuestro acr\u00edlico act\u00faan como un im\u00e1n est\u00e9tico, ordenando r\u00e1pidamente la atenci\u00f3n del consumidor y ayudando a que su marca, producto o mensaje sobresalga del sonido, potenciando sustancialmente su poder de comunicaci\u00f3n.<\/li>\n<li><strong>Potenciaci\u00f3n del \u00e1rea din\u00e1mica:\u00a0<\/strong>En casa, en la oficina o en ambientes acogedores, nuestros paneles acr\u00edlicos da\u00f1an la uniformidad de los materiales convencionales. Se divierten con la sombra, la luz y la sombra para crear un ambiente \u00fanico y vibrante, infundiendo vida y poder en cualquier \u00e1rea.<\/li>\n<li><strong>Longevidad resistente y sin preocupaciones:\u00a0<\/strong>El pol\u00edmero es intr\u00ednsecamente resistente al desgaste y muy f\u00e1cil de mantener. Basta con pasar un pa\u00f1o suave para mantenerlo limpio. Su robustez y resistencia a la decoloraci\u00f3n significan que sin duda mantendr\u00e1 su magn\u00edfico aspecto y propiedades f\u00edsicas residenciales o comerciales a largo plazo, reduciendo dr\u00e1sticamente los costes y preocupaciones de mantenimiento.<\/li>\n<\/ul>\n<p><strong>Su visi\u00f3n tiene derecho a un producto a la altura. Deje de ponerse en peligro y empiece a desarrollar. Ll\u00e1menos hoy mismo para revisar su proyecto, publique su dise\u00f1o y perm\u00edtanos suministrarle la l\u00e1mina acr\u00edlica completamente cortada y maravillosamente tintada que sin duda dar\u00e1 vida a su idea.\u00a0<\/strong>.<\/p>","protected":false},"excerpt":{"rendered":"<p>\u00bfNecesita placas acr\u00edlicas o de metacrilato personalizadas? Ofrecemos corte por l\u00e1ser de precisi\u00f3n a cualquier tama\u00f1o y grabado detallado de logotipos, texto y dise\u00f1os. El material perfecto para fabricantes, dise\u00f1adores y empresas que crean carteles, expositores y premios. Solicite presupuesto para su proyecto y compruebe la rapidez y fiabilidad de nuestro servicio.<\/p>","protected":false},"featured_media":732,"template":"","meta":{"_kad_post_transparent":"default","_kad_post_title":"","_kad_post_layout":"default","_kad_post_sidebar_id":"","_kad_post_content_style":"default","_kad_post_vertical_padding":"default","_kad_post_feature":"","_kad_post_feature_position":"","_kad_post_header":false,"_kad_post_footer":false,"_kad_post_classname":""},"product_brand":[],"product_cat":[24],"product_tag":[74,75,73],"class_list":{"0":"post-728","1":"product","2":"type-product","3":"status-publish","4":"has-post-thumbnail","6":"product_cat-custom-acrylic-sheets","7":"product_tag-custom-acrylic-sheets","8":"product_tag-custom-cut-acrylic-sheets","9":"product_tag-laser-acrylic-sheets","11":"first","12":"instock","13":"shipping-taxable","14":"product-type-simple","15":"entry","16":"content-bg","17":"loop-entry"},"_links":{"self":[{"href":"https:\/\/customacrylicproduct.com\/es\/wp-json\/wp\/v2\/product\/728","targetHints":{"allow":["GET"]}}],"collection":[{"href":"https:\/\/customacrylicproduct.com\/es\/wp-json\/wp\/v2\/product"}],"about":[{"href":"https:\/\/customacrylicproduct.com\/es\/wp-json\/wp\/v2\/types\/product"}],"wp:featuredmedia":[{"embeddable":true,"href":"https:\/\/customacrylicproduct.com\/es\/wp-json\/wp\/v2\/media\/732"}],"wp:attachment":[{"href":"https:\/\/customacrylicproduct.com\/es\/wp-json\/wp\/v2\/media?parent=728"}],"wp:term":[{"taxonomy":"product_brand","embeddable":true,"href":"https:\/\/customacrylicproduct.com\/es\/wp-json\/wp\/v2\/product_brand?post=728"},{"taxonomy":"product_cat","embeddable":true,"href":"https:\/\/customacrylicproduct.com\/es\/wp-json\/wp\/v2\/product_cat?post=728"},{"taxonomy":"product_tag","embeddable":true,"href":"https:\/\/customacrylicproduct.com\/es\/wp-json\/wp\/v2\/product_tag?post=728"}],"curies":[{"name":"wp","href":"https:\/\/api.w.org\/{rel}","templated":true}]}}