{"id":739,"date":"2025-07-08T03:47:34","date_gmt":"2025-07-08T03:47:34","guid":{"rendered":"https:\/\/customacrylicproduct.com\/?post_type=product&#038;p=739"},"modified":"2025-07-08T03:53:56","modified_gmt":"2025-07-08T03:53:56","slug":"colored-transparent-extruded-acrylic-square-rods-suppliers","status":"publish","type":"product","link":"https:\/\/customacrylicproduct.com\/es\/colored-transparent-extruded-acrylic-square-rods-suppliers\/","title":{"rendered":"Varillas cuadradas acr\u00edlicas extruidas transparentes de colores Proveedores"},"content":{"rendered":"<h3 id=\"-raise-your-layouts-with-costs-colored-transparent-extruded-acrylic-square-rods-\"><strong>Eleve sus trazados con las barras cuadradas acr\u00edlicas extruidas transparentes de color de Costes\u00a0<\/strong>.<\/h3>\n<p>Invite al principal lugar para dise\u00f1adores, arquitectos, fabricantes y creadores que buscan la mezcla ideal de brillo visual y resistencia \u00fatil. Nuestro transparente de color <a href=\"https:\/\/customacrylicproduct.com\/es\/colored-transparent-extruded-acrylic-square-rods-suppliers\/\">Varillas cuadradas de pol\u00edmero extruido<\/a> son mucho m\u00e1s que un simple producto: son una puerta abierta al desarrollo, que ofrece un amplio abanico de posibilidades limitadas \u00fanicamente por su creatividad. Estos postes, que incorporan la cualidad de joya del vidrio con una notable longevidad y adaptabilidad, est\u00e1n dise\u00f1ados para dar vida a sus proyectos m\u00e1s ambiciosos, desde sensacionales montajes para edificios hasta llamativos expositores para comercios y detallados trabajos artesanales.<\/p>\n<p>Descubra c\u00f3mo nuestro compromiso con la alta calidad, una amplia paleta de colores y un procedimiento de producci\u00f3n econ\u00f3mico hacen que nuestro <a href=\"https:\/\/customacrylicproduct.com\/es\/colored-transparent-extruded-acrylic-square-rods-suppliers\/\">barras cuadradas acr\u00edlicas<\/a> la opci\u00f3n m\u00e1s clara tanto para especialistas como para aficionados.<\/p>\n<h3 id=\"-thorough-description-the-unrivaled-advantage-of-extruded-acrylic-\"><strong>Descripci\u00f3n detallada: La ventaja inigualable del acr\u00edlico extruido\u00a0<\/strong>.<\/h3>\n<p>Nuestros postes cuadrados se fabrican mediante un proceso de extrusi\u00f3n de \u00faltima generaci\u00f3n. Esta t\u00e9cnica incluye el prensado de pol\u00edmero acr\u00edlico licuado a trav\u00e9s de una matriz cuadrada dise\u00f1ada con precisi\u00f3n, lo que da lugar a un producto con una seguridad dimensional excepcional, un revestimiento superficial perfecto y una circulaci\u00f3n de sombra constante de extremo a extremo. Este proceso no s\u00f3lo es muy eficaz, lo que lo convierte en un servicio econ\u00f3mico, sino que tambi\u00e9n confiere al producto una serie de propiedades residenciales que lo distinguen de los dem\u00e1s.<\/p>\n<p><strong>1. Alta resistencia a los impactos: Dureza con la que puede contar\u00a0<\/strong>.<\/p>\n<p>En aplicaciones en las que la seguridad y la durabilidad son vitales, nuestras varillas cuadradas acr\u00edlicas extruidas ofrecen una eficacia inigualable. Con\u00a0<strong>m\u00e1s de 10 veces la fuerza de efecto de un elemento equivalente de vidrio\u00a0<\/strong>, El acr\u00edlico es extraordinariamente resistente a las roturas. Esta dureza intr\u00ednseca lo convierte en el producto \u00f3ptimo para su uso en espacios p\u00fablicos, entornos industriales muy transitados y hogares.<\/p>\n<ul>\n<li><strong>La seguridad ante todo:\u00a0<\/strong>Un r\u00f3tulo ca\u00eddo, una mampara de comercio golpeada o el eje de una escalera en una casa ajetreada resistir\u00e1n el agrietamiento y la rotura, reduciendo dr\u00e1sticamente el riesgo de lesiones relacionadas con cristales da\u00f1ados. Esto proporciona una importante tranquilidad a promotores y usuarios finales.<\/li>\n<li><strong>Resiliencia Resiliencia:\u00a0<\/strong>Las resistentes propiedades de nuestros postes acr\u00edlicos garantizan que sus instalaciones y art\u00edculos soportar\u00e1n las inclemencias del uso diario, conservando su integridad arquitect\u00f3nica y su aspecto impecable durante muchos a\u00f1os. Esta resistencia se traduce en un menor coste total de posesi\u00f3n, con una necesidad m\u00ednima de reparaciones o sustituciones.<\/li>\n<\/ul>\n<p><a href=\"https:\/\/customacrylicproduct.com\/es\/colored-transparent-extruded-acrylic-square-rods-suppliers\/\"><img fetchpriority=\"high\" decoding=\"async\" class=\"aligncenter wp-image-742 size-full\" src=\"https:\/\/customacrylicproduct.com\/wp-content\/uploads\/2025\/07\/Colored-Square-Acrylic-Rods-3.jpg\" alt=\"Varillas acr\u00edlicas cuadradas de colores\" width=\"800\" height=\"800\" srcset=\"https:\/\/customacrylicproduct.com\/wp-content\/uploads\/2025\/07\/Colored-Square-Acrylic-Rods-3.jpg 800w, https:\/\/customacrylicproduct.com\/wp-content\/uploads\/2025\/07\/Colored-Square-Acrylic-Rods-3-300x300.jpg 300w, https:\/\/customacrylicproduct.com\/wp-content\/uploads\/2025\/07\/Colored-Square-Acrylic-Rods-3-150x150.jpg 150w, https:\/\/customacrylicproduct.com\/wp-content\/uploads\/2025\/07\/Colored-Square-Acrylic-Rods-3-768x768.jpg 768w, https:\/\/customacrylicproduct.com\/wp-content\/uploads\/2025\/07\/Colored-Square-Acrylic-Rods-3-12x12.jpg 12w, https:\/\/customacrylicproduct.com\/wp-content\/uploads\/2025\/07\/Colored-Square-Acrylic-Rods-3-600x600.jpg 600w, https:\/\/customacrylicproduct.com\/wp-content\/uploads\/2025\/07\/Colored-Square-Acrylic-Rods-3-100x100.jpg 100w\" sizes=\"(max-width: 800px) 100vw, 800px\" \/><\/a><\/p>\n<p><strong>2. Notablemente ligero: Fuerza sin volumen\u00a0<\/strong>.<\/p>\n<p>Una de las ventajas \u00fatiles m\u00e1s considerables del acr\u00edlico es su excepcional relaci\u00f3n resistencia-peso. Adem\u00e1s de una durabilidad impresionante, nuestras varillas cuadradas acr\u00edlicas son\u00a0<strong>la mitad del peso del vidrio\u00a0<\/strong>. Esta caracter\u00edstica ofrece una cascada de ventajas a lo largo de todo el ciclo de vida de la tarea:.<\/p>\n<ul>\n<li><strong>Alivio de la manipulaci\u00f3n y la instalaci\u00f3n:\u00a0<\/strong>Los productos m\u00e1s ligeros son menos dif\u00edciles de trasladar, transportar y maniobrar in situ, lo que reduce el coste de la mano de obra y el cansancio. Los montajes que pueden requerir dispositivos de elevaci\u00f3n pesados para el vidrio a menudo pueden realizarse a mano con acr\u00edlico.<\/li>\n<li><strong>Precios de env\u00edo reducidos:\u00a0<\/strong>El peso reducido se traduce directamente en una entrega y una log\u00edstica m\u00e1s asequibles, un aspecto cr\u00edtico tanto para los pedidos masivos de las empresas como para las adquisiciones espec\u00edficas de menor tama\u00f1o.<\/li>\n<li><strong>Asistencia arquitect\u00f3nica marginal:\u00a0<\/strong>Al crear pantallas de visualizaci\u00f3n, estanter\u00edas o atributos arquitect\u00f3nicos, el reducido peso del acr\u00edlico hace que sea mucho menos necesario utilizar estructuras de soporte. Esto puede dar lugar a sistemas y estructuras de montaje menos complejos, m\u00e1s elegantes y m\u00e1s econ\u00f3micos.<\/li>\n<\/ul>\n<p><strong>3. Resistencia clim\u00e1tica superior: Dise\u00f1ado para interiores y exteriores\u00a0<\/strong>.<\/p>\n<p>La comodidad es una caracter\u00edstica esencial de nuestro <a href=\"https:\/\/customacrylicproduct.com\/es\/custom-acrylic-rods-tubes\/\">barras acr\u00edlicas<\/a>, y su extraordinaria resistencia al clima es esencial para ello. El pol\u00edmero extruido es intr\u00ednsecamente seguro frente a los aspectos, lo que lo hace totalmente apropiado para una amplia variedad de aplicaciones tanto interiores como exteriores.<\/p>\n<ul>\n<li><strong>Seguridad UV:\u00a0<\/strong>Nuestras varillas transparentes tintadas est\u00e1n desarrolladas para resistir los efectos nocivos de la radiaci\u00f3n ultravioleta. No amarillean ni se vuelven fr\u00e1giles cuando se exponen a la luz solar durante largos periodos, lo que garantiza que los tonos din\u00e1micos y la transparencia se mantengan fieles.<\/li>\n<li><strong>Rendimiento todo tiempo:\u00a0<\/strong>Desde climas h\u00famedos hasta temperaturas bajo cero, lluvia o viento, nuestros postes acr\u00edlicos conservan sus caracter\u00edsticas f\u00edsicas y est\u00e9ticas. Esto los convierte en una opci\u00f3n fiable para la se\u00f1alizaci\u00f3n exterior, acentos de construcci\u00f3n, funciones de patio, y mucho m\u00e1s.<\/li>\n<\/ul>\n<p><a href=\"https:\/\/customacrylicproduct.com\/es\/custom-acrylic-rods-tubes\/\"><img decoding=\"async\" class=\"aligncenter wp-image-744 size-full\" src=\"https:\/\/customacrylicproduct.com\/wp-content\/uploads\/2025\/07\/Colored-Square-Acrylic-Rods-5.jpg\" alt=\"Varillas acr\u00edlicas cuadradas de colores\" width=\"800\" height=\"800\" srcset=\"https:\/\/customacrylicproduct.com\/wp-content\/uploads\/2025\/07\/Colored-Square-Acrylic-Rods-5.jpg 800w, https:\/\/customacrylicproduct.com\/wp-content\/uploads\/2025\/07\/Colored-Square-Acrylic-Rods-5-300x300.jpg 300w, https:\/\/customacrylicproduct.com\/wp-content\/uploads\/2025\/07\/Colored-Square-Acrylic-Rods-5-150x150.jpg 150w, https:\/\/customacrylicproduct.com\/wp-content\/uploads\/2025\/07\/Colored-Square-Acrylic-Rods-5-768x768.jpg 768w, https:\/\/customacrylicproduct.com\/wp-content\/uploads\/2025\/07\/Colored-Square-Acrylic-Rods-5-12x12.jpg 12w, https:\/\/customacrylicproduct.com\/wp-content\/uploads\/2025\/07\/Colored-Square-Acrylic-Rods-5-600x600.jpg 600w, https:\/\/customacrylicproduct.com\/wp-content\/uploads\/2025\/07\/Colored-Square-Acrylic-Rods-5-100x100.jpg 100w\" sizes=\"(max-width: 800px) 100vw, 800px\" \/><\/a><\/p>\n<p><strong>4. Rentable y econ\u00f3mico: Aspecto de primera, tarifa asequible\u00a0<\/strong>.<\/p>\n<p>Conseguir un acabado de alta gama y est\u00e9ticamente excepcional no deber\u00eda suponer un gasto desorbitado. Gracias a la tecnolog\u00eda\u00a0<strong>procedimiento econ\u00f3mico de fabricaci\u00f3n por extrusi\u00f3n\u00a0<\/strong>, podemos ofrecerle <a href=\"https:\/\/customacrylicproduct.com\/es\/custom-acrylic-rods-tubes\/\">postes cuadrados acr\u00edlicos<\/a> a un precio mucho m\u00e1s asequible que el de materiales como el vidrio, el metal o los compuestos de superficie resistente. Esta rentabilidad permite realizar una serie m\u00e1s amplia de tareas:.<\/p>\n<ul>\n<li><strong>Para empresas:\u00a0<\/strong>Los grandes despliegues de componentes de venta al por menor, r\u00f3tulos o componentes de decoraci\u00f3n interior llegan a ser econ\u00f3micamente razonables.<\/li>\n<li><strong>Para un negocio peque\u00f1o\/una start-up:\u00a0<\/strong>Las empresas de nueva creaci\u00f3n y los negocios locales pueden crear una marca especializada y elegante y pantallas de visualizaci\u00f3n sin un enorme gasto de capital.<\/li>\n<li><strong>Para creadores y aficionados:\u00a0<\/strong>Los desarrolladores individuales y los artesanos acceden a un material de calidad profesional que les permite experimentar y generar trabajos de primera a un precio asequible.<\/li>\n<\/ul>\n<p><strong>5. Duradero y reciclable: Una elecci\u00f3n responsable\u00a0<\/strong>.<\/p>\n<p>En el mundo actual, tan concienciado con la ecolog\u00eda, la selecci\u00f3n de productos es importante. Nuestros postes acr\u00edlicos extruidos son una elecci\u00f3n responsable para sus trabajos. El pol\u00edmero es un termopl\u00e1stico, lo que implica que puede fundirse y cambiarse sin una destrucci\u00f3n considerable del producto. Al final de su larga y beneficiosa vida \u00fatil, nuestros postes acr\u00edlicos\u00a0<strong>puede reutilizarse totalmente\u00a0<\/strong>, contribuyendo a colmar la laguna y a una econom\u00eda m\u00e1s redonda. Si elige un material resistente, duradero y reciclable, estar\u00e1 influyendo positivamente en el medio ambiente.<\/p>\n<h3 id=\"-key-includes-at-a-look-\"><strong>Claves incluidas en un vistazo\u00a0<\/strong>.<\/h3>\n<ul>\n<li><strong>Acabados de color claro vivo:\u00a0<\/strong>Nuestras barras presentan un fant\u00e1stico tono transparente de borde a borde que atrapa y refracta la luz, creando un efecto est\u00e9tico impresionante. La cuenta cuadrada proporciona l\u00edneas ordenadas y modernas y superficies planas aptas para fabricar y colocar.<\/li>\n<li><strong>Vers\u00e1til:\u00a0<\/strong>La combinaci\u00f3n \u00fanica de encanto, resistencia y manejabilidad hace que estos postes sean adecuados para una lista pr\u00e1cticamente ilimitada de aplicaciones en docenas de sectores.<\/li>\n<li><strong>Ligero:\u00a0<\/strong>Pesa la mitad que el cristal, lo que facilita su manipulaci\u00f3n y montaje.<\/li>\n<li><strong>Dureza de alto efecto:\u00a0<\/strong>M\u00e1s de 10 veces m\u00e1s resistente que el cristal para una seguridad y robustez extraordinarias.<\/li>\n<li><strong>Econ\u00f3mico:\u00a0<\/strong>Un material asequible que proporciona una apariencia de coste sin un precio elevado.<\/li>\n<\/ul>\n<p><a href=\"https:\/\/customacrylicproduct.com\/es\/custom-acrylic-rods-tubes\/\"><img decoding=\"async\" class=\"aligncenter wp-image-741 size-full\" src=\"https:\/\/customacrylicproduct.com\/wp-content\/uploads\/2025\/07\/Colored-Square-Acrylic-Rods-2.jpg\" alt=\"Varillas acr\u00edlicas cuadradas de colores\" width=\"800\" height=\"800\" srcset=\"https:\/\/customacrylicproduct.com\/wp-content\/uploads\/2025\/07\/Colored-Square-Acrylic-Rods-2.jpg 800w, https:\/\/customacrylicproduct.com\/wp-content\/uploads\/2025\/07\/Colored-Square-Acrylic-Rods-2-300x300.jpg 300w, https:\/\/customacrylicproduct.com\/wp-content\/uploads\/2025\/07\/Colored-Square-Acrylic-Rods-2-150x150.jpg 150w, https:\/\/customacrylicproduct.com\/wp-content\/uploads\/2025\/07\/Colored-Square-Acrylic-Rods-2-768x768.jpg 768w, https:\/\/customacrylicproduct.com\/wp-content\/uploads\/2025\/07\/Colored-Square-Acrylic-Rods-2-12x12.jpg 12w, https:\/\/customacrylicproduct.com\/wp-content\/uploads\/2025\/07\/Colored-Square-Acrylic-Rods-2-600x600.jpg 600w, https:\/\/customacrylicproduct.com\/wp-content\/uploads\/2025\/07\/Colored-Square-Acrylic-Rods-2-100x100.jpg 100w\" sizes=\"(max-width: 800px) 100vw, 800px\" \/><\/a><\/p>\n<h3 id=\"-common-applications-where-creativity-takes-shape-\"><strong>Aplicaciones comunes: Donde la creatividad toma forma\u00a0<\/strong>.<\/h3>\n<p>La adaptabilidad de nuestros <a href=\"https:\/\/customacrylicproduct.com\/es\/custom-acrylic-rods-tubes\/\">barras cuadradas acr\u00edlicas transparentes<\/a> los convierte en un material fundamental para el desarrollo. Estas son algunas de las aplicaciones en las que nuestros clientes han obtenido resultados impresionantes:.<\/p>\n<ul>\n<li><strong>Se\u00f1alizaci\u00f3n:\u00a0<\/strong>Cree espectaculares textos dimensionales, logotipos y modernos sistemas de indicaci\u00f3n. Los colores pueden realzar la identidad de la marca, mientras que la durabilidad garantiza la resistencia, tambi\u00e9n en exteriores.<\/li>\n<li><strong>Expositores para minoristas y puntos de venta (POP):\u00a0<\/strong>Coloque llamativos soportes para art\u00edculos, pantallas de exposici\u00f3n de cosm\u00e9ticos, propietarios de joyas y elevadores. Los colores transparentes pueden acentuar el producto sin abrumarlo.<\/li>\n<li><strong>Dise\u00f1o interior y arquitectura:\u00a0<\/strong>Estos postes son el sue\u00f1o de cualquier dise\u00f1ador. Util\u00edcelos como atractivas divisiones, componentes de superficie de pared de atributos, componentes de iluminaci\u00f3n personalizados o componentes de mobiliario para incluir un toque de color moderno y belleza a cualquier \u00e1rea.<\/li>\n<li><strong>Husillos de barandilla de escalera:\u00a0<\/strong>Nuestras barras cuadradas, una aplicaci\u00f3n muy popular, ofrecen una opci\u00f3n contempor\u00e1nea y sin riesgos a los pasadores est\u00e1ndar de madera o metal. Abren l\u00edneas de visi\u00f3n, crean sensaci\u00f3n de espacio y presentan un elemento de distribuci\u00f3n \u00fanico que acaba convirti\u00e9ndose en un elemento central de la casa.<\/li>\n<li><strong>Modelado y creaci\u00f3n de prototipos:\u00a0<\/strong>Arquitectos y dise\u00f1adores de art\u00edculos utilizan nuestras barras para crear versiones y modelos de gamas precisas y visualmente atractivas que conectan eficazmente su intenci\u00f3n de dise\u00f1o.<\/li>\n<li><strong>Arte, manualidades y bricolaje:\u00a0<\/strong>Desde joyas preciosas a medida y esculturas cin\u00e9ticas hasta terrarios personalizados y estructuras de imagen, las posibilidades innovadoras son ilimitadas para aficionados y artistas especializados.<\/li>\n<li><strong>Estilo de la tarta y presentaci\u00f3n de la comida:\u00a0<\/strong>Utilizados como soportes estructurales en tartas de boda escalonadas o como elegantes soportes de pantalla para alimentos, estos postes aportan un toque limpio, moderno y vivo a las creaciones culinarias.<\/li>\n<li><strong>Dise\u00f1o de iluminaci\u00f3n:\u00a0<\/strong>La naturaleza transparente de las varillas las hace perfectas para difundir y colorear la luz, lo que permite crear instalaciones de iluminaci\u00f3n LED, l\u00e1mparas de ara\u00f1a y luces de ambiente especiales y a medida.<\/li>\n<\/ul>\n<h3 id=\"-your-partner-in-production-\"><strong>Su socio en la producci\u00f3n\u00a0<\/strong>.<\/h3>\n<p>Somos m\u00e1s que simples proveedores; somos sus socios en el desarrollo. Entendemos que cada trabajo tiene necesidades distintas, por eso ofrecemos una amplia gama de tama\u00f1os comunes y una extensa combinaci\u00f3n de tonos vibrantes. Adem\u00e1s, suministramos soporte duradero para\u00a0<strong>pedidos al por mayor y personalizados\u00a0<\/strong>, colaborando con usted para conseguir determinadas medidas y coincidencias de color en tareas de gran envergadura.<\/p>\n<p>Nuestras varillas cuadradas acr\u00edlicas extruidas transparentes de colores son f\u00e1ciles de trabajar: se pueden rebajar con exactitud, taladrar, dirigir, abrillantar hasta conseguir un brillo similar al del cristal y pegar con adhesivos especializados.<\/p>\n<p><strong>P\u00f3ngase en contacto con nosotros\u00a0<\/strong>para hablar de su proyecto, solicitar una muestra u obtener un presupuesto r\u00e1pido. Perm\u00edtanos ofrecerle los materiales de alta calidad que necesita para transformar su visi\u00f3n en una fant\u00e1stica y v\u00edvida realidad.<\/p>","protected":false},"excerpt":{"rendered":"<p>Su mejor fuente de barras cuadradas acr\u00edlicas extruidas transparentes de colores. Ofrecemos un vibrante espectro de colores de alta claridad en varios tama\u00f1os. Perfectas para expositores POP, iluminaci\u00f3n y dise\u00f1o. Pedidos al por mayor y personalizados disponibles. Obtenga un presupuesto r\u00e1pido hoy mismo.<\/p>","protected":false},"featured_media":740,"template":"","meta":{"_kad_post_transparent":"default","_kad_post_title":"","_kad_post_layout":"default","_kad_post_sidebar_id":"","_kad_post_content_style":"default","_kad_post_vertical_padding":"default","_kad_post_feature":"","_kad_post_feature_position":"","_kad_post_header":false,"_kad_post_footer":false,"_kad_post_classname":""},"product_brand":[],"product_cat":[23],"product_tag":[79,78,62],"class_list":{"0":"post-739","1":"product","2":"type-product","3":"status-publish","4":"has-post-thumbnail","6":"product_cat-custom-acrylic-rods-tubes","7":"product_tag-acrylic-square-rods","8":"product_tag-colored-square-acrylic-rods","9":"product_tag-coloured-acrylic-rods","11":"first","12":"instock","13":"shipping-taxable","14":"product-type-simple","15":"entry","16":"content-bg","17":"loop-entry"},"_links":{"self":[{"href":"https:\/\/customacrylicproduct.com\/es\/wp-json\/wp\/v2\/product\/739","targetHints":{"allow":["GET"]}}],"collection":[{"href":"https:\/\/customacrylicproduct.com\/es\/wp-json\/wp\/v2\/product"}],"about":[{"href":"https:\/\/customacrylicproduct.com\/es\/wp-json\/wp\/v2\/types\/product"}],"wp:featuredmedia":[{"embeddable":true,"href":"https:\/\/customacrylicproduct.com\/es\/wp-json\/wp\/v2\/media\/740"}],"wp:attachment":[{"href":"https:\/\/customacrylicproduct.com\/es\/wp-json\/wp\/v2\/media?parent=739"}],"wp:term":[{"taxonomy":"product_brand","embeddable":true,"href":"https:\/\/customacrylicproduct.com\/es\/wp-json\/wp\/v2\/product_brand?post=739"},{"taxonomy":"product_cat","embeddable":true,"href":"https:\/\/customacrylicproduct.com\/es\/wp-json\/wp\/v2\/product_cat?post=739"},{"taxonomy":"product_tag","embeddable":true,"href":"https:\/\/customacrylicproduct.com\/es\/wp-json\/wp\/v2\/product_tag?post=739"}],"curies":[{"name":"wp","href":"https:\/\/api.w.org\/{rel}","templated":true}]}}