{"id":751,"date":"2025-07-08T10:22:12","date_gmt":"2025-07-08T10:22:12","guid":{"rendered":"https:\/\/customacrylicproduct.com\/?post_type=product&#038;p=751"},"modified":"2025-07-08T13:04:47","modified_gmt":"2025-07-08T13:04:47","slug":"clear-acrylic-bookshelf-bookcases-storage-furniture-supplier","status":"publish","type":"product","link":"https:\/\/customacrylicproduct.com\/es\/clear-acrylic-bookshelf-bookcases-storage-furniture-supplier\/","title":{"rendered":"Estanter\u00eda de acr\u00edlico transparente Librer\u00edas Almacenamiento Muebles Proveedor"},"content":{"rendered":"<h3 id=\"-redefining-area-and-style-your-premier-provider-for-bespoke-clear-acrylic-bookshelves-and-storage-furniture-\"><strong>Redefiniendo el espacio y el estilo: Su principal proveedor de estanter\u00edas y muebles de almacenamiento de acr\u00edlico transparente a medida\u00a0<\/strong>.<\/h3>\n<p>Imagine una habitaci\u00f3n en la que sus historias y objetos m\u00e1s preciados no se queden en un estante, sino que parezcan flotar en el aire. Visualice una zona que realmente parezca m\u00e1s grande, m\u00e1s luminosa y m\u00e1s ordenada, en la que el mobiliario no domine sino que eleve su entorno. Este es el poder transformador del acr\u00edlico transparente y, como su dedicado proveedor, estamos aqu\u00ed para convertir esa visi\u00f3n en una impresionante realidad.<\/p>\n<p>Nos centramos en el dise\u00f1o, la fabricaci\u00f3n y el suministro de estanter\u00edas acr\u00edlicas transparentes de primera calidad, armarios de lucita y servicios de almacenamiento a medida. M\u00e1s all\u00e1 de los muebles tradicionales y pesados que pueden abarrotar un espacio, nuestras colecciones est\u00e1n dise\u00f1adas para ofrecer una imagen de ligereza, modernidad y minimalismo innovador en cualquier tipo de entorno. Ya sea para una casa particular, una bulliciosa zona industrial o una oficina profesional, nuestros muebles no son simplemente un lugar para almacenar espacio; son una declaraci\u00f3n de preferencia notable y dise\u00f1o inteligente.<\/p>\n<h4 id=\"-the-heart-of-our-craft-unparalleled-product-characteristics-\"><strong>El coraz\u00f3n de nuestro oficio: Caracter\u00edsticas incomparables del producto\u00a0<\/strong>.<\/h4>\n<p>La estructura de cada pieza que fabricamos es el propio producto. Adoptamos exclusivamente un grado notable, <a href=\"https:\/\/customacrylicproduct.com\/es\/clear-acrylic-bookshelf-bookcases-storage-furniture-supplier\/\">l\u00e1mina acr\u00edlica de alta transmitancia,<\/a> elegido por sus excelentes cualidades superiores que lo establecen mucho adem\u00e1s de opciones m\u00ednimas.<\/p>\n<ul>\n<li><strong>Calidad y pureza del cristal:\u00a0<\/strong>Nuestro acr\u00edlico presenta una transmitancia luminosa superior a 92%, igualando la calidad del mejor cristal \u00f3ptico. Esta excelente apertura garantiza que no se produzcan distorsiones ni brumas. La textura es impecablemente clara y l\u00facida, lo que permite que cada informaci\u00f3n intrincada de sus portadas de libros, obras de arte y productos ornamentales se muestre en su forma m\u00e1s aut\u00e9ntica. La estanter\u00eda se convierte en un marco casi invisible, haciendo que los componentes sean la verdadera pieza central.<\/li>\n<li><strong>Dureza silenciosa y seguridad inquebrantable:\u00a0<\/strong>Aunque posee una belleza et\u00e9rea, similar a la del vidrio, nuestro pol\u00edmero tiene una dureza que es cualquier cosa menos delicada. Con una resistencia a la influencia aproximadamente 20 veces superior a la del vidrio normal, ofrece una fuerza y una longevidad extraordinarias. Esta excepcional durabilidad implica que nuestro mobiliario no es propenso a estropearse o agrietarse por los golpes y ca\u00eddas cotidianos, lo que lo convierte en una opci\u00f3n impecablemente mucho m\u00e1s segura para casas con ni\u00f1os, perros de compa\u00f1\u00eda o lugares industriales de mucho tr\u00e1fico. Podr\u00e1 apreciar su fr\u00e1gil apariencia con total comodidad.<\/li>\n<li><strong>Apertura duradera y atemporal:\u00a0<\/strong>Entendemos que los muebles son una inversi\u00f3n. Por eso nuestro pol\u00edmero est\u00e1 dise\u00f1ado con una gran resistencia a la intemperie y a los rayos UV. Cuando se coloca en el interior de su hogar, no amarillea, no se enturbia ni se debilita con el tiempo, ni siquiera cuando se expone a la luz solar ambiental. Mantiene firmemente su aspecto cristalino durante a\u00f1os, garantizando que su estanter\u00eda luzca tan impresionante en su d\u00e9cimo aniversario de boda como el d\u00eda en que se instal\u00f3.<\/li>\n<\/ul>\n<p><a href=\"https:\/\/customacrylicproduct.com\/es\/clear-acrylic-bookshelf-bookcases-storage-furniture-supplier\/\"><img fetchpriority=\"high\" decoding=\"async\" class=\"aligncenter wp-image-754 size-full\" src=\"https:\/\/customacrylicproduct.com\/wp-content\/uploads\/2025\/07\/Acrylic-Bookcases-4.jpg\" alt=\"Librer\u00edas acr\u00edlicas\" width=\"800\" height=\"800\" srcset=\"https:\/\/customacrylicproduct.com\/wp-content\/uploads\/2025\/07\/Acrylic-Bookcases-4.jpg 800w, https:\/\/customacrylicproduct.com\/wp-content\/uploads\/2025\/07\/Acrylic-Bookcases-4-300x300.jpg 300w, https:\/\/customacrylicproduct.com\/wp-content\/uploads\/2025\/07\/Acrylic-Bookcases-4-150x150.jpg 150w, https:\/\/customacrylicproduct.com\/wp-content\/uploads\/2025\/07\/Acrylic-Bookcases-4-768x768.jpg 768w, https:\/\/customacrylicproduct.com\/wp-content\/uploads\/2025\/07\/Acrylic-Bookcases-4-12x12.jpg 12w, https:\/\/customacrylicproduct.com\/wp-content\/uploads\/2025\/07\/Acrylic-Bookcases-4-600x600.jpg 600w, https:\/\/customacrylicproduct.com\/wp-content\/uploads\/2025\/07\/Acrylic-Bookcases-4-100x100.jpg 100w\" sizes=\"(max-width: 800px) 100vw, 800px\" \/><\/a><\/p>\n<h4 id=\"-engineering-sophistication-the-art-of-structural-layout-\"><strong>Sofisticaci\u00f3n ingenieril: El arte del dise\u00f1o estructural\u00a0<\/strong>.<\/h4>\n<p>Un producto atractivo es tan bueno como su integridad arquitect\u00f3nica. Nuestro enfoque de dise\u00f1o combina la gracia visual con una ingenier\u00eda duradera para crear muebles tan estables y \u00fatiles como encantadores.<\/p>\n<ul>\n<li><strong>Combinaciones multicapa personalizadas:\u00a0<\/strong>Sabemos que no hay dos colecciones iguales. Nuestros dise\u00f1os incluyen mezclas flexibles de varias capas, lo que le permite aumentar y reducir al m\u00e1ximo su capacidad de almacenamiento. Y lo que es m\u00e1s importante, el espacio entre cada estante es totalmente personalizado. Podemos crear alturas a medida para almacenar desde peque\u00f1os libros de bolsillo y DVD hasta folios de arte altos, publicaciones ilustradas infantiles de gran tama\u00f1o e incluso colecciones de discos de pl\u00e1stico. Esta inteligencia vertical garantiza que cada cent\u00edmetro cuadrado de su espacio se aproveche al m\u00e1ximo.<\/li>\n<li><strong>Estabilidad y soporte s\u00f3lidos como una roca:\u00a0<\/strong>Una est\u00e9tica flotante nunca debe ir en detrimento de la seguridad. Dependiendo del estilo, utilizamos una serie de estrategias avanzadas para garantizar una estructura protegida y sin tambaleos. \u00c9stas consisten en hebillas de enclavamiento ingeniosamente ocultas, soportes de asistencia de acero lisos y m\u00ednimos, o lo mejor en resistencia: una construcci\u00f3n integrada de una sola pieza. Cada estante est\u00e1 dise\u00f1ado para soportar una carga considerable, normalmente entre 5 y 10 kg (11 y 22 libras) en funci\u00f3n de la densidad del acr\u00edlico, lo que garantiza que sus preciados libros y objetos pesados y atractivos se sostengan con total confianza.<\/li>\n<li><strong>Abierto o semicerrado: Usted elige:\u00a0<\/strong>Nuestros dise\u00f1os responden a diversos requisitos de acceso y protecci\u00f3n. Los tradicionales\u00a0<strong>estilo abierto\u00a0<\/strong>utiliza un acceso sin complicaciones, que le invita a coger una publicaci\u00f3n o cambiar de posici\u00f3n la pantalla en un minuto. Es excelente para las cosas que se utilizan con frecuencia y para crear una sensaci\u00f3n de biblioteca aireada y de f\u00e1cil acceso. Para colecciones a\u00fan m\u00e1s valiosas, ofrecemos un\u00a0<strong>semicerrado\u00a0<\/strong>que pueden equiparse con puertas acr\u00edlicas transparentes y perfectas. Estas puertas protegen sus \u00fatiles publicaciones de la suciedad, la humedad y las plagas, al tiempo que mantienen una total transparencia visual, creando un estuche con calidad de museo.<\/li>\n<\/ul>\n<p><a href=\"https:\/\/customacrylicproduct.com\/es\/custom-size-acrylic-pet-house-suppliers-acrylic-furnitures\/\"><img decoding=\"async\" class=\"aligncenter wp-image-755 size-full\" src=\"https:\/\/customacrylicproduct.com\/wp-content\/uploads\/2025\/07\/Acrylic-Bookcases.jpg\" alt=\"Librer\u00edas acr\u00edlicas\" width=\"800\" height=\"800\" srcset=\"https:\/\/customacrylicproduct.com\/wp-content\/uploads\/2025\/07\/Acrylic-Bookcases.jpg 800w, https:\/\/customacrylicproduct.com\/wp-content\/uploads\/2025\/07\/Acrylic-Bookcases-300x300.jpg 300w, https:\/\/customacrylicproduct.com\/wp-content\/uploads\/2025\/07\/Acrylic-Bookcases-150x150.jpg 150w, https:\/\/customacrylicproduct.com\/wp-content\/uploads\/2025\/07\/Acrylic-Bookcases-768x768.jpg 768w, https:\/\/customacrylicproduct.com\/wp-content\/uploads\/2025\/07\/Acrylic-Bookcases-12x12.jpg 12w, https:\/\/customacrylicproduct.com\/wp-content\/uploads\/2025\/07\/Acrylic-Bookcases-600x600.jpg 600w, https:\/\/customacrylicproduct.com\/wp-content\/uploads\/2025\/07\/Acrylic-Bookcases-100x100.jpg 100w\" sizes=\"(max-width: 800px) 100vw, 800px\" \/><\/a><\/p>\n<h4 id=\"-your-vision-understood-the-unmatched-power-of-modification-\"><strong>Su visi\u00f3n, comprendida: El incomparable poder de la modificaci\u00f3n\u00a0<\/strong>.<\/h4>\n<p>Su espacio es \u00fanico, y sus muebles tambi\u00e9n deben serlo. No somos simples vendedores, somos sus compa\u00f1eros de dise\u00f1o y le ofrecemos un amplio abanico de opciones de personalizaci\u00f3n para crear un art\u00edculo absolutamente suyo.<\/p>\n<ul>\n<li><strong>Tama\u00f1o y dimensiones a medida:\u00a0<\/strong>Diga adi\u00f3s al estr\u00e9s de \u201ccasi\u201d encajar. Podemos fabricar nuestras estanter\u00edas seg\u00fan sus requisitos espec\u00edficos. Desde una peque\u00f1a estanter\u00eda en miniatura para una mesilla de noche hasta un gran sistema de biblioteca de pared a pared, podemos reajustar el tama\u00f1o, la medida y la altura para que se adapten perfectamente al espacio que nos ofrece. Nuestros estilos se incorporan perfectamente en espacios de vida, investigaciones, dormitorios, pasillos, e incluso dilemas, creando una apariencia incorporada sin el coste de la carpinter\u00eda convencional.<\/li>\n<li><strong>Personalizaci\u00f3n creativa y art\u00edstica de formas:\u00a0<\/strong>Lib\u00e9rese de la tiran\u00eda del rect\u00e1ngulo. Nuestra capacidad de fabricaci\u00f3n nos permite fabricar estanter\u00edas de formas muy diversas. Imagine una elegante librer\u00eda en forma de arco que suavice las l\u00edneas de una zona, un vibrante dispositivo trapezoidal que incluya un toque vanguardista o una creativa disposici\u00f3n de los bordes que transforme un espacio inc\u00f3modo y extra en un atributo \u00fatil. Incluso podemos incorporar cortes geom\u00e9tricos y patrones desiguales para desarrollar una escultura funcional que funcione como realce est\u00e9tico en su interior.<\/li>\n<li><strong>Personalizaci\u00f3n de la informaci\u00f3n individualizada:\u00a0<\/strong>Los toques finales son los que elevan una pieza de fant\u00e1stica a notable. Ofrecemos una serie de mejoras informativas:.<\/li>\n<li><strong>Iluminaci\u00f3n LED integrada:\u00a0<\/strong>Podemos instalar sutiles tiras de luz LED a lo largo de los bordes de las estanter\u00edas. Cuando se iluminan, crean un suave y c\u00e1lido resplandor que convierte su estanter\u00eda en un cautivador elemento atmosf\u00e9rico, excelente para el ambiente nocturno.<\/li>\n<li><strong>Acabados esmerilado o grabado:\u00a0<\/strong>Para dar un toque de intimidad personal o incluir textura, algunas zonas del acr\u00edlico pueden esmerilarse.<\/li>\n<li><strong>Grabado por l\u00e1ser:\u00a0<\/strong>Incluya un componente realmente individual con el grabado l\u00e1ser personalizado. Podemos grabar t\u00edtulos de publicaciones, un monograma familiar, una cita favorita o patrones detallados en el acr\u00edlico, mejorando su estructura individualizada y desarrollando una antig\u00fcedad distintiva.<\/li>\n<\/ul>\n<h4 id=\"-past-storage-the-practical-advantages-of-polymer-furnishings-\"><strong>Almacenamiento en el pasado: Las ventajas pr\u00e1cticas del mobiliario de pol\u00edmero\u00a0<\/strong>.<\/h4>\n<p>Nuestra <a href=\"https:\/\/customacrylicproduct.com\/es\/clear-acrylic-bookshelf-bookcases-storage-furniture-supplier\/\">estanter\u00edas acr\u00edlicas transparentes<\/a> utilizan una gran cantidad de ventajas pr\u00e1cticas que mejoran su vida cotidiana y la sensaci\u00f3n real de su zona.<\/p>\n<ul>\n<li><strong>Desarrollo visual y sensaci\u00f3n de espacio:\u00a0<\/strong>Esta es quiz\u00e1 la cualidad m\u00e1s encantadora del acr\u00edlico. Al ser transparente, el mueble retrocede visualmente, enga\u00f1ando al ojo para que vea un lugar m\u00e1s grande y abierto. Debilita su propia presencia, deshaci\u00e9ndose del \u201cpeso\u201d est\u00e9tico y la sensaci\u00f3n de injusticia que pueden producir los grandes armarios de madera o metal. Esto lo convierte en una excelente opci\u00f3n para estudios, zonas estrechas o cualquier espacio en el que se quiera aprovechar al m\u00e1ximo la sensaci\u00f3n de amplitud.<\/li>\n<li><strong>Compatibilidad multifuncional y vers\u00e1til:\u00a0<\/strong>Aunque est\u00e1n hechas para libros, la est\u00e9tica pura y neutra de nuestras estanter\u00edas las hace incre\u00edblemente flexibles. Sirven como pantalla sensacional significa una gran variedad de productos: mostrar una colecci\u00f3n de figuritas de porcelana de dise\u00f1o, crear un jard\u00edn vertical de interior con plantas ecol\u00f3gicas pr\u00f3diga, organizar con elegancia los cuadros de los miembros de la familia estructuras, o curar una pantalla de visualizaci\u00f3n de la cer\u00e1mica artesanos o envases de perfume. Un mueble puede ofrecer numerosos objetivos, estabilizando f\u00e1cilmente el almacenamiento de primera calidad con la decoraci\u00f3n de alta gama.<\/li>\n<li><strong>Limpieza y mantenimiento sencillos y f\u00e1ciles:\u00a0<\/strong>La superficie no porosa y excepcionalmente lisa de nuestro acr\u00edlico facilita enormemente su mantenimiento. La suciedad y las manchas no penetran en el producto y pueden limpiarse en segundos con un pa\u00f1o suave y h\u00famedo. No se necesitan pulimentos especiales, aceites o rutinas de mantenimiento complejas. Su mobiliario se mantendr\u00e1 pr\u00edstinamente transparente y limpio con iniciativa marginal, maximizando su tiempo para disfrutar de su impresionante habitaci\u00f3n.<\/li>\n<\/ul>\n<p><a href=\"https:\/\/customacrylicproduct.com\/es\/custom-acrylic-furnitures\/\"><img decoding=\"async\" class=\"aligncenter wp-image-753 size-full\" src=\"https:\/\/customacrylicproduct.com\/wp-content\/uploads\/2025\/07\/Acrylic-Bookcases-2.jpg\" alt=\"Librer\u00edas acr\u00edlicas\" width=\"800\" height=\"800\" srcset=\"https:\/\/customacrylicproduct.com\/wp-content\/uploads\/2025\/07\/Acrylic-Bookcases-2.jpg 800w, https:\/\/customacrylicproduct.com\/wp-content\/uploads\/2025\/07\/Acrylic-Bookcases-2-300x300.jpg 300w, https:\/\/customacrylicproduct.com\/wp-content\/uploads\/2025\/07\/Acrylic-Bookcases-2-150x150.jpg 150w, https:\/\/customacrylicproduct.com\/wp-content\/uploads\/2025\/07\/Acrylic-Bookcases-2-768x768.jpg 768w, https:\/\/customacrylicproduct.com\/wp-content\/uploads\/2025\/07\/Acrylic-Bookcases-2-12x12.jpg 12w, https:\/\/customacrylicproduct.com\/wp-content\/uploads\/2025\/07\/Acrylic-Bookcases-2-600x600.jpg 600w, https:\/\/customacrylicproduct.com\/wp-content\/uploads\/2025\/07\/Acrylic-Bookcases-2-100x100.jpg 100w\" sizes=\"(max-width: 800px) 100vw, 800px\" \/><\/a><\/p>\n<h4 id=\"-a-canvas-for-your-life-scenarios-and-applications-\"><strong>Un lienzo para tu vida: Escenarios y aplicaciones\u00a0<\/strong>.<\/h4>\n<p>La adaptabilidad de nuestro <a href=\"https:\/\/customacrylicproduct.com\/es\/clear-acrylic-bookshelf-bookcases-storage-furniture-supplier\/\">muebles de acr\u00edlico transparente<\/a> le permite irradiar en cualquier tipo de configuraci\u00f3n.<\/p>\n<ul>\n<li><strong>Para el hogar:\u00a0<\/strong>En un\u00a0<strong>estudio de investigaci\u00f3n\u00a0<\/strong>, Desarrolle una librer\u00eda panor\u00e1mica de suelo a techo que mantenga toda su biblioteca a la vista y al alcance de la mano. En el\u00a0<strong>espacio vital\u00a0<\/strong>, una estanter\u00eda de suelo estilizada puede albergar sus revistas favoritas a la vez que complementa un estilo de decoraci\u00f3n moderno, ligero de gama alta o minimalista. En el\u00a0<strong>dormitorio\u00a0<\/strong>, Una miniestanter\u00eda dise\u00f1ada a medida cerca de la cama incluye funcionalidad sin desorden.<\/li>\n<li><strong>Para zonas comerciales:\u00a0<\/strong>En\u00a0<strong>librer\u00edas y bibliotecas\u00a0<\/strong>, En la mayor\u00eda de los casos, las librer\u00edas transparentes se utilizan para crear expositores \u201cflotantes\u201d para los bestsellers y las novedades, que captan instant\u00e1neamente la atenci\u00f3n del cliente. En\u00a0<strong>caf\u00e9s, tiendas y talleres\u00a0<\/strong>, utilice estanter\u00edas con formas art\u00edsticas para mostrar art\u00edculos o desarrolle un entorno literario innovador que realce la marca y eleve la experiencia del consumidor.<\/li>\n<li><strong>Para el lugar de trabajo\u00a0<\/strong>Sustituya los grandes armarios archivadores no transparentes por nuestros servicios de acr\u00edlico transparente. Esto no s\u00f3lo a\u00f1ade un toque de estilo moderno a la oficina, sino que tambi\u00e9n hace que encontrar documentos y documentos sea m\u00e1s r\u00e1pido y fiable. Ayuda a mantener un ambiente ordenado, organizado y profesional que entusiasma a los clientes y mejora los procesos.<\/li>\n<\/ul>\n<h4 id=\"-the-style-aesthetic-a-symphony-of-light-and-kind-\"><strong>La est\u00e9tica del estilo: Una sinfon\u00eda de luz y bondad\u00a0<\/strong>.<\/h4>\n<p>La verdadera elegancia de nuestras estanter\u00edas acr\u00edlicas radica en su filosof\u00eda visual. La estructura transparente produce una significativa y bella comparaci\u00f3n con las ricas tonalidades y apariencias de las columnas vertebrales de las gu\u00edas, convirtiendo a las propias gu\u00edas en el principal componente atractivo. Esto crea una sensaci\u00f3n ligera y ventilada de \u201cpantalla flotante\u201d, como si su colecci\u00f3n estuviera suspendida delante.<\/p>\n<p>Adem\u00e1s, podemos combinar ingeniosamente el acr\u00edlico puro con otros productos para conseguir un estilo determinado. Combinado con elegante lat\u00f3n o acero dorado, irradia una sensaci\u00f3n de lujo moderno. Combinado con acero negro mate, se adapta perfectamente a un ambiente industrial elegante o minimalista. Combinado con una c\u00e1lida placa de madera, estabiliza la frescura t\u00e9cnica con el calor natural. Esta interacci\u00f3n de productos infunde un ambiente art\u00edstico distintivo directamente en su habitaci\u00f3n, creando un art\u00edculo que es a la vez un art\u00edculo \u00fatil y una obra de arte.<\/p>\n<p><strong>P\u00f3ngase en contacto con nosotros hoy mismo. Permita que nuestros asesores de dise\u00f1o le ayuden a descubrir las infinitas oportunidades del acr\u00edlico transparente y comience el viaje hacia un espacio m\u00e1s luminoso, mucho m\u00e1s bello y perfectamente organizado.\u00a0<\/strong>.<\/p>","protected":false},"excerpt":{"rendered":"<p>Su principal proveedor de estanter\u00edas acr\u00edlicas transparentes y librer\u00edas de lucite de alta calidad. Nuestros muebles de almacenamiento modernos y duraderos crean un aspecto minimalista y espacioso para cualquier hogar u oficina. Ofrecemos dise\u00f1os personalizados y precios directos de f\u00e1brica. Explore hoy mismo nuestra colecci\u00f3n de soluciones de estanter\u00edas transparentes.<\/p>","protected":false},"featured_media":755,"template":"","meta":{"_kad_post_transparent":"default","_kad_post_title":"","_kad_post_layout":"default","_kad_post_sidebar_id":"","_kad_post_content_style":"default","_kad_post_vertical_padding":"default","_kad_post_feature":"","_kad_post_feature_position":"","_kad_post_header":false,"_kad_post_footer":false,"_kad_post_classname":""},"product_brand":[],"product_cat":[21],"product_tag":[80,69],"class_list":{"0":"post-751","1":"product","2":"type-product","3":"status-publish","4":"has-post-thumbnail","6":"product_cat-custom-acrylic-furnitures","7":"product_tag-acrylic-bookshelf","8":"product_tag-custom-acrylic-furnitures","10":"first","11":"instock","12":"shipping-taxable","13":"product-type-simple","14":"entry","15":"content-bg","16":"loop-entry"},"_links":{"self":[{"href":"https:\/\/customacrylicproduct.com\/es\/wp-json\/wp\/v2\/product\/751","targetHints":{"allow":["GET"]}}],"collection":[{"href":"https:\/\/customacrylicproduct.com\/es\/wp-json\/wp\/v2\/product"}],"about":[{"href":"https:\/\/customacrylicproduct.com\/es\/wp-json\/wp\/v2\/types\/product"}],"wp:featuredmedia":[{"embeddable":true,"href":"https:\/\/customacrylicproduct.com\/es\/wp-json\/wp\/v2\/media\/755"}],"wp:attachment":[{"href":"https:\/\/customacrylicproduct.com\/es\/wp-json\/wp\/v2\/media?parent=751"}],"wp:term":[{"taxonomy":"product_brand","embeddable":true,"href":"https:\/\/customacrylicproduct.com\/es\/wp-json\/wp\/v2\/product_brand?post=751"},{"taxonomy":"product_cat","embeddable":true,"href":"https:\/\/customacrylicproduct.com\/es\/wp-json\/wp\/v2\/product_cat?post=751"},{"taxonomy":"product_tag","embeddable":true,"href":"https:\/\/customacrylicproduct.com\/es\/wp-json\/wp\/v2\/product_tag?post=751"}],"curies":[{"name":"wp","href":"https:\/\/api.w.org\/{rel}","templated":true}]}}