{"id":758,"date":"2025-07-08T13:00:04","date_gmt":"2025-07-08T13:00:04","guid":{"rendered":"https:\/\/customacrylicproduct.com\/?post_type=product&#038;p=758"},"modified":"2025-07-08T13:09:17","modified_gmt":"2025-07-08T13:09:17","slug":"4x8-colored-water-rippled-acrylic-glass-sheets-wholesale","status":"publish","type":"product","link":"https:\/\/customacrylicproduct.com\/es\/4x8-colored-water-rippled-acrylic-glass-sheets-wholesale\/","title":{"rendered":"4\u00d78 Hojas de vidrio acr\u00edlico ondulado de color agua al por mayor"},"content":{"rendered":"<h3 id=\"-heading-catch-the-significance-of-light-and-activity-wholesale-4x8-colored-water-rippled-polymer-sheets-\"><strong>Encabezamiento: Captar el Significado de la Luz y la Actividad: Venta al por mayor de l\u00e1minas de pol\u00edmero ondulado al agua de 4\u00d78 colores\u00a0<\/strong>.<\/h3>\n<p><strong>Introducci\u00f3n: La intersecci\u00f3n del atractivo de la naturaleza y los avances modernos\u00a0<\/strong>.<\/p>\n<p>En el planeta del dise\u00f1o y la arquitectura, los materiales son el lenguaje que utilizamos para narrar. Pueden transmitir fuerza, sofisticaci\u00f3n, calor o innovaci\u00f3n. Sin embargo, rara vez aparece un material que capte de forma tan completa el encanto l\u00edquido y din\u00e1mico del mundo natural a la vez que utiliza las prestaciones sin concesiones del dise\u00f1o moderno. Nos enorgullece presentar nuestra l\u00ednea l\u00edder de\u00a0<strong>4<a href=\"https:\/\/customacrylicproduct.com\/es\/4x8-colored-water-rippled-acrylic-glass-sheets-wholesale758\/\">x8 Hojas acr\u00edlicas onduladas de agua coloreadas\u00a0<\/a><\/strong>- un material de vanguardia dise\u00f1ado para visionarios que se niegan a elegir entre est\u00e9tica y capacidad.<\/p>\n<p>Estas grandes planchas de 4\u00d78 pies son m\u00e1s que un simple material estructural: son un lienzo para la luz. La caracter\u00edstica estructura de \u201condulaci\u00f3n del agua\u201d, diligentemente grabada en la superficie, se asemeja al tranquilo y siempre cambiante patr\u00f3n de la danza de la luz en una superficie de agua agitada. Este impacto cambia cualquier tipo de \u00e1rea creando un emocionante juego de luz y oscuridad, difuminando el fuerte resplandor y convirti\u00e9ndolo en un suave resplandor ambiental, y proporcionando un grado de elegante oscuridad perfecto para aplicaciones de privacidad. Tanto si es usted un ingeniero que construye un edificio emblem\u00e1tico, un promotor de interiores que crea un espacio comercial distinto, un fabricante que construye expositores comerciales a medida o un artista imaginativo que pone a prueba los l\u00edmites de su arte, estas planchas ofrecen una posibilidad \u00fanica de infundir a sus trabajos una sensaci\u00f3n de estilo l\u00edquido y sombra viva.<\/p>\n<h3 id=\"-section-1-unrivaled-resilience-for-enduring-designs-the-guarantee-of-superior-weather-condition-resistance-\"><strong>Secci\u00f3n 1: Resistencia inigualable para dise\u00f1os duraderos - La garant\u00eda de una resistencia superior a las condiciones meteorol\u00f3gicas\u00a0<\/strong>.<\/h3>\n<p>Un dise\u00f1o bonito es tan bueno como los materiales utilizados para construirlo. Nuestro <a href=\"https:\/\/customacrylicproduct.com\/es\/4x8-colored-water-rippled-acrylic-glass-sheets-wholesale758\/\">L\u00e1minas acr\u00edlicas onduladas al agua<\/a> est\u00e1n pensados no s\u00f3lo para el proyecto de hoy, sino para a\u00f1os de acreditada eficiencia, tanto en el interior como en el exterior.<\/p>\n<p><strong>Excepcional resistencia a las condiciones meteorol\u00f3gicas:\u00a0<\/strong>Una de las ventajas m\u00e1s significativas de nuestra f\u00f3rmula acr\u00edlica es su resistencia superior a los aspectos. A diferencia de los pl\u00e1sticos m\u00ednimos o incluso de ciertos materiales curados, nuestras l\u00e1minas est\u00e1n fabricadas para soportar las inclemencias del exterior. Han sido cuidadosamente examinadas y verificadas para soportar los resultados nocivos de una exposici\u00f3n duradera al sol y a la lluvia. La composici\u00f3n de polimetacrilato de metilo (PMMA) de alta calidad es estable a los rayos UV de forma natural, lo que sugiere que no amarillear\u00e1, se volver\u00e1 quebradizo ni se hidrolizar\u00e1 con el tiempo.<\/p>\n<p><strong>Una larga vida \u00fatil segura:\u00a0<\/strong>Esta notable resistencia a la intemperie se traduce en una vida \u00fatil impresionante, ya que las aplicaciones de exterior suelen conservar su integridad estructural y la vitalidad de su sombra durante m\u00e1s de un a\u00f1o.\u00a0<strong>De 5 a 8 a\u00f1os o incluso m\u00e1s\u00a0<\/strong>, dependiendo de las condiciones ecol\u00f3gicas. Esto los convierte en la elecci\u00f3n adecuada y sin preocupaciones para una amplia gama de tareas exteriores. Imagine deslumbrantes paneles acr\u00edlicos de colores formando la fachada de una estructura comercial contempor\u00e1nea, vallas publicitarias exteriores vibrantes y cautivadoras que no se decoloran, o claraboyas de invernadero resistentes y difusoras de luz que anuncian el crecimiento sano de las plantas sin deteriorarse bajo la constante exposici\u00f3n directa a la luz solar. Esta longevidad garantiza un mayor roi, minimizando la necesidad de costosos sustitutos y mantenimiento.<\/p>\n<p><a href=\"https:\/\/customacrylicproduct.com\/es\/custom-size-cut-laser-acrylic-sheets-engraving-perspex-sheet\/\"><img fetchpriority=\"high\" decoding=\"async\" class=\"aligncenter wp-image-761 size-full\" src=\"https:\/\/customacrylicproduct.com\/wp-content\/uploads\/2025\/07\/Acrylic-Glass-Sheets.jpg\" alt=\"Hojas de cristal acr\u00edlico\" width=\"800\" height=\"800\" srcset=\"https:\/\/customacrylicproduct.com\/wp-content\/uploads\/2025\/07\/Acrylic-Glass-Sheets.jpg 800w, https:\/\/customacrylicproduct.com\/wp-content\/uploads\/2025\/07\/Acrylic-Glass-Sheets-300x300.jpg 300w, https:\/\/customacrylicproduct.com\/wp-content\/uploads\/2025\/07\/Acrylic-Glass-Sheets-150x150.jpg 150w, https:\/\/customacrylicproduct.com\/wp-content\/uploads\/2025\/07\/Acrylic-Glass-Sheets-768x768.jpg 768w, https:\/\/customacrylicproduct.com\/wp-content\/uploads\/2025\/07\/Acrylic-Glass-Sheets-12x12.jpg 12w, https:\/\/customacrylicproduct.com\/wp-content\/uploads\/2025\/07\/Acrylic-Glass-Sheets-600x600.jpg 600w, https:\/\/customacrylicproduct.com\/wp-content\/uploads\/2025\/07\/Acrylic-Glass-Sheets-100x100.jpg 100w\" sizes=\"(max-width: 800px) 100vw, 800px\" \/><\/a><\/p>\n<h3 id=\"-section-2-the-fabricator-s-option-uncomplicated-and-versatile-handling-\"><strong>Secci\u00f3n 2: La opci\u00f3n del fabricante: manipulaci\u00f3n sencilla y vers\u00e1til\u00a0<\/strong>.<\/h3>\n<p>La imaginaci\u00f3n nunca debe verse limitada por las restricciones de un producto. Nuestro 4\u00d78 <a href=\"https:\/\/customacrylicproduct.com\/es\/custom-size-cut-laser-acrylic-sheets-engraving-perspex-sheet\/\">L\u00e1minas acr\u00edlicas onduladas al agua<\/a> se han creado pensando en el productor, ofreciendo un grado de comodidad de procesamiento que fomenta infinitas posibilidades de dise\u00f1o.<\/p>\n<p><strong>F\u00e1cil de cortar, doblar y moldear:\u00a0<\/strong>Las construcciones inherentes al acr\u00edlico hacen que sea extraordinariamente f\u00e1cil colaborar con \u00e9l. Estas grandes planchas de 4\u00d78 pueden reducirse f\u00e1cil y espec\u00edficamente con herramientas b\u00e1sicas de taller, como sierras de mesa con hojas de metal duro, sierras de calar o fresadoras. Adem\u00e1s, pueden taladrarse sin agrietarse ni fracturarse, lo que facilita enormemente su colocaci\u00f3n y montaje. Para dise\u00f1os tridimensionales m\u00e1s sencillos, nuestras planchas acr\u00edlicas reaccionan de maravilla al calor. Pueden termoformarse o curvarse con calor para crear contornos elegantes y \u00e1ngulos personalizados, excelentes para fabricar muebles distintos, mesas con bordes en cascada o divisiones curvas que ser\u00edan dif\u00edciles o prohibitivamente caras de conseguir con vidrio.<\/p>\n<p><strong>Precisi\u00f3n con innovaci\u00f3n l\u00e1ser:\u00a0<\/strong>Para las tareas que exigen la m\u00e1xima precisi\u00f3n e informaci\u00f3n compleja, nuestras planchas son totalmente compatibles con el corte y la rotulaci\u00f3n por l\u00e1ser. Un l\u00e1ser puede trazar sin esfuerzo patrones intrincados, eliminar logotipos minuciosos con bordes perfectamente pulidos o grabar fr\u00e1giles dise\u00f1os en la superficie. Esta capacidad abre un mundo de personalizaci\u00f3n para crear r\u00f3tulos con encanto, atractivos paneles art\u00edsticos, complejas pantallas de exposici\u00f3n para minoristas y art\u00edculos personalizados, lo que la convierte en una posesi\u00f3n inestimable tanto para tiradas de producci\u00f3n a gran escala como para producciones a medida y distintivas. Esta facilidad de procesamiento hace que nuestras planchas sean asequibles no s\u00f3lo para talleres de fabricaci\u00f3n expertos, sino tambi\u00e9n para dise\u00f1adores, artistas y aficionados al bricolaje que deseen dar vida a visiones entusiastas.<\/p>\n<p><a href=\"https:\/\/customacrylicproduct.com\/es\/custom-size-cut-laser-acrylic-sheets-engraving-perspex-sheet\/\"><img decoding=\"async\" class=\"aligncenter wp-image-759 size-full\" src=\"https:\/\/customacrylicproduct.com\/wp-content\/uploads\/2025\/07\/Acrylic-Glass-Sheets-2.jpg\" alt=\"Hojas de cristal acr\u00edlico\" width=\"800\" height=\"800\" srcset=\"https:\/\/customacrylicproduct.com\/wp-content\/uploads\/2025\/07\/Acrylic-Glass-Sheets-2.jpg 800w, https:\/\/customacrylicproduct.com\/wp-content\/uploads\/2025\/07\/Acrylic-Glass-Sheets-2-300x300.jpg 300w, https:\/\/customacrylicproduct.com\/wp-content\/uploads\/2025\/07\/Acrylic-Glass-Sheets-2-150x150.jpg 150w, https:\/\/customacrylicproduct.com\/wp-content\/uploads\/2025\/07\/Acrylic-Glass-Sheets-2-768x768.jpg 768w, https:\/\/customacrylicproduct.com\/wp-content\/uploads\/2025\/07\/Acrylic-Glass-Sheets-2-12x12.jpg 12w, https:\/\/customacrylicproduct.com\/wp-content\/uploads\/2025\/07\/Acrylic-Glass-Sheets-2-600x600.jpg 600w, https:\/\/customacrylicproduct.com\/wp-content\/uploads\/2025\/07\/Acrylic-Glass-Sheets-2-100x100.jpg 100w\" sizes=\"(max-width: 800px) 100vw, 800px\" \/><\/a><\/p>\n<h3 id=\"-area-3-a-combination-of-opportunities-a-rich-range-of-colors-and-finishes-\"><strong>\u00c1rea 3: Una combinaci\u00f3n de oportunidades - Una rica gama de colores y acabados\u00a0<\/strong>.<\/h3>\n<p>El color es el alma de la maquetaci\u00f3n, y nuestro <a href=\"https:\/\/customacrylicproduct.com\/es\/custom-size-cut-laser-acrylic-sheets-engraving-perspex-sheet\/\">L\u00e1minas acr\u00edlicas onduladas al agua<\/a> ofrecen una combinaci\u00f3n vibrante y funcional para dar vida a cualquier visi\u00f3n. Comprendemos que cada proyecto tiene una est\u00e9tica distinta, por eso ofrecemos una opci\u00f3n integral que va mucho m\u00e1s all\u00e1 de los paneles transparentes comunes.<\/p>\n<p><strong>Explore un mundo de color:\u00a0<\/strong>Nuestra colecci\u00f3n consta de una amplia variedad de colores espectaculares, desde azules profundos y significativos y ecol\u00f3gicos hasta rojos y amarillos c\u00e1lidos y acogedores. Estas l\u00e1minas de colores est\u00e1n disponibles en numerosas opacidades para satisfacer sus necesidades espec\u00edficas de transmisi\u00f3n de luz y privacidad personal.<\/p>\n<ul>\n<li><strong>Colores transl\u00facidos:\u00a0<\/strong>Estas l\u00e1minas permiten el paso de la luz al tiempo que la difunden maravillosamente y a\u00f1aden una abundante sombra. Son id\u00f3neas para desarrollar efectos de iluminaci\u00f3n clim\u00e1tica, pantallas de privacidad personal que no oscurecen una zona y claraboyas de colores.<\/li>\n<li><strong>Blanco lechoso y \u00f3palo:\u00a0<\/strong>Esta destacada elecci\u00f3n proporciona una excelente difusi\u00f3n de la luz, desarrollando un resplandor suave y uniforme adecuado para cajas de luz, se\u00f1alizaci\u00f3n retroiluminada y paneles de techo en los que se desea una iluminaci\u00f3n suave y sin sombras.<\/li>\n<li><strong>Colores personalizados:\u00a0<\/strong>Para grandes pedidos al por mayor, podemos tratar con usted la creaci\u00f3n de tonos personalizados que se ajusten a pautas de marca o esquemas de estilo espec\u00edficos, garantizando la mejor comunicaci\u00f3n en su tarea.<\/li>\n<\/ul>\n<p><strong>Efectos de superficie para una mayor medici\u00f3n:\u00a0<\/strong>M\u00e1s all\u00e1 del color, el propio acabado de la superficie puede ser una poderosa herramienta de dise\u00f1o. Aunque la funci\u00f3n principal es la espectacular estructura de ondas de agua, estas l\u00e1minas mantienen un\u00a0<strong>superficie de alto brillo\u00a0<\/strong>que muestra la luz e incluye una sensaci\u00f3n de lujo y profundidad. Esta mezcla de aspecto vibrante y acabado brillante crea un producto visualmente complejo que transforma su aspecto a medida que el cliente se mueve y la luz cambia, garantizando que su trabajo siga siendo interesante y fascinante.<\/p>\n<h3 id=\"-section-4-the-best-alternate-to-glass-toughness-security-and-financial-savings-\"><strong>Secci\u00f3n 4: La mejor alternativa al vidrio: resistencia, seguridad y ahorro econ\u00f3mico\u00a0<\/strong>.<\/h3>\n<p>Durante d\u00e9cadas, el vidrio ha sido la opci\u00f3n por defecto para las aplicaciones transparentes, pero presenta importantes desventajas en cuanto a peso, fragilidad y seguridad. Nuestras l\u00e1minas acr\u00edlicas onduladas al agua ofrecen todas las ventajas est\u00e9ticas del vidrio ornamental sin ninguna de sus limitaciones.<\/p>\n<p><strong>Resistencia al impacto y dureza superiores:\u00a0<\/strong>El pol\u00edmero es famoso por su gran dureza y su incre\u00edble resistencia a los efectos -tanto como\u00a0<strong>17 veces superior al vidrio est\u00e1ndar\u00a0<\/strong>. En comparaci\u00f3n, es pr\u00e1cticamente inastillable. Un golpe que har\u00eda volar fragmentos de cristal da\u00f1inos probablemente s\u00f3lo provocar\u00eda una rotura local o una marca en una l\u00e1mina acr\u00edlica. Esta resistencia fundamental lo convierte en la opci\u00f3n id\u00f3nea para espacios p\u00fablicos muy transitados, instituciones, instalaciones m\u00e9dicas y establecimientos comerciales en los que la seguridad es fundamental. Tambi\u00e9n reduce significativamente las p\u00e9rdidas por rotura durante la construcci\u00f3n, el transporte y la instalaci\u00f3n.<\/p>\n<p><strong>Resistente y extremadamente ligero:\u00a0<\/strong>A pesar de su dureza, el acr\u00edlico pesa menos de la mitad que el vidrio. Esta es una ventaja que cambia las reglas del juego para las aplicaciones al por mayor. Unas planchas m\u00e1s ligeras implican una reducci\u00f3n de los precios de env\u00edo y flete. Son m\u00e1s sencillas y seguras para que los equipos las manejen in situ, lo que minimiza los precios de la mano de obra y el tiempo de montaje. La carga arquitect\u00f3nica minimizada implica que las estructuras de soporte pueden ser mucho menos grandes y caras, lo que permite dise\u00f1os a\u00fan m\u00e1s elegantes y minimalistas.<\/p>\n<p><strong>Calidad excepcional y larga vida \u00fatil:\u00a0<\/strong>Nuestras l\u00e1minas se fabrican con mon\u00f3mero virgen 100% de primera calidad, lo que garantiza una calidad \u00f3ptica fenomenal, un brillo s\u00f3lido y una superficie impecablemente lisa (en la cara no texturizada). Cada l\u00e1mina est\u00e1 protegida por ambas caras por una pel\u00edcula de larga duraci\u00f3n, que detiene los rasgu\u00f1os y ara\u00f1azos durante el transporte y la fabricaci\u00f3n, garantizando que llegue al sitio web de la tarea en un hermoso problema.<\/p>\n<p><a href=\"https:\/\/customacrylicproduct.com\/es\/4x8-colored-water-rippled-acrylic-glass-sheets-wholesale758\/\"><img decoding=\"async\" class=\"aligncenter wp-image-760 size-full\" src=\"https:\/\/customacrylicproduct.com\/wp-content\/uploads\/2025\/07\/Acrylic-Glass-Sheets-3.jpg\" alt=\"Hojas de cristal acr\u00edlico\" width=\"800\" height=\"800\" srcset=\"https:\/\/customacrylicproduct.com\/wp-content\/uploads\/2025\/07\/Acrylic-Glass-Sheets-3.jpg 800w, https:\/\/customacrylicproduct.com\/wp-content\/uploads\/2025\/07\/Acrylic-Glass-Sheets-3-300x300.jpg 300w, https:\/\/customacrylicproduct.com\/wp-content\/uploads\/2025\/07\/Acrylic-Glass-Sheets-3-150x150.jpg 150w, https:\/\/customacrylicproduct.com\/wp-content\/uploads\/2025\/07\/Acrylic-Glass-Sheets-3-768x768.jpg 768w, https:\/\/customacrylicproduct.com\/wp-content\/uploads\/2025\/07\/Acrylic-Glass-Sheets-3-12x12.jpg 12w, https:\/\/customacrylicproduct.com\/wp-content\/uploads\/2025\/07\/Acrylic-Glass-Sheets-3-600x600.jpg 600w, https:\/\/customacrylicproduct.com\/wp-content\/uploads\/2025\/07\/Acrylic-Glass-Sheets-3-100x100.jpg 100w\" sizes=\"(max-width: 800px) 100vw, 800px\" \/><\/a><\/p>\n<h3 id=\"-area-5-multi-purpose-deliberately-a-world-of-applications-\"><strong>\u00c1mbito 5: Polivalencia deliberada: un mundo de aplicaciones\u00a0<\/strong>.<\/h3>\n<p>El verdadero valor de un material se mide por su adaptabilidad. La combinaci\u00f3n especial de encanto, longevidad y trabajabilidad hace que nuestro 4\u00d78 <a href=\"https:\/\/customacrylicproduct.com\/es\/4x8-colored-water-rippled-acrylic-glass-sheets-wholesale758\/\">Hojas de pol\u00edmero ondulado al agua de colores<\/a> ideal para una variedad pr\u00e1cticamente ilimitada de aplicaciones en numerosos mercados.<\/p>\n<ul>\n<li><strong>Dise\u00f1o arquitect\u00f3nico y de interiores:\u00a0<\/strong>Produzca espectaculares superficies de pared con atributos, elegantes divisores de \u00e1reas y \u00fatiles separadores de privacidad en oficinas, hoteles y restaurantes. Util\u00edcelos para paneles de balaustrada, inserciones decorativas en techos y revestimientos de pared \u00fanicos.<\/li>\n<li><strong>Venta al por menor y amabilidad:\u00a0<\/strong>Dise\u00f1e llamativos expositores para puntos de venta que realcen los art\u00edculos. Produzca elegantes estanter\u00edas, modernos frentes de bar y paneles de men\u00fa retroiluminados. Utilice las hojas para desarrollar un entorno de marca envolvente que cautive a los clientes.<\/li>\n<li><strong>Mobiliario y muebles de cocina:\u00a0<\/strong>Cree art\u00edculos de mobiliario a medida con aspectos distintos y distintivos. Util\u00edcelos como sensacionales y ligeros insertos para puertas de armarios en cuartos de ba\u00f1o y cocinas, a\u00f1adiendo una pizca de sombra y un toque de dise\u00f1o moderno.<\/li>\n<li><strong>Se\u00f1alizaci\u00f3n:\u00a0<\/strong>Construya indicadores exteriores resistentes a la intemperie o sofisticados indicadores interiores con iluminaci\u00f3n interna. La superficie texturizada a\u00f1ade una calidad \u00fanica que hace que la se\u00f1alizaci\u00f3n destaque.<\/li>\n<li><strong>Arte, Fotograf\u00eda y Estilo Estable:\u00a0<\/strong>Para los creativos, estas l\u00e1minas son un deseo. Util\u00edcelas como fondos vibrantes para fotograf\u00eda de productos o rodajes de v\u00eddeo. La textura de oleada de agua refracta y difumina magn\u00edficamente la luz, por lo que resulta sencillo producir un aspecto tridimensional y dividido y una sensaci\u00f3n avanzada y atmosf\u00e9rica para fotos y decorados cinematogr\u00e1ficos.<\/li>\n<li><strong>Hazlo t\u00fa mismo y proyectos de manualidades:\u00a0<\/strong>La dimensi\u00f3n de hoja de 4\u00d78 es excelente para maximizar el rendimiento en tareas de menor tama\u00f1o, como monta\u00f1as rusas personalizadas, marcos de im\u00e1genes, joyas, art\u00edculos de dise\u00f1o para el hogar y proyectos art\u00edsticos a medida.<\/li>\n<\/ul>\n<p><strong>Su socio mayorista para el \u00e9xito\u00a0<\/strong>.<\/p>\n<p>Nos dedicamos a ser m\u00e1s que un simple proveedor; somos su socio en el progreso. Al elegir nuestra venta al por mayor 4\u00d78 de color agua ondulado <a href=\"https:\/\/customacrylicproduct.com\/es\/4x8-colored-water-rippled-acrylic-glass-sheets-wholesale758\/\">Planchas acr\u00edlicas<\/a>, est\u00e1 invirtiendo en un producto que cumple en todos los frentes. Ofrecemos precios asequibles en masa, grados de suministro fiables y un compromiso con la alta calidad que garantiza la consistencia en cada hoja. La enorme medida de 4\u00d78 se elige espec\u00edficamente para maximizar la eficacia, reducir los residuos y proporcionar la escala necesaria para tareas ambiciosas.<\/p>\n<p>Eleve sus oficios y tareas especializadas de lo com\u00fan a lo extraordinario.\u00a0<strong>P\u00f3ngase en contacto con nosotros hoy mismo para solicitar un presupuesto al por mayor, pedir muestras de tonos o hablar sobre los requisitos concretos de su pr\u00f3ximo trabajo.\u00a0<\/strong>Vamos a desarrollar algo impresionante entre nosotros.<\/p>","protected":false},"excerpt":{"rendered":"<p>Venta al por mayor de l\u00e1minas acr\u00edlicas onduladas al agua de 4\u00d78 colores. Nuestros paneles texturados \u00fanicos crean un visual l\u00edquido impresionante, perfecto para particiones decorativas, se\u00f1alizaci\u00f3n y muebles personalizados. Duraderas, vibrantes y f\u00e1ciles de fabricar. Obtenga precios directos de f\u00e1brica y explore nuestra gama completa de colores hoy mismo.<\/p>","protected":false},"featured_media":759,"template":"","meta":{"_kad_post_transparent":"default","_kad_post_title":"","_kad_post_layout":"default","_kad_post_sidebar_id":"","_kad_post_content_style":"default","_kad_post_vertical_padding":"default","_kad_post_feature":"","_kad_post_feature_position":"","_kad_post_header":false,"_kad_post_footer":false,"_kad_post_classname":""},"product_brand":[],"product_cat":[24],"product_tag":[81,82,75],"class_list":{"0":"post-758","1":"product","2":"type-product","3":"status-publish","4":"has-post-thumbnail","6":"product_cat-custom-acrylic-sheets","7":"product_tag-acrylic-glass-sheets","8":"product_tag-colored-acrylic-sheets","9":"product_tag-custom-cut-acrylic-sheets","11":"first","12":"instock","13":"shipping-taxable","14":"product-type-simple","15":"entry","16":"content-bg","17":"loop-entry"},"_links":{"self":[{"href":"https:\/\/customacrylicproduct.com\/es\/wp-json\/wp\/v2\/product\/758","targetHints":{"allow":["GET"]}}],"collection":[{"href":"https:\/\/customacrylicproduct.com\/es\/wp-json\/wp\/v2\/product"}],"about":[{"href":"https:\/\/customacrylicproduct.com\/es\/wp-json\/wp\/v2\/types\/product"}],"wp:featuredmedia":[{"embeddable":true,"href":"https:\/\/customacrylicproduct.com\/es\/wp-json\/wp\/v2\/media\/759"}],"wp:attachment":[{"href":"https:\/\/customacrylicproduct.com\/es\/wp-json\/wp\/v2\/media?parent=758"}],"wp:term":[{"taxonomy":"product_brand","embeddable":true,"href":"https:\/\/customacrylicproduct.com\/es\/wp-json\/wp\/v2\/product_brand?post=758"},{"taxonomy":"product_cat","embeddable":true,"href":"https:\/\/customacrylicproduct.com\/es\/wp-json\/wp\/v2\/product_cat?post=758"},{"taxonomy":"product_tag","embeddable":true,"href":"https:\/\/customacrylicproduct.com\/es\/wp-json\/wp\/v2\/product_tag?post=758"}],"curies":[{"name":"wp","href":"https:\/\/api.w.org\/{rel}","templated":true}]}}