{"id":776,"date":"2025-07-09T13:34:19","date_gmt":"2025-07-09T13:34:19","guid":{"rendered":"https:\/\/customacrylicproduct.com\/?post_type=product&#038;p=776"},"modified":"2025-07-09T13:41:50","modified_gmt":"2025-07-09T13:41:50","slug":"bespoke-clear-round-acrylic-perspex-coffee-tables-suppliers","status":"publish","type":"product","link":"https:\/\/customacrylicproduct.com\/es\/bespoke-clear-round-acrylic-perspex-coffee-tables-suppliers\/","title":{"rendered":"Mesas de centro redondas de metacrilato transparente a medida Proveedores"},"content":{"rendered":"<h3 id=\"-the-art-of-invisibility-your-premier-uk-partner-for-bespoke-clear-acrylic-coffee-tables-\"><strong>El arte de la invisibilidad: Su socio principal para mesas de centro de acr\u00edlico transparente a medida <\/strong>.<\/h3>\n<p>En el planeta de la decoraci\u00f3n de interiores moderna, el lujo supremo a menudo no es lo que se ve, sino la sensaci\u00f3n real que estimula una habitaci\u00f3n. Es la sensaci\u00f3n de apertura, luz y elegancia sencilla. En el coraz\u00f3n de estos principios minimalistas se encuentra un material que desaf\u00eda las convenciones: el acr\u00edlico transparente. No somos simples proveedores; somos fabricantes especializados y socios imaginativos, dedicados a crear elegancia, <a href=\"https:\/\/customacrylicproduct.com\/es\/bespoke-clear-round-acrylic-perspex-coffee-tables-suppliers\/\">mesas de centro redondas de metacrilato transparente (plexigl\u00e1s) a medida<\/a> que funcionan como la silenciosa y sensacional pieza central de cualquier tipo de interior moderno.<\/p>\n<p>Hechas a mano con precisi\u00f3n en nuestras instalaciones de fabricaci\u00f3n de East Yorkshire, cada mesa es un testimonio de la artesan\u00eda brit\u00e1nica, el dise\u00f1o de vanguardia y una profunda comprensi\u00f3n de las visiones \u00fanicas de nuestros clientes. Tanto si es usted un dise\u00f1ador de interiores que busca para un proyecto residencial de primera calidad, un comprador industrial que equipa una cafeter\u00eda o una tienda pop-up con estilo, o un comerciante que busca suministrar mobiliario exclusivo de primera calidad, somos su fuente directa de piezas que combinan la elegancia angelical con la funcionalidad cotidiana.<\/p>\n<p>Esto es m\u00e1s que simples muebles. Es arte \u00fatil, hecho a tu medida.<\/p>\n<h3 id=\"-area-1-the-material-of-the-moment-the-polymer-benefit-\"><strong>\u00c1mbito 1: El material del momento - El beneficio del pol\u00edmero\u00a0<\/strong>.<\/h3>\n<p>La base de nuestras mesas de centro es la extraordinaria calidad de nuestro producto elegido: la nueva plancha acr\u00edlica de PMMA de primera calidad. Seleccionamos los mejores materiales para asegurarnos de que cada pieza que producimos no solo cumple los criterios del sector, sino que los supera.<\/p>\n<p><strong>Apertura y agilidad excepcionales\u00a0<\/strong>. Nuestro acr\u00edlico presenta un paso de luz de m\u00e1s de 93%, lo que ofrece una pureza cristalina, similar al vidrio, inigualable. Esta excepcional transparencia produce un resultado \u201cfantasmag\u00f3rico\u201d que permite que la mesa se integre perfectamente en cualquier tipo de ambiente. No controla la habitaci\u00f3n, sino que la eleva. Al permitir que la luz la atraviese y se refleje en sus superficies pulidas, aumenta la sensaci\u00f3n de amplitud, haciendo que incluso los salones m\u00e1s peque\u00f1os o los locales comerciales parezcan m\u00e1s abiertos, ventilados y amplios.<\/p>\n<p><strong>Robustez y seguridad superiores\u00a0<\/strong>. Aunque comparte el atractivo visual del cristal, el acr\u00edlico es muy superior en eficacia. Es irrompible por naturaleza y posee una resistencia al impacto significativamente mayor. Esto hace que nuestras mesas de centro sean una elecci\u00f3n mucho m\u00e1s segura y funcional para hogares con ni\u00f1os y mascotas, adem\u00e1s de para salas de negocios con mucho tr\u00e1fico. Esta dureza se ve reforzada por una excelente resistencia a las condiciones meteorol\u00f3gicas, lo que garantiza que el producto no amarillear\u00e1 ni se estropear\u00e1 con el tiempo, manteniendo su impecable claridad durante varios a\u00f1os. Como testimonio de su m\u00e1xima calidad, nuestro material puede superar la estricta certificaci\u00f3n SGS de seguridad y alta calidad.<\/p>\n<p><strong>Higi\u00e9nico y de f\u00e1cil mantenimiento\u00a0<\/strong>. La superficie no porosa del acr\u00edlico es incre\u00edblemente higi\u00e9nica y f\u00e1cil de limpiar, un atributo crucial tanto para el hogar como para las instalaciones dom\u00e9sticas. Los derrames, las huellas dactilares y el polvo pueden limpiarse con un pa\u00f1o suave y un poco de jab\u00f3n, dejando una superficie bonita y sin rayas. A diferencia de la madera, no se deslustra ni absorbe la humedad y, a diferencia de algunos metales, nunca se oxida ni empa\u00f1a.<\/p>\n<p><a href=\"https:\/\/customacrylicproduct.com\/es\/bespoke-clear-round-acrylic-perspex-coffee-tables-suppliers\/\"><img fetchpriority=\"high\" decoding=\"async\" class=\"alignnone wp-image-779 size-full\" src=\"https:\/\/customacrylicproduct.com\/wp-content\/uploads\/2025\/07\/Acrylic-Coffee-Tables-4.jpg\" alt=\"Mesas de centro acr\u00edlicas\" width=\"1000\" height=\"1000\" srcset=\"https:\/\/customacrylicproduct.com\/wp-content\/uploads\/2025\/07\/Acrylic-Coffee-Tables-4.jpg 1000w, https:\/\/customacrylicproduct.com\/wp-content\/uploads\/2025\/07\/Acrylic-Coffee-Tables-4-300x300.jpg 300w, https:\/\/customacrylicproduct.com\/wp-content\/uploads\/2025\/07\/Acrylic-Coffee-Tables-4-150x150.jpg 150w, https:\/\/customacrylicproduct.com\/wp-content\/uploads\/2025\/07\/Acrylic-Coffee-Tables-4-768x768.jpg 768w, https:\/\/customacrylicproduct.com\/wp-content\/uploads\/2025\/07\/Acrylic-Coffee-Tables-4-12x12.jpg 12w, https:\/\/customacrylicproduct.com\/wp-content\/uploads\/2025\/07\/Acrylic-Coffee-Tables-4-600x600.jpg 600w, https:\/\/customacrylicproduct.com\/wp-content\/uploads\/2025\/07\/Acrylic-Coffee-Tables-4-100x100.jpg 100w\" sizes=\"(max-width: 1000px) 100vw, 1000px\" \/><\/a><\/p>\n<h3 id=\"-area-2-the-workmanship-behind-the-clarity-our-core-modern-technology-and-quality-control-\"><strong>\u00c1rea 2: La mano de obra detr\u00e1s de la claridad: nuestra tecnolog\u00eda moderna y el control de calidad\u00a0<\/strong>.<\/h3>\n<p>Un producto final excelente nace de un proceso de precisi\u00f3n absoluta y t\u00e9cnica magistral. En nuestras instalaciones de fabricaci\u00f3n de East Yorkshire, incorporamos habilidades de acabado a mano consagradas por el tiempo con tecnolog\u00eda moderna de vanguardia para lograr un nivel de alta calidad concreto.<\/p>\n<p><strong>Corte por l\u00e1ser de precisi\u00f3n\u00a0<\/strong>. Cada parte de nuestras mesas comienza con el mejor corte. Hacemos uso de la tecnolog\u00eda m\u00e1s moderna de corte por l\u00e1ser, que garantiza una resistencia de precisi\u00f3n de \u2264 0,3 mm. Esta asombrosa precisi\u00f3n garantiza que todas las piezas encajen a la perfecci\u00f3n, desarrollando l\u00edneas limpias y contornos excelentes, que son las caracter\u00edsticas del dise\u00f1o minimalista de alta gama.<\/p>\n<p><strong>Innovaci\u00f3n en adhesi\u00f3n sin fisuras\u00a0<\/strong>. Uno de los mayores retos de la fabricaci\u00f3n de acr\u00edlico es conseguir juntas indetectables. Nuestros expertos profesionales emplean un proceso de uni\u00f3n especializado y sin trazas que une qu\u00edmicamente elementos de acr\u00edlico entre s\u00ed. Esto da como resultado uniones que no s\u00f3lo son excepcionalmente fuertes, sino que adem\u00e1s son \u00f3pticamente transparentes, creando la ilusi\u00f3n de un tipo solitario y monol\u00edtico. Se garantiza que la superficie del tablero de la mesa est\u00e9 perfectamente nivelada y lisa, sin l\u00edneas perceptibles que interrumpan su suave est\u00e9tica.<\/p>\n<p><strong>Exquisita superficie y terapia lateral\u00a0<\/strong>. La sensaci\u00f3n que transmite un mueble es tan importante como su aspecto. Ofrecemos 2 revestimientos de superficie clave:.<\/p>\n<ul>\n<li><strong>Pulido de alto brillo:\u00a0<\/strong>Nuestro revestimiento convencional, en el que toda la mesa se pule a mano para conseguir un brillo l\u00edquido y deslumbrante que refleja maravillosamente la luz.<\/li>\n<li><strong>Efecto mate\/esmerilado:\u00a0<\/strong>Para un aspecto m\u00e1s suave y difuminado que reduzca los brillos y las huellas, podemos utilizar un acabado congelado avanzado.<\/li>\n<\/ul>\n<p>Adem\u00e1s, prestamos mucha atenci\u00f3n a los bordes, utilizando una t\u00e9cnica de biselado que bisela un poco el lateral. Esto no s\u00f3lo realza el estilo, sino que adem\u00e1s hace que la mesa sea m\u00e1s suave al tacto y m\u00e1s inmune al agrietamiento, garantizando tanto la seguridad como la durabilidad. Todas las mesas se fabrican a partir de\u00a0<strong>Acr\u00edlico de primera calidad de 12 mm\u00a0<\/strong>de serie, lo que le confiere un agradable peso visual y una sensaci\u00f3n de durabilidad.<\/p>\n<p><a href=\"https:\/\/customacrylicproduct.com\/es\/bespoke-clear-round-acrylic-perspex-coffee-tables-suppliers\/\"><img decoding=\"async\" class=\"aligncenter wp-image-778 size-full\" src=\"https:\/\/customacrylicproduct.com\/wp-content\/uploads\/2025\/07\/Acrylic-Coffee-Tables-2.jpg\" alt=\"Mesas de centro acr\u00edlicas\" width=\"1000\" height=\"1000\" srcset=\"https:\/\/customacrylicproduct.com\/wp-content\/uploads\/2025\/07\/Acrylic-Coffee-Tables-2.jpg 1000w, https:\/\/customacrylicproduct.com\/wp-content\/uploads\/2025\/07\/Acrylic-Coffee-Tables-2-300x300.jpg 300w, https:\/\/customacrylicproduct.com\/wp-content\/uploads\/2025\/07\/Acrylic-Coffee-Tables-2-150x150.jpg 150w, https:\/\/customacrylicproduct.com\/wp-content\/uploads\/2025\/07\/Acrylic-Coffee-Tables-2-768x768.jpg 768w, https:\/\/customacrylicproduct.com\/wp-content\/uploads\/2025\/07\/Acrylic-Coffee-Tables-2-12x12.jpg 12w, https:\/\/customacrylicproduct.com\/wp-content\/uploads\/2025\/07\/Acrylic-Coffee-Tables-2-600x600.jpg 600w, https:\/\/customacrylicproduct.com\/wp-content\/uploads\/2025\/07\/Acrylic-Coffee-Tables-2-100x100.jpg 100w\" sizes=\"(max-width: 1000px) 100vw, 1000px\" \/><\/a><\/p>\n<h3 id=\"-area-3-your-vision-understood-our-bespoke-personalization-process-and-service-\"><strong>\u00c1rea 3: Su visi\u00f3n, entendida - Nuestro proceso y servicio de personalizaci\u00f3n a medida\u00a0<\/strong>.<\/h3>\n<p>\u201d A medida\u201d es el n\u00facleo de nuestra filosof\u00eda de servicio. Creemos que los muebles deben ajustarse al espacio, y no al rev\u00e9s. Nuestro proceso conjunto se desarrolla para ser transparente, flexible y centrado en dar vida a su concepto \u00fanico.<\/p>\n<p><strong>Adaptabilidad de dise\u00f1o inigualable\u00a0<\/strong>. Nos encanta la cooperaci\u00f3n y podemos trabajar a partir de sus ilustraciones t\u00e9cnicas, bocetos e incluso im\u00e1genes inspiradoras. Nuestra capacidad de personalizaci\u00f3n es considerable:.<\/p>\n<ul>\n<li><strong>Tama\u00f1o:\u00a0<\/strong>Podemos desarrollar mesas de cualquier tipo de tama\u00f1o, siendo nuestra gama m\u00e1s popular la de\u00a0<strong>De 60 cm a 135 cm\u00a0<\/strong>.<\/li>\n<li><strong>Grosor:\u00a0<\/strong>Elija entre una gama de densidades de acr\u00edlico, normalmente de\u00a0<strong>6mm para piezas ligeras hasta un significativo 20mm o m\u00e1s\u00a0<\/strong>para una declaraci\u00f3n vibrante.<\/li>\n<li><strong>Soporte y base:\u00a0<\/strong>Aunque una mesa de acr\u00edlico puro es magn\u00edfica, podemos integrar otros materiales para adaptarla a su esquema de estilo. Por ejemplo, bases y patas fabricadas en\u00a0<strong>acero inoxidable cepillado, cromo pulido u opulentos aceros chapados en oro\u00a0<\/strong>.<\/li>\n<li><strong>Dise\u00f1o arquitect\u00f3nico:\u00a0<\/strong>Podemos fabricar su mesa con un rendimiento mejorado, como un\u00a0<strong>estilo de doble capa\u00a0<\/strong>para almacenamiento, un\u00a0<strong>montaje desmontable\u00a0<\/strong>para una entrega e instalaci\u00f3n menos complicadas, o incluso innovadoras\u00a0<strong>estilos plegables\u00a0<\/strong>para zonas vers\u00e1tiles.<\/li>\n<\/ul>\n<p><strong>Una colaboraci\u00f3n clara y de confianza\u00a0<\/strong>. Hemos racionalizado nuestro procedimiento para garantizar una experiencia fluida y predecible a nuestros clientes:.<\/p>\n<ol>\n<li><strong>Examen y presupuesto:\u00a0<\/strong>Comparta con nosotros su dise\u00f1o. Le daremos un presupuesto detallado y asesoramiento profesional.<\/li>\n<li><strong>Pruebas\/Prototipos:\u00a0<\/strong>Para dise\u00f1os nuevos o complejos, ofrecemos un servicio de pruebas. Se puede crear un prototipo en tan solo\u00a0<strong>De 3 a 7 d\u00edas,<\/strong>\u00a0del \u00faltimo gasto de un pedido al por mayor. Esto le permite ver y aceptar el art\u00edculo f\u00edsico antes de comprometerse a una tirada de producci\u00f3n completa.<\/li>\n<li><strong>Producci\u00f3n:\u00a0<\/strong>Una vez aceptado el dise\u00f1o, la producci\u00f3n en serie tarda entre\u00a0<strong>10-30 d\u00edas\u00a0<\/strong>, seg\u00fan la complejidad y la cantidad del pedido.<\/li>\n<li><strong>Liquidaci\u00f3n y env\u00edo:\u00a0<\/strong>Nuestro dise\u00f1o de participaci\u00f3n convencional es un\u00a0<strong>Dep\u00f3sito 30%\u00a0<\/strong>para comenzar la producci\u00f3n, con el resto\u00a0<strong>70% deuda antes del env\u00edo\u00a0<\/strong>. Apoyamos plenamente y bienvenida examen de los productos terminados en nuestra f\u00e1brica antes de que el acuerdo final se hace, asegur\u00e1ndose de auto-confianza y la satisfacci\u00f3n completa.<\/li>\n<\/ol>\n<h3 id=\"-area-4-a-style-for-every-story-application-scenarios-and-market-positioning-\"><strong>\u00c1mbito 4: Un estilo para cada historia - Escenarios de aplicaci\u00f3n y posicionamiento en el mercado\u00a0<\/strong>.<\/h3>\n<p>El atractivo de un <a href=\"https:\/\/customacrylicproduct.com\/es\/custom-acrylic-furnitures\/\">mesa de centro de acr\u00edlico transparente<\/a> reside en su incre\u00edble flexibilidad. Es un camale\u00f3n estil\u00edstico, capaz de asegurar una habitaci\u00f3n o mezclarse con la historia, complementando una amplia variedad de apariencias y entornos.<\/p>\n<p><strong>Adaptaci\u00f3n a la situaci\u00f3n:\u00a0<\/strong>.<\/p>\n<ul>\n<li><strong>Espacios habitables residenciales:\u00a0<\/strong>La opci\u00f3n excelente para mantener una sensaci\u00f3n de visibilidad. Combina magn\u00edficamente con sof\u00e1s de felpa y alfombras vivas, permitiendo que esos componentes de la funci\u00f3n irradien.<\/li>\n<li><strong>Caf\u00e9s y Tiendas Hoteles:\u00a0<\/strong>Su durabilidad y facilidad de limpieza lo hacen \u00f3ptimo para uso empresarial. Incluye un toque de tendencia contempor\u00e1nea sin recargar est\u00e9ticamente el espacio.<\/li>\n<li><strong>Estudios y Oficina:\u00a0<\/strong>Proporciona una superficie \u00fatil sin incluir peso est\u00e9tico, anunciando un entorno limpio y centrado.<\/li>\n<li><strong>Espacios comerciales y minoristas:\u00a0<\/strong>Una opci\u00f3n fant\u00e1stica para casas de familia, tiendas pop-up y salas de exposici\u00f3n en las que se busca un aspecto avanzado, moderno y despejado.<\/li>\n<\/ul>\n<p><strong>Estilos de moda:\u00a0<\/strong>. Nuestras mesas van a la vanguardia de las modas del dise\u00f1o contempor\u00e1neo:.<\/p>\n<ul>\n<li><strong>Simplicidad moderna y dise\u00f1o n\u00f3rdico:\u00a0<\/strong>Sus l\u00edneas depuradas y su naturaleza clara son el ep\u00edtome del estilo minimalista y escandinavo.<\/li>\n<li><strong>\u201d Dise\u00f1o \u201dInstagram Star\":\u00a0<\/strong>La combinaci\u00f3n de acr\u00edlico transparente con un elegante\u00a0<strong>base dorada o met\u00e1lica\u00a0<\/strong>es una tendencia ampliamente destacada, que desarrolla una sensaci\u00f3n instant\u00e1nea de prestigio y alta gama, est\u00e9ticamente impactante y muy fotog\u00e9nica.<\/li>\n<\/ul>\n<p>Al ofrecer una pieza que es a la vez un tradicional atemporal y perfectamente a la moda, colocamos nuestras mesas como una inversi\u00f3n sabia, de moda y sostenible para cualquier tipo de trabajo de dise\u00f1o.<\/p>\n<p><a href=\"https:\/\/customacrylicproduct.com\/es\/bespoke-clear-round-acrylic-perspex-coffee-tables-suppliers\/\"><img decoding=\"async\" class=\"aligncenter wp-image-777 size-full\" src=\"https:\/\/customacrylicproduct.com\/wp-content\/uploads\/2025\/07\/Acrylic-Coffee-Tables-1.jpg\" alt=\"Mesas de centro acr\u00edlicas\" width=\"1000\" height=\"1000\" srcset=\"https:\/\/customacrylicproduct.com\/wp-content\/uploads\/2025\/07\/Acrylic-Coffee-Tables-1.jpg 1000w, https:\/\/customacrylicproduct.com\/wp-content\/uploads\/2025\/07\/Acrylic-Coffee-Tables-1-300x300.jpg 300w, https:\/\/customacrylicproduct.com\/wp-content\/uploads\/2025\/07\/Acrylic-Coffee-Tables-1-150x150.jpg 150w, https:\/\/customacrylicproduct.com\/wp-content\/uploads\/2025\/07\/Acrylic-Coffee-Tables-1-768x768.jpg 768w, https:\/\/customacrylicproduct.com\/wp-content\/uploads\/2025\/07\/Acrylic-Coffee-Tables-1-12x12.jpg 12w, https:\/\/customacrylicproduct.com\/wp-content\/uploads\/2025\/07\/Acrylic-Coffee-Tables-1-600x600.jpg 600w, https:\/\/customacrylicproduct.com\/wp-content\/uploads\/2025\/07\/Acrylic-Coffee-Tables-1-100x100.jpg 100w\" sizes=\"(max-width: 1000px) 100vw, 1000px\" \/><\/a><\/p>\n<h3 id=\"-conclusion-companion-with-the-uk-s-polymer-specialists-\"><strong>Conclusiones: Acompa\u00f1ante de un especialista en pol\u00edmeros <\/strong>.<\/h3>\n<p>Cuando elige tratar con nosotros, est\u00e1 eligiendo algo m\u00e1s que un simple proveedor. Est\u00e1 eligiendo a un compa\u00f1ero de fabricaci\u00f3n dedicado a la calidad, la versatilidad y la plena satisfacci\u00f3n del cliente. Est\u00e1 eligiendo un producto hecho a mano, elaborado con tratamiento y precisi\u00f3n en nuestra propia f\u00e1brica. Est\u00e1 eligiendo la seguridad y robustez de un acr\u00edlico irrompible, la elegancia de un dise\u00f1o impecable y la infinita posibilidad de modificaciones a medida.<\/p>\n<p>Perm\u00edtanos ayudarle a crear espacios m\u00e1s luminosos y atractivos. P\u00f3ngase en contacto con nuestro grupo de dise\u00f1o y ventas hoy mismo para hablar de su proyecto, solicitar un ejemplo u obtener un presupuesto sin compromiso. Produzcamos juntos algo fenomenal.<\/p>","protected":false},"excerpt":{"rendered":"<p>Como proveedores especializados, fabricamos mesas de centro redondas de acr\u00edlico transparente a medida que sirven como impresionantes centros de mesa minimalistas. Colabore con nosotros para crear muebles de plexigl\u00e1s a medida que aporten una est\u00e9tica impecable y moderna a sus proyectos de interiorismo de alta gama.<\/p>","protected":false},"featured_media":780,"template":"","meta":{"_kad_post_transparent":"default","_kad_post_title":"","_kad_post_layout":"default","_kad_post_sidebar_id":"","_kad_post_content_style":"default","_kad_post_vertical_padding":"default","_kad_post_feature":"","_kad_post_feature_position":"","_kad_post_header":false,"_kad_post_footer":false,"_kad_post_classname":""},"product_brand":[],"product_cat":[21],"product_tag":[86,69],"class_list":{"0":"post-776","1":"product","2":"type-product","3":"status-publish","4":"has-post-thumbnail","6":"product_cat-custom-acrylic-furnitures","7":"product_tag-acrylic-coffee-tables","8":"product_tag-custom-acrylic-furnitures","10":"first","11":"instock","12":"shipping-taxable","13":"product-type-simple","14":"entry","15":"content-bg","16":"loop-entry"},"_links":{"self":[{"href":"https:\/\/customacrylicproduct.com\/es\/wp-json\/wp\/v2\/product\/776","targetHints":{"allow":["GET"]}}],"collection":[{"href":"https:\/\/customacrylicproduct.com\/es\/wp-json\/wp\/v2\/product"}],"about":[{"href":"https:\/\/customacrylicproduct.com\/es\/wp-json\/wp\/v2\/types\/product"}],"wp:featuredmedia":[{"embeddable":true,"href":"https:\/\/customacrylicproduct.com\/es\/wp-json\/wp\/v2\/media\/780"}],"wp:attachment":[{"href":"https:\/\/customacrylicproduct.com\/es\/wp-json\/wp\/v2\/media?parent=776"}],"wp:term":[{"taxonomy":"product_brand","embeddable":true,"href":"https:\/\/customacrylicproduct.com\/es\/wp-json\/wp\/v2\/product_brand?post=776"},{"taxonomy":"product_cat","embeddable":true,"href":"https:\/\/customacrylicproduct.com\/es\/wp-json\/wp\/v2\/product_cat?post=776"},{"taxonomy":"product_tag","embeddable":true,"href":"https:\/\/customacrylicproduct.com\/es\/wp-json\/wp\/v2\/product_tag?post=776"}],"curies":[{"name":"wp","href":"https:\/\/api.w.org\/{rel}","templated":true}]}}