{"id":916,"date":"2025-07-11T13:24:04","date_gmt":"2025-07-11T13:24:04","guid":{"rendered":"https:\/\/customacrylicproduct.com\/?post_type=product&#038;p=916"},"modified":"2025-07-11T13:45:21","modified_gmt":"2025-07-11T13:45:21","slug":"personalized-clear-acrylic-classroom-office-door-signs","status":"publish","type":"product","link":"https:\/\/customacrylicproduct.com\/es\/personalized-clear-acrylic-classroom-office-door-signs\/","title":{"rendered":"Se\u00f1ales acr\u00edlicas transparentes personalizadas para puertas de oficinas"},"content":{"rendered":"<h3 id=\"-transform-your-space-an-introduction-to-personalized-clear-acrylic-door-indications-\"><strong>Transforme su espacio: Una introducci\u00f3n a las placas acr\u00edlicas transparentes personalizadas para puertas\u00a0<\/strong>.<\/h3>\n<p>En cualquier tipo de ambiente experto o acad\u00e9mico, la primera impresi\u00f3n es vital. Establece el tono, conecta un criterio de alta calidad y da una visi\u00f3n general de los visitantes del sitio con calidad y confianza. Una indicaci\u00f3n de puerta sencilla es con frecuencia el primer factor de contacto f\u00edsico que una persona tiene con su \u00e1rea, ya sea un aprendiz descubriendo su clase, un cliente situando una oficina o un paciente navegando por una cl\u00ednica. Nuestros indicadores de puerta de pol\u00edmero transparente individualizados se fabrican a conciencia para garantizar que esta primera impresi\u00f3n sea de sofisticaci\u00f3n contempor\u00e1nea, excelente profesionalidad y fiabilidad, e identidad a medida.<\/p>\n<p>No son simples bol\u00edgrafos; son declaraciones. Combinan una funcionalidad impecable con una est\u00e9tica avanzada, proporcionando un servicio flexible que realza cualquier tipo de dise\u00f1o. Al dejar atr\u00e1s la se\u00f1alizaci\u00f3n convencional y poco imaginativa, puede aumentar instant\u00e1neamente la calidad visual y la organizaci\u00f3n de su entorno. Esta completa introducci\u00f3n descubre los seis pilares b\u00e1sicos que hacen de nuestros r\u00f3tulos acr\u00edlicos transparentes la elecci\u00f3n excepcional para aulas, oficinas y el pasado: sus extraordinarias caracter\u00edsticas materiales, el sofisticado procedimiento de producci\u00f3n, la infinita capacidad de estilo, los requisitos flexibles, la instalaci\u00f3n sin complicaciones y la amplia aplicabilidad.<\/p>\n<h3 id=\"-1-the-heart-of-radiance-unboxing-the-product-characteristics-\"><strong>1. El coraz\u00f3n del resplandor: Caracter\u00edsticas del producto\u00a0<\/strong>.<\/h3>\n<p>En el n\u00facleo de todo r\u00f3tulo extraordinario se encuentra un material excepcional. Nuestro <a href=\"https:\/\/customacrylicproduct.com\/es\/custom-acrylic-signs\/\">signos ac\u00edlicos<\/a> est\u00e1n fabricados con acr\u00edlico transparente de primera calidad, un material que se ha ganado realmente el nombre de <strong>\u201dcristal de pl\u00e1stico\u201d.\u201d\u00a0<\/strong>Este nombre no es s\u00f3lo un t\u00e9rmino de marketing; habla de las excepcionales propiedades est\u00e9ticas y f\u00edsicas residenciales del producto, que lo sit\u00faan muy por encima del pl\u00e1stico normal o del vidrio vulnerable.<\/p>\n<p><strong>Claridad y comunicaci\u00f3n luminosa inigualables:\u00a0<\/strong>Una de las caracter\u00edsticas m\u00e1s llamativas de nuestro pol\u00edmero es su incre\u00edble transmitancia luminosa, que asciende a\u00a0<strong>93%\u00a0<\/strong>. Tambi\u00e9n es m\u00e1s alto que muchos tipos de cristal, lo que permite que la luz pase con una distorsi\u00f3n marginal. El resultado es un indicador que realmente se siente brillante, ventilado y notablemente claro. Interact\u00faa a la perfecci\u00f3n con la luz ambiental, ya sea la de un pasillo iluminado por el sol o la de la oficina, desarrollando un brillo suave y uniforme que hace que el mensaje y los gr\u00e1ficos impresos aparezcan n\u00edtidos y vivos. Este impacto de \u201cluz suave\u201d evita el brillo extremo, garantizando la legibilidad desde numerosos \u00e1ngulos.<\/p>\n<p><strong>Influencia visual y acabado impecable:\u00a0<\/strong>La superficie del pol\u00edmero es completamente lisa y no porosa, lo que proporciona un lienzo perfecto para la impresi\u00f3n de alta resoluci\u00f3n. Los colores aparecen ricos y fieles a la realidad, creando una s\u00f3lida influencia est\u00e9tica que capta la atenci\u00f3n. Tanto si elige un dise\u00f1o minimalista con un sencillo mensaje en negro como un logotipo a todo color, la base acr\u00edlica mejora su aspecto, ofreci\u00e9ndole una profundidad y viveza que otros materiales no pueden reproducir.<\/p>\n<p><strong>Resistencia y seguridad superiores:\u00a0<\/strong>Aunque tiene la belleza del cristal, el acr\u00edlico posee una inmensa dureza. Tiene una resistencia a los impactos\u00a0<strong>200 veces superior a la del vidrio t\u00edpico\u00a0<\/strong>, lo que la hace pr\u00e1cticamente inastillable. Se trata de una funci\u00f3n de protecci\u00f3n y seguridad vital, especialmente en entornos muy transitados como escuelas, oficinas muy concurridas y centros p\u00fablicos. Los golpes involuntarios de carros, mochilas o muebles en movimiento no causar\u00e1n fragmentos inseguros de material da\u00f1ado.<\/p>\n<p><strong>Resistencia clim\u00e1tica y ecol\u00f3gica destacada:\u00a0<\/strong>Nuestras indicaciones acr\u00edlicas est\u00e1n fabricadas para durar. Cada panel est\u00e1 dise\u00f1ado con una excelente resistencia a la intemperie e integra un alto foco de absorbentes de rayos ultravioleta (UV). Esta alta calidad protectora garantiza que la indicaci\u00f3n no amarillear\u00e1 ni se romper\u00e1 al exponerse a la luz solar con el paso del tiempo, y que los colores impresos no se decolorar\u00e1n. Adem\u00e1s, el material es incre\u00edblemente estable, con un nivel de temperatura de deformaci\u00f3n t\u00e9rmica de\u00a0<strong>\u2265 78 \u00b0 C( 172 \u00b0 F)\u00a0<\/strong>, lo que significa que no se deformar\u00e1 ni perder\u00e1 su forma en ambientes c\u00e1lidos o cuando se instale cerca de fuentes de calor. Para mayor tranquilidad, el pol\u00edmero tiene propiedades autoextinguibles y no se autoinflama, por lo que es una opci\u00f3n segura que cumple con las normas de construcci\u00f3n.<\/p>\n<p><a href=\"https:\/\/customacrylicproduct.com\/es\/personalized-clear-acrylic-classroom-office-door-signs\/\"><img fetchpriority=\"high\" decoding=\"async\" class=\"aligncenter wp-image-919 size-full\" src=\"https:\/\/customacrylicproduct.com\/wp-content\/uploads\/2025\/07\/Acrylic-School-Signs-3.jpg\" alt=\"Letreros escolares acr\u00edlicos\" width=\"800\" height=\"800\" srcset=\"https:\/\/customacrylicproduct.com\/wp-content\/uploads\/2025\/07\/Acrylic-School-Signs-3.jpg 800w, https:\/\/customacrylicproduct.com\/wp-content\/uploads\/2025\/07\/Acrylic-School-Signs-3-300x300.jpg 300w, https:\/\/customacrylicproduct.com\/wp-content\/uploads\/2025\/07\/Acrylic-School-Signs-3-150x150.jpg 150w, https:\/\/customacrylicproduct.com\/wp-content\/uploads\/2025\/07\/Acrylic-School-Signs-3-768x768.jpg 768w, https:\/\/customacrylicproduct.com\/wp-content\/uploads\/2025\/07\/Acrylic-School-Signs-3-12x12.jpg 12w, https:\/\/customacrylicproduct.com\/wp-content\/uploads\/2025\/07\/Acrylic-School-Signs-3-600x600.jpg 600w, https:\/\/customacrylicproduct.com\/wp-content\/uploads\/2025\/07\/Acrylic-School-Signs-3-100x100.jpg 100w\" sizes=\"(max-width: 800px) 100vw, 800px\" \/><\/a><\/p>\n<h3 id=\"-2-the-art-of-production-our-advanced-manufacturing-refine-\"><strong>2. El arte de la producci\u00f3n: Nuestro refinado de fabricaci\u00f3n avanzada\u00a0<\/strong>.<\/h3>\n<p>Un material de primera calidad tiene derecho a un procedimiento de producci\u00f3n avanzado. Integramos tecnolog\u00eda punta con una meticulosa mano de obra para transformar directamente una l\u00e1mina acr\u00edlica b\u00e1sica en una obra de arte personalizada. Nuestras principales t\u00e9cnicas son la impresi\u00f3n UV plana y el grabado l\u00e1ser de precisi\u00f3n, que pueden utilizarse por separado o conjuntamente para lograr el aspecto deseado.<\/p>\n<p><strong>Tecnolog\u00eda de impresi\u00f3n UV de cama plana:\u00a0<\/strong>Este es el requisito de oro para imprimir directamente sobre sustratos r\u00edgidos como el acr\u00edlico. A diferencia de los m\u00e9todos en los que se utiliza un adhesivo, nuestras impresoras UV utilizan tinta directamente sobre la superficie. A medida que la tinta se transfiere, se cura instant\u00e1neamente y se une al acr\u00edlico mediante eficaces luces ultravioletas. Este procedimiento crea un acabado duradero e indeleble que es resistente al raspado, la humedad y la decoloraci\u00f3n. Permite:.<\/p>\n<ul>\n<li><strong>Detalle fotorrealista:\u00a0<\/strong>Podemos recrear intrincados dise\u00f1os de logotipos, patrones complejos y fotos de alta resoluci\u00f3n con una magn\u00edfica nitidez.<\/li>\n<li><strong>Estilos de color vivos y opacos:\u00a0<\/strong>La impresi\u00f3n UV permite publicar una capa de tinta blanca detr\u00e1s de los colores, lo que hace que destaquen con una viveza incre\u00edble, tambi\u00e9n en una historia clara.<\/li>\n<li><strong>Texto n\u00edtido y legible:\u00a0<\/strong>Cada letra y n\u00famero se representa con precisi\u00f3n lancinante, lo que garantiza que su r\u00f3tulo sea f\u00e1cil de comprobar.<\/li>\n<\/ul>\n<p><strong>Grabado l\u00e1ser de precisi\u00f3n:\u00a0<\/strong>Para conseguir un efecto mucho m\u00e1s t\u00e1ctil e innovador, utilizamos la inscripci\u00f3n l\u00e1ser. Un rayo l\u00e1ser altamente enfocado graba su estilo directamente en el acr\u00edlico, desarrollando una apariencia esmerilada y tridimensional. Esta estrategia es ideal para:.<\/p>\n<ul>\n<li><strong>Elegancia refinada:\u00a0<\/strong>Los dise\u00f1os de mensajes o logotipos grabados ofrecen una est\u00e9tica mejorada y \u00fanica que se divierte con la luz y la oscuridad.<\/li>\n<li><strong>A\u00f1adir profundidad:\u00a0<\/strong>Al grabar en el reverso del letrero, el dise\u00f1o parece desplazarse dentro del acr\u00edlico, a\u00f1adiendo una fascinante capa de profundidad.<\/li>\n<li><strong>Patrones intrincados:\u00a0<\/strong>El l\u00e1ser puede producir l\u00edneas incre\u00edblemente finas y complicados patrones geom\u00e9tricos, ofreciendo un nivel de informaci\u00f3n dif\u00edcil de conseguir s\u00f3lo con la impresi\u00f3n.<\/li>\n<\/ul>\n<p>Mediante la incorporaci\u00f3n de estas dos estrategias, podemos desarrollar dise\u00f1os realmente \u00fanicos y de varias capas, como por ejemplo, un logotipo de empresa impreso con UV a todo color acompa\u00f1ado de nombres y t\u00edtulos grabados con l\u00e1ser para conseguir un revestimiento vibrante y de primera calidad.<\/p>\n<p><a href=\"https:\/\/customacrylicproduct.com\/es\/personalized-clear-acrylic-classroom-office-door-signs\/\"><img decoding=\"async\" class=\"aligncenter wp-image-920 size-full\" src=\"https:\/\/customacrylicproduct.com\/wp-content\/uploads\/2025\/07\/Acrylic-School-Signs-4.jpg\" alt=\"Letreros escolares acr\u00edlicos\" width=\"800\" height=\"800\" srcset=\"https:\/\/customacrylicproduct.com\/wp-content\/uploads\/2025\/07\/Acrylic-School-Signs-4.jpg 800w, https:\/\/customacrylicproduct.com\/wp-content\/uploads\/2025\/07\/Acrylic-School-Signs-4-300x300.jpg 300w, https:\/\/customacrylicproduct.com\/wp-content\/uploads\/2025\/07\/Acrylic-School-Signs-4-150x150.jpg 150w, https:\/\/customacrylicproduct.com\/wp-content\/uploads\/2025\/07\/Acrylic-School-Signs-4-768x768.jpg 768w, https:\/\/customacrylicproduct.com\/wp-content\/uploads\/2025\/07\/Acrylic-School-Signs-4-12x12.jpg 12w, https:\/\/customacrylicproduct.com\/wp-content\/uploads\/2025\/07\/Acrylic-School-Signs-4-600x600.jpg 600w, https:\/\/customacrylicproduct.com\/wp-content\/uploads\/2025\/07\/Acrylic-School-Signs-4-100x100.jpg 100w\" sizes=\"(max-width: 800px) 100vw, 800px\" \/><\/a><\/p>\n<h3 id=\"-3-designing-your-identification-the-looks-of-look-\"><strong>3. Dise\u00f1ar su identificaci\u00f3n: El aspecto de la mirada\u00a0<\/strong>.<\/h3>\n<p>El verdadero atractivo de nuestras se\u00f1ales acr\u00edlicas reside en su personalizaci\u00f3n ilimitada. La naturaleza transparente del producto funciona como un lienzo vac\u00edo, lo que le permite incorporarse sin esfuerzo a cualquier ambiente a la vez que sirve como expresi\u00f3n especial de su marca o personalidad.<\/p>\n<p><strong>Integraci\u00f3n camale\u00f3nica:\u00a0<\/strong>Un indicador claro no desentona con su decoraci\u00f3n, sino que hace juego con ella. Tanto si se instala en una puerta de madera r\u00fastica como en una superficie de paneles de yeso pintados, en una estructura de acero lisa o en una mampara de cristal, la apertura del indicador permite que se vea el aspecto y el tono del fondo, creando un aspecto armonioso e integrado que parece deliberado y contempor\u00e1neo.<\/p>\n<p><strong>Personalizaci\u00f3n desatada:\u00a0<\/strong>.<\/p>\n<ul>\n<li><strong>Formaci\u00f3n y tipo:\u00a0<\/strong>No nos limitamos a las formas rectangulares. Su indicaci\u00f3n puede ser un cuadrado o un c\u00edrculo tradicional, un \u00f3valo sofisticado o una forma totalmente personalizada que refleje su logotipo u ofrezca un prop\u00f3sito creativo. Desde un sencillo panel plano hasta una construcci\u00f3n tridimensional de varias capas, las oportunidades arquitect\u00f3nicas son considerables.<\/li>\n<li><strong>Color y v\u00eddeos:\u00a0<\/strong>Gracias a la impresi\u00f3n UV, cualquier combinaci\u00f3n de colores es posible. Podemos igualar completamente los colores Pantone de su marca, imprimir patrones vibrantes o utilizar tonos refinados para un aspecto m\u00e1s discreto. El coloreado y la serigraf\u00eda tambi\u00e9n son alternativas para trabajos concretos, lo que proporciona una gama completa de selecci\u00f3n innovadora.<\/li>\n<li><strong>Estilo y acabado:\u00a0<\/strong>El estilo puede variar desde m\u00ednimo y experto con una l\u00ednea solitaria de mensaje hasta vivo y din\u00e1mico para una clase de parvulario. Podemos conseguir un aspecto totalmente opaco, un impacto semitransparente \u201cesmerilado\u201d o mantener la claridad cristalina en torno a los aspectos del dise\u00f1o para adaptarnos a sus exigencias visuales.<\/li>\n<\/ul>\n<h3 id=\"-4-the-perfect-fit-requirements-and-measurements-\"><strong>4. El ajuste perfecto: Requisitos y medidas\u00a0<\/strong>.<\/h3>\n<p>Una estrategia de talla \u00fanica no sirve para los r\u00f3tulos para expertos. Las dimensiones de un r\u00f3tulo de puerta deben venir dictadas por su finalidad, el alcance de la comprobaci\u00f3n y el entorno que ocupa. Ofrecemos una serie de tama\u00f1os comunes y una personalizaci\u00f3n completa para garantizar que su indicaci\u00f3n tenga unas proporciones impecables.<\/p>\n<p><strong>Tama\u00f1os de los criterios:\u00a0<\/strong>Para mayor comodidad, ofrecemos numerosas dimensiones preferidas que se ha confirmado que funcionan bien en muchos entornos, como por ejemplo\u00a0<strong>29 \u00d7 11 cm (aprox. 11,4\u2033 x 4,3\u2033)\u00a0<\/strong>y\u00a0<strong>29 \u00d7 8 cm (aprox. 11,4\u2033 x 3,1\u2033)\u00a0<\/strong>. Son opciones excepcionales para puertas b\u00e1sicas de oficina y de clase.<\/p>\n<p><strong>A medida Medidas:\u00a0<\/strong>Sus necesidades son distintas, y su se\u00f1al tambi\u00e9n debe serlo. Podemos fabricar indicaciones seg\u00fan sus requisitos exactos.<\/p>\n<ul>\n<li><strong>Para aulas universitarias:\u00a0<\/strong>Un estilo m\u00e1s grande podr\u00eda ser adecuado para garantizar la claridad de un pasillo largo, lo que permite a los alumnos y las madres y los padres para identificar convenientemente su destino.<\/li>\n<li><strong>Para lugares de trabajo privados:\u00a0<\/strong>Una dimensi\u00f3n a\u00fan m\u00e1s muy discreta como\u00a0<strong>20 \u00d7 8 cm (7,9\u2033 x 3,1\u2033)\u00a0<\/strong>o\u00a0<strong>25 \u00d7 10 cm (9,8\u2033 x 3,9\u2033)\u00a0<\/strong>puede utilizar un toque de profesionalidad personalizada y confianza sin abrumar a la puerta.<\/li>\n<li><strong>Para sala de reuniones o directorios:\u00a0<\/strong>Se pueden desarrollar indicadores m\u00e1s grandes y famosos para presentar m\u00e1s informaci\u00f3n o hacer una declaraci\u00f3n de construcci\u00f3n m\u00e1s potente.<\/li>\n<\/ul>\n<p>Trabajamos con usted para establecer el tama\u00f1o y la relaci\u00f3n de aspecto excelentes para su aplicaci\u00f3n concreta, garantizando que el producto final sea a la vez funcional y est\u00e9ticamente equilibrado.<\/p>\n<p><a href=\"https:\/\/customacrylicproduct.com\/es\/custom-acrylic-signs\/\"><img decoding=\"async\" class=\"aligncenter wp-image-918 size-full\" src=\"https:\/\/customacrylicproduct.com\/wp-content\/uploads\/2025\/07\/Acrylic-School-Signs-2.jpg\" alt=\"Letreros escolares acr\u00edlicos\" width=\"800\" height=\"800\" srcset=\"https:\/\/customacrylicproduct.com\/wp-content\/uploads\/2025\/07\/Acrylic-School-Signs-2.jpg 800w, https:\/\/customacrylicproduct.com\/wp-content\/uploads\/2025\/07\/Acrylic-School-Signs-2-300x300.jpg 300w, https:\/\/customacrylicproduct.com\/wp-content\/uploads\/2025\/07\/Acrylic-School-Signs-2-150x150.jpg 150w, https:\/\/customacrylicproduct.com\/wp-content\/uploads\/2025\/07\/Acrylic-School-Signs-2-768x768.jpg 768w, https:\/\/customacrylicproduct.com\/wp-content\/uploads\/2025\/07\/Acrylic-School-Signs-2-12x12.jpg 12w, https:\/\/customacrylicproduct.com\/wp-content\/uploads\/2025\/07\/Acrylic-School-Signs-2-600x600.jpg 600w, https:\/\/customacrylicproduct.com\/wp-content\/uploads\/2025\/07\/Acrylic-School-Signs-2-100x100.jpg 100w\" sizes=\"(max-width: 800px) 100vw, 800px\" \/><\/a><\/p>\n<h3 id=\"-5-easy-style-simple-and-safeguard-installation-\"><strong>5. Estilo f\u00e1cil: Instalaci\u00f3n sencilla y segura\u00a0<\/strong>.<\/h3>\n<p>Un cartel bien hecho debe ser f\u00e1cil de montar. Ofrecemos alternativas de montaje sencillas y protegidas que no requieren la ayuda de especialistas o dispositivos especializados, lo que le permite tener su nueva suscripci\u00f3n en cuesti\u00f3n de minutos.<\/p>\n<p><strong>T\u00e9cnica principal: Adhesivo de doble cara de alta adherencia:\u00a0<\/strong>Uno de los m\u00e9todos m\u00e1s t\u00edpicos y c\u00f3modos es el adhesivo industrial de doble cara preaplicado en la parte posterior de la indicaci\u00f3n. La configuraci\u00f3n es un proceso sencillo de tres pasos:.<\/p>\n<ol>\n<li><strong>Prep\u00e1rate:\u00a0<\/strong>Proceda y marque el ajuste deseado en la superficie de la puerta o la pared. Aseg\u00farese de que la superficie est\u00e9 limpia, seca y libre de suciedad o aceite.<\/li>\n<li><strong>Pelar:\u00a0<\/strong>Arranque con mucho cuidado el papel protector de la parte posterior del cartel para dejar al descubierto el adhesivo.<\/li>\n<li><strong>Prensa:\u00a0<\/strong>Alinee la indicaci\u00f3n con sus marcas y presi\u00f3nela firme y uniformemente contra la superficie durante 30-60 segundos para crear una uni\u00f3n segura y duradera.<\/li>\n<\/ol>\n<p>Este adhesivo est\u00e1 creado para una fuerte adhesi\u00f3n a una variedad de superficies planas, que consisten en puertas pintadas, madera, metal, paneles de yeso, baldosas y vidrio.<\/p>\n<p><strong>Enfoque de elecci\u00f3n: Fijaci\u00f3n con tornillos y separadores:\u00a0<\/strong>Para conseguir un aspecto de construcci\u00f3n m\u00e1s sofisticado, las indicaciones pueden adquirirse con orificios pretaladrados para atornillarlas. Este m\u00e9todo suele incluir la utilizaci\u00f3n de separadores ornamentales, peque\u00f1os postes de acero que mantienen la indicaci\u00f3n algo alejada de la superficie de la pared. Esto crea un sofisticado impacto \u201cflotante\u201d, a\u00f1adiendo profundidad y sombra que aumenta el atractivo est\u00e9tico de la indicaci\u00f3n.<\/p>\n<h3 id=\"-6-a-sign-for-every-area-versatile-applicable-situations-\"><strong>6. Una se\u00f1al para cada zona: Versatilidad de situaciones aplicables\u00a0<\/strong>.<\/h3>\n<p>La mezcla de longevidad, seguridad y elegancia personalizable hace que nuestro<a href=\"https:\/\/customacrylicproduct.com\/es\/custom-acrylic-signs\/\"> indicadores acr\u00edlicos transparentes<\/a> excepcionalmente vers\u00e1tiles. Son el servicio ideal para aportar claridad y dise\u00f1o a una gran variedad de ambientes.<\/p>\n<ul>\n<li><strong>Instituciones educativas:\u00a0<\/strong>Desde los centros preescolares hasta las universidades, estas se\u00f1ales pueden identificar\u00a0<strong>las aulas, los nombres de los instructores, la biblioteca, el despacho del director, la zona de arte o los laboratorios de investigaci\u00f3n cient\u00edfica.\u00a0<\/strong>Su robustez las hace excelentes para resistir el desgaste diario de un ambiente universitario.<\/li>\n<li><strong>Lugares de trabajo corporativos:\u00a0<\/strong>Job una foto iluminada y unificada utilizando se\u00f1ales para\u00a0<strong>lugares de trabajo de los trabajadores, nombres de departamentos (Publicidad, RRHH), sala de reuniones, zonas silenciosas y suites ejecutivas.\u00a0<\/strong>Ayudan a la navegaci\u00f3n y refuerzan una cultura empresarial experta y bien organizada.<\/li>\n<li><strong>Centros de atenci\u00f3n m\u00e9dica:\u00a0<\/strong>En\u00a0<strong>hospitales, centros y consultas privadas,\u00a0<\/strong>Es necesaria una se\u00f1alizaci\u00f3n clara y limpia. Util\u00edcelos para\u00a0<strong>\u00e1reas de examen, consultas m\u00e9dicas, \u00e1reas funcionales y laboratorios.\u00a0<\/strong>La superficie no porosa es tambi\u00e9n muy f\u00e1cil de limpiar e higienizar.<\/li>\n<li><strong>Venta al por menor y amabilidad:\u00a0<\/strong>Visi\u00f3n general de los consumidores y mejora de su marca en\u00a0<strong>centros comerciales, tiendas, complejos tur\u00edsticos y restaurantes.\u00a0<\/strong>Pueden utilizarse para n\u00fameros de \u00e1rea, indicadores de aseo, \u00e1reas \u201cS\u00f3lo para equipos\u201d o placas educativas.<\/li>\n<li><strong>Centros Educativos y Comunitarios:\u00a0<\/strong>Marque claramente\u00a0<strong>salas de formaci\u00f3n, auditorios y oficinas de gesti\u00f3n\u00a0<\/strong>para facilitar la navegaci\u00f3n de visitantes y socios.<\/li>\n<\/ul>\n<p>En todas las situaciones, estos r\u00f3tulos hacen algo m\u00e1s que simplemente determinar un local. Simplifican el tr\u00e1fico peatonal, evitan complicaciones y contribuyen a la imagen general y la calidad del establecimiento, demostrando que un peque\u00f1o detalle puede tener un impacto sustancial.<\/p>","protected":false},"excerpt":{"rendered":"<p>Eleve su oficina o aula con un cartel personalizado de acr\u00edlico transparente. Personalizado con su nombre o logotipo, a\u00f1ade un toque moderno y profesional. Incluye herrajes duraderos para un aspecto elegante y flotante. Una declaraci\u00f3n de estilo y bienvenida para cualquier puerta.<\/p>","protected":false},"featured_media":922,"template":"","meta":{"_kad_post_transparent":"default","_kad_post_title":"","_kad_post_layout":"default","_kad_post_sidebar_id":"","_kad_post_content_style":"default","_kad_post_vertical_padding":"default","_kad_post_feature":"","_kad_post_feature_position":"","_kad_post_header":false,"_kad_post_footer":false,"_kad_post_classname":""},"product_brand":[],"product_cat":[18],"product_tag":[94,84,51],"class_list":{"0":"post-916","1":"product","2":"type-product","3":"status-publish","4":"has-post-thumbnail","6":"product_cat-custom-acrylic-signs","7":"product_tag-acrylic-school-signs","8":"product_tag-clear-acrylic-signs","9":"product_tag-custom-acrylic-signs","11":"first","12":"instock","13":"shipping-taxable","14":"product-type-simple","15":"entry","16":"content-bg","17":"loop-entry"},"_links":{"self":[{"href":"https:\/\/customacrylicproduct.com\/es\/wp-json\/wp\/v2\/product\/916","targetHints":{"allow":["GET"]}}],"collection":[{"href":"https:\/\/customacrylicproduct.com\/es\/wp-json\/wp\/v2\/product"}],"about":[{"href":"https:\/\/customacrylicproduct.com\/es\/wp-json\/wp\/v2\/types\/product"}],"wp:featuredmedia":[{"embeddable":true,"href":"https:\/\/customacrylicproduct.com\/es\/wp-json\/wp\/v2\/media\/922"}],"wp:attachment":[{"href":"https:\/\/customacrylicproduct.com\/es\/wp-json\/wp\/v2\/media?parent=916"}],"wp:term":[{"taxonomy":"product_brand","embeddable":true,"href":"https:\/\/customacrylicproduct.com\/es\/wp-json\/wp\/v2\/product_brand?post=916"},{"taxonomy":"product_cat","embeddable":true,"href":"https:\/\/customacrylicproduct.com\/es\/wp-json\/wp\/v2\/product_cat?post=916"},{"taxonomy":"product_tag","embeddable":true,"href":"https:\/\/customacrylicproduct.com\/es\/wp-json\/wp\/v2\/product_tag?post=916"}],"curies":[{"name":"wp","href":"https:\/\/api.w.org\/{rel}","templated":true}]}}