{"id":925,"date":"2025-07-11T13:34:12","date_gmt":"2025-07-11T13:34:12","guid":{"rendered":"https:\/\/customacrylicproduct.com\/?post_type=product&#038;p=925"},"modified":"2025-07-17T11:56:28","modified_gmt":"2025-07-17T11:56:28","slug":"acrylic-pipe-extruded-clear-rigid-round-tubes-wholesalers","status":"publish","type":"product","link":"https:\/\/customacrylicproduct.com\/es\/acrylic-pipe-extruded-clear-rigid-round-tubes-wholesalers\/","title":{"rendered":"Tubos acr\u00edlicos extruidos Tubos redondos r\u00edgidos transparentes Mayoristas"},"content":{"rendered":"<h3 id=\"-the-premier-wholesale-resource-for-extruded-clear-stiff-round-acrylic-tubes-clarity-resilience-and-unmatched-versatility-\"><strong>El principal recurso para la venta al por mayor de tubos acr\u00edlicos redondos r\u00edgidos transparentes extruidos: Claridad, resistencia y versatilidad sin igual\u00a0<\/strong>.<\/h3>\n<p>En el asequible panorama comercial y empresarial actual, los productos que elige son un reflejo directo de su compromiso con la calidad, el rendimiento y el desarrollo. Para las empresas que requieren una calidad sin concesiones, honradez estructural duradera y capacidad de aplicaci\u00f3n funcional, no hay alternativa a los productos extruidos de primera calidad. <a href=\"https:\/\/customacrylicproduct.com\/es\/custom-acrylic-rods-tubes\/\">tubos acr\u00edlicos redondos r\u00edgidos transparentes.<\/a><\/p>\n<p>Como proveedor mayorista l\u00edder, nos concentramos en suministrar regularmente tubos de PMMA (polimetilmetacrilato) de alta calidad a servicios, representantes y fabricantes a gran escala. Nuestros productos no son s\u00f3lo elementos; son los aspectos fundacionales que impulsan el \u00e9xito en multitud de mercados. Desde la sofisticada iluminaci\u00f3n arquitect\u00f3nica hasta el control cr\u00edtico de fluidos industriales, nuestros tubos acr\u00edlicos extruidos proporcionan la eficacia que requieren sus tareas y el valor que necesitan sus beneficios.<\/p>\n<p>Esta introducci\u00f3n ofrece una visi\u00f3n general de nuestro producto estrella, detallando su composici\u00f3n, sus incomparables ventajas y el amplio espectro de aplicaciones que fomenta. As\u00f3ciese con nosotros y descubra una soluci\u00f3n para la cadena de suministro basada en la fiabilidad, el conocimiento y un objetivo com\u00fan de calidad.<\/p>\n<h4 id=\"-area-1-understanding-the-core-product-extruded-pmma-tubes-\"><strong>\u00c1rea 1: Entender el producto principal - Tubos de PMMA extruido\u00a0<\/strong>.<\/h4>\n<p>Para apreciar totalmente el valor de nuestros tubos acr\u00edlicos, es importante reconocer el material y el procedimiento de fabricaci\u00f3n que les confiere sus caracter\u00edsticas distintivas.<\/p>\n<p><strong>\u00bfQu\u00e9 es el PMMA?\u00a0<\/strong>.<\/p>\n<p>El polimetacrilato de metilo, normalmente conocido por marcas como Plexiglass\u00ae, Lucite\u00ae o Perspex\u00ae, es un homopol\u00edmero termopl\u00e1stico transparente. A menudo se describe simplemente como \u201cacr\u00edlico\u201d. Popular por su claridad similar al vidrio, pero con una dureza excepcional y una parte del peso, el PMMA se ha convertido en un material de referencia para aplicaciones en las que la apertura y la longevidad son fundamentales.<\/p>\n<p><strong>La ventaja de la extrusi\u00f3n: Uniformidad y rentabilidad\u00a0<\/strong>.<\/p>\n<p>Nuestros tubos se fabrican con un proceso denominado\u00a0<strong>extrusi\u00f3n\u00a0<\/strong>. Este m\u00e9todo implica:.<\/p>\n<ol>\n<li><strong>Fundici\u00f3n:\u00a0<\/strong>Los gr\u00e1nulos de PMMA de alta calidad se calientan hasta fundirse.<\/li>\n<li><strong>Extrusi\u00f3n:\u00a0<\/strong>A continuaci\u00f3n, el producto licuado es forzado (extruido) a trav\u00e9s de una matriz redonda y un mandril de calibrado, que le da forma de tubo continuo completamente redondeado.<\/li>\n<li><strong>Refrigeraci\u00f3n:\u00a0<\/strong>La televisi\u00f3n se enfr\u00eda a fondo a un ritmo controlado para reforzar su forma y garantizar su estabilidad arquitect\u00f3nica, reduciendo la tensi\u00f3n y las ansiedades internas.<\/li>\n<\/ol>\n<p>Este procedimiento de extrusi\u00f3n es crucial para una serie de beneficios cruciales para los compradores al por mayor:.<\/p>\n<ul>\n<li><strong>Tama\u00f1o y densidad de pared uniformes:\u00a0<\/strong>La extrusi\u00f3n crea tubos con una notable uniformidad a lo largo de toda su longitud, lo que garantiza tolerancias ajustadas esenciales para instalaciones de precisi\u00f3n, l\u00edneas de producci\u00f3n y construcciones automatizadas.<\/li>\n<li><strong>Rentabilidad de los pedidos masivos:\u00a0<\/strong>Para tama\u00f1os t\u00edpicos y tiradas de fabricaci\u00f3n largas, la extrusi\u00f3n es un m\u00e9todo de producci\u00f3n extremadamente eficaz y asequible, que nos permite repercutir considerables ahorros de gastos a nuestros compa\u00f1eros mayoristas.<\/li>\n<li><strong>Excelente acabado superficial:\u00a0<\/strong>El proceso da lugar a una superficie lisa y clara que requiere un pulido posterior m\u00ednimo o nulo para muchas aplicaciones.<\/li>\n<\/ul>\n<p>Si bien el pol\u00edmero fundido tiene su lugar (a menudo favorecido por su maquinabilidad de primera calidad en instalaciones, componentes \u00fanicos),\u00a0<strong>Los tubos acr\u00edlicos exprimidos son la elecci\u00f3n indiscutible para aplicaciones directas, demandas masivas y trabajos en los que la uniformidad dimensional no es negociable.\u00a0<\/strong>.<\/p>\n<p><a href=\"https:\/\/customacrylicproduct.com\/es\/acrylic-pipe-extruded-clear-rigid-round-tubes-wholesalers\/\"><img fetchpriority=\"high\" decoding=\"async\" class=\"aligncenter wp-image-927 size-full\" src=\"https:\/\/customacrylicproduct.com\/wp-content\/uploads\/2025\/07\/Acrylic-Tubes-For-Sale-2.jpg\" alt=\"Venta de tubos acr\u00edlicos\" width=\"800\" height=\"800\" srcset=\"https:\/\/customacrylicproduct.com\/wp-content\/uploads\/2025\/07\/Acrylic-Tubes-For-Sale-2.jpg 800w, https:\/\/customacrylicproduct.com\/wp-content\/uploads\/2025\/07\/Acrylic-Tubes-For-Sale-2-300x300.jpg 300w, https:\/\/customacrylicproduct.com\/wp-content\/uploads\/2025\/07\/Acrylic-Tubes-For-Sale-2-150x150.jpg 150w, https:\/\/customacrylicproduct.com\/wp-content\/uploads\/2025\/07\/Acrylic-Tubes-For-Sale-2-768x768.jpg 768w, https:\/\/customacrylicproduct.com\/wp-content\/uploads\/2025\/07\/Acrylic-Tubes-For-Sale-2-12x12.jpg 12w, https:\/\/customacrylicproduct.com\/wp-content\/uploads\/2025\/07\/Acrylic-Tubes-For-Sale-2-600x600.jpg 600w, https:\/\/customacrylicproduct.com\/wp-content\/uploads\/2025\/07\/Acrylic-Tubes-For-Sale-2-100x100.jpg 100w\" sizes=\"(max-width: 800px) 100vw, 800px\" \/><\/a><\/p>\n<h4 id=\"-area-2-the-unequaled-quality-of-our-clear-stiff-polymer-tubes-\"><strong>\u00c1rea 2: La calidad inigualable de nuestros tubos de pol\u00edmero r\u00edgido transparente\u00a0<\/strong>.<\/h4>\n<p>Nuestra dedicaci\u00f3n a la alta calidad comienza con el abastecimiento del mejor material PMMA, lo que da como resultado un art\u00edculo acabado con una gran cantidad de hogares de primera calidad.<\/p>\n<p><strong>1. Claridad \u00f3ptica y transmisi\u00f3n de la luz superiores\u00a0<\/strong>. La marca distintiva de nuestros tubos acr\u00edlicos es su transparencia cristalina. Con un precio de transmisi\u00f3n de la luz de alrededor de 92%, supera al del vidrio est\u00e1ndar y otros muchos pl\u00e1sticos. Esta excepcional cualidad no es simplemente un atributo est\u00e9tico; es una ventaja \u00fatil.<\/p>\n<ul>\n<li><strong>Beneficios para usted:\u00a0<\/strong>Para las pantallas de venta, los difusores de iluminaci\u00f3n y las gafas de visi\u00f3n, esto implica una visi\u00f3n real e inalterada del art\u00edculo, la luz o el fluido que contienen. A diferencia de otros pl\u00e1sticos que pueden tener un tinte azulado o amarillento, nuestros tubos ofrecen una herramienta incolora y hermosa. Adem\u00e1s, nuestro PMMA est\u00e1 desarrollado para la seguridad UV, resistiendo el amarilleamiento y la destrucci\u00f3n con el tiempo, tambi\u00e9n en aplicaciones exteriores o con luz de alta intensidad.<\/li>\n<\/ul>\n<p><strong>2. Resistencia y resiliencia a los efectos realmente altas\u00a0<\/strong>. No se deje enga\u00f1ar por su aspecto de cristal. Nuestros tubos acr\u00edlicos inflexibles son extremadamente resistentes. Presume de una resistencia al impacto\u00a0<strong>De 10 a 20 veces superior a la del vidrio est\u00e1ndar\u00a0<\/strong>del mismo grosor.<\/p>\n<ul>\n<li><strong>Beneficio para usted:\u00a0<\/strong>Esto se traduce directamente en una reducci\u00f3n de los gastos y una mayor seguridad. Las roturas durante la entrega, el mantenimiento y la instalaci\u00f3n disminuyen considerablemente. Para los productos terminados, esta robustez indica una vida \u00fatil mucho m\u00e1s larga y una mayor resistencia a los da\u00f1os no intencionados, salvaguardando el historial de calidad de su marca. Es el material ideal para instalaciones p\u00fablicas muy frecuentadas, cajas de seguridad y entornos industriales.<\/li>\n<\/ul>\n<p><strong>3. Fuerte seguridad qu\u00edmica\u00a0<\/strong>. Nuestros tubos de PMMA exhiben una magn\u00edfica resistencia a una gran variedad de productos qu\u00edmicos t\u00edpicos, como \u00e1cidos y \u00e1lcalis d\u00e9biles, aceites, grasas y remedios salinos.<\/p>\n<ul>\n<li><strong>Beneficios para usted:\u00a0<\/strong>Esta seguridad lo convierte en una selecci\u00f3n fiable para equipos de laboratorio, transporte de alimentos y bebidas (busque los detalles de las acreditaciones de calidad alimentaria) y l\u00edneas de procesamiento industrial en las que la exposici\u00f3n a numerosas sustancias es un hecho cotidiano. Adem\u00e1s, su superficie no porosa es f\u00e1cil de limpiar y esterilizar.<\/li>\n<\/ul>\n<p><strong>4. Ligero y f\u00e1cil de manejar\u00a0<\/strong>. El acr\u00edlico pesa aproximadamente la mitad que el vidrio.<\/p>\n<ul>\n<li><strong>Beneficios para usted:\u00a0<\/strong>Esta importante reducci\u00f3n de peso aporta una cascada de ventajas. Se reducen los gastos de env\u00edo y log\u00edstica. La instalaci\u00f3n es m\u00e1s r\u00e1pida y segura, y a menudo puede realizarla menos personal. La reducci\u00f3n de las toneladas estructurales es una ventaja significativa en aplicaciones arquitect\u00f3nicas, ya que permite dise\u00f1os m\u00e1s entusiastas sin necesidad de pesadas estructuras de soporte.<\/li>\n<\/ul>\n<p><a href=\"https:\/\/customacrylicproduct.com\/es\/custom-acrylic-rods-tubes\/\"><img decoding=\"async\" class=\"aligncenter wp-image-929 size-full\" src=\"https:\/\/customacrylicproduct.com\/wp-content\/uploads\/2025\/07\/Acrylic-Tubes-For-Sale.jpg\" alt=\"Venta de tubos acr\u00edlicos\" width=\"800\" height=\"800\" srcset=\"https:\/\/customacrylicproduct.com\/wp-content\/uploads\/2025\/07\/Acrylic-Tubes-For-Sale.jpg 800w, https:\/\/customacrylicproduct.com\/wp-content\/uploads\/2025\/07\/Acrylic-Tubes-For-Sale-300x300.jpg 300w, https:\/\/customacrylicproduct.com\/wp-content\/uploads\/2025\/07\/Acrylic-Tubes-For-Sale-150x150.jpg 150w, https:\/\/customacrylicproduct.com\/wp-content\/uploads\/2025\/07\/Acrylic-Tubes-For-Sale-768x768.jpg 768w, https:\/\/customacrylicproduct.com\/wp-content\/uploads\/2025\/07\/Acrylic-Tubes-For-Sale-12x12.jpg 12w, https:\/\/customacrylicproduct.com\/wp-content\/uploads\/2025\/07\/Acrylic-Tubes-For-Sale-600x600.jpg 600w, https:\/\/customacrylicproduct.com\/wp-content\/uploads\/2025\/07\/Acrylic-Tubes-For-Sale-100x100.jpg 100w\" sizes=\"(max-width: 800px) 100vw, 800px\" \/><\/a><\/p>\n<p><strong>5. Alta transparencia para vigilar los fluidos\u00a0<\/strong>. Como no pod\u00eda ser de otra manera, la belleza de la televisi\u00f3n la hace excepcionalmente\u00a0<strong>f\u00e1cil ver el flujo de l\u00edquido.\u00a0<\/strong>.<\/p>\n<ul>\n<li><strong>Beneficio para usted:\u00a0<\/strong>Se trata de una funci\u00f3n cr\u00edtica en numerosas instalaciones comerciales y cient\u00edficas. Nuestros tubos se utilizan ampliamente como mirillas e indicadores del nivel de fluidos en maquinaria, en sistemas de filtrado y en instrumentos cl\u00ednicos. Permiten una r\u00e1pida confirmaci\u00f3n est\u00e9tica de los precios del flujo, el color y la claridad de los l\u00edquidos sin necesidad de sensores complicados.<\/li>\n<\/ul>\n<p><strong>6. Excelente resistencia a la intemperie y a la temperatura\u00a0<\/strong>. Nuestra <a href=\"https:\/\/customacrylicproduct.com\/es\/custom-acrylic-rods-tubes\/\">tubos acr\u00edlicos extruidos<\/a> funcionan de forma fiable en una amplia variedad de niveles de temperatura de soluci\u00f3n. Mantienen sus propiedades residenciales tanto en ambientes fr\u00edos como calientes y son intr\u00ednsecamente inmunes a los efectos destructivos de la intemperie y la radiaci\u00f3n UV, lo que las hace adecuadas para muchas aplicaciones en exteriores.<\/p>\n<h4 id=\"-section-3-an-universe-of-applications-driving-technology-throughout-industries-\"><strong>Secci\u00f3n 3: Un universo de aplicaciones: la tecnolog\u00eda al servicio de la industria\u00a0<\/strong>.<\/h4>\n<p>La versatilidad de nuestros tubos acr\u00edlicos transparentes inflexibles s\u00f3lo est\u00e1 limitada por su creatividad. Como mayorista, puede suministrar con confianza este \u00fanico producto a un variado perfil de clientes.<\/p>\n<ul>\n<li><strong>Industrial y Producci\u00f3n:\u00a0<\/strong>La base de numerosos procesos industriales.<\/li>\n<li><strong>Carcasas protectoras:\u00a0<\/strong>Se utilizan como fundas duraderas y transparentes para cables sensibles, cables y piezas electr\u00f3nicas, protegi\u00e9ndolos de la suciedad, la humedad y los efectos.<\/li>\n<li><strong>Manipulaci\u00f3n de l\u00edquidos y neum\u00e1tica:\u00a0<\/strong>Perfecto para sistemas de transporte accionados neum\u00e1ticamente, mirillas en dep\u00f3sitos hidr\u00e1ulicos y tuber\u00edas para fluidos de proceso en los que es necesaria la vigilancia visual.<\/li>\n<li><strong>Guardias del fabricante:\u00a0<\/strong>Proporciona una barrera segura y transparente alrededor de los componentes m\u00f3viles de la m\u00e1quina sin obstruir la visi\u00f3n del conductor.<\/li>\n<li><strong>Luces e iluminaci\u00f3n:\u00a0<\/strong>El preferido de los dise\u00f1adores y fabricantes de iluminaci\u00f3n.<\/li>\n<li><strong>Difusores LED:\u00a0<\/strong>La excepcional transmisi\u00f3n de la luz y las propiedades difusoras naturales producen una iluminaci\u00f3n suave y uniforme para la iluminaci\u00f3n de edificios, instalaciones comerciales y proyectos LED personalizados.<\/li>\n<li><strong>L\u00e1mparas y faroles:\u00a0<\/strong>Forma el cuerpo estructural y visual de estilos de iluminaci\u00f3n modernos y atemporales, tanto en interiores como en exteriores.<\/li>\n<li><strong>Venta al por menor, PLV y se\u00f1alizaci\u00f3n:\u00a0<\/strong>Produzca accesorios comerciales visualmente impactantes y duraderos.<\/li>\n<li><strong>Expositores de productos:\u00a0<\/strong>Se utilizan como contrahuellas, soportes y aspectos estructurales en pantallas cosm\u00e9ticas y de venta al por menor de primera calidad.<\/li>\n<li><strong>Indicadores:\u00a0<\/strong>Una soluci\u00f3n sencilla y elegante para presentar informaci\u00f3n en vest\u00edbulos, exposiciones y comercios.<\/li>\n<li><strong>Estilo y estructura Materiales:\u00a0<\/strong>Mezcla de forma y funcionalidad en la construcci\u00f3n moderna.<\/li>\n<li><strong>Barandillas y pasamanos:\u00a0<\/strong>Proporciona una opci\u00f3n moderna y minimalista al cristal o al metal, ofreciendo seguridad y protecci\u00f3n con una vista sin obst\u00e1culos.<\/li>\n<li><strong>Aspectos de dise\u00f1o interior:\u00a0<\/strong>Se utilizan como columnas decorativas, tabiques y funciones imaginativas que juegan con la luz y el espacio.<\/li>\n<li><strong>Ciencias Acu\u00e1ticas y de la Vida:\u00a0<\/strong>La selecci\u00f3n clara para atm\u00f3sferas de base acuosa.<\/li>\n<li><strong>Acuarios y peceras:\u00a0<\/strong>Se utiliza en sistemas de filtrado, tubos de rebose y sumideros a medida tanto para acuarios de aficionados como para acuarios p\u00fablicos masivos.<\/li>\n<li><strong>Laboratorio de investigaci\u00f3n Dispositivos:\u00a0<\/strong>Constituye la base de aparatos de laboratorio, biorreactores y equipos de cribado debido a su claridad y estabilidad qu\u00edmica.<\/li>\n<li><strong>Manualidades, bricolaje y creaci\u00f3n de prototipos:\u00a0<\/strong>Un material b\u00e1sico para los dise\u00f1adores.<\/li>\n<li><strong>Fabricaci\u00f3n de modelos:\u00a0<\/strong>Perfecto para construir versiones arquitect\u00f3nicas y prototipos de ingenier\u00eda.<\/li>\n<li><strong>Instalaciones art\u00edsticas:\u00a0<\/strong>Utilizado por artistas y dise\u00f1adores para esculturas y montajes que interact\u00faan con la luz.<\/li>\n<\/ul>\n<p><a href=\"https:\/\/customacrylicproduct.com\/es\/acrylic-pipe-extruded-clear-rigid-round-tubes-wholesalers\/\"><img decoding=\"async\" class=\"aligncenter wp-image-926 size-full\" src=\"https:\/\/customacrylicproduct.com\/wp-content\/uploads\/2025\/07\/Acrylic-Tubes-For-Sale-1.jpg\" alt=\"Venta de tubos acr\u00edlicos\" width=\"800\" height=\"800\" srcset=\"https:\/\/customacrylicproduct.com\/wp-content\/uploads\/2025\/07\/Acrylic-Tubes-For-Sale-1.jpg 800w, https:\/\/customacrylicproduct.com\/wp-content\/uploads\/2025\/07\/Acrylic-Tubes-For-Sale-1-300x300.jpg 300w, https:\/\/customacrylicproduct.com\/wp-content\/uploads\/2025\/07\/Acrylic-Tubes-For-Sale-1-150x150.jpg 150w, https:\/\/customacrylicproduct.com\/wp-content\/uploads\/2025\/07\/Acrylic-Tubes-For-Sale-1-768x768.jpg 768w, https:\/\/customacrylicproduct.com\/wp-content\/uploads\/2025\/07\/Acrylic-Tubes-For-Sale-1-12x12.jpg 12w, https:\/\/customacrylicproduct.com\/wp-content\/uploads\/2025\/07\/Acrylic-Tubes-For-Sale-1-600x600.jpg 600w, https:\/\/customacrylicproduct.com\/wp-content\/uploads\/2025\/07\/Acrylic-Tubes-For-Sale-1-100x100.jpg 100w\" sizes=\"(max-width: 800px) 100vw, 800px\" \/><\/a><\/p>\n<h4 id=\"-section-4-the-wholesale-benefit-your-strategic-supply-partner-\"><strong>Secci\u00f3n 4: El beneficio del mayorista: su socio estrat\u00e9gico de suministro\u00a0<\/strong>.<\/h4>\n<p>Entendemos que los clientes mayoristas necesitan algo m\u00e1s que un art\u00edculo de alta calidad: necesitan un socio fiable. Todo nuestro funcionamiento est\u00e1 estructurado para sostener su empresa y garantizar su \u00e9xito.<\/p>\n<ul>\n<li><strong>Precios de masas competitivos:\u00a0<\/strong>Al concentrarnos en la fabricaci\u00f3n de grandes vol\u00famenes y una log\u00edstica fiable, proporcionamos marcos de precios extremadamente asequibles que le permiten maximizar sus m\u00e1rgenes.<\/li>\n<li><strong>Amplias existencias:\u00a0<\/strong>Mantenemos un amplio inventario de los di\u00e1metros y densidades de superficie de pared m\u00e1s habituales, lo que garantiza una r\u00e1pida entrega y unos plazos de entrega reducidos para sus pedidos m\u00e1s urgentes.<\/li>\n<li><strong>Soluciones a medida:\u00a0<\/strong>Reduzca sus costes de mano de obra y el desperdicio de producto. Proporcionamos servicios de corte a medida de precisi\u00f3n, entregando tubos listos para su uso inmediato en sus tareas o para la reventa a sus consumidores.<\/li>\n<li><strong>Garant\u00eda de calidad:\u00a0<\/strong>Cada juego de nuestros tubos acr\u00edlicos extruidos se somete a rigurosos controles de calidad para garantizar que cumple nuestros elevados criterios de calidad, precisi\u00f3n dimensional e integridad estructural. Puede construir su servicio sobre la base de la consistencia de nuestro suministro.<\/li>\n<li><strong>Apoyo de expertos:\u00a0<\/strong>Nuestro equipo es mucho m\u00e1s que simples receptores de pedidos. Somos profesionales de todo el mundo capaces de ofrecer datos t\u00e9cnicos, asesoramiento sobre aplicaciones y soluciones adaptadas a sus necesidades espec\u00edficas.<\/li>\n<\/ul>\n<p><strong>Veredicto: Elige Claridad, Elige Resistencia, Elige Asociaci\u00f3n\u00a0<\/strong>.<\/p>\n<p>Extruido <a href=\"https:\/\/customacrylicproduct.com\/es\/custom-acrylic-rods-tubes\/\">tubo acr\u00edlico redondo inflexible transparente<\/a> es m\u00e1s que una simple tuber\u00eda de pl\u00e1stico; es una soluci\u00f3n de ingenier\u00eda que ofrece una combinaci\u00f3n inigualable de claridad \u00f3ptica, longevidad f\u00edsica y adaptabilidad de dise\u00f1o.<\/p>\n<p>Al elegirnos como su proveedor mayorista, est\u00e1 protegiendo un eslab\u00f3n vital de su cadena de suministro. Est\u00e1 comprando un producto que satisfar\u00e1 las demandas de sus diversos clientes y una asociaci\u00f3n que se compromete a ayudarle a expandirse.<\/p>\n<p>Eleve sus proyectos y potencie su negocio con lo mejor.<\/p>\n<p><strong>P\u00f3ngase en contacto hoy mismo con nuestro grupo de ventas B2B para solicitar una revista detallada, revisar sus necesidades espec\u00edficas o recibir un presupuesto asequible para su pr\u00f3ximo pedido al por mayor.\u00a0<\/strong>.<\/p>","protected":false},"excerpt":{"rendered":"<p>Como principal mayorista, suministramos tubos acr\u00edlicos extruidos de primera calidad. Nuestros tubos redondos transparentes y r\u00edgidos ofrecen una claridad \u00f3ptica y una resistencia al impacto superiores. Ideales para PLV, iluminaci\u00f3n y fabricaci\u00f3n a medida. Disponibles en varios di\u00e1metros y longitudes para pedidos al por mayor. Solicite su presupuesto B2B<\/p>","protected":false},"featured_media":929,"template":"","meta":{"_kad_post_transparent":"default","_kad_post_title":"","_kad_post_layout":"default","_kad_post_sidebar_id":"","_kad_post_content_style":"default","_kad_post_vertical_padding":"default","_kad_post_feature":"","_kad_post_feature_position":"","_kad_post_header":false,"_kad_post_footer":false,"_kad_post_classname":""},"product_brand":[],"product_cat":[23],"product_tag":[62,61,105],"class_list":{"0":"post-925","1":"product","2":"type-product","3":"status-publish","4":"has-post-thumbnail","6":"product_cat-custom-acrylic-rods-tubes","7":"product_tag-coloured-acrylic-rods","8":"product_tag-custom-acrylic-rods","9":"product_tag-custom-acrylic-tubes","11":"first","12":"instock","13":"shipping-taxable","14":"product-type-simple","15":"entry","16":"content-bg","17":"loop-entry"},"_links":{"self":[{"href":"https:\/\/customacrylicproduct.com\/es\/wp-json\/wp\/v2\/product\/925","targetHints":{"allow":["GET"]}}],"collection":[{"href":"https:\/\/customacrylicproduct.com\/es\/wp-json\/wp\/v2\/product"}],"about":[{"href":"https:\/\/customacrylicproduct.com\/es\/wp-json\/wp\/v2\/types\/product"}],"wp:featuredmedia":[{"embeddable":true,"href":"https:\/\/customacrylicproduct.com\/es\/wp-json\/wp\/v2\/media\/929"}],"wp:attachment":[{"href":"https:\/\/customacrylicproduct.com\/es\/wp-json\/wp\/v2\/media?parent=925"}],"wp:term":[{"taxonomy":"product_brand","embeddable":true,"href":"https:\/\/customacrylicproduct.com\/es\/wp-json\/wp\/v2\/product_brand?post=925"},{"taxonomy":"product_cat","embeddable":true,"href":"https:\/\/customacrylicproduct.com\/es\/wp-json\/wp\/v2\/product_cat?post=925"},{"taxonomy":"product_tag","embeddable":true,"href":"https:\/\/customacrylicproduct.com\/es\/wp-json\/wp\/v2\/product_tag?post=925"}],"curies":[{"name":"wp","href":"https:\/\/api.w.org\/{rel}","templated":true}]}}