{"id":931,"date":"2025-07-11T14:00:58","date_gmt":"2025-07-11T14:00:58","guid":{"rendered":"https:\/\/customacrylicproduct.com\/?post_type=product&#038;p=931"},"modified":"2025-07-12T04:16:11","modified_gmt":"2025-07-12T04:16:11","slug":"perspex-coloured-cast-acrylic-sheets-cut-to-size-and-shape","status":"publish","type":"product","link":"https:\/\/customacrylicproduct.com\/es\/perspex-coloured-cast-acrylic-sheets-cut-to-size-and-shape\/","title":{"rendered":"Planchas de acr\u00edlico colado de color Perspex Cortadas a medida y con forma"},"content":{"rendered":"<h3 id=\"-coloured-cast-acrylic-sheets-your-vision-precisely-cut-in-a-range-of-possibilities-\"><strong>Placas acr\u00edlicas coloreadas: Su visi\u00f3n, cortada con precisi\u00f3n, en un abanico de posibilidades\u00a0<\/strong>.<\/h3>\n<p>A nivel mundial de estilo, estilo y creaci\u00f3n, el producto adecuado es aquel que no impone restricciones. Debe ser s\u00f3lido a la vez que sofisticado, din\u00e1mico a la vez que duradero, y lo suficientemente adaptable como para satisfacer los contornos precisos de su imaginaci\u00f3n. Le invitamos a conocer la soluci\u00f3n definitiva para desarrolladores, dise\u00f1adores y creadores de tendencias: nuestros productos de primera calidad.\u00a0<strong><a href=\"https:\/\/customacrylicproduct.com\/es\/custom-acrylic-sheets\/\">Placas acr\u00edlicas coloreadas,<\/a> cortados a medida seg\u00fan sus formas y tama\u00f1os exactos.\u00a0<\/strong>.<\/p>\n<p>No se trata simplemente de un art\u00edculo, sino de un servicio creado para salvar la distancia entre la idea y la realidad. Eliminamos las limitaciones de las dimensiones b\u00e1sicas de las planchas y los entresijos de la construcci\u00f3n interna, y entregamos un elemento listo para usar en cuanto llega. Tanto si est\u00e1 creando una impresionante pantalla para un comercio, un mueble a medida, un intrincado elemento arquitect\u00f3nico o un potente r\u00f3tulo corporativo, nuestro servicio le ofrece la estructura de calidad, color y precisi\u00f3n que necesita para dar vida a su visi\u00f3n.<\/p>\n<h3 id=\"-1-the-structure-of-quality-comprehending-cast-polymer-\"><strong>1. La estructura de la calidad: Comprender el pol\u00edmero fundido\u00a0<\/strong>.<\/h3>\n<p>En el centro de nuestra oferta se encuentra\u00a0<strong><a href=\"https:\/\/customacrylicproduct.com\/es\/custom-acrylic-sheets\/\">acr\u00edlico fundido<\/a>\u00a0<\/strong>, es un producto conocido por su gran calidad y eficacia. Es crucial identificarlo de su hom\u00f3logo m\u00e1s com\u00fan, el acr\u00edlico exprimido. La distinci\u00f3n depende del proceso de producci\u00f3n, que tiene un profundo efecto en las \u00faltimas cualidades del producto.<\/p>\n<p><strong>La superioridad del refinamiento difusor:\u00a0<\/strong>. El acr\u00edlico \u201dmoldeado\u201d se fabrica con un m\u00e9todo mucho m\u00e1s tradicional y preciso. Los mon\u00f3meros fluidos se vierten en un molde, generalmente de dos l\u00e1minas de vidrio, donde se someten a un proceso de polimerizaci\u00f3n. Esta curaci\u00f3n fija y regulada produce un material con un armaz\u00f3n molecular extremadamente consistente y denso. A diferencia del acr\u00edlico extruido, que se empuja con una matriz y puede mantener tensiones internas, el acr\u00edlico moldeado es homog\u00e9neo y no presenta problemas.<\/p>\n<p>Esta distinci\u00f3n esencial otorga al acr\u00edlico fundido un sinf\u00edn de hogares extraordinarios:.<\/p>\n<ul>\n<li><strong>Resistencia y dureza inigualables:\u00a0<\/strong>El grueso entramado molecular lo hace sustancialmente m\u00e1s fuerte y resistente a los ara\u00f1azos que el acr\u00edlico extruido. Resiste los da\u00f1os, por lo que es adecuado para zonas muy transitadas y componentes pr\u00e1cticos.<\/li>\n<li><strong>Resistencia superior a la influencia:\u00a0<\/strong>Aunque ligero, el acr\u00edlico moldeado es excepcionalmente duro. Ofrece una gran resistencia a las influencias, por lo que es una alternativa mucho m\u00e1s segura y robusta que el cristal.<\/li>\n<li><strong>Excelente resistencia qu\u00edmica:\u00a0<\/strong>La naturaleza inerte del pol\u00edmero de los actores lo hace resistente a una amplia gama de productos qu\u00edmicos y disolventes habituales, garantizando que su integridad y aspecto se mantengan con el paso del tiempo.<\/li>\n<li><strong>Notable apertura \u00f3ptica:\u00a0<\/strong>Incluso en sus tipos tintados, la pureza del proceso de fundici\u00f3n garantiza una claridad \u00f3ptica y una transmisi\u00f3n de la luz excepcionales, sin las distorsiones o imperfecciones que pueden afectar a otros materiales.<\/li>\n<\/ul>\n<p><strong>La garant\u00eda Perspex: <\/strong>. Utilizamos con gusto el\u00a0<strong>Perspex <\/strong>un nombre sin\u00f3nimo del mejor acr\u00edlico fundido desde hace a\u00f1os. Elegir Perspex es garant\u00eda de pureza del material, seguridad de eficacia y uniformidad del color, lo que garantiza que cada l\u00e1mina cumple una de las especificaciones m\u00e1s exigentes.<\/p>\n<p><strong>El lienzo adecuado para el trabajo de precisi\u00f3n:\u00a0<\/strong>. La estabilidad inherente al pol\u00edmero fundido lo convierte en la elecci\u00f3n indiscutible para aplicaciones que requieren un acabado de precisi\u00f3n. Es extraordinariamente apto para\u00a0<strong>grabado\u00a0<\/strong>, donde produce informaci\u00f3n n\u00edtida y ordenada sin romperse. Sus bordes pueden abrillantarse hasta conseguir un revestimiento cristalino, similar al vidrio, y responde maravillosamente a\u00a0<strong>termoformado (flexi\u00f3n en caliente)\u00a0<\/strong>, El dise\u00f1o de la estructura permite curvas suaves y s\u00f3lidas sin comprometer su estabilidad estructural. Para cualquier tipo de trabajo que requiera\u00a0<strong>resistencia a la intemperie\u00a0<\/strong>, es necesaria la notable seguridad UV del acr\u00edlico fundido.<\/p>\n<p><a href=\"https:\/\/customacrylicproduct.com\/es\/custom-acrylic-sheets\/\"><img fetchpriority=\"high\" decoding=\"async\" class=\"aligncenter wp-image-934 size-full\" src=\"https:\/\/customacrylicproduct.com\/wp-content\/uploads\/2025\/07\/Acrylic-Pastel-Color-Sheets-3.jpg\" alt=\"Hojas de colores pastel acr\u00edlicos\" width=\"800\" height=\"800\" srcset=\"https:\/\/customacrylicproduct.com\/wp-content\/uploads\/2025\/07\/Acrylic-Pastel-Color-Sheets-3.jpg 800w, https:\/\/customacrylicproduct.com\/wp-content\/uploads\/2025\/07\/Acrylic-Pastel-Color-Sheets-3-300x300.jpg 300w, https:\/\/customacrylicproduct.com\/wp-content\/uploads\/2025\/07\/Acrylic-Pastel-Color-Sheets-3-150x150.jpg 150w, https:\/\/customacrylicproduct.com\/wp-content\/uploads\/2025\/07\/Acrylic-Pastel-Color-Sheets-3-768x768.jpg 768w, https:\/\/customacrylicproduct.com\/wp-content\/uploads\/2025\/07\/Acrylic-Pastel-Color-Sheets-3-12x12.jpg 12w, https:\/\/customacrylicproduct.com\/wp-content\/uploads\/2025\/07\/Acrylic-Pastel-Color-Sheets-3-600x600.jpg 600w, https:\/\/customacrylicproduct.com\/wp-content\/uploads\/2025\/07\/Acrylic-Pastel-Color-Sheets-3-100x100.jpg 100w\" sizes=\"(max-width: 800px) 100vw, 800px\" \/><\/a><\/p>\n<h3 id=\"-2-the-core-of-our-solution-customisation-without-concession-\"><strong>2. El n\u00facleo de nuestra soluci\u00f3n: Personalizaci\u00f3n sin concesiones\u00a0<\/strong>.<\/h3>\n<p>La verdadera potencia de nuestro servicio depende de su capacidad para liberarle de las restricciones de las chapas de tama\u00f1o est\u00e1ndar. Ofrecemos una soluci\u00f3n de corte totalmente a medida que transforma una materia prima en una pieza acabada y lista para el proyecto.<\/p>\n<p><strong>Dimensi\u00f3n personalizada: Precisi\u00f3n milim\u00e9trica\u00a0<\/strong>. No se acuerde de intentar que una plancha est\u00e1ndar se adapte a su habitaci\u00f3n \u00fanica. Podemos reducir espec\u00edficamente nuestras planchas de acr\u00edlico coloreado a la longitud y anchura que necesite. De este modo se eliminan los residuos, se ahorra dinero en recortes y se obtiene un producto id\u00f3neo para todo tipo de aplicaciones, desde paneles para ventanas y salpicaderos hasta estanter\u00edas personalizadas e incrustaciones para muebles.<\/p>\n<p><strong>Conformado a medida: Donde el pensamiento creativo no conoce l\u00edmites\u00a0<\/strong>. Nuestras capacidades van mucho m\u00e1s all\u00e1 de las formas rectangulares y cuadrados b\u00e1sicos. Usando CNC moderno que transmite, el corte del laser, y la tecnolog\u00eda moderna del chorro de agua de alta presi\u00f3n, podemos reducir casi cualquier tipo de forma compleja que usted pueda crear. Esto consiste en:.<\/p>\n<ul>\n<li><strong>Formas geom\u00e9tricas:\u00a0<\/strong>C\u00edrculos, \u00f3valos, tri\u00e1ngulos y hex\u00e1gonos.<\/li>\n<li><strong>Contornos org\u00e1nicos:\u00a0<\/strong>Perfiles ondulados, redondeados e irregulares para configuraciones creativas o componentes de dise\u00f1o \u00fanicos.<\/li>\n<li><strong>Recortes y aberturas interiores:\u00a0<\/strong>Perfecto para crear protecciones de m\u00e1quinas, paneles de instrumentos o expositores ornamentales.<\/li>\n<li><strong>Patrones huecos y estilos detallados:\u00a0<\/strong>Realice entramados de instalaciones, dise\u00f1os de logotipos y patrones creativos integrales con una precisi\u00f3n asombrosa.<\/li>\n<li><strong>Textos y se\u00f1alizaci\u00f3n:\u00a0<\/strong>Podemos reducir letras espec\u00edficas o dise\u00f1os de logotipos enteros con lados perfectamente lisos.<\/li>\n<\/ul>\n<p>Aportando esta soluci\u00f3n\u00a0<strong>eliminar el dolor de cabeza, el precio y el peligro\u00a0<\/strong>relacionados con el corte de bricolaje. Ya no tendr\u00e1 que invertir en equipos caros, comprometer superficie de taller ni estresarse por errores costosos. Le entregamos un componente debidamente acabado y \u201clisto para usar\u201d, ahorr\u00e1ndole tiempo, esfuerzo y recursos.<\/p>\n<p><a href=\"https:\/\/customacrylicproduct.com\/es\/acrylic-color-sheets\/\"><img decoding=\"async\" class=\"aligncenter wp-image-932 size-full\" src=\"https:\/\/customacrylicproduct.com\/wp-content\/uploads\/2025\/07\/Acrylic-Pastel-Color-Sheets-1.jpg\" alt=\"Hojas de colores pastel acr\u00edlicos\" width=\"800\" height=\"800\" srcset=\"https:\/\/customacrylicproduct.com\/wp-content\/uploads\/2025\/07\/Acrylic-Pastel-Color-Sheets-1.jpg 800w, https:\/\/customacrylicproduct.com\/wp-content\/uploads\/2025\/07\/Acrylic-Pastel-Color-Sheets-1-300x300.jpg 300w, https:\/\/customacrylicproduct.com\/wp-content\/uploads\/2025\/07\/Acrylic-Pastel-Color-Sheets-1-150x150.jpg 150w, https:\/\/customacrylicproduct.com\/wp-content\/uploads\/2025\/07\/Acrylic-Pastel-Color-Sheets-1-768x768.jpg 768w, https:\/\/customacrylicproduct.com\/wp-content\/uploads\/2025\/07\/Acrylic-Pastel-Color-Sheets-1-12x12.jpg 12w, https:\/\/customacrylicproduct.com\/wp-content\/uploads\/2025\/07\/Acrylic-Pastel-Color-Sheets-1-600x600.jpg 600w, https:\/\/customacrylicproduct.com\/wp-content\/uploads\/2025\/07\/Acrylic-Pastel-Color-Sheets-1-100x100.jpg 100w\" sizes=\"(max-width: 800px) 100vw, 800px\" \/><\/a><\/p>\n<h3 id=\"-3-the-spirit-of-the-style-a-rich-palette-of-shades-\"><strong>3. El esp\u00edritu del estilo: Una rica paleta de tonos\u00a0<\/strong>.<\/h3>\n<p>El color es emoci\u00f3n. Es identificaci\u00f3n. Es el elemento que transforma una cosa pr\u00e1ctica en una pieza de declaraci\u00f3n. Nuestro servicio se basa en una amplia gama de l\u00e1minas acr\u00edlicas de colores.<\/p>\n<p><strong>La honestidad de la coloraci\u00f3n a trav\u00e9s del cuerpo:\u00a0<\/strong>. El color de nuestras planchas acr\u00edlicas para actores no es un revestimiento superficial ni un laminado fino. Se consigue mediante un\u00a0<strong>procedimiento de coloraci\u00f3n corporal de alta calidad\u00a0<\/strong>, donde los pigmentos se combinan directamente en el mon\u00f3mero l\u00edquido antes de extenderlo. Esto indica que el color se dispersa de manera uniforme y continua por toda la densidad del producto.<\/p>\n<p>Esta t\u00e9cnica utiliza tres ventajas esenciales:.<\/p>\n<ol>\n<li><strong>Regular Color del borde:\u00a0<\/strong>Al cortar, inscribir o abrillantar la plancha, la cara expuesta tendr\u00e1 el mismo color abundante espec\u00edfico que la superficie. Esto crea un aspecto monol\u00edtico, sin juntas y de primera calidad, imposible de conseguir con materiales revestidos superficialmente.<\/li>\n<li><strong>Seguridad de color inmejorable:\u00a0<\/strong>Los pigmentos se fijan en la estructura molecular del pol\u00edmero. Integrados con eficaces estabilizadores UV en nuestros productos para exteriores, esto garantiza que el color se mantenga vivo, fiel e inmune a la decoloraci\u00f3n, incluso despu\u00e9s de a\u00f1os de exposici\u00f3n a la luz solar.<\/li>\n<li><strong>Transmisi\u00f3n de luz luminosa:\u00a0<\/strong>La distribuci\u00f3n tambi\u00e9n de los pigmentos permite que la luz atraviese el material de forma bellamente difusa y consistente. Esto crea efectos brillantes transparentes, claros o no transparentes, por lo que resulta ideal para cajas de luz, luminarias y aplicaciones en las que interact\u00faan el color y la luz.<\/li>\n<\/ol>\n<p>Nuestra biblioteca de colores est\u00e1 desarrollada para satisfacer cualquier requisito visual, desde los m\u00e1s refinados y sofisticados hasta los m\u00e1s vibrantes y deslumbrantes, incluyendo colores s\u00f3lidos comunes, modernos revestimientos met\u00e1licos, llamativos tonos fluorescentes y elegantes resultados nacarados.<\/p>\n<h3 id=\"-4-a-world-of-applications-where-our-acrylic-shines-\"><strong>4. Un mundo de aplicaciones: D\u00f3nde brilla nuestro acr\u00edlico\u00a0<\/strong>.<\/h3>\n<p>La combinaci\u00f3n de longevidad, atractivo est\u00e9tico y capacidad de personalizaci\u00f3n hace que nuestro <a href=\"https:\/\/customacrylicproduct.com\/es\/custom-acrylic-sheets\/\">planchas acr\u00edlicas coloreadas<\/a> uno de los productos m\u00e1s flexibles que existen. Se conf\u00eda en \u00e9l en una gran variedad de sectores y aplicaciones:.<\/p>\n<ul>\n<li><strong>Al por menor y presente:\u00a0<\/strong>Desarrolle mostradores de alta gama para puntos de venta, espectaculares stands de exposici\u00f3n, paneles luminiscentes para cajas de luz, elegantes z\u00f3calos para art\u00edculos y logotipos impactantes que registren la alta gama y la identificaci\u00f3n de una marca.<\/li>\n<li><strong>Dise\u00f1o e interiorismo:\u00a0<\/strong>Dise\u00f1e llamativos expositores divisorios, imaginativos paneles para claraboyas, l\u00e1mparas de ara\u00f1a a medida, paneles decorativos para paredes, n\u00fameros contempor\u00e1neos para el hogar, muebles a medida y vibrantes salpicaderos para cocinas y cuartos de ba\u00f1o.<\/li>\n<li><strong>Marketing y se\u00f1alizaci\u00f3n:\u00a0<\/strong>Cree personajes luminosos llenos de vida, logotipos corporativos tridimensionales, paneles de fondo profesionales y sistemas de se\u00f1alizaci\u00f3n claros y duraderos que causen una impresi\u00f3n duradera.<\/li>\n<li><strong>Arte y estilo:\u00a0<\/strong>Util\u00edcelo como herramienta para la escultura y el arte de montaje, produzca estilos de iluminaci\u00f3n \u00fanicos, elabore marcos de imagen a medida y desarrolle vitrinas con calidad de museo.<\/li>\n<li><strong>Industrial y T\u00e9cnica:\u00a0<\/strong>Dise\u00f1amos robustas cubiertas de protecci\u00f3n de dispositivos, consolas de cabina transparentes y resistentes y componentes expertos para herramientas de laboratorio y especulativas.<\/li>\n<li><strong>Proyectos personalizados:\u00a0<\/strong>Equipe su pensamiento creativo con tareas caseras de h\u00e1galo usted mismo, creaci\u00f3n de versiones en profundidad, regalos personales y alteraciones personalizadas de situaciones inform\u00e1ticas.<\/li>\n<\/ul>\n<p><a href=\"https:\/\/customacrylicproduct.com\/es\/acrylic-color-sheets\/\"><img decoding=\"async\" class=\"aligncenter wp-image-935 size-full\" src=\"https:\/\/customacrylicproduct.com\/wp-content\/uploads\/2025\/07\/Acrylic-Pastel-Color-Sheets.jpg\" alt=\"Hojas de colores pastel acr\u00edlicos\" width=\"800\" height=\"800\" srcset=\"https:\/\/customacrylicproduct.com\/wp-content\/uploads\/2025\/07\/Acrylic-Pastel-Color-Sheets.jpg 800w, https:\/\/customacrylicproduct.com\/wp-content\/uploads\/2025\/07\/Acrylic-Pastel-Color-Sheets-300x300.jpg 300w, https:\/\/customacrylicproduct.com\/wp-content\/uploads\/2025\/07\/Acrylic-Pastel-Color-Sheets-150x150.jpg 150w, https:\/\/customacrylicproduct.com\/wp-content\/uploads\/2025\/07\/Acrylic-Pastel-Color-Sheets-768x768.jpg 768w, https:\/\/customacrylicproduct.com\/wp-content\/uploads\/2025\/07\/Acrylic-Pastel-Color-Sheets-12x12.jpg 12w, https:\/\/customacrylicproduct.com\/wp-content\/uploads\/2025\/07\/Acrylic-Pastel-Color-Sheets-600x600.jpg 600w, https:\/\/customacrylicproduct.com\/wp-content\/uploads\/2025\/07\/Acrylic-Pastel-Color-Sheets-100x100.jpg 100w\" sizes=\"(max-width: 800px) 100vw, 800px\" \/><\/a><\/p>\n<h3 id=\"-5-the-apparent-worth-why-choose-this-solution-\"><strong>5. El valor aparente: \u00bfPor qu\u00e9 elegir esta soluci\u00f3n?\u00a0<\/strong>.<\/h3>\n<p>Al incorporar materiales superiores con un procesamiento de precisi\u00f3n, proporcionamos una soluci\u00f3n cuyo valor va mucho m\u00e1s all\u00e1 del propio producto.<\/p>\n<ul>\n<li><strong>Flexibilidad de estilo ilimitada:\u00a0<\/strong>La eficaz mezcla de una abundante gama de colores y la capacidad de reducir cualquier forma y tama\u00f1o da rienda suelta a su capacidad imaginativa. Su dise\u00f1o ya no estar\u00e1 determinado por las limitaciones del producto.<\/li>\n<li><strong>Alta precisi\u00f3n garantizada:\u00a0<\/strong>Nuestros dispositivos especializados garantizan bordes de reducci\u00f3n perfectamente lisos y una precisi\u00f3n dimensional que es dif\u00edcil, si no imposible, de alcanzar con herramientas manuales.<\/li>\n<li><strong>Ahorre tiempo, esfuerzo y dinero:\u00a0<\/strong>Nos encargamos de todo el proceso de fabricaci\u00f3n. Esto le ahorra la inversi\u00f3n de capital en maquinaria, el coste de formaci\u00f3n del equipo y los residuos de la experimentaci\u00f3n. Usted recibe una pieza terminada, preparada para su montaje.<\/li>\n<li><strong>Una opci\u00f3n \u00fanica y estructurada:\u00a0<\/strong>Desde la elecci\u00f3n del color excelente hasta la especificaci\u00f3n de la forma compleja final, agilizamos el flujo de trabajo de su proyecto. Este procedimiento incorporado disminuye los preparativos y simplifica su cadena de suministro.<\/li>\n<li><strong>Resultados profesionales en todo momento:\u00a0<\/strong>Nuestra soluci\u00f3n est\u00e1 pensada para quienes no pueden renunciar a la alta calidad. Es la selecci\u00f3n definitiva para aplicaciones en las que la eficacia del producto, la precisi\u00f3n del dise\u00f1o y la calidad est\u00e9tica son extremadamente importantes.<\/li>\n<\/ul>\n<p>Empiece su siguiente tarea con confianza. Descubra nuestra gama de colores, especifique su forma a medida y d\u00e9jenos darle la mejor estructura para su desarrollo.<\/p>","protected":false},"excerpt":{"rendered":"<p>D\u00e9 rienda suelta a su creatividad con el acr\u00edlico moldeado Perspex de primera calidad. Elija entre una impresionante paleta de colores, todos ellos cortados con precisi\u00f3n al tama\u00f1o y la forma que necesite. Perfecto para salpicaderos, carteles, expositores y proyectos a medida.<\/p>","protected":false},"featured_media":935,"template":"","meta":{"_kad_post_transparent":"default","_kad_post_title":"","_kad_post_layout":"default","_kad_post_sidebar_id":"","_kad_post_content_style":"default","_kad_post_vertical_padding":"default","_kad_post_feature":"","_kad_post_feature_position":"","_kad_post_header":false,"_kad_post_footer":false,"_kad_post_classname":""},"product_brand":[],"product_cat":[24],"product_tag":[74,75,73],"class_list":{"0":"post-931","1":"product","2":"type-product","3":"status-publish","4":"has-post-thumbnail","6":"product_cat-custom-acrylic-sheets","7":"product_tag-custom-acrylic-sheets","8":"product_tag-custom-cut-acrylic-sheets","9":"product_tag-laser-acrylic-sheets","11":"first","12":"instock","13":"shipping-taxable","14":"product-type-simple","15":"entry","16":"content-bg","17":"loop-entry"},"_links":{"self":[{"href":"https:\/\/customacrylicproduct.com\/es\/wp-json\/wp\/v2\/product\/931","targetHints":{"allow":["GET"]}}],"collection":[{"href":"https:\/\/customacrylicproduct.com\/es\/wp-json\/wp\/v2\/product"}],"about":[{"href":"https:\/\/customacrylicproduct.com\/es\/wp-json\/wp\/v2\/types\/product"}],"wp:featuredmedia":[{"embeddable":true,"href":"https:\/\/customacrylicproduct.com\/es\/wp-json\/wp\/v2\/media\/935"}],"wp:attachment":[{"href":"https:\/\/customacrylicproduct.com\/es\/wp-json\/wp\/v2\/media?parent=931"}],"wp:term":[{"taxonomy":"product_brand","embeddable":true,"href":"https:\/\/customacrylicproduct.com\/es\/wp-json\/wp\/v2\/product_brand?post=931"},{"taxonomy":"product_cat","embeddable":true,"href":"https:\/\/customacrylicproduct.com\/es\/wp-json\/wp\/v2\/product_cat?post=931"},{"taxonomy":"product_tag","embeddable":true,"href":"https:\/\/customacrylicproduct.com\/es\/wp-json\/wp\/v2\/product_tag?post=931"}],"curies":[{"name":"wp","href":"https:\/\/api.w.org\/{rel}","templated":true}]}}