{"id":950,"date":"2025-07-12T04:13:28","date_gmt":"2025-07-12T04:13:28","guid":{"rendered":"https:\/\/customacrylicproduct.com\/?post_type=product&#038;p=950"},"modified":"2025-07-17T12:58:49","modified_gmt":"2025-07-17T12:58:49","slug":"coloured-acrylic-wine-serving-tray-food-drinks-bar-home","status":"publish","type":"product","link":"https:\/\/customacrylicproduct.com\/es\/coloured-acrylic-wine-serving-tray-food-drinks-bar-home\/","title":{"rendered":"Bandeja acr\u00edlica de colores para servir vino Comida Bebidas Bar Casa"},"content":{"rendered":"<h3 id=\"-the-chroma-tray-a-crossway-of-art-function-and-modern-living-\"><strong>La bandeja acr\u00edlica: Una encrucijada de arte, funci\u00f3n y vida moderna <\/strong>.<\/h3>\n<p>En el hogar moderno, cada objeto cuenta una historia. No s\u00f3lo decoramos nuestros espacios con muebles, sino tambi\u00e9n con objetos que muestran nuestras preferencias, apoyan nuestro estilo de vida y aportan una sensaci\u00f3n de tranquilidad y placer a nuestras rutinas diarias. Buscamos una mezcla unificada de forma y funci\u00f3n, productos que sean tan bellos de ver como \u00fatiles de usar. Desde este punto de vista, el <a href=\"https:\/\/customacrylicproduct.com\/es\/coloured-acrylic-wine-serving-tray-food-drinks-bar-home\/\">Bandeja de pol\u00edmero de colores<\/a> naci\u00f3. No se trata s\u00f3lo de una bandeja; es un lienzo para la vida, un escenario flexible para cualquier cosa, desde bebidas mixtas de felicitaci\u00f3n hasta momentos de tranquila reflexi\u00f3n. Es una inversi\u00f3n econ\u00f3mica en sofisticaci\u00f3n sencilla, hecha para elevar su hogar y simplificar su vida con una pizca de color contempor\u00e1neo y alta calidad sin concesiones.<\/p>\n<h4 id=\"-numerous-features-the-art-of-infinite-flexibility-\"><strong>Numerosas funciones: El arte de la flexibilidad infinita\u00a0<\/strong>.<\/h4>\n<p>El verdadero mago de las cosas excepcionalmente hechas radica en su versatilidad. La bandeja Chroma se ha desarrollado para convertirse en el accesorio m\u00e1s funcional de su hogar, pasando de una funci\u00f3n a otra sin esfuerzo, con gracia y dise\u00f1o. Sus posibilidades s\u00f3lo est\u00e1n limitadas por su imaginaci\u00f3n.<\/p>\n<ul>\n<li><strong>El centro del entretenimiento en casa:\u00a0<\/strong>Imag\u00ednese celebrando una noche con amigos. La Bandeja Chroma se convierte en su importante acompa\u00f1ante. Cargada de quesos artesanos y embutidos, es una bandeja de servicio avanzada. Adornando su carrito de bar, organiza amargos, cocteleras y vasos. En sus manos, es una plataforma estable y elegante para llevar una ronda de bebidas alcoh\u00f3licas perfectamente mezcladas o copas de champ\u00e1n fr\u00edo a sus invitados, y su vivo color a\u00f1ade un toque alegre a la celebraci\u00f3n. Con ella pasar\u00e1s de ser un anfitri\u00f3n activo a un elegante maestro de ceremonias.<\/li>\n<li><strong>El amigo perfecto del reposapi\u00e9s:\u00a0<\/strong>Para esas atesoradas veladas silenciosas, la bandeja convierte su mullida y acolchada otomana en una estable y moderna mesa de centro. Tiene el tama\u00f1o perfecto para crear un \u201cminuto\u201d: una zona para su libro favorito, una vela arom\u00e1tica que proyecte un c\u00e1lido resplandor, una taza humeante de t\u00e9 de hierbas o una simple copa de vino. Tiene su para\u00edso de comodidad, manteniendo todo lo que necesita al alcance de la mano y protegiendo al mismo tiempo el textil de sus muebles.<\/li>\n<li><strong>Comer, redefinido:\u00a0<\/strong>Desde relajadas cenas junto al sof\u00e1 mientras te pones al d\u00eda con tu colecci\u00f3n favorita, hasta elegantes almuerzos al aire libre en la terraza, la bandeja proporciona una superficie resistente y bonita para tu plato. Su naturaleza impermeable implica que no tendr\u00e1 que preocuparse por la condensaci\u00f3n de una bebida fr\u00eda o un peque\u00f1o derrame. Adem\u00e1s, desempe\u00f1a una funci\u00f3n de cuidado adicional, ya que le permite ofrecer un plato relajante a un ser querido que se relaja en la cama, transformando un simple acto de tratamiento en un movimiento impresionante y atento.<\/li>\n<li><strong>El Conservador de \u00c1rea Individual:\u00a0<\/strong>M\u00e1s all\u00e1 de servir, la Bandeja Chroma es una obra de arte comercial. Col\u00f3quela en la c\u00f3moda de su dormitorio o en el tocador para crear un expositor sensacional para sus fragancias preferidas, frascos de productos de cuidado de la piel y joyas. Confina el caos atractivo, transformando las cosas cotidianas en una vi\u00f1eta curada. En la entrada, se convierte en un elegante caj\u00f3n de sastre para trucos, correo y gafas de sol. En la mesa de la oficina, ordena los art\u00edculos de papeler\u00eda y los b\u00e1sicos, aportando un toque de color innovador a tu espacio de trabajo y ayudando a centrar la mente. Es, en todos los sentidos, una pieza que realmente lo hace todo.<\/li>\n<\/ul>\n<p><a href=\"https:\/\/customacrylicproduct.com\/es\/coloured-acrylic-wine-serving-tray-food-drinks-bar-home\/\"><img fetchpriority=\"high\" decoding=\"async\" class=\"wp-image-953 size-full aligncenter\" src=\"https:\/\/customacrylicproduct.com\/wp-content\/uploads\/2025\/07\/Coloured-Acrylic-Tray.jpg\" alt=\"Bandeja acr\u00edlica de color\" width=\"800\" height=\"800\" srcset=\"https:\/\/customacrylicproduct.com\/wp-content\/uploads\/2025\/07\/Coloured-Acrylic-Tray.jpg 800w, https:\/\/customacrylicproduct.com\/wp-content\/uploads\/2025\/07\/Coloured-Acrylic-Tray-300x300.jpg 300w, https:\/\/customacrylicproduct.com\/wp-content\/uploads\/2025\/07\/Coloured-Acrylic-Tray-150x150.jpg 150w, https:\/\/customacrylicproduct.com\/wp-content\/uploads\/2025\/07\/Coloured-Acrylic-Tray-768x768.jpg 768w, https:\/\/customacrylicproduct.com\/wp-content\/uploads\/2025\/07\/Coloured-Acrylic-Tray-12x12.jpg 12w, https:\/\/customacrylicproduct.com\/wp-content\/uploads\/2025\/07\/Coloured-Acrylic-Tray-600x600.jpg 600w, https:\/\/customacrylicproduct.com\/wp-content\/uploads\/2025\/07\/Coloured-Acrylic-Tray-100x100.jpg 100w\" sizes=\"(max-width: 800px) 100vw, 800px\" \/><\/a><\/p>\n<h4 id=\"-phenomenal-craftsmanship-an-ideology-of-design-\"><strong>Artesan\u00eda fenomenal: Una ideolog\u00eda del dise\u00f1o\u00a0<\/strong>.<\/h4>\n<p>Nuestra atractiva bandeja acr\u00edlica es un testimonio de la creencia de que el encanto depende de una simplicidad bien pensada. Est\u00e1 dise\u00f1ada de forma maravillosa y deliberada para ser un camale\u00f3n, con la capacidad de asimilarse a cualquier tipo de estilo y, al mismo tiempo, hacer una declaraci\u00f3n. Sus l\u00edneas limpias y su forma pura y geom\u00e9trica -que se adapta tanto a los pufs rectangulares como a los cuadrados- le permiten realzar una amplia gama de dise\u00f1os de interior.<\/p>\n<p>Tanto si su casa es un para\u00edso del minimalismo escandinavo, un espacio de loft industrial, un c\u00f3modo complejo bohemio o un templo del lujo contempor\u00e1neo, el aspecto minimalista de la bandeja y sus abundantes tonos joya le har\u00e1n sentirse como en casa. No se apropia de su estilo, sino que lo realza. La alta calidad luminosa y casi fluida del acr\u00edlico coloreado capta la luz a la perfecci\u00f3n, a\u00f1adiendo una vibrante capa de profundidad y tasa de inter\u00e9s a cualquier tipo de habitaci\u00f3n.<\/p>\n<p>Hemos hecho hincapi\u00e9 en las medidas, asegur\u00e1ndonos de que consigue el equilibrio perfecto entre ser lo suficientemente espacioso para ser realmente \u00fatil y lo suficientemente port\u00e1til para no desbordar un espacio. Las dimensiones se han calculado cuidadosamente para que quepan los objetos m\u00e1s importantes sin que parezca que est\u00e1n desordenados. Los bordes refinados y aumentados son una obra maestra del dise\u00f1o funcional: lo suficientemente altos como para contener peque\u00f1os derrames y evitar que los objetos se desplacen, pero lo suficientemente reducidos como para mantener un perfil elegante y discreto. Es un trabajo artesanal que se ve y se siente.<\/p>\n<p><a href=\"https:\/\/customacrylicproduct.com\/es\/coloured-acrylic-wine-serving-tray-food-drinks-bar-home\/\"><img decoding=\"async\" class=\"aligncenter wp-image-952 size-full\" src=\"https:\/\/customacrylicproduct.com\/wp-content\/uploads\/2025\/07\/Coloured-Acrylic-Tray-2.jpg\" alt=\"Bandeja acr\u00edlica de color\" width=\"800\" height=\"800\" srcset=\"https:\/\/customacrylicproduct.com\/wp-content\/uploads\/2025\/07\/Coloured-Acrylic-Tray-2.jpg 800w, https:\/\/customacrylicproduct.com\/wp-content\/uploads\/2025\/07\/Coloured-Acrylic-Tray-2-300x300.jpg 300w, https:\/\/customacrylicproduct.com\/wp-content\/uploads\/2025\/07\/Coloured-Acrylic-Tray-2-150x150.jpg 150w, https:\/\/customacrylicproduct.com\/wp-content\/uploads\/2025\/07\/Coloured-Acrylic-Tray-2-768x768.jpg 768w, https:\/\/customacrylicproduct.com\/wp-content\/uploads\/2025\/07\/Coloured-Acrylic-Tray-2-12x12.jpg 12w, https:\/\/customacrylicproduct.com\/wp-content\/uploads\/2025\/07\/Coloured-Acrylic-Tray-2-600x600.jpg 600w, https:\/\/customacrylicproduct.com\/wp-content\/uploads\/2025\/07\/Coloured-Acrylic-Tray-2-100x100.jpg 100w\" sizes=\"(max-width: 800px) 100vw, 800px\" \/><\/a><\/p>\n<h4 id=\"-a-lifetime-of-service-engineered-for-toughness-and-comfort-\"><strong>Toda una vida de servicio: Dise\u00f1ado para la resistencia y el confort\u00a0<\/strong>.<\/h4>\n<p>Un art\u00edculo atractivo s\u00f3lo es realmente \u00fatil si est\u00e1 construido para durar. Hemos dise\u00f1ado la bandeja Chroma para que tenga una vida \u00fatil prolongada y beneficiosa, utilizando s\u00f3lo acr\u00edlico de alto espesor. Este producto fue elegido por su notable combinaci\u00f3n de claridad similar al cristal y notable resistencia. Es incre\u00edblemente duradero y extremadamente resistente a la rotura, lo que le da la confianza para utilizarlo a diario sin preocuparse de grietas o roturas, a diferencia de sus fr\u00e1giles hom\u00f3logos de vidrio o cer\u00e1mica.<\/p>\n<p>La vida est\u00e1 llena de peque\u00f1os incidentes, por eso nos hemos asegurado de que la bandeja sea totalmente resistente al agua y a prueba de derrames. Merlot, caf\u00e9, condensaci\u00f3n... absolutamente nada penetra en su superficie no porosa. Esto hace que sea extremadamente f\u00e1cil de limpiar y conservar, y protege las superficies que hay debajo. Una bebida derramada sobre un reposapi\u00e9s de tela ya no es una cat\u00e1strofe; es un problema menor que puede limpiarse en segundos. Esta resistencia hace que la bandeja no sea simplemente una compra, sino una inversi\u00f3n econ\u00f3mica a largo plazo en su casa.<\/p>\n<h4 id=\"-the-creative-gift-an-expression-of-preference-and-warmth-\"><strong>El regalo creativo: Una expresi\u00f3n de preferencia y calidez\u00a0<\/strong>.<\/h4>\n<p>Para la persona de su vida que valora la decoraci\u00f3n de interiores con estilo -el amigo con la casa inmaculada, el miembro de la familia al que le encanta ser anfitri\u00f3n, el flamante propietario que est\u00e1 construyendo su nido- encontrar un regalo que satisfaga sus elevados est\u00e1ndares puede ser una dificultad. La Bandeja Chroma es el remedio perfecto. Es un regalo creativo y atento que dice mucho de tu gusto excepcional y de tu afecto por ellos.<\/p>\n<p>Esta bandeja es m\u00e1s que un objeto; es la representaci\u00f3n de una forma de vida avanzada. Regalarla demuestra que reconoces y aprecias su entusiasmo por un espacio atractivo. Es un regalo perfecto para todo tipo de ocasiones \u00fanicas: un\u00a0<strong>inauguraci\u00f3n de la casa\u00a0<\/strong>un regalo \u00fatil y a la moda, un\u00a0<strong>cumplea\u00f1os\u00a0<\/strong>existente para el fan\u00e1tico del dise\u00f1o, un\u00a0<strong>celebraci\u00f3n de bodas\u00a0<\/strong>o\u00a0<strong>aniversario de boda\u00a0<\/strong>regalo para la pareja a la que le encanta agasajar. Es un gesto que le garantizar\u00e1 un aut\u00e9ntico reconocimiento y que encontrar\u00e1 un lugar preciado en su hogar durante muchos a\u00f1os.<\/p>\n<h4 id=\"-uncomplicated-maintenance-the-beauty-of-simplicity-\"><strong>Mantenimiento sin complicaciones: La belleza de la sencillez\u00a0<\/strong>.<\/h4>\n<p>Creemos que la alta gama debe ser sencilla. La elegancia de su Chroma Tray ha sido desarrollada para ser mantenida r\u00e1pidamente. No hay necesidad de utilizar productos de limpieza extremos, exfoliantes \u00e1speros o abrillantadores especiales para mantener su aspecto liso, brillante y extraordinariamente coloreado. Para el mantenimiento diario y los peque\u00f1os derrames, basta con una limpieza sencilla con un pa\u00f1o suave y h\u00famedo para recuperar su excelente brillo. Este proceso de limpieza sin complicaciones asegura que su bandeja siga siendo un punto focal impresionante con el m\u00ednimo esfuerzo, lo que le permite a\u00fan m\u00e1s tiempo para apreciar su encanto y rendimiento.<\/p>\n<p><a href=\"https:\/\/customacrylicproduct.com\/es\/coloured-acrylic-wine-serving-tray-food-drinks-bar-home\/\"><img decoding=\"async\" class=\"aligncenter wp-image-951 size-full\" src=\"https:\/\/customacrylicproduct.com\/wp-content\/uploads\/2025\/07\/Coloured-Acrylic-Tray-1.jpg\" alt=\"Bandeja acr\u00edlica de color\" width=\"800\" height=\"800\" srcset=\"https:\/\/customacrylicproduct.com\/wp-content\/uploads\/2025\/07\/Coloured-Acrylic-Tray-1.jpg 800w, https:\/\/customacrylicproduct.com\/wp-content\/uploads\/2025\/07\/Coloured-Acrylic-Tray-1-300x300.jpg 300w, https:\/\/customacrylicproduct.com\/wp-content\/uploads\/2025\/07\/Coloured-Acrylic-Tray-1-150x150.jpg 150w, https:\/\/customacrylicproduct.com\/wp-content\/uploads\/2025\/07\/Coloured-Acrylic-Tray-1-768x768.jpg 768w, https:\/\/customacrylicproduct.com\/wp-content\/uploads\/2025\/07\/Coloured-Acrylic-Tray-1-12x12.jpg 12w, https:\/\/customacrylicproduct.com\/wp-content\/uploads\/2025\/07\/Coloured-Acrylic-Tray-1-600x600.jpg 600w, https:\/\/customacrylicproduct.com\/wp-content\/uploads\/2025\/07\/Coloured-Acrylic-Tray-1-100x100.jpg 100w\" sizes=\"(max-width: 800px) 100vw, 800px\" \/><\/a><\/p>\n<h4 id=\"-the-ultimate-personalization-your-vision-crafted-by-united-states-\"><strong>Lo \u00faltimo en personalizaci\u00f3n: Su visi\u00f3n, hecha a mano por Estados Unidos\u00a0<\/strong>.<\/h4>\n<p>Aunque nuestra cuidada colecci\u00f3n de colores y dimensiones est\u00e1 creada para satisfacer uno de los gustos m\u00e1s exigentes, entendemos que la verdadera alta gama depende de la expresi\u00f3n personal. Para quienes buscan una pieza \u00fanica, un regalo de empresa exclusivo o un dise\u00f1o particular para un trabajo de interior, nuestra f\u00e1brica ofrece una soluci\u00f3n de personalizaci\u00f3n integral.<\/p>\n<p>Nuestros competentes artesanos pueden trabajar con usted para dar vida a su visi\u00f3n especial. Este viaje de colaboraci\u00f3n le coloca en el asiento del dise\u00f1ador:.<\/p>\n<ul>\n<li><strong>Tama\u00f1os y forma:\u00a0<\/strong>Fantasee m\u00e1s all\u00e1 de la forma rectangular. Podemos fabricar bandejas con formas personalizadas -redondas, hexagonales o completamente \u00fanicas- y con sus especificaciones dimensionales concretas.<\/li>\n<li><strong>Color:\u00a0<\/strong>Combine un color Pantone concreto de su marca o de su paleta de decoraci\u00f3n interior para crear un art\u00edculo realmente integrado.<\/li>\n<li><strong>Patrones y mensajes grabados:\u00a0<\/strong>Aqu\u00ed es donde la bandeja se transforma en un tesoro individual. Grabe un monograma de los miembros de la familia, una cita significativa, un d\u00eda \u00fanico para un regalo de boda, o un logotipo de la empresa para un regalo de empresa avanzada.<\/li>\n<\/ul>\n<p>El proceso es fluido. Los clientes pueden ofrecer sus propios dibujos de dise\u00f1o detallados o simplemente transmitir sus ideas a nuestro equipo de dise\u00f1o profesional, que les ayudar\u00e1 a convertir un principio en una realidad sustancial y maravillosamente elaborada. Esta es su oportunidad de crear no solo una bandeja, sino una historia.<\/p>\n<p>Para concluir, el Chroma <a href=\"https:\/\/customacrylicproduct.com\/es\/coloured-acrylic-wine-serving-tray-food-drinks-bar-home\/\">Bandeja acr\u00edlica de color<\/a> es mayor que la suma de sus partes. Es un objeto de declaraci\u00f3n, un caballo de batalla, un objeto de estilo y un lienzo personal. Es una celebraci\u00f3n de la vida moderna, donde el encanto y la practicidad coexisten en armon\u00eda ideal. Invierta en un art\u00edculo que funcione tan bien como usted y que, adem\u00e1s, sea bonito. Mejore su hogar, mejore su vida.<\/p>","protected":false},"excerpt":{"rendered":"<p>La bandeja acr\u00edlica: Un cruce de arte, funci\u00f3n y vida moderna . En el hogar moderno, cada objeto cuenta una historia. No s\u00f3lo decoramos nuestros espacios con muebles, sino tambi\u00e9n con objetos que muestran nuestras preferencias, apoyan nuestro estilo de vida y aportan una apacible sensaci\u00f3n de placer a nuestras rutinas diarias. Buscamos...<\/p>","protected":false},"featured_media":953,"template":"","meta":{"_kad_post_transparent":"default","_kad_post_title":"","_kad_post_layout":"default","_kad_post_sidebar_id":"","_kad_post_content_style":"default","_kad_post_vertical_padding":"default","_kad_post_feature":"","_kad_post_feature_position":"","_kad_post_header":false,"_kad_post_footer":false,"_kad_post_classname":""},"product_brand":[],"product_cat":[22],"product_tag":[56,57],"class_list":{"0":"post-950","1":"product","2":"type-product","3":"status-publish","4":"has-post-thumbnail","6":"product_cat-custom-acrylic-trays","7":"product_tag-custom-acrylic-trays","8":"product_tag-perspex-acrylic-tray","10":"first","11":"instock","12":"shipping-taxable","13":"product-type-simple","14":"entry","15":"content-bg","16":"loop-entry"},"_links":{"self":[{"href":"https:\/\/customacrylicproduct.com\/es\/wp-json\/wp\/v2\/product\/950","targetHints":{"allow":["GET"]}}],"collection":[{"href":"https:\/\/customacrylicproduct.com\/es\/wp-json\/wp\/v2\/product"}],"about":[{"href":"https:\/\/customacrylicproduct.com\/es\/wp-json\/wp\/v2\/types\/product"}],"wp:featuredmedia":[{"embeddable":true,"href":"https:\/\/customacrylicproduct.com\/es\/wp-json\/wp\/v2\/media\/953"}],"wp:attachment":[{"href":"https:\/\/customacrylicproduct.com\/es\/wp-json\/wp\/v2\/media?parent=950"}],"wp:term":[{"taxonomy":"product_brand","embeddable":true,"href":"https:\/\/customacrylicproduct.com\/es\/wp-json\/wp\/v2\/product_brand?post=950"},{"taxonomy":"product_cat","embeddable":true,"href":"https:\/\/customacrylicproduct.com\/es\/wp-json\/wp\/v2\/product_cat?post=950"},{"taxonomy":"product_tag","embeddable":true,"href":"https:\/\/customacrylicproduct.com\/es\/wp-json\/wp\/v2\/product_tag?post=950"}],"curies":[{"name":"wp","href":"https:\/\/api.w.org\/{rel}","templated":true}]}}