{"id":1064,"date":"2025-07-14T09:37:08","date_gmt":"2025-07-14T09:37:08","guid":{"rendered":"https:\/\/customacrylicproduct.com\/?post_type=product&#038;p=1064"},"modified":"2025-07-14T09:58:05","modified_gmt":"2025-07-14T09:58:05","slug":"bespoke-freestanding-laser-engraving-acrylic-awards-factory","status":"publish","type":"product","link":"https:\/\/customacrylicproduct.com\/fr\/bespoke-freestanding-laser-engraving-acrylic-awards-factory\/","title":{"rendered":"Prix en acrylique \u00e0 graver au laser sur mesure, fabriqu\u00e9s sur place"},"content":{"rendered":"<h3 id=\"-the-art-of-recognition-a-thorough-intro-to-bespoke-freestanding-laser-engraved-acrylic-awards-\"><strong>L'art de la reconnaissance : Une introduction approfondie aux prix en acrylique autoportants grav\u00e9s au laser sur mesure\u00a0<\/strong>.<\/h3>\n<p>Dans un monde rempli de reconnaissances num\u00e9riques \u00e9ph\u00e9m\u00e8res, l'acte tangible de reconnaissance des r\u00e9alisations est devenu beaucoup plus important que jamais. Un prix n'est pas seulement une chose ; c'est un signe, un marqueur permanent de qualit\u00e9, de d\u00e9vouement et de succ\u00e8s. C'est une histoire racont\u00e9e sous une forme physique. Nos distinctions en acrylique autoportantes grav\u00e9es au laser sont con\u00e7ues pour raconter cette histoire avec une \u00e9l\u00e9gance, une pr\u00e9cision et une modernit\u00e9 in\u00e9gal\u00e9es.<\/p>\n<p>Il ne s'agit pas de prix conventionnels qui ramassent la poussi\u00e8re. Ce sont des \u0153uvres d'art, con\u00e7ues pour enregistrer la lumi\u00e8re et la cr\u00e9ativit\u00e9. En associant les remarquables propri\u00e9t\u00e9s r\u00e9sidentielles de l'acrylique de pointe \u00e0 la pr\u00e9cision microscopique de la technologie laser moderne, nous cr\u00e9ons des prix aussi uniques et fantastiques que les individus et les groupes qu'ils comm\u00e9morent. De la salle de conf\u00e9rence de l'entreprise au podium de l'\u00e9cole, ces r\u00e9compenses sont le t\u00e9moignage d'une r\u00e9ussite, con\u00e7ues pour \u00eatre appr\u00e9ci\u00e9es toute une vie.<\/p>\n<p>Cette introduction vous orientera certainement vers les six colonnes fondamentales qui caract\u00e9risent nos prix : les qualit\u00e9s sup\u00e9rieures du mat\u00e9riau, la merveille technique de notre proc\u00e9dure de gravure, les possibilit\u00e9s infinies de conception, la vaste s\u00e9lection d'applications, notre service de modification en collaboration, et la valeur exceptionnelle qu'ils repr\u00e9sentent.<\/p>\n<h4 id=\"-1-the-spirit-of-the-honor-unmatched-product-qualities-of-acrylic-\"><strong>1. L'esprit de l'honneur : Les qualit\u00e9s in\u00e9gal\u00e9es de l'acrylique\u00a0<\/strong>.<\/h4>\n<p>La structure de tout grand honneur est le produit dans lequel il est fabriqu\u00e9. Nous avons choisi l'acrylique, fr\u00e9quemment admir\u00e9 comme la \u201cReine des plastiques\u201d, pour sa remarquable combinaison d'attrait, d'endurance et de flexibilit\u00e9. C'est un mat\u00e9riau qui s'impose, offrant une exp\u00e9rience des co\u00fbts qui va au-del\u00e0 des attentes.<\/p>\n<p><strong>Clart\u00e9 lumineuse et \u00e9clat :\u00a0<\/strong>L'attribut le plus frappant de notre acrylique est son extraordinaire transparence. Avec une transmission de la lumi\u00e8re qui \u00e9gale, voire d\u00e9passe, celle du verre et du cristal les plus fins, il permet \u00e0 la lumi\u00e8re de se d\u00e9placer et de se r\u00e9fracter dans un \u00e9cran d'affichage spectaculaire. Cette puret\u00e9 optique garantit que les informations d\u00e9taill\u00e9es de la gravure au laser \u00e0 l'int\u00e9rieur sont vues avec une clart\u00e9 absolue, d\u00e9veloppant un sens de la profondeur et de la dimension qui est tout simplement excitant. Contrairement aux plastiques inf\u00e9rieurs, notre acrylique de qualit\u00e9 sup\u00e9rieure n'a pas la teinte bleu p\u00e2le ou \u00e9cologique du verre, ce qui en fait une toile parfaitement neutre pour votre style.<\/p>\n<p><strong>Poids et sensation significatifs :\u00a0<\/strong>Un prix doit se sentir important dans les mains de son r\u00e9cipiendaire. Bien que plus l\u00e9ger que le verre, notre acrylique poss\u00e8de une densit\u00e9 et un poids agr\u00e9ables qui transmettent un sentiment de valeur, de valeur et de durabilit\u00e9. Ce sentiment de satisfaction est un aspect vital, souvent n\u00e9glig\u00e9, de l'exp\u00e9rience de l'honneur. Lorsqu'une personne tient son honneur, la sensation consid\u00e9rable qu'il procure renforce la gravit\u00e9 et l'importance de son succ\u00e8s.<\/p>\n<p><strong>Une r\u00e9sistance et une force exceptionnelles :\u00a0<\/strong>La beaut\u00e9 doit \u00eatre durable. Le polym\u00e8re est beaucoup plus r\u00e9sistant aux chocs que le verre ou le cristal, ce qui le rend beaucoup moins susceptible de se casser ou de se briser. Cette r\u00e9sistance fondamentale apporte un confort, garantissant que l'honneur peut \u00eatre montr\u00e9 fi\u00e8rement dans des lieux de travail, des \u00e9coles ou des maisons tr\u00e8s fr\u00e9quent\u00e9s, sans crainte permanente de dommages involontaires. En outre, l'acrylique pr\u00e9sente une excellente r\u00e9sistance aux intemp\u00e9ries et une grande stabilit\u00e9 chimique. Il ne jaunit pas et ne se fragilise pas au fil du temps lorsqu'il est expos\u00e9 \u00e0 la lumi\u00e8re du soleil, ce qui garantit que l'objet reste aussi impeccable et fantastique que le jour o\u00f9 il a \u00e9t\u00e9 re\u00e7u. Sa surface r\u00e9sistante \u00e0 l'usure s'entretient et se nettoie facilement, pr\u00e9servant ainsi son rev\u00eatement brillant et poli pendant de nombreuses ann\u00e9es.<\/p>\n<p><a href=\"https:\/\/customacrylicproduct.com\/fr\/bespoke-freestanding-laser-engraving-acrylic-awards-factory\/\"><img fetchpriority=\"high\" decoding=\"async\" class=\"aligncenter wp-image-1068 size-large\" src=\"https:\/\/customacrylicproduct.com\/wp-content\/uploads\/2025\/07\/Acrylic-Awards-1024x1024.jpg\" alt=\"Prix en acrylique\" width=\"1024\" height=\"1024\" srcset=\"https:\/\/customacrylicproduct.com\/wp-content\/uploads\/2025\/07\/Acrylic-Awards-1024x1024.jpg 1024w, https:\/\/customacrylicproduct.com\/wp-content\/uploads\/2025\/07\/Acrylic-Awards-300x300.jpg 300w, https:\/\/customacrylicproduct.com\/wp-content\/uploads\/2025\/07\/Acrylic-Awards-150x150.jpg 150w, https:\/\/customacrylicproduct.com\/wp-content\/uploads\/2025\/07\/Acrylic-Awards-768x768.jpg 768w, https:\/\/customacrylicproduct.com\/wp-content\/uploads\/2025\/07\/Acrylic-Awards-12x12.jpg 12w, https:\/\/customacrylicproduct.com\/wp-content\/uploads\/2025\/07\/Acrylic-Awards-600x600.jpg 600w, https:\/\/customacrylicproduct.com\/wp-content\/uploads\/2025\/07\/Acrylic-Awards-100x100.jpg 100w, https:\/\/customacrylicproduct.com\/wp-content\/uploads\/2025\/07\/Acrylic-Awards.jpg 1465w\" sizes=\"(max-width: 1024px) 100vw, 1024px\" \/><\/a><\/p>\n<h4 id=\"-2-accuracy-perfected-the-technological-benefits-of-laser-inscription-\"><strong>2. Une pr\u00e9cision parfaite : Les avantages technologiques de l'inscription au laser\u00a0<\/strong>.<\/h4>\n<p>Si l'acrylique est l'\u00e2me de l'honneur, notre proc\u00e9dure d'inscription au laser en est la voix. Nous utilisons une technologie laser de pointe pour transformer un bloc d'acrylique vide en un chef-d'\u0153uvre personnalis\u00e9. Ce proc\u00e9d\u00e9 pr\u00e9sente de nombreux avantages par rapport aux m\u00e9thodes traditionnelles, ce qui permet d'obtenir un produit d'une qualit\u00e9 et d'une information de premier ordre.<\/p>\n<p><strong>Pr\u00e9cision microscopique et d\u00e9tails remarquables :\u00a0<\/strong>Nos lasers fonctionnent avec une pr\u00e9cision stup\u00e9fiante d'environ \u00b1 0,1 mm. Cette pr\u00e9cision microscopique nous permet de rendre les styles les plus compliqu\u00e9s avec une fid\u00e9lit\u00e9 impressionnante. Les logos d'entreprise \u00e9labor\u00e9s, les polices manuscrites fragiles, les images approfondies et les messages fins sont grav\u00e9s avec une qualit\u00e9 irr\u00e9prochable. Les bords de chaque \u00e9l\u00e9ment grav\u00e9 sont parfaitement lisses et propres, ne n\u00e9cessitant aucun polissage ou meulage suppl\u00e9mentaire. Il en r\u00e9sulte une surface nette et professionnelle qu'il est difficile d'obtenir avec des dispositifs m\u00e9caniques.<\/p>\n<p><strong>Processus sans contact et sans stress :\u00a0<\/strong>Contrairement \u00e0 la gravure CNC conventionnelle ou \u00e0 la gravure m\u00e9canique qui exerce une contrainte physique sur le produit, l'inscription au laser est une proc\u00e9dure sans contact. Un faisceau focalis\u00e9 vaporise l'acrylique en un point pr\u00e9cis, \u00e9liminant ainsi tout risque de contrainte m\u00e9canique, de micro-fractures ou de d\u00e9formation. Ceci est particuli\u00e8rement important lorsque l'on travaille avec des formes d\u00e9taill\u00e9es ou des designs d\u00e9licats, car cela garantit que l'int\u00e9grit\u00e9 architecturale et la surface impeccable de l'acrylique sont pr\u00e9serv\u00e9es tout au long du processus de fabrication.<\/p>\n<p><strong>Vitesse et efficacit\u00e9 in\u00e9gal\u00e9es :\u00a0<\/strong>La vitesse de nos syst\u00e8mes laser est un avantage significatif. Le processus de gravure est plus de trois fois plus rapide que l'inscription CNC conventionnelle, ce qui permet des d\u00e9lais d'ex\u00e9cution rapides, m\u00eame pour les grosses commandes. Cette efficacit\u00e9 est encore am\u00e9lior\u00e9e par une application logicielle intelligente de composition et d'imbrication, qui maximise la disposition de plusieurs styles sur une seule feuille d'acrylique. Cela permet non seulement d'acc\u00e9l\u00e9rer la fabrication, mais aussi de r\u00e9duire les d\u00e9chets de produits, ce qui contribue \u00e0 une proc\u00e9dure plus durable et nous permet de r\u00e9percuter ces \u00e9conomies directement sur nos clients.<\/p>\n<p><a href=\"https:\/\/customacrylicproduct.com\/fr\/bespoke-freestanding-laser-engraving-acrylic-awards-factory\/\"><img decoding=\"async\" class=\"aligncenter wp-image-1065 size-large\" src=\"https:\/\/customacrylicproduct.com\/wp-content\/uploads\/2025\/07\/Acrylic-Awards-1-1024x1024.jpg\" alt=\"Prix en acrylique\" width=\"1024\" height=\"1024\" srcset=\"https:\/\/customacrylicproduct.com\/wp-content\/uploads\/2025\/07\/Acrylic-Awards-1-1024x1024.jpg 1024w, https:\/\/customacrylicproduct.com\/wp-content\/uploads\/2025\/07\/Acrylic-Awards-1-300x300.jpg 300w, https:\/\/customacrylicproduct.com\/wp-content\/uploads\/2025\/07\/Acrylic-Awards-1-150x150.jpg 150w, https:\/\/customacrylicproduct.com\/wp-content\/uploads\/2025\/07\/Acrylic-Awards-1-768x768.jpg 768w, https:\/\/customacrylicproduct.com\/wp-content\/uploads\/2025\/07\/Acrylic-Awards-1-12x12.jpg 12w, https:\/\/customacrylicproduct.com\/wp-content\/uploads\/2025\/07\/Acrylic-Awards-1-600x600.jpg 600w, https:\/\/customacrylicproduct.com\/wp-content\/uploads\/2025\/07\/Acrylic-Awards-1-100x100.jpg 100w, https:\/\/customacrylicproduct.com\/wp-content\/uploads\/2025\/07\/Acrylic-Awards-1.jpg 1500w\" sizes=\"(max-width: 1024px) 100vw, 1024px\" \/><\/a><\/p>\n<h4 id=\"-3-layout-beyond-convention-crafting-a-vision-in-acrylic-\"><strong>3. La mise en page au-del\u00e0 des conventions : Cr\u00e9er une vision \u00e0 l'acrylique\u00a0<\/strong>.<\/h4>\n<p>La nature autonome de nos r\u00e9compenses ouvre la voie \u00e0 une multitude de possibilit\u00e9s cr\u00e9atives. Sans \u00eatre limit\u00e9 par les contraintes d'une base typique, l'honneur lui-m\u00eame finit par \u00eatre la d\u00e9claration imaginative compl\u00e8te. Nos capacit\u00e9s de conception vous permettent de d\u00e9velopper une pi\u00e8ce vraiment distinctive qui refl\u00e8te parfaitement votre marque, votre \u00e9v\u00e9nement ou votre message.<\/p>\n<p><strong>Formes infinies :\u00a0<\/strong>Des blocs rectangulaires classiques et des cercles \u00e9l\u00e9gants aux silhouettes personnalis\u00e9es qui refl\u00e8tent le logo de votre entreprise ou un signe pertinent, le potentiel de style est pratiquement infini. Le prix peut \u00eatre \u00e9pais et consid\u00e9rable pour une d\u00e9claration forte, ou profil\u00e9 et mince pour un visuel minimal suppl\u00e9mentaire. Nous pouvons produire des faces facett\u00e9es qui captent la lumi\u00e8re comme un diamant ou des coins arrondis pour un effet plus doux et plus moderne.<\/p>\n<p><strong>Le pouvoir de la base :\u00a0<\/strong>Bien qu'un certain nombre de nos prix soient con\u00e7us pour \u00eatre enti\u00e8rement autoportants, une base diff\u00e9rente peut ajouter une couche suppl\u00e9mentaire de classe. Une base classique en acrylique noir brillant offre une comparaison frappante avec le corps transparent du prix, agissant comme un support \u00e9l\u00e9gant. Ce socle est en outre une toile parfaite pour une seconde personnalisation, comme la publication d'un logo en couleur, l'inscription du nom du r\u00e9cipiendaire ou l'inclusion de la date de l'\u00e9v\u00e9nement. Pour un effet vraiment saisissant, la base peut \u00eatre con\u00e7ue dans un style de bo\u00eete creuse, \u00e9quip\u00e9e de lumi\u00e8res LED int\u00e9gr\u00e9es. Il suffit d'appuyer sur un bouton pour que l'ensemble du prix s'illumine et se transforme en un troph\u00e9e dynamique et vibrant qui attire l'attention.<\/p>\n<p><strong>La magie de l'all\u00e9gement 3D :\u00a0<\/strong>L'une de nos capacit\u00e9s les plus exceptionnelles est le d\u00e9veloppement d'effets d'all\u00e9gement en 3D gr\u00e2ce \u00e0 une strat\u00e9gie habile appel\u00e9e inscription en niveaux de gris. En g\u00e9rant sp\u00e9cifiquement la puissance et la focalisation du laser, nos artisans peuvent cr\u00e9er diff\u00e9rents niveaux d'inscription dans l'acrylique. Cela donne l'impression que le motif ou le logo flotte holographiquement \u00e0 l'int\u00e9rieur du bloc, d\u00e9veloppant un magnifique charme tridimensionnel auquel il faut assister pour le croire. Cela ajoute une couche de profondeur et de sophistication qui fait passer le prix d'une simple plaque \u00e0 un v\u00e9ritable chef-d'\u0153uvre.<\/p>\n<h4 id=\"-4-a-canvas-for-every-single-occasion-versatile-application-situations-\"><strong>4. Une toile pour chaque occasion : Des situations d'application polyvalentes\u00a0<\/strong>.<\/h4>\n<p>L'aspect visuel contemporain, la r\u00e9sistance et les choix consid\u00e9rables de personnalisation de nos honneurs acryliques autoportants en font le choix id\u00e9al pour une vari\u00e9t\u00e9 incroyablement vari\u00e9e d'\u00e9v\u00e9nements et de reconnaissances.<\/p>\n<ul>\n<li><strong>Monde des affaires et des organisations :\u00a0<\/strong>Comm\u00e9morez la qualit\u00e9 de l'environnement de travail avec des r\u00e9compenses pour \u201cl'employ\u00e9 du mois\u201d, \u201cle meilleur vendeur\u201d, \u201cl'intronis\u00e9 du club du pr\u00e9sident\u201d ou \u201cles ann\u00e9es de service\u201d. Ils conviennent aux r\u00e9unions annuelles des entreprises, aux remerciements des partenaires et aux cadeaux pour les retrait\u00e9s.<\/li>\n<li><strong>Institutions universitaires et \u00e9ducatives :\u00a0<\/strong>Honorez la r\u00e9ussite des \u00e9tudiants en r\u00e9compensant les major de promotion, la qualit\u00e9 des r\u00e9sultats scolaires et les champions sportifs. Identifiez les r\u00e9mun\u00e9rations des enseignants, les d\u00e9veloppements de la recherche et la g\u00e9n\u00e9rosit\u00e9 des bienfaiteurs avec un souvenir sophistiqu\u00e9.<\/li>\n<li><strong>Sports et comp\u00e9titions :\u00a0<\/strong>Qu'il s'agisse de comp\u00e9titions locales ou de championnats, ces objets constituent de magnifiques troph\u00e9es et m\u00e9dailles qui traduisent l'esprit de la victoire. Leur durabilit\u00e9 leur permet de durer beaucoup plus longtemps que les troph\u00e9es en plastique classiques.<\/li>\n<li><strong>Occasions commerciales et promotionnelles :\u00a0<\/strong>Utilisez les blocs acryliques grav\u00e9s sur mesure comme objets publicitaires de premier choix, comme cadeaux pour les conventions commerciales ou comme souvenirs pour les lancements de produits et les occasions uniques. Ils constituent une preuve durable de l'engagement de votre marque en faveur de la qualit\u00e9.<\/li>\n<li><strong>Les \u00e9tapes personnelles et les organisations \u00e0 but non lucratif :\u00a0<\/strong>Ils peuvent \u00eatre utilis\u00e9s pour c\u00e9l\u00e9brer des anniversaires de mariage ou des r\u00e9alisations individuelles, ou encore pour remercier des b\u00e9n\u00e9voles et des clients d'organisations caritatives. Ils constituent un excellent prestataire de services pour communiquer l'honneur, la gratitude et les sentiments.<\/li>\n<\/ul>\n<h4 id=\"-5-your-vision-our-knowledge-a-genuinely-bespoke-personalization-service-\"><strong>5. Votre vision, notre savoir : Un service de personnalisation v\u00e9ritablement sur mesure\u00a0<\/strong>.<\/h4>\n<p>Notre soci\u00e9t\u00e9 est convaincue qu'un honneur sur mesure doit \u00eatre le fruit d'une collaboration. Notre proc\u00e9dure est con\u00e7ue pour \u00eatre fluide, claire et centr\u00e9e sur la concr\u00e9tisation de votre vision distincte.<\/p>\n<p>Notre groupe de mise en page d\u00e9vou\u00e9 vous accompagne tout au long du processus. Vous pouvez nous confier des documents de conception complets, pr\u00eats \u00e0 \u00eatre imprim\u00e9s, ou simplement un concept. Nos sp\u00e9cialistes \u00e9couteront vos exigences, comprendront le contexte du prix et collaboreront avec vous pour \u00e9tablir un principe. \u00c0 l'aide de logiciels professionnels tels que CorelDRAW et AutoCAD, nous convertirons vos id\u00e9es en une \u00e9preuve num\u00e9rique d\u00e9taill\u00e9e. Cela vous permet de voir pr\u00e9cis\u00e9ment \u00e0 quoi ressemblera votre r\u00e9compense, et nous pouvons apporter toutes les modifications n\u00e9cessaires \u00e0 la forme, \u00e0 la dimension, au message ou \u00e0 l'emplacement du logo jusqu'\u00e0 ce que vous soyez 100% satisfait. Cette volont\u00e9 de partenariat garantit que le produit final n'est pas simplement quelque chose que nous avons produit, mais quelque chose que nous avons produit avec vous.<\/p>\n<p><a href=\"https:\/\/customacrylicproduct.com\/fr\/bespoke-freestanding-laser-engraving-acrylic-awards-factory\/\"><img decoding=\"async\" class=\"aligncenter wp-image-1067 size-full\" src=\"https:\/\/customacrylicproduct.com\/wp-content\/uploads\/2025\/07\/Acrylic-Awards-3.jpg\" alt=\"Prix en acrylique\" width=\"1500\" height=\"1500\" srcset=\"https:\/\/customacrylicproduct.com\/wp-content\/uploads\/2025\/07\/Acrylic-Awards-3.jpg 1500w, https:\/\/customacrylicproduct.com\/wp-content\/uploads\/2025\/07\/Acrylic-Awards-3-300x300.jpg 300w, https:\/\/customacrylicproduct.com\/wp-content\/uploads\/2025\/07\/Acrylic-Awards-3-1024x1024.jpg 1024w, https:\/\/customacrylicproduct.com\/wp-content\/uploads\/2025\/07\/Acrylic-Awards-3-150x150.jpg 150w, https:\/\/customacrylicproduct.com\/wp-content\/uploads\/2025\/07\/Acrylic-Awards-3-768x768.jpg 768w, https:\/\/customacrylicproduct.com\/wp-content\/uploads\/2025\/07\/Acrylic-Awards-3-12x12.jpg 12w, https:\/\/customacrylicproduct.com\/wp-content\/uploads\/2025\/07\/Acrylic-Awards-3-600x600.jpg 600w, https:\/\/customacrylicproduct.com\/wp-content\/uploads\/2025\/07\/Acrylic-Awards-3-100x100.jpg 100w\" sizes=\"(max-width: 1500px) 100vw, 1500px\" \/><\/a><\/p>\n<h4 id=\"-6-premium-top-quality-accessible-rate-the-smart-financial-investment-in-recognition-\"><strong>6. Qualit\u00e9 sup\u00e9rieure, tarifs accessibles : L'investissement financier intelligent en mati\u00e8re de reconnaissance\u00a0<\/strong>.<\/h4>\n<p>L'exclusivit\u00e9 et la qualit\u00e9 exceptionnelle ne doivent pas n\u00e9cessairement s'accompagner d'un prix exorbitant. L'une des facettes les plus attrayantes de notre <a href=\"https:\/\/customacrylicproduct.com\/fr\/bespoke-freestanding-laser-engraving-acrylic-awards-factory\/\">r\u00e9compenses en acrylique<\/a> est leur exceptionnel rapport qualit\u00e9-prix.<\/p>\n<p>L'acrylique est un produit tr\u00e8s rentable. Une simple plaque d'acrylique, co\u00fbtant une partie du cristal brut ou du m\u00e9tal, offre le produit brut pour ces articles spectaculaires. Combin\u00e9 \u00e0 l'efficacit\u00e9 \u00e0 grande vitesse de notre proc\u00e9dure d'inscription au laser, le co\u00fbt de production g\u00e9n\u00e9ral est maintenu \u00e0 un niveau extr\u00eamement bas.<\/p>\n<p>Par cons\u00e9quent, nos chandeliers en acrylique autoportants sont nettement plus comp\u00e9titifs que des chandeliers comparables en cristal ou en acier. Ils vous permettent d'obtenir un produit magnifique, durable et enti\u00e8rement personnalis\u00e9 \u00e0 un prix qui convient g\u00e9n\u00e9ralement mieux aux plans budg\u00e9taires de toutes dimensions. Cet avantage en termes de co\u00fbt est particuli\u00e8rement pr\u00e9cieux pour les personnalisations importantes, ce qui fait de nos r\u00e9compenses un excellent choix pour les \u00e9v\u00e9nements professionnels, les \u00e9v\u00e9nements scolaires ou toute autre occasion n\u00e9cessitant un grand nombre de r\u00e9compenses personnalis\u00e9es de haute qualit\u00e9 sans pour autant faire exploser le budget.<\/p>\n<p>En conclusion, notre service de gravure laser autonome sur mesure est un service de qualit\u00e9.<a href=\"https:\/\/customacrylicproduct.com\/fr\/custom-acrylic-trophies-awards\/\"> Support de prix en acrylique<\/a> pour une harmonie parfaite entre le type, la fonction et la valeur. Ils constituent une option moderne, r\u00e9sistante et constamment ajustable pour toute personne souhaitant c\u00e9l\u00e9brer le succ\u00e8s d'une mani\u00e8re significative et remarquable. Appelez notre \u00e9quipe de conception d\u00e8s aujourd'hui et laissez-nous vous aider \u00e0 cr\u00e9er quelque chose de vraiment extraordinaire.<\/p>","protected":false},"excerpt":{"rendered":"<p>C\u00e9l\u00e9brez le succ\u00e8s avec nos prix en acrylique autoportants. Gravure laser de pr\u00e9cision de votre logo et de votre texte sur de l'acrylique poli de premi\u00e8re qualit\u00e9. Ce design \u00e9pur\u00e9 et autoportant offre un souvenir moderne et \u00e9l\u00e9gant pour honorer n'importe quelle r\u00e9alisation.<\/p>","protected":false},"featured_media":1068,"template":"","meta":{"_kad_post_transparent":"default","_kad_post_title":"","_kad_post_layout":"default","_kad_post_sidebar_id":"","_kad_post_content_style":"default","_kad_post_vertical_padding":"default","_kad_post_feature":"","_kad_post_feature_position":"","_kad_post_header":false,"_kad_post_footer":false,"_kad_post_classname":""},"product_brand":[],"product_cat":[19],"product_tag":[96,59,58],"class_list":{"0":"post-1064","1":"product","2":"type-product","3":"status-publish","4":"has-post-thumbnail","6":"product_cat-custom-acrylic-trophies-awards","7":"product_tag-acrylic-awards","8":"product_tag-custom-acrylic-awards","9":"product_tag-custom-acrylic-trophies","11":"first","12":"instock","13":"shipping-taxable","14":"product-type-simple","15":"entry","16":"content-bg","17":"loop-entry"},"_links":{"self":[{"href":"https:\/\/customacrylicproduct.com\/fr\/wp-json\/wp\/v2\/product\/1064","targetHints":{"allow":["GET"]}}],"collection":[{"href":"https:\/\/customacrylicproduct.com\/fr\/wp-json\/wp\/v2\/product"}],"about":[{"href":"https:\/\/customacrylicproduct.com\/fr\/wp-json\/wp\/v2\/types\/product"}],"wp:featuredmedia":[{"embeddable":true,"href":"https:\/\/customacrylicproduct.com\/fr\/wp-json\/wp\/v2\/media\/1068"}],"wp:attachment":[{"href":"https:\/\/customacrylicproduct.com\/fr\/wp-json\/wp\/v2\/media?parent=1064"}],"wp:term":[{"taxonomy":"product_brand","embeddable":true,"href":"https:\/\/customacrylicproduct.com\/fr\/wp-json\/wp\/v2\/product_brand?post=1064"},{"taxonomy":"product_cat","embeddable":true,"href":"https:\/\/customacrylicproduct.com\/fr\/wp-json\/wp\/v2\/product_cat?post=1064"},{"taxonomy":"product_tag","embeddable":true,"href":"https:\/\/customacrylicproduct.com\/fr\/wp-json\/wp\/v2\/product_tag?post=1064"}],"curies":[{"name":"wp","href":"https:\/\/api.w.org\/{rel}","templated":true}]}}