{"id":1076,"date":"2025-07-14T12:26:45","date_gmt":"2025-07-14T12:26:45","guid":{"rendered":"https:\/\/customacrylicproduct.com\/?post_type=product&#038;p=1076"},"modified":"2025-07-14T12:29:31","modified_gmt":"2025-07-14T12:29:31","slug":"oem-butterfly-shaped-acrylic-plaques-christmas-souvenir-gift","status":"publish","type":"product","link":"https:\/\/customacrylicproduct.com\/fr\/oem-butterfly-shaped-acrylic-plaques-christmas-souvenir-gift\/","title":{"rendered":"OEM Plaques en acrylique en forme de papillon Cadeau souvenir de No\u00ebl"},"content":{"rendered":"<h3 id=\"-the-long-lasting-butterfly-a-xmas-memento-of-enduring-love-for-your-granny-\"><strong>Le papillon qui dure : Un souvenir de No\u00ebl d'amour durable pour votre grand-m\u00e8re\u00a0<\/strong>.<\/h3>\n<p>Dans le bourdonnement tranquille des f\u00eates de fin d'ann\u00e9e, au milieu des lumi\u00e8res scintillantes et de la joie de vivre, nous cherchons plus qu'un simple cadeau. Nous recherchons une sensation, un souvenir enregistr\u00e9, un morceau tangible de notre c\u0153ur que nous pouvons offrir \u00e0 ceux qui ont fa\u00e7onn\u00e9 notre monde. Pour la dame qui tient un univers d'histoires dans son sourire, dont les mains ont r\u00e9ellement utilis\u00e9 la commodit\u00e9 et dont le c\u0153ur a \u00e9t\u00e9 un refuge constant, trouver l'expression id\u00e9ale de l'amour peut ressembler \u00e0 une t\u00e2che impossible. Ce No\u00ebl, nous vous invitons \u00e0 lui offrir quelque chose d'aussi intemporel et magnifique que son esprit : notre magnifique <a href=\"https:\/\/customacrylicproduct.com\/fr\/oem-butterfly-shaped-acrylic-plaques-christmas-souvenir-gift\/\">Plaque en polym\u00e8re en forme de papillon<\/a>.<\/p>\n<p>Il ne s'agit pas d'un simple dessin, mais d'un h\u00e9ritage d'amour, d'un monument \u00e0 la gloire du lien magnifique que vous partagez avec la femme la plus sp\u00e9ciale de votre vie, votre grand-m\u00e8re.<\/p>\n<h4 id=\"-finest-granny-gifts-redefining-the-art-of-gifting-\"><strong>LES PLUS BEAUX CADEAUX DE GRAND-M\u00c8RE : Red\u00e9finir l'art d'offrir\u00a0<\/strong>.<\/h4>\n<p>Notre <a href=\"https:\/\/customacrylicproduct.com\/fr\/oem-butterfly-shaped-acrylic-plaques-christmas-souvenir-gift\/\">plaque acrylique papillon<\/a> red\u00e9finit l'art d'offrir des cadeaux aux grands-m\u00e8res, en transformant un simple objet existant en une d\u00e9claration d'envergure. Nous comprenons que les grands-m\u00e8res sont les gardiennes de l'histoire familiale, les piliers d'un soutien constant et la ressource d'un amour inconditionnel. Elles ont droit \u00e0 un cadeau qui refl\u00e8te la profondeur et l'\u00e9l\u00e9gance de leur r\u00f4le dans nos vies. Avec son contour de papillon d\u00e9licatement travaill\u00e9, cette plaque est une ic\u00f4ne puissante de l'\u00e9quilibre, de la m\u00e9tamorphose et d'un amour durable qui r\u00e9siste \u00e0 l'\u00e9preuve du temps.<\/p>\n<p>Le papillon, cr\u00e9ature au charme \u00e9th\u00e9r\u00e9, repr\u00e9sente en grande partie ce qu'est une grand-m\u00e8re. Il symbolise le voyage de la vie, le d\u00e9veloppement qu'elle a nourri en vous et l'esprit doux et durable qui a guid\u00e9 les membres de votre famille. Ses ailes, bien qu'apparemment d\u00e9licates, lui permettent de parcourir des kilom\u00e8tres, tout comme son amour vous a fait traverser les nombreuses p\u00e9riodes de la vie.<\/p>\n<p>Cette plaque constitue un point focal \u00e9l\u00e9gant et id\u00e9al pour tout type de c\u00e9l\u00e9bration en son honneur. Que vous soyez \u00e0 la recherche de la\u00a0<strong>Cadeau de la f\u00eate des m\u00e8res\u00a0<\/strong>pour comm\u00e9morer son endurance de matriarche, une\u00a0<strong>Cadeau pour l'anniversaire de grand-m\u00e8re\u00a0<\/strong>qui attire l'attention des autres, un engagement sans faille.\u00a0<strong>Cadeau de No\u00ebl\u00a0<\/strong>\u00e0 placer sous le sapin, ou un souvenir m\u00e9morable pour une personne de la famille.\u00a0<strong>Anniversaire de mariage, \u00e9v\u00e9nement de mariage ou vie de retrait\u00e9\u00a0<\/strong>, Cette plaque papillon transcende les occasions. C'est le meilleur moyen de dire tout ce que vous ressentez, ce qui en fait le cadeau de grand-m\u00e8re par excellence pour tous les moments qui m\u00e9ritent d'\u00eatre ch\u00e9ris.<\/p>\n<p><a href=\"https:\/\/customacrylicproduct.com\/fr\/oem-butterfly-shaped-acrylic-plaques-christmas-souvenir-gift\/\"><img fetchpriority=\"high\" decoding=\"async\" class=\"aligncenter wp-image-1083 size-large\" src=\"https:\/\/customacrylicproduct.com\/wp-content\/uploads\/2025\/07\/Butterfly-Shaped-Acrylic-Plaque-2-1024x1024.jpg\" alt=\"Plaque en acrylique en forme de papillon\" width=\"1024\" height=\"1024\" srcset=\"https:\/\/customacrylicproduct.com\/wp-content\/uploads\/2025\/07\/Butterfly-Shaped-Acrylic-Plaque-2-1024x1024.jpg 1024w, https:\/\/customacrylicproduct.com\/wp-content\/uploads\/2025\/07\/Butterfly-Shaped-Acrylic-Plaque-2-300x300.jpg 300w, https:\/\/customacrylicproduct.com\/wp-content\/uploads\/2025\/07\/Butterfly-Shaped-Acrylic-Plaque-2-150x150.jpg 150w, https:\/\/customacrylicproduct.com\/wp-content\/uploads\/2025\/07\/Butterfly-Shaped-Acrylic-Plaque-2-768x768.jpg 768w, https:\/\/customacrylicproduct.com\/wp-content\/uploads\/2025\/07\/Butterfly-Shaped-Acrylic-Plaque-2-12x12.jpg 12w, https:\/\/customacrylicproduct.com\/wp-content\/uploads\/2025\/07\/Butterfly-Shaped-Acrylic-Plaque-2-600x600.jpg 600w, https:\/\/customacrylicproduct.com\/wp-content\/uploads\/2025\/07\/Butterfly-Shaped-Acrylic-Plaque-2-100x100.jpg 100w, https:\/\/customacrylicproduct.com\/wp-content\/uploads\/2025\/07\/Butterfly-Shaped-Acrylic-Plaque-2.jpg 1500w\" sizes=\"(max-width: 1024px) 100vw, 1024px\" \/><\/a><\/p>\n<h4 id=\"-love-messages-for-every-grandma-words-to-last-a-lifetime-\"><strong>MESSAGES D'AMOUR POUR CHAQUE GRAND-M\u00c8RE : Des mots qui dureront toute une vie\u00a0<\/strong>.<\/h4>\n<p>Parfois, les mots les plus importants sont les plus difficiles \u00e0 prononcer. Le \u201cje t'aime\u201d de tous les jours peut sembler banal, ne parvenant pas \u00e0 exprimer l'immense gratitude et l'affection que nous gardons dans nos c\u0153urs. Notre plaque papillon comble cette lacune, en gravant vos pens\u00e9es les plus intimes dans un magnifique objet qu'elle pourra voir et toucher chaque jour.<\/p>\n<p>Grav\u00e9e avec pr\u00e9cision et traitement, la plaque porte un message \u00e0 la fois basique et \u00e9tendu :.<\/p>\n<p><strong>\u201d A ma belle grand-m\u00e8re, souviens-toi toujours que je t'aime.\u201d\u00a0<\/strong>.<\/p>\n<p>Cette phrase efficace est un r\u00e9confort constant et doux. C'est un point de rep\u00e8re pour les minutes de silence quand vous n'\u00eates pas l\u00e0, un murmure d'amour qui se refl\u00e8te dans sa maison. Il s'adresse \u00e0 la grand-m\u00e8re, \u00e0 la mamie, \u00e0 la nana, \u00e0 la nounou, \u00e0 tous les titres qu'elle porte, ce message parle un langage universel d'amour. Il l'informe que m\u00eame si le rythme actif de la vie fait que vous ne le dites pas suffisamment, votre reconnaissance est in\u00e9branlable. Il lui rappelle qu'elle est vue, qu'elle est appr\u00e9ci\u00e9e et qu'elle est appr\u00e9ci\u00e9e au-del\u00e0 de toute mesure. C'est une promesse que le lien que vous partagez est une partie fondamentale de ce que vous \u00eates, un lien qui sera toujours ch\u00e9ri.<\/p>\n<h4 id=\"-durable-and-eco-friendly-high-quality-a-commitment-to-elegance-and-duty-\"><strong>QUALIT\u00c9 DURABLE ET \u00c9COLOGIQUE : Un engagement pour l'\u00e9l\u00e9gance et le devoir\u00a0<\/strong>.<\/h4>\n<p>Un cadeau destin\u00e9 \u00e0 durer toute une vie doit \u00eatre fabriqu\u00e9 avec des mat\u00e9riaux durables. Nos plaques de grand-m\u00e8re sont soigneusement fabriqu\u00e9es en acrylique robuste, de premi\u00e8re qualit\u00e9 et cristallin, repr\u00e9sentant le summum de la long\u00e9vit\u00e9 et de l'artisanat moderne. Il ne s'agit pas d'un plastique fragile, mais d'un mat\u00e9riau important et substantiel qui pr\u00e9sente l'ouverture remarquable du verre, sans en avoir la fragilit\u00e9. Vous pouvez vous d\u00e9tendre en sachant que ce magnifique souvenir ne se brisera pas et qu'il conservera son message et son charme pendant des d\u00e9cennies.<\/p>\n<p>Les c\u00f4t\u00e9s sont polis au diamant pour obtenir un rev\u00eatement lisse et luminescent, qui capte et r\u00e9fracte la lumi\u00e8re d'une mani\u00e8re qui donne vie \u00e0 l'ensemble de l'objet. La clart\u00e9 de l'acrylique produit un r\u00e9sultat magnifique, pratiquement a\u00e9rien, permettant aux couleurs complexes de la disposition des papillons et \u00e0 la qualit\u00e9 du texte de briller d'un \u00e9clat exceptionnel.<\/p>\n<p>En outre, \u00e0 une \u00e9poque o\u00f9 le consum\u00e9risme r\u00e9fl\u00e9chi est plus important que jamais, nous sommes fiers que notre engagement en faveur de la qualit\u00e9 s'accompagne d'un engagement en faveur de notre plan\u00e8te. Le polym\u00e8re de haute qualit\u00e9 que nous utilisons est recyclable, un attribut qui correspond parfaitement aux valeurs \u00e9cologiques des consommateurs britanniques. En choisissant notre plaque de grand-m\u00e8re, vous optez non seulement pour un cadeau r\u00e9sistant et durable, mais aussi pour un choix responsable qui refl\u00e8te un engagement commun en faveur d'un avenir plus vert et plus durable. C'est un cadeau qu'il est bon d'offrir, dans tous les sens du terme.<\/p>\n<p><a href=\"https:\/\/customacrylicproduct.com\/fr\/custom-acrylic-crafts\/\"><img decoding=\"async\" class=\"aligncenter wp-image-1081 size-large\" src=\"https:\/\/customacrylicproduct.com\/wp-content\/uploads\/2025\/07\/Acrylic-Plaques-1024x1024.jpg\" alt=\"Plaques en acrylique\" width=\"1024\" height=\"1024\" srcset=\"https:\/\/customacrylicproduct.com\/wp-content\/uploads\/2025\/07\/Acrylic-Plaques-1024x1024.jpg 1024w, https:\/\/customacrylicproduct.com\/wp-content\/uploads\/2025\/07\/Acrylic-Plaques-300x300.jpg 300w, https:\/\/customacrylicproduct.com\/wp-content\/uploads\/2025\/07\/Acrylic-Plaques-150x150.jpg 150w, https:\/\/customacrylicproduct.com\/wp-content\/uploads\/2025\/07\/Acrylic-Plaques-768x768.jpg 768w, https:\/\/customacrylicproduct.com\/wp-content\/uploads\/2025\/07\/Acrylic-Plaques-12x12.jpg 12w, https:\/\/customacrylicproduct.com\/wp-content\/uploads\/2025\/07\/Acrylic-Plaques-600x600.jpg 600w, https:\/\/customacrylicproduct.com\/wp-content\/uploads\/2025\/07\/Acrylic-Plaques-100x100.jpg 100w, https:\/\/customacrylicproduct.com\/wp-content\/uploads\/2025\/07\/Acrylic-Plaques.jpg 1200w\" sizes=\"(max-width: 1024px) 100vw, 1024px\" \/><\/a><\/p>\n<h4 id=\"-trendy-home-accent-boosting-her-cherished-spaces-\"><strong>ACCENT TENDANCE POUR LA MAISON : Dynamiser les espaces qui lui sont chers\u00a0<\/strong>.<\/h4>\n<p>Notre <a href=\"https:\/\/customacrylicproduct.com\/fr\/oem-butterfly-shaped-acrylic-plaques-christmas-souvenir-gift\/\">plaque papillon<\/a> est plus qu'un gage d'\u00e9motion ; c'est une \u0153uvre d'art con\u00e7ue pour rehausser le charme de sa maison. Gr\u00e2ce \u00e0 sa disposition distincte et \u00e0 son impression couleur d\u00e9licate, cette plaque est une d\u00e9coration impressionnante qui s'int\u00e8gre parfaitement \u00e0 tout type de style d'int\u00e9rieur, qu'il soit classique et relaxant ou moderne et minimaliste.<\/p>\n<p>Imaginez-la plac\u00e9e sur le rebord d'une fen\u00eatre ensoleill\u00e9e de son salon, la lumi\u00e8re traversant les ailes du papillon et jetant une obscurit\u00e9 vibrante sur l'ensemble de la pi\u00e8ce. Imaginez-la blottie sur sa table de nuit, le premier et le dernier point qu'elle voit chaque jour, un signe continu de votre amour. Imaginez-la \u00e0 l'honneur sur la chemin\u00e9e, pr\u00e8s de ses pr\u00e9cieuses photos de famille, ou ajoutant une touche de style \u00e0 un coin tranquille de son bureau de recherche ou \u00e0 une \u00e9tag\u00e8re dans la salle de bains. Il peut m\u00eame apporter une touche de beaut\u00e9 int\u00e9rieure \u00e0 une cour s\u00e9curis\u00e9e ou \u00e0 un solarium.<\/p>\n<p>La base stable et autoportante de la plaque rend inutile l'utilisation de supports ou de chevalets encombrants. Elle est con\u00e7ue pour \u00eatre plac\u00e9e sans effort et appr\u00e9ci\u00e9e imm\u00e9diatement. Son existence est \u00e0 la fois substantielle et \u00e9l\u00e9gante, apportant une touche sophistiqu\u00e9e et individuelle qui transforme une maison en un foyer charg\u00e9 d'amour et de souvenirs.<\/p>\n<p><a href=\"https:\/\/customacrylicproduct.com\/fr\/custom-acrylic-crafts\/\"><img decoding=\"async\" class=\"aligncenter wp-image-1082 size-large\" src=\"https:\/\/customacrylicproduct.com\/wp-content\/uploads\/2025\/07\/Butterfly-Shaped-Acrylic-Plaque-1-1024x1024.jpg\" alt=\"Plaque en acrylique en forme de papillon\" width=\"1024\" height=\"1024\" srcset=\"https:\/\/customacrylicproduct.com\/wp-content\/uploads\/2025\/07\/Butterfly-Shaped-Acrylic-Plaque-1-1024x1024.jpg 1024w, https:\/\/customacrylicproduct.com\/wp-content\/uploads\/2025\/07\/Butterfly-Shaped-Acrylic-Plaque-1-300x300.jpg 300w, https:\/\/customacrylicproduct.com\/wp-content\/uploads\/2025\/07\/Butterfly-Shaped-Acrylic-Plaque-1-150x150.jpg 150w, https:\/\/customacrylicproduct.com\/wp-content\/uploads\/2025\/07\/Butterfly-Shaped-Acrylic-Plaque-1-768x768.jpg 768w, https:\/\/customacrylicproduct.com\/wp-content\/uploads\/2025\/07\/Butterfly-Shaped-Acrylic-Plaque-1-12x12.jpg 12w, https:\/\/customacrylicproduct.com\/wp-content\/uploads\/2025\/07\/Butterfly-Shaped-Acrylic-Plaque-1-600x600.jpg 600w, https:\/\/customacrylicproduct.com\/wp-content\/uploads\/2025\/07\/Butterfly-Shaped-Acrylic-Plaque-1-100x100.jpg 100w, https:\/\/customacrylicproduct.com\/wp-content\/uploads\/2025\/07\/Butterfly-Shaped-Acrylic-Plaque-1.jpg 1500w\" sizes=\"(max-width: 1024px) 100vw, 1024px\" \/><\/a><\/p>\n<h4 id=\"-a-world-of-possibilities-the-power-of-personalization-\"><strong>UN MONDE DE POSSIBILIT\u00c9S : Le pouvoir de la personnalisation\u00a0<\/strong>.<\/h4>\n<p>Bien que notre pr\u00e9sentation conventionnelle parle d'un amour global, nous reconnaissons que chaque lien avec une grand-m\u00e8re est unique. C'est une histoire \u00e9crite dans les rires partag\u00e9s, les plats secrets et les blagues personnelles. Pour honorer cette individualit\u00e9, nous offrons un service de personnalisation complet directement depuis notre usine de fabrication.<\/p>\n<p>Nos artisans qualifi\u00e9s peuvent donner vie \u00e0 votre vision. Vous avez le pouvoir de cr\u00e9er une \u0153uvre d'art v\u00e9ritablement unique.<\/p>\n<ul>\n<li><strong>Forme et taille :\u00a0<\/strong>Si le papillon est notre signature, une autre forme a sans doute une signification unique pour vous et votre grand-m\u00e8re. Nous pouvons travailler avec vous pour ajuster les dimensions ou d\u00e9couvrir de nouvelles formes.<\/li>\n<li><strong>Sch\u00e9ma de couleurs :\u00a0<\/strong>Adaptez les couleurs du papillon \u00e0 la d\u00e9coration de sa maison ou \u00e0 ses couleurs pr\u00e9f\u00e9r\u00e9es.<\/li>\n<li><strong>Motifs et textes grav\u00e9s :\u00a0<\/strong>C'est l\u00e0 que la magie op\u00e8re absolument. Modifiez \u201cGrand-m\u00e8re\u201d en \u201cNana\u201d, \u201cNanny\u201d, \u201cGrandmother\u201d ou tout autre terme affectueux. Ajoutez un jour important - son anniversaire de naissance, son anniversaire de mariage ou le jour de votre naissance. Faites une petite blague personnelle ou une autre citation qui a toujours \u00e9t\u00e9 le reflet de votre relation.<\/li>\n<\/ul>\n<p>La proc\u00e9dure est conjointe et simple. Vous pouvez fournir vos propres dessins ou faire part de vos id\u00e9es directement \u00e0 notre \u00e9quipe de stylistes, qui vous aidera \u00e0 cr\u00e9er la meilleure plaque personnalis\u00e9e. Ce degr\u00e9 de personnalisation transforme le cadeau d'un bel objet en un h\u00e9ritage profond\u00e9ment personnel, un prix qui n'appartient qu'\u00e0 elle.<\/p>\n<h4 id=\"-pleasant-gifting-experience-our-pledge-of-excellence-\"><strong>UNE EXP\u00c9RIENCE DE CADEAU AGR\u00c9ABLE : Notre engagement d'excellence\u00a0<\/strong>.<\/h4>\n<p>Notre \u00e9quipe est convaincue que l'acte d'offrir doit \u00eatre aussi heureux et facile pour le client que pour le destinataire. Notre marque est fond\u00e9e sur la confiance et le d\u00e9vouement \u00e0 la satisfaction totale. Nous veillons \u00e0 ce que chaque plaque qui quitte nos locaux r\u00e9ponde aux normes de qualit\u00e9 les plus strictes.<\/p>\n<p>Pour nos acheteurs qui recherchent un excellent moyen d'offrir un cadeau sans souci, vous pouvez acheter en toute confiance. Nous soutenons nos produits par une garantie in\u00e9branlable. Dans le cas improbable o\u00f9 votre plaque arriverait avec un d\u00e9faut quelconque ou serait endommag\u00e9e en cours de route, nous nous engageons \u00e0 la remplacer sans d\u00e9lai et sans inconv\u00e9nient. Votre bonheur, et celui de votre grand-m\u00e8re, est notre priorit\u00e9 absolue.<\/p>\n<p>Pour No\u00ebl, sortez de l'ordinaire. Offrez-lui un cadeau qui p\u00e9tille de vie, qui parle au c\u0153ur et qui constitue un t\u00e9moignage durable de l'amour le plus beau qui soit. Offrez-lui le papillon \u00e9ternel.<\/p>","protected":false},"excerpt":{"rendered":"<p>\u00c9largissez votre gamme de produits avec notre plaque en acrylique en forme de papillon, de qualit\u00e9 sup\u00e9rieure et enti\u00e8rement personnalisable. En tant que fabricant OEM de premier plan, nous offrons un contr\u00f4le total sur le design, la marque et l'emballage afin de cr\u00e9er un souvenir tr\u00e8s demand\u00e9 pour les march\u00e9s de No\u00ebl, des f\u00eates et des cadeaux sentimentaux. Faites \u00e9quipe avec nous pour b\u00e9n\u00e9ficier d'une qualit\u00e9 fiable et de prix de gros comp\u00e9titifs.<\/p>","protected":false},"featured_media":1077,"template":"","meta":{"_kad_post_transparent":"default","_kad_post_title":"","_kad_post_layout":"default","_kad_post_sidebar_id":"","_kad_post_content_style":"default","_kad_post_vertical_padding":"default","_kad_post_feature":"","_kad_post_feature_position":"","_kad_post_header":false,"_kad_post_footer":false,"_kad_post_classname":""},"product_brand":[],"product_cat":[20],"product_tag":[97,65],"class_list":{"0":"post-1076","1":"product","2":"type-product","3":"status-publish","4":"has-post-thumbnail","6":"product_cat-custom-acrylic-crafts","7":"product_tag-acrylic-plaques","8":"product_tag-custom-acrylic-crafts","10":"first","11":"instock","12":"shipping-taxable","13":"product-type-simple","14":"entry","15":"content-bg","16":"loop-entry"},"_links":{"self":[{"href":"https:\/\/customacrylicproduct.com\/fr\/wp-json\/wp\/v2\/product\/1076","targetHints":{"allow":["GET"]}}],"collection":[{"href":"https:\/\/customacrylicproduct.com\/fr\/wp-json\/wp\/v2\/product"}],"about":[{"href":"https:\/\/customacrylicproduct.com\/fr\/wp-json\/wp\/v2\/types\/product"}],"wp:featuredmedia":[{"embeddable":true,"href":"https:\/\/customacrylicproduct.com\/fr\/wp-json\/wp\/v2\/media\/1077"}],"wp:attachment":[{"href":"https:\/\/customacrylicproduct.com\/fr\/wp-json\/wp\/v2\/media?parent=1076"}],"wp:term":[{"taxonomy":"product_brand","embeddable":true,"href":"https:\/\/customacrylicproduct.com\/fr\/wp-json\/wp\/v2\/product_brand?post=1076"},{"taxonomy":"product_cat","embeddable":true,"href":"https:\/\/customacrylicproduct.com\/fr\/wp-json\/wp\/v2\/product_cat?post=1076"},{"taxonomy":"product_tag","embeddable":true,"href":"https:\/\/customacrylicproduct.com\/fr\/wp-json\/wp\/v2\/product_tag?post=1076"}],"curies":[{"name":"wp","href":"https:\/\/api.w.org\/{rel}","templated":true}]}}