{"id":1111,"date":"2025-07-15T08:47:11","date_gmt":"2025-07-15T08:47:11","guid":{"rendered":"https:\/\/customacrylicproduct.com\/?post_type=product&#038;p=1111"},"modified":"2025-07-15T09:01:48","modified_gmt":"2025-07-15T09:01:48","slug":"custom-acrylic-storage-trolleys-clear-acrylic-rolling-cart","status":"publish","type":"product","link":"https:\/\/customacrylicproduct.com\/fr\/custom-acrylic-storage-trolleys-clear-acrylic-rolling-cart\/","title":{"rendered":"Chariots de stockage en acrylique personnalis\u00e9s Chariot roulant en acrylique transparent"},"content":{"rendered":"<h3 id=\"-redefine-your-area-the-ultimate-overview-to-custom-made-polymer-storage-trolleys-clear-rolling-carts-\"><strong>Red\u00e9finissez votre espace : L'aper\u00e7u ultime des chariots de stockage en polym\u00e8re sur mesure et des chariots \u00e0 roulettes transparents\u00a0<\/strong>.<\/h3>\n<p>Dans le monde moderne, nos salles de s\u00e9jour et de travail sont plus que de simples lieux utiles ; elles refl\u00e8tent notre personnalit\u00e9, nos normes et notre besoin d'ordre et de beaut\u00e9. La meilleure difficult\u00e9 consiste g\u00e9n\u00e9ralement \u00e0 harmoniser les \u00e9l\u00e9ments fondamentaux dont nous avons besoin avec l'aspect visuel propre et ordonn\u00e9 auquel nous aspirons. Les services d'espaces de rangement standardis\u00e9s imposent souvent un compromis : vous obtenez soit la fonction que vous souhaitez, soit le style que vous voulez, mais rarement les deux.<\/p>\n<p>Notre entreprise est convaincue que vous ne devez jamais prendre de risques.<\/p>\n<p>Pr\u00e9sentant la synth\u00e8se la plus aboutie de la forme et de la fonction : le\u00a0<strong><a href=\"https:\/\/customacrylicproduct.com\/fr\/custom-acrylic-storage-trolleys-clear-acrylic-rolling-cart\/\">Chariot de stockage en acrylique personnalis\u00e9<\/a>\u00a0<\/strong>. Il ne s'agit pas simplement d'un autre meuble, mais d'un service polyvalent, \u00e9l\u00e9gant et extr\u00eamement personnalis\u00e9, con\u00e7u pour lutter contre le d\u00e9sordre et rehausser n'importe quel type d'atmosph\u00e8re. Du salon aux toilettes, du bureau au salon de beaut\u00e9, nos chariots roulants en acrylique transparent offrent un m\u00e9lange harmonieux de grande capacit\u00e9 et de design minimal et contemporain. Cette pr\u00e9sentation d\u00e9taill\u00e9e vous fera d\u00e9couvrir la qualit\u00e9 exceptionnelle, la polyvalence in\u00e9gal\u00e9e et les nombreuses possibilit\u00e9s de personnalisation qui font de nos chariots un compl\u00e9ment indispensable pour tous ceux qui recherchent des options d'espace de rangement efficaces et \u00e9l\u00e9gantes.<\/p>\n<h4 id=\"-chapter-1-a-chameleon-of-design-adaptability-in-every-space-\"><strong>Chapitre 1 : Un cam\u00e9l\u00e9on du design - L'adaptabilit\u00e9 dans tous les espaces\u00a0<\/strong>.<\/h4>\n<p>Le v\u00e9ritable g\u00e9nie d'un chariot roulant en acrylique transparent r\u00e9side dans sa capacit\u00e9 \u00e0 \u00eatre \u00e0 la fois une pi\u00e8ce d'apparat et une aide invisible. Sa nature transparente lui permet de se fondre dans n'importe quel type de plan de style, de g\u00e9rer la personnalit\u00e9 de son environnement tout en apportant une \u00e9nergie inestimable.<\/p>\n<ul>\n<li><strong>Le chef-d'\u0153uvre de l'espace de vie :\u00a0<\/strong>Transformez-le en un \u00e9l\u00e9gant chariot de bar moderne, pr\u00eat \u00e0 accueillir des invit\u00e9s en un clin d'\u0153il. Les \u00e9tag\u00e8res robustes peuvent facilement contenir des r\u00e9cipients, des verres et des appareils. Lorsqu'il n'est pas utilis\u00e9, il devient une table d'appoint innovante, o\u00f9 l'on peut poser ses livres pr\u00e9f\u00e9r\u00e9s, une bougie ou une petite plante sans alourdir l'espace.<\/li>\n<li><strong>Le compagnon serein de la chambre :\u00a0<\/strong>Cr\u00e9ez un abri tranquille et organis\u00e9. Utilisez-le comme table de chevet pour votre lampe, votre t\u00e9l\u00e9phone et vos lectures nocturnes, ou comme chariot de vanit\u00e9 pour ranger parfaitement votre maquillage, vos produits de soin et vos parfums. Le style clair permet de trouver facilement ce dont vous avez besoin, am\u00e9liorant ainsi vos routines du matin et du soir.<\/li>\n<li><strong>La station de pr\u00e9paration mobile de l'espace cuisine :\u00a0<\/strong>Dans une zone de cuisson active, l'espace de travail suppl\u00e9mentaire est un atout majeur. Notre chariot fonctionne comme un \u00eelot mobile, parfait pour contenir des ar\u00f4mes, des huiles ou des fruits et l\u00e9gumes frais. Sa grande capacit\u00e9 et son d\u00e9veloppement solide lui permettent de fonctionner comme une station de caf\u00e9, en accueillant votre appareil, vos tasses et vos gobelets, lib\u00e9rant ainsi de l'espace sur le comptoir.<\/li>\n<li><strong>Le sanctuaire des toilettes :\u00a0<\/strong>Rangez vos serviettes, vos articles de toilette et vos produits de base sur ce chariot imperm\u00e9able et facile \u00e0 nettoyer. Son design \u00e9l\u00e9gant transforme le rangement de la salle de bains d'une n\u00e9cessit\u00e9 en un attribut, cr\u00e9ant ainsi un environnement soign\u00e9, semblable \u00e0 celui d'un h\u00f4tel, qui fait la promotion des loisirs.<\/li>\n<\/ul>\n<p>Le pr\u00e9sent\u00a0<strong>Chariot de rangement \u00e9l\u00e9gant\u00a0<\/strong>am\u00e9liore tout type d'espace ou de lieu de travail gr\u00e2ce \u00e0 son aspect traditionnel et classique. C'est le coordinateur par excellence, cr\u00e9\u00e9 pour \u00eatre ce que vous voulez, o\u00f9 vous voulez.<\/p>\n<p><a href=\"https:\/\/customacrylicproduct.com\/fr\/custom-acrylic-storage-trolleys-clear-acrylic-rolling-cart\/\"><img fetchpriority=\"high\" decoding=\"async\" class=\"aligncenter wp-image-1113 size-full\" src=\"https:\/\/customacrylicproduct.com\/wp-content\/uploads\/2025\/07\/Custom-Acrylic-Storage-Trolleys-2.jpg\" alt=\"Chariots de stockage en acrylique\" width=\"800\" height=\"800\" srcset=\"https:\/\/customacrylicproduct.com\/wp-content\/uploads\/2025\/07\/Custom-Acrylic-Storage-Trolleys-2.jpg 800w, https:\/\/customacrylicproduct.com\/wp-content\/uploads\/2025\/07\/Custom-Acrylic-Storage-Trolleys-2-300x300.jpg 300w, https:\/\/customacrylicproduct.com\/wp-content\/uploads\/2025\/07\/Custom-Acrylic-Storage-Trolleys-2-150x150.jpg 150w, https:\/\/customacrylicproduct.com\/wp-content\/uploads\/2025\/07\/Custom-Acrylic-Storage-Trolleys-2-768x768.jpg 768w, https:\/\/customacrylicproduct.com\/wp-content\/uploads\/2025\/07\/Custom-Acrylic-Storage-Trolleys-2-600x600.jpg 600w, https:\/\/customacrylicproduct.com\/wp-content\/uploads\/2025\/07\/Custom-Acrylic-Storage-Trolleys-2-100x100.jpg 100w\" sizes=\"(max-width: 800px) 100vw, 800px\" \/><\/a><\/p>\n<h4 id=\"-phase-2-the-foundation-of-quality-sturdy-layout-and-large-capacity-space-\"><strong>Phase 2 : Les fondements de la qualit\u00e9 - un agencement solide et un espace de grande capacit\u00e9\u00a0<\/strong>.<\/h4>\n<p>Une pr\u00e9sentation attrayante ne vaut rien si elle ne r\u00e9siste pas aux exigences de la vie quotidienne. Nous avons con\u00e7u nos chariots en acrylique en mettant l'accent sur la stabilit\u00e9, la r\u00e9silience et une capacit\u00e9 de charge \u00e9lev\u00e9e, afin de garantir qu'ils soient aussi raisonnables qu'attrayants.<\/p>\n<p>L'essentiel de son endurance repose sur sa conception et sa construction. Ce chariot utile fonctionne\u00a0<strong>tubes de support robustes en mat\u00e9riau \u00e9largi\u00a0<\/strong>. Contrairement aux produits l\u00e9gers, notre structure garantit la stabilit\u00e9 et la s\u00e9curit\u00e9 de chaque \u00e9tage, \u00e9liminant ainsi tout risque d'oscillation ou d'affaissement. Cette capacit\u00e9 de charge \u00e9lev\u00e9e vous permet d'emballer chaque casier en toute confiance. Nos casiers standard en acrylique moul\u00e9 d'une \u00e9paisseur de 3 \u00e0 5 mm sont class\u00e9s comme pouvant supporter jusqu'\u00e0 15 kg par couche.<\/p>\n<p>Cette construction robuste vous permet de ranger un grand nombre d'objets en toute tranquillit\u00e9 :.<\/p>\n<ul>\n<li>Des livres d'art lourds ou des disques en plastique dans le salon.<\/li>\n<li>Des flacons de shampoing et d'apr\u00e8s-shampoing de taille normale dans la salle d'eau.<\/li>\n<li>Petits appareils de cuisine comme un mixeur ou une cafeti\u00e8re.<\/li>\n<li>Outils et produits d'experts dans un bureau, un atelier ou un salon de beaut\u00e9.<\/li>\n<\/ul>\n<p>Il s'agit d'un chariot fonctionnel con\u00e7u non seulement pour pr\u00e9senter des bibelots l\u00e9gers, mais aussi pour une organisation authentique et robuste dans votre maison, votre lieu de travail ou votre garage.<\/p>\n<h4 id=\"-chapter-3-the-heart-of-our-service-unparalleled-personalization-\"><strong>Chapitre 3 : Le c\u0153ur de notre service - une personnalisation in\u00e9gal\u00e9e\u00a0<\/strong>.<\/h4>\n<p>C'est l\u00e0 que notre service rayonne v\u00e9ritablement. Nous savons que chaque r\u00e9gion est unique et que chaque client a des exigences diff\u00e9rentes. C'est pourquoi nous avons d\u00e9pass\u00e9 le mod\u00e8le de la taille unique pour offrir une exp\u00e9rience profond\u00e9ment ajustable, vous permettant de d\u00e9velopper un chariot qui vous est enti\u00e8rement personnalis\u00e9.<\/p>\n<p><strong>1. Forme : Sculpt\u00e9e pour votre style et votre pi\u00e8ce\u00a0<\/strong>.<\/p>\n<p>La silhouette de votre chariot peut avoir une incidence consid\u00e9rable sur ses caract\u00e9ristiques et son esth\u00e9tique. Nous proposons une s\u00e9rie d'options de forme pour r\u00e9pondre \u00e0 votre vision :.<\/p>\n<ul>\n<li><strong>Versions de base :\u00a0<\/strong>Choisissez un mod\u00e8le classique\u00a0<strong>carr\u00e9\/rectangulaire\u00a0<\/strong>qui offre une s\u00e9curit\u00e9 optimale et s'adapte parfaitement aux ar\u00eates et aux surfaces murales, ou une forme\u00a0<strong>rond\/elliptique\u00a0<\/strong>dont les bords souples sont optimaux pour les zones \u00e0 forte circulation ou les maisons avec enfants, fournissant un service sophistiqu\u00e9 et anti-collision.<\/li>\n<li><strong>Versions uniques :\u00a0<\/strong>Pour une pi\u00e8ce de d\u00e9claration vraiment unique, nous pouvons cr\u00e9er des chariots avec\u00a0<strong>formes trap\u00e9zo\u00efdales, bords bossel\u00e9s,\u00a0<\/strong>ou d'autres formes sur mesure. Il vous suffit de nous fournir une illustration CAO et notre innovation en mati\u00e8re de d\u00e9coupe de pr\u00e9cision donnera vie \u00e0 votre projet.<\/li>\n<li><strong>Mod\u00e8les fonctionnels :\u00a0<\/strong>Augmentez l'utilit\u00e9 de votre panier en y ajoutant des fonctions int\u00e9gr\u00e9es telles que\u00a0<strong>paniers suspendus\u00a0<\/strong>pour les petits objets, discrets\u00a0<strong>armoires\u00a0<\/strong>pour un stockage dissimul\u00e9, ou peut-\u00eatre des\u00a0<strong>racks pliables\u00a0<\/strong>de d\u00e9velopper une zone suppl\u00e9mentaire en cas de besoin.<\/li>\n<\/ul>\n<p><a href=\"https:\/\/customacrylicproduct.com\/fr\/custom-acrylic-storage-trolleys-clear-acrylic-rolling-cart\/\"><img decoding=\"async\" class=\"aligncenter wp-image-1114 size-full\" src=\"https:\/\/customacrylicproduct.com\/wp-content\/uploads\/2025\/07\/Custom-Acrylic-Storage-Trolleys-3.jpg\" alt=\"Chariots de stockage en acrylique\" width=\"800\" height=\"800\" srcset=\"https:\/\/customacrylicproduct.com\/wp-content\/uploads\/2025\/07\/Custom-Acrylic-Storage-Trolleys-3.jpg 800w, https:\/\/customacrylicproduct.com\/wp-content\/uploads\/2025\/07\/Custom-Acrylic-Storage-Trolleys-3-300x300.jpg 300w, https:\/\/customacrylicproduct.com\/wp-content\/uploads\/2025\/07\/Custom-Acrylic-Storage-Trolleys-3-150x150.jpg 150w, https:\/\/customacrylicproduct.com\/wp-content\/uploads\/2025\/07\/Custom-Acrylic-Storage-Trolleys-3-768x768.jpg 768w, https:\/\/customacrylicproduct.com\/wp-content\/uploads\/2025\/07\/Custom-Acrylic-Storage-Trolleys-3-600x600.jpg 600w, https:\/\/customacrylicproduct.com\/wp-content\/uploads\/2025\/07\/Custom-Acrylic-Storage-Trolleys-3-100x100.jpg 100w\" sizes=\"(max-width: 800px) 100vw, 800px\" \/><\/a><\/p>\n<p><strong>2. Dimension : Sur mesure jusqu'\u00e0 l'excellence\u00a0<\/strong>.<\/p>\n<p>Obtenez l'exacte ad\u00e9quation \u00e0 votre espace et \u00e0 vos objets. Nous offrons un contr\u00f4le total sur chaque mesure :.<\/p>\n<ul>\n<li><strong>Dimensions globales :\u00a0<\/strong>Nous pouvons tout produire, depuis un chariot mince et \u00e9troit (<strong>\u00a028-40cm de large\u00a0<\/strong>) con\u00e7u pour couvrir une zone limit\u00e9e, \u00e0 un syst\u00e8me plus grand et plus significatif (<strong>\u00a0jusqu'\u00e0 76 cm de large\u00a0<\/strong>). Les hauteurs d'exigence varient de\u00a0<strong>60-85cm\u00a0<\/strong>avec\u00a0<strong>2-5 couches\u00a0<\/strong>, mais cela est tout \u00e0 fait flexible.<\/li>\n<li><strong>\u00c9l\u00e9vation de la couche ajustable :\u00a0<\/strong>Cela change la donne. Il n'y a plus de zone verticale perdue ni d'\u00e9l\u00e9ments trop hauts pour \u00eatre ins\u00e9r\u00e9s. Nous vous permettons de sp\u00e9cifier la hauteur entre chaque couche. Vous avez besoin d'une pi\u00e8ce plus haute de\u00a0<strong>un minimum de 18 cm pour les cosm\u00e9tiques et la laque\u00a0<\/strong>? Ou une g\u00e9n\u00e9reuse\u00a0<strong>25cm+ d'espace libre pour les publications ou les classeurs de grande taille\u00a0<\/strong>? Nous pouvons le d\u00e9velopper selon vos exigences pr\u00e9cises.<\/li>\n<li><strong>Modification de l'appareil :\u00a0<\/strong>M\u00eame les d\u00e9tails sont \u00e0 votre disposition. Choisissez une taille de roue (<strong>\u00a05-8cm\u00a0<\/strong>) qui convient \u00e0 votre rev\u00eatement de sol, et d\u00e9finissez les versions\u00a0<strong>avec freins\u00a0<\/strong>pour un positionnement s\u00fbr. Ajoutez des crochets flexibles d'une profondeur personnalis\u00e9e pour suspendre des serviettes, des sacs ou des outils.<\/li>\n<\/ul>\n<p><strong>3. Mat\u00e9riel et complet : La signature de la qualit\u00e9\u00a0<\/strong>.<\/p>\n<p>La touche finale consiste \u00e0 choisir le produit et le rev\u00eatement qui correspondent le mieux \u00e0 vos exigences et \u00e0 votre style.<\/p>\n<ul>\n<li><strong>Produit Criterion :\u00a0<\/strong>Nous utilisons des\u00a0<strong>acrylique coul\u00e9\u00a0<\/strong>comme notre norme. Les \u00e9tag\u00e8res sont g\u00e9n\u00e9ralement\u00a0<strong>3-5mm d'\u00e9paisseur\u00a0<\/strong>pour une portance id\u00e9ale, tandis que le cadre est fabriqu\u00e9 \u00e0 partir d'acrylique plus \u00e9pais (<strong>\u00a0\u2265 8mm\u00a0<\/strong>) pour une rigidit\u00e9 optimale.<\/li>\n<li><strong>Traitements sp\u00e9ciaux :\u00a0<\/strong>.<\/li>\n<li><strong>Produit r\u00e9sistant aux UV :\u00a0<\/strong>Vous vous pr\u00e9parez \u00e0 utiliser votre chariot sur une terrasse prot\u00e9g\u00e9e, dans un salon de bronzage ou pr\u00e8s d'une fen\u00eatre \u00e0 forte luminosit\u00e9 ? Optez pour notre traitement anti-UV afin d'\u00e9viter le jaunissement et de garantir une clart\u00e9 durable pour une utilisation ext\u00e9rieure.<\/li>\n<li><strong>Traitement anti-rayures :\u00a0<\/strong>Pour les lieux tr\u00e8s fr\u00e9quent\u00e9s comme les instituts de beaut\u00e9 ou les maisons actives, notre rev\u00eatement difficile r\u00e9sistant aux rayures (atteignant une fermet\u00e9 de surface de 3-4H) prot\u00e8ge la finition immacul\u00e9e contre les dommages quotidiens.<\/li>\n<li><strong>Couleur et proc\u00e9d\u00e9 :\u00a0<\/strong>.<\/li>\n<li><strong>Coloration du corps :\u00a0<\/strong>Pour un aspect vibrant et solide, nous pouvons utiliser de l'acrylique teint\u00e9 sur tout le corps, garantissant qu'il n'y a pas de diff\u00e9rence de teinte sur les bords coup\u00e9s pour un aspect lisse et de qualit\u00e9 sup\u00e9rieure.<\/li>\n<li><strong>Surface Finitions :\u00a0<\/strong>Choisissez parmi une gamme de produits innovants\u00a0<strong>givr\u00e9\u00a0<\/strong>pour un impact clair et doux ; une finition glamour\u00a0<strong>miroir\u00a0<\/strong>pour une touche de luxe art-d\u00e9co, ou une d\u00e9coration enti\u00e8rement personnalis\u00e9e.\u00a0<strong>imprim\u00e9\u00a0<\/strong>avec le logo de votre marque, un motif unique ou un visuel sp\u00e9cifique.<\/li>\n<\/ul>\n<p><a href=\"https:\/\/customacrylicproduct.com\/fr\/custom-acrylic-storage-trolleys-clear-acrylic-rolling-cart\/\"><img decoding=\"async\" class=\"aligncenter wp-image-1112 size-full\" src=\"https:\/\/customacrylicproduct.com\/wp-content\/uploads\/2025\/07\/Custom-Acrylic-Storage-Trolleys-1.jpg\" alt=\"Chariots de stockage en acrylique\" width=\"800\" height=\"800\" srcset=\"https:\/\/customacrylicproduct.com\/wp-content\/uploads\/2025\/07\/Custom-Acrylic-Storage-Trolleys-1.jpg 800w, https:\/\/customacrylicproduct.com\/wp-content\/uploads\/2025\/07\/Custom-Acrylic-Storage-Trolleys-1-300x300.jpg 300w, https:\/\/customacrylicproduct.com\/wp-content\/uploads\/2025\/07\/Custom-Acrylic-Storage-Trolleys-1-150x150.jpg 150w, https:\/\/customacrylicproduct.com\/wp-content\/uploads\/2025\/07\/Custom-Acrylic-Storage-Trolleys-1-768x768.jpg 768w, https:\/\/customacrylicproduct.com\/wp-content\/uploads\/2025\/07\/Custom-Acrylic-Storage-Trolleys-1-600x600.jpg 600w, https:\/\/customacrylicproduct.com\/wp-content\/uploads\/2025\/07\/Custom-Acrylic-Storage-Trolleys-1-100x100.jpg 100w\" sizes=\"(max-width: 800px) 100vw, 800px\" \/><\/a><\/p>\n<h4 id=\"-chapter-4-simplicity-from-start-to-finish-uncomplicated-assembly-\"><strong>Chapitre 4 : Simplicit\u00e9 du d\u00e9but \u00e0 la fin - Assemblage simple\u00a0<\/strong>.<\/h4>\n<p>Notre soci\u00e9t\u00e9 est convaincue qu'un article de qualit\u00e9 sup\u00e9rieure doit offrir une exp\u00e9rience de co\u00fbts d\u00e8s la minute o\u00f9 il arrive \u00e0 votre porte. L'aggravation des instructions de montage compliqu\u00e9es et l'absence d'appareils n'ont pas leur place dans notre monde.<\/p>\n<p>Le pr\u00e9sent\u00a0<strong>Chariot \u00e0 \u00e9nergie\u00a0<\/strong>se caract\u00e9rise par un processus d'installation simple et convivial. Il est livr\u00e9 avec\u00a0<strong>des instructions claires et faciles \u00e0 suivre\u00a0<\/strong>qui vous guident \u00e0 travers quelques actions simples. Le plus important,\u00a0<strong>aucun outil suppl\u00e9mentaire n'est n\u00e9cessaire\u00a0<\/strong>. Tout ce dont vous avez besoin est inclus, ce qui en fait l'option parfaite pour tous ceux qui appr\u00e9cient les avantages. Cette exp\u00e9rience fluide vous permet de passer du d\u00e9ballage \u00e0 l'organisation de votre maison, de votre bureau ou de votre atelier en quelques minutes, et non en quelques heures.<\/p>\n<p>Votre chambre est unique. Vos rangements doivent l'\u00eatre aussi. Cessez de faire des compromis et commencez \u00e0 personnaliser. Am\u00e9liorez d\u00e8s aujourd'hui l'organisation de votre maison gr\u00e2ce \u00e0 un syst\u00e8me de rangement aussi flexible, r\u00e9sistant et \u00e9l\u00e9gant que vous.<\/p>\n<p><strong>Pr\u00eat \u00e0 d\u00e9velopper votre parfaite <a href=\"https:\/\/customacrylicproduct.com\/fr\/custom-acrylic-storage-trolleys-clear-acrylic-rolling-cart\/\">chariot \u00e0 roulettes en acrylique<\/a>? Appelez nos experts pour discuter de votre vision et recevoir un devis personnalis\u00e9. Cr\u00e9ons ensemble quelque chose de magnifique et d'utile.\u00a0<\/strong>.<\/p>","protected":false},"excerpt":{"rendered":"<p>Am\u00e9liorez votre espace avec nos chariots de rangement acryliques personnalis\u00e9s. Ce chariot roulant transparent offre une organisation mobile et \u00e9l\u00e9gante pour la maison, le bureau ou le salon. Parfait comme chariot de bar moderne ou organisateur minimaliste. Fabriqu\u00e9 \u00e0 vos dimensions exactes. Commandez le v\u00f4tre !<\/p>","protected":false},"featured_media":1115,"template":"","meta":{"_kad_post_transparent":"default","_kad_post_title":"","_kad_post_layout":"default","_kad_post_sidebar_id":"","_kad_post_content_style":"default","_kad_post_vertical_padding":"default","_kad_post_feature":"","_kad_post_feature_position":"","_kad_post_header":false,"_kad_post_footer":false,"_kad_post_classname":""},"product_brand":[],"product_cat":[21],"product_tag":[99,69],"class_list":{"0":"post-1111","1":"product","2":"type-product","3":"status-publish","4":"has-post-thumbnail","6":"product_cat-custom-acrylic-furnitures","7":"product_tag-acrylic-storage-trolleys","8":"product_tag-custom-acrylic-furnitures","10":"first","11":"instock","12":"shipping-taxable","13":"product-type-simple","14":"entry","15":"content-bg","16":"loop-entry"},"_links":{"self":[{"href":"https:\/\/customacrylicproduct.com\/fr\/wp-json\/wp\/v2\/product\/1111","targetHints":{"allow":["GET"]}}],"collection":[{"href":"https:\/\/customacrylicproduct.com\/fr\/wp-json\/wp\/v2\/product"}],"about":[{"href":"https:\/\/customacrylicproduct.com\/fr\/wp-json\/wp\/v2\/types\/product"}],"wp:featuredmedia":[{"embeddable":true,"href":"https:\/\/customacrylicproduct.com\/fr\/wp-json\/wp\/v2\/media\/1115"}],"wp:attachment":[{"href":"https:\/\/customacrylicproduct.com\/fr\/wp-json\/wp\/v2\/media?parent=1111"}],"wp:term":[{"taxonomy":"product_brand","embeddable":true,"href":"https:\/\/customacrylicproduct.com\/fr\/wp-json\/wp\/v2\/product_brand?post=1111"},{"taxonomy":"product_cat","embeddable":true,"href":"https:\/\/customacrylicproduct.com\/fr\/wp-json\/wp\/v2\/product_cat?post=1111"},{"taxonomy":"product_tag","embeddable":true,"href":"https:\/\/customacrylicproduct.com\/fr\/wp-json\/wp\/v2\/product_tag?post=1111"}],"curies":[{"name":"wp","href":"https:\/\/api.w.org\/{rel}","templated":true}]}}