{"id":1116,"date":"2025-07-15T09:30:05","date_gmt":"2025-07-15T09:30:05","guid":{"rendered":"https:\/\/customacrylicproduct.com\/?post_type=product&#038;p=1116"},"modified":"2025-07-15T09:45:40","modified_gmt":"2025-07-15T09:45:40","slug":"coloured-cast-acrylic-panel-tinted-acrylic-sheets-wholesaler","status":"publish","type":"product","link":"https:\/\/customacrylicproduct.com\/fr\/coloured-cast-acrylic-panel-tinted-acrylic-sheets-wholesaler\/","title":{"rendered":"Panneau acrylique coul\u00e9 color\u00e9 Plaques acryliques teint\u00e9es Grossiste"},"content":{"rendered":"<h3 id=\"-the-art-of-shade-the-scientific-research-of-product-a-wholesaler-s-guide-to-costs-coloured-cast-acrylic-\"><strong>L'art de l'ombrage, la recherche scientifique de produits : Guide du grossiste sur les co\u00fbts de l'acrylique coul\u00e9 color\u00e9\u00a0<\/strong>.<\/h3>\n<p>Sur la plan\u00e8te du design, de la fabrication et de l'art, les produits sont le vocabulaire que nous utilisons pour raconter. L'option appropri\u00e9e peut transformer un simple travail en \u0153uvre d'art, un espace commercial en une exp\u00e9rience immersive de la marque et un objet utile en une \u0153uvre d'art. Depuis des d\u00e9cennies, un mat\u00e9riau s'est constamment r\u00e9v\u00e9l\u00e9 \u00eatre l'un des supports les plus polyvalents, les plus vivants et les plus modernes pour les d\u00e9veloppeurs de toutes sortes : l'acrylique.<\/p>\n<p>En tant que revendeur de premier plan, nous sommes conscients que nos clients - les concepteurs, les designers, les producteurs et les fabricants de masse - ont besoin de plus qu'un simple article. Vous avez besoin d'un compagnon digne de confiance, d'une combinaison substantielle d'opportunit\u00e9s et d'un produit qui fonctionne parfaitement sous pression. Nous sommes fiers de proposer notre gamme de produits de pointe\u00a0<strong><a href=\"https:\/\/customacrylicproduct.com\/fr\/coloured-cast-acrylic-panel-tinted-acrylic-sheets-wholesaler\/\">Feuilles de polym\u00e8re coul\u00e9 color\u00e9es et teint\u00e9es<\/a>\u00a0<\/strong>, une collection cr\u00e9\u00e9e non seulement pour r\u00e9pondre \u00e0 vos besoins, mais aussi pour influencer votre prochain d\u00e9veloppement d'excellence.<\/p>\n<p>Ce guide pr\u00e9sente les qualit\u00e9s remarquables de nos panneaux en acrylique coul\u00e9, depuis leur gamme de teintes \u00e9poustouflante et leurs propri\u00e9t\u00e9s physiques sup\u00e9rieures jusqu'\u00e0 leur facilit\u00e9 de fabrication et leurs applications illimit\u00e9es. D\u00e9couvrez pourquoi nous sommes la ressource de r\u00e9f\u00e9rence pour les professionnels qui ont besoin de ce qu'il y a de plus efficace.<\/p>\n<h4 id=\"-chapter-1-a-spectrum-of-infinite-opportunity-our-unrivaled-color-scheme-\"><strong>Chapitre 1 : Un spectre de possibilit\u00e9s infinies - Notre palette de couleurs in\u00e9gal\u00e9e\u00a0<\/strong>.<\/h4>\n<p>La couleur, c'est l'\u00e9motion, l'identification et la lumi\u00e8re rendue visible. Notre collection repose sur cette approche. Lorsque vous vous adressez \u00e0 nous, vous b\u00e9n\u00e9ficiez d'une gamme \u00e9tonnante d'options d\u00e9velopp\u00e9es pour donner vie \u00e0 n'importe quelle vision.<\/p>\n<p>Vous obtiendrez certainement une gamme spectaculaire de\u00a0<strong><a href=\"https:\/\/customacrylicproduct.com\/fr\/coloured-cast-acrylic-panel-tinted-acrylic-sheets-wholesaler\/\">acteurs transparents feuilles acryliques color\u00e9es<\/a>\u00a0<\/strong>dans une pl\u00e9thore de couleurs diff\u00e9rentes. Notre offre commune comprend, entre autres, les \u00e9l\u00e9ments suivants :.<\/p>\n<ul>\n<li><strong>Blues profond et oc\u00e9anique\u00a0<\/strong>.<\/li>\n<li><strong>Des oranges pleines de vie et d'\u00e9nergie\u00a0<\/strong>.<\/li>\n<li><strong>Des jaunes \u00e9clatants et ensoleill\u00e9s\u00a0<\/strong>.<\/li>\n<li><strong>Ami de l'environnement luxuriant et naturel\u00a0<\/strong>.<\/li>\n<li><strong>Des Rouges forts et enthousiastes\u00a0<\/strong>.<\/li>\n<li><strong>Rose chic et ludique\u00a0<\/strong>.<\/li>\n<li><strong>Des Noirs purs et profonds\u00a0<\/strong>.<\/li>\n<li><strong>Transparents cristallins\u00a0<\/strong>.<\/li>\n<\/ul>\n<p>Plus qu'une simple liste de couleurs, il s'agit d'une bo\u00eete \u00e0 outils pour la cr\u00e9ativit\u00e9. La magie de la v\u00e9rit\u00e9 r\u00e9side dans l'interaction du mat\u00e9riau avec la lumi\u00e8re. En tant que support transparent, l'aspect de chaque feuille est vibrant.\u00a0<strong>Les couleurs sont dans des \u00e9clairages diff\u00e9rents, le programme est vari\u00e9.\u00a0<\/strong>Un panneau d'un bleu profond et irritable en lumi\u00e8re r\u00e9duite peut se transformer en saphir luminescent et c\u00e9leste lorsqu'il est r\u00e9tro\u00e9clair\u00e9. Cette qualit\u00e9 permet de cr\u00e9er des enseignes dynamiques, des luminaires fascinants et des objets d'art multicouches d'une profondeur incroyable.<\/p>\n<p>Notre gamme de teintes est con\u00e7ue pour r\u00e9pondre \u00e0 vos diverses exigences en mati\u00e8re de bricolage et de sp\u00e9cialisation, qu'il s'agisse d'assortir des couleurs de marques d'entreprises sp\u00e9cifiques ou de cr\u00e9er des sch\u00e9mas imaginatifs uniques.<\/p>\n<p><a href=\"https:\/\/customacrylicproduct.com\/fr\/coloured-cast-acrylic-panel-tinted-acrylic-sheets-wholesaler\/\"><img fetchpriority=\"high\" decoding=\"async\" class=\"aligncenter wp-image-1123 size-full\" src=\"https:\/\/customacrylicproduct.com\/wp-content\/uploads\/2025\/07\/Tinted-Acrylic-Sheets.jpg\" alt=\"Feuilles acryliques teint\u00e9es\" width=\"800\" height=\"800\" srcset=\"https:\/\/customacrylicproduct.com\/wp-content\/uploads\/2025\/07\/Tinted-Acrylic-Sheets.jpg 800w, https:\/\/customacrylicproduct.com\/wp-content\/uploads\/2025\/07\/Tinted-Acrylic-Sheets-300x300.jpg 300w, https:\/\/customacrylicproduct.com\/wp-content\/uploads\/2025\/07\/Tinted-Acrylic-Sheets-150x150.jpg 150w, https:\/\/customacrylicproduct.com\/wp-content\/uploads\/2025\/07\/Tinted-Acrylic-Sheets-768x768.jpg 768w, https:\/\/customacrylicproduct.com\/wp-content\/uploads\/2025\/07\/Tinted-Acrylic-Sheets-600x600.jpg 600w, https:\/\/customacrylicproduct.com\/wp-content\/uploads\/2025\/07\/Tinted-Acrylic-Sheets-100x100.jpg 100w\" sizes=\"(max-width: 800px) 100vw, 800px\" \/><\/a><\/p>\n<h4 id=\"-chapter-2-the-structure-of-quality-superior-product-unwavering-quality-\"><strong>Chapitre 2 : La structure de la qualit\u00e9 - Produit sup\u00e9rieur et qualit\u00e9 in\u00e9branlable\u00a0<\/strong>.<\/h4>\n<p>Une couleur attrayante n'est rien d'autre que le mat\u00e9riau qui la contient. Nous fournissons uniquement\u00a0<strong>acrylique coul\u00e9\u00a0<\/strong>, La norme la plus \u00e9lev\u00e9e du march\u00e9, r\u00e9put\u00e9e pour sa robustesse, sa qualit\u00e9 et sa r\u00e9gularit\u00e9.<\/p>\n<ul>\n<li><strong>Robuste, durable et l\u00e9ger :\u00a0<\/strong>C'est le paradoxe qui rend l'acrylique si important. Notre\u00a0<strong>feuilles en plastique pour l'artisanat et les usages sp\u00e9cialis\u00e9s\u00a0<\/strong>sont fabriqu\u00e9s \u00e0 partir d'un acrylique incroyablement robuste qui r\u00e9siste aux effets et aux \u00e9clats bien mieux que le verre. Il s'agit d'un mat\u00e9riau solide et robuste, con\u00e7u pour durer. Pourtant, il est incroyablement l\u00e9ger, ce qui le rend beaucoup plus facile et s\u00fbr \u00e0 transf\u00e9rer, \u00e0 entretenir et \u00e0 monter, ce qui se traduit par une diminution des d\u00e9penses et une r\u00e9duction des risques pour les projets de grande envergure.<\/li>\n<li><strong>Compl\u00e9ments et protection sans faille :\u00a0<\/strong>La qualit\u00e9 sup\u00e9rieure est dans l'information. Chaque feuille que nous proposons est fabriqu\u00e9e de mani\u00e8re \u00e0 avoir une qualit\u00e9 irr\u00e9prochable.\u00a0<strong>bords lisses\u00a0<\/strong>, garantissant un rev\u00eatement professionnel d\u00e8s le d\u00e9part. Pour que cette belle qualit\u00e9 vous parvienne intacte,\u00a0<strong>chaque feuille acrylique est recouverte d'un film protecteur sur les deux faces.\u00a0<\/strong>Cette action cruciale prot\u00e8ge la surface de la terre, des \u00e9raflures et des empreintes digitales tout au long du transport, de la manutention et de la construction, r\u00e9duisant ainsi les d\u00e9chets et garantissant que chaque centim\u00e8tre carr\u00e9 du produit est utilisable.<\/li>\n<li><strong>La couleur qui dure :\u00a0<\/strong>La teinte de nos feuilles acryliques coul\u00e9es n'est pas une finition de surface. Elle est incorpor\u00e9e dans le monom\u00e8re avant le d\u00e9but de la proc\u00e9dure d'\u00e9talement, ce qui sugg\u00e8re que la teinte est coh\u00e9rente sur toute la densit\u00e9 du panneau. Cela permet de s'assurer que la\u00a0<strong>la couleur dure et est difficile \u00e0 d\u00e9colorer\u00a0<\/strong>, malgr\u00e9 une exposition directe de longue dur\u00e9e \u00e0 l'\u00e9clairage int\u00e9rieur. L'\u00e9clat que vous d\u00e9veloppez est l'\u00e9clat qui durera certainement.<\/li>\n<\/ul>\n<p><a href=\"https:\/\/customacrylicproduct.com\/fr\/coloured-cast-acrylic-panel-tinted-acrylic-sheets-wholesaler\/\"><img decoding=\"async\" class=\"aligncenter wp-image-1120 size-full\" src=\"https:\/\/customacrylicproduct.com\/wp-content\/uploads\/2025\/07\/Tinted-Acrylic-Sheets-1.jpg\" alt=\"Feuilles acryliques teint\u00e9es\" width=\"800\" height=\"800\" srcset=\"https:\/\/customacrylicproduct.com\/wp-content\/uploads\/2025\/07\/Tinted-Acrylic-Sheets-1.jpg 800w, https:\/\/customacrylicproduct.com\/wp-content\/uploads\/2025\/07\/Tinted-Acrylic-Sheets-1-300x300.jpg 300w, https:\/\/customacrylicproduct.com\/wp-content\/uploads\/2025\/07\/Tinted-Acrylic-Sheets-1-150x150.jpg 150w, https:\/\/customacrylicproduct.com\/wp-content\/uploads\/2025\/07\/Tinted-Acrylic-Sheets-1-768x768.jpg 768w, https:\/\/customacrylicproduct.com\/wp-content\/uploads\/2025\/07\/Tinted-Acrylic-Sheets-1-600x600.jpg 600w, https:\/\/customacrylicproduct.com\/wp-content\/uploads\/2025\/07\/Tinted-Acrylic-Sheets-1-100x100.jpg 100w\" sizes=\"(max-width: 800px) 100vw, 800px\" \/><\/a><\/p>\n<h4 id=\"-chapter-3-engineered-for-development-customization-effortless-construction-\"><strong>Chapitre 3 : Con\u00e7u pour le d\u00e9veloppement - Personnalisation et construction sans effort\u00a0<\/strong>.<\/h4>\n<p>Vos travaux ont des exigences particuli\u00e8res, et notre solution est con\u00e7ue pour les satisfaire avec pr\u00e9cision et polyvalence. Nous vous encourageons \u00e0 aller au-del\u00e0 des restrictions de base gr\u00e2ce \u00e0 une personnalisation pouss\u00e9e et \u00e0 un produit avec lequel il est agr\u00e9able de travailler.<\/p>\n<ul>\n<li><strong>Des dimensions sur mesure pour le z\u00e9ro d\u00e9chet :\u00a0<\/strong>Nous reconnaissons que la performance est essentielle dans les op\u00e9rations professionnelles. Notre feuille acrylique teint\u00e9e est offerte en\u00a0<strong>tailles sur mesure\u00a0<\/strong>. Bien que nous ayons en stock des panneaux de dimensions commerciales standard, notre principal service en tant que revendeur consiste \u00e0 fournir des panneaux coup\u00e9s sur mesure en fonction des dimensions sp\u00e9cifiques de votre projet. Cela permet de r\u00e9duire les d\u00e9chets, d'\u00e9conomiser du temps de construction et de r\u00e9duire vos d\u00e9penses globales. En outre, vous pouvez facilement\u00a0<strong>le couper \u00e0 l'aide de dispositifs de r\u00e9duction jusqu'\u00e0 ce qu'il prenne la forme souhait\u00e9e\u00a0<\/strong>sur place.<\/li>\n<li><strong>Maximis\u00e9 pour une construction facile :\u00a0<\/strong>Nos plaques acryliques sont r\u00e9put\u00e9es pour leur excellente usinabilit\u00e9. Les feuilles d'acrylique\u00a0<strong>1\/8 de pouce (environ 3 mm) d'\u00e9paisseur\u00a0<\/strong>En tant que grossiste, nous sommes en mesure de fournir une vaste gamme d'\u00e9paisseurs pour r\u00e9pondre \u00e0 tout type d'application. La densit\u00e9 uniforme et la qualit\u00e9 sup\u00e9rieure du produit le rendent incroyablement simple \u00e0 traiter. Vous pouvez :.<\/li>\n<li><strong>Coupez avec pr\u00e9cision :\u00a0<\/strong>Utiliser un\u00a0<strong>scie \u00e0 ruban, scie \u00e0 table, ou table \u00e0 d\u00e9couper\u00a0<\/strong>pour couper les feuilles acryliques avec des lignes nettes et pr\u00e9cises, ce qui permet d'obtenir rapidement la forme souhait\u00e9e.<\/li>\n<li><strong>D\u00e9coupe et gravure au laser :\u00a0<\/strong>Le produit se pr\u00eate parfaitement \u00e0 la d\u00e9coupe au laser, ce qui permet de cr\u00e9er des motifs \u00e9labor\u00e9s, des logos d\u00e9taill\u00e9s et des formes compliqu\u00e9es aux c\u00f4t\u00e9s \u00e9l\u00e9gants.<\/li>\n<li><strong>Per\u00e7age, formation et broyage :\u00a0<\/strong>Il peut \u00eatre usin\u00e9 facilement avec des outils d'atelier typiques sans se fissurer ou se craqueler.<\/li>\n<li><strong>Warm Bend &amp; Form :\u00a0<\/strong>En chauffant d\u00e9licatement les panneaux, il est possible de les plier et de leur donner des contours et des formes tridimensionnelles.<\/li>\n<\/ul>\n<p>Cette simplicit\u00e9 de construction fait de notre acrylique le choix id\u00e9al pour les prototypes rapides et les grandes s\u00e9ries.<\/p>\n<h4 id=\"-chapter-4-the-canvas-for-development-a-cosmos-of-applications-\"><strong>Chapitre 4 : Le canevas du d\u00e9veloppement - un cosmos d'applications\u00a0<\/strong>.<\/h4>\n<p>L'adaptabilit\u00e9 de nos panneaux acryliques color\u00e9s n'est limit\u00e9e que par votre imagination. Ces panneaux sont en effet devenus un mat\u00e9riau important dans une grande vari\u00e9t\u00e9 de secteurs et de recherches imaginatives.<\/p>\n<ul>\n<li><strong>Enseignes et pr\u00e9sentoirs de vente au d\u00e9tail :\u00a0<\/strong>Produisez des indications luminescentes attrayantes, des pr\u00e9sentoirs de points de vente et des installations bien connues qui attirent les consommateurs. Les couleurs vives et transparentes sont particuli\u00e8rement efficaces lorsqu'elles sont r\u00e9tro\u00e9clair\u00e9es.<\/li>\n<li><strong>Architecture et design d'int\u00e9rieur :\u00a0<\/strong>Utilisez les panneaux comme cloisons d\u00e9coratives, fa\u00e7ades d'armoires modernes, vitrages teint\u00e9s pour remplacer les vitres d'origine.\u00a0<strong>verre \u00e0 structure d'image\u00a0<\/strong>, La protection de l'environnement est une priorit\u00e9 pour l'Union europ\u00e9enne, qui a besoin de meubles sur mesure et de protections.\u00a0<strong>d\u00e9corations de comptoir\u00a0<\/strong>. Sa l\u00e9g\u00e8ret\u00e9 et sa robustesse en font une option de choix pour les espaces publics.<\/li>\n<li><strong>Art et bricolage :\u00a0<\/strong>C'est le meilleur m\u00e9dium pour les artistes et les d\u00e9veloppeurs. Utilisez-le comme une surface lisse et non poreuse pour\u00a0<strong>peinture\u00a0<\/strong>, Le produit peut \u00eatre utilis\u00e9 comme base pour des sculptures mixtes ou pour des objets d'art \u00e9labor\u00e9s d\u00e9coup\u00e9s au laser.<\/li>\n<li><strong>Expositions et pr\u00e9sentations dans les mus\u00e9es :\u00a0<\/strong>Construire des vitrines et des obstacles protecteurs lisses et durables qui offrent une clart\u00e9 optique et une touche d'ombre sans d\u00e9tourner l'attention des artefacts.<\/li>\n<li><strong>D\u00e9coration int\u00e9rieure et \u00e9v\u00e9nementielle :\u00a0<\/strong>Laissez libre cours \u00e0 votre cr\u00e9ativit\u00e9 pour les \u00e9v\u00e9nements saisonniers et festifs.\u00a0<strong>guirlandes lumineuses ornementales de No\u00ebl \u00e0 faire soi-m\u00eame\u00a0<\/strong>en d\u00e9coupant des formes personnalis\u00e9es, de cr\u00e9er des centres de table sensationnels ou de d\u00e9velopper des formes distinctes.\u00a0<strong>d\u00e9corations d'\u00e9v\u00e9nements\u00a0<\/strong>qui ne manquera pas de laisser une impression durable.<\/li>\n<\/ul>\n<p><a href=\"https:\/\/customacrylicproduct.com\/fr\/coloured-cast-acrylic-panel-tinted-acrylic-sheets-wholesaler\/\"><img decoding=\"async\" class=\"aligncenter wp-image-1121 size-full\" src=\"https:\/\/customacrylicproduct.com\/wp-content\/uploads\/2025\/07\/Tinted-Acrylic-Sheets-2.jpg\" alt=\"Feuilles acryliques teint\u00e9es\" width=\"800\" height=\"800\" srcset=\"https:\/\/customacrylicproduct.com\/wp-content\/uploads\/2025\/07\/Tinted-Acrylic-Sheets-2.jpg 800w, https:\/\/customacrylicproduct.com\/wp-content\/uploads\/2025\/07\/Tinted-Acrylic-Sheets-2-300x300.jpg 300w, https:\/\/customacrylicproduct.com\/wp-content\/uploads\/2025\/07\/Tinted-Acrylic-Sheets-2-150x150.jpg 150w, https:\/\/customacrylicproduct.com\/wp-content\/uploads\/2025\/07\/Tinted-Acrylic-Sheets-2-768x768.jpg 768w, https:\/\/customacrylicproduct.com\/wp-content\/uploads\/2025\/07\/Tinted-Acrylic-Sheets-2-600x600.jpg 600w, https:\/\/customacrylicproduct.com\/wp-content\/uploads\/2025\/07\/Tinted-Acrylic-Sheets-2-100x100.jpg 100w\" sizes=\"(max-width: 800px) 100vw, 800px\" \/><\/a><\/p>\n<p>De l'entreprise commerciale la plus exigeante \u00e0 l'entreprise commerciale la plus exigeante, l'entreprise commerciale la plus exigeante.\u00a0<strong>afficher les t\u00e2ches\u00a0<\/strong>\u00e0 titre personnel\u00a0<strong>d\u00e9coration int\u00e9rieure\u00a0<\/strong>am\u00e9liorations, notre <a href=\"https:\/\/customacrylicproduct.com\/fr\/coloured-cast-acrylic-panel-tinted-acrylic-sheets-wholesaler\/\">feuilles acryliques<\/a> offrent une structure de haute qualit\u00e9 et une combinaison d'inspiration.<\/p>\n<h4 id=\"-the-wholesale-advantage-your-strategic-companion-in-supply-\"><strong>L'avantage du commerce de gros : Votre compagnon strat\u00e9gique en mati\u00e8re d'approvisionnement\u00a0<\/strong>.<\/h4>\n<p>Nous choisir comme revendeur, c'est acqu\u00e9rir plus qu'un simple distributeur, c'est acqu\u00e9rir un partenaire qui s'engage pour votre r\u00e9ussite. Nous comprenons les exigences uniques des organisations, des fabricants et des fabricants de gros volumes. L'ensemble de notre proc\u00e9dure est structur\u00e9 de mani\u00e8re \u00e0 vous offrir :.<\/p>\n<ul>\n<li><strong>Prix de gros comp\u00e9titifs :\u00a0<\/strong>Nous r\u00e9alisons des \u00e9conomies substantielles sur les commandes de gros volumes, ce qui vous permet d'augmenter vos marges b\u00e9n\u00e9ficiaires et d'\u00eatre plus comp\u00e9titif dans vos appels d'offres.<\/li>\n<li><strong>Uniformit\u00e9 in\u00e9branlable :\u00a0<\/strong>Nous garantissons l'uniformit\u00e9 de la couleur et de l'\u00e9paisseur de chaque feuille de votre commande, ce qui assure l'uniformit\u00e9 pour les gros travaux et les s\u00e9ries de fabrication.<\/li>\n<li><strong>Inventaire substantiel :\u00a0<\/strong>Notre vaste stock de couleurs et de dimensions pr\u00e9f\u00e9r\u00e9es nous permet de satisfaire rapidement vos commandes, de minimiser les pr\u00e9paratifs et de respecter le calendrier de vos projets.<\/li>\n<li><strong>Assistance d\u00e9vou\u00e9e :\u00a0<\/strong>Notre groupe de professionnels est \u00e0 votre disposition pour vous aider \u00e0 choisir le produit appropri\u00e9 \u00e0 votre application, vous donner des conseils techniques et assurer une proc\u00e9dure d'achat sans probl\u00e8me du d\u00e9but \u00e0 la fin.<\/li>\n<li><strong>Logistique fiable :\u00a0<\/strong>Gr\u00e2ce \u00e0 un emballage solide et \u00e0 un r\u00e9seau de partenaires de livraison fiables, nous garantissons que votre commande arrive en toute s\u00e9curit\u00e9, rapidement et dans des conditions id\u00e9ales.<\/li>\n<\/ul>\n<p>Entrez dans un monde de couleurs vibrantes, de qualit\u00e9 sup\u00e9rieure in\u00e9gal\u00e9e et de potentiel illimit\u00e9. Laissez nos feuilles acryliques color\u00e9es et teint\u00e9es \u00eatre la cl\u00e9 de vo\u00fbte de votre prochain travail.<\/p>\n<p><strong>Appelez nos professionnels du commerce de gros d\u00e8s aujourd'hui pour demander un exemple d'emballage, obtenir un devis abordable pour vos besoins en quantit\u00e9 ou discuter des exigences personnalis\u00e9es de votre projet \u00e0 venir.\u00a0<\/strong>.<\/p>","protected":false},"excerpt":{"rendered":"<p>Votre grossiste de confiance pour les feuilles acryliques coul\u00e9es color\u00e9es et teint\u00e9es de premi\u00e8re qualit\u00e9. Nous fournissons une vaste gamme de panneaux \u00e9clatants, parfaits pour la signalisation, la fabrication et les pr\u00e9sentoirs de vente au d\u00e9tail. B\u00e9n\u00e9ficiez de prix de gros fiables, de services de d\u00e9coupe sur mesure et d'une exp\u00e9dition rapide.<\/p>","protected":false},"featured_media":1123,"template":"","meta":{"_kad_post_transparent":"default","_kad_post_title":"","_kad_post_layout":"default","_kad_post_sidebar_id":"","_kad_post_content_style":"default","_kad_post_vertical_padding":"default","_kad_post_feature":"","_kad_post_feature_position":"","_kad_post_header":false,"_kad_post_footer":false,"_kad_post_classname":""},"product_brand":[],"product_cat":[24],"product_tag":[100,75,73],"class_list":{"0":"post-1116","1":"product","2":"type-product","3":"status-publish","4":"has-post-thumbnail","6":"product_cat-custom-acrylic-sheets","7":"product_tag-coloured-acrylic-sheets","8":"product_tag-custom-cut-acrylic-sheets","9":"product_tag-laser-acrylic-sheets","11":"first","12":"instock","13":"shipping-taxable","14":"product-type-simple","15":"entry","16":"content-bg","17":"loop-entry"},"_links":{"self":[{"href":"https:\/\/customacrylicproduct.com\/fr\/wp-json\/wp\/v2\/product\/1116","targetHints":{"allow":["GET"]}}],"collection":[{"href":"https:\/\/customacrylicproduct.com\/fr\/wp-json\/wp\/v2\/product"}],"about":[{"href":"https:\/\/customacrylicproduct.com\/fr\/wp-json\/wp\/v2\/types\/product"}],"wp:featuredmedia":[{"embeddable":true,"href":"https:\/\/customacrylicproduct.com\/fr\/wp-json\/wp\/v2\/media\/1123"}],"wp:attachment":[{"href":"https:\/\/customacrylicproduct.com\/fr\/wp-json\/wp\/v2\/media?parent=1116"}],"wp:term":[{"taxonomy":"product_brand","embeddable":true,"href":"https:\/\/customacrylicproduct.com\/fr\/wp-json\/wp\/v2\/product_brand?post=1116"},{"taxonomy":"product_cat","embeddable":true,"href":"https:\/\/customacrylicproduct.com\/fr\/wp-json\/wp\/v2\/product_cat?post=1116"},{"taxonomy":"product_tag","embeddable":true,"href":"https:\/\/customacrylicproduct.com\/fr\/wp-json\/wp\/v2\/product_tag?post=1116"}],"curies":[{"name":"wp","href":"https:\/\/api.w.org\/{rel}","templated":true}]}}