{"id":1136,"date":"2025-07-17T06:24:15","date_gmt":"2025-07-17T06:24:15","guid":{"rendered":"https:\/\/customacrylicproduct.com\/?post_type=product&#038;p=1136"},"modified":"2025-07-17T11:57:30","modified_gmt":"2025-07-17T11:57:30","slug":"acrylic-chairs-home-internet-celebrity-backrest-table-chair","status":"publish","type":"product","link":"https:\/\/customacrylicproduct.com\/fr\/acrylic-chairs-home-internet-celebrity-backrest-table-chair\/","title":{"rendered":"Chaises en acrylique Home Internet Home Backrest Table Chair"},"content":{"rendered":"<h3 id=\"the-acrylic-cantilever-chair-an-icon-of-modernity-and-a-declaration-of-unparalleled-style\">La chaise luge en acrylique : Une ic\u00f4ne de la modernit\u00e9 et une d\u00e9claration de style in\u00e9gal\u00e9e<\/h3>\n<p>Dans l'histoire en constante \u00e9volution de la d\u00e9coration d'int\u00e9rieur, il y a des meubles qui remplissent simplement un espace, et puis il y a ceux qui le pr\u00e9cisent. La chaise de table \u00e0 dossier Star de Polymer Chairs Home Internet appartient sans conteste \u00e0 la derni\u00e8re cat\u00e9gorie. Plus qu'un simple si\u00e8ge, c'est l'affirmation d'une pr\u00e9f\u00e9rence sophistiqu\u00e9e, un \u00e9l\u00e9ment sculptural qui s'amuse avec la lumi\u00e8re et l'espace, et un t\u00e9moignage du pouvoir durable d'un design c\u00e9l\u00e8bre. Cette chaise est destin\u00e9e \u00e0 l'individu avis\u00e9 qui comprend que les objets que nous utilisons doivent \u00eatre aussi motivants que fonctionnels. Il s'adresse au concepteur d'espaces attrayants, \u00e0 l'h\u00f4te de d\u00eeners inoubliables et \u00e0 l'amateur discret de style au quotidien. Avec son ouverture a\u00e9rienne et son type d\u00e9fiant la gravit\u00e9, cette chaise transforme tout type d'espace d'une r\u00e9sidence facile en une galerie d'art de la vie moderne. Son statut de \u201cc\u00e9l\u00e9brit\u00e9 du web\u201d n'est pas un hasard ; c'est le r\u00e9sultat organique d'un design si photog\u00e9nique, si polyvalent, si naturellement chic qu'il capte l'imagination cr\u00e9ative et dynamise tous les lieux qu'il embellit. Il ne s'agit pas d'un simple meuble, mais d'un art fonctionnel, pr\u00eat \u00e0 insuffler \u00e0 votre int\u00e9rieur une bouff\u00e9e d'air frais et contemporain.<\/p>\n<p><a href=\"http:\/\/https:\/\/customacrylicproduct.com\/acrylic-chairs-home-internet-celebrity-backrest-table-chair\/\"><img fetchpriority=\"high\" decoding=\"async\" class=\"aligncenter wp-image-1146 size-full\" src=\"https:\/\/customacrylicproduct.com\/wp-content\/uploads\/2025\/07\/Acrylic-Chairs.jpg\" alt=\"Chaises en acrylique\" width=\"800\" height=\"800\" srcset=\"https:\/\/customacrylicproduct.com\/wp-content\/uploads\/2025\/07\/Acrylic-Chairs.jpg 800w, https:\/\/customacrylicproduct.com\/wp-content\/uploads\/2025\/07\/Acrylic-Chairs-300x300.jpg 300w, https:\/\/customacrylicproduct.com\/wp-content\/uploads\/2025\/07\/Acrylic-Chairs-150x150.jpg 150w, https:\/\/customacrylicproduct.com\/wp-content\/uploads\/2025\/07\/Acrylic-Chairs-768x768.jpg 768w, https:\/\/customacrylicproduct.com\/wp-content\/uploads\/2025\/07\/Acrylic-Chairs-600x600.jpg 600w, https:\/\/customacrylicproduct.com\/wp-content\/uploads\/2025\/07\/Acrylic-Chairs-100x100.jpg 100w\" sizes=\"(max-width: 800px) 100vw, 800px\" \/><\/a><\/p>\n<h3 id=\"a-heritage-of-advancement-the-cantilever-form\">Un h\u00e9ritage de progr\u00e8s : La forme en porte-\u00e0-faux<\/h3>\n<p>Pour appr\u00e9cier le g\u00e9nie de cette chaise, il faut d'abord reconna\u00eetre son arbre g\u00e9n\u00e9alogique remarquable. Le pi\u00e9tement luge, qui donne l'impression d'un si\u00e8ge flottant, est l'une des technologies les plus importantes de l'histoire de l'ameublement. Con\u00e7ue dans les ann\u00e9es 1920 par l'architecte hollandais Mart Stam, qui en a eu la c\u00e9l\u00e8bre id\u00e9e en utilisant des conduites de gaz incurv\u00e9es, la chaise en porte-\u00e0-faux s'\u00e9loignait radicalement de la structure typique \u00e0 quatre pieds. Ce principe r\u00e9volutionnaire a \u00e9t\u00e9 rapidement accueilli et affin\u00e9 par les titans du mouvement Bauhaus, tels que Marcel Breuer et Ludwig Mies van der Rohe, qui \u00e9taient captiv\u00e9s par l'id\u00e9e d'utiliser des produits commerciaux tels que l'acier tubulaire pour produire des meubles \u00e0 la fois l\u00e9gers et solides.<\/p>\n<p>La chaise cantilever, avec sa base en forme de C, symbolise un concept crucial de l'innovation : l'harmonie de la forme et de la fonction. Le style n'est pas seulement une s\u00e9lection visuelle ; il offre un niveau de confort unique. L'armature pr\u00e9sente une flexibilit\u00e9 naturelle qui permet \u00e0 l'assise de se plier doucement et de r\u00e9agir aux mouvements de l'individu, une am\u00e9lioration subtile mais significative par rapport aux chaises rigides. Cette chaise perp\u00e9tue cette tradition en associant l'intemporelle base en porte-\u00e0-faux, fabriqu\u00e9e ici m\u00eame dans un chrome brillant et poli, \u00e0 une assise qui repr\u00e9sente un nouveau bond en avant dans le d\u00e9veloppement du produit. Il s'agit d'un clin d'\u0153il au pass\u00e9, parfaitement associ\u00e9 \u00e0 la vision avant-gardiste du design contemporain.<\/p>\n<p><a href=\"http:\/\/https:\/\/customacrylicproduct.com\/acrylic-chairs-home-internet-celebrity-backrest-table-chair\/\"><img decoding=\"async\" class=\"aligncenter wp-image-1145 size-full\" src=\"https:\/\/customacrylicproduct.com\/wp-content\/uploads\/2025\/07\/Acrylic-Chairs-4.jpg\" alt=\"Chaises en acrylique\" width=\"800\" height=\"800\" srcset=\"https:\/\/customacrylicproduct.com\/wp-content\/uploads\/2025\/07\/Acrylic-Chairs-4.jpg 800w, https:\/\/customacrylicproduct.com\/wp-content\/uploads\/2025\/07\/Acrylic-Chairs-4-300x300.jpg 300w, https:\/\/customacrylicproduct.com\/wp-content\/uploads\/2025\/07\/Acrylic-Chairs-4-150x150.jpg 150w, https:\/\/customacrylicproduct.com\/wp-content\/uploads\/2025\/07\/Acrylic-Chairs-4-768x768.jpg 768w, https:\/\/customacrylicproduct.com\/wp-content\/uploads\/2025\/07\/Acrylic-Chairs-4-600x600.jpg 600w, https:\/\/customacrylicproduct.com\/wp-content\/uploads\/2025\/07\/Acrylic-Chairs-4-100x100.jpg 100w\" sizes=\"(max-width: 800px) 100vw, 800px\" \/><\/a><\/p>\n<h3 id=\"the-magic-of-polymer-openness-longevity-and-light\">La magie des polym\u00e8res : Ouverture, long\u00e9vit\u00e9 et lumi\u00e8re<\/h3>\n<p>L'assise de cette remarquable chaise est fabriqu\u00e9e en acrylique de premi\u00e8re qualit\u00e9, un produit qui a chang\u00e9 la disposition des meubles modernes depuis qu'il a gagn\u00e9 en popularit\u00e9 dans les ann\u00e9es 1960. G\u00e9n\u00e9ralement d\u00e9sign\u00e9 par des noms commerciaux tels que Lucite ou Plexiglas, l'acrylique offre la qualit\u00e9 immacul\u00e9e du verre sans sa fragilit\u00e9. Cette transparence est la particularit\u00e9 de la chaise et sa meilleure r\u00e9sistance visuelle. Une chaise transparente a la capacit\u00e9 unique d'habiter un espace sans le frustrer visuellement. Elle produit une impression d'ouverture, donnant l'impression que m\u00eame les plus petits espaces sont plus grands, plus lumineux et plus a\u00e9r\u00e9s. La lumi\u00e8re du soleil et la lumi\u00e8re ambiante traversent le produit, se r\u00e9fractent et se refl\u00e8tent dans un jeu de lumi\u00e8re fascinant qui anime toute la pi\u00e8ce.<\/p>\n<p>Mais l'attrait de l'acrylique va bien au-del\u00e0 de son \u00e9l\u00e9gance. Il s'agit d'un mat\u00e9riau extr\u00eamement robuste et sensible, qui convient aux rigueurs de la vie quotidienne. Contrairement au verre, le polym\u00e8re de qualit\u00e9 sup\u00e9rieure est incassable, une caract\u00e9ristique essentielle pour un objet \u00e0 usage intensif tel qu'une chaise de salle \u00e0 manger ou de bureau. Il est \u00e9galement beaucoup plus l\u00e9ger que le verre, ce qui rend les chaises tr\u00e8s faciles \u00e0 d\u00e9placer, \u00e0 r\u00e9organiser et \u00e0 adapter \u00e0 vos besoins changeants. La surface non poreuse est incroyablement facile \u00e0 nettoyer et \u00e0 pr\u00e9server, car elle r\u00e9siste aux taches et ne n\u00e9cessite qu'un simple coup de chiffon pour retrouver son \u00e9clat. Ce m\u00e9lange de charme \u00e9th\u00e9r\u00e9 et de praticit\u00e9 durable fait de la chaise en acrylique une v\u00e9ritable merveille contemporaine.<\/p>\n<p><a href=\"http:\/\/https:\/\/customacrylicproduct.com\/acrylic-chairs-home-internet-celebrity-backrest-table-chair\/\"><img decoding=\"async\" class=\"aligncenter wp-image-1144 size-full\" src=\"https:\/\/customacrylicproduct.com\/wp-content\/uploads\/2025\/07\/Acrylic-Chairs-3.jpg\" alt=\"\" width=\"800\" height=\"800\" srcset=\"https:\/\/customacrylicproduct.com\/wp-content\/uploads\/2025\/07\/Acrylic-Chairs-3.jpg 800w, https:\/\/customacrylicproduct.com\/wp-content\/uploads\/2025\/07\/Acrylic-Chairs-3-300x300.jpg 300w, https:\/\/customacrylicproduct.com\/wp-content\/uploads\/2025\/07\/Acrylic-Chairs-3-150x150.jpg 150w, https:\/\/customacrylicproduct.com\/wp-content\/uploads\/2025\/07\/Acrylic-Chairs-3-768x768.jpg 768w, https:\/\/customacrylicproduct.com\/wp-content\/uploads\/2025\/07\/Acrylic-Chairs-3-600x600.jpg 600w, https:\/\/customacrylicproduct.com\/wp-content\/uploads\/2025\/07\/Acrylic-Chairs-3-100x100.jpg 100w\" sizes=\"(max-width: 800px) 100vw, 800px\" \/><\/a><\/p>\n<h3 id=\"sculpted-for-convenience-the-functional-designs-of-style\">Sculpt\u00e9 pour la commodit\u00e9 : Les conceptions fonctionnelles du style<\/h3>\n<p>On pourrait penser, \u00e0 tort, qu'une chaise aussi esth\u00e9tique ne serait pas aussi pratique. Pourtant, un examen plus approfondi r\u00e9v\u00e8le une disposition aussi ergonomique qu'\u00e9l\u00e9gante. La construction en une seule pi\u00e8ce de l'assise et du dossier permet d'obtenir une forme liquide et continue qui est soigneusement form\u00e9e pour soutenir le corps humain.<\/p>\n<p>Le dossier comporte un contour anthropomorphe doux qui offre une assistance lombaire essentielle, ce qui favorise une bonne position pendant les d\u00eeners prolong\u00e9s ou les s\u00e9ances de travail. L'assise elle-m\u00eame se termine par un bord en \u201ccascade\u201d - un contour subtil vers le bas \u00e0 l'avant qui \u00e9limine la pression sur l'arri\u00e8re du haut des jambes, favorisant la circulation et \u00e9vitant les douleurs. Cette forme ergonomique bien pens\u00e9e, associ\u00e9e \u00e0 la l\u00e9g\u00e8re flexion de la base chrom\u00e9e en porte-\u00e0-faux, permet d'obtenir un si\u00e8ge \u00e9tonnamment confortable et utile. Il s'agit d'une chaise con\u00e7ue non seulement pour regarder, mais aussi pour vivre.<\/p>\n<h3 id=\"a-chromatic-symphony-curate-your-perfect-scheme\">Une symphonie chromatique : Cr\u00e9ez votre sch\u00e9ma parfait<\/h3>\n<p>Alors que la variante claire de cette chaise utilise le summum de l'\u00e9l\u00e9gance minimaliste, le design revit absolument gr\u00e2ce \u00e0 sa spectaculaire vari\u00e9t\u00e9 d'options de teintes. Chaque ton clair est soigneusement choisi pour \u00e9voquer une certaine ambiance, ce qui vous permet de devenir le conservateur de votre propre espace. La collection de couleurs disponibles utilise un sch\u00e9ma sophistiqu\u00e9 pour exprimer votre design unique.<\/p>\n<p>Imaginez un service de table compos\u00e9 uniquement de la\u00a0<strong>Gris fum\u00e9\u00a0<\/strong>pour une touche de myst\u00e8re et de sophistication. Photo a single\u00a0<strong>Ambre\u00a0<\/strong>qui apporte une touche de confort et d'inspiration r\u00e9tro \u00e0 un coin lecture confortable. La subtilit\u00e9 et la tranquillit\u00e9\u00a0<strong>Taupe\u00a0<\/strong>peut apporter une touche terreuse \u00e0 un visuel minimaliste, tandis que les couleurs vives de l'eau de mer peuvent apporter une touche de terre \u00e0 un visuel minimaliste.\u00a0<strong>Jaune\u00a0<\/strong>apporte une touche de couleur audacieuse et \u00e9nergique. Pour un environnement apaisant et innovant dans un bureau \u00e0 domicile ou un meuble-lavabo, la collection\u00a0<strong>Sarcelle\u00a0<\/strong>ou\u00a0<strong>Lilas\u00a0<\/strong>Les alternatives apportent un panache unique et imaginatif.<\/p>\n<p>L'attrait de ces chaises d\u00e9pend de leur commodit\u00e9. Vous pouvez cr\u00e9er une table unique et uniforme, \u00e0 la recherche d'une d\u00e9claration \u00e9l\u00e9gante et naturelle, ou vous pouvez accepter un design plus diversifi\u00e9 et ludique en m\u00e9langeant et en assortissant diff\u00e9rentes teintes autour d'une table solitaire. Cette approche \u201cmix-and-match\u201d vous permet de cr\u00e9er un int\u00e9rieur vibrant et sur mesure qui est une v\u00e9ritable repr\u00e9sentation de votre caract\u00e8re.<\/p>\n<p><a href=\"http:\/\/https:\/\/customacrylicproduct.com\/acrylic-chairs-home-internet-celebrity-backrest-table-chair\/\"><img loading=\"lazy\" decoding=\"async\" class=\"aligncenter wp-image-1143 size-full\" src=\"https:\/\/customacrylicproduct.com\/wp-content\/uploads\/2025\/07\/Acrylic-Chairs-2.jpg\" alt=\"\" width=\"800\" height=\"800\" srcset=\"https:\/\/customacrylicproduct.com\/wp-content\/uploads\/2025\/07\/Acrylic-Chairs-2.jpg 800w, https:\/\/customacrylicproduct.com\/wp-content\/uploads\/2025\/07\/Acrylic-Chairs-2-300x300.jpg 300w, https:\/\/customacrylicproduct.com\/wp-content\/uploads\/2025\/07\/Acrylic-Chairs-2-150x150.jpg 150w, https:\/\/customacrylicproduct.com\/wp-content\/uploads\/2025\/07\/Acrylic-Chairs-2-768x768.jpg 768w, https:\/\/customacrylicproduct.com\/wp-content\/uploads\/2025\/07\/Acrylic-Chairs-2-600x600.jpg 600w, https:\/\/customacrylicproduct.com\/wp-content\/uploads\/2025\/07\/Acrylic-Chairs-2-100x100.jpg 100w\" sizes=\"(max-width: 800px) 100vw, 800px\" \/><\/a><\/p>\n<h3 id=\"the-net-star-a-star-of-the-social-media-site-age\">La \u201cNet Star\u201d : Une star de l'\u00e8re des sites de m\u00e9dias sociaux<\/h3>\n<p>Dans le monde esth\u00e9tique d'aujourd'hui, le statut de \u201cc\u00e9l\u00e9brit\u00e9 du web\u201d d'un \u00e9l\u00e9ment de mise en page est une indication puissante de son attrait visuel. Cette chaise est une star naturelle. Ses lignes \u00e9pur\u00e9es, son style particulier et sa communication avec la lumi\u00e8re la rendent extr\u00eamement photog\u00e9nique. Elle est devenue l'une des pr\u00e9f\u00e9r\u00e9es des architectes d'int\u00e9rieur, des influenceurs en mati\u00e8re de d\u00e9coration int\u00e9rieure et des propri\u00e9taires soucieux de leur style qui pr\u00e9sentent leurs pi\u00e8ces sur des sites comme Instagram et Pinterest.<\/p>\n<p>L'attrait de la chaise provient de sa capacit\u00e9 \u00e0 renforcer, plut\u00f4t qu'\u00e0 contr\u00f4ler, une image. Sa transparence permet au reste de la d\u00e9coration de l'espace - une table joliment dress\u00e9e, un tapis bien form\u00e9, une \u0153uvre d'art - de rayonner \u00e0 travers elle. Il ajoute une couche d'\u00e9l\u00e9gance et d'int\u00e9r\u00eat esth\u00e9tique sans cr\u00e9er d'encombrement. Dans un monde o\u00f9 la maison est devenue une toile primaire pour l'expression de soi, la Polymer Cantilever Chair est le dispositif parfait pour d\u00e9velopper des moments dignes d'un magazine et partageables.<\/p>\n<h3 id=\"unrivaled-adaptability-a-chair-for-every-single-area\">Une adaptabilit\u00e9 in\u00e9gal\u00e9e : Une chaise pour chaque domaine<\/h3>\n<p>Bien qu'il convienne parfaitement comme chaise de salle \u00e0 manger, son design sophistiqu\u00e9 et ses fonctions fonctionnelles le rendent extr\u00eamement fonctionnel, efficace pour dynamiser n'importe quelle pi\u00e8ce de votre maison ou de votre bureau.<\/p>\n<ul>\n<li><strong>Dans la salle \u00e0 manger :\u00a0<\/strong>En tant que chaise de salle \u00e0 manger, elle conf\u00e8re un caract\u00e8re \u00e9v\u00e9nementiel \u00e0 chaque repas. Sa l\u00e9g\u00e8ret\u00e9 visuelle et son faible encombrement en font la chaise id\u00e9ale pour les grandes salles \u00e0 manger et les coins cuisine encore plus compacts.<\/li>\n<li><strong>Au minist\u00e8re de l'int\u00e9rieur :\u00a0<\/strong>Remplacez votre grande chaise de bureau inint\u00e9ressante par cette option \u00e9pur\u00e9e. Elle offre un soutien ergonomique tout en conservant un aspect sp\u00e9cialis\u00e9 et \u00e9pur\u00e9, transformant ainsi votre bureau en un centre de r\u00e9flexion cr\u00e9ative.<\/li>\n<li><strong>Au Vanity :\u00a0<\/strong>Plac\u00e9 devant une table \u00e0 v\u00eatements ou dans un dressing, il apporte une touche de glamour et de sophistication et constitue un endroit \u00e9l\u00e9gant pour planifier la journ\u00e9e.<\/li>\n<li><strong>Comme fauteuil d'appoint :\u00a0<\/strong>Une chaise solitaire peut servir d'objet sculptural sensationnel dans un coin du salon, une entr\u00e9e ou une chambre \u00e0 coucher. Elle offre des si\u00e8ges suppl\u00e9mentaires pratiques tout en faisant office d'\u0153uvre d'art.<\/li>\n<li><strong>Dans les espaces commerciaux :\u00a0<\/strong>Le m\u00e9lange de style et de long\u00e9vit\u00e9 de la chaise en fait une option superbe pour les lieux commerciaux \u00e0 la pointe du design tels que les caf\u00e9s \u00e9l\u00e9gants, les boutiques modernes, les espaces de r\u00e9ception et les entreprises cr\u00e9atives.<\/li>\n<\/ul>\n<p>Cette chaise est plus qu'un meuble ; c'est un investissement de style, un clin d'\u0153il \u00e0 la cr\u00e9ation d'arri\u00e8re-plan, et un outil flexible pour la vie moderne. C'est un \u00e9v\u00e9nement de lumi\u00e8re, de gentillesse et de couleur, pr\u00eat \u00e0 transformer votre espace et \u00e0 inspirer votre vie. Accueillez la clart\u00e9, la commodit\u00e9 et le charisme indiscutable de la Polymer Cantilever Chair et faites briller votre maison.<\/p>","protected":false},"excerpt":{"rendered":"<p class=\"ng-star-inserted\"><span class=\"ng-star-inserted\">Rehaussez votre int\u00e9rieur avec la chaise Toyas, la pr\u00e9f\u00e9r\u00e9e des c\u00e9l\u00e9brit\u00e9s sur Internet. Cette chaise de table moderne est dot\u00e9e d'un dossier transparent chic et d'un pi\u00e8tement luge chrom\u00e9 \u00e9l\u00e9gant. Son design minimaliste apporte une touche d'\u00e9l\u00e9gance contemporaine \u00e0 n'importe quelle pi\u00e8ce. Parfaite pour les repas ou comme \u00e9l\u00e9ment d'accentuation.<\/span><\/p>","protected":false},"featured_media":1146,"template":"","meta":{"_kad_post_transparent":"default","_kad_post_title":"","_kad_post_layout":"default","_kad_post_sidebar_id":"","_kad_post_content_style":"default","_kad_post_vertical_padding":"default","_kad_post_feature":"","_kad_post_feature_position":"","_kad_post_header":false,"_kad_post_footer":false,"_kad_post_classname":""},"product_brand":[],"product_cat":[21],"product_tag":[106,69],"class_list":{"0":"post-1136","1":"product","2":"type-product","3":"status-publish","4":"has-post-thumbnail","6":"product_cat-custom-acrylic-furnitures","7":"product_tag-acrylic-chairs","8":"product_tag-custom-acrylic-furnitures","10":"first","11":"instock","12":"shipping-taxable","13":"product-type-simple","14":"entry","15":"content-bg","16":"loop-entry"},"_links":{"self":[{"href":"https:\/\/customacrylicproduct.com\/fr\/wp-json\/wp\/v2\/product\/1136","targetHints":{"allow":["GET"]}}],"collection":[{"href":"https:\/\/customacrylicproduct.com\/fr\/wp-json\/wp\/v2\/product"}],"about":[{"href":"https:\/\/customacrylicproduct.com\/fr\/wp-json\/wp\/v2\/types\/product"}],"wp:featuredmedia":[{"embeddable":true,"href":"https:\/\/customacrylicproduct.com\/fr\/wp-json\/wp\/v2\/media\/1146"}],"wp:attachment":[{"href":"https:\/\/customacrylicproduct.com\/fr\/wp-json\/wp\/v2\/media?parent=1136"}],"wp:term":[{"taxonomy":"product_brand","embeddable":true,"href":"https:\/\/customacrylicproduct.com\/fr\/wp-json\/wp\/v2\/product_brand?post=1136"},{"taxonomy":"product_cat","embeddable":true,"href":"https:\/\/customacrylicproduct.com\/fr\/wp-json\/wp\/v2\/product_cat?post=1136"},{"taxonomy":"product_tag","embeddable":true,"href":"https:\/\/customacrylicproduct.com\/fr\/wp-json\/wp\/v2\/product_tag?post=1136"}],"curies":[{"name":"wp","href":"https:\/\/api.w.org\/{rel}","templated":true}]}}