{"id":1154,"date":"2025-07-17T10:35:45","date_gmt":"2025-07-17T10:35:45","guid":{"rendered":"https:\/\/customacrylicproduct.com\/?post_type=product&#038;p=1154"},"modified":"2025-07-18T04:03:57","modified_gmt":"2025-07-18T04:03:57","slug":"acrylic-tray-octagonal-storage-box-with-gold-handle","status":"publish","type":"product","link":"https:\/\/customacrylicproduct.com\/fr\/acrylic-tray-octagonal-storage-box-with-gold-handle\/","title":{"rendered":"Bo\u00eete de rangement octogonale en acrylique avec poign\u00e9e dor\u00e9e"},"content":{"rendered":"<h3 id=\"raise-the-everyday-the-octagonal-polymer-tray-with-gold-deals-with\">\u00c9lever le quotidien : Le plateau octogonal en polym\u00e8re avec or s'occupe de<\/h3>\n<p>Dans l'art de cr\u00e9er une maison, la beaut\u00e9 se d\u00e9couvre dans les d\u00e9tails. C'est dans le choix d\u00e9lib\u00e9r\u00e9 d'objets qui ne sont pas seulement \u00e9tonnants, mais qui apportent \u00e9galement un sens de l'ordre et de l'\u00e9quilibre \u00e0 nos vies. Nous vous pr\u00e9sentons notre plateau octogonal en acrylique avec poign\u00e9es dor\u00e9es - une magnifique fusion entre un design contemporain et une utilit\u00e9 intemporelle, con\u00e7ue pour transformer n'importe quelle surface en un \u00e9cran d'affichage d'un go\u00fbt irr\u00e9prochable. Plus qu'un simple plateau, il s'agit d'un objet de prestige, d'un organisateur polyvalent et d'un outil indispensable \u00e0 un mode de vie sophistiqu\u00e9.<\/p>\n<p><img fetchpriority=\"high\" decoding=\"async\" class=\"aligncenter wp-image-1158 size-large\" src=\"https:\/\/customacrylicproduct.com\/wp-content\/uploads\/2025\/07\/\u4e3b\u56fe05-1024x1024.jpg\" alt=\"\" width=\"1024\" height=\"1024\" srcset=\"https:\/\/customacrylicproduct.com\/wp-content\/uploads\/2025\/07\/\u4e3b\u56fe05-1024x1024.jpg 1024w, https:\/\/customacrylicproduct.com\/wp-content\/uploads\/2025\/07\/\u4e3b\u56fe05-300x300.jpg 300w, https:\/\/customacrylicproduct.com\/wp-content\/uploads\/2025\/07\/\u4e3b\u56fe05-150x150.jpg 150w, https:\/\/customacrylicproduct.com\/wp-content\/uploads\/2025\/07\/\u4e3b\u56fe05-768x768.jpg 768w, https:\/\/customacrylicproduct.com\/wp-content\/uploads\/2025\/07\/\u4e3b\u56fe05-1536x1536.jpg 1536w, https:\/\/customacrylicproduct.com\/wp-content\/uploads\/2025\/07\/\u4e3b\u56fe05-600x600.jpg 600w, https:\/\/customacrylicproduct.com\/wp-content\/uploads\/2025\/07\/\u4e3b\u56fe05-100x100.jpg 100w, https:\/\/customacrylicproduct.com\/wp-content\/uploads\/2025\/07\/\u4e3b\u56fe05.jpg 1600w\" sizes=\"(max-width: 1024px) 100vw, 1024px\" \/><\/p>\n<p><strong>Une mise en page qui captive<\/strong><\/p>\n<p>L'attrait de ce plateau r\u00e9side dans sa forme octogonale particuli\u00e8re. D\u00e9passant la tradition, cette silhouette \u00e0 huit c\u00f4t\u00e9s est une recherche d'harmonie g\u00e9om\u00e9trique. Chaque facette capte et refl\u00e8te la lumi\u00e8re, d\u00e9veloppant un chatoiement raffin\u00e9 et dynamique qui attire le regard. La forme est plus douce et plus accueillante qu'un carr\u00e9 aust\u00e8re, mais beaucoup plus structur\u00e9e et intentionnelle qu'un cercle simple, ce qui lui permet de s'int\u00e9grer parfaitement \u00e0 un large \u00e9ventail de styles de d\u00e9coration - du minimaliste au contemporain en passant par l'Art d\u00e9co et le glam. Il fonctionne comme un support visuel optimal, d\u00e9finissant une pi\u00e8ce sans la frustrer.<\/p>\n<p><strong>L'\u00e9l\u00e9gance d'une clart\u00e9 sans faille<\/strong><\/p>\n<p>Le corps du plateau est fabriqu\u00e9 \u00e0 partir d'une seule pi\u00e8ce d'acrylique de qualit\u00e9 sup\u00e9rieure, \u00e9claircie pour obtenir un rev\u00eatement parfait et cristallin. Cette option de mat\u00e9riau utilise l'excellente transparence du verre sans sa fragilit\u00e9 et son poids. Le r\u00e9sultat est un plateau l\u00e9ger et durable, \u00e0 la fois beau et utile. Le fait qu'il soit \u00e0 peine visible permet \u00e0 la structure et \u00e0 la teinte de la surface sous-jacente - qu'il s'agisse d'un bois riche, d'un marbre \u00e9tonnant ou d'un linge de table - de transpara\u00eetre, \u00e9vitant ainsi tout encombrement visuel. Les objets que vous placez \u00e0 l'int\u00e9rieur semblent flotter, leurs couleurs et leurs types \u00e9tant rehauss\u00e9s, transformant une simple collection de produits en une vignette \u00e9l\u00e9gante.<\/p>\n<p><img decoding=\"async\" class=\"aligncenter wp-image-1157 size-large\" src=\"https:\/\/customacrylicproduct.com\/wp-content\/uploads\/2025\/07\/\u4e3b\u56fe04-\u526f\u672c-1024x1024.jpg\" alt=\"\" width=\"1024\" height=\"1024\" srcset=\"https:\/\/customacrylicproduct.com\/wp-content\/uploads\/2025\/07\/\u4e3b\u56fe04-\u526f\u672c-1024x1024.jpg 1024w, https:\/\/customacrylicproduct.com\/wp-content\/uploads\/2025\/07\/\u4e3b\u56fe04-\u526f\u672c-300x300.jpg 300w, https:\/\/customacrylicproduct.com\/wp-content\/uploads\/2025\/07\/\u4e3b\u56fe04-\u526f\u672c-150x150.jpg 150w, https:\/\/customacrylicproduct.com\/wp-content\/uploads\/2025\/07\/\u4e3b\u56fe04-\u526f\u672c-768x768.jpg 768w, https:\/\/customacrylicproduct.com\/wp-content\/uploads\/2025\/07\/\u4e3b\u56fe04-\u526f\u672c-1536x1536.jpg 1536w, https:\/\/customacrylicproduct.com\/wp-content\/uploads\/2025\/07\/\u4e3b\u56fe04-\u526f\u672c-600x600.jpg 600w, https:\/\/customacrylicproduct.com\/wp-content\/uploads\/2025\/07\/\u4e3b\u56fe04-\u526f\u672c-100x100.jpg 100w, https:\/\/customacrylicproduct.com\/wp-content\/uploads\/2025\/07\/\u4e3b\u56fe04-\u526f\u672c.jpg 1920w\" sizes=\"(max-width: 1024px) 100vw, 1024px\" \/><\/p>\n<p><strong>Une touche de chaleur avanc\u00e9e<\/strong><\/p>\n<p>Les deux bo\u00eetiers minimaux et \u00e9pur\u00e9s offrent un contraste fantastique avec l'\u00e9tonnante clart\u00e9 de l'acrylique. R\u00e9alis\u00e9es en m\u00e9tal massif et parachev\u00e9es dans un or peign\u00e9 confortable, elles pr\u00e9sentent un \u00e9l\u00e9ment de raffinement luxueux. La finition satin\u00e9e t\u00e9moigne d'une sophistication contemporaine, sans l'ostentation d'un vernis brillant. Ces porte-monnaie ne sont pas seulement ornementaux ; ils sont con\u00e7us de mani\u00e8re ergonomique pour une prise en main confortable et s\u00fbre, facilitant le transport de tout, du caf\u00e9 du matin aux cocktails de la nuit. Cette excellente relation maritale entre l'acrylique \u00e9tonnant et le m\u00e9tal chaud d\u00e9veloppe un \u00e9quilibre esth\u00e9tique et tactile stup\u00e9fiant.<\/p>\n<p><img decoding=\"async\" class=\"aligncenter wp-image-1156 size-large\" src=\"https:\/\/customacrylicproduct.com\/wp-content\/uploads\/2025\/07\/\u4e3b\u56fe03-\u526f\u672c-1024x1024.jpg\" alt=\"\" width=\"1024\" height=\"1024\" srcset=\"https:\/\/customacrylicproduct.com\/wp-content\/uploads\/2025\/07\/\u4e3b\u56fe03-\u526f\u672c-1024x1024.jpg 1024w, https:\/\/customacrylicproduct.com\/wp-content\/uploads\/2025\/07\/\u4e3b\u56fe03-\u526f\u672c-300x300.jpg 300w, https:\/\/customacrylicproduct.com\/wp-content\/uploads\/2025\/07\/\u4e3b\u56fe03-\u526f\u672c-150x150.jpg 150w, https:\/\/customacrylicproduct.com\/wp-content\/uploads\/2025\/07\/\u4e3b\u56fe03-\u526f\u672c-768x768.jpg 768w, https:\/\/customacrylicproduct.com\/wp-content\/uploads\/2025\/07\/\u4e3b\u56fe03-\u526f\u672c-1536x1536.jpg 1536w, https:\/\/customacrylicproduct.com\/wp-content\/uploads\/2025\/07\/\u4e3b\u56fe03-\u526f\u672c-600x600.jpg 600w, https:\/\/customacrylicproduct.com\/wp-content\/uploads\/2025\/07\/\u4e3b\u56fe03-\u526f\u672c-100x100.jpg 100w, https:\/\/customacrylicproduct.com\/wp-content\/uploads\/2025\/07\/\u4e3b\u56fe03-\u526f\u672c.jpg 1920w\" sizes=\"(max-width: 1024px) 100vw, 1024px\" \/><\/p>\n<p><strong>La polyvalence red\u00e9finie : Un plateau pour chaque espace<\/strong><\/p>\n<p>L'\u00e9clat de v\u00e9rit\u00e9 de ce plateau octogonal repose sur ses possibilit\u00e9s illimit\u00e9es. Son design \u00e9l\u00e9gant et ses caract\u00e9ristiques fonctionnelles en font un \u00e9l\u00e9ment essentiel pour chaque espace de votre maison.<\/p>\n<ul>\n<li><strong>Pour l'espace de vie :\u00a0<\/strong>D\u00e9sencombrez et am\u00e9nagez imm\u00e9diatement votre table basse ou votre repose-pieds. Utilisez-la pour cr\u00e9er un point focal sophistiqu\u00e9 avec des bougies, un petit vase de fleurs et vos publications artistiques pr\u00e9f\u00e9r\u00e9es. C'est le point de chute des t\u00e9l\u00e9commandes en trois points, ce qui permet \u00e0 votre espace de vie de rester propre et \u00e9l\u00e9gant.<\/li>\n<li><strong>Sur le meuble-lavabo ou la commode :\u00a0<\/strong>Transformez votre routine quotidienne en une routine somptueuse. Disposez vos parfums, vos soins, votre maquillage et vos bijoux sur un \u00e9cran d'affichage sensationnel. Les c\u00f4t\u00e9s transparents vous permettent de tout voir d'un coup d'\u0153il, tandis que le plateau prot\u00e8ge les surfaces de vos meubles.<\/li>\n<li><strong>En tant que portion \u00e9l\u00e9gante :\u00a0<\/strong>Impressionnez vos visiteurs en servant des boissons et des amuse-gueules sur ce superbe plateau. Les c\u00f4t\u00e9s renforc\u00e9s prot\u00e8gent tout, et les poign\u00e9es solides facilitent le transport de la cuisine aux visiteurs. C'est une touche \u00e9l\u00e9mentaire qui rehausse n'importe quel type de rassemblement.<\/li>\n<li><strong>Au minist\u00e8re de l'int\u00e9rieur :\u00a0<\/strong>Mettez de l'ordre et de l'inspiration dans votre espace de travail. Utilisez-le pour ranger les accessoires essentiels de votre bureau, comme les stylos, les blocs-notes et votre t\u00e9l\u00e9phone, afin de cr\u00e9er un espace d\u00e9limit\u00e9 qui r\u00e9duit le d\u00e9sordre et am\u00e9liore la concentration.<\/li>\n<li><strong>\u00c0 l'entr\u00e9e :\u00a0<\/strong>Faites une impression remarquable. Pos\u00e9 sur une table console, il sert de chic fourre-tout pour les cl\u00e9s, le courrier et les lunettes de soleil, garantissant que votre entr\u00e9e reste bien organis\u00e9e et accueillante.<\/li>\n<\/ul>\n<p><strong>Le cadeau parfait du design<\/strong><\/p>\n<p>Vous cherchez un cadeau attentionn\u00e9 pour une pendaison de cr\u00e9maill\u00e8re, un mariage, un anniversaire ou pour une personne qui a tout ce qu'il faut ? Ce plateau octogonal en acrylique est un excellent choix. C'est un cadeau de charme, de fonction et d'organisation - un objet intemporel que toute personne ayant le sens du style appr\u00e9ciera et appr\u00e9ciera.<\/p>\n<p>Fabriqu\u00e9 avec un grand souci de l'information et con\u00e7u pour une beaut\u00e9 durable, ce plateau est tr\u00e8s facile \u00e0 entretenir - il suffit de l'essuyer avec un tissu doux et humide.<\/p>\n<p>D\u00e9couvrez l'objet qui fait tout. Le plateau octogonal en polym\u00e8re avec Gold Deals with est une invitation \u00e0 am\u00e9nager votre vie avec style, \u00e0 l'organiser avec objectivit\u00e9 et \u00e0 rehausser le charme de vos minutes quotidiennes.<\/p>","protected":false},"excerpt":{"rendered":"<p class=\"ng-star-inserted\"><strong class=\"ng-star-inserted\"><span class=\"ng-star-inserted\">Option 1 :<\/span><\/strong><br class=\"ng-star-inserted\" \/><span class=\"ng-star-inserted\">\u00c9l\u00e9gant plateau octogonal en acrylique avec de chics poign\u00e9es dor\u00e9es. Une pi\u00e8ce moderne et polyvalente pour le service, la pr\u00e9sentation ou l'organisation \u00e9l\u00e9gante de la vanit\u00e9.<\/span><\/p>\n<p class=\"ng-star-inserted\"><strong class=\"ng-star-inserted\"><span class=\"ng-star-inserted\">Option 2 :<\/span><\/strong><br class=\"ng-star-inserted\" \/><span class=\"ng-star-inserted\">Servez et organisez avec style ! Ce plateau octogonal transparent avec des poign\u00e9es dor\u00e9es ajoute une touche sophistiqu\u00e9e et moderne \u00e0 toute table basse ou bureau.<\/span><\/p>\n<p class=\"ng-star-inserted\"><strong class=\"ng-star-inserted\"><span class=\"ng-star-inserted\">Option 3 :<\/span><\/strong><br class=\"ng-star-inserted\" \/><span class=\"ng-star-inserted\">Un superbe plateau octogonal moderne en acrylique transparent avec de remarquables poign\u00e9es dor\u00e9es. Parfait pour exposer des objets de d\u00e9coration, servir des boissons ou ranger des objets essentiels.<\/span><\/p>","protected":false},"featured_media":1158,"template":"","meta":{"_kad_post_transparent":"default","_kad_post_title":"","_kad_post_layout":"default","_kad_post_sidebar_id":"","_kad_post_content_style":"default","_kad_post_vertical_padding":"default","_kad_post_feature":"","_kad_post_feature_position":"","_kad_post_header":false,"_kad_post_footer":false,"_kad_post_classname":""},"product_brand":[],"product_cat":[22],"product_tag":[125],"class_list":{"0":"post-1154","1":"product","2":"type-product","3":"status-publish","4":"has-post-thumbnail","6":"product_cat-custom-acrylic-trays","7":"product_tag-acrylic-tray","9":"first","10":"instock","11":"shipping-taxable","12":"product-type-simple","13":"entry","14":"content-bg","15":"loop-entry"},"_links":{"self":[{"href":"https:\/\/customacrylicproduct.com\/fr\/wp-json\/wp\/v2\/product\/1154","targetHints":{"allow":["GET"]}}],"collection":[{"href":"https:\/\/customacrylicproduct.com\/fr\/wp-json\/wp\/v2\/product"}],"about":[{"href":"https:\/\/customacrylicproduct.com\/fr\/wp-json\/wp\/v2\/types\/product"}],"wp:featuredmedia":[{"embeddable":true,"href":"https:\/\/customacrylicproduct.com\/fr\/wp-json\/wp\/v2\/media\/1158"}],"wp:attachment":[{"href":"https:\/\/customacrylicproduct.com\/fr\/wp-json\/wp\/v2\/media?parent=1154"}],"wp:term":[{"taxonomy":"product_brand","embeddable":true,"href":"https:\/\/customacrylicproduct.com\/fr\/wp-json\/wp\/v2\/product_brand?post=1154"},{"taxonomy":"product_cat","embeddable":true,"href":"https:\/\/customacrylicproduct.com\/fr\/wp-json\/wp\/v2\/product_cat?post=1154"},{"taxonomy":"product_tag","embeddable":true,"href":"https:\/\/customacrylicproduct.com\/fr\/wp-json\/wp\/v2\/product_tag?post=1154"}],"curies":[{"name":"wp","href":"https:\/\/api.w.org\/{rel}","templated":true}]}}