{"id":1169,"date":"2025-07-17T11:30:47","date_gmt":"2025-07-17T11:30:47","guid":{"rendered":"https:\/\/customacrylicproduct.com\/?post_type=product&#038;p=1169"},"modified":"2025-07-22T07:33:23","modified_gmt":"2025-07-22T07:33:23","slug":"acrylic-transparent-chair-outdoor-event-bamboo-napoleon-chair","status":"publish","type":"product","link":"https:\/\/customacrylicproduct.com\/fr\/acrylic-transparent-chair-outdoor-event-bamboo-napoleon-chair\/","title":{"rendered":"Chaise transparente en acrylique Chaise Napol\u00e9on en bambou pour l'ext\u00e9rieur"},"content":{"rendered":"<h3 id=\"the-crystal-napoleon-chair-where-classic-style-meets-modern-radiance\">La chaise Crystal Napoleon : La rencontre du style classique et de l'\u00e9clat moderne<\/h3>\n<p>Pensez \u00e0 une occasion o\u00f9 chaque information est un gage d'\u00e9l\u00e9gance. Imaginez une c\u00e9r\u00e9monie dans une cour baign\u00e9e de soleil, un gala \u00e9toil\u00e9 ou un lancement d'entreprise chic o\u00f9 la d\u00e9coration semble \u00e0 la fois grandiose et l\u00e9g\u00e8re. Au c\u0153ur de cette vision se trouve une s\u00e9lection de si\u00e8ges qui ne se contente pas d'offrir une fonction, mais qui \u00e9l\u00e8ve l'atmosph\u00e8re dans son ensemble. Voici la chaise Napol\u00e9on \u201cfant\u00f4me\u201d en polym\u00e8re transparent, une fusion habile de la grandeur historique et de la technologie d'agencement moderne. Il ne s'agit pas simplement d'une chaise, mais d'un \u00e9l\u00e9ment de d\u00e9claration, d'un \u00e9l\u00e9ment d'am\u00e9nagement et d'une astuce pour cr\u00e9er une atmosph\u00e8re m\u00e9morable.<\/p>\n<p><img fetchpriority=\"high\" decoding=\"async\" class=\"aligncenter wp-image-1172 size-full\" src=\"https:\/\/customacrylicproduct.com\/wp-content\/uploads\/2025\/07\/\u4e3b\u56fe05-3.jpg\" alt=\"Chaise acrylique transparente\" width=\"800\" height=\"800\" srcset=\"https:\/\/customacrylicproduct.com\/wp-content\/uploads\/2025\/07\/\u4e3b\u56fe05-3.jpg 800w, https:\/\/customacrylicproduct.com\/wp-content\/uploads\/2025\/07\/\u4e3b\u56fe05-3-300x300.jpg 300w, https:\/\/customacrylicproduct.com\/wp-content\/uploads\/2025\/07\/\u4e3b\u56fe05-3-150x150.jpg 150w, https:\/\/customacrylicproduct.com\/wp-content\/uploads\/2025\/07\/\u4e3b\u56fe05-3-768x768.jpg 768w, https:\/\/customacrylicproduct.com\/wp-content\/uploads\/2025\/07\/\u4e3b\u56fe05-3-600x600.jpg 600w, https:\/\/customacrylicproduct.com\/wp-content\/uploads\/2025\/07\/\u4e3b\u56fe05-3-100x100.jpg 100w\" sizes=\"(max-width: 800px) 100vw, 800px\" \/><\/p>\n<p><strong>Un h\u00e9ritage revisit\u00e9 : L'esprit napol\u00e9onien<\/strong><\/p>\n<p>La chaise Napol\u00e9on poss\u00e8de un riche h\u00e9ritage, dont les racines remontent \u00e0 la p\u00e9riode luxueuse du royaume de France, au d\u00e9but du XIXe si\u00e8cle. Reconnue pour sa silhouette royale et raffin\u00e9e, l'intemporelle chaise Napol\u00e9on est identifi\u00e9e par ses caract\u00e9ristiques distinctives : une barre d'appui soigneusement festonn\u00e9e ou ondul\u00e9e, des broches ou des lattes \u00e9l\u00e9gantes d\u00e9veloppant le dossier, et des pieds joliment tourn\u00e9s. Notre chaise Napol\u00e9on en polym\u00e8re rend un hommage fid\u00e8le \u00e0 ce mod\u00e8le classique.<\/p>\n<p>Nous avons soigneusement conserv\u00e9 la forme l\u00e9gendaire qui embellit les salles de r\u00e9ception et les demeures seigneuriales depuis des si\u00e8cles. La barre de cr\u00eate subtilement incurv\u00e9e produit un profil doux et accueillant, tandis que les broches minces et uniform\u00e9ment espac\u00e9es apportent \u00e0 la fois un charme visuel et une aide ergonomique au dos. Les pieds et les barreaux d'assistance pr\u00e9sentent de fragiles tournures en bambou - un clin d'\u0153il \u00e0 la mode de la Chinoiserie pr\u00e9f\u00e9r\u00e9e dans le design europ\u00e9en - qui incluent la structure, le d\u00e9tail et une sensation de travail artisanal. En reprenant cette essence historique, la chaise apporte une touche d'attrait classique et continental \u00e0 tout type d'environnement.<img decoding=\"async\" class=\"aligncenter wp-image-1170 size-full\" src=\"https:\/\/customacrylicproduct.com\/wp-content\/uploads\/2025\/07\/\u4e3b\u56fe03-1.jpg\" alt=\"Chaise acrylique transparente\" width=\"800\" height=\"800\" srcset=\"https:\/\/customacrylicproduct.com\/wp-content\/uploads\/2025\/07\/\u4e3b\u56fe03-1.jpg 800w, https:\/\/customacrylicproduct.com\/wp-content\/uploads\/2025\/07\/\u4e3b\u56fe03-1-300x300.jpg 300w, https:\/\/customacrylicproduct.com\/wp-content\/uploads\/2025\/07\/\u4e3b\u56fe03-1-150x150.jpg 150w, https:\/\/customacrylicproduct.com\/wp-content\/uploads\/2025\/07\/\u4e3b\u56fe03-1-768x768.jpg 768w, https:\/\/customacrylicproduct.com\/wp-content\/uploads\/2025\/07\/\u4e3b\u56fe03-1-600x600.jpg 600w, https:\/\/customacrylicproduct.com\/wp-content\/uploads\/2025\/07\/\u4e3b\u56fe03-1-100x100.jpg 100w\" sizes=\"(max-width: 800px) 100vw, 800px\" \/><\/p>\n<p><strong>La transformation de l'ouverture : La magie des polym\u00e8res<\/strong><\/p>\n<p>Si sa forme est intemporelle, son produit est innovant. La chaise est fabriqu\u00e9e \u00e0 partir d'une seule pi\u00e8ce de polycarbonate (acrylique) moul\u00e9 par injection \u00e0 la pointe de la technologie. Ce processus de production sophistiqu\u00e9 garantit une construction sans faille, sans joints, sans vis et sans \u00e9lectricit\u00e9, ce qui lui conf\u00e8re une solidit\u00e9 et une robustesse remarquables.<\/p>\n<p>La magie de la v\u00e9rit\u00e9 repose n\u00e9anmoins sur son impressionnante ouverture. Souvent d\u00e9crite comme une chaise \u201cfant\u00f4me\u201d ou \u201ccristal\u201d, sa clart\u00e9 liquide produit un impact esth\u00e9tique sensationnel. Voici comment cette propri\u00e9t\u00e9 r\u00e9sidentielle ou commerciale unique change votre espace :.<\/p>\n<ul>\n<li><strong>D\u00e9veloppe une impression de zone :\u00a0<\/strong>Dans les petits espaces ou les lieux \u00e0 forte densit\u00e9 de si\u00e8ges, les chaises standard peuvent donner l'impression d'un espace encombr\u00e9 et lourd. La chaise Crystal Napoleon fait le contraire. Sa nature claire permet \u00e0 la lumi\u00e8re de circuler \u00e0 travers elle, d\u00e9veloppant une apparence ouverte, a\u00e9r\u00e9e et minimaliste. Elle donne l'impression que n'importe quel espace est plus grand, plus lumineux et plus accueillant.<\/li>\n<li><strong>Une toile parfaite pour votre d\u00e9coration :\u00a0<\/strong>Cette chaise ne s'approprie pas le th\u00e8me de votre am\u00e9nagement, elle le met en valeur. Sa structure claire permet \u00e0 votre linge de table, \u00e0 vos plans floraux et \u00e0 votre \u00e9clairage d'occuper le devant de la sc\u00e8ne. Elle se marie parfaitement avec tous les types de couleurs, des pastels doux aux couleurs cr\u00e8me sophistiqu\u00e9es, en passant par les couleurs audacieuses et significatives. C'est le cam\u00e9l\u00e9on par excellence, qui s'adapte parfaitement \u00e0 l'esth\u00e9tique rustique, moderne, classique ou boh\u00e8me.<\/li>\n<li><strong>Interagit parfaitement avec la lumi\u00e8re :\u00a0<\/strong>Pendant la journ\u00e9e, la chaise capte la lumi\u00e8re naturelle du soleil et la r\u00e9fracte de mani\u00e8re \u00e0 ce qu'elle brille de mille feux. La nuit, elle devient une toile pour les lumi\u00e8res de votre \u00e9v\u00e9nement. L'\u00e9clairage d'appoint, les guirlandes lumineuses ou les diodes \u00e9lectroluminescentes color\u00e9es traverseront certainement les chaises et les mettront en valeur, produisant un rayonnement spectaculaire et c\u00e9leste qui ajoutera une couche d'enchantement \u00e0 votre \u00e9v\u00e9nement.<\/li>\n<\/ul>\n<p><img decoding=\"async\" class=\"aligncenter wp-image-1173 size-full\" src=\"https:\/\/customacrylicproduct.com\/wp-content\/uploads\/2025\/07\/\u4e3b\u56fe06-1.jpg\" alt=\"Chaise acrylique transparente\" width=\"800\" height=\"800\" srcset=\"https:\/\/customacrylicproduct.com\/wp-content\/uploads\/2025\/07\/\u4e3b\u56fe06-1.jpg 800w, https:\/\/customacrylicproduct.com\/wp-content\/uploads\/2025\/07\/\u4e3b\u56fe06-1-300x300.jpg 300w, https:\/\/customacrylicproduct.com\/wp-content\/uploads\/2025\/07\/\u4e3b\u56fe06-1-150x150.jpg 150w, https:\/\/customacrylicproduct.com\/wp-content\/uploads\/2025\/07\/\u4e3b\u56fe06-1-768x768.jpg 768w, https:\/\/customacrylicproduct.com\/wp-content\/uploads\/2025\/07\/\u4e3b\u56fe06-1-600x600.jpg 600w, https:\/\/customacrylicproduct.com\/wp-content\/uploads\/2025\/07\/\u4e3b\u56fe06-1-100x100.jpg 100w\" sizes=\"(max-width: 800px) 100vw, 800px\" \/><\/p>\n<p><strong>Con\u00e7u pour la f\u00eate : La robustesse au service de la praticit\u00e9<\/strong><\/p>\n<p>Une chaise d'apparat ne doit pas seulement \u00eatre belle, elle doit aussi \u00eatre une b\u00eate de somme. La chaise Napol\u00e9on en acrylique est con\u00e7ue pour r\u00e9pondre aux besoins \u00e9tendus de l'industrie de l'occasion et aux attentes des propri\u00e9taires exigeants.<\/p>\n<ul>\n<li><strong>Une r\u00e9sistance in\u00e9gal\u00e9e :\u00a0<\/strong>Malgr\u00e9 son aspect fragile, semblable \u00e0 du verre, cette chaise est exceptionnellement durable. Fabriqu\u00e9e en polycarbonate r\u00e9sistant aux chocs, elle est con\u00e7ue pour r\u00e9sister \u00e0 la rudesse d'une utilisation fr\u00e9quente, supportant un poids important sans fl\u00e9chir ni se fissurer.<\/li>\n<li><strong>Climat et immunit\u00e9 aux UV :\u00a0<\/strong>Parfait pour l'int\u00e9rieur comme pour l'ext\u00e9rieur, ce mat\u00e9riau est imperm\u00e9able et r\u00e9sistant aux \u00e9l\u00e9ments. De plus, il est trait\u00e9 avec un stabilisateur UV, ce qui garantit qu'il ne jaunira pas et ne s'affaiblira pas sous l'effet de la lumi\u00e8re du soleil, et qu'il conservera sa clart\u00e9 cristalline pendant de nombreuses ann\u00e9es.<\/li>\n<li><strong>Entretien simple et facile :\u00a0<\/strong>Les \u00e9claboussures, les empreintes de doigts et la salet\u00e9 se nettoient facilement \u00e0 l'aide d'un chiffon doux, ce qui rend le nettoyage apr\u00e8s un \u00e9v\u00e9nement rapide et simple. La surface non poreuse r\u00e9siste aux taches, ce qui permet aux chaises de conserver leur aspect impeccable, \u00e9v\u00e9nement apr\u00e8s \u00e9v\u00e9nement.<\/li>\n<li><strong>L\u00e9ger et empilable :\u00a0<\/strong>Pour les organisateurs d'\u00e9v\u00e9nements et les soci\u00e9t\u00e9s de location, la logistique est essentielle. Ces chaises sont remarquablement l\u00e9g\u00e8res, ce qui permet de les transporter, de les configurer et de les r\u00e9organiser facilement. Elles sont \u00e9galement con\u00e7ues pour \u00eatre empil\u00e9es efficacement, ce qui r\u00e9duit les besoins en espace de stockage.<\/li>\n<\/ul>\n<p><strong>La commodit\u00e9 personnifi\u00e9e : Du \u201cje le veux\u201d \u00e0 l'entreprise \u00e9l\u00e9gante<\/strong><\/p>\n<p>Le charme universel de la chaise Crystal Napoleon en fait le choix id\u00e9al pour un nombre incroyablement \u00e9lev\u00e9 d'occasions :.<\/p>\n<ul>\n<li><strong>Mariages et r\u00e9ceptions :\u00a0<\/strong>Qu'elle borde l'all\u00e9e de la c\u00e9r\u00e9monie ou qu'elle soit dispos\u00e9e autour de tables parfaitement dress\u00e9es lors de la r\u00e9ception, cette chaise ajoute une touche de romantisme de conte de f\u00e9es et de classe contemporaine.<\/li>\n<li><strong>D\u00eeners de gala et banquets :\u00a0<\/strong>Donnez de l'\u00e9lan \u00e0 un \u00e9v\u00e9nement formel avec des si\u00e8ges qui font preuve de luxe et de classe. L'ouverture des chaises \u00e9vite l'encombrement esth\u00e9tique, ce qui permet d'avoir une vue d\u00e9gag\u00e9e sur l'ensemble de l'espace.<\/li>\n<li><strong>\u00c9v\u00e9nements et conf\u00e9rences d'entreprise :\u00a0<\/strong>Donnez une image d'avant-garde, de tendance et d'expertise. Ces chaises sont id\u00e9ales pour les c\u00e9r\u00e9monies de remise de prix, les lancements de produits et les ateliers haut de gamme.<\/li>\n<li><strong>C\u00e9l\u00e9brations et f\u00eates personnelles :\u00a0<\/strong>Qu'il s'agisse d'un anniversaire marquant, d'une garden-party sophistiqu\u00e9e ou d'une f\u00eate de mariage, cette chaise rehausse instantan\u00e9ment l'aspect et l'ambiance de toute f\u00eate personnelle.<\/li>\n<li><strong>\u00c0 la maison :\u00a0<\/strong>En dehors des \u00e9v\u00e9nements, il peut servir de chaise de salle \u00e0 manger, de chaise d'appoint \u00e9l\u00e9gante dans un salon ou de chaise de toilette glamour dans une chambre \u00e0 coucher ou une armoire de plain-pied.<\/li>\n<\/ul>\n<p><strong>Un confort sur mesure<\/strong><\/p>\n<p>Bien qu'elle soit spectaculaire en soi, la chaise peut \u00eatre d\u00e9cor\u00e9e de mani\u00e8re pratique. Ajoutez l'un de nos coussins d'assise sur mesure, propos\u00e9s dans une gamme de couleurs telles que le blanc traditionnel, l'ivoire ou le noir, pour offrir un confort suppl\u00e9mentaire aux visiteurs lors d'occasions plus longues et pour s'int\u00e9grer parfaitement \u00e0 votre sch\u00e9ma de couleurs. Le dossier \u00e9l\u00e9gant est en outre id\u00e9al pour \u00eatre agr\u00e9ment\u00e9 de compositions florales, d'\u00e9charpes ou d'enseignes personnalis\u00e9es.<\/p>\n<p>La chaise Acrylic Transparent Napoleon Chair est plus qu'un espace de repos. C'est un outil d'am\u00e9nagement qui vous permet de cr\u00e9er des espaces spectaculaires. Elle incarne le meilleur des paradoxes : une pr\u00e9sence imposante qui cr\u00e9e un sentiment d'apesanteur ; un agencement historique qui semble absolument neuf ; une b\u00eate de somme robuste qui appara\u00eet comme une \u0153uvre d'art fragile. Choisissez la chaise Crystal Napoleon et laissez son \u00e9l\u00e9gance intemporelle et sa brillance contemporaine \u00eatre le fondement de vos moments les plus remarquables.<\/p>","protected":false},"excerpt":{"rendered":"<p class=\"ng-star-inserted\"><strong class=\"ng-star-inserted\"><span class=\"ng-star-inserted\">Option 1 (\u00e9l\u00e9gante et \u00e9vocatrice) :<\/span><\/strong><br class=\"ng-star-inserted\" \/><span class=\"ng-star-inserted\">Rehaussez votre \u00e9v\u00e9nement avec notre superbe chaise Napol\u00e9on en acrylique. Son design \u201cfant\u00f4me\u201d cristallin et sa structure classique en bambou lui conf\u00e8rent une \u00e9l\u00e9gance intemporelle. Durable et chic, elle est parfaite pour les mariages sophistiqu\u00e9s, les banquets et les f\u00eates en plein air.<\/span><\/p>\n<p class=\"ng-star-inserted\"><strong class=\"ng-star-inserted\"><span class=\"ng-star-inserted\">Option 2 (directe et informative) :<\/span><\/strong><br class=\"ng-star-inserted\" \/><span class=\"ng-star-inserted\">Un classique moderne pour tout \u00e9v\u00e9nement. Notre chaise Napol\u00e9on en acrylique transparent pr\u00e9sente d'\u00e9l\u00e9gants d\u00e9tails en forme de bambou. Cette chaise durable est parfaite pour ajouter une touche de sophistication aux mariages, aux galas et aux \u00e9v\u00e9nements int\u00e9rieurs et ext\u00e9rieurs.<\/span><\/p>\n<p class=\"ng-star-inserted\"><strong class=\"ng-star-inserted\"><span class=\"ng-star-inserted\">Option 3 (courte et percutante) :<\/span><\/strong><br class=\"ng-star-inserted\" \/><span class=\"ng-star-inserted\">L'\u00e9l\u00e9gance moderne rencontre le design intemporel. Notre chaise Napol\u00e9on en acrylique transparent, avec ses d\u00e9tails en forme de bambou, cr\u00e9e un look \u00e9poustouflant pour toutes les occasions. Id\u00e9ale pour les mariages et les \u00e9v\u00e9nements chics, \u00e0 l'int\u00e9rieur ou \u00e0 l'ext\u00e9rieur. Solide, \u00e9l\u00e9gante et inoubliable.<\/span><\/p>","protected":false},"featured_media":1172,"template":"","meta":{"_kad_post_transparent":"default","_kad_post_title":"","_kad_post_layout":"default","_kad_post_sidebar_id":"","_kad_post_content_style":"default","_kad_post_vertical_padding":"default","_kad_post_feature":"","_kad_post_feature_position":"","_kad_post_header":false,"_kad_post_footer":false,"_kad_post_classname":""},"product_brand":[],"product_cat":[21],"product_tag":[122],"class_list":{"0":"post-1169","1":"product","2":"type-product","3":"status-publish","4":"has-post-thumbnail","6":"product_cat-custom-acrylic-furnitures","7":"product_tag-acrylic-transparent-chair","9":"first","10":"instock","11":"shipping-taxable","12":"product-type-simple","13":"entry","14":"content-bg","15":"loop-entry"},"_links":{"self":[{"href":"https:\/\/customacrylicproduct.com\/fr\/wp-json\/wp\/v2\/product\/1169","targetHints":{"allow":["GET"]}}],"collection":[{"href":"https:\/\/customacrylicproduct.com\/fr\/wp-json\/wp\/v2\/product"}],"about":[{"href":"https:\/\/customacrylicproduct.com\/fr\/wp-json\/wp\/v2\/types\/product"}],"wp:featuredmedia":[{"embeddable":true,"href":"https:\/\/customacrylicproduct.com\/fr\/wp-json\/wp\/v2\/media\/1172"}],"wp:attachment":[{"href":"https:\/\/customacrylicproduct.com\/fr\/wp-json\/wp\/v2\/media?parent=1169"}],"wp:term":[{"taxonomy":"product_brand","embeddable":true,"href":"https:\/\/customacrylicproduct.com\/fr\/wp-json\/wp\/v2\/product_brand?post=1169"},{"taxonomy":"product_cat","embeddable":true,"href":"https:\/\/customacrylicproduct.com\/fr\/wp-json\/wp\/v2\/product_cat?post=1169"},{"taxonomy":"product_tag","embeddable":true,"href":"https:\/\/customacrylicproduct.com\/fr\/wp-json\/wp\/v2\/product_tag?post=1169"}],"curies":[{"name":"wp","href":"https:\/\/api.w.org\/{rel}","templated":true}]}}