{"id":1175,"date":"2025-07-17T12:17:59","date_gmt":"2025-07-17T12:17:59","guid":{"rendered":"https:\/\/customacrylicproduct.com\/?post_type=product&#038;p=1175"},"modified":"2025-07-22T07:34:19","modified_gmt":"2025-07-22T07:34:19","slug":"acrylic-medal-cup-trophy-commemorative-trophy-customization","status":"publish","type":"product","link":"https:\/\/customacrylicproduct.com\/fr\/acrylic-medal-cup-trophy-commemorative-trophy-customization\/","title":{"rendered":"M\u00e9daille en acrylique Coupe Troph\u00e9e comm\u00e9moratif Troph\u00e9e personnalisable"},"content":{"rendered":"<h3 id=\"-celebrate-quality-with-our-bespoke-custom-polymer-trophies-honors-\"><strong>C\u00e9l\u00e9brez la qualit\u00e9 avec nos troph\u00e9es et distinctions personnalis\u00e9s en polym\u00e8re\u00a0<\/strong>.<\/h3>\n<p>Dans un monde de moments \u00e9ph\u00e9m\u00e8res et d'accolades \u00e9lectroniques, le pouvoir d'un signe concret de reconnaissance reste in\u00e9gal\u00e9. Un prix est plus qu'un simple objet ; c'est un r\u00e9cit, un t\u00e9moignage d'engagement, un marqueur d'un tournant important. Nous vous invitons \u00e0 aller au-del\u00e0 de la moyenne et \u00e0 embrasser la beaut\u00e9 moderne et le potentiel illimit\u00e9 de nos troph\u00e9es personnalis\u00e9s en polym\u00e8re. Con\u00e7us pour enregistrer l'esprit unique de chaque r\u00e9alisation, nos troph\u00e9es transforment l'appr\u00e9ciation en une \u0153uvre d'art intemporelle.<\/p>\n<p>Qu'il s'agisse de rendre hommage \u00e0 un employ\u00e9 vedette, de c\u00e9l\u00e9brer une \u00e9quipe championne ou de remercier un conseiller pr\u00e9cieux, nos articles en acrylique fabriqu\u00e9s sur mesure constituent un moyen novateur, durable et profond\u00e9ment personnel de dire \u201cVotre contribution est importante\u201d.<\/p>\n<p><img fetchpriority=\"high\" decoding=\"async\" class=\"aligncenter wp-image-1179 size-full\" src=\"https:\/\/customacrylicproduct.com\/wp-content\/uploads\/2025\/07\/\u4e3b\u56fe05-4.jpg\" alt=\"Coupe de m\u00e9daille en acrylique\" width=\"800\" height=\"800\" srcset=\"https:\/\/customacrylicproduct.com\/wp-content\/uploads\/2025\/07\/\u4e3b\u56fe05-4.jpg 800w, https:\/\/customacrylicproduct.com\/wp-content\/uploads\/2025\/07\/\u4e3b\u56fe05-4-300x300.jpg 300w, https:\/\/customacrylicproduct.com\/wp-content\/uploads\/2025\/07\/\u4e3b\u56fe05-4-150x150.jpg 150w, https:\/\/customacrylicproduct.com\/wp-content\/uploads\/2025\/07\/\u4e3b\u56fe05-4-768x768.jpg 768w, https:\/\/customacrylicproduct.com\/wp-content\/uploads\/2025\/07\/\u4e3b\u56fe05-4-600x600.jpg 600w, https:\/\/customacrylicproduct.com\/wp-content\/uploads\/2025\/07\/\u4e3b\u56fe05-4-100x100.jpg 100w\" sizes=\"(max-width: 800px) 100vw, 800px\" \/><\/p>\n<h4 id=\"-why-acrylic-the-clear-selection-for-modern-acknowledgment-\"><strong>Pourquoi l'acrylique ? Le choix clair pour une reconnaissance moderne\u00a0<\/strong>.<\/h4>\n<p>Pendant des ann\u00e9es, les prix standard se limitaient \u00e0 l'acier et au verre. Aujourd'hui, l'acrylique de premi\u00e8re qualit\u00e9 s'est impos\u00e9 comme le mat\u00e9riau sup\u00e9rieur pour les prix modernes, int\u00e9grant le meilleur de tous les mondes.<\/p>\n<ul>\n<li><strong>Qualit\u00e9 irr\u00e9prochable et \u00e9clat visuel :\u00a0<\/strong>Notre acrylique est d'une qualit\u00e9 cristalline comparable \u00e0 celle des verres optiques les plus co\u00fbteux. Il capte et r\u00e9fracte magnifiquement la lumi\u00e8re, donnant \u00e0 chaque honneur un \u00e9clat radieux et une sensation d'\u00e9minence. Contrairement au verre, il est intrins\u00e8quement d\u00e9pourvu de couleur verd\u00e2tre, ce qui garantit que l'attention reste enti\u00e8rement concentr\u00e9e sur votre pr\u00e9sentation et votre gravure personnalis\u00e9es.<\/li>\n<li><strong>Une long\u00e9vit\u00e9, une s\u00fbret\u00e9 et une s\u00e9curit\u00e9 exceptionnelles :\u00a0<\/strong>La vie est ainsi faite que des accidents peuvent survenir. L'acrylique est beaucoup plus r\u00e9sistant aux chocs que le verre, ce qui en fait un choix plus s\u00fbr et plus durable, en particulier pour les troph\u00e9es sportifs ou les r\u00e9compenses expos\u00e9es dans des lieux tr\u00e8s fr\u00e9quent\u00e9s. Sa l\u00e9g\u00e8ret\u00e9 le rend \u00e9galement plus facile et plus s\u00fbr \u00e0 manipuler, \u00e0 pr\u00e9senter et \u00e0 exp\u00e9dier.<\/li>\n<li><strong>Adaptabilit\u00e9 in\u00e9gal\u00e9e de la conception :\u00a0<\/strong>C'est l\u00e0 que l'acrylique brille v\u00e9ritablement. Le mat\u00e9riau peut \u00eatre d\u00e9coup\u00e9 avec pr\u00e9cision dans pratiquement toutes les formes possibles. Comme le montre notre galerie, nous pouvons produire n'importe quoi, d'un bloc classique en forme de rectangle pour un cadeau de remerciement d'entreprise \u00e0 un prix dynamique en plusieurs parties pour le football, en passant par une c\u00e9l\u00e9brit\u00e9 de classe, une garde formelle ou un tr\u00e9sor \u00e0 facettes distinct. Votre vision est la seule limite.<\/li>\n<li><strong>Co\u00fbt-efficacit\u00e9 Sophistication :\u00a0<\/strong>Obtenez l'aspect du cristal de premi\u00e8re qualit\u00e9 sans le prix excessivement \u00e9lev\u00e9. L'acrylique offre un visuel de qualit\u00e9 sup\u00e9rieure qui constitue une d\u00e9claration de valeur puissante, ce qui vous permet d'allouer votre budget \u00e0 une personnalisation plus complexe ou \u00e0 l'attribution de prix \u00e0 un plus grand nombre de destinataires.<\/li>\n<\/ul>\n<p><img decoding=\"async\" class=\"aligncenter wp-image-1176 size-full\" src=\"https:\/\/customacrylicproduct.com\/wp-content\/uploads\/2025\/07\/\u8be6\u60c5\u56fe15-1.jpg\" alt=\"Coupe de m\u00e9daille en acrylique\" width=\"790\" height=\"738\" srcset=\"https:\/\/customacrylicproduct.com\/wp-content\/uploads\/2025\/07\/\u8be6\u60c5\u56fe15-1.jpg 790w, https:\/\/customacrylicproduct.com\/wp-content\/uploads\/2025\/07\/\u8be6\u60c5\u56fe15-1-300x280.jpg 300w, https:\/\/customacrylicproduct.com\/wp-content\/uploads\/2025\/07\/\u8be6\u60c5\u56fe15-1-768x717.jpg 768w, https:\/\/customacrylicproduct.com\/wp-content\/uploads\/2025\/07\/\u8be6\u60c5\u56fe15-1-600x561.jpg 600w\" sizes=\"(max-width: 790px) 100vw, 790px\" \/><\/p>\n<h4 id=\"-the-art-of-customization-your-vision-brought-to-life-\"><strong>L'art de la personnalisation : Votre vision, concr\u00e9tis\u00e9e\u00a0<\/strong>.<\/h4>\n<p>Un prix g\u00e9n\u00e9rique, pr\u00eat \u00e0 l'emploi, peut sembler impersonnel. Notre proc\u00e9dure de personnalisation est con\u00e7ue pour faire en sorte que chaque prix soit aussi sp\u00e9cial que la personne ou la r\u00e9ussite qu'il comm\u00e9more. Nous proposons un large \u00e9ventail d'options de personnalisation pour cr\u00e9er un objet vraiment unique.<\/p>\n<p><strong>1. Forme et nature : Au-del\u00e0 du rectangle\u00a0<\/strong>. Les photos ne repr\u00e9sentent qu'une partie des possibilit\u00e9s. Nous pouvons cr\u00e9er votre prix sous diff\u00e9rentes formes :.<\/p>\n<ul>\n<li><strong>Formulaires sp\u00e9cifiques au sport :\u00a0<\/strong>Comme le montrent nos troph\u00e9es de football et de natation, nous pouvons cr\u00e9er un honneur sous la forme d'un ballon, d'une pi\u00e8ce d'\u00e9quipement, d'une mascotte ou de tout autre type d'ic\u00f4ne li\u00e9 au sport.<\/li>\n<li><strong>Formes symboliques :\u00a0<\/strong>Le prix en forme d'\u00e9toile est parfait pour r\u00e9compenser un \u201cartiste vedette\u201d, tandis que le prix en forme de garde communique la protection, l'honneur et la robustesse. Les formes octogonales et facett\u00e9es du cristal apportent une touche de style g\u00e9om\u00e9trique et de diff\u00e9rence.<\/li>\n<li><strong>Styles centr\u00e9s sur le logo :\u00a0<\/strong>Nous pouvons r\u00e9duire l'acrylique \u00e0 la liste des logos de votre entreprise ou de votre groupe pour un prix qui est imm\u00e9diatement connu et incroyablement marqu\u00e9.<\/li>\n<li><strong>Plaques et blocs standard :\u00a0<\/strong>Le charme intemporel d'un bloc rectangulaire ou carr\u00e9 \u00e9clairci, comme notre plaque d'appr\u00e9ciation \u201cMerci\u201d, offre une grande toile pour des messages d\u00e9taill\u00e9s et est parfait pour un \u00e9cran d'affichage de bureau.<\/li>\n<\/ul>\n<p><strong>2. Inscription et impression : Profondeur et d\u00e9tails\u00a0<\/strong>. Nous utilisons une technologie moderne avanc\u00e9e pour appliquer votre message et vos graphiques avec une pr\u00e9cision spectaculaire.<\/p>\n<ul>\n<li><strong>Inscription au laser :\u00a0<\/strong>Pour une personnalisation nette, ordonn\u00e9e et irr\u00e9versible, la gravure au laser est le crit\u00e8re d'excellence. Elle permet d'obtenir un message et un dessin au trait d'un blanc givr\u00e9 attrayant qui contraste \u00e9l\u00e9gamment avec le polym\u00e8re transparent. Cette m\u00e9thode est parfaite pour les messages d\u00e9taill\u00e9s, tels que les messages sinc\u00e8res figurant sur nos prix d'appr\u00e9ciation :\u00a0<em>\u201d Puissiez-vous \u00eatre fiers du travail que vous faites, de la personne que vous \u00eates et de la distinction que vous apportez\u201d.\u201d\u00a0<\/em>.<\/li>\n<li><strong>Impression UV en couleur :\u00a0<\/strong>Pour inclure des logos, des photos ou des graphiques teint\u00e9s \u00e9clatants, nous avons recours \u00e0 l'impression UV avanc\u00e9e. Cette technique permet d'imprimer l'encre directement sur la surface acrylique, qui est ensuite rapidement durcie pour produire une image en couleur solide, r\u00e9sistante aux rayures et esth\u00e9tiquement magnifique. La riche texture brune du ballon de football et le jaune vif du nageur sont de parfaits exemples de l'utilisation de cette technologie moderne au bureau.<\/li>\n<\/ul>\n<p><strong>3. Contenu Web personnalis\u00e9 : Le c\u0153ur du prix\u00a0<\/strong>. Chaque prix raconte. Nous collaborerons certainement avec vous pour int\u00e9grer tous les \u00e9l\u00e9ments importants :.<\/p>\n<ul>\n<li><strong>Nom et titre du b\u00e9n\u00e9ficiaire\u00a0<\/strong>.<\/li>\n<li><strong>Appel \u00e0 l'honneur (par exemple, \u201cMembre du personnel de l'ann\u00e9e\u201d, \u201cMVP\u201d, \u201cChef du club de l'\u00c9tat\u201d)\u00a0<\/strong>.<\/li>\n<li><strong>Journ\u00e9e de la r\u00e9ussite\u00a0<\/strong>.<\/li>\n<li><strong>Citations de motivation ou messages individuels\u00a0<\/strong>.<\/li>\n<li><strong>Logos de l'entreprise, du groupe ou de l'\u00e9v\u00e9nement\u00a0<\/strong>.<\/li>\n<\/ul>\n<p><img decoding=\"async\" class=\"aligncenter wp-image-1177 size-full\" src=\"https:\/\/customacrylicproduct.com\/wp-content\/uploads\/2025\/07\/\u8be6\u60c5\u56fe16.jpg\" alt=\"Coupe de m\u00e9daille en acrylique\" width=\"790\" height=\"767\" srcset=\"https:\/\/customacrylicproduct.com\/wp-content\/uploads\/2025\/07\/\u8be6\u60c5\u56fe16.jpg 790w, https:\/\/customacrylicproduct.com\/wp-content\/uploads\/2025\/07\/\u8be6\u60c5\u56fe16-300x291.jpg 300w, https:\/\/customacrylicproduct.com\/wp-content\/uploads\/2025\/07\/\u8be6\u60c5\u56fe16-768x746.jpg 768w, https:\/\/customacrylicproduct.com\/wp-content\/uploads\/2025\/07\/\u8be6\u60c5\u56fe16-600x583.jpg 600w\" sizes=\"(max-width: 790px) 100vw, 790px\" \/><\/p>\n<h4 id=\"-a-prize-for-each-celebration-\"><strong>Un prix pour chaque c\u00e9l\u00e9bration\u00a0<\/strong>.<\/h4>\n<p>Nos r\u00e9compenses acryliques sur mesure sont suffisamment flexibles pour s'adapter \u00e0 tout type d'\u00e9v\u00e9nement ou d'\u00e9tape qui m\u00e9rite d'\u00eatre honor\u00e9.<\/p>\n<ul>\n<li><strong>Reconnaissance des soci\u00e9t\u00e9s et des entreprises :\u00a0<\/strong>Augmentez le moral des troupes et cultivez une culture de l'admiration. Parfait pour les prix de vente, le membre du personnel du mois, les troph\u00e9es de leadership, les cadeaux de d\u00e9part \u00e0 la retraite et les plaques de reconnaissance de partenariat. Le bloc grav\u00e9 \u201cMerci\u201d est un cadeau id\u00e9al pour les clients, les compagnons et les mentors.<\/li>\n<li><strong>Troph\u00e9es et m\u00e9dailles du sport :\u00a0<\/strong>Qu'il s'agisse d'organisations de jeunes ou de comp\u00e9titions d'experts, cr\u00e9ez un troph\u00e9e que les joueurs seront certainement honor\u00e9s de pr\u00e9senter. Nous pouvons personnaliser des troph\u00e9es pour le football, la natation, le basket-ball, le football, le golf et tout autre sport.<\/li>\n<li><strong>R\u00e9alisations acad\u00e9miques et \u00e9ducatives :\u00a0<\/strong>Reconna\u00eetre les efforts des \u00e9l\u00e8ves, des enseignants et des professeurs. Convient pour la remise des dipl\u00f4mes universitaires, les prix de major de promotion, les salons de la recherche scientifique, les clubs de d\u00e9bat et les distinctions de \u201cl'\u00e9ducateur de l'ann\u00e9e\u201d.<\/li>\n<li><strong>Pr\u00e9sent personnel et souvenirs comm\u00e9moratifs :\u00a0<\/strong>Marquez un anniversaire sp\u00e9cial, une f\u00eate d'anniversaire ou un tournant individuel. Cr\u00e9ez un joli souvenir pour remercier un ami, un parent ou un b\u00e9n\u00e9vole de la r\u00e9gion pour la distinction qu'il a apport\u00e9e dans votre vie. Le message,\u00a0<em>\u201d N'ignorez jamais la diff\u00e9rence que vous avez faite et les vies que vous avez touch\u00e9es,\u201d\u00a0<\/em>est un point de vue puissant pour une telle c\u00e9l\u00e9bration.<\/li>\n<\/ul>\n<h4 id=\"-our-commitment-to-remarkable-quality-\"><strong>Notre engagement pour une qualit\u00e9 remarquable\u00a0<\/strong>.<\/h4>\n<p>Nous pensons qu'un prix refl\u00e8te \u00e0 la fois la qualit\u00e9 du b\u00e9n\u00e9ficiaire et l'estime du donateur. C'est pourquoi nous sommes intransigeants sur la qualit\u00e9. Chaque troph\u00e9e est fabriqu\u00e9 \u00e0 partir d'acrylique coul\u00e9 de premi\u00e8re qualit\u00e9, \u00e0 haute densit\u00e9, qui est garanti contre le jaunissement au fil du temps. Nos d\u00e9coupeurs laser de pr\u00e9cision garantissent des c\u00f4t\u00e9s remarquables et raffin\u00e9s, et notre processus d'assurance qualit\u00e9 minutieux veille \u00e0 ce que votre produit final soit une \u0153uvre d'art id\u00e9ale, pr\u00eate \u00e0 \u00eatre discut\u00e9e avec fiert\u00e9.<\/p>\n<p>Ne vous contentez pas d'offrir un prix. Offrez un symbole d'honneur, une \u0153uvre d'art et un souvenir durable. Explorez les possibilit\u00e9s offertes par nos prix en acrylique personnalis\u00e9s et permettez-nous de vous aider \u00e0 c\u00e9l\u00e9brer la r\u00e9ussite dans la tendance.<\/p>\n<p><strong>Commandez le v\u00f4tre d\u00e8s aujourd'hui et d\u00e9veloppez un patrimoine de reconnaissance.\u00a0<\/strong>.<\/p>","protected":false},"excerpt":{"rendered":"<p class=\"ng-star-inserted\"><span class=\"ng-star-inserted\">C\u00e9l\u00e9brez n'importe quelle r\u00e9ussite avec nos troph\u00e9es acryliques personnalis\u00e9s. Nous proposons un large \u00e9ventail de mod\u00e8les, des m\u00e9dailles sportives aux prix d'entreprise en passant par les plaques comm\u00e9moratives. Personnalisez-les avec votre logo ou votre texte pour un cadeau unique, de haute qualit\u00e9 et m\u00e9morable. Parfait pour toutes les occasions.<\/span><\/p>","protected":false},"featured_media":1179,"template":"","meta":{"_kad_post_transparent":"default","_kad_post_title":"","_kad_post_layout":"default","_kad_post_sidebar_id":"","_kad_post_content_style":"default","_kad_post_vertical_padding":"default","_kad_post_feature":"","_kad_post_feature_position":"","_kad_post_header":false,"_kad_post_footer":false,"_kad_post_classname":""},"product_brand":[],"product_cat":[19],"product_tag":[121],"class_list":{"0":"post-1175","1":"product","2":"type-product","3":"status-publish","4":"has-post-thumbnail","6":"product_cat-custom-acrylic-trophies-awards","7":"product_tag-acrylic-medal-cup","9":"first","10":"instock","11":"shipping-taxable","12":"product-type-simple","13":"entry","14":"content-bg","15":"loop-entry"},"_links":{"self":[{"href":"https:\/\/customacrylicproduct.com\/fr\/wp-json\/wp\/v2\/product\/1175","targetHints":{"allow":["GET"]}}],"collection":[{"href":"https:\/\/customacrylicproduct.com\/fr\/wp-json\/wp\/v2\/product"}],"about":[{"href":"https:\/\/customacrylicproduct.com\/fr\/wp-json\/wp\/v2\/types\/product"}],"wp:featuredmedia":[{"embeddable":true,"href":"https:\/\/customacrylicproduct.com\/fr\/wp-json\/wp\/v2\/media\/1179"}],"wp:attachment":[{"href":"https:\/\/customacrylicproduct.com\/fr\/wp-json\/wp\/v2\/media?parent=1175"}],"wp:term":[{"taxonomy":"product_brand","embeddable":true,"href":"https:\/\/customacrylicproduct.com\/fr\/wp-json\/wp\/v2\/product_brand?post=1175"},{"taxonomy":"product_cat","embeddable":true,"href":"https:\/\/customacrylicproduct.com\/fr\/wp-json\/wp\/v2\/product_cat?post=1175"},{"taxonomy":"product_tag","embeddable":true,"href":"https:\/\/customacrylicproduct.com\/fr\/wp-json\/wp\/v2\/product_tag?post=1175"}],"curies":[{"name":"wp","href":"https:\/\/api.w.org\/{rel}","templated":true}]}}