{"id":1180,"date":"2025-07-17T12:39:45","date_gmt":"2025-07-17T12:39:45","guid":{"rendered":"https:\/\/customacrylicproduct.com\/?post_type=product&#038;p=1180"},"modified":"2025-07-22T07:42:09","modified_gmt":"2025-07-22T07:42:09","slug":"custom-acrylic-box-dustproof-storage-translucent-splicing-box","status":"publish","type":"product","link":"https:\/\/customacrylicproduct.com\/fr\/custom-acrylic-box-dustproof-storage-translucent-splicing-box\/","title":{"rendered":"Bo\u00eete acrylique personnalis\u00e9e anti-poussi\u00e8re Stockage Bo\u00eete d'\u00e9pissure translucide"},"content":{"rendered":"<h3 id=\"-elevate-your-space-the-personalized-acrylic-storage-box-where-organization-meets-art-\"><strong>Am\u00e9liorez votre espace : La bo\u00eete de rangement personnalis\u00e9e en acrylique - Quand l'organisation rencontre l'art<\/strong><\/h3>\n<p>Dans un monde rempli de solutions de rangement ordinaires, notre bo\u00eete en polym\u00e8re personnalis\u00e9e est un symbole de style, de raffinement et d'expression individuelle. Il ne s'agit pas simplement d'une bo\u00eete, mais d'un objet d'art utile soigneusement con\u00e7u pour transformer votre environnement. Elle met \u00e0 l'\u00e9preuve la notion selon laquelle les objets utiles doivent \u00eatre simples, prouvant que la compagnie peut \u00eatre charmante et que vos possessions les plus ch\u00e8res m\u00e9ritent une maison aussi \u00e9l\u00e9gante qu'elles le sont. Que vous cherchiez \u00e0 d\u00e9sencombrer votre bureau, \u00e0 exposer une collection pr\u00e9cieuse ou \u00e0 pr\u00e9senter une d\u00e9claration de qualit\u00e9 sup\u00e9rieure, cette bo\u00eete en acrylique transparent est la r\u00e9ponse concluante, alliant parfaitement une esth\u00e9tique exceptionnelle \u00e0 une capacit\u00e9 robuste.<\/p>\n<p><img fetchpriority=\"high\" decoding=\"async\" class=\"aligncenter wp-image-1185 size-full\" src=\"https:\/\/customacrylicproduct.com\/wp-content\/uploads\/2025\/07\/O1CN01ayjUyL1G7OeFxgHWs_2208241780575-0-cib.jpg\" alt=\"Bo\u00eete en acrylique personnalis\u00e9e\" width=\"750\" height=\"750\" srcset=\"https:\/\/customacrylicproduct.com\/wp-content\/uploads\/2025\/07\/O1CN01ayjUyL1G7OeFxgHWs_2208241780575-0-cib.jpg 750w, https:\/\/customacrylicproduct.com\/wp-content\/uploads\/2025\/07\/O1CN01ayjUyL1G7OeFxgHWs_2208241780575-0-cib-300x300.jpg 300w, https:\/\/customacrylicproduct.com\/wp-content\/uploads\/2025\/07\/O1CN01ayjUyL1G7OeFxgHWs_2208241780575-0-cib-150x150.jpg 150w, https:\/\/customacrylicproduct.com\/wp-content\/uploads\/2025\/07\/O1CN01ayjUyL1G7OeFxgHWs_2208241780575-0-cib-600x600.jpg 600w, https:\/\/customacrylicproduct.com\/wp-content\/uploads\/2025\/07\/O1CN01ayjUyL1G7OeFxgHWs_2208241780575-0-cib-100x100.jpg 100w\" sizes=\"(max-width: 750px) 100vw, 750px\" \/><\/p>\n<h4 id=\"-a-work-of-art-of-layout-the-blend-of-type-and-function-\"><strong>Une \u0153uvre d'art de la mise en page : Le m\u00e9lange du type et de la fonction<\/strong><\/h4>\n<p>D\u00e8s le premier coup d'\u0153il, la qualit\u00e9 sup\u00e9rieure de la bo\u00eete en polym\u00e8re personnalis\u00e9e est \u00e9vidente. Fabriqu\u00e9e \u00e0 partir d'acrylique de premi\u00e8re qualit\u00e9, elle poss\u00e8de un toucher agr\u00e9able et une luminosit\u00e9 cristalline que les plastiques moins chers ne peuvent tout simplement pas reproduire. Le mat\u00e9riau est s\u00e9lectionn\u00e9 non seulement pour sa long\u00e9vit\u00e9, mais aussi pour ses constructions esth\u00e9tiques uniques. Contrairement aux conteneurs opaques qui cachent tout, ou aux bo\u00eetes enti\u00e8rement transparentes qui peuvent sembler encombr\u00e9es, notre style transparent trouve un excellent \u00e9quilibre. Il offre un aper\u00e7u s\u00e9duisant du contenu, envelopp\u00e9 dans une teinte riche et coh\u00e9rente - qu'il s'agisse de l'attrait profond et relaxant du bleu saphir ou de la puissance vive et sophistiqu\u00e9e du vert \u00e9meraude.<\/p>\n<p>Cette ouverture raffin\u00e9e transforme les objets quotidiens en un \u00e9cran d'affichage soign\u00e9. Les couleurs ne sont pas simplement appliqu\u00e9es ; elles sont indispensables \u00e0 l'acrylique lui-m\u00eame, garantissant une couleur profonde et r\u00e9guli\u00e8re qui ne se d\u00e9colorera pas, ne s'\u00e9caillera pas et ne s'enl\u00e8vera pas progressivement. L'acrylique capture et r\u00e9fracte la lumi\u00e8re, cr\u00e9ant un jeu vibrant de couleurs et d'ombres qui donne de la profondeur et du caract\u00e8re \u00e0 toute surface qu'il orne. Ses lignes \u00e9pur\u00e9es, ses angles droits et sa forme minimale sont le fruit d'un design contemporain, ce qui lui permet de s'int\u00e9grer parfaitement dans des d\u00e9corations modernes, minimales ou \u00e9clectiques. Il s'agit d'une option de rangement que vous n'aurez pas l'intention de cacher dans une armoire ; vous souhaiterez en faire une pi\u00e8ce ma\u00eetresse.<\/p>\n<p><img decoding=\"async\" class=\"aligncenter wp-image-1186 size-full\" src=\"https:\/\/customacrylicproduct.com\/wp-content\/uploads\/2025\/07\/O1CN01gwScma1G7OjXeoUZQ_2208241780575-0-cib.jpg\" alt=\"Bo\u00eete en acrylique personnalis\u00e9e\" width=\"750\" height=\"750\" srcset=\"https:\/\/customacrylicproduct.com\/wp-content\/uploads\/2025\/07\/O1CN01gwScma1G7OjXeoUZQ_2208241780575-0-cib.jpg 750w, https:\/\/customacrylicproduct.com\/wp-content\/uploads\/2025\/07\/O1CN01gwScma1G7OjXeoUZQ_2208241780575-0-cib-300x300.jpg 300w, https:\/\/customacrylicproduct.com\/wp-content\/uploads\/2025\/07\/O1CN01gwScma1G7OjXeoUZQ_2208241780575-0-cib-150x150.jpg 150w, https:\/\/customacrylicproduct.com\/wp-content\/uploads\/2025\/07\/O1CN01gwScma1G7OjXeoUZQ_2208241780575-0-cib-600x600.jpg 600w, https:\/\/customacrylicproduct.com\/wp-content\/uploads\/2025\/07\/O1CN01gwScma1G7OjXeoUZQ_2208241780575-0-cib-100x100.jpg 100w\" sizes=\"(max-width: 750px) 100vw, 750px\" \/><\/p>\n<h4 id=\"-unparalleled-practicality-built-permanently-\"><strong>Une praticit\u00e9 in\u00e9gal\u00e9e : Construit en permanence<\/strong><\/h4>\n<p>Au-del\u00e0 de son aspect remarquable, cette bo\u00eete en acrylique est un v\u00e9ritable concentr\u00e9 d'organisation. La principale fonction de l'agencement est son\u00a0<strong>\u00e9tanche \u00e0 la poussi\u00e8re\u00a0<\/strong>nature. Le couvercle est d\u00e9coup\u00e9 avec pr\u00e9cision pour s'adapter parfaitement \u00e0 la base, cr\u00e9ant ainsi un joint presque parfait qui prot\u00e8ge vos effets personnels de la salet\u00e9, des particules en suspension dans l'air et de l'humidit\u00e9 ambiante. Il s'agit donc d'un refuge optimal pour les objets fragiles :.<\/p>\n<ul>\n<li><strong>Antiquit\u00e9s :\u00a0<\/strong>Mettez en lieu s\u00fbr les souvenirs d\u00e9dicac\u00e9s, les cartes \u00e0 collectionner inhabituelles ou les figurines fragiles.<\/li>\n<li><strong>Article haut de gamme :\u00a0<\/strong>Les sacs de cr\u00e9ateurs, les foulards en soie ou les collections de baskets de valeur y trouveront une place digne de ce nom.<\/li>\n<li><strong>Appareils \u00e9lectroniques et accessoires :\u00a0<\/strong>Gardez les fils, les chargeurs et les \u00e9couteurs haut de gamme organis\u00e9s et \u00e0 l'abri des salissures destructrices.<\/li>\n<li><strong>Documents essentiels :\u00a0<\/strong>Prot\u00e9gez les documents importants, les photos ou les lettres \u00e9motionnelles des aspects et des ravages du temps.<\/li>\n<\/ul>\n<p>La construction elle-m\u00eame t\u00e9moigne d'une qualit\u00e9 sup\u00e9rieure. Le terme \u201csplicing box\u201d fait r\u00e9f\u00e9rence \u00e0 la technique professionnelle par laquelle les panneaux sont assembl\u00e9s. Chaque pi\u00e8ce est d\u00e9coup\u00e9e au laser pour obtenir des c\u00f4t\u00e9s impeccables et est ensuite habilement reli\u00e9e, ce qui permet d'obtenir des joints solides et sans soudure qui sont \u00e0 la fois agr\u00e9ables \u00e0 l'\u0153il et solides d'un point de vue structurel. Cette construction durable signifie que la bo\u00eete ne se d\u00e9formera pas et ne pliera pas sous la pression, ce qui permet un empilement certain. Comme le montrent les images, ces bo\u00eetes sont con\u00e7ues comme un syst\u00e8me modulaire. Vous pouvez empiler plusieurs unit\u00e9s pour cr\u00e9er une tour de stockage verticale personnalis\u00e9e, optimisant ainsi l'espace sur une \u00e9tag\u00e8re, dans une salle de stockage ou sur votre bureau, sans renoncer \u00e0 la stabilit\u00e9 ou au style.<\/p>\n<p>Pour faciliter l'utilisation, deux prises en charge discr\u00e8tes et incorpor\u00e9es sont d\u00e9coup\u00e9es sur les c\u00f4t\u00e9s. Ces ouvertures ergonomiques permettent de soulever et de transporter facilement le paquet, m\u00eame lorsqu'il est plein, sans compromettre son profil lisse et g\u00e9om\u00e9trique.<\/p>\n<p><img decoding=\"async\" class=\"aligncenter wp-image-1187 size-full\" src=\"https:\/\/customacrylicproduct.com\/wp-content\/uploads\/2025\/07\/O1CN01TBavgq1G7OjhPJS6v_2208241780575-0-cib.jpg\" alt=\"Bo\u00eete en acrylique personnalis\u00e9e\" width=\"750\" height=\"750\" srcset=\"https:\/\/customacrylicproduct.com\/wp-content\/uploads\/2025\/07\/O1CN01TBavgq1G7OjhPJS6v_2208241780575-0-cib.jpg 750w, https:\/\/customacrylicproduct.com\/wp-content\/uploads\/2025\/07\/O1CN01TBavgq1G7OjhPJS6v_2208241780575-0-cib-300x300.jpg 300w, https:\/\/customacrylicproduct.com\/wp-content\/uploads\/2025\/07\/O1CN01TBavgq1G7OjhPJS6v_2208241780575-0-cib-150x150.jpg 150w, https:\/\/customacrylicproduct.com\/wp-content\/uploads\/2025\/07\/O1CN01TBavgq1G7OjhPJS6v_2208241780575-0-cib-600x600.jpg 600w, https:\/\/customacrylicproduct.com\/wp-content\/uploads\/2025\/07\/O1CN01TBavgq1G7OjhPJS6v_2208241780575-0-cib-100x100.jpg 100w\" sizes=\"(max-width: 750px) 100vw, 750px\" \/><\/p>\n<h4 id=\"-the-power-of-customization-make-it-distinctively-yours-\"><strong>Le pouvoir de la personnalisation : Faites en sorte qu'il soit distinctement le v\u00f4tre<\/strong><\/h4>\n<p>C'est l\u00e0 que la bo\u00eete en acrylique personnalis\u00e9e d\u00e9passe absolument la moyenne. Notre soci\u00e9t\u00e9 est convaincue que votre espace de stockage doit refl\u00e9ter votre identification, votre marque ou votre histoire. Notre service de personnalisation \u00e0 la pointe de la technologie vous permet de transformer cet objet attrayant en un article unique. Gr\u00e2ce \u00e0 une impression r\u00e9siliente \u00e0 haute r\u00e9solution, nous pouvons embellir votre bo\u00eete avec :.<\/p>\n<ul>\n<li><strong>Marques de fabrique et marques de commerce :\u00a0<\/strong>Parfait pour les entreprises qui souhaitent d\u00e9velopper des cadeaux innovants pour leurs clients, organiser leur lieu de travail avec une touche de marque, ou am\u00e9liorer les \u00e9crans d'affichage des commerces de d\u00e9tail.<\/li>\n<li><strong>Monogrammes personnels :\u00a0<\/strong>Ajoutez une touche de sophistication classique avec vos initiales pour une utilisation dans un bureau, une pi\u00e8ce de rangement ou un meuble de toilette.<\/li>\n<li><strong>Chiffres ou dates significatifs :\u00a0<\/strong>Comm\u00e9morez un anniversaire sp\u00e9cial, une f\u00eate d'anniversaire ou un chiffre chanceux, comme le montre le \u201c9\u201d \u00e0 la mode dans nos photos de produits.<\/li>\n<li><strong>Citations ou textes inspirants :\u00a0<\/strong>Imprimez un mantra ou un vers sur le couvercle, transformant ainsi votre espace de rangement en une source d'id\u00e9es pour le quotidien.<\/li>\n<\/ul>\n<p>L'impression blanche offre un aspect net et contrast\u00e9 par rapport \u00e0 l'acrylique bleu et vert, garantissant que votre style personnalis\u00e9 est \u00e0 la fois lisible et visuellement frappant. Cette caract\u00e9ristique fait de la bo\u00eete un cadeau exceptionnel et attentionn\u00e9 pour les mariages, les remises de dipl\u00f4mes, les tournants de l'entreprise ou tout autre type d'\u00e9v\u00e9nement n\u00e9cessitant quelque chose d'absolument individuel et durable.<\/p>\n<h4 id=\"-an-universe-of-possibilities-adaptability-in-every-area-\"><strong>Un univers de possibilit\u00e9s : L'adaptabilit\u00e9 dans tous les domaines<\/strong><\/h4>\n<p>La flexibilit\u00e9 de cette bo\u00eete en fait un outil indispensable \u00e0 la maison et au bureau.<\/p>\n<ul>\n<li><strong>Dans l'espace de vie :\u00a0<\/strong>Subjuguez le d\u00e9sordre des t\u00e9l\u00e9commandes, des montagnes russes et des manettes de jeux sur PC. Magasinez de superbes publications de table basse ou des magazines \u00e0 l'int\u00e9rieur pour maintenir les surfaces d\u00e9gag\u00e9es tout en apportant une touche d'ombre.<\/li>\n<li><strong>Au minist\u00e8re de l'int\u00e9rieur :\u00a0<\/strong>Faites passer votre bureau de travail d'un \u00e9tat de d\u00e9sordre \u00e0 un \u00e9tat d'organisation. C'est le meilleur endroit pour ranger les articles de papeterie, les blocs-notes, les gadgets technologiques ou les donn\u00e9es relatives aux t\u00e2ches \u00e0 accomplir, afin de maintenir votre attention et votre environnement motivant.<\/li>\n<li><strong>Dans la chambre et la garde-robe :\u00a0<\/strong>Rangez bijoux, montres, ceintures et autres accessoires. Utilisez-le comme une \u201cbo\u00eete \u00e0 souvenirs\u201d moderne ou pour pr\u00e9senter et prot\u00e9ger une paire de chaussures haut de gamme.<\/li>\n<li><strong>Dans les espaces commerciaux :\u00a0<\/strong>Produisez de superbes \u00e9crans de point de vente qui donnent une impression d'extravagance et d'exclusivit\u00e9. Utilisez-les pour pr\u00e9senter des articles, contenir du mat\u00e9riel de marketing ou comme bo\u00eetes de d\u00e9p\u00f4t \u00e9l\u00e9gantes pour les concours et les r\u00e9ponses.<\/li>\n<\/ul>\n<p><strong>Pr\u00e9cisez votre espace, prot\u00e9gez vos biens<\/strong><\/p>\n<p>La bo\u00eete en acrylique personnalis\u00e9e est plus qu'un simple contenant ; c'est un investissement financier dans un environnement arrang\u00e9, charmant et personnalis\u00e9. Elle indique que vous accordez de l'importance \u00e0 l'apparence et \u00e0 l'ordre, que vous prenez soin de vos objets et que vous appr\u00e9ciez le savoir-faire. N'optez plus pour un espace de rangement que vous devez dissimuler. Choisissez une solution que vous aurez l'honneur d'exposer.<\/p>\n<p>Transformez l'ordinaire en extraordinaire. Commandez d\u00e8s aujourd'hui votre bo\u00eete de rangement en polym\u00e8re personnalis\u00e9e et d\u00e9couvrez l'excellente synth\u00e8se du design, de la fonction et de l'expression individuelle.<\/p>","protected":false},"excerpt":{"rendered":"<p class=\"ng-star-inserted\"><span class=\"ng-star-inserted\">Organisez avec style gr\u00e2ce \u00e0 notre bo\u00eete en acrylique personnalis\u00e9e. Ce conteneur durable et anti-poussi\u00e8re offre un rangement \u00e9l\u00e9gant et translucide dans des couleurs vibrantes. Dot\u00e9e d'un couvercle ajust\u00e9 et de poign\u00e9es faciles \u00e0 transporter, elle est parfaite pour un d\u00e9cor moderne \u00e0 la maison ou au bureau. Personnalisez-la avec votre texte ou votre logo pour un look unique.<\/span><\/p>","protected":false},"featured_media":1185,"template":"","meta":{"_kad_post_transparent":"default","_kad_post_title":"","_kad_post_layout":"default","_kad_post_sidebar_id":"","_kad_post_content_style":"default","_kad_post_vertical_padding":"default","_kad_post_feature":"","_kad_post_feature_position":"","_kad_post_header":false,"_kad_post_footer":false,"_kad_post_classname":""},"product_brand":[],"product_cat":[17],"product_tag":[120],"class_list":{"0":"post-1180","1":"product","2":"type-product","3":"status-publish","4":"has-post-thumbnail","6":"product_cat-custom-acrylic-boxes","7":"product_tag-custom-acrylic-box","9":"first","10":"instock","11":"shipping-taxable","12":"product-type-simple","13":"entry","14":"content-bg","15":"loop-entry"},"_links":{"self":[{"href":"https:\/\/customacrylicproduct.com\/fr\/wp-json\/wp\/v2\/product\/1180","targetHints":{"allow":["GET"]}}],"collection":[{"href":"https:\/\/customacrylicproduct.com\/fr\/wp-json\/wp\/v2\/product"}],"about":[{"href":"https:\/\/customacrylicproduct.com\/fr\/wp-json\/wp\/v2\/types\/product"}],"wp:featuredmedia":[{"embeddable":true,"href":"https:\/\/customacrylicproduct.com\/fr\/wp-json\/wp\/v2\/media\/1185"}],"wp:attachment":[{"href":"https:\/\/customacrylicproduct.com\/fr\/wp-json\/wp\/v2\/media?parent=1180"}],"wp:term":[{"taxonomy":"product_brand","embeddable":true,"href":"https:\/\/customacrylicproduct.com\/fr\/wp-json\/wp\/v2\/product_brand?post=1180"},{"taxonomy":"product_cat","embeddable":true,"href":"https:\/\/customacrylicproduct.com\/fr\/wp-json\/wp\/v2\/product_cat?post=1180"},{"taxonomy":"product_tag","embeddable":true,"href":"https:\/\/customacrylicproduct.com\/fr\/wp-json\/wp\/v2\/product_tag?post=1180"}],"curies":[{"name":"wp","href":"https:\/\/api.w.org\/{rel}","templated":true}]}}