{"id":1202,"date":"2025-07-18T01:42:21","date_gmt":"2025-07-18T01:42:21","guid":{"rendered":"https:\/\/customacrylicproduct.com\/?post_type=product&#038;p=1202"},"modified":"2025-07-22T07:46:08","modified_gmt":"2025-07-22T07:46:08","slug":"custom-acrylic-display-stand-small-shelf-in-front-of-cash-register","status":"publish","type":"product","link":"https:\/\/customacrylicproduct.com\/fr\/custom-acrylic-display-stand-small-shelf-in-front-of-cash-register\/","title":{"rendered":"Pr\u00e9sentoir en acrylique personnalis\u00e9 Petite \u00e9tag\u00e8re devant la caisse enregistreuse"},"content":{"rendered":"<h3 id=\"-maximize-your-point-of-sale-prospective-the-ultimate-custom-made-acrylic-present-mean-your-countertop-\"><strong>Maximisez vos perspectives sur le point de vente : L'ultime pr\u00e9sent sur mesure en acrylique Signifie votre comptoir\u00a0<\/strong>.<\/h3>\n<p>Dans le monde tr\u00e9pidant de la vente au d\u00e9tail, la caisse est plus qu'un simple lieu d'achat ; c'est le dernier point de contact crucial dans le parcours du client. C'est votre derni\u00e8re chance de faire bonne impression, de mettre en valeur votre marque et de conclure une derni\u00e8re vente. Des comptoirs chaotiques avec des \u00e9crans d'affichage g\u00e9n\u00e9riques peuvent entra\u00eener des occasions manqu\u00e9es et un message de marque \u00e9dulcor\u00e9. Il est temps de transformer cet espace utile en une source de revenus efficace gr\u00e2ce \u00e0 notre stand d'exposition en acrylique personnalis\u00e9, con\u00e7u de mani\u00e8re experte pour se trouver devant le registre des ventes et transformer un taux d'int\u00e9r\u00eat passager en acquisitions impulsives.<\/p>\n<p>Comme le montrent les photos, il ne s'agit pas d'une simple \u00e9tag\u00e8re, mais d'un \u00e9quipement publicitaire sur mesure. Fabriqu\u00e9s en acrylique de haute qualit\u00e9, ces \u00e9crans d'affichage sont con\u00e7us pour \u00eatre \u00e0 la fois esth\u00e9tiquement magnifiques et extr\u00eamement utiles, offrant la phase parfaite pour vos petits articles \u00e0 forte marge.<\/p>\n<p><img fetchpriority=\"high\" decoding=\"async\" class=\"aligncenter wp-image-1207 size-full\" src=\"https:\/\/customacrylicproduct.com\/wp-content\/uploads\/2025\/07\/\u4e3b\u56fe05-7.jpg\" alt=\"Pr\u00e9sentoir en acrylique personnalis\u00e9\" width=\"800\" height=\"800\" srcset=\"https:\/\/customacrylicproduct.com\/wp-content\/uploads\/2025\/07\/\u4e3b\u56fe05-7.jpg 800w, https:\/\/customacrylicproduct.com\/wp-content\/uploads\/2025\/07\/\u4e3b\u56fe05-7-300x300.jpg 300w, https:\/\/customacrylicproduct.com\/wp-content\/uploads\/2025\/07\/\u4e3b\u56fe05-7-150x150.jpg 150w, https:\/\/customacrylicproduct.com\/wp-content\/uploads\/2025\/07\/\u4e3b\u56fe05-7-768x768.jpg 768w, https:\/\/customacrylicproduct.com\/wp-content\/uploads\/2025\/07\/\u4e3b\u56fe05-7-600x600.jpg 600w, https:\/\/customacrylicproduct.com\/wp-content\/uploads\/2025\/07\/\u4e3b\u56fe05-7-100x100.jpg 100w\" sizes=\"(max-width: 800px) 100vw, 800px\" \/><\/p>\n<p><strong>La psychologie du positionnement parfait\u00a0<\/strong>.<\/p>\n<p>Le positionnement calcul\u00e9 des produits au point de vente (POS) est une strat\u00e9gie de vente au d\u00e9tail qui a fait ses preuves. Les clients qui font la queue constituent un march\u00e9 cible restreint. Leur esprit est actuellement en \u201cmode achat\u201d, ce qui les rend extr\u00eamement sensibles aux am\u00e9liorations de derni\u00e8re minute bien pr\u00e9sent\u00e9es. Nos pr\u00e9sentoirs en acrylique sont con\u00e7us pour tirer parti de ce moment psychologique. En soulevant vos articles du comptoir et en les pr\u00e9sentant de mani\u00e8re organis\u00e9e, attrayante et rapidement accessible, vous \u00e9liminez les frictions et d\u00e9cidez de vous simplifier la vie. Le style lisse et moderne r\u00e9gule l'attention, attirant le regard du client directement sur les produits que vous souhaitez vendre le plus, qu'il s'agisse de friandises, de bonbons, de cosm\u00e9tiques, de petits appareils \u00e9lectroniques ou d'articles promotionnels.<\/p>\n<p><strong>Un produit de qualit\u00e9 sup\u00e9rieure, une impression inoubliable\u00a0<\/strong>.<\/p>\n<p>La base de nos supports d'\u00e9cran est l'acrylique de premi\u00e8re qualit\u00e9. Nous avons choisi ce mat\u00e9riau pour sa combinaison unique de charme visuel et de robustesse durable.<\/p>\n<ul>\n<li><strong>\u00c9clat visuel :\u00a0<\/strong>Contrairement au plastique bon march\u00e9, l'acrylique poss\u00e8de une qualit\u00e9 cristalline, semblable \u00e0 celle du verre, qui t\u00e9moigne d'une certaine sophistication. L'acrylique rouge translucide pr\u00e9sent\u00e9 sur les photos montre comment la teinte peut \u00eatre utilis\u00e9e pour produire une d\u00e9claration de marque efficace. Il capte la lumi\u00e8re, ajoute une touche d'\u00e9nergie vibrante au comptoir et s'aligne sur l'identification du nom de la marque. La finition brillante lui conf\u00e8re un aspect haut de gamme qui rehausse la valeur per\u00e7ue des produits qu'il contient.<\/li>\n<li><strong>T\u00e9nacit\u00e9 extraordinaire :\u00a0<\/strong>Bien qu'il soit aussi \u00e9l\u00e9gant que le verre, l'acrylique est beaucoup plus durable et r\u00e9sistant aux chocs. Il s'agit donc d'une option beaucoup plus s\u00fbre et beaucoup plus judicieuse pour un environnement de vente au d\u00e9tail actif. Il r\u00e9siste aux chocs quotidiens d'une zone de couverture de caisse tr\u00e8s fr\u00e9quent\u00e9e sans s'\u00e9cailler ni se fendre, ce qui lui conf\u00e8re un aspect durable et professionnel.<\/li>\n<li><strong>L\u00e9ger et polyvalent :\u00a0<\/strong>Malgr\u00e9 sa solidit\u00e9, l'acrylique est l\u00e9ger, ce qui vous permet de repositionner facilement le pr\u00e9sentoir afin d'optimiser le format de votre comptoir ou de faire fonctionner diff\u00e9rents articles.<\/li>\n<\/ul>\n<p><img decoding=\"async\" class=\"aligncenter wp-image-1206 size-full\" src=\"https:\/\/customacrylicproduct.com\/wp-content\/uploads\/2025\/07\/\u4e3b\u56fe04-3.jpg\" alt=\"Pr\u00e9sentoir en acrylique personnalis\u00e9\" width=\"800\" height=\"800\" srcset=\"https:\/\/customacrylicproduct.com\/wp-content\/uploads\/2025\/07\/\u4e3b\u56fe04-3.jpg 800w, https:\/\/customacrylicproduct.com\/wp-content\/uploads\/2025\/07\/\u4e3b\u56fe04-3-300x300.jpg 300w, https:\/\/customacrylicproduct.com\/wp-content\/uploads\/2025\/07\/\u4e3b\u56fe04-3-150x150.jpg 150w, https:\/\/customacrylicproduct.com\/wp-content\/uploads\/2025\/07\/\u4e3b\u56fe04-3-768x768.jpg 768w, https:\/\/customacrylicproduct.com\/wp-content\/uploads\/2025\/07\/\u4e3b\u56fe04-3-600x600.jpg 600w, https:\/\/customacrylicproduct.com\/wp-content\/uploads\/2025\/07\/\u4e3b\u56fe04-3-100x100.jpg 100w\" sizes=\"(max-width: 800px) 100vw, 800px\" \/><\/p>\n<p><strong>Un style intelligent, adapt\u00e9 \u00e0 vos besoins\u00a0<\/strong>.<\/p>\n<p>Notre collection de photos illustre l'extraordinaire commodit\u00e9 de nos comp\u00e9tences en mati\u00e8re de style. Nous comprenons qu'il n'y a pas de taille unique.<\/p>\n<ul>\n<li><strong>Conception en gradins et en angles (images 1 et 2) :\u00a0<\/strong>Ce style vibrant pr\u00e9sente plusieurs taux inclin\u00e9s qui tombent en cascade vers le bas. Cette disposition intelligente permet \u00e0 chaque article, de la premi\u00e8re \u00e0 la derni\u00e8re rang\u00e9e, d'\u00eatre parfaitement visible pour le client. L'angle permet aux clients d'acc\u00e9der naturellement \u00e0 un article et de s'en emparer, ce qui favorise la communication. Les profils lat\u00e9raux peuvent \u00eatre d\u00e9coup\u00e9s sur mesure pour obtenir des formes distinctes, comme les supports arrondis illustr\u00e9s, ce qui ajoute une touche stylistique distinctive.<\/li>\n<li><strong>Conception de la bo\u00eete \u00e0 bascule (images 3 et 4) :\u00a0<\/strong>Ce mod\u00e8le classique, mais tr\u00e8s fiable, utilise une structure en gradins \u00e0 l'int\u00e9rieur d'une structure propre, semblable \u00e0 celle d'une bo\u00eete. Il convient parfaitement \u00e0 la disposition d'articles de taille uniforme, comme les sachets de friandises illustr\u00e9s. Ce mod\u00e8le maximise la densit\u00e9 des produits dans un format compact, ce qui permet de maintenir votre comptoir propre tout en conservant une quantit\u00e9 importante de produits. La plaque arri\u00e8re sur\u00e9lev\u00e9e est un excellent support pour une marque de renom.<\/li>\n<\/ul>\n<p><img decoding=\"async\" class=\"aligncenter wp-image-1204 size-full\" src=\"https:\/\/customacrylicproduct.com\/wp-content\/uploads\/2025\/07\/\u4e3b\u56fe02-3.jpg\" alt=\"Pr\u00e9sentoir en acrylique personnalis\u00e9\" width=\"800\" height=\"800\" srcset=\"https:\/\/customacrylicproduct.com\/wp-content\/uploads\/2025\/07\/\u4e3b\u56fe02-3.jpg 800w, https:\/\/customacrylicproduct.com\/wp-content\/uploads\/2025\/07\/\u4e3b\u56fe02-3-300x300.jpg 300w, https:\/\/customacrylicproduct.com\/wp-content\/uploads\/2025\/07\/\u4e3b\u56fe02-3-150x150.jpg 150w, https:\/\/customacrylicproduct.com\/wp-content\/uploads\/2025\/07\/\u4e3b\u56fe02-3-768x768.jpg 768w, https:\/\/customacrylicproduct.com\/wp-content\/uploads\/2025\/07\/\u4e3b\u56fe02-3-600x600.jpg 600w, https:\/\/customacrylicproduct.com\/wp-content\/uploads\/2025\/07\/\u4e3b\u56fe02-3-100x100.jpg 100w\" sizes=\"(max-width: 800px) 100vw, 800px\" \/><\/p>\n<p><strong>Personnalisation : Votre marque, au premier plan\u00a0<\/strong>.<\/p>\n<p>La v\u00e9ritable force de nos stands d'affichage repose sur leur totale personnalisation. Nous travaillons avec vous pour produire un \u00e9cran d'affichage qui constitue une v\u00e9ritable expansion de l'identification de votre marque.<\/p>\n<ul>\n<li><strong>Conception du logo et int\u00e9gration de la devise :\u00a0<\/strong>Comme le montrent le logo \u201c\u5bbe\u4e4b\u90ce\u201d (Container Zhi Lang) et le slogan \u201c\u7528\u5fc3\u505a\u597d\u6bcf1\u53e3\u69df\u6994\u201d (Fabriquer avec soin chaque article en noix de b\u00e9tel), nous pouvons parfaitement int\u00e9grer votre marque directement sur l'\u00e9cran d'affichage. Gr\u00e2ce \u00e0 l'impression haute r\u00e9solution, votre logo, votre marque et vos messages marketing sont pr\u00e9sent\u00e9s de mani\u00e8re claire et pr\u00e9cise, ce qui renforce la reconnaissance de la marque au moment du r\u00e8glement.<\/li>\n<li><strong>Correspondance des couleurs :\u00a0<\/strong>Bien que le rouge dynamique soit attrayant, nous pouvons g\u00e9n\u00e9rer votre \u00e9cran d'affichage dans n'importe quelle nuance du spectre Pantone. Que vous ayez besoin d'un noir \u00e9l\u00e9gant, d'un blanc pur ou d'un ton sp\u00e9cifique de la palette de couleurs de votre entreprise, nous garantissons une coh\u00e9rence parfaite.<\/li>\n<li><strong>Capacit\u00e9s personnalis\u00e9es et formation :\u00a0<\/strong>Nous adaptons la dimension, la forme et la vari\u00e9t\u00e9 des compartiments pour qu'ils correspondent parfaitement \u00e0 votre produit sp\u00e9cifique et \u00e0 la surface de votre comptoir. Que vous commercialisiez de petits baumes \u00e0 l\u00e8vres ronds, des cartes de cadeaux \u00e0 niveau ou des snacks emball\u00e9s, nous d\u00e9velopperons les compartiments pour qu'ils s'adaptent parfaitement \u00e0 votre produit.<\/li>\n<\/ul>\n<p><strong>Des applications illimit\u00e9es dans toutes les industries\u00a0<\/strong>.<\/p>\n<p>Ces \u00e9crans de comptoir de cuisine fonctionnels sont le service appropri\u00e9 pour un grand nombre d'organisations :.<\/p>\n<ul>\n<li><strong>D\u00e9panneurs et supermarch\u00e9s :\u00a0<\/strong>Pour pr\u00e9senter les chewing-gums, les menthes, les d\u00e9licieuses barres chocolat\u00e9es, les produits moins lourds et les friandises en portions individuelles.<\/li>\n<li><strong>Caf\u00e9s et boulangeries :\u00a0<\/strong>Parfait pour mettre en valeur les biscuits emball\u00e9s, les cartes d'engagement, les sachets de sucre ou les petits sacs de grains de caf\u00e9.<\/li>\n<li><strong>Boutiques et salons :\u00a0<\/strong>Les vernis \u00e0 ongles, les baumes \u00e0 l\u00e8vres, les lotions de voyage et divers autres petits accessoires d'appel y trouvent une place \u00e9l\u00e9gante.<\/li>\n<li><strong>Pharmacies :\u00a0<\/strong>Rangez les produits de toilette en format d'essai, les d\u00e9sinfectants pour les mains et les achats impulsifs sans ordonnance.<\/li>\n<li><strong>Appareils \u00e9lectroniques Magasins :\u00a0<\/strong>Rangez joliment les petits objets tels que les c\u00e2bles de facturation, les situations t\u00e9l\u00e9phoniques et les cl\u00e9s USB.<\/li>\n<\/ul>\n<p><strong>Acheter un repr\u00e9sentant silencieux\u00a0<\/strong>.<\/p>\n<p>Ne laissez plus votre espace de vente le plus utile \u00eatre sous-utilis\u00e9. Un rack m\u00e9tallique commun ou une pile de produits en d\u00e9sordre envoie un message de manque d'organisation. Notre stand d'exposition en acrylique personnalis\u00e9 est un investissement financier essentiel qui vous profite en permanence. C'est un vendeur silencieux qui arrange, pr\u00e9sente, marque et vend, le tout \u00e0 partir d'un espace portatif. Il est tr\u00e8s facile \u00e0 ranger, construit pour durer et con\u00e7u pour fournir un retour mesurable en stimulant les ventes impulsives et en am\u00e9liorant l'exp\u00e9rience d'achat totale de vos clients.<\/p>\n<p>Rehaussez votre marque et augmentez vos ventes. Appelez-nous d\u00e8s aujourd'hui pour commencer \u00e0 concevoir une pr\u00e9sentation de caisse enregistreuse acrylique personnalis\u00e9e qui refl\u00e8te parfaitement l'essence de votre marque et donne des r\u00e9sultats substantiels.<\/p>","protected":false},"excerpt":{"rendered":"<p class=\"ng-star-inserted\"><span class=\"ng-star-inserted\">Stimulez les achats impulsifs avec un pr\u00e9sentoir acrylique personnalis\u00e9 pour votre caisse enregistreuse. Cette \u00e9tag\u00e8re durable et attrayante permet d'organiser proprement les petits produits sur le point de vente. Enti\u00e8rement personnalisable avec le logo et les couleurs de votre marque pour am\u00e9liorer la visibilit\u00e9 et stimuler les ventes.<\/span><\/p>","protected":false},"featured_media":1207,"template":"","meta":{"_kad_post_transparent":"default","_kad_post_title":"","_kad_post_layout":"default","_kad_post_sidebar_id":"","_kad_post_content_style":"default","_kad_post_vertical_padding":"default","_kad_post_feature":"","_kad_post_feature_position":"","_kad_post_header":false,"_kad_post_footer":false,"_kad_post_classname":""},"product_brand":[],"product_cat":[15],"product_tag":[110,109],"class_list":{"0":"post-1202","1":"product","2":"type-product","3":"status-publish","4":"has-post-thumbnail","6":"product_cat-custom-acrylic-displays","7":"product_tag-custom-acrylic","8":"product_tag-display","10":"first","11":"instock","12":"shipping-taxable","13":"product-type-simple","14":"entry","15":"content-bg","16":"loop-entry"},"_links":{"self":[{"href":"https:\/\/customacrylicproduct.com\/fr\/wp-json\/wp\/v2\/product\/1202","targetHints":{"allow":["GET"]}}],"collection":[{"href":"https:\/\/customacrylicproduct.com\/fr\/wp-json\/wp\/v2\/product"}],"about":[{"href":"https:\/\/customacrylicproduct.com\/fr\/wp-json\/wp\/v2\/types\/product"}],"wp:featuredmedia":[{"embeddable":true,"href":"https:\/\/customacrylicproduct.com\/fr\/wp-json\/wp\/v2\/media\/1207"}],"wp:attachment":[{"href":"https:\/\/customacrylicproduct.com\/fr\/wp-json\/wp\/v2\/media?parent=1202"}],"wp:term":[{"taxonomy":"product_brand","embeddable":true,"href":"https:\/\/customacrylicproduct.com\/fr\/wp-json\/wp\/v2\/product_brand?post=1202"},{"taxonomy":"product_cat","embeddable":true,"href":"https:\/\/customacrylicproduct.com\/fr\/wp-json\/wp\/v2\/product_cat?post=1202"},{"taxonomy":"product_tag","embeddable":true,"href":"https:\/\/customacrylicproduct.com\/fr\/wp-json\/wp\/v2\/product_tag?post=1202"}],"curies":[{"name":"wp","href":"https:\/\/api.w.org\/{rel}","templated":true}]}}