{"id":1208,"date":"2025-07-18T01:55:22","date_gmt":"2025-07-18T01:55:22","guid":{"rendered":"https:\/\/customacrylicproduct.com\/?post_type=product&#038;p=1208"},"modified":"2025-07-22T08:28:20","modified_gmt":"2025-07-22T08:28:20","slug":"square-colorful-laser-box-colorful-acrylic-display-box","status":"publish","type":"product","link":"https:\/\/customacrylicproduct.com\/fr\/square-colorful-laser-box-colorful-acrylic-display-box\/","title":{"rendered":"Bo\u00eete laser color\u00e9e carr\u00e9e Bo\u00eete d'affichage en acrylique color\u00e9e"},"content":{"rendered":"<h3 id=\"the-aurora-dice-unlock-a-spectrum-of-wonder-with-our-colorful-acrylic-show-box\">Le d\u00e9 Aurora : D\u00e9couvrez un spectre de merveilles gr\u00e2ce \u00e0 notre bo\u00eete de d\u00e9monstration en acrylique color\u00e9<\/h3>\n<p><strong>Introduction : Au-del\u00e0 de la bo\u00eete ordinaire<\/strong><\/p>\n<p>Dans un monde d'objets banals, nous pr\u00e9sentons quelque chose d'extraordinaire. Il ne s'agit pas d'une simple bo\u00eete. C'est un vaisseau de lumi\u00e8re, un prisme de possibilit\u00e9s et une \u0153uvre d'art dynamique qui se transforme \u00e0 chaque regard. Voici la Square Colorful Laser Box, une \u0153uvre d'art en acrylique con\u00e7ue pour captiver les sens et rehausser tout type d'espace qu'elle habite. Oubliez les d\u00e9cors statiques, il s'agit d'une exp\u00e9rience interactive. C'est un morceau d'arc-en-ciel, un \u00e9l\u00e9ment d'un coucher de soleil et un regard sur un d\u00e9sir futuriste, le tout dans les lignes soign\u00e9es et modernes d'un excellent d\u00e9. Que vous soyez un designer, un collectionneur, un vendeur ou simplement une personne qui appr\u00e9cie l'attrait des objets, cette bo\u00eete est votre nouvelle toile d'\u00e9merveillement.<\/p>\n<p><img fetchpriority=\"high\" decoding=\"async\" class=\"aligncenter wp-image-1210 size-full\" src=\"https:\/\/customacrylicproduct.com\/wp-content\/uploads\/2025\/07\/O1CN01vo0Rew2D4hQlgO2uC_2208409208556-0-cib.jpg\" alt=\"Pr\u00e9sentoir en acrylique personnalis\u00e9\" width=\"800\" height=\"800\" srcset=\"https:\/\/customacrylicproduct.com\/wp-content\/uploads\/2025\/07\/O1CN01vo0Rew2D4hQlgO2uC_2208409208556-0-cib.jpg 800w, https:\/\/customacrylicproduct.com\/wp-content\/uploads\/2025\/07\/O1CN01vo0Rew2D4hQlgO2uC_2208409208556-0-cib-300x300.jpg 300w, https:\/\/customacrylicproduct.com\/wp-content\/uploads\/2025\/07\/O1CN01vo0Rew2D4hQlgO2uC_2208409208556-0-cib-150x150.jpg 150w, https:\/\/customacrylicproduct.com\/wp-content\/uploads\/2025\/07\/O1CN01vo0Rew2D4hQlgO2uC_2208409208556-0-cib-768x768.jpg 768w, https:\/\/customacrylicproduct.com\/wp-content\/uploads\/2025\/07\/O1CN01vo0Rew2D4hQlgO2uC_2208409208556-0-cib-600x600.jpg 600w, https:\/\/customacrylicproduct.com\/wp-content\/uploads\/2025\/07\/O1CN01vo0Rew2D4hQlgO2uC_2208409208556-0-cib-100x100.jpg 100w\" sizes=\"(max-width: 800px) 100vw, 800px\" \/><\/p>\n<p><strong>La recherche scientifique de la magie : Le r\u00e9sultat dichro\u00efque<\/strong><\/p>\n<p>L'attrait fascinant de la Colorful Laser Box repose sur sa composition mat\u00e9rielle innovante. Chaque panneau est fabriqu\u00e9 \u00e0 partir d'un acrylique cristallin de haute qualit\u00e9 qui a \u00e9t\u00e9 trait\u00e9 avec un film dichro\u00efque sp\u00e9cial. C'est l\u00e0 que la magie op\u00e8re. La technologie moderne dichro\u00efque, initialement cr\u00e9\u00e9e par la NASA, consiste \u00e0 recouvrir une surface de couches microscopiques de m\u00e9taux et d'oxydes. Ces couches agissent \u00e0 un degr\u00e9 quantique pour ajuster la lumi\u00e8re.<\/p>\n<p>Contrairement \u00e0 un plastique color\u00e9 ordinaire qui absorbe des longueurs d'onde particuli\u00e8res, notre acrylique dichro\u00efque filtre pr\u00e9cis\u00e9ment la lumi\u00e8re qui le traverse. Cela signifie qu'il transmet des couleurs particuli\u00e8res tout en refl\u00e9tant une gamme compl\u00e9mentaire compl\u00e8tement diff\u00e9rente. Il en r\u00e9sulte un affichage visuel spectaculaire et changeant. Lorsque vous marchez autour du paquet, ou lorsque la source de lumi\u00e8re change dans votre espace, les couleurs se transforment et dansent. Une surface qui semble \u00eatre d'un cyan tendance sous un certain angle s'embrasera d'un magenta chaud sous un autre. Un soup\u00e7on d'or raffin\u00e9 peut imm\u00e9diatement se transformer en un violet profond et \u00e9th\u00e9r\u00e9. Le paquet n'a pas une seule couleur, il a\u00a0<em>tous\u00a0<\/em>les couleurs, attendant d'\u00eatre expos\u00e9es par votre perspective. Ce r\u00e9sultat \u201claser\u201d, une cascade de couleurs arc-en-ciel, fait en sorte que le paquet ne soit jamais deux fois le m\u00eame, utilisant une ressource constante de plaisir et de choc esth\u00e9tique.<\/p>\n<p><img decoding=\"async\" class=\"aligncenter wp-image-1212 size-full\" src=\"https:\/\/customacrylicproduct.com\/wp-content\/uploads\/2025\/07\/O1CN01yerDhh2D4hQlgNuZX_2208409208556-0-cib.jpg\" alt=\"Pr\u00e9sentoir en acrylique personnalis\u00e9\" width=\"800\" height=\"800\" srcset=\"https:\/\/customacrylicproduct.com\/wp-content\/uploads\/2025\/07\/O1CN01yerDhh2D4hQlgNuZX_2208409208556-0-cib.jpg 800w, https:\/\/customacrylicproduct.com\/wp-content\/uploads\/2025\/07\/O1CN01yerDhh2D4hQlgNuZX_2208409208556-0-cib-300x300.jpg 300w, https:\/\/customacrylicproduct.com\/wp-content\/uploads\/2025\/07\/O1CN01yerDhh2D4hQlgNuZX_2208409208556-0-cib-150x150.jpg 150w, https:\/\/customacrylicproduct.com\/wp-content\/uploads\/2025\/07\/O1CN01yerDhh2D4hQlgNuZX_2208409208556-0-cib-768x768.jpg 768w, https:\/\/customacrylicproduct.com\/wp-content\/uploads\/2025\/07\/O1CN01yerDhh2D4hQlgNuZX_2208409208556-0-cib-600x600.jpg 600w, https:\/\/customacrylicproduct.com\/wp-content\/uploads\/2025\/07\/O1CN01yerDhh2D4hQlgNuZX_2208409208556-0-cib-100x100.jpg 100w\" sizes=\"(max-width: 800px) 100vw, 800px\" \/><\/p>\n<p><strong>Un savoir-faire et un agencement remarquables<\/strong><\/p>\n<p>La beaut\u00e9 doit s'accompagner d'une qualit\u00e9 sup\u00e9rieure. La Colorful Laser Box t\u00e9moigne d'une conception pr\u00e9cise et d'un savoir-faire m\u00e9ticuleux.<\/p>\n<ul>\n<li><strong>Acrylique de premi\u00e8re qualit\u00e9 :\u00a0<\/strong>Nous n'utilisons que l'acrylique le plus fin et le plus pur sur le plan optique. Cela garantit une qualit\u00e9 et une transmission de la lumi\u00e8re maximales, permettant \u00e0 l'effet dichro\u00efque de rayonner dans toute sa splendeur. Le produit est \u00e9galement beaucoup plus r\u00e9sistant et incassable que le verre, ce qui en fait une option beaucoup plus s\u00fbre et utile pour les maisons, les ateliers et les magasins.<\/li>\n<li><strong>Panneaux d\u00e9coup\u00e9s avec pr\u00e9cision :\u00a0<\/strong>Chacune des six faces est d\u00e9coup\u00e9e au laser selon des crit\u00e8res pr\u00e9cis, ce qui permet d'obtenir des angles id\u00e9aux et une forme g\u00e9om\u00e9trique impeccable. La forme du d\u00e9 est un symbole classique de s\u00e9curit\u00e9, d'\u00e9quilibre et de modernit\u00e9, qui constitue une base parfaite pour l'\u00e9l\u00e9gance fluide et d\u00e9sordonn\u00e9e des couleurs.<\/li>\n<li><strong>B\u00e2timent lisse :\u00a0<\/strong>Les panneaux sont assembl\u00e9s de mani\u00e8re experte \u00e0 l'aide d'un adh\u00e9sif transparent \u00e0 haute r\u00e9sistance, ce qui permet d'obtenir des joints nets et pratiquement invisibles. Les bords sont ensuite polis au diamant pour obtenir une surface lisse, semblable \u00e0 celle du verre, ce qui renforce encore l'aspect et la sensation de co\u00fbt de l'emballage. Cet int\u00e9r\u00eat pour l'information garantit qu'il n'y a pas de c\u00f4t\u00e9s rugueux ou de joints sombres pour d\u00e9tourner l'attention de l'impact visuel sensationnel.<\/li>\n<\/ul>\n<p><img decoding=\"async\" class=\"aligncenter wp-image-1211 size-full\" src=\"https:\/\/customacrylicproduct.com\/wp-content\/uploads\/2025\/07\/O1CN01wzhw412D4hQv9el0q_2208409208556-0-cib.jpg\" alt=\"Bo\u00eete de pr\u00e9sentation en acrylique\" width=\"800\" height=\"800\" srcset=\"https:\/\/customacrylicproduct.com\/wp-content\/uploads\/2025\/07\/O1CN01wzhw412D4hQv9el0q_2208409208556-0-cib.jpg 800w, https:\/\/customacrylicproduct.com\/wp-content\/uploads\/2025\/07\/O1CN01wzhw412D4hQv9el0q_2208409208556-0-cib-300x300.jpg 300w, https:\/\/customacrylicproduct.com\/wp-content\/uploads\/2025\/07\/O1CN01wzhw412D4hQv9el0q_2208409208556-0-cib-150x150.jpg 150w, https:\/\/customacrylicproduct.com\/wp-content\/uploads\/2025\/07\/O1CN01wzhw412D4hQv9el0q_2208409208556-0-cib-768x768.jpg 768w, https:\/\/customacrylicproduct.com\/wp-content\/uploads\/2025\/07\/O1CN01wzhw412D4hQv9el0q_2208409208556-0-cib-600x600.jpg 600w, https:\/\/customacrylicproduct.com\/wp-content\/uploads\/2025\/07\/O1CN01wzhw412D4hQv9el0q_2208409208556-0-cib-100x100.jpg 100w\" sizes=\"(max-width: 800px) 100vw, 800px\" \/><\/p>\n<p><strong>Un cosmos d'applications : Plus qu'un simple spectacle<\/strong><\/p>\n<p>Le v\u00e9ritable g\u00e9nie de la Colorful Laser Box r\u00e9side dans sa flexibilit\u00e9. Sa fonction n'est limit\u00e9e que par votre imagination cr\u00e9ative.<\/p>\n<ul>\n<li><strong>Pour les amateurs de d\u00e9coration int\u00e9rieure :\u00a0<\/strong>Faites de cette bo\u00eete la pi\u00e8ce ma\u00eetresse de la table basse de votre salon, l'\u00e9l\u00e9ment phare d'une biblioth\u00e8que minimaliste ou un accent lumineux sur votre bureau. Placez-la pr\u00e8s d'une fen\u00eatre et observez-la inonder votre espace de motifs changeants de lumi\u00e8re color\u00e9e tout au long de la journ\u00e9e. Utilisez-le comme un \u00e9l\u00e9vateur chic pour sur\u00e9lever votre plante pr\u00e9f\u00e9r\u00e9e, une petite sculpture ou une bougie parfum\u00e9e, transformant ainsi un simple objet en un \u00e9cran raffin\u00e9.<\/li>\n<li><strong>Pour le commer\u00e7ant et l'exposant :\u00a0<\/strong>Dans une salle de vente abordable, l'enregistrement de l'int\u00e9r\u00eat est primordial. Utilisez cette bo\u00eete pour cr\u00e9er un \u00e9cran d'articles inoubliable. C'est le meilleur pr\u00e9sentoir pour les produits de luxe tels que les bijoux de mode, les montres, les parfums et les cosm\u00e9tiques haut de gamme. Imaginez une bague en rubis ou un d\u00e9licat m\u00e9daillon en perles blotti \u00e0 l'int\u00e9rieur, entour\u00e9 d'un halo de nuances mouvantes. Il attire l'\u0153il, donne l'impression d'une valeur immense et rend votre objet s\u00e9duisant. C'est un outil essentiel pour les expositions, les vitrines et les promotions en magasin.<\/li>\n<li><strong>Pour le sp\u00e9cialiste de la cr\u00e9ation :\u00a0<\/strong>Les photographes et vid\u00e9astes trouveront certainement dans cette bo\u00eete un accessoire important. Utilisez-la pour cr\u00e9er des fuites de lumi\u00e8re spectaculaires, des \u00e9clats de lentilles \u00e9th\u00e9r\u00e9s et des histoires abstraites et color\u00e9es pour la photographie d'objets ou de portraits. Ses propri\u00e9t\u00e9s de r\u00e9flexion et de r\u00e9fraction offrent d'innombrables possibilit\u00e9s d'essais et d'erreurs artistiques. Pour les artistes et les d\u00e9veloppeurs, il s'agit d'une source d'inspiration constante : un objet physique qui incarne les principes de la lumi\u00e8re, de l'ombre et de la nature.<\/li>\n<li><strong>Un abri pour les objets de collection :\u00a0<\/strong>Offrez \u00e0 vos antiquit\u00e9s les plus ch\u00e8res la place qui leur revient. Qu'il s'agisse d'un cristal rare, d'une figurine de fond ou d'un souvenir autoris\u00e9, le placer dans la Colorful Laser Box le met \u00e0 l'abri de la poussi\u00e8re tout en le transformant en une exposition digne d'un mus\u00e9e. L'interaction de la lumi\u00e8re mettra en valeur chaque aspect et chaque information de l'objet qu'il contient.<\/li>\n<li><strong>Art interactif et int\u00e9gration technologique :\u00a0<\/strong>Comme le montrent les photos, l'emballage est vraiment actif avec une source int\u00e9rieure de lumi\u00e8re. Placez un simple palet LED, une guirlande lumineuse ou m\u00eame une ampoule RVB intelligente \u00e0 l'int\u00e9rieur pour obtenir une nouvelle mesure de l'attrait. Dans un espace mal \u00e9clair\u00e9, le package rayonnera certainement de l'int\u00e9rieur, projetant ses couleurs arc-en-ciel sur les surfaces avoisinantes, cr\u00e9ant ainsi un environnement dynamique et immersif id\u00e9al pour une esth\u00e9tique moderne, technologique ou vaporwave.<\/li>\n<\/ul>\n<p><strong>Le cadeau parfait et inoubliable<\/strong><\/p>\n<p>Vous avez du mal \u00e0 trouver un cadeau \u00e0 la fois sp\u00e9cial et attrayant ? La bo\u00eete laser color\u00e9e carr\u00e9e est la solution. C'est le cadeau id\u00e9al pour le musicien de votre entourage, le designer \u00e0 l'\u0153il vif, le passionn\u00e9 qui a tout, ou toute personne qui trouve son bonheur au croisement de l'art et de la science. Ce n'est pas seulement un cadeau, c'est une exp\u00e9rience, un sujet de discussion et un objet d'art interactif qui sera certainement appr\u00e9ci\u00e9 pendant des ann\u00e9es.<\/p>\n<p><strong>Caract\u00e9ristiques et traitement de l'article :<\/strong><\/p>\n<ul>\n<li><strong>Mat\u00e9riau :\u00a0<\/strong>Polym\u00e8re dichro\u00efque de haute qualit\u00e9.<\/li>\n<li><strong>Forme :\u00a0<\/strong>Cube.<\/li>\n<li><strong>B\u00e2timent :\u00a0<\/strong>Panneaux d\u00e9coup\u00e9s avec pr\u00e9cision et aux c\u00f4t\u00e9s \u00e9l\u00e9gants.<\/li>\n<li><strong>Instructions d'entretien :\u00a0<\/strong>Pour conserver sa belle qualit\u00e9 et ses nuances dynamiques, il suffit de le nettoyer avec une serviette en microfibre douce et propre. \u00c9vitez d'utiliser des nettoyants chimiques ou des produits rugueux, car ils risquent de rayer la surface de l'acrylique.<\/li>\n<\/ul>\n<p><strong>Ramener la lumi\u00e8re \u00e0 la maison\u00a0<\/strong>.<\/p>\n<p>Ne vous contentez pas de d\u00e9corer votre espace, illuminez-le avec des couleurs vivantes. La Colorful Laser Box Colorful Polymer Show Box est plus qu'un objet ; c'est un voyage vibrant de lumi\u00e8re et de point de vue. C'est une pointe quotidienne de la beaut\u00e9 qui nous entoure, captur\u00e9e et am\u00e9lior\u00e9e en un seul objet parfait. Ajoutez cette symphonie de couleurs \u00e0 votre panier d\u00e8s aujourd'hui et gagnez un morceau de l'arc-en-ciel.<\/p>","protected":false},"excerpt":{"rendered":"<p class=\"ng-star-inserted\"><span class=\"ng-star-inserted\">Ajoutez une lueur futuriste \u00e0 votre espace avec cette bo\u00eete de pr\u00e9sentation carr\u00e9e en acrylique. Sa surface iris\u00e9e unique cr\u00e9e un effet laser \u00e9blouissant, passant d'un arc-en-ciel de couleurs \u00e0 un autre sous l'effet de la lumi\u00e8re. Parfaite comme \u00e9l\u00e9ment de d\u00e9coration moderne, comme bo\u00eete de rangement chic ou comme pr\u00e9sentoir pour vos objets pr\u00e9f\u00e9r\u00e9s.<\/span><\/p>","protected":false},"featured_media":1210,"template":"","meta":{"_kad_post_transparent":"default","_kad_post_title":"","_kad_post_layout":"default","_kad_post_sidebar_id":"","_kad_post_content_style":"default","_kad_post_vertical_padding":"default","_kad_post_feature":"","_kad_post_feature_position":"","_kad_post_header":false,"_kad_post_footer":false,"_kad_post_classname":""},"product_brand":[],"product_cat":[17],"product_tag":[111],"class_list":{"0":"post-1208","1":"product","2":"type-product","3":"status-publish","4":"has-post-thumbnail","6":"product_cat-custom-acrylic-boxes","7":"product_tag-acrylic-display-box","9":"first","10":"instock","11":"shipping-taxable","12":"product-type-simple","13":"entry","14":"content-bg","15":"loop-entry"},"_links":{"self":[{"href":"https:\/\/customacrylicproduct.com\/fr\/wp-json\/wp\/v2\/product\/1208","targetHints":{"allow":["GET"]}}],"collection":[{"href":"https:\/\/customacrylicproduct.com\/fr\/wp-json\/wp\/v2\/product"}],"about":[{"href":"https:\/\/customacrylicproduct.com\/fr\/wp-json\/wp\/v2\/types\/product"}],"wp:featuredmedia":[{"embeddable":true,"href":"https:\/\/customacrylicproduct.com\/fr\/wp-json\/wp\/v2\/media\/1210"}],"wp:attachment":[{"href":"https:\/\/customacrylicproduct.com\/fr\/wp-json\/wp\/v2\/media?parent=1208"}],"wp:term":[{"taxonomy":"product_brand","embeddable":true,"href":"https:\/\/customacrylicproduct.com\/fr\/wp-json\/wp\/v2\/product_brand?post=1208"},{"taxonomy":"product_cat","embeddable":true,"href":"https:\/\/customacrylicproduct.com\/fr\/wp-json\/wp\/v2\/product_cat?post=1208"},{"taxonomy":"product_tag","embeddable":true,"href":"https:\/\/customacrylicproduct.com\/fr\/wp-json\/wp\/v2\/product_tag?post=1208"}],"curies":[{"name":"wp","href":"https:\/\/api.w.org\/{rel}","templated":true}]}}