{"id":1218,"date":"2025-07-18T02:18:12","date_gmt":"2025-07-18T02:18:12","guid":{"rendered":"https:\/\/customacrylicproduct.com\/?post_type=product&#038;p=1218"},"modified":"2025-07-22T08:29:47","modified_gmt":"2025-07-22T08:29:47","slug":"acrylic-transparent-arched-semicircular-seat-sign-customization","status":"publish","type":"product","link":"https:\/\/customacrylicproduct.com\/fr\/acrylic-transparent-arched-semicircular-seat-sign-customization\/","title":{"rendered":"Acrylique Transparent Arqu\u00e9 Semi-circulaire Enseigne de si\u00e8ge Personnalisation"},"content":{"rendered":"<h3 id=\"elevate-your-occasion-with-timeless-beauty-custom-arched-acrylic-indications\">La beaut\u00e9 intemporelle au service de l'\u00e9v\u00e9nement : Indications acryliques arqu\u00e9es personnalis\u00e9es<\/h3>\n<p>Dans l'art de la pr\u00e9paration d'\u00e9v\u00e9nements, ce sont les informations r\u00e9fl\u00e9chies qui transforment une simple c\u00e9l\u00e9bration en une exp\u00e9rience remarquable. Chaque \u00e9l\u00e9ment, de la composition florale \u00e0 l'\u00e9clairage, fonctionne de mani\u00e8re coh\u00e9rente pour cr\u00e9er une ambiance d\u00e9taill\u00e9e et informer une histoire particuli\u00e8re. Nos\u00a0<strong>Indicateurs semi-circulaires arqu\u00e9s transparents en polym\u00e8re personnalisables\u00a0<\/strong>sont con\u00e7us pour faire partie de ces d\u00e9tails splendides - une touche de classe contemporaine qui apporte clart\u00e9, \u00e9l\u00e9gance et une touche profond\u00e9ment personnelle \u00e0 votre journ\u00e9e sp\u00e9ciale.<\/p>\n<p><img fetchpriority=\"high\" decoding=\"async\" class=\"aligncenter wp-image-1221 size-full\" src=\"https:\/\/customacrylicproduct.com\/wp-content\/uploads\/2025\/07\/O1CN01lUO7iy2NjbDvatlWC_2200786649999-0-cib.jpg\" alt=\"Acrylique Transparent Si\u00e8ge semi-circulaire arqu\u00e9\" width=\"800\" height=\"800\" srcset=\"https:\/\/customacrylicproduct.com\/wp-content\/uploads\/2025\/07\/O1CN01lUO7iy2NjbDvatlWC_2200786649999-0-cib.jpg 800w, https:\/\/customacrylicproduct.com\/wp-content\/uploads\/2025\/07\/O1CN01lUO7iy2NjbDvatlWC_2200786649999-0-cib-300x300.jpg 300w, https:\/\/customacrylicproduct.com\/wp-content\/uploads\/2025\/07\/O1CN01lUO7iy2NjbDvatlWC_2200786649999-0-cib-150x150.jpg 150w, https:\/\/customacrylicproduct.com\/wp-content\/uploads\/2025\/07\/O1CN01lUO7iy2NjbDvatlWC_2200786649999-0-cib-768x768.jpg 768w, https:\/\/customacrylicproduct.com\/wp-content\/uploads\/2025\/07\/O1CN01lUO7iy2NjbDvatlWC_2200786649999-0-cib-600x600.jpg 600w, https:\/\/customacrylicproduct.com\/wp-content\/uploads\/2025\/07\/O1CN01lUO7iy2NjbDvatlWC_2200786649999-0-cib-100x100.jpg 100w\" sizes=\"(max-width: 800px) 100vw, 800px\" \/><\/p>\n<p><strong>Une vision du minimalisme moderne<\/strong><\/p>\n<p>S'\u00e9loignant des panneaux traditionnels, ces indicateurs acryliques courb\u00e9s symbolisent les principes de conception contemporains. Leur fonction d\u00e9terminante est leur gracieux sommet incurv\u00e9, un contour doux et semi-circulaire qui donne une impression \u00e0 la fois architecturale et organique. Cette forme rompt avec les coins rugueux des panneaux rectangulaires de base et conf\u00e8re une esth\u00e9tique plus douce et plus accueillante \u00e0 votre design. L'arc est un symbole classique de flux et de c\u00e9l\u00e9bration, ce qui en fait un th\u00e8me particuli\u00e8rement adapt\u00e9 aux \u00e9v\u00e9nements de mariage, aux anniversaires de mariage et aux \u00e9v\u00e9nements qui marquent un tournant.<\/p>\n<p>Fabriqu\u00e9es en acrylique cristallin de premi\u00e8re qualit\u00e9, ces enseignes offrent l'excellent aspect du verre sans sa fragilit\u00e9 et son poids. Le produit transparent d\u00e9veloppe un impact visuel spectaculaire, permettant \u00e0 l'\u00e9l\u00e9gant manuscrit blanc de sembler flotter dans l'air. Cette qualit\u00e9 a\u00e9rienne sup\u00e9rieure garantit que les panneaux rehaussent tout type de style ou d'agencement de couleurs, du style rustique et branch\u00e9 au style classique de la salle de bal, sans nuire \u00e0 la d\u00e9coration environnante. Ils s'int\u00e8grent parfaitement \u00e0 vos d\u00e9cors de table, ajoutant une couche de raffinement.<\/p>\n<p>&nbsp;<\/p>\n<p>&nbsp;<\/p>\n<p><strong>L'art de la typographie<\/strong><\/p>\n<p>L'attrait visuel de ces indicateurs est renforc\u00e9 par l'utilisation habile de la typographie. Nous avons en effet m\u00e9ticuleusement choisi une combinaison de polices de caract\u00e8res qui concilie amour et lisibilit\u00e9. Les mots-cl\u00e9s tels que \u201cFavors\u201d, \u201cPresents\u201d, \u201cGuestbook\u201d et \u201cPermanently\u201d sont cr\u00e9\u00e9s dans une jolie police de caract\u00e8res script. Ce texte a \u00e9t\u00e9 dessin\u00e9 \u00e0 la main, avec des traits sophistiqu\u00e9s et des lignes fragiles qui communiquent un sentiment d'individualit\u00e9 et de c\u00e9l\u00e9bration.<\/p>\n<p>En contraste, une police de caract\u00e8res \u00e9pur\u00e9e, minimaliste et sans empattement est utilis\u00e9e pour le texte de soutien, tel que \u201cPLEASE TAKE ONE\u201d ou \u201cIN OUR HEARTS TODAY AND ALWAYS\u201d (Dans nos c\u0153urs aujourd'hui et toujours). Cette combinaison cr\u00e9e une hi\u00e9rarchie visuelle claire, attirant l'\u0153il sur les informations les plus essentielles en premier lieu, tout en s'assurant que les informations secondaires sont parfaitement claires. Le texte blanc se d\u00e9tache merveilleusement de l'acrylique transparent, captant la lumi\u00e8re et l'attention de vos invit\u00e9s.<\/p>\n<p><img decoding=\"async\" class=\"size-full wp-image-1222 aligncenter\" src=\"https:\/\/customacrylicproduct.com\/wp-content\/uploads\/2025\/07\/O1CN01183bEz2NjbDptWTtj_2200786649999-0-cib.jpg\" alt=\"\" width=\"800\" height=\"800\" srcset=\"https:\/\/customacrylicproduct.com\/wp-content\/uploads\/2025\/07\/O1CN01183bEz2NjbDptWTtj_2200786649999-0-cib.jpg 800w, https:\/\/customacrylicproduct.com\/wp-content\/uploads\/2025\/07\/O1CN01183bEz2NjbDptWTtj_2200786649999-0-cib-300x300.jpg 300w, https:\/\/customacrylicproduct.com\/wp-content\/uploads\/2025\/07\/O1CN01183bEz2NjbDptWTtj_2200786649999-0-cib-150x150.jpg 150w, https:\/\/customacrylicproduct.com\/wp-content\/uploads\/2025\/07\/O1CN01183bEz2NjbDptWTtj_2200786649999-0-cib-768x768.jpg 768w, https:\/\/customacrylicproduct.com\/wp-content\/uploads\/2025\/07\/O1CN01183bEz2NjbDptWTtj_2200786649999-0-cib-600x600.jpg 600w, https:\/\/customacrylicproduct.com\/wp-content\/uploads\/2025\/07\/O1CN01183bEz2NjbDptWTtj_2200786649999-0-cib-100x100.jpg 100w\" sizes=\"(max-width: 800px) 100vw, 800px\" \/><\/p>\n<p><strong>Laissez libre cours \u00e0 votre imagination gr\u00e2ce \u00e0 une personnalisation compl\u00e8te<\/strong><\/p>\n<p>Bien que nous proposions une collection d'indications de premier plan parfaites pour tout type de mariage ou de grande occasion, l'\u00e9l\u00e9gance r\u00e9elle de cet article repose sur sa capacit\u00e9 de personnalisation. Ces indications sont un canevas vide pour vos demandes, pr\u00eates \u00e0 \u00eatre personnalis\u00e9es avec le texte qui informe votre histoire.<\/p>\n<p>Les indications figurant sur les photos sont des exemples \u00e9tonnants :.<\/p>\n<ul>\n<li><strong>Favorise l'indicateur :\u00a0<\/strong>Un moyen captivant et poli d'aider les visiteurs \u00e0 emporter leurs friandises. Le panneau \u201cFavors, Please Take One\u201d est un \u00e9l\u00e9ment essentiel pour s'assurer que personne ne manque les cadeaux attentionn\u00e9s que vous avez pr\u00e9par\u00e9s.<\/li>\n<li><strong>Cadeaux et cartes Indication :\u00a0<\/strong>\u00c9liminez la confusion et cr\u00e9ez un point de chute d\u00e9sign\u00e9 et \u00e9l\u00e9gant pour les cadeaux de mariage. Cet indicateur marque \u00e9l\u00e9gamment la table des cadeaux, ce qui permet aux visiteurs de d\u00e9poser facilement leurs cartes et paquets.<\/li>\n<li><strong>Indicateur du livre d'or :\u00a0<\/strong>Incitez chaque visiteur \u00e0 laisser ses v\u0153ux en indiquant \u201cVeuillez signer notre livre d'or\u201d. Plac\u00e9 \u00e0 c\u00f4t\u00e9 de votre livre d'or, il s'agit d'une suggestion douce et \u00e0 la mode pour enregistrer les souvenirs de chaque personne qui a c\u00e9l\u00e9br\u00e9 avec vous.<\/li>\n<li><strong>Panneau comm\u00e9moratif :\u00a0<\/strong>Une fa\u00e7on touchante et \u00e9l\u00e9gante de rendre hommage aux personnes aim\u00e9es qui ne peuvent \u00eatre pr\u00e9sentes personnellement. Le panneau \u201cIn Loving Memory of Those Who Are Forever In Our Hearts Today and Constantly\u201d (En m\u00e9moire de ceux qui sont \u00e0 jamais dans nos c\u0153urs aujourd'hui et constamment) est un hommage attrayant, qui pr\u00e9voit un espace pour les souvenirs ch\u00e9ris d'une mani\u00e8re attentionn\u00e9e et profond\u00e9ment \u00e9mouvante.<\/li>\n<\/ul>\n<p>Au-del\u00e0 de ces normes, les possibilit\u00e9s de personnalisation sont presque illimit\u00e9es. Pensez \u00e0 ces diverses autres applications :.<\/p>\n<ul>\n<li><strong>Num\u00e9ros de table :\u00a0<\/strong>Cr\u00e9ez des num\u00e9ros de table sensationnels et modernes qui sont \u00e0 la fois utiles et font partie du design.<\/li>\n<li><strong>Menu du bar :\u00a0<\/strong>Affichez vos boissons m\u00e9lang\u00e9es caract\u00e9ristiques ou une liste de boissons facilement disponibles gr\u00e2ce \u00e0 une indication de bar personnalis\u00e9e tr\u00e8s tendance.<\/li>\n<li><strong>Places assises pr\u00e9vues :\u00a0<\/strong>R\u00e9servez poliment des rangs pour les membres de votre famille lors de l'\u00e9v\u00e9nement ou d\u00e9taillez les tables de l'\u00e9v\u00e9nement.<\/li>\n<li><strong>Hashtag des m\u00e9dias sociaux :\u00a0<\/strong>Incitez les invit\u00e9s \u00e0 partager leurs photos avec un indicateur montrant le hashtag unique de votre c\u00e9l\u00e9bration de mariage.<\/li>\n<li><strong>Bar \u00e0 desserts ou buffet sucr\u00e9 :\u00a0<\/strong>\u00c9tiqueter les diff\u00e9rentes affaires ou offrir des instructions avec des indicateurs qui conviennent au visuel de l'occasion.<\/li>\n<li><strong>Photo Cubicle Directions :\u00a0<\/strong>Expliquer aux invit\u00e9s comment utiliser le photomaton pour qu'ils en profitent au maximum.<\/li>\n<\/ul>\n<p><strong>Une qualit\u00e9 de fabrication et une stabilit\u00e9 sup\u00e9rieures<\/strong><\/p>\n<p>Chaque panneau est minutieusement fabriqu\u00e9 \u00e0 partir d'un polym\u00e8re robuste de premi\u00e8re qualit\u00e9. Les bords sont d\u00e9coup\u00e9s avec pr\u00e9cision et \u00e9claircis pour obtenir une finition lisse et impeccable, refl\u00e9tant notre engagement \u00e0 l'\u00e9gard de l'excellence. Le message est utilis\u00e9 selon une technique de qualit\u00e9 professionnelle, ce qui garantit qu'il est net, opaque et durable, sans risque d'\u00e9caillage ou de maculage.<\/p>\n<p>Pour garantir une excellente s\u00e9curit\u00e9, chaque indicateur incurv\u00e9 est accompagn\u00e9 d'une base acrylique rectangulaire fabriqu\u00e9e sur mesure. Ce support discret est \u00e9galement fabriqu\u00e9 \u00e0 partir du m\u00eame produit cristallin, ce qui permet de conserver l'aspect visuel minimaliste et de mettre l'indicateur lui-m\u00eame au premier plan. Le panneau glisse fermement dans la rainure de la base pour une installation rapide, simple et facile et un \u00e9cran solide qui restera debout pendant toute la dur\u00e9e de l'\u00e9v\u00e9nement.<\/p>\n<p><img decoding=\"async\" class=\"size-full wp-image-1222 aligncenter\" src=\"https:\/\/customacrylicproduct.com\/wp-content\/uploads\/2025\/07\/O1CN01183bEz2NjbDptWTtj_2200786649999-0-cib.jpg\" alt=\"Acrylique Transparent Si\u00e8ge semi-circulaire arqu\u00e9\" width=\"800\" height=\"800\" srcset=\"https:\/\/customacrylicproduct.com\/wp-content\/uploads\/2025\/07\/O1CN01183bEz2NjbDptWTtj_2200786649999-0-cib.jpg 800w, https:\/\/customacrylicproduct.com\/wp-content\/uploads\/2025\/07\/O1CN01183bEz2NjbDptWTtj_2200786649999-0-cib-300x300.jpg 300w, https:\/\/customacrylicproduct.com\/wp-content\/uploads\/2025\/07\/O1CN01183bEz2NjbDptWTtj_2200786649999-0-cib-150x150.jpg 150w, https:\/\/customacrylicproduct.com\/wp-content\/uploads\/2025\/07\/O1CN01183bEz2NjbDptWTtj_2200786649999-0-cib-768x768.jpg 768w, https:\/\/customacrylicproduct.com\/wp-content\/uploads\/2025\/07\/O1CN01183bEz2NjbDptWTtj_2200786649999-0-cib-600x600.jpg 600w, https:\/\/customacrylicproduct.com\/wp-content\/uploads\/2025\/07\/O1CN01183bEz2NjbDptWTtj_2200786649999-0-cib-100x100.jpg 100w\" sizes=\"(max-width: 800px) 100vw, 800px\" \/><\/p>\n<p><strong>Polyvalent pour chaque occasion<\/strong><\/p>\n<p>Bien qu'elles soient id\u00e9ales pour les c\u00e9l\u00e9brations de mariage, le design classique de ces indications acryliques incurv\u00e9es les rend adapt\u00e9es \u00e0 une grande vari\u00e9t\u00e9 d'\u00e9v\u00e9nements :...<\/p>\n<ul>\n<li><strong>Douches nuptiales et infantiles :\u00a0<\/strong>Pr\u00e9sentez les visiteurs \u00e0 des jeux, \u00e0 la table des cadeaux ou \u00e0 un poste de tirage au sort de couches pour b\u00e9b\u00e9s.<\/li>\n<li><strong>Anniversaire de mariage et f\u00eates d'anniversaire :\u00a0<\/strong>C\u00e9l\u00e9brez les tournants avec des messages personnalis\u00e9s ou des marqueurs de table.<\/li>\n<li><strong>Occasions d'entreprise :\u00a0<\/strong>Ajoutez une touche de classe aux bureaux d'inscription, aux \u00e9crans d'affichage des articles ou aux tables d'information.<\/li>\n<li><strong>Magasins de d\u00e9tail :\u00a0<\/strong>Utilisez-les comme marqueurs de taux sophistiqu\u00e9s ou pour annoncer les sections \u201cNouveaux arrivages\u201d ou \u201cSoldes\u201d.<\/li>\n<\/ul>\n<p>Ces indications sont plus que de simples outils d'orientation ; ce sont des souvenirs. Apr\u00e8s l'\u00e9v\u00e9nement, le panneau \u201cIn Loving Memory\u201d peut devenir un \u00e9l\u00e9ment pr\u00e9cieux de votre d\u00e9coration int\u00e9rieure, tandis qu'un num\u00e9ro de table personnalis\u00e9 ou un indicateur de bienvenue peut constituer un magnifique souvenir de votre journ\u00e9e sp\u00e9ciale.<\/p>\n<p>Ajoutez une touche de beaut\u00e9 sur mesure \u00e0 votre f\u00eate. Nos indicateurs arqu\u00e9s en acrylique personnalis\u00e9s sont la meilleure combinaison de style moderne, de convictions personnelles et de caract\u00e9ristiques remarquables. Commandez-les d\u00e8s aujourd'hui et laissez ces informations \u00e9tonnantes vous aider \u00e0 cr\u00e9er un environnement aussi unique et inoubliable que votre histoire d'amour.<\/p>","protected":false},"excerpt":{"rendered":"<p class=\"ng-star-inserted\"><span class=\"ng-star-inserted\">Rehaussez votre \u00e9v\u00e9nement avec nos enseignes acryliques arqu\u00e9es personnalis\u00e9es. Ces panneaux transparents et semi-circulaires pr\u00e9sentent une \u00e9l\u00e9gante \u00e9criture blanche pour un look moderne et chic. Parfaites pour diriger les invit\u00e9s vers le livre d'or, les faveurs ou la table des cadeaux lors de votre mariage ou d'une occasion sp\u00e9ciale. Un objet de d\u00e9coration \u00e9l\u00e9gant et sophistiqu\u00e9.<\/span><\/p>","protected":false},"featured_media":1221,"template":"","meta":{"_kad_post_transparent":"default","_kad_post_title":"","_kad_post_layout":"default","_kad_post_sidebar_id":"","_kad_post_content_style":"default","_kad_post_vertical_padding":"default","_kad_post_feature":"","_kad_post_feature_position":"","_kad_post_header":false,"_kad_post_footer":false,"_kad_post_classname":""},"product_brand":[],"product_cat":[18],"product_tag":[114,115],"class_list":{"0":"post-1218","1":"product","2":"type-product","3":"status-publish","4":"has-post-thumbnail","6":"product_cat-custom-acrylic-signs","7":"product_tag-acrylic-transparent-arched-semicircular-seat","8":"product_tag-customization","10":"first","11":"instock","12":"shipping-taxable","13":"product-type-simple","14":"entry","15":"content-bg","16":"loop-entry"},"_links":{"self":[{"href":"https:\/\/customacrylicproduct.com\/fr\/wp-json\/wp\/v2\/product\/1218","targetHints":{"allow":["GET"]}}],"collection":[{"href":"https:\/\/customacrylicproduct.com\/fr\/wp-json\/wp\/v2\/product"}],"about":[{"href":"https:\/\/customacrylicproduct.com\/fr\/wp-json\/wp\/v2\/types\/product"}],"wp:featuredmedia":[{"embeddable":true,"href":"https:\/\/customacrylicproduct.com\/fr\/wp-json\/wp\/v2\/media\/1221"}],"wp:attachment":[{"href":"https:\/\/customacrylicproduct.com\/fr\/wp-json\/wp\/v2\/media?parent=1218"}],"wp:term":[{"taxonomy":"product_brand","embeddable":true,"href":"https:\/\/customacrylicproduct.com\/fr\/wp-json\/wp\/v2\/product_brand?post=1218"},{"taxonomy":"product_cat","embeddable":true,"href":"https:\/\/customacrylicproduct.com\/fr\/wp-json\/wp\/v2\/product_cat?post=1218"},{"taxonomy":"product_tag","embeddable":true,"href":"https:\/\/customacrylicproduct.com\/fr\/wp-json\/wp\/v2\/product_tag?post=1218"}],"curies":[{"name":"wp","href":"https:\/\/api.w.org\/{rel}","templated":true}]}}