{"id":1223,"date":"2025-07-18T02:29:44","date_gmt":"2025-07-18T02:29:44","guid":{"rendered":"https:\/\/customacrylicproduct.com\/?post_type=product&#038;p=1223"},"modified":"2025-07-22T08:30:21","modified_gmt":"2025-07-22T08:30:21","slug":"colored-transparent-acrylic-line-stick-stripe-stick","status":"publish","type":"product","link":"https:\/\/customacrylicproduct.com\/fr\/colored-transparent-acrylic-line-stick-stripe-stick\/","title":{"rendered":"B\u00e2ton de ligne en acrylique transparent color\u00e9 B\u00e2ton de bande"},"content":{"rendered":"<h3 id=\"-presenting-the-colored-red-stripe-polymer-pole-where-clarity-fulfills-shade-in-perfect-consistency-\"><strong>Pr\u00e9sentation de la perche en polym\u00e8re \u00e0 rayures rouges color\u00e9es : L\u00e0 o\u00f9 la clart\u00e9 remplit la nuance dans une coh\u00e9rence parfaite<\/strong><\/h3>\n<p>Imaginez une ligne d'ombres pures et vibrantes suspendues en apesanteur dans une forme cristalline. Imaginez un produit qui capte la lumi\u00e8re, joue avec la compr\u00e9hension et conf\u00e8re une esth\u00e9tique \u00e9l\u00e9gante et contemporaine \u00e0 toute t\u00e2che qu'il am\u00e9liore. Telle est la v\u00e9rit\u00e9 de nos b\u00e2tonnets de ligne en polym\u00e8re transparent color\u00e9 - un produit innovant con\u00e7u pour les cr\u00e9ateurs, les d\u00e9veloppeurs, les concepteurs et les pionniers qui exigent \u00e0 la fois attrait et performance.<\/p>\n<p>Ces tiges sont plus qu'un simple morceau de plastique ; elles sont un aspect de la mise en page, un d\u00e9clencheur d'id\u00e9es et un t\u00e9moignage de la pr\u00e9cision de la production moderne. En coextrudant parfaitement un noyau color\u00e9 dans une tige ext\u00e9rieure en acrylique transparent, nous avons cr\u00e9\u00e9 un produit qui produit un effet visuel sensationnel et sp\u00e9cial. La couleur ne se contente pas de recouvrir la surface ; elle existe en profondeur dans le mat\u00e9riau, ce qui produit une \u00e9tonnante sensation de profondeur et l'illusion optique d'une bande rouge flottante. Qu'il s'agisse d'un bijou sur mesure, d'une conception architecturale d'avant-garde ou d'un \u00e9cran d'affichage unique, ces baguettes acryliques offrent une touche de sophistication et une touche d'ombre tout simplement in\u00e9gal\u00e9e.<\/p>\n<p><img fetchpriority=\"high\" decoding=\"async\" class=\"wp-image-1226 size-full aligncenter\" src=\"https:\/\/customacrylicproduct.com\/wp-content\/uploads\/2025\/07\/O1CN01X4vhTD1vK7j6eIzho_2208159816153-0-cib.jpg\" alt=\"B\u00e2ton de ligne acrylique\" width=\"800\" height=\"800\" srcset=\"https:\/\/customacrylicproduct.com\/wp-content\/uploads\/2025\/07\/O1CN01X4vhTD1vK7j6eIzho_2208159816153-0-cib.jpg 800w, https:\/\/customacrylicproduct.com\/wp-content\/uploads\/2025\/07\/O1CN01X4vhTD1vK7j6eIzho_2208159816153-0-cib-300x300.jpg 300w, https:\/\/customacrylicproduct.com\/wp-content\/uploads\/2025\/07\/O1CN01X4vhTD1vK7j6eIzho_2208159816153-0-cib-150x150.jpg 150w, https:\/\/customacrylicproduct.com\/wp-content\/uploads\/2025\/07\/O1CN01X4vhTD1vK7j6eIzho_2208159816153-0-cib-768x768.jpg 768w, https:\/\/customacrylicproduct.com\/wp-content\/uploads\/2025\/07\/O1CN01X4vhTD1vK7j6eIzho_2208159816153-0-cib-600x600.jpg 600w, https:\/\/customacrylicproduct.com\/wp-content\/uploads\/2025\/07\/O1CN01X4vhTD1vK7j6eIzho_2208159816153-0-cib-100x100.jpg 100w\" sizes=\"(max-width: 800px) 100vw, 800px\" \/><\/p>\n<p>&nbsp;<\/p>\n<h4 id=\"-the-core-of-the-issue-unparalleled-design-and-material-top-quality-\"><strong>Le c\u0153ur du probl\u00e8me : Une conception et une qualit\u00e9 des mat\u00e9riaux in\u00e9gal\u00e9es<\/strong><\/h4>\n<p>Au c\u0153ur de notre article se trouve le mat\u00e9riau lui-m\u00eame : le polym\u00e9thacrylate de m\u00e9thyle (PMMA) de haute qualit\u00e9, plus connu sous le nom d'acrylique ou de plexiglas. R\u00e9put\u00e9 pour ses constructions exceptionnelles, l'acrylique est le meilleur support pour ce design ing\u00e9nieux.<\/p>\n<ul>\n<li><strong>Clart\u00e9 optique :\u00a0<\/strong>Notre acrylique affiche un taux de transmission de la lumi\u00e8re de plus de 92%, d\u00e9passant m\u00eame celui du verre standard. Ce rev\u00eatement ext\u00e9rieur cristallin imite une excellente lentille, magnifiant et prot\u00e9geant les couleurs internes \u00e9clatantes sans distorsion ni jaunissement progressif. Le r\u00e9sultat est une couleur qui appara\u00eet plus pure et plus \u00e9blouissante que si elle \u00e9tait \u00e0 la surface.<\/li>\n<li><strong>Couleur dynamique et satur\u00e9e :\u00a0<\/strong>La bande int\u00e9rieure n'est pas un tube creux ou une ligne repeinte. Il s'agit d'un noyau solide de polym\u00e8re hautement pigment\u00e9. Cela garantit la constance de la teinte sur toute la taille de la canne, des bleus profonds et des rouges enthousiastes aux jaunes \u00e9lectriques et aux violets majestueux. Lorsqu'elle est r\u00e9duite, la section transversale r\u00e9v\u00e8le un excellent et solide cercle de teinte entour\u00e9 d'un anneau transparent, un d\u00e9tail attrayant en soi.<\/li>\n<li><strong>La r\u00e9sistance et la force :\u00a0<\/strong>Tout en ayant la beaut\u00e9 du verre, nos poteaux en acrylique sont beaucoup plus durables et r\u00e9sistants aux chocs. Ils sont dix fois plus r\u00e9sistants aux chocs que le verre de m\u00eame \u00e9paisseur, ce qui en fait un choix plus s\u00fbr et plus fonctionnel pour une grande vari\u00e9t\u00e9 d'applications, notamment les expositions et les produits de d\u00e9coration int\u00e9rieure fonctionnels.<\/li>\n<li><strong>L\u00e9ger et pratique :\u00a0<\/strong>Le polym\u00e8re p\u00e8se moins de la moiti\u00e9 du poids du verre, ce qui le rend plus facile \u00e0 manipuler, \u00e0 transporter et \u00e0 installer. De plus, c'est un r\u00eave pour les fabricants. Ces poteaux peuvent \u00eatre commod\u00e9ment coup\u00e9s, perc\u00e9s, ponc\u00e9s, \u00e9claircis et pli\u00e9s \u00e0 chaud pour cr\u00e9er des formes et des types personnalis\u00e9s, tout en pr\u00e9servant leur honn\u00eatet\u00e9 structurelle et leur allure esth\u00e9tique.<\/li>\n<\/ul>\n<p><img decoding=\"async\" class=\"size-full wp-image-1225 aligncenter\" src=\"https:\/\/customacrylicproduct.com\/wp-content\/uploads\/2025\/07\/O1CN01Tzz01z1vK7j34EWPB_2208159816153-0-cib.jpg\" alt=\"B\u00e2ton de ligne acrylique\" width=\"800\" height=\"800\" srcset=\"https:\/\/customacrylicproduct.com\/wp-content\/uploads\/2025\/07\/O1CN01Tzz01z1vK7j34EWPB_2208159816153-0-cib.jpg 800w, https:\/\/customacrylicproduct.com\/wp-content\/uploads\/2025\/07\/O1CN01Tzz01z1vK7j34EWPB_2208159816153-0-cib-300x300.jpg 300w, https:\/\/customacrylicproduct.com\/wp-content\/uploads\/2025\/07\/O1CN01Tzz01z1vK7j34EWPB_2208159816153-0-cib-150x150.jpg 150w, https:\/\/customacrylicproduct.com\/wp-content\/uploads\/2025\/07\/O1CN01Tzz01z1vK7j34EWPB_2208159816153-0-cib-768x768.jpg 768w, https:\/\/customacrylicproduct.com\/wp-content\/uploads\/2025\/07\/O1CN01Tzz01z1vK7j34EWPB_2208159816153-0-cib-600x600.jpg 600w, https:\/\/customacrylicproduct.com\/wp-content\/uploads\/2025\/07\/O1CN01Tzz01z1vK7j34EWPB_2208159816153-0-cib-100x100.jpg 100w\" sizes=\"(max-width: 800px) 100vw, 800px\" \/><\/p>\n<p>&nbsp;<\/p>\n<p>&nbsp;<\/p>\n<h4 id=\"-release-your-creative-thinking-an-universe-of-applications-\"><strong>Lib\u00e9rez votre pens\u00e9e cr\u00e9ative : Un univers d'applications<\/strong><\/h4>\n<p>Les possibilit\u00e9s r\u00e9elles de nos b\u00e2tonnets de polym\u00e8re \u00e0 rayures rouges color\u00e9es ne sont limit\u00e9es que par votre cr\u00e9ativit\u00e9. Leur flexibilit\u00e9 en fait un \u00e9l\u00e9ment important dans une grande vari\u00e9t\u00e9 de domaines.<\/p>\n<p><strong>Pour l'artiste et le designer :\u00a0<\/strong>. Cr\u00e9ez des sculptures \u00e0 couper le souffle o\u00f9 les lignes d'ombre semblent d\u00e9fier la gravit\u00e9. Construisez des installations artistiques d\u00e9taill\u00e9es qui s'engagent avec la lumi\u00e8re ambiante, projetant des t\u00e9n\u00e8bres color\u00e9es et produisant des exp\u00e9riences visuelles vibrantes. L'esth\u00e9tique \u00e9pur\u00e9e et minimaliste est id\u00e9ale pour les objets d'art contemporain qui v\u00e9rifient les th\u00e8mes du genre, de la surface et de l'ombre.<\/p>\n<p><strong>Pour l'architecte et le concepteur de versions :\u00a0<\/strong>. Donnez vie aux mod\u00e8les de b\u00e2timents gr\u00e2ce \u00e0 des informations exceptionnelles. Utilisez les poteaux pour repr\u00e9senter des \u00e9l\u00e9ments structurels, des accents ornementaux ou des id\u00e9es abstraites telles que le flux d'informations ou les lignes d'\u00e9nergie au sein d'une structure. Leur pr\u00e9cision et leur taille r\u00e9guli\u00e8re les rendent id\u00e9aux pour produire des versions de gamme expertes, \u00e0 fort impact, qui relient correctement votre vision. Un poteau bleu fin peut repr\u00e9senter une pi\u00e8ce d'eau, tandis qu'un poteau rouge peut indiquer un faisceau lumineux structurel essentiel.<\/p>\n<p><strong>Pour les amateurs de bricolage et les bricoleurs :\u00a0<\/strong>. Faites passer vos projets d'artisanat de l'\u00e9tat artisanal \u00e0 l'\u00e9tat haut de gamme. Coupez les poteaux en grains pour obtenir des bijoux pr\u00e9cieux sensationnels et modernes. Fabriquez des tiroirs et des poign\u00e9es d'armoire uniques pour une cuisine ou un meuble personnalis\u00e9. Cr\u00e9ez des porte-photos \u00e9l\u00e9gants, des porte-stylos \u00e9l\u00e9gants ou encore les pieds d'une petite table d'appoint en acrylique. Les possibilit\u00e9s de personnalisation de votre espace et de vos productions sont illimit\u00e9es.<\/p>\n<p><strong>Pour les espaces commerciaux et les magasins :\u00a0<\/strong>. Dans le monde de la vente au d\u00e9tail visuelle, il est extr\u00eamement important d'attirer l'attention du client. Utilisez ces tiges pour cr\u00e9er des \u00e9crans d'affichage de points de vente (POP) accrocheurs, des \u00e9l\u00e9vateurs d'articles sophistiqu\u00e9s ou des enseignes uniques qui renforcent l'identification de votre marque. L'interaction de la lumi\u00e8re, de la clart\u00e9 et de l'ombre donne une impression de qualit\u00e9 sup\u00e9rieure qui peut rendre tout type d'article plus d\u00e9sirable.<\/p>\n<p><strong>Pour l'\u00e9clairage et la d\u00e9coration :\u00a0<\/strong>. Int\u00e9grez ces b\u00e2tons dans des luminaires personnalis\u00e9s. Imaginez un lustre compos\u00e9 d'un grand nombre de ces b\u00e2tons, chacun d'entre eux captant la lumi\u00e8re et produisant une lueur \u00e9tonnante et color\u00e9e. En tant qu'\u00e9l\u00e9ments d\u00e9coratifs, ils peuvent \u00eatre utilis\u00e9s comme tringles \u00e0 rideaux uniques pour les petites fen\u00eatres, comme balustres d'escalier \u00e0 la mode, ou simplement pr\u00e9par\u00e9s dans un porte-fleurs comme arrangement permanent et contemporain.<\/p>\n<p><img decoding=\"async\" class=\"size-full wp-image-1224 aligncenter\" src=\"https:\/\/customacrylicproduct.com\/wp-content\/uploads\/2025\/07\/O1CN01bTZVPL1vK7j5fOc9o_2208159816153-0-cib.jpg\" alt=\"B\u00e2ton de ligne acrylique\" width=\"800\" height=\"800\" srcset=\"https:\/\/customacrylicproduct.com\/wp-content\/uploads\/2025\/07\/O1CN01bTZVPL1vK7j5fOc9o_2208159816153-0-cib.jpg 800w, https:\/\/customacrylicproduct.com\/wp-content\/uploads\/2025\/07\/O1CN01bTZVPL1vK7j5fOc9o_2208159816153-0-cib-300x300.jpg 300w, https:\/\/customacrylicproduct.com\/wp-content\/uploads\/2025\/07\/O1CN01bTZVPL1vK7j5fOc9o_2208159816153-0-cib-150x150.jpg 150w, https:\/\/customacrylicproduct.com\/wp-content\/uploads\/2025\/07\/O1CN01bTZVPL1vK7j5fOc9o_2208159816153-0-cib-768x768.jpg 768w, https:\/\/customacrylicproduct.com\/wp-content\/uploads\/2025\/07\/O1CN01bTZVPL1vK7j5fOc9o_2208159816153-0-cib-600x600.jpg 600w, https:\/\/customacrylicproduct.com\/wp-content\/uploads\/2025\/07\/O1CN01bTZVPL1vK7j5fOc9o_2208159816153-0-cib-100x100.jpg 100w\" sizes=\"(max-width: 800px) 100vw, 800px\" \/><\/p>\n<p>&nbsp;<\/p>\n<h4 id=\"-precision-in-every-millimeter-\"><strong>La pr\u00e9cision au millim\u00e8tre pr\u00e8s<\/strong><\/h4>\n<p>Nous comprenons que pour les applications sp\u00e9cialis\u00e9es, la qualit\u00e9 sup\u00e9rieure et la constance ne sont pas n\u00e9gociables. Nos b\u00e2tons de ligne en polym\u00e8re transparent color\u00e9 sont fabriqu\u00e9s selon une proc\u00e9dure de co-extrusion avanc\u00e9e qui garantit un noyau int\u00e9rieur parfaitement centr\u00e9 et un diam\u00e8tre constant sur toute la longueur du b\u00e2ton. Chaque b\u00e2ton est minutieusement contr\u00f4l\u00e9 pour garantir l'absence de bulles, de vides et de d\u00e9fauts de surface. Les finitions sont coup\u00e9es proprement, exposant la section transversale attrayante, et la surface est polie pour obtenir une finition tr\u00e8s brillante et lisse au toucher.<\/p>\n<p>Disponibles dans une large gamme de teintes et de diam\u00e8tres courants, nos tiges offrent l'adaptabilit\u00e9 dont vous avez besoin pour tout type de projet, qu'il soit grand ou petit. Nous offrons \u00e9galement la possibilit\u00e9 de demander des tailles sur mesure, ce qui permet de minimiser les d\u00e9chets et de garantir que vous obtiendrez exactement le mat\u00e9riau dont vous avez besoin.<\/p>\n<h4 id=\"-technical-specs-\"><strong>Caract\u00e9ristiques techniques :<\/strong><\/h4>\n<ul>\n<li><strong>Produit :\u00a0<\/strong>Polym\u00e9thacrylate de m\u00e9thyle coextrud\u00e9 (PMMA) de haute qualit\u00e9.<\/li>\n<li><strong>Le cadre :\u00a0<\/strong>Tige ext\u00e9rieure solide et transparente avec un noyau interne solide et teint\u00e9.<\/li>\n<li><strong>Couleurs disponibles :\u00a0<\/strong>Crystal Clear (avec une bande rouge interne), Royal Blue, Sky Blue, Ruby Red, Sundown Orange, Canary Yellow, Deep Purple, Emerald Green, et bien d'autres encore.<\/li>\n<li><strong>Finir :\u00a0<\/strong>Surface brillante tr\u00e8s raffin\u00e9e.<\/li>\n<li><strong>Caract\u00e9ristiques :\u00a0<\/strong>R\u00e9sistant aux UV et aux intemp\u00e9ries, l\u00e9ger et facile \u00e0 produire.<\/li>\n<\/ul>\n<h4 id=\"-boost-your-vision-\"><strong>Am\u00e9liorez votre vision<\/strong><\/h4>\n<p>N'optez pas pour des mat\u00e9riaux moyens. Choisissez un produit qui motive, qui ex\u00e9cute, qui apporte une dimension unique et sophistiqu\u00e9e \u00e0 votre travail. Nos b\u00e2tonnets en acrylique transparent color\u00e9 \u00e0 rayures rouges sont plus qu'un simple mat\u00e9riau de base ; ils sont un moteur de cr\u00e9ation. Ils sont la ligne pure, l'accent dynamique et l'option claire pour toute personne cherchant \u00e0 repousser les limites du style.<\/p>\n<p>Commandez votre exemplaire d\u00e8s aujourd'hui et d\u00e9couvrez comment un simple trait d'ombre, parfaitement suspendu dans une clart\u00e9 cristalline, peut transformer votre prochain travail d'une id\u00e9e en une v\u00e9rit\u00e9 \u00e9tonnante.<\/p>","protected":false},"excerpt":{"rendered":"<p class=\"ng-star-inserted\"><span class=\"ng-star-inserted\">Ajoutez une touche de couleur vibrante avec nos b\u00e2tons de ligne en acrylique ! Chaque b\u00e2tonnet transparent et durable est dot\u00e9 d'une bande int\u00e9rieure color\u00e9e unique pour un look moderne et \u00e9poustouflant. Parfaites pour les bricolages, les mod\u00e8les architecturaux et les d\u00e9cors accrocheurs. De haute qualit\u00e9, transparents et polyvalents \u00e0 l'infini.<\/span><\/p>\n<p class=\"ng-star-inserted\">","protected":false},"featured_media":1226,"template":"","meta":{"_kad_post_transparent":"default","_kad_post_title":"","_kad_post_layout":"default","_kad_post_sidebar_id":"","_kad_post_content_style":"default","_kad_post_vertical_padding":"default","_kad_post_feature":"","_kad_post_feature_position":"","_kad_post_header":false,"_kad_post_footer":false,"_kad_post_classname":""},"product_brand":[],"product_cat":[23],"product_tag":[116],"class_list":{"0":"post-1223","1":"product","2":"type-product","3":"status-publish","4":"has-post-thumbnail","6":"product_cat-custom-acrylic-rods-tubes","7":"product_tag-colored-transparent-acrylic","9":"first","10":"instock","11":"shipping-taxable","12":"product-type-simple","13":"entry","14":"content-bg","15":"loop-entry"},"_links":{"self":[{"href":"https:\/\/customacrylicproduct.com\/fr\/wp-json\/wp\/v2\/product\/1223","targetHints":{"allow":["GET"]}}],"collection":[{"href":"https:\/\/customacrylicproduct.com\/fr\/wp-json\/wp\/v2\/product"}],"about":[{"href":"https:\/\/customacrylicproduct.com\/fr\/wp-json\/wp\/v2\/types\/product"}],"wp:featuredmedia":[{"embeddable":true,"href":"https:\/\/customacrylicproduct.com\/fr\/wp-json\/wp\/v2\/media\/1226"}],"wp:attachment":[{"href":"https:\/\/customacrylicproduct.com\/fr\/wp-json\/wp\/v2\/media?parent=1223"}],"wp:term":[{"taxonomy":"product_brand","embeddable":true,"href":"https:\/\/customacrylicproduct.com\/fr\/wp-json\/wp\/v2\/product_brand?post=1223"},{"taxonomy":"product_cat","embeddable":true,"href":"https:\/\/customacrylicproduct.com\/fr\/wp-json\/wp\/v2\/product_cat?post=1223"},{"taxonomy":"product_tag","embeddable":true,"href":"https:\/\/customacrylicproduct.com\/fr\/wp-json\/wp\/v2\/product_tag?post=1223"}],"curies":[{"name":"wp","href":"https:\/\/api.w.org\/{rel}","templated":true}]}}