{"id":1238,"date":"2025-07-18T06:18:21","date_gmt":"2025-07-18T06:18:21","guid":{"rendered":"https:\/\/customacrylicproduct.com\/?post_type=product&#038;p=1238"},"modified":"2025-07-18T06:18:21","modified_gmt":"2025-07-18T06:18:21","slug":"acrylic-side-table-modern-table-small-space-transparent","status":"publish","type":"product","link":"https:\/\/customacrylicproduct.com\/fr\/acrylic-side-table-modern-table-small-space-transparent\/","title":{"rendered":"Table d'appoint en acrylique Table moderne Petit espace Transparent"},"content":{"rendered":"<h3 id=\"the-ethereal-touch-presenting-the-modern-transparent-polymer-rolling-side-table\">La touche \u00e9th\u00e9r\u00e9e : Pr\u00e9sentation de la table d'appoint moderne en polym\u00e8re transparent<\/h3>\n<p>Sur la plan\u00e8te du design moderne, la v\u00e9ritable sophistication d\u00e9pend souvent de ce qui est cach\u00e9. Elle r\u00e9side dans l'utilisation cr\u00e9ative de la lumi\u00e8re, l'impression de surface et la combinaison harmonieuse de la forme et de la fonction. Voici la table d'appoint Polymer, une \u0153uvre d'art \u00e0 l'agencement minimaliste qui est plus qu'un simple meuble ; c'est une d\u00e9claration de raffinement moderne et une excellente option pour les espaces de vie d'aujourd'hui. Fabriqu\u00e9 en acrylique cristallin de haute qualit\u00e9, ce chariot roulant incarne la tendance de l'ameublement \u201cfant\u00f4me\u201d, avec une polyvalence in\u00e9gal\u00e9e et une esth\u00e9tique \u00e9th\u00e9r\u00e9e qui s'harmonise avec tout type de d\u00e9coration sans la contrarier.<\/p>\n<p><img fetchpriority=\"high\" decoding=\"async\" class=\"size-full wp-image-1241\" src=\"https:\/\/customacrylicproduct.com\/wp-content\/uploads\/2025\/07\/Acrylic-Side-Table-3.jpg\" alt=\"Table d&#039;appoint en acrylique 3\" width=\"800\" height=\"800\" srcset=\"https:\/\/customacrylicproduct.com\/wp-content\/uploads\/2025\/07\/Acrylic-Side-Table-3.jpg 800w, https:\/\/customacrylicproduct.com\/wp-content\/uploads\/2025\/07\/Acrylic-Side-Table-3-300x300.jpg 300w, https:\/\/customacrylicproduct.com\/wp-content\/uploads\/2025\/07\/Acrylic-Side-Table-3-150x150.jpg 150w, https:\/\/customacrylicproduct.com\/wp-content\/uploads\/2025\/07\/Acrylic-Side-Table-3-768x768.jpg 768w, https:\/\/customacrylicproduct.com\/wp-content\/uploads\/2025\/07\/Acrylic-Side-Table-3-600x600.jpg 600w, https:\/\/customacrylicproduct.com\/wp-content\/uploads\/2025\/07\/Acrylic-Side-Table-3-100x100.jpg 100w\" sizes=\"(max-width: 800px) 100vw, 800px\" \/><\/p>\n<h4 id=\"style-viewpoint-the-charm-of-invisibility\">Point de vue stylistique : Le charme de l'invisibilit\u00e9<\/h4>\n<p>Au fond, cette table d'appoint est une exp\u00e9dition d'ouverture. Toute sa structure est con\u00e7ue pour s'amuser avec la lumi\u00e8re et l'hypoth\u00e8se, produisant un effet \u201c\u00e0 peine l\u00e0\u201d qui est \u00e0 la fois fascinant et incroyablement utile. La qualit\u00e9 fantomatique de l'acrylique immacul\u00e9 lui permet de se fondre dans n'importe quel d\u00e9cor, qu'il soit ultra-moderne et minimaliste ou boh\u00e8me et diversifi\u00e9. Contrairement aux tables en bois ou en acier, lourdes et non transparentes, qui peuvent r\u00e9duire visuellement un espace, cette table transparente donne une impression d'ouverture et d'a\u00e9ration. Elle n'obstrue pas les lignes de vue et ne projette pas d'obscurit\u00e9 importante, ce qui en fait le meilleur choix de design pour les petits appartements, les espaces douillets et tous les endroits o\u00f9 il est essentiel de pr\u00e9server une impression d'espace.<\/p>\n<p>Les lignes \u00e9pur\u00e9es et la forme g\u00e9om\u00e9trique simple de la table - compos\u00e9e de deux taux circulaires soutenus par trois pieds ronds durables - sont un clin d'\u0153il aux concepts modernistes classiques. Cependant, son mat\u00e9riau sp\u00e9cial et ses performances mobiles la font entrer de plain-pied dans le XXIe si\u00e8cle. La lumi\u00e8re qui le traverse et se refl\u00e8te sur ses surfaces \u00e9pur\u00e9es apporte un \u00e9clat raffin\u00e9 \u00e0 votre espace, am\u00e9liorant la lumi\u00e8re ambiante et ajoutant une touche de glamour silencieux. C'est une pi\u00e8ce cam\u00e9l\u00e9on, qui s'adapte facilement au caract\u00e8re de son environnement tout en ajoutant sa propre touche de design raffin\u00e9.<\/p>\n<p><img decoding=\"async\" class=\"size-full wp-image-1242\" src=\"https:\/\/customacrylicproduct.com\/wp-content\/uploads\/2025\/07\/Acrylic-Side-Table-4.jpg\" alt=\"Table d&#039;appoint en acrylique 4\" width=\"800\" height=\"800\" srcset=\"https:\/\/customacrylicproduct.com\/wp-content\/uploads\/2025\/07\/Acrylic-Side-Table-4.jpg 800w, https:\/\/customacrylicproduct.com\/wp-content\/uploads\/2025\/07\/Acrylic-Side-Table-4-300x300.jpg 300w, https:\/\/customacrylicproduct.com\/wp-content\/uploads\/2025\/07\/Acrylic-Side-Table-4-150x150.jpg 150w, https:\/\/customacrylicproduct.com\/wp-content\/uploads\/2025\/07\/Acrylic-Side-Table-4-768x768.jpg 768w, https:\/\/customacrylicproduct.com\/wp-content\/uploads\/2025\/07\/Acrylic-Side-Table-4-600x600.jpg 600w, https:\/\/customacrylicproduct.com\/wp-content\/uploads\/2025\/07\/Acrylic-Side-Table-4-100x100.jpg 100w\" sizes=\"(max-width: 800px) 100vw, 800px\" \/><\/p>\n<h4 id=\"unequaled-versatility-a-table-for-every-single-space-and-reason\">Une polyvalence in\u00e9gal\u00e9e : Une table pour chaque espace et chaque raison<\/h4>\n<p>Le v\u00e9ritable atout de cette table en acrylique r\u00e9side dans son \u00e9tonnante capacit\u00e9 d'adaptation. La combinaison de son espace de rangement \u00e0 deux niveaux, de sa poign\u00e9e pratique et de ses roulettes \u00e0 roulement doux la transforme d'une table de base en une aide mobile multifonctionnelle pour chaque coin de votre maison.<\/p>\n<p><strong>Dans le salon :\u00a0<\/strong>. Placez-la \u00e0 c\u00f4t\u00e9 de votre canap\u00e9 ou de votre fauteuil pr\u00e9f\u00e9r\u00e9 pour en faire une table d'appoint tr\u00e8s tendance. Le plateau sup\u00e9rieur est le perchoir id\u00e9al pour une tasse de caf\u00e9, votre derni\u00e8re lecture ou la t\u00e9l\u00e9commande. Le plateau inf\u00e9rieur peut accueillir avec \u00e9l\u00e9gance une petite pile de publications artistiques, un objet attrayant ou une plante verte luxuriante. Vous avez besoin d'offrir des boissons \u00e0 vos visiteurs ? La poign\u00e9e int\u00e9gr\u00e9e et les roulettes vous permettent de le faire rouler facilement pour en faire un chariot de bar tendance et improvis\u00e9, contenant un shaker, des verres et une bouteille de votre alcool pr\u00e9f\u00e9r\u00e9.<\/p>\n<p><strong>Dans la salle :\u00a0<\/strong>. R\u00e9imaginez votre chevet avec cette table de nuit moderne. Son design transparent donne \u00e0 votre lieu de sommeil une impression de calme et de tranquillit\u00e9. La surface principale peut accueillir une lampe minimale, votre t\u00e9l\u00e9phone et un verre d'eau, tandis que le support inf\u00e9rieur est id\u00e9al pour ranger votre tablette \u00e9lectronique, vos produits de soin de nuit ou votre journal. Sa flexibilit\u00e9 vous permet de le d\u00e9placer facilement pour le nettoyer ou le r\u00e9organiser selon vos besoins.<\/p>\n<p><strong>Dans la salle de douche :\u00a0<\/strong>. Transformez votre salle de douche en un lieu de d\u00e9tente digne d'un spa. La nature imperm\u00e9able de l'acrylique fait de ce chariot une solution de rangement adapt\u00e9e aux atmosph\u00e8res humides. Utilisez-le pour ranger les serviettes enroul\u00e9es, les articles de salle de bains de luxe, les bougies parfum\u00e9es et les articles de toilette. Il garde tout \u00e0 port\u00e9e de main de la baignoire ou de la douche, ajoutant une touche de sophistication d'h\u00f4tel cinq \u00e9toiles \u00e0 votre r\u00e9gime quotidien.<\/p>\n<p><strong>Au bureau :\u00a0<\/strong>. En tant que chariot mobile, cette table aide \u00e0 maintenir votre bureau organis\u00e9 et fiable. Vous pouvez l'utiliser pour ranger une tablette \u00e9lectronique, des blocs-notes, des stylos et d'autres fournitures essentielles. Vous pouvez la faire rouler sous votre bureau lorsqu'elle n'est pas utilis\u00e9e ou la tirer avec vous pour acc\u00e9der facilement \u00e0 vos outils, tout en conservant une esth\u00e9tique propre et moderne qui favorise l'emphase et la pens\u00e9e cr\u00e9ative.<\/p>\n<p><strong>En tant que support de plantes ou syst\u00e8me de pr\u00e9sentation :\u00a0<\/strong>. Mettez en valeur vos plantes d'int\u00e9rieur pr\u00e9f\u00e9r\u00e9es sur ses deux degr\u00e9s, cr\u00e9ant ainsi un jardin vertical sensationnel. Les \u00e9tag\u00e8res transparentes garantissent que les deux plantes b\u00e9n\u00e9ficient d'un \u00e9clairage ad\u00e9quat. Inversement, vous pouvez l'utiliser comme pr\u00e9sentoir minimaliste pour exposer une collection d'objets d'art, de tableaux ou de souvenirs pr\u00e9cieux.<\/p>\n<p><img decoding=\"async\" class=\"aligncenter wp-image-1239 size-full\" src=\"https:\/\/customacrylicproduct.com\/wp-content\/uploads\/2025\/07\/Acrylic-Side-Table-1.jpg\" alt=\"Table d&#039;appoint en acrylique 1\" width=\"800\" height=\"800\" srcset=\"https:\/\/customacrylicproduct.com\/wp-content\/uploads\/2025\/07\/Acrylic-Side-Table-1.jpg 800w, https:\/\/customacrylicproduct.com\/wp-content\/uploads\/2025\/07\/Acrylic-Side-Table-1-300x300.jpg 300w, https:\/\/customacrylicproduct.com\/wp-content\/uploads\/2025\/07\/Acrylic-Side-Table-1-150x150.jpg 150w, https:\/\/customacrylicproduct.com\/wp-content\/uploads\/2025\/07\/Acrylic-Side-Table-1-768x768.jpg 768w, https:\/\/customacrylicproduct.com\/wp-content\/uploads\/2025\/07\/Acrylic-Side-Table-1-600x600.jpg 600w, https:\/\/customacrylicproduct.com\/wp-content\/uploads\/2025\/07\/Acrylic-Side-Table-1-100x100.jpg 100w\" sizes=\"(max-width: 800px) 100vw, 800px\" \/><\/p>\n<h4 id=\"thoughtful-engineering-and-superior-high-quality-\">Une ing\u00e9nierie r\u00e9fl\u00e9chie et une qualit\u00e9 sup\u00e9rieure<\/h4>\n<p>Cette table n'a pas qu'une apparence ; elle est construite pour durer et con\u00e7ue pour \u00eatre facile \u00e0 utiliser. Chaque \u00e9l\u00e9ment a \u00e9t\u00e9 soigneusement \u00e9tudi\u00e9 pour offrir une exp\u00e9rience individuelle remarquable.<\/p>\n<p><strong>Acrylique de haute qualit\u00e9 :\u00a0<\/strong>Fabriqu\u00e9e en acrylique (lucite) \u00e9pais, r\u00e9sistant et de premi\u00e8re qualit\u00e9, la table offre l'ouverture du verre sans en avoir la fragilit\u00e9. Elle est incassable et beaucoup plus l\u00e9g\u00e8re, ce qui la rend \u00e0 la fois plus s\u00fbre et plus facile \u00e0 d\u00e9placer. Les bords sont polis de mani\u00e8re experte pour obtenir un rev\u00eatement lisse et arrondi, ce qui garantit la s\u00e9curit\u00e9 et renforce l'aspect a\u00e9rodynamique de la table.<\/p>\n<p><strong>B\u00e2timent solide \u00e0 deux niveaux :\u00a0<\/strong>L'agencement \u00e0 deux \u00e9tag\u00e8res augmente la surface sans augmenter l'impact. Comme le montre l'image en gros plan, les pieds ronds sont reli\u00e9s \u00e0 des \u00e9l\u00e9ments en acier filet\u00e9s durables install\u00e9s dans l'acrylique. Cela garantit une structure stable, sans oscillation, qui peut \u00eatre assembl\u00e9e facilement et en toute confiance.<\/p>\n<p><strong>Ergonomie et souplesse d'utilisation :\u00a0<\/strong>La poign\u00e9e arrondie avec dignit\u00e9 n'est pas un d\u00e9tail, mais un \u00e9l\u00e9ment important du style, qui s'\u00e9tend de mani\u00e8re transparente \u00e0 partir de deux des pieds d'assistance. Il offre une prise confortable et s\u00fbre, vous permettant de pousser, tirer et guider le chariot avec un effort minime.<\/p>\n<p><strong>Roulettes \u00e0 roulement doux :\u00a0<\/strong>La mobilit\u00e9 est synonyme de flexibilit\u00e9. \u00c9quip\u00e9e de roulettes qui glissent en douceur, cette table peut \u00eatre d\u00e9plac\u00e9e d'un endroit \u00e0 l'autre d'une simple pouss\u00e9e. Qu'il s'agisse de r\u00e9organiser les meubles, de faire le m\u00e9nage ou d'apporter des rafra\u00eechissements \u00e0 vos visiteurs, sa flexibilit\u00e9 vous simplifie la vie. Selon la version, ces roulettes sont disponibles dans un rev\u00eatement transparent et argent\u00e9 \u00e9pur\u00e9 et presque invisible ou dans un noir audacieux et moderne, avec des m\u00e9canismes de fixation pour maintenir la table fermement en place lorsque c'est n\u00e9cessaire.<\/p>\n<h4 id=\"treatment-and-maintenance-\">Traitement et entretien<\/h4>\n<h4>Il est facile de pr\u00e9server l'attrait de votre table en acrylique. Pour la nettoyer, passez un chiffon doux et humide en microfibre. Pour les taches ou les empreintes digitales, un peu d'eau savonneuse suffit. \u00c9vitez d'utiliser des nettoyants abrasifs, des serviettes en papier ou des solvants chimiques comme l'ammoniaque ou l'alcool, car ils risquent d'endommager ou de ternir progressivement la surface. Avec un traitement doux, votre table conservera certainement son \u00e9clat cristallin pendant plusieurs ann\u00e9es.<\/h4>\n<h4 id=\"final-thought-redefine-your-area-\">Derni\u00e8re r\u00e9flexion : Red\u00e9finissez votre domaine<\/h4>\n<p>La table d'appoint roulante Polymer est plus qu'un simple objet d'appoint ; c'est un compl\u00e9ment flexible, \u00e9l\u00e9gant et astucieux pour la maison d'aujourd'hui. Elle r\u00e9sout la difficult\u00e9 d'ajouter une fonction aux petits espaces tout en am\u00e9liorant leur allure esth\u00e9tique. C'est une toile pour votre design, une aide mobile pour vos besoins et un murmure de sophistication contemporaine. Adoptez le pouvoir d'un style clair et laissez cette table c\u00e9leste rehausser votre d\u00e9cor, rationaliser votre vie et apporter une touche de magie lumineuse dans votre maison.<\/p>","protected":false},"excerpt":{"rendered":"<p class=\"ng-star-inserted\"><span class=\"ng-star-inserted\">\u00c9levez votre espace avec ce chic chariot \u00e0 roulettes en acrylique. Le design transparent \u00e0 deux niveaux cr\u00e9e une sensation d'a\u00e9ration, parfaite pour les petites pi\u00e8ces. Avec une poign\u00e9e facile \u00e0 saisir et des roulettes souples, cette table d'appoint moderne apporte style et fonction partout o\u00f9 vous en avez besoin.<\/span><\/p>","protected":false},"featured_media":1241,"template":"","meta":{"_kad_post_transparent":"default","_kad_post_title":"","_kad_post_layout":"default","_kad_post_sidebar_id":"","_kad_post_content_style":"default","_kad_post_vertical_padding":"default","_kad_post_feature":"","_kad_post_feature_position":"","_kad_post_header":false,"_kad_post_footer":false,"_kad_post_classname":""},"product_brand":[],"product_cat":[21],"product_tag":[123],"class_list":{"0":"post-1238","1":"product","2":"type-product","3":"status-publish","4":"has-post-thumbnail","6":"product_cat-custom-acrylic-furnitures","7":"product_tag-acrylic-side-table","9":"first","10":"instock","11":"shipping-taxable","12":"product-type-simple","13":"entry","14":"content-bg","15":"loop-entry"},"_links":{"self":[{"href":"https:\/\/customacrylicproduct.com\/fr\/wp-json\/wp\/v2\/product\/1238","targetHints":{"allow":["GET"]}}],"collection":[{"href":"https:\/\/customacrylicproduct.com\/fr\/wp-json\/wp\/v2\/product"}],"about":[{"href":"https:\/\/customacrylicproduct.com\/fr\/wp-json\/wp\/v2\/types\/product"}],"wp:featuredmedia":[{"embeddable":true,"href":"https:\/\/customacrylicproduct.com\/fr\/wp-json\/wp\/v2\/media\/1241"}],"wp:attachment":[{"href":"https:\/\/customacrylicproduct.com\/fr\/wp-json\/wp\/v2\/media?parent=1238"}],"wp:term":[{"taxonomy":"product_brand","embeddable":true,"href":"https:\/\/customacrylicproduct.com\/fr\/wp-json\/wp\/v2\/product_brand?post=1238"},{"taxonomy":"product_cat","embeddable":true,"href":"https:\/\/customacrylicproduct.com\/fr\/wp-json\/wp\/v2\/product_cat?post=1238"},{"taxonomy":"product_tag","embeddable":true,"href":"https:\/\/customacrylicproduct.com\/fr\/wp-json\/wp\/v2\/product_tag?post=1238"}],"curies":[{"name":"wp","href":"https:\/\/api.w.org\/{rel}","templated":true}]}}