{"id":1243,"date":"2025-07-18T06:30:13","date_gmt":"2025-07-18T06:30:13","guid":{"rendered":"https:\/\/customacrylicproduct.com\/?post_type=product&#038;p=1243"},"modified":"2025-07-18T06:30:13","modified_gmt":"2025-07-18T06:30:13","slug":"custom-acrylic-entryway-bench-large-rainbow-ottoman-bench","status":"publish","type":"product","link":"https:\/\/customacrylicproduct.com\/fr\/custom-acrylic-entryway-bench-large-rainbow-ottoman-bench\/","title":{"rendered":"Banc d'entr\u00e9e en acrylique sur mesure Grand banc arc-en-ciel Ottoman Bench"},"content":{"rendered":"<h3 id=\"-experience-a-spectrum-of-design-the-custom-rainbow-polymer-entryway-bench-\"><strong>Faites l'exp\u00e9rience d'un spectre de design : Le banc d'entr\u00e9e en polym\u00e8re arc-en-ciel sur mesure<\/strong><\/h3>\n<p>Entrez dans un monde o\u00f9 le mobilier d\u00e9passe la simple fonctionnalit\u00e9 pour devenir une \u0153uvre d'art \u00e0 couper le souffle. Nous vous pr\u00e9sentons le Custom Acrylic Entryway Bench, un objet radieux et sculptural con\u00e7u non seulement pour habiter un espace, mais aussi pour le transformer. Plus qu'un banc ou un ottoman, il s'agit d'un sujet de conversation, d'une d\u00e9claration de style individuel audacieux et d'une source vibrante de lumi\u00e8re et d'ombre qui revigorera certainement tout type de pi\u00e8ce qu'il embellira. Pour les personnes exigeantes qui cherchent \u00e0 combiner l'innovation ludique avec un savoir-faire impeccable, ce banc est une d\u00e9couverte exceptionnelle.<\/p>\n<p><img fetchpriority=\"high\" decoding=\"async\" class=\"size-full wp-image-1245\" src=\"https:\/\/customacrylicproduct.com\/wp-content\/uploads\/2025\/07\/Custom-Acrylic-Entryway-Bench-2.jpg\" alt=\"Banc d&#039;entr\u00e9e en acrylique sur mesure (2)\" width=\"800\" height=\"800\" srcset=\"https:\/\/customacrylicproduct.com\/wp-content\/uploads\/2025\/07\/Custom-Acrylic-Entryway-Bench-2.jpg 800w, https:\/\/customacrylicproduct.com\/wp-content\/uploads\/2025\/07\/Custom-Acrylic-Entryway-Bench-2-300x300.jpg 300w, https:\/\/customacrylicproduct.com\/wp-content\/uploads\/2025\/07\/Custom-Acrylic-Entryway-Bench-2-150x150.jpg 150w, https:\/\/customacrylicproduct.com\/wp-content\/uploads\/2025\/07\/Custom-Acrylic-Entryway-Bench-2-768x768.jpg 768w, https:\/\/customacrylicproduct.com\/wp-content\/uploads\/2025\/07\/Custom-Acrylic-Entryway-Bench-2-600x600.jpg 600w, https:\/\/customacrylicproduct.com\/wp-content\/uploads\/2025\/07\/Custom-Acrylic-Entryway-Bench-2-100x100.jpg 100w\" sizes=\"(max-width: 800px) 100vw, 800px\" \/><\/p>\n<p><strong>Une approche du design d'un modernisme joyeux<\/strong><\/p>\n<p>Au fond, le style de ce banc est un \u00e9v\u00e9nement de contraste et d'harmonie. Il s'agit d'une r\u00e9imagination vibrante de la forme intemporelle du banc, d\u00e9construite et reconstruite avec des mat\u00e9riaux de pointe et l'\u0153il d'un musicien pour la nuance. Le cadre offre un dialogue esth\u00e9tique sensationnel entre ses deux \u00e9l\u00e9ments principaux : les pieds \u00e9th\u00e9r\u00e9s et cristallins et le plateau vibrant de couleur unie.<\/p>\n<p>Les pieds sont fabriqu\u00e9s en acrylique \u00e9pais et parfaitement transparent, avec un bord ondul\u00e9 \u00e9l\u00e9gant qui stimule le doux mouvement de l'eau ou la courbe \u00e9l\u00e9gante d'un pied cabriole classique, r\u00e9interpr\u00e9t\u00e9 pour le XXIe si\u00e8cle. Leur ouverture totale produit un r\u00e9sultat merveilleux et flottant. Le plateau du banc semble flotter dans l'air, ce qui donne une impression d'agilit\u00e9 et de visibilit\u00e9 \u00e0 votre espace, en \u00e9vitant qu'il ne soit chaotique ou lourd. Ces pieds ne sont pas de simples supports, ce sont des sculptures \u00e0 part enti\u00e8re qui captent la lumi\u00e8re et la courbent de mani\u00e8re s\u00e9duisante et inattendue.<\/p>\n<p>En magnifique r\u00e9sistance \u00e0 cette transparence, le plateau du banc est une harmonie dynamique d'ombres. Compos\u00e9 d'une collection d'\u00e9paisses lamelles rectangulaires en acrylique organis\u00e9es selon un d\u00e9grad\u00e9 arc-en-ciel radieux, le plateau est un t\u00e9moignage du pouvoir de l'ombre pour stimuler l'\u00e9motion et l'\u00e9nergie. Chaque lamelle est une barre solide d'acrylique color\u00e9 de premi\u00e8re qualit\u00e9, r\u00e9duit avec pr\u00e9cision et poli pour obtenir une finition semblable \u00e0 celle d'une pierre pr\u00e9cieuse. Du magenta chaud et de l'orange ardent au jaune ensoleill\u00e9, au citron vert vif, au cyan impressionnant et au violet profond, la gamme \u00e9volue parfaitement, cr\u00e9ant une pi\u00e8ce qui stimule l'esth\u00e9tique sous tous les angles.<\/p>\n<p><img decoding=\"async\" class=\"size-full wp-image-1247\" src=\"https:\/\/customacrylicproduct.com\/wp-content\/uploads\/2025\/07\/Custom-Acrylic-Entryway-Bench-4.jpg\" alt=\"Banc d&#039;entr\u00e9e en acrylique sur mesure (4)\" width=\"800\" height=\"800\" srcset=\"https:\/\/customacrylicproduct.com\/wp-content\/uploads\/2025\/07\/Custom-Acrylic-Entryway-Bench-4.jpg 800w, https:\/\/customacrylicproduct.com\/wp-content\/uploads\/2025\/07\/Custom-Acrylic-Entryway-Bench-4-300x300.jpg 300w, https:\/\/customacrylicproduct.com\/wp-content\/uploads\/2025\/07\/Custom-Acrylic-Entryway-Bench-4-150x150.jpg 150w, https:\/\/customacrylicproduct.com\/wp-content\/uploads\/2025\/07\/Custom-Acrylic-Entryway-Bench-4-768x768.jpg 768w, https:\/\/customacrylicproduct.com\/wp-content\/uploads\/2025\/07\/Custom-Acrylic-Entryway-Bench-4-600x600.jpg 600w, https:\/\/customacrylicproduct.com\/wp-content\/uploads\/2025\/07\/Custom-Acrylic-Entryway-Bench-4-100x100.jpg 100w\" sizes=\"(max-width: 800px) 100vw, 800px\" \/><\/p>\n<p><strong>Une interaction dynamique de l'ombre et de la lumi\u00e8re<\/strong><\/p>\n<p>La fonction la plus fascinante de ce banc en acrylique est peut-\u00eatre son association avec la lumi\u00e8re. Il ne s'agit pas d'un objet fixe, mais d'une \u0153uvre d'art cin\u00e9tique qui se transforme tout au long de la journ\u00e9e. Lorsqu'il est plac\u00e9 pr\u00e8s d'une fen\u00eatre ou sous un \u00e9clairage, il prend vie. Imaginez la lumi\u00e8re du soleil matinale p\u00e9n\u00e9trant dans votre entr\u00e9e, accrochant les lamelles transparentes et teint\u00e9es. La lumi\u00e8re ne saute pas simplement, elle passe \u00e0 travers, s'impr\u00e8gne d'ombre et projette un magnifique arc-en-ciel allong\u00e9 sur votre sol et vos murs.<\/p>\n<p>Ce programme lumineux quotidien est une source de joie et d'\u00e9merveillement permanents. L'impact est celui d'un morceau de verre terni ou d'un prisme de cristal, mais avec une sensibilit\u00e9 architecturale moderne. Les lignes nettes des lamelles d\u00e9veloppent un motif de bandes rouges parall\u00e8les, un \u00e9l\u00e9ment graphique et cr\u00e9atif qui ajoute une couche suppl\u00e9mentaire de taux d'int\u00e9r\u00eat visuel. Qu'il soit baign\u00e9 par l'\u00e9clat de l'heure dor\u00e9e ou par la lumi\u00e8re \u00e9tonnante d'un apr\u00e8s-midi maussade, le banc apporte une ambiance diff\u00e9rente et un point de vue in\u00e9dit, rendant votre int\u00e9rieur encore plus vivant et dynamique.<\/p>\n<p><img decoding=\"async\" class=\"size-full wp-image-1244\" src=\"https:\/\/customacrylicproduct.com\/wp-content\/uploads\/2025\/07\/Custom-Acrylic-Entryway-Bench-1.jpg\" alt=\"Banc d&#039;entr\u00e9e en acrylique sur mesure (1)\" width=\"800\" height=\"800\" srcset=\"https:\/\/customacrylicproduct.com\/wp-content\/uploads\/2025\/07\/Custom-Acrylic-Entryway-Bench-1.jpg 800w, https:\/\/customacrylicproduct.com\/wp-content\/uploads\/2025\/07\/Custom-Acrylic-Entryway-Bench-1-300x300.jpg 300w, https:\/\/customacrylicproduct.com\/wp-content\/uploads\/2025\/07\/Custom-Acrylic-Entryway-Bench-1-150x150.jpg 150w, https:\/\/customacrylicproduct.com\/wp-content\/uploads\/2025\/07\/Custom-Acrylic-Entryway-Bench-1-768x768.jpg 768w, https:\/\/customacrylicproduct.com\/wp-content\/uploads\/2025\/07\/Custom-Acrylic-Entryway-Bench-1-600x600.jpg 600w, https:\/\/customacrylicproduct.com\/wp-content\/uploads\/2025\/07\/Custom-Acrylic-Entryway-Bench-1-100x100.jpg 100w\" sizes=\"(max-width: 800px) 100vw, 800px\" \/><\/p>\n<p><strong>Un savoir-faire de ma\u00eetre et une qualit\u00e9 sup\u00e9rieure sans compromis<\/strong><\/p>\n<p>Une pi\u00e8ce aussi frappante sur le plan visuel exige une mise en \u0153uvre de la plus haute qualit\u00e9 possible. Chaque \u00e9l\u00e9ment du banc Rainbow Acrylic Bench t\u00e9moigne d'un engagement en faveur d'une qualit\u00e9 de fabrication sup\u00e9rieure. L'acrylique utilis\u00e9 est un produit de premi\u00e8re qualit\u00e9, reconnu pour sa clart\u00e9 ph\u00e9nom\u00e9nale, sa robustesse et sa r\u00e9sistance au jaunissement progressif. Il offre l'aspect immacul\u00e9 du verre sans en avoir la fragilit\u00e9, ce qui en fait une option utile pour un mobilier fonctionnel.<\/p>\n<p>La construction est \u00e0 la fois robuste et am\u00e9lior\u00e9e. Comme le montrent les photos d\u00e9taill\u00e9es, chaque latte color\u00e9e est fix\u00e9e en toute s\u00e9curit\u00e9 aux pieds transparents \u00e0 l'aide d'un \u00e9quipement visible de premi\u00e8re qualit\u00e9. Ces vis m\u00e9talliques \u00e9l\u00e9gantes ne sont pas dissimul\u00e9es mais sont incorpor\u00e9es comme un aspect d\u00e9lib\u00e9r\u00e9 de la disposition, ajoutant une touche d'honn\u00eatet\u00e9 industrielle-chic qui fonde le style par ailleurs a\u00e9rien. Les ouvertures sont perc\u00e9es avec pr\u00e9cision, ce qui garantit un ajustement optimal et une structure solide et stable, con\u00e7ue pour durer. Les bords des pieds et des lattes sont m\u00e9ticuleusement \u00e9claircis pour \u00eatre lisses au toucher, ce qui renforce l'aspect glamour et la qualit\u00e9 sup\u00e9rieure du produit.<\/p>\n<p><strong>Une polyvalence in\u00e9gal\u00e9e : Au-del\u00e0 de l'entr\u00e9e<\/strong><\/p>\n<p>Bien qu'\u00e9tiquet\u00e9 \u201cbanc d'entr\u00e9e\u201d, son magnifique agencement et ses proportions charitables en font un objet extr\u00eamement fonctionnel, id\u00e9al pour de nombreuses applications dans la maison moderne.<\/p>\n<ul>\n<li><strong>La grande invitation :\u00a0<\/strong>Dans une entr\u00e9e ou un foyer, il donne imm\u00e9diatement le ton de la pens\u00e9e cr\u00e9ative et de l'amusement sophistiqu\u00e9. C'est l'endroit id\u00e9al pour enfiler ou enlever ses chaussures, poser son sac \u00e0 main ou simplement se pr\u00e9senter comme une \u0153uvre d'art invitante qui fait une premi\u00e8re impression durable sur les visiteurs.<\/li>\n<li><strong>La pi\u00e8ce ma\u00eetresse du salon :\u00a0<\/strong>Utilisez-le comme un grand repose-pieds ou comme une table basse unique. Sa large surface peut accueillir un plateau d\u00e9coratif contenant des boissons et des accessoires, tandis que ses couleurs vives peuvent former une boucle dans un design aux couleurs vari\u00e9es ou servir de touche d'ombre dans un espace beaucoup plus neutre.<\/li>\n<li><strong>L'oasis personnelle :\u00a0<\/strong>Placez-le au pied d'un lit de la collection principale pour une touche de chic boutique-h\u00f4tel. C'est un excellent perchoir pour souligner une tenue ou simplement apporter une touche de couleur \u00e0 votre sanctuaire individuel. Dans un dressing, il devient un accessoire de mode \u00e0 part enti\u00e8re.<\/li>\n<li><strong>Le Salon de l'innovation :\u00a0<\/strong>Dans un bureau \u00e0 domicile, un studio ou une salle de jeux, ce banc peut \u00eatre une source d'inspiration et d'imagination. Sa nature pleine d'entrain encourage les raisonnements hors des sentiers battus et apporte un sentiment de bonheur \u00e0 tout type de t\u00e2che.<\/li>\n<\/ul>\n<p><strong>Une d\u00e9claration pour chaque dessin ou mod\u00e8le<\/strong><\/p>\n<p>L'esth\u00e9tique unique de ce banc lui permet de s'int\u00e9grer parfaitement dans une s\u00e9lection de styles de d\u00e9coration int\u00e9rieure. Dans une pi\u00e8ce minimale ou moderne, il sert de pi\u00e8ce ma\u00eetresse, une explosion d'ombre sur un fond neutre et \u00e9pur\u00e9. Pour les maximalistes, c'est une \u00e2me s\u0153ur, qui s'associe \u00e0 un ensemble de motifs et de textures audacieux. Dans une maison aux influences Hollywood Regency ou glam, sa surface brillante et ses teintes vives s'int\u00e8grent parfaitement \u00e0 la maison. Il offre m\u00eame un contrepoint moderne, \u00e0 la fois choquant et merveilleux, dans les espaces extra standard ou de transition.<\/p>\n<p><strong>Achetez des \u0153uvres d'art que vous pouvez supporter<\/strong><\/p>\n<p>Le banc d'entr\u00e9e en acrylique personnalis\u00e9 est plus qu'un simple meuble. C'est un investissement dans le bonheur, une sculpture pratique et un t\u00e9moignage de la beaut\u00e9 d'un design ing\u00e9nieux. Il s'adresse \u00e0 ceux qui n'ont pas peur de la couleur, qui appr\u00e9cient le travail bien fait et qui pensent que les choses dont nous nous entourons doivent nous inspirer au quotidien. Apportez ce spectre de design dans votre maison et observez comment il charge votre espace de lumi\u00e8re, de vie et d'individualit\u00e9 illimit\u00e9e.<\/p>","protected":false},"excerpt":{"rendered":"<p>Illuminez votre espace avec ce banc en acrylique arc-en-ciel personnalis\u00e9. \u0152uvre d'art fonctionnelle, ses lattes translucides et vibrantes projettent de magnifiques ombres color\u00e9es. Ce superbe ottoman est une pi\u00e8ce d'apparat moderne pour n'importe quelle entr\u00e9e, ajoutant instantan\u00e9ment une touche ludique et chic.<\/p>","protected":false},"featured_media":1245,"template":"","meta":{"_kad_post_transparent":"default","_kad_post_title":"","_kad_post_layout":"default","_kad_post_sidebar_id":"","_kad_post_content_style":"default","_kad_post_vertical_padding":"default","_kad_post_feature":"","_kad_post_feature_position":"","_kad_post_header":false,"_kad_post_footer":false,"_kad_post_classname":""},"product_brand":[],"product_cat":[21],"product_tag":[126],"class_list":{"0":"post-1243","1":"product","2":"type-product","3":"status-publish","4":"has-post-thumbnail","6":"product_cat-custom-acrylic-furnitures","7":"product_tag-acrylic-entryway-bench","9":"first","10":"instock","11":"shipping-taxable","12":"product-type-simple","13":"entry","14":"content-bg","15":"loop-entry"},"_links":{"self":[{"href":"https:\/\/customacrylicproduct.com\/fr\/wp-json\/wp\/v2\/product\/1243","targetHints":{"allow":["GET"]}}],"collection":[{"href":"https:\/\/customacrylicproduct.com\/fr\/wp-json\/wp\/v2\/product"}],"about":[{"href":"https:\/\/customacrylicproduct.com\/fr\/wp-json\/wp\/v2\/types\/product"}],"wp:featuredmedia":[{"embeddable":true,"href":"https:\/\/customacrylicproduct.com\/fr\/wp-json\/wp\/v2\/media\/1245"}],"wp:attachment":[{"href":"https:\/\/customacrylicproduct.com\/fr\/wp-json\/wp\/v2\/media?parent=1243"}],"wp:term":[{"taxonomy":"product_brand","embeddable":true,"href":"https:\/\/customacrylicproduct.com\/fr\/wp-json\/wp\/v2\/product_brand?post=1243"},{"taxonomy":"product_cat","embeddable":true,"href":"https:\/\/customacrylicproduct.com\/fr\/wp-json\/wp\/v2\/product_cat?post=1243"},{"taxonomy":"product_tag","embeddable":true,"href":"https:\/\/customacrylicproduct.com\/fr\/wp-json\/wp\/v2\/product_tag?post=1243"}],"curies":[{"name":"wp","href":"https:\/\/api.w.org\/{rel}","templated":true}]}}