{"id":1248,"date":"2025-07-18T06:43:45","date_gmt":"2025-07-18T06:43:45","guid":{"rendered":"https:\/\/customacrylicproduct.com\/?post_type=product&#038;p=1248"},"modified":"2025-07-18T06:44:07","modified_gmt":"2025-07-18T06:44:07","slug":"custom-acrylic-display-riser-barbell-pedestal-display-riser","status":"publish","type":"product","link":"https:\/\/customacrylicproduct.com\/fr\/custom-acrylic-display-riser-barbell-pedestal-display-riser\/","title":{"rendered":"Support de pr\u00e9sentation en acrylique personnalis\u00e9 Support de pr\u00e9sentation avec pi\u00e9destal pour halt\u00e8res"},"content":{"rendered":"<h3 id=\"elevate-your-display-the-custom-polymer-barbell-pedestal-riser-for-discerning-collectors-and-retailers\">\u00c9levez votre \u00e9talage : Le socle d'halt\u00e8res en polym\u00e8re sur mesure pour les collectionneurs et les d\u00e9taillants exigeants<\/h3>\n<p>Dans un monde rempli d'informations visuelles, la mani\u00e8re dont un objet existe est tout aussi essentielle que l'objet lui-m\u00eame. Une montre de valeur, un chapeau caract\u00e9ristique ou un objet de collection de grande valeur peut perdre de son effet s'il est d\u00e9pos\u00e9 sur une surface plane ou dans un environnement d\u00e9sordonn\u00e9. Le v\u00e9ritable style d\u00e9pend de l'altitude et de la concentration. Voici le Polymer Present Riser, un support cr\u00e9\u00e9 de main de ma\u00eetre qui transforme n'importe quel produit en point de mire et n'importe quel type de pi\u00e8ce en galerie d'art.<\/p>\n<p>Avec les lignes nettes et \u00e9quilibr\u00e9es d'un poids moderne, cette collection d'\u00e9l\u00e9vateurs pour pr\u00e9sentoirs est la combinaison parfaite d'un design minimaliste et d'une polyvalence optimale. Que vous soyez un professionnel de la vente au d\u00e9tail d\u00e9sireux de cr\u00e9er des pr\u00e9sentoirs de produits captivants ou un passionn\u00e9 d\u00e9sireux de reconna\u00eetre ses prix, ces pi\u00e9destaux offrent la sc\u00e8ne id\u00e9ale.<\/p>\n<p><img fetchpriority=\"high\" decoding=\"async\" class=\"size-full wp-image-1249\" src=\"https:\/\/customacrylicproduct.com\/wp-content\/uploads\/2025\/07\/Custom-Acrylic-Display-1.jpg\" alt=\"Pr\u00e9sentoir en acrylique personnalis\u00e9 (1)\" width=\"800\" height=\"800\" srcset=\"https:\/\/customacrylicproduct.com\/wp-content\/uploads\/2025\/07\/Custom-Acrylic-Display-1.jpg 800w, https:\/\/customacrylicproduct.com\/wp-content\/uploads\/2025\/07\/Custom-Acrylic-Display-1-300x300.jpg 300w, https:\/\/customacrylicproduct.com\/wp-content\/uploads\/2025\/07\/Custom-Acrylic-Display-1-150x150.jpg 150w, https:\/\/customacrylicproduct.com\/wp-content\/uploads\/2025\/07\/Custom-Acrylic-Display-1-768x768.jpg 768w, https:\/\/customacrylicproduct.com\/wp-content\/uploads\/2025\/07\/Custom-Acrylic-Display-1-600x600.jpg 600w, https:\/\/customacrylicproduct.com\/wp-content\/uploads\/2025\/07\/Custom-Acrylic-Display-1-100x100.jpg 100w\" sizes=\"(max-width: 800px) 100vw, 800px\" \/><\/p>\n<p><strong>Une philosophie du design minimaliste<\/strong><\/p>\n<p>Le design de base de notre colonne montante est d'une simplicit\u00e9 d\u00e9lib\u00e9r\u00e9e. La forme en \u201cpoids\u201d, compos\u00e9e de deux disques parfaitement ronds reli\u00e9s par une colonne centrale lisse, est une \u00e9tude de la puret\u00e9 g\u00e9om\u00e9trique. Ce style n'est pas accidentel ; il est con\u00e7u pour mettre en valeur, et non pour subjuguer. Le support devient un partenaire paisible et solidaire du produit qu'il contient, attirant le regard sur votre produit ou votre objet de collection. Ses lignes \u00e9pur\u00e9es et son style minimaliste lui permettent de s'int\u00e9grer parfaitement dans n'importe quel environnement, qu'il s'agisse d'un magasin de d\u00e9tail hypermoderne, d'un bureau de recherche traditionnel en bois ou d'un dressing chic.<\/p>\n<p><strong>La puissance de l'acrylique de premi\u00e8re qualit\u00e9 : Un choix d'expressions<\/strong><\/p>\n<p>Fabriqu\u00e9s \u00e0 partir d'un acrylique de pointe et robuste, ces \u00e9l\u00e9vateurs offrent l'aspect avanc\u00e9 du verre sans sa fragilit\u00e9. Nous proposons deux rev\u00eatements uniques pour r\u00e9pondre \u00e0 vos exigences visuelles particuli\u00e8res :.<\/p>\n<ul>\n<li><strong>Polym\u00e8re cristallin :\u00a0<\/strong>Pour les perfectionnistes qui souhaitent un effet \u00e9th\u00e9r\u00e9, \u201c\u00e0 la d\u00e9rive\u201d. La transparence de cette option, qui ressemble \u00e0 du verre, fait pratiquement dispara\u00eetre le stand et met l'accent sur le produit expos\u00e9. Il d\u00e9veloppe une sensation de lumi\u00e8re et d'espace, ce qui le rend id\u00e9al pour les environnements a\u00e9r\u00e9s et modernes ou lorsque vous souhaitez que les couleurs et les informations de votre article rayonnent sans interruption. Comme dans le cas du fedora de classe, le support transparent offre un soutien s\u00fbr et fiable tout en permettant \u00e0 la structure et \u00e0 la forme du chapeau d'\u00eatre la c\u00e9l\u00e9brit\u00e9.<\/li>\n<li><strong>Polym\u00e8re noir avanc\u00e9 :\u00a0<\/strong>Pour ceux qui recherchent l'effet dramatique, le contraste et une touche de haut de gamme. Le rev\u00eatement noir profond et opaque offre un arri\u00e8re-plan puissant qui fait ressortir les couleurs, les m\u00e9taux et les pierres pr\u00e9cieuses avec un \u00e9clat \u00e9tonnant. Lorsqu'il est utilis\u00e9 pour pr\u00e9senter une montre en or ou en argent, comme le montrent les images, le socle noir cr\u00e9e une comparaison frappante qui associe valeur et qualit\u00e9 exceptionnelle. Il s'agit d'une option vibrante et confiante pour les bijoux haut de gamme, les gadgets modernes ou tout autre objet que vous souhaitez doter d'un air d'exclusivit\u00e9.<\/li>\n<\/ul>\n<p><img decoding=\"async\" class=\"size-full wp-image-1252\" src=\"https:\/\/customacrylicproduct.com\/wp-content\/uploads\/2025\/07\/Custom-Acrylic-Display-4.jpg\" alt=\"Pr\u00e9sentoir en acrylique personnalis\u00e9 (4)\" width=\"800\" height=\"800\" srcset=\"https:\/\/customacrylicproduct.com\/wp-content\/uploads\/2025\/07\/Custom-Acrylic-Display-4.jpg 800w, https:\/\/customacrylicproduct.com\/wp-content\/uploads\/2025\/07\/Custom-Acrylic-Display-4-300x300.jpg 300w, https:\/\/customacrylicproduct.com\/wp-content\/uploads\/2025\/07\/Custom-Acrylic-Display-4-150x150.jpg 150w, https:\/\/customacrylicproduct.com\/wp-content\/uploads\/2025\/07\/Custom-Acrylic-Display-4-768x768.jpg 768w, https:\/\/customacrylicproduct.com\/wp-content\/uploads\/2025\/07\/Custom-Acrylic-Display-4-600x600.jpg 600w, https:\/\/customacrylicproduct.com\/wp-content\/uploads\/2025\/07\/Custom-Acrylic-Display-4-100x100.jpg 100w\" sizes=\"(max-width: 800px) 100vw, 800px\" \/><\/p>\n<p><strong>Une flexibilit\u00e9 in\u00e9gal\u00e9e : Une repr\u00e9sentation de chaque conte<\/strong><\/p>\n<p>La v\u00e9rit\u00e9, c'est que l'\u00e9l\u00e9vateur de poids pour pi\u00e9destal est d'une commodit\u00e9 sans limite. Commercialis\u00e9 sous la forme d'un trin\u00f4me d'\u00e9l\u00e9vations d\u00e9cal\u00e9es, il vous invite \u00e0 devenir un musicien du merchandising, en cr\u00e9ant des \u00e9crans d'affichage vibrants \u00e0 plusieurs niveaux, qui sont visuellement attrayants et spatialement fiables.<\/p>\n<ul>\n<li><strong>Pour l'atmosph\u00e8re de la vente au d\u00e9tail :<\/strong><\/li>\n<li><strong>Boutiques de bijoux pr\u00e9cieux et de montres :\u00a0<\/strong>Ne vous contentez pas de simples plateaux en velours. Placez vos pi\u00e8ces ma\u00eetresses - un chronographe de marque, un bracelet de tennis en diamants ou un collier de prestige - sur des pi\u00e9destaux sp\u00e9cifiques. Les diff\u00e9rentes \u00e9l\u00e9vations vous permettent de d\u00e9velopper un parcours esth\u00e9tique pour vos consommateurs, en dirigeant leurs yeux d'une pi\u00e8ce magnifique \u00e0 l'autre dans votre vitrine.<\/li>\n<li><strong>Magasins de style et d'accessoires :\u00a0<\/strong>Ces supports changent la donne pour les appareils. Comme on peut le voir, ils servent de supports id\u00e9aux pour les chapeaux, pr\u00e9servant la forme fragile d'un fedora, d'une cloche ou d'un fascinateur tout en l'offrant comme un objet d'art portable. Ils sont \u00e9galement parfaits pour mettre en valeur les sacs de cr\u00e9ateurs, les portefeuilles de luxe, les ceintures haut de gamme ou m\u00eame les lunettes de soleil haut de gamme.<\/li>\n<li><strong>Boutiques et magasins de cadeaux :\u00a0<\/strong>Pr\u00e9sentez des parfums artisanaux, des bougies fabriqu\u00e9es \u00e0 la main, de petites sculptures ou des objets d\u00e9coratifs uniques. Les pr\u00e9sentoirs ajoutent une valeur per\u00e7ue et une touche d'expertise qui peuvent rehausser l'atmosph\u00e8re de l'ensemble de votre boutique.<\/li>\n<li><strong>Convention commerciale et expositions :\u00a0<\/strong>L\u00e9gers, faciles \u00e0 assembler et \u00e0 mettre au go\u00fbt du jour, ces stands constituent un service mobile pour la r\u00e9alisation d'un stand \u00e0 fort impact. Pr\u00e9parez vos articles cl\u00e9s sur les \u00e9l\u00e9vateurs afin d'attirer l'attention et de vous d\u00e9marquer des concurrents.<\/li>\n<li><strong>Pour la maison et la collection personnelle :\u00a0<\/strong>.<\/li>\n<li><strong>Le fanatique des montres :\u00a0<\/strong>Donnez \u00e0 vos montres ch\u00e9ries la place qu'elles m\u00e9ritent. Plut\u00f4t que de les garder cach\u00e9es dans une bo\u00eete, exposez-les sur votre commode ou votre \u00e9tag\u00e8re. Chaque support devient un tr\u00f4ne d\u00e9di\u00e9 \u00e0 une montre, transformant votre collection en un objet de style utile.<\/li>\n<li><strong>La garde-robe de la fashionista :\u00a0<\/strong>Am\u00e9nagez votre pi\u00e8ce de rangement ou votre meuble-lavabo avec un style in\u00e9gal\u00e9. Utilisez les supports les plus hauts pour vos chapeaux pr\u00e9f\u00e9r\u00e9s et les plus courts pour les pochettes, les bijoux pr\u00e9cieux ou les flacons de parfum. Il s'agit d'une am\u00e9lioration imm\u00e9diate qui conf\u00e8re une impression de luxe \u00e0 votre espace personnel.<\/li>\n<li><strong>Le coin de l'agence de recouvrement :\u00a0<\/strong>Que vous accumuliez des figurines de porcelaine complexes, des \u00e9chantillons g\u00e9ologiques, des souvenirs d'activit\u00e9s sportives ou des jouets artistiques personnalis\u00e9s, ces supports offrent une pr\u00e9sentation de qualit\u00e9 mus\u00e9ale \u00e0 laquelle vous avez droit. Le polym\u00e8re transparent est excellent pour une vision \u00e0 360 degr\u00e9s, tandis que le noir offre une toile de fond significative pour les pi\u00e8ces de d\u00e9tail.<\/li>\n<\/ul>\n<p><img decoding=\"async\" class=\"size-full wp-image-1253\" src=\"https:\/\/customacrylicproduct.com\/wp-content\/uploads\/2025\/07\/Custom-Acrylic-Display-5.jpg\" alt=\"Pr\u00e9sentoir en acrylique personnalis\u00e9 (5)\" width=\"800\" height=\"800\" srcset=\"https:\/\/customacrylicproduct.com\/wp-content\/uploads\/2025\/07\/Custom-Acrylic-Display-5.jpg 800w, https:\/\/customacrylicproduct.com\/wp-content\/uploads\/2025\/07\/Custom-Acrylic-Display-5-300x300.jpg 300w, https:\/\/customacrylicproduct.com\/wp-content\/uploads\/2025\/07\/Custom-Acrylic-Display-5-150x150.jpg 150w, https:\/\/customacrylicproduct.com\/wp-content\/uploads\/2025\/07\/Custom-Acrylic-Display-5-768x768.jpg 768w, https:\/\/customacrylicproduct.com\/wp-content\/uploads\/2025\/07\/Custom-Acrylic-Display-5-600x600.jpg 600w, https:\/\/customacrylicproduct.com\/wp-content\/uploads\/2025\/07\/Custom-Acrylic-Display-5-100x100.jpg 100w\" sizes=\"(max-width: 800px) 100vw, 800px\" \/><\/p>\n<p><strong>Une construction m\u00e9ticuleuse et des d\u00e9tails bien pens\u00e9s\u00a0<\/strong><\/p>\n<p>Chaque aspect de ce support d'\u00e9cran a \u00e9t\u00e9 pens\u00e9 pour la stabilit\u00e9, la robustesse et l'exp\u00e9rience de l'utilisateur. Le syst\u00e8me de vissage de base vous permet de l'installer ou de le ranger en quelques secondes, sans aucun outil. La base large et ronde offre un centre de gravit\u00e9 bas, garantissant une s\u00e9curit\u00e9 exceptionnelle, m\u00eame pour les objets plus hauts.<\/p>\n<p>En regardant de plus pr\u00e8s la base, vous d\u00e9couvrirez une autre marque de qualit\u00e9 sup\u00e9rieure : de petits pieds en caoutchouc tr\u00e8s discrets. Ces patins antid\u00e9rapants garantissent que le support reste bien en place et, plus important encore, prot\u00e8gent vos surfaces d\u00e9licates - qu'il s'agisse de verre, de bois brillant ou de marbre - de toute \u00e9raflure \u00e9ventuelle. Cette petite information t\u00e9moigne d'un style qui privil\u00e9gie \u00e0 la fois la forme et la fonction.<\/p>\n<p><strong>La personnalisation : Votre vision, notre m\u00e9tier<\/strong><\/p>\n<p>Le mot \u201cCustom\u201d dans le nom de notre produit est une promesse. Bien que les collections transparentes et noires soient d'une commodit\u00e9 \u00e9tonnante, nous comprenons que les marques et les collections sp\u00e9ciales peuvent avoir des besoins distincts. Nous proposons des options de personnalisation pour donner vie \u00e0 votre vision. Renseignez-vous sur les \u00e9l\u00e9vations personnalis\u00e9es pour une adaptation parfaite \u00e0 votre cas, sur les diff\u00e9rentes tailles pour le syst\u00e8me principal, et m\u00eame sur les diff\u00e9rentes couleurs d'acrylique comme le blanc givr\u00e9 ou les teintes dynamiques sp\u00e9cifiques \u00e0 la marque. Pour les entreprises ou les feuilles \u00e0 scandale, nous pouvons \u00e9tudier les possibilit\u00e9s de gravure au laser d'un logo sur la base, cr\u00e9ant ainsi un recours \u00e0 l'\u00e9cran vraiment sur mesure.<\/p>\n<p><strong>Investir dans la discussion<\/strong><\/p>\n<p>Le pr\u00e9sentoir \u00e0 poids en polym\u00e8re personnalis\u00e9 est plus qu'un simple support ; c'est un investissement financier dans la discussion. C'est un outil de narration, de hi\u00e9rarchisation de l'importance et de transformation du d\u00e9sordre en une collection soign\u00e9e. Ne laissez plus vos plus beaux objets se fondre dans l'histoire. Donnez-leur les feux de la rampe qu'ils r\u00e9clament et profitez-en pour enregistrer l'attention et l'admiration qu'ils m\u00e9ritent. Commandez votre collection d\u00e8s aujourd'hui et \u00e9levez votre globe.<\/p>","protected":false},"excerpt":{"rendered":"<p class=\"ng-star-inserted\"><span class=\"ng-star-inserted\">Mettez votre collection en valeur avec style gr\u00e2ce \u00e0 nos supports de pr\u00e9sentation en acrylique. Cet ensemble de 3 socles de diff\u00e9rentes hauteurs est parfait pour mettre en valeur des montres, des bijoux, des chapeaux et bien plus encore. Le design \u00e9pur\u00e9 et moderne ajoute une touche professionnelle \u00e0 tout \u00e9talage de vente au d\u00e9tail ou \u00e0 la maison. Disponible en transparent ou en noir.<\/span><\/p>","protected":false},"featured_media":1249,"template":"","meta":{"_kad_post_transparent":"default","_kad_post_title":"","_kad_post_layout":"default","_kad_post_sidebar_id":"","_kad_post_content_style":"default","_kad_post_vertical_padding":"default","_kad_post_feature":"","_kad_post_feature_position":"","_kad_post_header":false,"_kad_post_footer":false,"_kad_post_classname":""},"product_brand":[],"product_cat":[15],"product_tag":[127],"class_list":{"0":"post-1248","1":"product","2":"type-product","3":"status-publish","4":"has-post-thumbnail","6":"product_cat-custom-acrylic-displays","7":"product_tag-acrylic-display","9":"first","10":"instock","11":"shipping-taxable","12":"product-type-simple","13":"entry","14":"content-bg","15":"loop-entry"},"_links":{"self":[{"href":"https:\/\/customacrylicproduct.com\/fr\/wp-json\/wp\/v2\/product\/1248","targetHints":{"allow":["GET"]}}],"collection":[{"href":"https:\/\/customacrylicproduct.com\/fr\/wp-json\/wp\/v2\/product"}],"about":[{"href":"https:\/\/customacrylicproduct.com\/fr\/wp-json\/wp\/v2\/types\/product"}],"wp:featuredmedia":[{"embeddable":true,"href":"https:\/\/customacrylicproduct.com\/fr\/wp-json\/wp\/v2\/media\/1249"}],"wp:attachment":[{"href":"https:\/\/customacrylicproduct.com\/fr\/wp-json\/wp\/v2\/media?parent=1248"}],"wp:term":[{"taxonomy":"product_brand","embeddable":true,"href":"https:\/\/customacrylicproduct.com\/fr\/wp-json\/wp\/v2\/product_brand?post=1248"},{"taxonomy":"product_cat","embeddable":true,"href":"https:\/\/customacrylicproduct.com\/fr\/wp-json\/wp\/v2\/product_cat?post=1248"},{"taxonomy":"product_tag","embeddable":true,"href":"https:\/\/customacrylicproduct.com\/fr\/wp-json\/wp\/v2\/product_tag?post=1248"}],"curies":[{"name":"wp","href":"https:\/\/api.w.org\/{rel}","templated":true}]}}