{"id":1259,"date":"2025-07-18T07:17:47","date_gmt":"2025-07-18T07:17:47","guid":{"rendered":"https:\/\/customacrylicproduct.com\/?post_type=product&#038;p=1259"},"modified":"2025-07-18T08:22:55","modified_gmt":"2025-07-18T08:22:55","slug":"custom-acrylic-crafts-christian-jesus-gift-for-women-men","status":"publish","type":"product","link":"https:\/\/customacrylicproduct.com\/fr\/custom-acrylic-crafts-christian-jesus-gift-for-women-men\/","title":{"rendered":"Artisanat en acrylique personnalis\u00e9 Chr\u00e9tien J\u00e9sus Cadeau pour Femmes Hommes"},"content":{"rendered":"<h3 id=\"-a-sign-of-belief-the-personalized-acrylic-christian-cross-a-timeless-gift-of-scripture-and-grace-\"><strong>Un signe de foi : La croix chr\u00e9tienne personnalis\u00e9e en acrylique - Un cadeau intemporel de l'\u00c9criture et de la gr\u00e2ce<\/strong><\/h3>\n<p>Dans un monde qui semble souvent bruyant et impr\u00e9visible, o\u00f9 trouvons-nous notre point d'ancrage ? Pour des millions de personnes, la r\u00e9ponse repose sur la solidit\u00e9 de la foi - une ressource silencieuse et constante d'espoir, de courage et d'assistance. Nous sommes fiers de pr\u00e9senter un cadeau qui non seulement incarne cet esprit, mais lui donne vie avec un charme spectaculaire : le\u00a0<strong>Croix chr\u00e9tienne en acrylique personnalis\u00e9e\u00a0<\/strong>. Il ne s'agit pas d'un simple objet d\u00e9coratif, mais d'un profond t\u00e9moignage de foi, d'un rappel quotidien des assurances de Dieu et d'un souvenir personnalis\u00e9 con\u00e7u pour motiver et stimuler le c\u0153ur pendant de nombreuses ann\u00e9es.<\/p>\n<p>Con\u00e7u pour les femmes et les hommes qui tiennent \u00e0 leur confiance, ce charmant objet associe un symbolisme chr\u00e9tien intemporel \u00e0 un art contemporain sophistiqu\u00e9. C'est le cadeau id\u00e9al pour comm\u00e9morer les minutes les plus spirituelles de la vie, offrir une motivation dans les moments difficiles ou simplement servir de pi\u00e8ce ma\u00eetresse de d\u00e9votion dans n'importe quel type de maison ou de bureau.<\/p>\n<p><img fetchpriority=\"high\" decoding=\"async\" class=\"wp-image-1260 size-large aligncenter\" src=\"https:\/\/customacrylicproduct.com\/wp-content\/uploads\/2025\/07\/Custom-Acrylic-Crafts-1-1024x1024.jpg\" alt=\"Artisanat en acrylique sur mesure (1)\" width=\"1024\" height=\"1024\" srcset=\"https:\/\/customacrylicproduct.com\/wp-content\/uploads\/2025\/07\/Custom-Acrylic-Crafts-1-1024x1024.jpg 1024w, https:\/\/customacrylicproduct.com\/wp-content\/uploads\/2025\/07\/Custom-Acrylic-Crafts-1-300x300.jpg 300w, https:\/\/customacrylicproduct.com\/wp-content\/uploads\/2025\/07\/Custom-Acrylic-Crafts-1-150x150.jpg 150w, https:\/\/customacrylicproduct.com\/wp-content\/uploads\/2025\/07\/Custom-Acrylic-Crafts-1-768x768.jpg 768w, https:\/\/customacrylicproduct.com\/wp-content\/uploads\/2025\/07\/Custom-Acrylic-Crafts-1-600x600.jpg 600w, https:\/\/customacrylicproduct.com\/wp-content\/uploads\/2025\/07\/Custom-Acrylic-Crafts-1-100x100.jpg 100w, https:\/\/customacrylicproduct.com\/wp-content\/uploads\/2025\/07\/Custom-Acrylic-Crafts-1.jpg 1500w\" sizes=\"(max-width: 1024px) 100vw, 1024px\" \/><\/p>\n<p><strong>Une qualit\u00e9 de fabrication impressionnante, un attrait \u00e9th\u00e9r\u00e9<\/strong><\/p>\n<p>D\u00e8s que vous la tenez, la haute qualit\u00e9 de cette croix est \u00e9vidente. Chaque article est taill\u00e9 avec pr\u00e9cision dans un acrylique cristallin de premi\u00e8re qualit\u00e9 qui simule la beaut\u00e9 immacul\u00e9e et la sensation consid\u00e9rable du verre, tout en offrant une long\u00e9vit\u00e9 et une r\u00e9sistance \u00e0 l'\u00e9clatement sup\u00e9rieures. Les c\u00f4t\u00e9s sont m\u00e9ticuleusement biseaut\u00e9s et polis pour obtenir une surface impeccable, permettant \u00e0 la lumi\u00e8re de passer \u00e0 travers et de se r\u00e9fracter, produisant une lueur qui semble \u00e9maner de l'int\u00e9rieur.<\/p>\n<p>Pos\u00e9e avec bonheur sur une base solide et stable, la croix r\u00e9git une pr\u00e9sence douce mais efficace. Sa nature claire signifie la puret\u00e9 du c\u0153ur et la qualit\u00e9 de la foi, tandis que sa forme classique honore le principe central du christianisme - le sacrifice extr\u00eame et l'amour sans limite de J\u00e9sus-Christ. Il s'agit d'un objet con\u00e7u non seulement pour \u00eatre vu, mais aussi pour \u00eatre v\u00e9cu ; un lien tactile avec les engagements spirituels qu'il repr\u00e9sente.<\/p>\n<p><img decoding=\"async\" class=\"wp-image-1262 size-large aligncenter\" src=\"https:\/\/customacrylicproduct.com\/wp-content\/uploads\/2025\/07\/Custom-Acrylic-Crafts-3-1024x1024.jpg\" alt=\"Artisanat en acrylique sur mesure (3)\" width=\"1024\" height=\"1024\" srcset=\"https:\/\/customacrylicproduct.com\/wp-content\/uploads\/2025\/07\/Custom-Acrylic-Crafts-3-1024x1024.jpg 1024w, https:\/\/customacrylicproduct.com\/wp-content\/uploads\/2025\/07\/Custom-Acrylic-Crafts-3-300x300.jpg 300w, https:\/\/customacrylicproduct.com\/wp-content\/uploads\/2025\/07\/Custom-Acrylic-Crafts-3-150x150.jpg 150w, https:\/\/customacrylicproduct.com\/wp-content\/uploads\/2025\/07\/Custom-Acrylic-Crafts-3-768x768.jpg 768w, https:\/\/customacrylicproduct.com\/wp-content\/uploads\/2025\/07\/Custom-Acrylic-Crafts-3-600x600.jpg 600w, https:\/\/customacrylicproduct.com\/wp-content\/uploads\/2025\/07\/Custom-Acrylic-Crafts-3-100x100.jpg 100w, https:\/\/customacrylicproduct.com\/wp-content\/uploads\/2025\/07\/Custom-Acrylic-Crafts-3.jpg 1500w\" sizes=\"(max-width: 1024px) 100vw, 1024px\" \/><\/p>\n<p><strong>Le c\u0153ur du probl\u00e8me : L'\u00c9criture vivante<\/strong><\/p>\n<p>Ce qui distingue vraiment cette croix, c'est l'assimilation profond\u00e9ment personnelle et esth\u00e9tiquement magnifique de la Parole de Dieu. Gr\u00e2ce \u00e0 un proc\u00e9d\u00e9 d'impression moderne, les \u00e9critures spirituelles sont pr\u00e9sent\u00e9es dans une \u00e9criture sophistiqu\u00e9e et mobile, semblant flotter gracieusement sur la surface claire. Cette \u00e9criture est compl\u00e9t\u00e9e par des illustrations vivantes en couleur qui am\u00e9liorent la d\u00e9finition du verset choisi. Les images fournies illustrent deux exemples puissants de cette cr\u00e9ativit\u00e9 personnalis\u00e9e :.<\/p>\n<p><strong>1. La croix du tournesol (Josu\u00e9 1:9) :\u00a0<\/strong>. \u201dSois fort et audacieux. N'h\u00e9site pas, ne te d\u00e9courage pas, car l'\u00c9ternel, ton Dieu, sera avec toi partout o\u00f9 tu iras\u201d. - Josu\u00e9 1:9.<\/p>\n<p>Ce style est un bastion de t\u00e9nacit\u00e9 et d'encouragement. Une croix rustique en bois est orn\u00e9e d'une composition dynamique de tournesols. Les tournesols, connus pour tourner leur visage vers la lumi\u00e8re du soleil, sont une belle m\u00e9taphore du c\u0153ur chr\u00e9tien qui se transforme en direction de la lumi\u00e8re de Dieu pour se nourrir et se guider. Ils symbolisent l'adoration, l'engagement et la foi in\u00e9branlable. Associ\u00e9e \u00e0 de fragiles papillons - ic\u00f4nes mondiales de l'am\u00e9lioration, de la r\u00e9surrection et de la vie nouvelle - l'imagerie renforce puissamment le message de Josu\u00e9 1:9. Ce verset est un commandement divin pour faire face avec endurance et sans anxi\u00e9t\u00e9, enracin\u00e9 dans la garantie de la pr\u00e9sence continue de Dieu. Cette croix est le cadeau id\u00e9al pour quelqu'un qui commence un nouveau voyage, qui fait face \u00e0 un d\u00e9fi personnel, qui est dipl\u00f4m\u00e9 et qui se lance dans le monde, ou pour toute personne qui recherche une dose quotidienne de nerf divin.<\/p>\n<p><strong>2. La Rose-Croix blanche (Adages 3:5 -6) :\u00a0<\/strong>. \u201dCompte sur l'\u00c9ternel de tout ton c\u0153ur et ne t'appuie pas sur ta propre intelligence ; dans toutes tes voies, reconnais-le, et il rendra tes voies directes.\u201d - Adages 3:5 -6.<\/p>\n<p>Ce mod\u00e8le diff\u00e9rent utilise un message de confiance sereine et de soutien divin. Il pr\u00e9sente un arrangement \u00e9l\u00e9gant de fragiles roses blanches et de tendres feuilles respectueuses de l'environnement. Les roses blanches sont impr\u00e9gn\u00e9es de symbolisme, repr\u00e9sentant la puret\u00e9, les nouveaux d\u00e9parts, la r\u00e9v\u00e9rence et l'amour incroyable. Cette imagerie capture parfaitement la signification de Sayings 3:5 -6, un flux pr\u00e9cieux qui demande un abandon total et la croyance dans le plan de Dieu. Le papillon unique qui volette \u00e0 proximit\u00e9 repr\u00e9sente une fois de plus la transformation charmante qui se produit lorsque nous nous lib\u00e9rons et permettons \u00e0 Dieu d'orienter nos vies. Cette croix est un cadeau incroyablement attentionn\u00e9 pour les c\u00e9l\u00e9brations de mariage, les anniversaires de mariage, les bapt\u00eames, ou pour toute personne naviguant dans une dur\u00e9e de prise de d\u00e9cision, leur rappelant que leur chemin est guid\u00e9 par une main aimante.<\/p>\n<p><img decoding=\"async\" class=\"wp-image-1263 size-large aligncenter\" src=\"https:\/\/customacrylicproduct.com\/wp-content\/uploads\/2025\/07\/Custom-Acrylic-Crafts-4-1024x1024.jpg\" alt=\"Artisanat en acrylique sur mesure (4)\" width=\"1024\" height=\"1024\" srcset=\"https:\/\/customacrylicproduct.com\/wp-content\/uploads\/2025\/07\/Custom-Acrylic-Crafts-4-1024x1024.jpg 1024w, https:\/\/customacrylicproduct.com\/wp-content\/uploads\/2025\/07\/Custom-Acrylic-Crafts-4-300x300.jpg 300w, https:\/\/customacrylicproduct.com\/wp-content\/uploads\/2025\/07\/Custom-Acrylic-Crafts-4-150x150.jpg 150w, https:\/\/customacrylicproduct.com\/wp-content\/uploads\/2025\/07\/Custom-Acrylic-Crafts-4-768x768.jpg 768w, https:\/\/customacrylicproduct.com\/wp-content\/uploads\/2025\/07\/Custom-Acrylic-Crafts-4-600x600.jpg 600w, https:\/\/customacrylicproduct.com\/wp-content\/uploads\/2025\/07\/Custom-Acrylic-Crafts-4-100x100.jpg 100w, https:\/\/customacrylicproduct.com\/wp-content\/uploads\/2025\/07\/Custom-Acrylic-Crafts-4.jpg 1500w\" sizes=\"(max-width: 1024px) 100vw, 1024px\" \/><\/p>\n<p><strong>Un cadeau absolument personnel : Le pouvoir de la personnalisation<\/strong><\/p>\n<p>Bien que ces deux mod\u00e8les soient puissants en soi, le v\u00e9ritable charme de cet article r\u00e9side dans sa possibilit\u00e9 de personnalisation. Plus qu'un simple cadeau pr\u00e9-fabriqu\u00e9, il s'agit d'une possibilit\u00e9 de d\u00e9velopper un prix unique en son genre. Vous pouvez choisir la bible qui vous parle le plus, \u00e0 vous ou au destinataire. Pensez \u00e0 offrir une croix grav\u00e9e avec une connaissance de confirmation pr\u00e9f\u00e9r\u00e9e, un flux pr\u00e9cieux qui a apport\u00e9 du r\u00e9confort pendant une p\u00e9riode difficile, ou la connaissance de la Sainte Bible qui a \u00e9t\u00e9 lue lors d'un mariage. Ce degr\u00e9 de personnalisation transforme un objet magnifique en un h\u00e9ritage de croyance remarquable et profond\u00e9ment utile.<\/p>\n<p><strong>Le cadeau id\u00e9al pour chaque c\u00e9l\u00e9bration chr\u00e9tienne<\/strong><\/p>\n<p>L'adaptabilit\u00e9 et la signification profonde de cette croix en polym\u00e8re personnalis\u00e9e en font un excellent cadeau chr\u00e9tien pour une grande vari\u00e9t\u00e9 de c\u00e9l\u00e9brations :.<\/p>\n<ul>\n<li><strong>Bapt\u00eame, bapteme ou d\u00e9dicace :\u00a0<\/strong>Un joli souvenir pour honorer le d\u00e9but d'une vie de foi.<\/li>\n<li><strong>Premi\u00e8re communion et v\u00e9rification :\u00a0<\/strong>Un cadeau qui souligne une action importante dans le cheminement spirituel d'un jeune adulte.<\/li>\n<li><strong>Mariages et anniversaires :\u00a0<\/strong>Un symbole d'une union centr\u00e9e sur le Christ et un rappel du maintien de la foi au c\u0153ur du mariage.<\/li>\n<li><strong>Dipl\u00f4me d'\u00e9tudes sup\u00e9rieures :\u00a0<\/strong>Un message d'adieu motivant, informant le dipl\u00f4m\u00e9 que Dieu est avec lui dans la suite de sa vie.<\/li>\n<li><strong>Sympathie et deuil :\u00a0<\/strong>Un rappel doux et rassurant de la vie \u00e9ternelle et de la pr\u00e9sence de Dieu pendant une p\u00e9riode de perte.<\/li>\n<li><strong>Se r\u00e9tablir et s'inspirer :\u00a0<\/strong>Un signe d'espoir et d'endurance pour ceux qui font face \u00e0 la maladie ou \u00e0 l'adversit\u00e9.<\/li>\n<li><strong>No\u00ebl, P\u00e2ques et Journ\u00e9e de reconnaissance des pr\u00eatres :\u00a0<\/strong>Un cadeau attentionn\u00e9 et respectueux qui honore la signification r\u00e9elle de ces \u00e9v\u00e9nements sacr\u00e9s.<\/li>\n<li><strong>\u201d M\u00eame si\u201d :\u00a0<\/strong>L'un des cadeaux les plus puissants est g\u00e9n\u00e9ralement celui que l'on n'attend pas - un geste spontan\u00e9 pour informer un ami proche, une maman, un papa, une s\u0153ur ou un fr\u00e8re qu'on l'appr\u00e9cie et qu'on prie pour lui.<\/li>\n<\/ul>\n<p><strong>Un point central de la d\u00e9votion quotidienne<\/strong><\/p>\n<p>Fabriqu\u00e9e pour l'\u00e9cran, cette croix trouvera certainement sa place dans n'importe quel environnement, agissant comme un rappel constant et doux de faire une pause, de se montrer et de prier. Mettez-la sur un :.<\/p>\n<ul>\n<li><strong>Table de chevet :\u00a0<\/strong>Commencer et terminer chaque journ\u00e9e par un message de foi.<\/li>\n<li><strong>Bureau :\u00a0<\/strong>Une source de tranquillit\u00e9 et de perspective tout au long d'une journ\u00e9e de travail bien remplie.<\/li>\n<li><strong>Manteau ou \u00e9tag\u00e8re de salon :\u00a0<\/strong>Une d\u00e9claration de confiance qui embellit votre maison.<\/li>\n<li><strong>Coin de pri\u00e8re ou \u00e9tude :\u00a0<\/strong>D\u00e9velopper un espace concentr\u00e9 et sacr\u00e9 pour l'engagement.<\/li>\n<\/ul>\n<p>Offrez un cadeau qui va au-del\u00e0 du mat\u00e9riel. Offrez une \u0153uvre d'art qui parle au c\u0153ur. La croix chr\u00e9tienne en acrylique fabriqu\u00e9e sur mesure est plus qu'une d\u00e9coration ; c'est une nouveaut\u00e9, une ressource d'endurance et une ic\u00f4ne claire et lumineuse de l'amour et des assurances in\u00e9branlables de Dieu. Commandez la v\u00f4tre aujourd'hui et offrez une balise d'espoir intemporelle qui sera certainement appr\u00e9ci\u00e9e pendant toute une vie.<\/p>","protected":false},"excerpt":{"rendered":"<p class=\"ng-star-inserted\"><span class=\"ng-star-inserted\">Une \u00e9l\u00e9gante croix en acrylique, un cadeau chr\u00e9tien parfait pour les femmes et les hommes. Magnifiquement grav\u00e9e d'un verset biblique \u00e9difiant et d'un motif de tournesol vibrant, cette croix est un rappel quotidien de la foi et du courage. Une d\u00e9coration attentionn\u00e9e pour tout bureau ou \u00e9tag\u00e8re.<\/span><\/p>","protected":false},"featured_media":1260,"template":"","meta":{"_kad_post_transparent":"default","_kad_post_title":"","_kad_post_layout":"default","_kad_post_sidebar_id":"","_kad_post_content_style":"default","_kad_post_vertical_padding":"default","_kad_post_feature":"","_kad_post_feature_position":"","_kad_post_header":false,"_kad_post_footer":false,"_kad_post_classname":""},"product_brand":[],"product_cat":[20],"product_tag":[129],"class_list":{"0":"post-1259","1":"product","2":"type-product","3":"status-publish","4":"has-post-thumbnail","6":"product_cat-custom-acrylic-crafts","7":"product_tag-acrylic-crafts","9":"first","10":"instock","11":"shipping-taxable","12":"product-type-simple","13":"entry","14":"content-bg","15":"loop-entry"},"_links":{"self":[{"href":"https:\/\/customacrylicproduct.com\/fr\/wp-json\/wp\/v2\/product\/1259","targetHints":{"allow":["GET"]}}],"collection":[{"href":"https:\/\/customacrylicproduct.com\/fr\/wp-json\/wp\/v2\/product"}],"about":[{"href":"https:\/\/customacrylicproduct.com\/fr\/wp-json\/wp\/v2\/types\/product"}],"wp:featuredmedia":[{"embeddable":true,"href":"https:\/\/customacrylicproduct.com\/fr\/wp-json\/wp\/v2\/media\/1260"}],"wp:attachment":[{"href":"https:\/\/customacrylicproduct.com\/fr\/wp-json\/wp\/v2\/media?parent=1259"}],"wp:term":[{"taxonomy":"product_brand","embeddable":true,"href":"https:\/\/customacrylicproduct.com\/fr\/wp-json\/wp\/v2\/product_brand?post=1259"},{"taxonomy":"product_cat","embeddable":true,"href":"https:\/\/customacrylicproduct.com\/fr\/wp-json\/wp\/v2\/product_cat?post=1259"},{"taxonomy":"product_tag","embeddable":true,"href":"https:\/\/customacrylicproduct.com\/fr\/wp-json\/wp\/v2\/product_tag?post=1259"}],"curies":[{"name":"wp","href":"https:\/\/api.w.org\/{rel}","templated":true}]}}