{"id":1264,"date":"2025-07-18T07:33:46","date_gmt":"2025-07-18T07:33:46","guid":{"rendered":"https:\/\/customacrylicproduct.com\/?post_type=product&#038;p=1264"},"modified":"2025-07-18T07:33:46","modified_gmt":"2025-07-18T07:33:46","slug":"custom-acrylic-sun-glass-tray-sun-glass-storage-organizer","status":"publish","type":"product","link":"https:\/\/customacrylicproduct.com\/fr\/custom-acrylic-sun-glass-tray-sun-glass-storage-organizer\/","title":{"rendered":"Plateau de verre solaire en acrylique personnalis\u00e9 Organisateur de rangement de verre solaire"},"content":{"rendered":"<h3 id=\"-transform-your-collection-from-turmoil-to-chic-the-ultimate-customized-acrylic-sunglass-coordinator-\"><strong>Transformez votre collection de Turmoil \u00e0 Chic : L'ultime coordinateur de lunettes de soleil personnalis\u00e9es en acrylique<\/strong><\/h3>\n<p>Vos lunettes de soleil sont plus qu'une simple protection contre le soleil ; elles sont une affirmation de votre style, un \u00e9l\u00e9ment essentiel qui compl\u00e8te une tenue et une collection que vous avez soigneusement constitu\u00e9e au fil du temps. Qu'il s'agisse de pilots ou de wayfarers intemporels ou de grandes lunettes vibrantes, chaque paire repr\u00e9sente un aspect de votre individualit\u00e9. Mais comment conserver ces objets pr\u00e9cieux ? Sont-ils \u00e9parpill\u00e9s dans une commode, enchev\u00eatr\u00e9s dans une armoire contenant des secrets et des produits de beaut\u00e9, ou en \u00e9quilibre pr\u00e9caire sur une table de nuit, vuln\u00e9rables aux \u00e9raflures, \u00e0 la poussi\u00e8re et aux dommages ? Il est temps de mettre fin au d\u00e9sordre et d'offrir \u00e0 vos lunettes l'endroit classe et ordonn\u00e9 qu'elles devraient avoir.<\/p>\n<p>Pr\u00e9sentation de la\u00a0<strong>Porte-lunettes et organisateur de rangement en polym\u00e8re sur mesure\u00a0<\/strong>- une classe de ma\u00eetre en mati\u00e8re de design minimal et de fonctionnalit\u00e9s. Il ne s'agit pas d'une simple bo\u00eete, mais d'une mallette, d'un abri de s\u00e9curit\u00e9 et d'un outil de travail innovant con\u00e7u pour am\u00e9liorer votre espace et rationaliser votre vie.<\/p>\n<p><img fetchpriority=\"high\" decoding=\"async\" class=\"size-full wp-image-1265\" src=\"https:\/\/customacrylicproduct.com\/wp-content\/uploads\/2025\/07\/Acrylic-Tray-1.jpg\" alt=\"Plateau en acrylique (1)\" width=\"800\" height=\"800\" srcset=\"https:\/\/customacrylicproduct.com\/wp-content\/uploads\/2025\/07\/Acrylic-Tray-1.jpg 800w, https:\/\/customacrylicproduct.com\/wp-content\/uploads\/2025\/07\/Acrylic-Tray-1-300x300.jpg 300w, https:\/\/customacrylicproduct.com\/wp-content\/uploads\/2025\/07\/Acrylic-Tray-1-150x150.jpg 150w, https:\/\/customacrylicproduct.com\/wp-content\/uploads\/2025\/07\/Acrylic-Tray-1-768x768.jpg 768w, https:\/\/customacrylicproduct.com\/wp-content\/uploads\/2025\/07\/Acrylic-Tray-1-600x600.jpg 600w, https:\/\/customacrylicproduct.com\/wp-content\/uploads\/2025\/07\/Acrylic-Tray-1-100x100.jpg 100w\" sizes=\"(max-width: 800px) 100vw, 800px\" \/><\/p>\n<h4 id=\"-a-vision-of-clearness-and-order-\"><strong>Une vision de clart\u00e9 et d'ordre<\/strong><\/h4>\n<p>Imaginez que vous commenciez votre journ\u00e9e avec une qualit\u00e9 irr\u00e9prochable. Au lieu de chercher fr\u00e9n\u00e9tiquement le jeu de lunettes de soleil id\u00e9al, vous \u00eates accueilli par un \u00e9cran sensationnel et ordonn\u00e9. Chaque paire se d\u00e9tend dans son propre espace d\u00e9di\u00e9, visible d'un seul coup d'\u0153il. C'est l'exp\u00e9rience que vous offre notre plateau \u00e0 lunettes de soleil en acrylique.<\/p>\n<p>Fabriqu\u00e9 \u00e0 partir du meilleur acrylique cristallin, ce coordonnateur est con\u00e7u pour \u00eatre \u00e0 la fois visible et invisible. Sa nature transparente permet \u00e0 votre magnifique collection d'\u00eatre la star du programme. Les lignes \u00e9pur\u00e9es et la structure lisse donnent un aspect lisse et contemporain qui s'accorde avec tout type de d\u00e9coration, du minimalisme moderne au glamour hollywoodien classique. Contrairement aux situations encombrantes et non transparentes qui dissimulent votre collection, notre plateau transforme vos lunettes de soleil en un objet d'art utile, transformant votre vanit\u00e9, votre \u00e9tag\u00e8re de placard ou le dessus de votre armoire en un magasin individuel.<\/p>\n<p><img decoding=\"async\" class=\"wp-image-1267 size-large\" src=\"https:\/\/customacrylicproduct.com\/wp-content\/uploads\/2025\/07\/Acrylic-Tray-3-1-1024x1024.jpg\" alt=\"Plateau en acrylique (3)\" width=\"1024\" height=\"1024\" srcset=\"https:\/\/customacrylicproduct.com\/wp-content\/uploads\/2025\/07\/Acrylic-Tray-3-1-1024x1024.jpg 1024w, https:\/\/customacrylicproduct.com\/wp-content\/uploads\/2025\/07\/Acrylic-Tray-3-1-300x300.jpg 300w, https:\/\/customacrylicproduct.com\/wp-content\/uploads\/2025\/07\/Acrylic-Tray-3-1-150x150.jpg 150w, https:\/\/customacrylicproduct.com\/wp-content\/uploads\/2025\/07\/Acrylic-Tray-3-1-768x768.jpg 768w, https:\/\/customacrylicproduct.com\/wp-content\/uploads\/2025\/07\/Acrylic-Tray-3-1-1536x1536.jpg 1536w, https:\/\/customacrylicproduct.com\/wp-content\/uploads\/2025\/07\/Acrylic-Tray-3-1-600x600.jpg 600w, https:\/\/customacrylicproduct.com\/wp-content\/uploads\/2025\/07\/Acrylic-Tray-3-1-100x100.jpg 100w, https:\/\/customacrylicproduct.com\/wp-content\/uploads\/2025\/07\/Acrylic-Tray-3-1.jpg 1600w\" sizes=\"(max-width: 1024px) 100vw, 1024px\" \/><\/p>\n<h4 id=\"-uncompromising-security-for-your-financial-investment-\"><strong>Une s\u00e9curit\u00e9 sans compromis pour vos investissements financiers<\/strong><\/h4>\n<p>Vos lunettes sont un investissement. Chaque verre est une merveille de conception optique, et chaque structure est un travail fragile de style. Notre organisateur de lunettes de soleil a \u00e9t\u00e9 con\u00e7u pour prot\u00e9ger cet investissement. Le plateau comprend de nombreux compartiments de tailles diff\u00e9rentes qui accueillent chaque paire de lunettes de soleil individuellement. Cette s\u00e9paration judicieuse permet d'\u00e9viter la principale cause d'endommagement des lunettes : les \u00e9raflures. Fini les lentilles qui se frottent les unes contre les autres ou qui sont \u00e9rafl\u00e9es par d'autres produits dans un tiroir encombr\u00e9.<\/p>\n<p>La construction en acrylique solide constitue un obstacle inflexible et s\u00fbr contre les chocs et les tensions inattendus qui peuvent faire fl\u00e9chir ou casser les structures fragiles. En gardant vos lunettes de soleil bien organis\u00e9es, vous les prot\u00e9gez \u00e9galement de la poussi\u00e8re et des particules qui peuvent se d\u00e9poser sur les verres et s'infiltrer dans les charni\u00e8res d\u00e9licates. Chaque zone fonctionne comme une collection priv\u00e9e pour vos lunettes, garantissant qu'elles resteront en parfait \u00e9tat pendant des ann\u00e9es.<\/p>\n<figure id=\"attachment_1266\" aria-describedby=\"caption-attachment-1266\" style=\"width: 1024px\" class=\"wp-caption aligncenter\"><img decoding=\"async\" class=\"wp-image-1266 size-large\" src=\"https:\/\/customacrylicproduct.com\/wp-content\/uploads\/2025\/07\/Acrylic-Tray-2-1-1024x1024.jpg\" alt=\"Plateau en acrylique (2)\" width=\"1024\" height=\"1024\" srcset=\"https:\/\/customacrylicproduct.com\/wp-content\/uploads\/2025\/07\/Acrylic-Tray-2-1-1024x1024.jpg 1024w, https:\/\/customacrylicproduct.com\/wp-content\/uploads\/2025\/07\/Acrylic-Tray-2-1-300x300.jpg 300w, https:\/\/customacrylicproduct.com\/wp-content\/uploads\/2025\/07\/Acrylic-Tray-2-1-150x150.jpg 150w, https:\/\/customacrylicproduct.com\/wp-content\/uploads\/2025\/07\/Acrylic-Tray-2-1-768x768.jpg 768w, https:\/\/customacrylicproduct.com\/wp-content\/uploads\/2025\/07\/Acrylic-Tray-2-1-1536x1536.jpg 1536w, https:\/\/customacrylicproduct.com\/wp-content\/uploads\/2025\/07\/Acrylic-Tray-2-1-600x600.jpg 600w, https:\/\/customacrylicproduct.com\/wp-content\/uploads\/2025\/07\/Acrylic-Tray-2-1-100x100.jpg 100w, https:\/\/customacrylicproduct.com\/wp-content\/uploads\/2025\/07\/Acrylic-Tray-2-1.jpg 1920w\" sizes=\"(max-width: 1024px) 100vw, 1024px\" \/><figcaption id=\"caption-attachment-1266\" class=\"wp-caption-text\">Plateau en acrylique (2)<\/figcaption><\/figure>\n<h4 id=\"-beyond-sunglasses-a-cosmos-of-company-\"><strong>Au-del\u00e0 des lunettes de soleil : Un cosmos d'entreprises<\/strong><\/h4>\n<p>Bien qu'il soit parfaitement con\u00e7u pour les lunettes de soleil, le g\u00e9nie de cet organisateur r\u00e9side dans son incroyable polyvalence - un concept que l'on retrouve dans toute notre gamme d'options d'affaires en acrylique. Le m\u00eame design ordonn\u00e9 et compartiment\u00e9 qui met de l'ordre dans vos lunettes peut changer d'autres aspects de votre vie.<\/p>\n<ul>\n<li><strong>Pour les porteurs de lunettes :\u00a0<\/strong>Gardez vos lunettes d'analyse, vos lunettes d'ordinateur et vos lunettes de prescription organis\u00e9es et facilement accessibles. Placez-le sur votre bureau ou votre table de nuit pour un support \u00e9l\u00e9gant et judicieux.<\/li>\n<li><strong>Pour les amateurs de montres :\u00a0<\/strong>Les espaces sont parfaitement dimensionn\u00e9s pour accueillir les montres, les s\u00e9curiser d\u00e8s le d\u00e9part et pr\u00e9senter votre collection avec la sophistication d'une instance d'expert en joaillerie de premi\u00e8re qualit\u00e9.<\/li>\n<li><strong>Pour les passionn\u00e9s de bijoux fantaisie :\u00a0<\/strong>Dites adieu aux colliers tordus et aux boucles d'oreilles manquantes. Utilisez le plateau pour ranger les bracelets volumineux, les broches de d\u00e9claration, les grosses bagues et divers autres accessoires qui ne conviennent pas aux bo\u00eetes \u00e0 bijoux classiques.<\/li>\n<li><strong>Pour l'amateur de maquillage :\u00a0<\/strong>Pr\u00e9parez vos rouges \u00e0 l\u00e8vres pr\u00e9f\u00e9r\u00e9s, de petites palettes d'ombres \u00e0 paupi\u00e8res ou des contenants de vernis \u00e0 ongles pour une pr\u00e9sentation de vanit\u00e9 \u00e0 la fois \u00e9tonnante et efficace.<\/li>\n<li><strong>Pour les professionnels de la cr\u00e9ation :\u00a0<\/strong>Comme le montrent nos organisateurs de bureau correspondants, l'acrylique apporte de la clart\u00e9 \u00e0 votre espace de travail. Utilisez ce plateau pour ranger les produits de bricolage, les surligneurs, le ruban adh\u00e9sif washi, les pinces \u00e0 reliure ou d'autres petits articles de papeterie, afin que votre bureau reste minimaliste et que votre esprit reste concentr\u00e9.<\/li>\n<\/ul>\n<p>Ce plateau fait partie d'une gamme coh\u00e9rente d'outils professionnels con\u00e7us pour apporter de l'harmonie et du design \u00e0 tous les coins de votre bureau ou de votre maison. Associez-le \u00e0 nos corbeilles \u00e0 courrier en acrylique, \u00e0 nos porte-stylos et \u00e0 nos coordonnateurs \u00e0 plusieurs niveaux pour cr\u00e9er un syst\u00e8me fusionn\u00e9 et avanc\u00e9, aussi \u00e9tonnant que pratique.<\/p>\n<h4 id=\"-the-power-of-customization-\"><strong>Le pouvoir de la personnalisation<\/strong><\/h4>\n<p>Nous comprenons que chaque collection et chaque zone est unique. C'est pourquoi nous offrons l'assurance du \u201csur mesure\u201d. Le plateau de base \u00e0 8 compartiments est un excellent point de d\u00e9part, mais vos besoins peuvent \u00eatre diff\u00e9rents. Vous avez une collection importante qui n\u00e9cessite beaucoup plus d'emplacements ? Vous avez besoin d'un plateau plus long et plus fin pour l'ins\u00e9rer compl\u00e8tement dans une armoire sp\u00e9cifique ou sur une \u00e9tag\u00e8re \u00e9troite ? Nous pouvons travailler avec vous pour personnaliser les dimensions, la vari\u00e9t\u00e9 des compartiments et l'agencement g\u00e9n\u00e9ral afin de produire une solution de stockage vraiment personnalis\u00e9e. Ce niveau de personnalisation garantit que votre coordinateur n'est pas simplement un produit que vous achetez, mais un \u00e9l\u00e9ment int\u00e9gr\u00e9 \u00e0 votre environnement individuel.<\/p>\n<h4 id=\"-made-permanently-constructed-to-last-\"><strong>Fabriqu\u00e9 en permanence, construit pour durer<\/strong><\/h4>\n<p>Nos coordonnateurs sont fabriqu\u00e9s en acrylique de premi\u00e8re qualit\u00e9 et durable, et non en plastique l\u00e9ger et \u00e9conomique. Cette option de produit offre un certain nombre d'avantages distincts :.<\/p>\n<ul>\n<li><strong>Clart\u00e9 sup\u00e9rieure :\u00a0<\/strong>Il poss\u00e8de une qualit\u00e9 optique qui rivalise avec le verre, sans en avoir la fragilit\u00e9.<\/li>\n<li><strong>Long\u00e9vit\u00e9 :\u00a0<\/strong>Il est r\u00e9sistant aux chocs et beaucoup plus robuste que le plastique de forme courante, ce qui garantit qu'il ne se fracturera pas et ne jaunira pas au fil du temps.<\/li>\n<li><strong>L\u00e9ger :\u00a0<\/strong>Malgr\u00e9 sa robustesse, l'acrylique est l\u00e9ger, ce qui permet de le d\u00e9placer et de le r\u00e9organiser facilement en fonction de l'\u00e9volution de vos besoins.<\/li>\n<li><strong>Facile \u00e0 nettoyer :\u00a0<\/strong>Un simple nettoyage \u00e0 l'aide d'une serviette douce et humide suffit pour que votre organiseur conserve son aspect neuf et impeccable.<\/li>\n<\/ul>\n<p>Il s'agit d'un produit con\u00e7u pour un usage quotidien - une pi\u00e8ce classique qui vous offrira certainement la perfection pendant de nombreuses ann\u00e9es.<\/p>\n<h4 id=\"-elevate-your-day-to-day-\"><strong>Am\u00e9liorez votre quotidien<\/strong><\/h4>\n<p>Le plateau \u00e0 lunettes de soleil en acrylique fait sur mesure est plus qu'un simple rangement. C'est un engagement en faveur d'un mode de vie organis\u00e9. C'est la sensation de calme qui \u00e9mane d'un espace d\u00e9sencombr\u00e9. C'est le petit plaisir de voir vos superbes objets pr\u00e9sent\u00e9s avec soin. C'est une d\u00e9claration sur l'importance que vous accordez \u00e0 vos biens et \u00e0 votre satisfaction.<\/p>\n<p>Cessez de cacher votre design. Cessez de chercher au jour le jour. Laissez votre collection briller.<\/p>\n<p>Commandez d\u00e8s aujourd'hui votre porte-lunettes en polym\u00e8re personnalis\u00e9 et d\u00e9couvrez la fusion parfaite de la beaut\u00e9, de la d\u00e9fense et de la compagnie. Offrez \u00e0 vos appareils pr\u00e9cieux la place qu'ils m\u00e9ritent.<\/p>","protected":false},"excerpt":{"rendered":"<p class=\"ng-star-inserted\"><span class=\"ng-star-inserted\">Exposez vos lunettes avec style ! Notre plateau de lunettes de soleil en acrylique transparent personnalis\u00e9 organise et prot\u00e8ge votre collection. Gr\u00e2ce \u00e0 ses multiples compartiments, il garde les lunettes \u00e0 l'abri des rayures et les rend faciles \u00e0 trouver. Une solution de rangement \u00e9l\u00e9gante pour tout meuble ou tiroir.<\/span><\/p>","protected":false},"featured_media":1265,"template":"","meta":{"_kad_post_transparent":"default","_kad_post_title":"","_kad_post_layout":"default","_kad_post_sidebar_id":"","_kad_post_content_style":"default","_kad_post_vertical_padding":"default","_kad_post_feature":"","_kad_post_feature_position":"","_kad_post_header":false,"_kad_post_footer":false,"_kad_post_classname":""},"product_brand":[],"product_cat":[22],"product_tag":[130],"class_list":{"0":"post-1264","1":"product","2":"type-product","3":"status-publish","4":"has-post-thumbnail","6":"product_cat-custom-acrylic-trays","7":"product_tag-acrylic-sun-glass-tray","9":"first","10":"instock","11":"shipping-taxable","12":"product-type-simple","13":"entry","14":"content-bg","15":"loop-entry"},"_links":{"self":[{"href":"https:\/\/customacrylicproduct.com\/fr\/wp-json\/wp\/v2\/product\/1264","targetHints":{"allow":["GET"]}}],"collection":[{"href":"https:\/\/customacrylicproduct.com\/fr\/wp-json\/wp\/v2\/product"}],"about":[{"href":"https:\/\/customacrylicproduct.com\/fr\/wp-json\/wp\/v2\/types\/product"}],"wp:featuredmedia":[{"embeddable":true,"href":"https:\/\/customacrylicproduct.com\/fr\/wp-json\/wp\/v2\/media\/1265"}],"wp:attachment":[{"href":"https:\/\/customacrylicproduct.com\/fr\/wp-json\/wp\/v2\/media?parent=1264"}],"wp:term":[{"taxonomy":"product_brand","embeddable":true,"href":"https:\/\/customacrylicproduct.com\/fr\/wp-json\/wp\/v2\/product_brand?post=1264"},{"taxonomy":"product_cat","embeddable":true,"href":"https:\/\/customacrylicproduct.com\/fr\/wp-json\/wp\/v2\/product_cat?post=1264"},{"taxonomy":"product_tag","embeddable":true,"href":"https:\/\/customacrylicproduct.com\/fr\/wp-json\/wp\/v2\/product_tag?post=1264"}],"curies":[{"name":"wp","href":"https:\/\/api.w.org\/{rel}","templated":true}]}}