{"id":1269,"date":"2025-07-18T07:56:11","date_gmt":"2025-07-18T07:56:11","guid":{"rendered":"https:\/\/customacrylicproduct.com\/?post_type=product&#038;p=1269"},"modified":"2025-07-18T07:56:11","modified_gmt":"2025-07-18T07:56:11","slug":"acrylic-door-signs-for-push-pull-signage-in-supermarkets","status":"publish","type":"product","link":"https:\/\/customacrylicproduct.com\/fr\/acrylic-door-signs-for-push-pull-signage-in-supermarkets\/","title":{"rendered":"Panneaux de porte en acrylique pour la signalisation Push Pull dans les supermarch\u00e9s"},"content":{"rendered":"<h3 id=\"-elevate-your-area-costs-polymer-door-signage-for-unmistakable-clearness-and-style-\"><strong>Am\u00e9liorez votre espace : Co\u00fbts des plaques de porte en polym\u00e8re pour une clart\u00e9 et un style incomparables<\/strong><\/h3>\n<p>Dans le monde des environnements commerciaux, de la vente au d\u00e9tail et des entreprises, chaque d\u00e9tail contribue \u00e0 l'exp\u00e9rience g\u00e9n\u00e9rale. De l'\u00e9clairage au format, les aspects de votre espace communiquent un message sur la qualit\u00e9 sup\u00e9rieure, le professionnalisme et la fiabilit\u00e9 de votre marque, ainsi que sur l'importance accord\u00e9e \u00e0 l'information. La signal\u00e9tique est l'un des \u00e9l\u00e9ments les plus importants et les plus souvent n\u00e9glig\u00e9s. Une signalisation claire et bien con\u00e7ue n'est pas seulement un besoin utile ; c'est un \u00e9l\u00e9ment fondamental de la navigation, de la s\u00e9curit\u00e9 et de la communication visuelle.<\/p>\n<p>Nous sommes heureux de vous pr\u00e9senter notre collection de plaques de porte en polym\u00e8re, con\u00e7ues avec diligence pour r\u00e9pondre aux exigences des espaces modernes. Cette gamme polyvalente, qui comprend des panneaux \u201cPush\/Pull\u201d essentiels et des identificateurs de salle avanc\u00e9s tels que \u201cBoardroom\u201d, est le meilleur rem\u00e8de pour les \u00e9piceries, les lieux de travail, les h\u00f4tels, les d\u00e9taillants et tout type d'\u00e9tablissement qui appr\u00e9cie la qualit\u00e9, la robustesse et une mise en page impeccable.<\/p>\n<p><img fetchpriority=\"high\" decoding=\"async\" class=\"size-full wp-image-1273\" src=\"https:\/\/customacrylicproduct.com\/wp-content\/uploads\/2025\/07\/Acrylic-Door-Signs-4.jpg\" alt=\"Plaques de porte en acrylique (4)\" width=\"800\" height=\"800\" srcset=\"https:\/\/customacrylicproduct.com\/wp-content\/uploads\/2025\/07\/Acrylic-Door-Signs-4.jpg 800w, https:\/\/customacrylicproduct.com\/wp-content\/uploads\/2025\/07\/Acrylic-Door-Signs-4-300x300.jpg 300w, https:\/\/customacrylicproduct.com\/wp-content\/uploads\/2025\/07\/Acrylic-Door-Signs-4-150x150.jpg 150w, https:\/\/customacrylicproduct.com\/wp-content\/uploads\/2025\/07\/Acrylic-Door-Signs-4-768x768.jpg 768w, https:\/\/customacrylicproduct.com\/wp-content\/uploads\/2025\/07\/Acrylic-Door-Signs-4-600x600.jpg 600w, https:\/\/customacrylicproduct.com\/wp-content\/uploads\/2025\/07\/Acrylic-Door-Signs-4-100x100.jpg 100w\" sizes=\"(max-width: 800px) 100vw, 800px\" \/><\/p>\n<h4 id=\"-the-power-of-first-impressions-and-easy-navigating-\"><strong>La force de la premi\u00e8re impression et la facilit\u00e9 de navigation<\/strong><\/h4>\n<p>Pensez \u00e0 un consommateur qui s'approche de l'entr\u00e9e de votre supermarch\u00e9, les mains pleines, ou \u00e0 un client qui cherche une salle de r\u00e9union dans un lieu de travail tr\u00e8s fr\u00e9quent\u00e9. La confusion \u00e0 l'entr\u00e9e d'une porte peut aggraver la situation et cr\u00e9er une impression d\u00e9favorable. Nos indications Push\/Pull l\u00e8vent imm\u00e9diatement cette ambigu\u00eft\u00e9. D\u00e9velopp\u00e9es \u00e0 partir d'un texte fort et mondialement reconnu et d'une iconographie instinctive, elles guident facilement les visiteurs du site, augmentant le flux de trafic et garantissant une exp\u00e9rience fluide et invitante d\u00e8s le moment o\u00f9 ils arrivent sur le site.<\/p>\n<p>Cette collection va au-del\u00e0 de la simple capacit\u00e9. Elle transforme les directions requises en accents de style qui am\u00e9liorent et rehaussent votre d\u00e9coration int\u00e9rieure. L'\u00e9poque des autocollants fragiles qui se d\u00e9collent ou des plaques en plastique g\u00e9n\u00e9riques et inint\u00e9ressantes est r\u00e9volue. Nos indications sont un investissement dans l'efficacit\u00e9 esth\u00e9tique et op\u00e9rationnelle de votre propri\u00e9t\u00e9 r\u00e9sidentielle.<\/p>\n<p><img decoding=\"async\" class=\"size-full wp-image-1272\" src=\"https:\/\/customacrylicproduct.com\/wp-content\/uploads\/2025\/07\/Acrylic-Door-Signs-3.jpg\" alt=\"Plaques de porte en acrylique (3)\" width=\"800\" height=\"800\" srcset=\"https:\/\/customacrylicproduct.com\/wp-content\/uploads\/2025\/07\/Acrylic-Door-Signs-3.jpg 800w, https:\/\/customacrylicproduct.com\/wp-content\/uploads\/2025\/07\/Acrylic-Door-Signs-3-300x300.jpg 300w, https:\/\/customacrylicproduct.com\/wp-content\/uploads\/2025\/07\/Acrylic-Door-Signs-3-150x150.jpg 150w, https:\/\/customacrylicproduct.com\/wp-content\/uploads\/2025\/07\/Acrylic-Door-Signs-3-768x768.jpg 768w, https:\/\/customacrylicproduct.com\/wp-content\/uploads\/2025\/07\/Acrylic-Door-Signs-3-600x600.jpg 600w, https:\/\/customacrylicproduct.com\/wp-content\/uploads\/2025\/07\/Acrylic-Door-Signs-3-100x100.jpg 100w\" sizes=\"(max-width: 800px) 100vw, 800px\" \/><\/p>\n<h4 id=\"-uncompromising-quality-the-acrylic-advantage-\"><strong>Une qualit\u00e9 sans compromis : L'avantage acrylique<\/strong><\/h4>\n<p>Au c\u0153ur de notre collection se trouve l'acrylique de pointe, un mat\u00e9riau s\u00e9lectionn\u00e9 pour son remarquable m\u00e9lange d'\u00e9l\u00e9gance et de durabilit\u00e9. Contrairement au verre classique, l'acrylique est incassable et l\u00e9ger, ce qui le rend plus s\u00fbr et plus facile \u00e0 monter. Ses propri\u00e9t\u00e9s en font l'option id\u00e9ale pour les zones \u00e0 fort trafic :.<\/p>\n<ul>\n<li><strong>Une r\u00e9sistance exceptionnelle :\u00a0<\/strong>Nos enseignes en acrylique sont con\u00e7ues pour r\u00e9sister aux dommages quotidiens caus\u00e9s par les atmosph\u00e8res dynamiques. Ils sont immunis\u00e9s contre les \u00e9raflures, les chocs et la d\u00e9coloration, ce qui leur permet de conserver leur excellente apparence pendant plusieurs ann\u00e9es.<\/li>\n<li><strong>Crystal-Clear Finition :\u00a0<\/strong>La qualit\u00e9 inh\u00e9rente \u00e0 l'acrylique conf\u00e8re \u00e0 nos indications un aspect net et haut de gamme. Qu'il s'agisse d'un noir brillant qui fait ressortir les lettres dor\u00e9es ou d'une surface mate \u00e9l\u00e9gante qui donne une impression de modernit\u00e9, le mat\u00e9riau met en valeur chaque d\u00e9tail de la mise en page.<\/li>\n<li><strong>R\u00e9sistance aux intemp\u00e9ries et \u00e0 l'humidit\u00e9 :\u00a0<\/strong>Parfait pour les portes d'entr\u00e9e ou les panneaux de toilettes, l'acrylique ne se d\u00e9forme pas et ne se d\u00e9t\u00e9riore pas lorsqu'il est soumis \u00e0 l'humidit\u00e9 ou \u00e0 des changements de temp\u00e9rature, ce qui le rend adapt\u00e9 \u00e0 une large gamme d'applications int\u00e9rieures.<\/li>\n<li><strong>Entretien facile :\u00a0<\/strong>Un nettoyage facile \u00e0 l'aide d'un tissu doux suffit pour que ces indications conservent leur aspect neuf. Ils ne sont pas poreux et r\u00e9sistent \u00e0 la d\u00e9coloration, ce qui garantit une pr\u00e9sentation toujours soign\u00e9e et sp\u00e9cialis\u00e9e.<\/li>\n<\/ul>\n<p><img decoding=\"async\" class=\"size-full wp-image-1275\" src=\"https:\/\/customacrylicproduct.com\/wp-content\/uploads\/2025\/07\/Acrylic-Door-Signs-6.jpg\" alt=\"Plaques de porte en acrylique (6)\" width=\"800\" height=\"800\" srcset=\"https:\/\/customacrylicproduct.com\/wp-content\/uploads\/2025\/07\/Acrylic-Door-Signs-6.jpg 800w, https:\/\/customacrylicproduct.com\/wp-content\/uploads\/2025\/07\/Acrylic-Door-Signs-6-300x300.jpg 300w, https:\/\/customacrylicproduct.com\/wp-content\/uploads\/2025\/07\/Acrylic-Door-Signs-6-150x150.jpg 150w, https:\/\/customacrylicproduct.com\/wp-content\/uploads\/2025\/07\/Acrylic-Door-Signs-6-768x768.jpg 768w, https:\/\/customacrylicproduct.com\/wp-content\/uploads\/2025\/07\/Acrylic-Door-Signs-6-600x600.jpg 600w, https:\/\/customacrylicproduct.com\/wp-content\/uploads\/2025\/07\/Acrylic-Door-Signs-6-100x100.jpg 100w\" sizes=\"(max-width: 800px) 100vw, 800px\" \/><\/p>\n<h4 id=\"-a-style-for-every-atmosphere-design-adaptability-\"><strong>Un style pour chaque atmosph\u00e8re : Adaptabilit\u00e9 du design<\/strong><\/h4>\n<p>Notre collection est soigneusement con\u00e7ue pour offrir une s\u00e9lection de mod\u00e8les qui s'int\u00e8grent parfaitement \u00e0 tout syst\u00e8me de construction ou de d\u00e9coration int\u00e9rieure.<\/p>\n<p><strong>1. Le classique or et noir :\u00a0<\/strong>. Comme dans nos enseignes phares Push\/Pull, la combinaison d'un noir profond et brillant et d'un texte dor\u00e9 saisissant donne un aspect classique de luxe et d'autorit\u00e9. Les caract\u00e8res chinois (\u63a8 pour Push, \u62c9 pour Pull) sont pr\u00e9sent\u00e9s dans une police vibrante et ordonn\u00e9e, associ\u00e9e \u00e0 leurs \u00e9quivalents anglais. Cette mise en page est parfaite pour les h\u00f4tels haut de gamme, les \u00e9tablissements de restauration fine, les suites ex\u00e9cutives et les points de vente haut de gamme qui souhaitent projeter une image de beaut\u00e9 et d'\u00e9l\u00e9gance.<\/p>\n<p><strong>2. L'or moderne nettoy\u00e9 :\u00a0<\/strong>. Pour un aspect m\u00e9tallique plus doux et plus contemporain, nos indications en or peign\u00e9 offrent un visuel chaleureux mais minimal. Avec un texte noir net et des pictogrammes instinctifs - une main qui appuie et une main qui dessine - ces indicateurs am\u00e9liorent la compr\u00e9hension en cas d'obstacles linguistiques. L'aspect subtil de la finition peign\u00e9e r\u00e9duit les reflets et dissimule les empreintes digitales, ce qui en fait un choix judicieux et \u00e9l\u00e9gant pour les bureaux modernes, les caf\u00e9s et les boutiques.<\/p>\n<p><strong>3. L'accent sophistiqu\u00e9 bois et noir :\u00a0<\/strong>. L'indication \u201cBoardroom\u201d (\u4f1a\u8bae\u5ba4) met en valeur un savant m\u00e9lange de produits. L'enseigne comprend un lettrage blanc sur\u00e9lev\u00e9 en 3D sur une plaque acrylique noire mate, qui est astucieusement superpos\u00e9e sur une base plus grande avec une surface abondante en grain de bois naturel. La courbe \u00e9l\u00e9gante o\u00f9 le noir s'harmonise avec le bois ajoute une touche dynamique et naturelle. Ce design convient parfaitement aux espaces qui se veulent contemporains tout en \u00e9tant chaleureux et accueillants, tels que les entreprises cr\u00e9atives, les centres de bien-\u00eatre et les bureaux \u00e0 domicile contemporains.<\/p>\n<p><strong>4. Le curseur interchangeable professionnel :\u00a0<\/strong>. Con\u00e7ue pour les salles anim\u00e9es, notre plaque d'indication en aluminium bross\u00e9 est le summum de la fonctionnalit\u00e9. Le support argent\u00e9 \u00e9l\u00e9gant est enti\u00e8rement mont\u00e9, tandis que la plaque d'indication int\u00e9rieure - ici d'un bleu expert pour \u201cSalle de conf\u00e9rence\u201d - peut \u00eatre facilement gliss\u00e9e \u00e0 l'int\u00e9rieur et \u00e0 l'ext\u00e9rieur. Ce syst\u00e8me est id\u00e9al pour les zones de satisfaction, les salles de r\u00e9union ou les bureaux, car il permet des mises \u00e0 jour rapides pour indiquer \u201cVacant\/en cours d'utilisation\u201d, \u201cPr\u00eat \u00e0 \u00eatre utilis\u00e9\u201d ou le nom de l'occupant actuel. Il s'agit d'un service ordonn\u00e9, efficace et tr\u00e8s expert pour la gestion des espaces partag\u00e9s.<\/p>\n<h4 id=\"-clearness-in-communication-bilingual-and-universal-\"><strong>La clart\u00e9 dans la communication : Bilinguisme et universalit\u00e9<\/strong><\/h4>\n<p>Dans notre monde de plus en plus globalis\u00e9, une communication claire est primordiale. Nos indicateurs comportent un texte bilingue en chinois et en anglais, ce qui les rend parfaitement adapt\u00e9s aux entreprises internationales, aux lieux tr\u00e8s touristiques et aux communaut\u00e9s vari\u00e9es. La typographie \u00e9pur\u00e9e et les couleurs contrast\u00e9es garantissent une clart\u00e9 maximale, tandis que l'inclusion d'ic\u00f4nes sur certains mod\u00e8les apporte une couche suppl\u00e9mentaire de compr\u00e9hension universelle.<\/p>\n<h4 id=\"-straightforward-setup-enduring-impact-\"><strong>Une installation simple, un impact durable<\/strong><\/h4>\n<p>Notre soci\u00e9t\u00e9 est convaincue que l'am\u00e9lioration de votre pi\u00e8ce doit \u00eatre une exp\u00e9rience pratique. C'est pourquoi nos indications de porte en acrylique sont con\u00e7ues pour une installation facile et s\u00fbre. Chaque indication est \u00e9quip\u00e9e d'un support adh\u00e9sif tr\u00e8s r\u00e9sistant, qui vous permet de la fixer solidement \u00e0 n'importe quelle surface plane et bien rang\u00e9e - bois, verre, acier et surfaces murales peintes - en quelques secondes. Pas d'exploration, pas de vis, pas d'endommagement de vos portes.<\/p>\n<p><strong>Acheter la qualit\u00e9<\/strong><\/p>\n<p>Choisir nos plaques de porte en polym\u00e8re est plus qu'une acquisition, c'est une d\u00e9claration. C'est un engagement \u00e0 offrir une meilleure exp\u00e9rience \u00e0 vos consommateurs, clients et employ\u00e9s. C'est un investissement dans l'image de votre marque et un t\u00e9moignage de votre d\u00e9vouement \u00e0 la qualit\u00e9 sup\u00e9rieure dans chaque information.<\/p>\n<p>Guidez, \u00e9duquez et impressionnez avec une signalisation qui fonctionne aussi parfaitement qu'elle est belle. Consultez notre collection d\u00e8s aujourd'hui et trouvez la touche finale id\u00e9ale pour votre r\u00e9gion.<\/p>","protected":false},"excerpt":{"rendered":"<p class=\"ng-star-inserted\"><span class=\"ng-star-inserted\">Mettez en valeur vos entr\u00e9es avec nos panneaux de porte en acrylique \u00e0 pousser\/tirer de premi\u00e8re qualit\u00e9. Dot\u00e9s d'un texte clair et bilingue et de motifs modernes dans des finitions dor\u00e9es, noires et en bois, ces panneaux durables sont parfaits pour les supermarch\u00e9s, les bureaux et les magasins. Faciles \u00e0 installer, elles donnent un aspect professionnel et accueillant.<\/span><\/p>","protected":false},"featured_media":1270,"template":"","meta":{"_kad_post_transparent":"default","_kad_post_title":"","_kad_post_layout":"default","_kad_post_sidebar_id":"","_kad_post_content_style":"default","_kad_post_vertical_padding":"default","_kad_post_feature":"","_kad_post_feature_position":"","_kad_post_header":false,"_kad_post_footer":false,"_kad_post_classname":""},"product_brand":[],"product_cat":[18],"product_tag":[131],"class_list":{"0":"post-1269","1":"product","2":"type-product","3":"status-publish","4":"has-post-thumbnail","6":"product_cat-custom-acrylic-signs","7":"product_tag-acrylic-door-signs","9":"first","10":"instock","11":"shipping-taxable","12":"product-type-simple","13":"entry","14":"content-bg","15":"loop-entry"},"_links":{"self":[{"href":"https:\/\/customacrylicproduct.com\/fr\/wp-json\/wp\/v2\/product\/1269","targetHints":{"allow":["GET"]}}],"collection":[{"href":"https:\/\/customacrylicproduct.com\/fr\/wp-json\/wp\/v2\/product"}],"about":[{"href":"https:\/\/customacrylicproduct.com\/fr\/wp-json\/wp\/v2\/types\/product"}],"wp:featuredmedia":[{"embeddable":true,"href":"https:\/\/customacrylicproduct.com\/fr\/wp-json\/wp\/v2\/media\/1270"}],"wp:attachment":[{"href":"https:\/\/customacrylicproduct.com\/fr\/wp-json\/wp\/v2\/media?parent=1269"}],"wp:term":[{"taxonomy":"product_brand","embeddable":true,"href":"https:\/\/customacrylicproduct.com\/fr\/wp-json\/wp\/v2\/product_brand?post=1269"},{"taxonomy":"product_cat","embeddable":true,"href":"https:\/\/customacrylicproduct.com\/fr\/wp-json\/wp\/v2\/product_cat?post=1269"},{"taxonomy":"product_tag","embeddable":true,"href":"https:\/\/customacrylicproduct.com\/fr\/wp-json\/wp\/v2\/product_tag?post=1269"}],"curies":[{"name":"wp","href":"https:\/\/api.w.org\/{rel}","templated":true}]}}