{"id":1281,"date":"2025-07-18T08:22:12","date_gmt":"2025-07-18T08:22:12","guid":{"rendered":"https:\/\/customacrylicproduct.com\/?post_type=product&#038;p=1281"},"modified":"2025-07-18T08:30:55","modified_gmt":"2025-07-18T08:30:55","slug":"custom-generic-round-glass-vase-acrylic-vase-home-decoration","status":"publish","type":"product","link":"https:\/\/customacrylicproduct.com\/fr\/custom-generic-round-glass-vase-acrylic-vase-home-decoration\/","title":{"rendered":"Vase en verre rond g\u00e9n\u00e9rique personnalis\u00e9 Vase en acrylique D\u00e9coration int\u00e9rieure"},"content":{"rendered":"<h3 id=\"the-arch-orb-sculptural-coordinator-where-practical-design-meets-spirited-creativity\">Le coordinateur sculptural \u201cArch &amp; Orb\u201d : Quand la conception pratique rencontre la cr\u00e9ativit\u00e9 spirituelle<\/h3>\n<p>Dans un monde satur\u00e9 de banalit\u00e9s, nous pensons que les objets dont vous vous entourez doivent faire plus que remplir une fonction - ils doivent inspirer, ravir et raconter une histoire. Nous vous pr\u00e9sentons l'Organisateur Sculptural \u201cArch &amp; Orb\u201d, un chef-d'\u0153uvre de design moderne qui brouille sans effort les fronti\u00e8res entre un accessoire de bureau fonctionnel, un porte-fleurs chic et un objet d'art contemporain \u00e0 part enti\u00e8re. Il ne s'agit pas d'un simple conteneur, mais d'une exp\u00e9rience unique, d'une construction brillante con\u00e7ue pour \u00e9lever le quotidien et transformer votre espace personnel en une galerie d'art de votre cru.<\/p>\n<p><img fetchpriority=\"high\" decoding=\"async\" class=\"size-full wp-image-1285 aligncenter\" src=\"https:\/\/customacrylicproduct.com\/wp-content\/uploads\/2025\/07\/Custom-Generic-Round-Glass-Vase-4.jpg\" alt=\"Vase en verre rond g\u00e9n\u00e9rique personnalis\u00e9 (4)\" width=\"800\" height=\"800\" srcset=\"https:\/\/customacrylicproduct.com\/wp-content\/uploads\/2025\/07\/Custom-Generic-Round-Glass-Vase-4.jpg 800w, https:\/\/customacrylicproduct.com\/wp-content\/uploads\/2025\/07\/Custom-Generic-Round-Glass-Vase-4-300x300.jpg 300w, https:\/\/customacrylicproduct.com\/wp-content\/uploads\/2025\/07\/Custom-Generic-Round-Glass-Vase-4-150x150.jpg 150w, https:\/\/customacrylicproduct.com\/wp-content\/uploads\/2025\/07\/Custom-Generic-Round-Glass-Vase-4-768x768.jpg 768w, https:\/\/customacrylicproduct.com\/wp-content\/uploads\/2025\/07\/Custom-Generic-Round-Glass-Vase-4-600x600.jpg 600w, https:\/\/customacrylicproduct.com\/wp-content\/uploads\/2025\/07\/Custom-Generic-Round-Glass-Vase-4-100x100.jpg 100w\" sizes=\"(max-width: 800px) 100vw, 800px\" \/><\/p>\n<h4 id=\"a-harmony-of-kind-and-shade\">Une harmonie de nature et d'ombre<\/h4>\n<p>Le style de l\u201c\u201dArc &amp; Orb\" est essentiellement une f\u00eate de type g\u00e9om\u00e9trique pur. Le cadre est constitu\u00e9 de deux panneaux parall\u00e8les en acrylique transparent de haute qualit\u00e9, chacun formant un arc parfait et \u00e9l\u00e9gant. Ces arcs cr\u00e9ent un sentiment de gr\u00e2ce architecturale et d'ouverture, stimulant des images de piliers traditionnels ou de paysages urbains futuristes. Le choix d'un bleu vif et \u00e9lectrique est d\u00e9lib\u00e9r\u00e9 et percutant. Il ne s'agit pas d'une couleur passive, mais d'une couleur qui commande la concentration et qui rayonne de confiance, de cr\u00e9ativit\u00e9 et de calme. La clart\u00e9 de l'acrylique permet \u00e0 la lumi\u00e8re de passer \u00e0 travers, produisant une danse captivante d'obscurit\u00e9 et de couleur r\u00e9fract\u00e9e qui change avec la lumi\u00e8re du jour, donnant \u00e0 l'objet une impression d'activit\u00e9 et de dynamisme.<\/p>\n<p>Entre ces deux arcs se trouve un r\u00e9cipient fonctionnel en forme de U, qui constitue le c\u0153ur de la performance de l'objet. Mais c'est l'audacieuse touche finale qui d\u00e9finit v\u00e9ritablement cet objet : une sph\u00e8re unique et brillante d'un jaune optimiste et ensoleill\u00e9. Cette sph\u00e8re se montre \u00e0 la d\u00e9rive, captur\u00e9e dans un moment de suspension vivante sur l'\u00e9tonnant arri\u00e8re-plan bleu. Le contraste est \u00e9lectrique. Le rond rompt la sym\u00e9trie officielle des arcs, introduisant une composante de surprise et de fantaisie. Cette interaction entre les lignes organis\u00e9es des arcs et la courbe naturelle de la sph\u00e8re est au c\u0153ur de la magie du design, symbolisant un \u00e9quilibre parfait entre l'ordre et la spontan\u00e9it\u00e9, la classe et l'agr\u00e9able. C'est un langage stylistique qui parle avec l'influence de l'\u00e9quipe de Memphis, qui a d\u00e9fendu des teintes vibrantes, des formes g\u00e9om\u00e9triques et un refus de l'aust\u00e9rit\u00e9 minimaliste en faveur d'objets expressifs et pleins de caract\u00e8re.<\/p>\n<p><img decoding=\"async\" class=\"size-full wp-image-1284 aligncenter\" src=\"https:\/\/customacrylicproduct.com\/wp-content\/uploads\/2025\/07\/Custom-Generic-Round-Glass-Vase-3.jpg\" alt=\"Vase en verre rond g\u00e9n\u00e9rique personnalis\u00e9 (3)\" width=\"800\" height=\"800\" srcset=\"https:\/\/customacrylicproduct.com\/wp-content\/uploads\/2025\/07\/Custom-Generic-Round-Glass-Vase-3.jpg 800w, https:\/\/customacrylicproduct.com\/wp-content\/uploads\/2025\/07\/Custom-Generic-Round-Glass-Vase-3-300x300.jpg 300w, https:\/\/customacrylicproduct.com\/wp-content\/uploads\/2025\/07\/Custom-Generic-Round-Glass-Vase-3-150x150.jpg 150w, https:\/\/customacrylicproduct.com\/wp-content\/uploads\/2025\/07\/Custom-Generic-Round-Glass-Vase-3-768x768.jpg 768w, https:\/\/customacrylicproduct.com\/wp-content\/uploads\/2025\/07\/Custom-Generic-Round-Glass-Vase-3-600x600.jpg 600w, https:\/\/customacrylicproduct.com\/wp-content\/uploads\/2025\/07\/Custom-Generic-Round-Glass-Vase-3-100x100.jpg 100w\" sizes=\"(max-width: 800px) 100vw, 800px\" \/><\/p>\n<h4 id=\"unparalleled-flexibility-a-things-of-infinite-possibilities\">Une flexibilit\u00e9 in\u00e9gal\u00e9e : Des possibilit\u00e9s infinies<\/h4>\n<p>Le v\u00e9ritable attrait du coordinateur \u201cArch &amp; Orb\u201d r\u00e9side dans son \u00e9tonnante polyvalence. Son agencement r\u00e9fl\u00e9chi lui permet de s'adapter sans effort \u00e0 vos besoins, \u00e0 votre design et \u00e0 votre vie.<\/p>\n<ul>\n<li><strong>Pour l'expert moderne :\u00a0<\/strong>R\u00e9imaginez votre bureau. En tant que propri\u00e9taire d'un stylo et d'un crayon, il apporte un degr\u00e9 de style in\u00e9gal\u00e9 \u00e0 votre bureau. Dites adieu aux tasses encombr\u00e9es et peu inspir\u00e9es et optez pour un objet qui range vos appareils essentiels tout en servant de source de motivation cr\u00e9ative. C'est la preuve que vous accordez de l'importance \u00e0 l'agencement, \u00e0 la pens\u00e9e cr\u00e9ative et \u00e0 un esprit d\u00e9gag\u00e9.<\/li>\n<li><strong>Pour les connaisseurs en mati\u00e8re de charme :\u00a0<\/strong>Transformez votre vanit\u00e9 en un abri \u00e9l\u00e9gant et ordonn\u00e9. Le support est parfaitement adapt\u00e9 aux pinceaux de maquillage, aux eye-liners, aux brillants \u00e0 l\u00e8vres et \u00e0 d'autres outils cosm\u00e9tiques. Les couleurs vives ajouteront une touche de glamour \u00e0 votre routine matinale, faisant de l'acte de se pr\u00e9parer un rituel cr\u00e9atif.<\/li>\n<li><strong>Pour le d\u00e9corateur averti :\u00a0<\/strong>Utilisez-le comme porte-fleurs contemporain pour pr\u00e9senter la beaut\u00e9 de la nature sous un nouveau jour. Bien qu'il ne soit pas destin\u00e9 \u00e0 recevoir un bouquet complet, il constitue un excellent r\u00e9cipient pour une seule tige remarquable, quelques brins d'eucalyptus odorant ou un panache de fragile gazon de la pampa (comme le sugg\u00e8re merveilleusement l'image du chemin de la vie). Le contraste entre la structure naturelle des plantes et les lignes \u00e9pur\u00e9es et synth\u00e9tiques de l'acrylique produit une magnifique discussion esth\u00e9tique.<\/li>\n<li><strong>Pour l'artiste et le designer :\u00a0<\/strong>Gardez \u00e0 port\u00e9e de main vos pinceaux, dispositifs de formage ou crayons de couleur les plus utilis\u00e9s. Ce propri\u00e9taire est un hommage \u00e0 la proc\u00e9dure innovante elle-m\u00eame, une maison appropri\u00e9e pour les instruments qui donnent vie \u00e0 vos propres visions.<\/li>\n<li><strong>En tant que sculpture autonome :\u00a0<\/strong>Souvent, la meilleure fonction d'un objet est simplement d'\u00eatre \u00e9blouissant. Placez l\u201c\u201dArc &amp; Orb\" sur une \u00e9tag\u00e8re, un manteau de chemin\u00e9e ou une console d'entr\u00e9e et laissez-le parler de lui-m\u00eame. C'est un objet de conversation, un objet d'art accessible qui insuffle de l'individualit\u00e9 et un c\u00f4t\u00e9 innovant et contemporain \u00e0 tout type de plan de d\u00e9coration d'int\u00e9rieur.<\/li>\n<\/ul>\n<p><img decoding=\"async\" class=\"size-full wp-image-1282 aligncenter\" src=\"https:\/\/customacrylicproduct.com\/wp-content\/uploads\/2025\/07\/Custom-Generic-Round-Glass-Vase-1.jpg\" alt=\"Vase en verre rond g\u00e9n\u00e9rique personnalis\u00e9 (1)\" width=\"800\" height=\"800\" srcset=\"https:\/\/customacrylicproduct.com\/wp-content\/uploads\/2025\/07\/Custom-Generic-Round-Glass-Vase-1.jpg 800w, https:\/\/customacrylicproduct.com\/wp-content\/uploads\/2025\/07\/Custom-Generic-Round-Glass-Vase-1-300x300.jpg 300w, https:\/\/customacrylicproduct.com\/wp-content\/uploads\/2025\/07\/Custom-Generic-Round-Glass-Vase-1-150x150.jpg 150w, https:\/\/customacrylicproduct.com\/wp-content\/uploads\/2025\/07\/Custom-Generic-Round-Glass-Vase-1-768x768.jpg 768w, https:\/\/customacrylicproduct.com\/wp-content\/uploads\/2025\/07\/Custom-Generic-Round-Glass-Vase-1-600x600.jpg 600w, https:\/\/customacrylicproduct.com\/wp-content\/uploads\/2025\/07\/Custom-Generic-Round-Glass-Vase-1-100x100.jpg 100w\" sizes=\"(max-width: 800px) 100vw, 800px\" \/><\/p>\n<h4 id=\"superior-craftsmanship-and-product\">Un savoir-faire et un produit de qualit\u00e9 sup\u00e9rieure<\/h4>\n<p>Cette pi\u00e8ce est enti\u00e8rement fabriqu\u00e9e en acrylique de premi\u00e8re qualit\u00e9 (\u00e9galement appel\u00e9 plexiglas ou lucite), choisi pour ses qualit\u00e9s sup\u00e9rieures ph\u00e9nom\u00e9nales. Contrairement au verre, le polym\u00e8re est l\u00e9ger et incassable, ce qui garantit la r\u00e9sistance et la tranquillit\u00e9 d'esprit. Son attribut le plus exceptionnel est sa clart\u00e9 optique, qui d\u00e9passe celle du verre, permettant une transmission plus pure et beaucoup plus fantastique des couleurs et de la lumi\u00e8re. Les c\u00f4t\u00e9s sont d\u00e9coup\u00e9s avec pr\u00e9cision, r\u00e9v\u00e9lant la profondeur et l'ossature du produit, tandis que les surfaces sont \u00e9claircies pour obtenir une finition remarquable. La sph\u00e8re jaune dynamique s'int\u00e8gre en toute s\u00e9curit\u00e9 et sans effort dans le style, t\u00e9moignant de la qualit\u00e9 de la construction et de l'attention port\u00e9e \u00e0 l'information.<\/p>\n<h4 id=\"the-power-of-modification\">Le pouvoir de modification<\/h4>\n<p>Nous comprenons que le design individuel est sp\u00e9cial. En raison de la nature \u201cpersonnalis\u00e9e\u201d de cette offre, le mod\u00e8le \u201cArc &amp; Orb\u201d peut \u00eatre adapt\u00e9 \u00e0 votre vision esth\u00e9tique particuli\u00e8re. Imaginez ce design \u00e9tonnant dans une palette diff\u00e9rente : un gris fum\u00e9 avec une touche de rose n\u00e9on, un acrylique transparent innovant avec un orbe \u00e9meraude profond, ou un ambre chaud avec un rond blanc traditionnel. Les possibilit\u00e9s ne sont limit\u00e9es que par votre imagination. Cette modification en fait une option parfaite pour les cadeaux d'affaires, les collaborations avec des marques, ou pour cr\u00e9er un objet absolument unique pour votre maison.<\/p>\n<h4 id=\"an-invite-to-redefine-your-room\">Une invitation \u00e0 red\u00e9finir votre chambre<\/h4>\n<p>L'organisateur sculptural \u201cArc &amp; Orb\u201d est plus qu'un simple produit, c'est une invitation. C'est une invitation \u00e0 s'affranchir des conventions, \u00e0 accueillir la couleur et la gentillesse, et \u00e0 trouver du plaisir dans les petits d\u00e9tails de votre environnement. C'est une pi\u00e8ce pour les personnes fortes, imaginatives et soucieuses du design, qui comprennent que les espaces que nous habitons sont des extensions de nous-m\u00eames.<\/p>\n<p>Achetez un objet d'art pratique. Apportez le \u201cArch &amp; Orb\u201d chez vous et laissez-vous influencer au quotidien par sa sophistication fougueuse et son style moderne.<\/p>","protected":false},"excerpt":{"rendered":"<p class=\"ng-star-inserted\"><span class=\"ng-star-inserted\">Ajoutez une touche artistique \u00e0 votre espace ! Ce support moderne en acrylique pr\u00e9sente un design g\u00e9om\u00e9trique audacieux avec des arcs bleus translucides et une sph\u00e8re jaune ludique. Polyvalent, il peut servir de porte-stylos chic, d'organisateur de pinceaux de maquillage ou de vase unique \u00e0 tige unique pour une maison ou un bureau contemporain.<\/span><\/p>","protected":false},"featured_media":1285,"template":"","meta":{"_kad_post_transparent":"default","_kad_post_title":"","_kad_post_layout":"default","_kad_post_sidebar_id":"","_kad_post_content_style":"default","_kad_post_vertical_padding":"default","_kad_post_feature":"","_kad_post_feature_position":"","_kad_post_header":false,"_kad_post_footer":false,"_kad_post_classname":""},"product_brand":[],"product_cat":[17],"product_tag":[133],"class_list":{"0":"post-1281","1":"product","2":"type-product","3":"status-publish","4":"has-post-thumbnail","6":"product_cat-custom-acrylic-boxes","7":"product_tag-custom-generic-round-glass-vase","9":"first","10":"instock","11":"shipping-taxable","12":"product-type-simple","13":"entry","14":"content-bg","15":"loop-entry"},"_links":{"self":[{"href":"https:\/\/customacrylicproduct.com\/fr\/wp-json\/wp\/v2\/product\/1281","targetHints":{"allow":["GET"]}}],"collection":[{"href":"https:\/\/customacrylicproduct.com\/fr\/wp-json\/wp\/v2\/product"}],"about":[{"href":"https:\/\/customacrylicproduct.com\/fr\/wp-json\/wp\/v2\/types\/product"}],"wp:featuredmedia":[{"embeddable":true,"href":"https:\/\/customacrylicproduct.com\/fr\/wp-json\/wp\/v2\/media\/1285"}],"wp:attachment":[{"href":"https:\/\/customacrylicproduct.com\/fr\/wp-json\/wp\/v2\/media?parent=1281"}],"wp:term":[{"taxonomy":"product_brand","embeddable":true,"href":"https:\/\/customacrylicproduct.com\/fr\/wp-json\/wp\/v2\/product_brand?post=1281"},{"taxonomy":"product_cat","embeddable":true,"href":"https:\/\/customacrylicproduct.com\/fr\/wp-json\/wp\/v2\/product_cat?post=1281"},{"taxonomy":"product_tag","embeddable":true,"href":"https:\/\/customacrylicproduct.com\/fr\/wp-json\/wp\/v2\/product_tag?post=1281"}],"curies":[{"name":"wp","href":"https:\/\/api.w.org\/{rel}","templated":true}]}}