{"id":1286,"date":"2025-07-18T08:43:27","date_gmt":"2025-07-18T08:43:27","guid":{"rendered":"https:\/\/customacrylicproduct.com\/?post_type=product&#038;p=1286"},"modified":"2025-07-18T08:43:28","modified_gmt":"2025-07-18T08:43:28","slug":"custom-acrylic-makeup-organizer-dustproof-transparent","status":"publish","type":"product","link":"https:\/\/customacrylicproduct.com\/fr\/custom-acrylic-makeup-organizer-dustproof-transparent\/","title":{"rendered":"Organisateur de maquillage personnalis\u00e9 en acrylique anti-poussi\u00e8re transparent"},"content":{"rendered":"<h3 id=\"introducing-the-pinnacle-of-sophistication-the-custom-polymer-make-up-skin-care-trunk\">Le summum de la sophistication : La malle de maquillage et de soins de la peau en polym\u00e8re sur mesure<\/h3>\n<p>Dans un monde satur\u00e9 de tendances \u00e9ph\u00e9m\u00e8res, le vrai style se trouve dans l'union d'un agencement sans \u00e2ge et d'une capacit\u00e9 sans faille. Nous sommes fiers de vous proposer le coordinateur de maquillage personnalis\u00e9 en polym\u00e8re, un objet qui d\u00e9passe le simple espace de rangement pour devenir une d\u00e9claration de sophistication et un refuge pour vos essentiels d'\u00e9l\u00e9gance les plus chers. Enti\u00e8rement con\u00e7u pour l'amateur moderne, ce coffre transparent est plus qu'un coordinateur ; c'est une vitrine, un coffre-fort protecteur et un point central pour votre vanit\u00e9, con\u00e7u pour \u00e9lever vos rituels quotidiens au rang d'exp\u00e9rience de luxe pur.<\/p>\n<p><img fetchpriority=\"high\" decoding=\"async\" class=\"size-full wp-image-1288\" src=\"https:\/\/customacrylicproduct.com\/wp-content\/uploads\/2025\/07\/Custom-Acrylic-Makeup-Organizer-1.jpg\" alt=\"Organisateur de maquillage en acrylique personnalis\u00e9 (1)\" width=\"800\" height=\"800\" srcset=\"https:\/\/customacrylicproduct.com\/wp-content\/uploads\/2025\/07\/Custom-Acrylic-Makeup-Organizer-1.jpg 800w, https:\/\/customacrylicproduct.com\/wp-content\/uploads\/2025\/07\/Custom-Acrylic-Makeup-Organizer-1-300x300.jpg 300w, https:\/\/customacrylicproduct.com\/wp-content\/uploads\/2025\/07\/Custom-Acrylic-Makeup-Organizer-1-150x150.jpg 150w, https:\/\/customacrylicproduct.com\/wp-content\/uploads\/2025\/07\/Custom-Acrylic-Makeup-Organizer-1-768x768.jpg 768w, https:\/\/customacrylicproduct.com\/wp-content\/uploads\/2025\/07\/Custom-Acrylic-Makeup-Organizer-1-600x600.jpg 600w, https:\/\/customacrylicproduct.com\/wp-content\/uploads\/2025\/07\/Custom-Acrylic-Makeup-Organizer-1-100x100.jpg 100w\" sizes=\"(max-width: 800px) 100vw, 800px\" \/><\/p>\n<p><strong>Une vision de la qualit\u00e9 : Conception et esth\u00e9tique<\/strong><\/p>\n<p>Inspir\u00e9 par l'attrait classique des malles de voyage, mais r\u00e9imagin\u00e9 dans une optique moderne, ce coordinateur est un chef-d'\u0153uvre d'agencement minimaliste. Son corps est construit \u00e0 partir de co\u00fbts, d'acrylique cristallin, utilisant une vue d\u00e9gag\u00e9e \u00e0 360 degr\u00e9s de ses composants. Cette ouverture n'est pas simplement un choix stylistique, c'est une transformation fonctionnelle. Vous ne perdrez plus de temps \u00e0 fouiller dans des sacs opaques ou des armoires en d\u00e9sordre. L'ensemble de votre collection - des teintes dynamiques de vos combinaisons pr\u00e9f\u00e9r\u00e9es aux flacons \u00e9l\u00e9gants de votre programme de soins de la peau - appara\u00eet d'un seul coup d'\u0153il, transformant vos produits en une exposition d'\u0153uvres d'art.<\/p>\n<p>Les lignes nettes et la construction harmonieuse sont soulign\u00e9es par un \u00e9quipement en acier brillant. Les robustes fermetures papillon argent\u00e9es sur la face avant ne se contentent pas de prot\u00e9ger les composants, elles produisent un clic agr\u00e9able au toucher, vous garantissant que vos affaires sont enferm\u00e9es en toute s\u00e9curit\u00e9. Les joints en acier assortis garantissent une ouverture et une fermeture en douceur et en toute s\u00e9curit\u00e9 du couvercle, tandis que les protections d'angle ajoutent un d\u00e9tail industriel chic qui t\u00e9moigne de la durabilit\u00e9 et de l'ing\u00e9niosit\u00e9 de la malle. Une prise en charge solide et confortable, int\u00e9gr\u00e9e de mani\u00e8re transparente sur le c\u00f4t\u00e9, compl\u00e8te le design, offrant un transport simple et facile sans compromettre la silhouette a\u00e9rodynamique.<\/p>\n<p><img decoding=\"async\" class=\"size-full wp-image-1289\" src=\"https:\/\/customacrylicproduct.com\/wp-content\/uploads\/2025\/07\/Custom-Acrylic-Makeup-Organizer-2.jpg\" alt=\"Organisateur de maquillage en acrylique personnalis\u00e9 (2)\" width=\"1000\" height=\"1000\" srcset=\"https:\/\/customacrylicproduct.com\/wp-content\/uploads\/2025\/07\/Custom-Acrylic-Makeup-Organizer-2.jpg 1000w, https:\/\/customacrylicproduct.com\/wp-content\/uploads\/2025\/07\/Custom-Acrylic-Makeup-Organizer-2-300x300.jpg 300w, https:\/\/customacrylicproduct.com\/wp-content\/uploads\/2025\/07\/Custom-Acrylic-Makeup-Organizer-2-150x150.jpg 150w, https:\/\/customacrylicproduct.com\/wp-content\/uploads\/2025\/07\/Custom-Acrylic-Makeup-Organizer-2-768x768.jpg 768w, https:\/\/customacrylicproduct.com\/wp-content\/uploads\/2025\/07\/Custom-Acrylic-Makeup-Organizer-2-600x600.jpg 600w, https:\/\/customacrylicproduct.com\/wp-content\/uploads\/2025\/07\/Custom-Acrylic-Makeup-Organizer-2-100x100.jpg 100w\" sizes=\"(max-width: 1000px) 100vw, 1000px\" \/><\/p>\n<p><strong>Une haute qualit\u00e9 sans compromis : Mat\u00e9riaux et fabrication<\/strong><\/p>\n<p>Le c\u0153ur de ce coordonnateur est son produit sup\u00e9rieur : un acrylique de qualit\u00e9 sup\u00e9rieure et de forte \u00e9paisseur. Contrairement au verre d\u00e9licat, ce polym\u00e8re innovant est incassable et incroyablement r\u00e9sistant, cr\u00e9\u00e9 pour supporter les asp\u00e9rit\u00e9s de l'usage quotidien. Il est en outre beaucoup plus l\u00e9ger, ce qui permet de le r\u00e9arranger facilement sur votre meuble ou de le transporter dans un nouvel espace. Nous n'utilisons que de l'acrylique de la meilleure qualit\u00e9, ce qui garantit qu'il reste cristallin au fil du temps et qu'il r\u00e9siste au jaunissement et \u00e0 l'opacification, afin de pr\u00e9server l'exposition intacte de votre collection.<\/p>\n<p>Chaque face est polie au diamant pour obtenir une surface lisse, semblable \u00e0 du verre, refl\u00e9tant parfaitement la lumi\u00e8re et garantissant l'absence d'angles vifs. L'assemblage est remarquable et t\u00e9moigne d'une proc\u00e9dure de production minutieuse ax\u00e9e sur la qualit\u00e9 et la long\u00e9vit\u00e9. Il ne s'agit pas d'un conteneur l\u00e9ger fabriqu\u00e9 en s\u00e9rie, mais d'un objet sur mesure con\u00e7u pour s'int\u00e9grer durablement dans votre pi\u00e8ce individuelle.<\/p>\n<p><img decoding=\"async\" class=\"size-full wp-image-1290\" src=\"https:\/\/customacrylicproduct.com\/wp-content\/uploads\/2025\/07\/Custom-Acrylic-Makeup-Organizer-3.jpg\" alt=\"Organisateur de maquillage en acrylique personnalis\u00e9 (3)\" width=\"1000\" height=\"1000\" srcset=\"https:\/\/customacrylicproduct.com\/wp-content\/uploads\/2025\/07\/Custom-Acrylic-Makeup-Organizer-3.jpg 1000w, https:\/\/customacrylicproduct.com\/wp-content\/uploads\/2025\/07\/Custom-Acrylic-Makeup-Organizer-3-300x300.jpg 300w, https:\/\/customacrylicproduct.com\/wp-content\/uploads\/2025\/07\/Custom-Acrylic-Makeup-Organizer-3-150x150.jpg 150w, https:\/\/customacrylicproduct.com\/wp-content\/uploads\/2025\/07\/Custom-Acrylic-Makeup-Organizer-3-768x768.jpg 768w, https:\/\/customacrylicproduct.com\/wp-content\/uploads\/2025\/07\/Custom-Acrylic-Makeup-Organizer-3-600x600.jpg 600w, https:\/\/customacrylicproduct.com\/wp-content\/uploads\/2025\/07\/Custom-Acrylic-Makeup-Organizer-3-100x100.jpg 100w\" sizes=\"(max-width: 1000px) 100vw, 1000px\" \/><\/p>\n<p><strong>L'option organisationnelle ultime<\/strong><\/p>\n<p>Cette malle a \u00e9t\u00e9 con\u00e7ue pour r\u00e9soudre l'un des probl\u00e8mes les plus fr\u00e9quents auxquels sont confront\u00e9s les amateurs de beaut\u00e9 : le d\u00e9sordre, la salet\u00e9 et les d\u00e9g\u00e2ts.<\/p>\n<ul>\n<li><strong>Refuge anti-poussi\u00e8re et protecteur :\u00a0<\/strong>Le couvercle \u00e0 ajustement pr\u00e9cis et les loquets s\u00e9curis\u00e9s cr\u00e9ent un joint presque \u00e9tanche, formant une barri\u00e8re imperm\u00e9able contre la salet\u00e9, l'humidit\u00e9, les particules en suspension dans l'air et les poils d'animaux domestiques. Vos lotions co\u00fbteuses, vos poudres fragiles et vos brosses impeccables sont maintenues dans un \u00e9tat impeccable, ce qui pr\u00e9serve leur qualit\u00e9 sup\u00e9rieure et prolonge leur dur\u00e9e de vie. Cela est particuli\u00e8rement important pour garantir la stabilit\u00e9 des composants \u00e9nerg\u00e9tiques des produits de soin de la peau et pour emp\u00eacher la contamination des applicateurs de maquillage.<\/li>\n<li><strong>Int\u00e9rieur spacieux et polyvalent :\u00a0<\/strong>L'int\u00e9rieur charitable et ouvert offre une commodit\u00e9 exceptionnelle. D\u00e9pourvu de s\u00e9parateurs int\u00e9gr\u00e9s, il convient aux articles de toutes tailles et de toutes formes. Rangez sans effort les flacons de structure de taille normale, les grands sprays de configuration, les grandes combinaisons d'ombres \u00e0 paupi\u00e8res et les ensembles complets de pinceaux. La zone ad\u00e9quate vous permet de ranger vos produits comme bon vous semble - par marque, par type ou par fr\u00e9quence d'utilisation - vous offrant ainsi un contr\u00f4le cr\u00e9atif total sur votre collection individuelle.<\/li>\n<li><strong>Simplifiez vos activit\u00e9s r\u00e9guli\u00e8res :\u00a0<\/strong>En ayant tout bien en vue et \u00e0 port\u00e9e de main, votre maquillage matinal et votre rituel de soin nocturne deviennent plus rapides, plus agr\u00e9ables et plus fiables. Vous red\u00e9couvrirez des articles dont vous aviez oubli\u00e9 l'existence et trouverez de l'inspiration en voyant votre collection si magnifiquement constitu\u00e9e. Cela vous incitera \u00e0 adopter une strat\u00e9gie de consommation plus consciente, car vous pourrez voir clairement ce que vous poss\u00e9dez, ce qui vous \u00e9vitera d'acheter \u00e0 nouveau.<\/li>\n<\/ul>\n<p><strong>Au-del\u00e0 de la vanit\u00e9 : Un chef-d'\u0153uvre polyvalent<\/strong><\/p>\n<p>Bien qu'il ait \u00e9t\u00e9 con\u00e7u dans un esprit cosm\u00e9tique, le caract\u00e8re \u00e9l\u00e9gant et fonctionnel de ce coffre en acrylique en fait un outil de rangement extraordinaire pour une multitude de passionn\u00e9s et de propri\u00e9taires.<\/p>\n<ul>\n<li><strong>Pour les amateurs de parfums :\u00a0<\/strong>Transformez-le en un magnifique \u00e9tui pour vos contenants de parfum, les prot\u00e9geant de la salet\u00e9 tout en mettant en valeur leurs splendides styles.<\/li>\n<li><strong>Pour les connaisseurs du Nail Art :\u00a0<\/strong>Cr\u00e9ez une biblioth\u00e8que dynamique de votre collection de vernis \u00e0 ongles, avec chaque couleur visible et pr\u00eate pour votre prochaine manucure.<\/li>\n<li><strong>Pour l'artisan et l'artiste :\u00a0<\/strong>Organisez les fuseaux de fil, les tubes de peinture, les perles ou d'autres petits produits, pour que votre espace cr\u00e9atif soit bien rang\u00e9 et que votre mat\u00e9riel soit bien prot\u00e9g\u00e9.<\/li>\n<li><strong>Comme bo\u00eete \u00e0 souvenirs :\u00a0<\/strong>Vous pouvez y ajouter vos souvenirs les plus pr\u00e9cieux - images, lettres, bijoux pr\u00e9cieux ou souvenirs de voyage - et les transformer en archives attrayantes et lisibles des minutes de votre vie.<\/li>\n<li><strong>Dans un cadre professionnel :\u00a0<\/strong>Pour les maquilleurs et les esth\u00e9ticiennes, cette malle constitue un moyen expert, hygi\u00e9nique et \u00e9l\u00e9gant de transporter et de pr\u00e9senter des appareils et des articles \u00e0 leurs clients.<\/li>\n<\/ul>\n<p><strong>Un entretien facile pour un attrait durable<\/strong><\/p>\n<p>Conserver l'\u00e9tat impeccable de votre coffre en acrylique est aussi simple que sa disposition. Un nettoyage rapide avec un tissu microfibre doux et humide et un savon doux suffit pour \u00e9liminer les traces de doigts ou la poussi\u00e8re et retrouver son \u00e9clat en quelques secondes.<\/p>\n<p><strong>Un investissement dans votre r\u00e9gion et dans vous-m\u00eame<\/strong><\/p>\n<p>Le coordinateur de maquillage en acrylique sur mesure est plus qu'un simple objet, c'est un investissement dans l'ordre, l'\u00e9l\u00e9gance et la tranquillit\u00e9 d'esprit. C'est l'option d\u00e9finitive pour tous ceux qui appr\u00e9cient \u00e0 la fois l'esth\u00e9tique et la fonctionnalit\u00e9. Il transforme le d\u00e9sordre en une collection soign\u00e9e et la routine quotidienne en une routine \u00e9l\u00e9gante. Donnez de l'allure \u00e0 votre pi\u00e8ce, prot\u00e9gez vos objets et affichez votre style gr\u00e2ce \u00e0 ce coffre de rangement transparent sans pareil. Commandez le v\u00f4tre d\u00e8s aujourd'hui et red\u00e9finissez ce que signifie \u00eatre parfaitement rang\u00e9.<\/p>","protected":false},"excerpt":{"rendered":"<p class=\"ng-star-inserted\"><span class=\"ng-star-inserted\">Ce coffre \u00e0 maquillage chic en acrylique rehausse votre meuble-lavabo. Sa conception transparente et anti-poussi\u00e8re permet d'organiser et de mettre en valeur les produits de beaut\u00e9. Dot\u00e9 d'une quincaillerie m\u00e9tallique durable, de loquets s\u00e9curis\u00e9s et d'une poign\u00e9e, il constitue une solution de rangement \u00e9l\u00e9gante et pratique pour tous vos produits de beaut\u00e9 essentiels.<\/span><\/p>","protected":false},"featured_media":1288,"template":"","meta":{"_kad_post_transparent":"default","_kad_post_title":"","_kad_post_layout":"default","_kad_post_sidebar_id":"","_kad_post_content_style":"default","_kad_post_vertical_padding":"default","_kad_post_feature":"","_kad_post_feature_position":"","_kad_post_header":false,"_kad_post_footer":false,"_kad_post_classname":""},"product_brand":[],"product_cat":[17],"product_tag":[134],"class_list":{"0":"post-1286","1":"product","2":"type-product","3":"status-publish","4":"has-post-thumbnail","6":"product_cat-custom-acrylic-boxes","7":"product_tag-custom-acrylic-makeup-organizer","9":"first","10":"instock","11":"shipping-taxable","12":"product-type-simple","13":"entry","14":"content-bg","15":"loop-entry"},"_links":{"self":[{"href":"https:\/\/customacrylicproduct.com\/fr\/wp-json\/wp\/v2\/product\/1286","targetHints":{"allow":["GET"]}}],"collection":[{"href":"https:\/\/customacrylicproduct.com\/fr\/wp-json\/wp\/v2\/product"}],"about":[{"href":"https:\/\/customacrylicproduct.com\/fr\/wp-json\/wp\/v2\/types\/product"}],"wp:featuredmedia":[{"embeddable":true,"href":"https:\/\/customacrylicproduct.com\/fr\/wp-json\/wp\/v2\/media\/1288"}],"wp:attachment":[{"href":"https:\/\/customacrylicproduct.com\/fr\/wp-json\/wp\/v2\/media?parent=1286"}],"wp:term":[{"taxonomy":"product_brand","embeddable":true,"href":"https:\/\/customacrylicproduct.com\/fr\/wp-json\/wp\/v2\/product_brand?post=1286"},{"taxonomy":"product_cat","embeddable":true,"href":"https:\/\/customacrylicproduct.com\/fr\/wp-json\/wp\/v2\/product_cat?post=1286"},{"taxonomy":"product_tag","embeddable":true,"href":"https:\/\/customacrylicproduct.com\/fr\/wp-json\/wp\/v2\/product_tag?post=1286"}],"curies":[{"name":"wp","href":"https:\/\/api.w.org\/{rel}","templated":true}]}}