{"id":1291,"date":"2025-07-18T08:56:31","date_gmt":"2025-07-18T08:56:31","guid":{"rendered":"https:\/\/customacrylicproduct.com\/?post_type=product&#038;p=1291"},"modified":"2025-07-18T08:56:31","modified_gmt":"2025-07-18T08:56:31","slug":"acrylic-gifts-with-bible-verse-prayers-religious-gifts","status":"publish","type":"product","link":"https:\/\/customacrylicproduct.com\/fr\/acrylic-gifts-with-bible-verse-prayers-religious-gifts\/","title":{"rendered":"Cadeaux en acrylique avec pri\u00e8res en versets bibliques - Cadeaux religieux"},"content":{"rendered":"<h3 id=\"-a-sign-of-confidence-the-angelic-memento-of-divine-support-\"><strong>Un signe de confiance : Le m\u00e9mento ang\u00e9lique du soutien divin<\/strong><\/h3>\n<p>Dans un monde souvent bruyant et flou, o\u00f9 nos c\u0153urs et nos esprits peuvent \u00eatre assombris par les batailles quotidiennes, le stress et l'anxi\u00e9t\u00e9, la plupart d'entre nous recherchent une ancre concr\u00e8te, un rappel silencieux et constant d'un amour ind\u00e9fectible et d'une endurance qui n'est pas la n\u00f4tre. Nous recherchons un murmure d'\u00e9l\u00e9gance au c\u0153ur d'une journ\u00e9e tr\u00e9pidante, une lueur d'espoir dans une nuit sombre. Nous vous pr\u00e9sentons notre charmant\u00a0<strong>M\u00e9mento de l'ange en acrylique avec versets bibliques sacr\u00e9s pri\u00e8res\u00a0<\/strong>, L'exposition est une \u0153uvre d'art merveilleusement con\u00e7ue, non seulement pour d\u00e9corer un espace, mais aussi pour \u00e9lever l'\u00e2me.<\/p>\n<p>Plus qu'une simple d\u00e9coration, il s'agit d'un mini-minist\u00e8re, d'un t\u00e9moignage profond et individuel des engagements durables de Dieu, enregistr\u00e9 dans une forme \u00e0 la fois \u00e9l\u00e9gante et durable. Sous la forme d'un ange doux aux ailes d\u00e9ploy\u00e9es, ce souvenir fonctionne comme un messager quotidien de r\u00e9confort, d'amour et d'identification divine, ce qui en fait le cadeau religieux id\u00e9al pour vous-m\u00eame ou pour un \u00eatre cher.<\/p>\n<p><img fetchpriority=\"high\" decoding=\"async\" class=\"size-full wp-image-1292\" src=\"https:\/\/customacrylicproduct.com\/wp-content\/uploads\/2025\/07\/Acrylic-Gifts-1.jpg\" alt=\"Cadeaux en acrylique (1)\" width=\"800\" height=\"800\" srcset=\"https:\/\/customacrylicproduct.com\/wp-content\/uploads\/2025\/07\/Acrylic-Gifts-1.jpg 800w, https:\/\/customacrylicproduct.com\/wp-content\/uploads\/2025\/07\/Acrylic-Gifts-1-300x300.jpg 300w, https:\/\/customacrylicproduct.com\/wp-content\/uploads\/2025\/07\/Acrylic-Gifts-1-150x150.jpg 150w, https:\/\/customacrylicproduct.com\/wp-content\/uploads\/2025\/07\/Acrylic-Gifts-1-768x768.jpg 768w, https:\/\/customacrylicproduct.com\/wp-content\/uploads\/2025\/07\/Acrylic-Gifts-1-600x600.jpg 600w, https:\/\/customacrylicproduct.com\/wp-content\/uploads\/2025\/07\/Acrylic-Gifts-1-100x100.jpg 100w\" sizes=\"(max-width: 800px) 100vw, 800px\" \/><\/p>\n<p><strong>Un savoir-faire irr\u00e9prochable, un style c\u00e9leste<\/strong><\/p>\n<p>Chaque ange est soigneusement fabriqu\u00e9 en acrylique cristallin de premi\u00e8re qualit\u00e9, ce qui lui conf\u00e8re l'excellence et la qualit\u00e9 luminescente du verre, sans la d\u00e9licatesse. Sa conception importante et autonome lui permet d'\u00eatre plac\u00e9 fermement sur n'importe quelle surface plane, qu'il s'agisse d'un bureau, d'une table de chevet, d'une \u00e9tag\u00e8re ou d'un manteau de chemin\u00e9e. Les bords sont \u00e9claircis pour obtenir une finition lisse et sans risque, et l'impression haute d\u00e9finition en couleur est int\u00e9gr\u00e9e dans l'acrylique, ce qui garantit que les images vibrantes et les mots spirituels ne s'effaceront jamais, ne s'\u00e9cailleront jamais et ne s'enl\u00e8veront jamais. \u00c0 sa t\u00eate, un fragile et \u00e9l\u00e9gant symbole de c\u0153ur \u00e0 l'infini est grav\u00e9, repr\u00e9sentant la nature infinie et sans fin de l'amour de Dieu.<\/p>\n<p>Nous proposons deux mod\u00e8les uniques et profond\u00e9ment significatifs, chacun d'entre eux associant la bible et la cr\u00e9ativit\u00e9 pour parler au c\u0153ur d'une mani\u00e8re unique.<\/p>\n<p><img decoding=\"async\" class=\"wp-image-1293 size-large\" src=\"https:\/\/customacrylicproduct.com\/wp-content\/uploads\/2025\/07\/Acrylic-Gifts-2-1024x1024.jpg\" alt=\"Cadeaux en acrylique (2)\" width=\"1024\" height=\"1024\" srcset=\"https:\/\/customacrylicproduct.com\/wp-content\/uploads\/2025\/07\/Acrylic-Gifts-2-1024x1024.jpg 1024w, https:\/\/customacrylicproduct.com\/wp-content\/uploads\/2025\/07\/Acrylic-Gifts-2-300x300.jpg 300w, https:\/\/customacrylicproduct.com\/wp-content\/uploads\/2025\/07\/Acrylic-Gifts-2-150x150.jpg 150w, https:\/\/customacrylicproduct.com\/wp-content\/uploads\/2025\/07\/Acrylic-Gifts-2-768x768.jpg 768w, https:\/\/customacrylicproduct.com\/wp-content\/uploads\/2025\/07\/Acrylic-Gifts-2-600x600.jpg 600w, https:\/\/customacrylicproduct.com\/wp-content\/uploads\/2025\/07\/Acrylic-Gifts-2-100x100.jpg 100w, https:\/\/customacrylicproduct.com\/wp-content\/uploads\/2025\/07\/Acrylic-Gifts-2.jpg 1500w\" sizes=\"(max-width: 1024px) 100vw, 1024px\" \/><\/p>\n<p>-.<\/p>\n<h3 id=\"-layout-1-the-continuous-visibility-angel-pink-floral-cross-\"><strong>Sch\u00e9ma 1 : L'ange de la visibilit\u00e9 continue (fleurs roses et croix)<\/strong><\/h3>\n<p><strong>\u201d Chaque jour, chaque heure, chaque minute, chaque seconde\u201d.\u201d\u00a0<\/strong><\/p>\n<p>Cette mise en page est un graphique spectaculaire de l'attention omnipr\u00e9sente et de l'amour incessant de Dieu. Orn\u00e9e de d\u00e9licates fleurs roses et de papillons volants sur fond de croix en bois rustique, elle sugg\u00e8re que vous n'\u00eates jamais seul(e) et que vous b\u00e9n\u00e9ficiez \u00e0 chaque instant d'une pens\u00e9e magnifique.<\/p>\n<ul>\n<li><strong>Chaque jour, Dieu vous consid\u00e8re. (Psaume 139:17)\u00a0<\/strong>. Cette assurance efficace tir\u00e9e des Psaumes parle de votre valeur illimit\u00e9e. Il ne s'agit pas seulement d'une pens\u00e9e \u00e9ph\u00e9m\u00e8re, mais, comme le dit le savant, ses id\u00e9es \u00e0 votre \u00e9gard sont pr\u00e9cieuses et surpassent les grains de sable. Cet ange fonctionne comme une pierre de touche physique pour garder \u00e0 l'esprit que vous \u00eates pr\u00e9cieux et continuellement dans l'esprit de votre d\u00e9veloppeur.<\/li>\n<li><strong>\u00c0 chaque heure, Dieu prend soin de vous. (2 Thessaloniciens 3:3)\u00a0<\/strong>. La vie peut apporter des \u00e9preuves inattendues et des minutes d'inqui\u00e9tude. Cette connaissance est un bouclier de foi, une d\u00e9claration ferme que \u201cle Seigneur est fid\u00e8le ; il vous prot\u00e9gera certainement et vous mettra \u00e0 l'abri du malin\u201d. Laissez ce message fortifier votre esprit \u00e0 chaque heure, en reconnaissant qu'une garde divine surveille votre chemin.<\/li>\n<li><strong>Chaque minute, Dieu prend soin de vous. (1 Pierre 5:7)\u00a0<\/strong>. Le poids du globe peut sembler lourd. Ce souvenir chuchote le doux commandement de \u201cjeter sur lui tout votre stress et votre anxi\u00e9t\u00e9, puisqu'il s'occupe de vous\u201d. Les papillons, signes de changement et de lancement, font esth\u00e9tiquement \u00e9cho \u00e0 ce sentiment, vous encourageant \u00e0 vous d\u00e9faire de vos soucis et \u00e0 vous reposer sur Lui, minute apr\u00e8s minute.<\/li>\n<li><strong>Depuis chaque 2, IL T'AIME. (J\u00e9r\u00e9mie 31:3)\u00a0<\/strong>. Au c\u0153ur de tout cela se trouve la r\u00e9alit\u00e9 fondamentale de l'\u00c9vangile : L'amour profond et individuel de Dieu. Ce savoir, \u201cJe t'ai aim\u00e9 d'un amour durable\u201d, est le point d'ancrage de toutes les autres promesses. C'est la source la plus importante de notre espoir, de notre s\u00e9curit\u00e9 et de notre s\u00fbret\u00e9.<\/li>\n<\/ul>\n<p>Cet ange, avec ses images douces et gracieuses de fleurs roses repr\u00e9sentant la vie toute neuve et la croix repr\u00e9sentant le sacrifice ultime et l'amour, est le meilleur cadeau pour une personne qui traverse une p\u00e9riode difficile, lui apportant une ressource substantielle de r\u00e9confort et de confiance 24 heures sur 24, 7 jours sur 7.<\/p>\n<p><img decoding=\"async\" class=\"wp-image-1294 size-large\" src=\"https:\/\/customacrylicproduct.com\/wp-content\/uploads\/2025\/07\/Acrylic-Gifts-3-1024x1024.jpg\" alt=\"Cadeaux en acrylique (3)\" width=\"1024\" height=\"1024\" srcset=\"https:\/\/customacrylicproduct.com\/wp-content\/uploads\/2025\/07\/Acrylic-Gifts-3-1024x1024.jpg 1024w, https:\/\/customacrylicproduct.com\/wp-content\/uploads\/2025\/07\/Acrylic-Gifts-3-300x300.jpg 300w, https:\/\/customacrylicproduct.com\/wp-content\/uploads\/2025\/07\/Acrylic-Gifts-3-150x150.jpg 150w, https:\/\/customacrylicproduct.com\/wp-content\/uploads\/2025\/07\/Acrylic-Gifts-3-768x768.jpg 768w, https:\/\/customacrylicproduct.com\/wp-content\/uploads\/2025\/07\/Acrylic-Gifts-3-600x600.jpg 600w, https:\/\/customacrylicproduct.com\/wp-content\/uploads\/2025\/07\/Acrylic-Gifts-3-100x100.jpg 100w, https:\/\/customacrylicproduct.com\/wp-content\/uploads\/2025\/07\/Acrylic-Gifts-3.jpg 1500w\" sizes=\"(max-width: 1024px) 100vw, 1024px\" \/><\/p>\n<p>-.<\/p>\n<h3 id=\"-design-2-the-identity-in-christ-angel-sunflower-affirmation-\"><strong>Mod\u00e8le 2 : L'ange de l'identit\u00e9 en Christ (Tournesol et Affirmation)<\/strong><\/h3>\n<p><strong>\u201d Dieu dit que vous \u00eates ...\u201d\u00a0<\/strong>.<\/p>\n<p>Ce style est une d\u00e9claration d'identit\u00e9 rayonnante, con\u00e7ue pour combattre les sentiments d'incertitude, d'instabilit\u00e9 et d'indignit\u00e9 par la r\u00e9alit\u00e9 irr\u00e9futable de la Parole de Dieu. Baign\u00e9 dans l'\u00e9clat joyeux et ensoleill\u00e9 de tournesols dynamiques, qui symbolisent l'adoration, l'engagement et la croyance spirituelle, cet ange fournit une collection d'affirmations puissantes, chacune enracin\u00e9e dans la Bible.<\/p>\n<p>C'est un appel t\u00e9l\u00e9phonique quotidien pour se voir avec les yeux de Dieu.<\/p>\n<ul>\n<li><strong>Choisi (Jean 15:16) :\u00a0<\/strong>Vous n'\u00eates pas un accident de parcours ou une r\u00e9flexion apr\u00e8s coup. Le d\u00e9veloppeur de l'espace lointain vous a sp\u00e9cialement s\u00e9lectionn\u00e9 et assign\u00e9 \u00e0 votre \u00e9panouissement. Cette v\u00e9rit\u00e9 donne de l'objectivit\u00e9 et \u00e9radique les sentiments d'insignifiance.<\/li>\n<li><strong>Fort (Psaume 18:35) :\u00a0<\/strong>Votre force ne vient pas de vous-m\u00eame, mais d'une source magnifique. Ce verset nous rappelle que la droite de Dieu nous soutient et que son aide nous rend fantastiques. C'est un message puissant pour toute personne qui se sent faible ou accabl\u00e9e.<\/li>\n<li><strong>Sans prix (1 Corinthiens 6:20) :\u00a0<\/strong>Vous avez une valeur incommensurable. Cette affirmation est une indication que vous avez \u00e9t\u00e9 \u201cachet\u00e9 \u00e0 un prix\u201d, le prix le plus \u00e9lev\u00e9 que l'on puisse imaginer. Elle \u00e9voque votre valeur fondamentale aux yeux de Dieu, une valeur qui ne repose pas sur vos r\u00e9alisations ou sur l'opinion d'autrui.<\/li>\n<li><strong>Merveilleux (Daniel 12:3) :\u00a0<\/strong>Dans un monde o\u00f9 l'on fait g\u00e9n\u00e9ralement la cour \u00e0 l'apparence ext\u00e9rieure, ce verset indique une beaut\u00e9 beaucoup plus profonde et rayonnante - l'\u00e9clat d'un c\u0153ur qui refl\u00e8te la sagesse et la d\u00e9cence de Dieu, brillant comme les \u00e9toiles pour l'\u00e9ternit\u00e9.<\/li>\n<li><strong>Unique (Psaume 139:13) :\u00a0<\/strong>Vous n'\u00eates pas une copie. Vous \u00eates une \u0153uvre d'art originale, \u201cfaite de mani\u00e8re redoutable et incroyable\u201d. Cette affirmation c\u00e9l\u00e8bre l'agencement complexe et individuel que Dieu a tiss\u00e9 dans votre \u00eatre tout entier.<\/li>\n<li><strong>Unique (Eph\u00e9siens 2:10) :\u00a0<\/strong>Cette r\u00e9alit\u00e9 finale, magnifique, enveloppe tout cela. Vous \u00eates \u201cla cr\u00e9ation de Dieu, cr\u00e9\u00e9e dans le Christ J\u00e9sus pour accomplir de bonnes \u0153uvres\u201d. Vous avez une fonction distincte et unique que vous seul pouvez remplir.<\/li>\n<\/ul>\n<p>Cet ange sur le th\u00e8me du tournesol est un \u00e9clat de soleil spirituel, un cadeau id\u00e9al pour les bapt\u00eames, les confirmations, les remises de dipl\u00f4mes ou pour tout ami ou parent qui a besoin d'une suggestion de sa v\u00e9ritable identification et de sa valeur dans le Christ.<\/p>\n<h3 id=\"-the-perfect-present-for-every-single-event-of-the-heart-\"><strong>Le cadeau id\u00e9al pour chaque \u00e9v\u00e9nement du c\u0153ur<\/strong><\/h3>\n<p>Trouver un cadeau qui communique de mani\u00e8re absolue la profondeur de vos sentiments peut s'av\u00e9rer difficile. Notre Acrylic Angel Memento transcende l'ordinaire, en utilisant un message qui reste \u00e0 fournir longtemps apr\u00e8s que l'occasion soit pass\u00e9e. C'est la meilleure expression de la foi, de l'espoir et de l'amour pour :.<\/p>\n<ul>\n<li><strong>Soutien :\u00a0<\/strong>Pour un ami proche ou un parent confront\u00e9 \u00e0 la maladie, \u00e0 la perte d'un \u00eatre cher ou \u00e0 une transition de vie difficile.<\/li>\n<li><strong>C\u00e9l\u00e9brations :\u00a0<\/strong>Un cadeau important pour la f\u00eate des m\u00e8res, No\u00ebl, P\u00e2ques, les anniversaires, les bapt\u00eames ou les anniversaires de mariage.<\/li>\n<li><strong>Reconnaissance :\u00a0<\/strong>Un \u00e9tourdissement permet de remercier un pr\u00eatre, un participant \u00e0 l'\u00e9glise, un mentor ou un guide spirituel.<\/li>\n<li><strong>M\u00eame si :\u00a0<\/strong>Une motion spontan\u00e9e pour faire comprendre \u00e0 quelqu'un qu'il reste dans vos pens\u00e9es et vos requ\u00eates.<\/li>\n<\/ul>\n<p>Placez-la \u00e0 un endroit o\u00f9 elle captera la lumi\u00e8re et, surtout, o\u00f9 elle attirera l'attention. Qu'il soit la premi\u00e8re chose que vous voyez le matin ou la derni\u00e8re chose que vous voyez le soir - un pr\u00eache in\u00e9branlable et silencieux de la bont\u00e9 de Dieu. Apportez ce signe de foi attrayant dans votre maison ou offrez le cadeau d'un encouragement \u00e9ternel aujourd'hui, et laissez son existence ang\u00e9lique charger votre espace de tranquillit\u00e9 et de faits magnifiques.<\/p>","protected":false},"excerpt":{"rendered":"<p class=\"ng-star-inserted\"><span class=\"ng-star-inserted\">Offrez du r\u00e9confort avec notre magnifique ange en acrylique. Imprim\u00e9 avec des versets bibliques et des pri\u00e8res inspirantes, c'est un cadeau religieux touchant qui sert de rappel quotidien de la foi et de l'amour infini de Dieu. C'est un cadeau parfait et attentionn\u00e9 pour toutes les occasions et pour montrer que vous vous souciez des autres.<\/span><\/p>","protected":false},"featured_media":1292,"template":"","meta":{"_kad_post_transparent":"default","_kad_post_title":"","_kad_post_layout":"default","_kad_post_sidebar_id":"","_kad_post_content_style":"default","_kad_post_vertical_padding":"default","_kad_post_feature":"","_kad_post_feature_position":"","_kad_post_header":false,"_kad_post_footer":false,"_kad_post_classname":""},"product_brand":[],"product_cat":[20],"product_tag":[129],"class_list":{"0":"post-1291","1":"product","2":"type-product","3":"status-publish","4":"has-post-thumbnail","6":"product_cat-custom-acrylic-crafts","7":"product_tag-acrylic-crafts","9":"first","10":"instock","11":"shipping-taxable","12":"product-type-simple","13":"entry","14":"content-bg","15":"loop-entry"},"_links":{"self":[{"href":"https:\/\/customacrylicproduct.com\/fr\/wp-json\/wp\/v2\/product\/1291","targetHints":{"allow":["GET"]}}],"collection":[{"href":"https:\/\/customacrylicproduct.com\/fr\/wp-json\/wp\/v2\/product"}],"about":[{"href":"https:\/\/customacrylicproduct.com\/fr\/wp-json\/wp\/v2\/types\/product"}],"wp:featuredmedia":[{"embeddable":true,"href":"https:\/\/customacrylicproduct.com\/fr\/wp-json\/wp\/v2\/media\/1292"}],"wp:attachment":[{"href":"https:\/\/customacrylicproduct.com\/fr\/wp-json\/wp\/v2\/media?parent=1291"}],"wp:term":[{"taxonomy":"product_brand","embeddable":true,"href":"https:\/\/customacrylicproduct.com\/fr\/wp-json\/wp\/v2\/product_brand?post=1291"},{"taxonomy":"product_cat","embeddable":true,"href":"https:\/\/customacrylicproduct.com\/fr\/wp-json\/wp\/v2\/product_cat?post=1291"},{"taxonomy":"product_tag","embeddable":true,"href":"https:\/\/customacrylicproduct.com\/fr\/wp-json\/wp\/v2\/product_tag?post=1291"}],"curies":[{"name":"wp","href":"https:\/\/api.w.org\/{rel}","templated":true}]}}