{"id":1300,"date":"2025-07-18T09:35:43","date_gmt":"2025-07-18T09:35:43","guid":{"rendered":"https:\/\/customacrylicproduct.com\/?post_type=product&#038;p=1300"},"modified":"2025-07-18T09:35:43","modified_gmt":"2025-07-18T09:35:43","slug":"custom-acrylic-trophy-contest-champion-trophy-medals","status":"publish","type":"product","link":"https:\/\/customacrylicproduct.com\/fr\/custom-acrylic-trophy-contest-champion-trophy-medals\/","title":{"rendered":"Troph\u00e9e Acrylique Personnalis\u00e9 Troph\u00e9e Champion M\u00e9dailles"},"content":{"rendered":"<h3 id=\"-commemorate-every-triumph-introducing-our-costs-personalized-acrylic-trophies-honors-\"><strong>Comm\u00e9morer chaque triomphe : Pr\u00e9sentation de nos troph\u00e9es et distinctions en acrylique personnalis\u00e9s Costs<\/strong><\/h3>\n<p>Dans un monde de moments fugaces et de distinctions \u00e9lectroniques, le pouvoir d'une ic\u00f4ne tangible de la r\u00e9ussite reste in\u00e9gal\u00e9. La reconnaissance est un besoin humain essentiel ; elle confirme l'initiative, influence la qualit\u00e9 continue et transforme un triomphe personnel en un souvenir pr\u00e9cieux. Pendant trop longtemps, le monde des r\u00e9compenses a \u00e9t\u00e9 contr\u00f4l\u00e9 par des choix conventionnels, lourds et souvent g\u00e9n\u00e9riques. Aujourd'hui, nous vous invitons \u00e0 entrer dans l'avenir de la reconnaissance avec notre \u00e9tonnante collection de troph\u00e9es, honneurs et m\u00e9dailles en polym\u00e8re faits sur mesure - la fa\u00e7on contemporaine, flexible et profond\u00e9ment individuelle de c\u00e9l\u00e9brer chaque champion, chaque contributeur et chaque moment extraordinaire.<\/p>\n<p>Fabriqu\u00e9s \u00e0 partir d'acrylique cristallin de premi\u00e8re qualit\u00e9, ces objets offrent l'\u00e9clat du verre avec la r\u00e9silience et la flexibilit\u00e9 cr\u00e9ative d'une merveille moderne. Qu'il s'agisse de r\u00e9compenser un champion sportif, d'identifier une super star d'entreprise ou d'exprimer une sinc\u00e8re gratitude, nos articles en acrylique faits sur mesure sont cr\u00e9\u00e9s pour \u00eatre plus que de simples prix ; ce sont des chefs-d'\u0153uvre sur mesure qui racontent une histoire sp\u00e9ciale de succ\u00e8s.<\/p>\n<p><img fetchpriority=\"high\" decoding=\"async\" class=\"wp-image-1302 size-large\" src=\"https:\/\/customacrylicproduct.com\/wp-content\/uploads\/2025\/07\/Custom-Acrylic-Trophy-2-1024x1024.jpg\" alt=\"Troph\u00e9e en acrylique personnalis\u00e9 (2)\" width=\"1024\" height=\"1024\" srcset=\"https:\/\/customacrylicproduct.com\/wp-content\/uploads\/2025\/07\/Custom-Acrylic-Trophy-2-1024x1024.jpg 1024w, https:\/\/customacrylicproduct.com\/wp-content\/uploads\/2025\/07\/Custom-Acrylic-Trophy-2-300x300.jpg 300w, https:\/\/customacrylicproduct.com\/wp-content\/uploads\/2025\/07\/Custom-Acrylic-Trophy-2-150x150.jpg 150w, https:\/\/customacrylicproduct.com\/wp-content\/uploads\/2025\/07\/Custom-Acrylic-Trophy-2-768x768.jpg 768w, https:\/\/customacrylicproduct.com\/wp-content\/uploads\/2025\/07\/Custom-Acrylic-Trophy-2-600x600.jpg 600w, https:\/\/customacrylicproduct.com\/wp-content\/uploads\/2025\/07\/Custom-Acrylic-Trophy-2-100x100.jpg 100w, https:\/\/customacrylicproduct.com\/wp-content\/uploads\/2025\/07\/Custom-Acrylic-Trophy-2.jpg 1452w\" sizes=\"(max-width: 1024px) 100vw, 1024px\" \/><\/p>\n<h4 id=\"-the-power-of-polymer-a-modern-medium-for-timeless-acknowledgment-\"><strong>Le pouvoir du polym\u00e8re : Un support moderne pour une reconnaissance intemporelle<\/strong><\/h4>\n<p>La premi\u00e8re chose que vous constaterez \u00e0 propos de nos r\u00e9compenses en acrylique est leur qualit\u00e9 sup\u00e9rieure luminescente et sans faille. Nous utilisons la meilleure qualit\u00e9 de polym\u00e8re d'acteur, qui offre une clart\u00e9 optique remarquable, permettant \u00e0 la lumi\u00e8re de le traverser pour un effet \u00e9blouissant et scintillant. Contrairement au verre classique, l'acrylique est beaucoup plus r\u00e9sistant aux chocs et plus l\u00e9ger, ce qui le rend plus s\u00fbr \u00e0 manipuler, \u00e0 exposer et \u00e0 transporter sans compromettre son aspect haut de gamme.<\/p>\n<p>Ce mat\u00e9riau contemporain est la meilleure toile pour l'imagination. Ses surfaces lisses et raffin\u00e9es et ses bords nets produisent un visuel ordonn\u00e9 et moderne qui s'int\u00e8gre parfaitement dans n'importe quelle atmosph\u00e8re, du bureau de travail d'un cadre d'entreprise \u00e0 l'\u00e9tag\u00e8re de la chambre d'un jeune athl\u00e8te professionnel. Le style inh\u00e9rent \u00e0 l'acrylique permet de se concentrer sur l'essentiel : le message de r\u00e9ussite et la personne r\u00e9compens\u00e9e. C'est un support qui ne se contente pas de contenir un message, il l'\u00e9l\u00e8ve.<\/p>\n<figure id=\"attachment_1303\" aria-describedby=\"caption-attachment-1303\" style=\"width: 1024px\" class=\"wp-caption aligncenter\"><img decoding=\"async\" class=\"wp-image-1303 size-large\" src=\"https:\/\/customacrylicproduct.com\/wp-content\/uploads\/2025\/07\/Custom-Acrylic-Trophy-3-1024x1024.jpg\" alt=\"Troph\u00e9e en acrylique personnalis\u00e9 (3)\" width=\"1024\" height=\"1024\" srcset=\"https:\/\/customacrylicproduct.com\/wp-content\/uploads\/2025\/07\/Custom-Acrylic-Trophy-3-1024x1024.jpg 1024w, https:\/\/customacrylicproduct.com\/wp-content\/uploads\/2025\/07\/Custom-Acrylic-Trophy-3-300x300.jpg 300w, https:\/\/customacrylicproduct.com\/wp-content\/uploads\/2025\/07\/Custom-Acrylic-Trophy-3-150x150.jpg 150w, https:\/\/customacrylicproduct.com\/wp-content\/uploads\/2025\/07\/Custom-Acrylic-Trophy-3-768x768.jpg 768w, https:\/\/customacrylicproduct.com\/wp-content\/uploads\/2025\/07\/Custom-Acrylic-Trophy-3-600x600.jpg 600w, https:\/\/customacrylicproduct.com\/wp-content\/uploads\/2025\/07\/Custom-Acrylic-Trophy-3-100x100.jpg 100w, https:\/\/customacrylicproduct.com\/wp-content\/uploads\/2025\/07\/Custom-Acrylic-Trophy-3.jpg 1500w\" sizes=\"(max-width: 1024px) 100vw, 1024px\" \/><figcaption id=\"caption-attachment-1303\" class=\"wp-caption-text\">Troph\u00e9e en acrylique personnalis\u00e9 (3)<\/figcaption><\/figure>\n<h4 id=\"-unleash-your-creative-thinking-unparalleled-customization-at-your-fingertips-\"><strong>Lib\u00e9rez votre cr\u00e9ativit\u00e9 : Une personnalisation in\u00e9gal\u00e9e au bout des doigts<\/strong><\/h4>\n<p>L'attrait v\u00e9ritable de nos r\u00e9compenses en acrylique r\u00e9side dans leurs possibilit\u00e9s illimit\u00e9es de personnalisation. Notre \u00e9quipe est convaincue qu'une r\u00e9compense doit \u00eatre aussi unique que l'accomplissement qu'elle repr\u00e9sente. C'est pourquoi nous proposons un large \u00e9ventail de choix de personnalisation pour donner vie \u00e0 votre vision.<\/p>\n<p><strong>1. La formation d'un r\u00e9cit unique en son genre :<\/strong><\/p>\n<p>Oubliez la m\u00e9thode de la taille unique. Gr\u00e2ce \u00e0 nos capacit\u00e9s de fabrication innovantes, la forme de votre r\u00e9compense n'est limit\u00e9e que par votre imagination cr\u00e9ative.<\/p>\n<ul>\n<li><strong>Formes standard et \u00e9l\u00e9gantes :\u00a0<\/strong>Pour une apparence intemporelle et \u00e9volu\u00e9e, choisissez parmi notre collection de formes de base. Les plaques rondes et brillantes, comme celles de notre s\u00e9rie admiration, offrent un cadre doux et \u00e9l\u00e9gant pour des messages sinc\u00e8res tels que \u201cMerci d'avoir \u00e9t\u00e9 remarquable\u201d ou \u201cN'oubliez jamais la diff\u00e9rence que vous avez faite\u201d. Nos blocs octogonaux autoportants \u00e0 multiples facettes, parfaits pour les r\u00e9compenses sportives, offrent une existence significative et dynamique qui t\u00e9moigne de la confiance en soi et du triomphe.<\/li>\n<li><strong>Formes d\u00e9coup\u00e9es totalement personnalis\u00e9es :\u00a0<\/strong>C'est ici que votre marque et votre imagination peuvent v\u00e9ritablement rayonner. Nous pouvons d\u00e9couper l'acrylique sur mesure pour lui donner la forme que vous souhaitez. Imaginez un prix form\u00e9 comme le logo de votre entreprise, la silhouette d'un produit, la mascotte d'une \u00e9cole ou un signe th\u00e9matique pour l'occasion. Comme le montre notre prix \u201cYou Are The Bomb\u201d, une forme unique peut inclure une couche d'esprit, d'amusement et de m\u00e9morisation qu'une plaque de base ne peut tout simplement pas \u00e9galer. Ce degr\u00e9 de personnalisation fait du prix un sujet de conversation imm\u00e9diat et un puissant outil de promotion de l'image de marque.<\/li>\n<\/ul>\n<figure id=\"attachment_1301\" aria-describedby=\"caption-attachment-1301\" style=\"width: 800px\" class=\"wp-caption aligncenter\"><img decoding=\"async\" class=\"size-full wp-image-1301\" src=\"https:\/\/customacrylicproduct.com\/wp-content\/uploads\/2025\/07\/Custom-Acrylic-Trophy-1.jpg\" alt=\"Troph\u00e9e en acrylique personnalis\u00e9 (1)\" width=\"800\" height=\"800\" srcset=\"https:\/\/customacrylicproduct.com\/wp-content\/uploads\/2025\/07\/Custom-Acrylic-Trophy-1.jpg 800w, https:\/\/customacrylicproduct.com\/wp-content\/uploads\/2025\/07\/Custom-Acrylic-Trophy-1-300x300.jpg 300w, https:\/\/customacrylicproduct.com\/wp-content\/uploads\/2025\/07\/Custom-Acrylic-Trophy-1-150x150.jpg 150w, https:\/\/customacrylicproduct.com\/wp-content\/uploads\/2025\/07\/Custom-Acrylic-Trophy-1-768x768.jpg 768w, https:\/\/customacrylicproduct.com\/wp-content\/uploads\/2025\/07\/Custom-Acrylic-Trophy-1-600x600.jpg 600w, https:\/\/customacrylicproduct.com\/wp-content\/uploads\/2025\/07\/Custom-Acrylic-Trophy-1-100x100.jpg 100w\" sizes=\"(max-width: 800px) 100vw, 800px\" \/><figcaption id=\"caption-attachment-1301\" class=\"wp-caption-text\">Troph\u00e9e en acrylique personnalis\u00e9 (1)<\/figcaption><\/figure>\n<p><strong>2. Une gamme d'expressions : De l'inscription \u00e9l\u00e9gante \u00e0 la couleur vive<\/strong><\/p>\n<p>La fa\u00e7on dont votre message et votre mise en page sont appliqu\u00e9s \u00e0 l'acrylique est essentielle. Nous proposons deux techniques de premier ordre pour r\u00e9pondre \u00e0 tous les styles.<\/p>\n<ul>\n<li><strong>Inscription laser de pr\u00e9cision :\u00a0<\/strong>Pour une finition traditionnelle, polie et avanc\u00e9e, la gravure au laser est le choix id\u00e9al. Nos lasers modernes gravent d\u00e9licatement votre texte et vos graphiques dans l'acrylique, cr\u00e9ant une surface blanche et nette qui contraste parfaitement avec le mat\u00e9riau transparent. Cette technique convient aux messages d\u00e9taill\u00e9s, aux polices de caract\u00e8res manuscrites de grande classe et aux conceptions de logo minimales. C'est le meilleur choix pour les reconnaissances professionnelles, les r\u00e9compenses acad\u00e9miques et les cadeaux personnalis\u00e9s o\u00f9 la subtilit\u00e9 et la classe sont essentielles.<\/li>\n<li><strong>Impression UV en quadrichromie \u00e9blouissante :\u00a0<\/strong>Lorsque vous avez besoin que votre honneur soit \u00e9clatant de puissance et de couleur, notre technologie d'impression UV directe fournit des r\u00e9sultats \u00e9tonnants. Ce proc\u00e9d\u00e9 publie vos graphiques en couleur directement sur l'acrylique, ce qui permet d'obtenir des images abondantes, vibrantes et photor\u00e9alistes. Comme le montre notre s\u00e9rie \u201cBasketball Champion\u201d, cette approche est excellente pour reproduire des logos sportifs dynamiques, des couleurs d'\u00e9quipe et des dessins complexes. L'encre est trait\u00e9e instantan\u00e9ment par la lumi\u00e8re UV, ce qui la rend r\u00e9siliente, r\u00e9sistante \u00e0 la d\u00e9coloration et cr\u00e9e une profondeur esth\u00e9tique spectaculaire, en particulier lorsqu'elle est publi\u00e9e au dos de blocs acryliques plus \u00e9pais.<\/li>\n<\/ul>\n<p><strong>3. Des mots qui comptent : Personnalis\u00e9s pour un impact maximal<\/strong><\/p>\n<p>Le message est au c\u0153ur de tout type de r\u00e9compense. Nous veillons \u00e0 ce que vos mots aient la qualit\u00e9 et l'impact qu'ils m\u00e9ritent. Personnalisez chaque article avec des noms, des dates, des r\u00e9alisations particuli\u00e8res, des citations inspirantes ou des blagues potaches. De la profonde gratitude de \u201cMerci pour votre attention, votre aide, votre inspiration\u201d au rugissement victorieux de \u201cChampion de basket\u201d, en passant par l'agr\u00e9able et inspirant \u201cDans certains cas, vous n\u00e9gligez que vous \u00eates incroyable, alors voici votre pourboire\u201d, les mots justes transforment un magnifique article en un souvenir personnel ch\u00e9ri.<\/p>\n<h4 id=\"-adaptability-for-each-occasion-and-accomplishment-\"><strong>Adaptabilit\u00e9 \u00e0 chaque occasion et \u00e0 chaque r\u00e9alisation<\/strong><\/h4>\n<p>Nos r\u00e9compenses en acrylique sont cr\u00e9\u00e9es pour s'adapter \u00e0 toutes les occasions o\u00f9 des remerciements sont pr\u00e9vus.<\/p>\n<ul>\n<li><strong>Reconnaissance de l'entreprise :\u00a0<\/strong>Augmenter le moral des troupes et favoriser une soci\u00e9t\u00e9 de reconnaissance en r\u00e9compensant le membre du personnel du mois, le meilleur vendeur, la qualit\u00e9 du leadership, l'accomplissement des t\u00e2ches et le d\u00e9part \u00e0 la retraite.<\/li>\n<li><strong>Championnats sportifs :\u00a0<\/strong>Des organisations de quartier aux comp\u00e9titions nationales, produisez des prix extraordinaires pour les MVP, les champions et les individus. La durabilit\u00e9 de l'acrylique en fait le mat\u00e9riau id\u00e9al pour comm\u00e9morer l'expertise athl\u00e9tique.<\/li>\n<li><strong>R\u00e9alisations acad\u00e9miques :\u00a0<\/strong>Rendez hommage aux \u00e9l\u00e8ves, aux enseignants et au corps professoral en leur remettant d'\u00e9l\u00e9gantes distinctions pour l'obtention de leur dipl\u00f4me universitaire, leurs r\u00e9sultats scolaires et leurs ann\u00e9es de service d\u00e9vou\u00e9. Une plaque de remerciement personnalis\u00e9e est un cadeau auquel l'\u00e9ducateur accordera une valeur permanente.<\/li>\n<li><strong>Cadeaux personnels et \u00e9v\u00e9nements marquants :\u00a0<\/strong>C\u00e9l\u00e9brez les anniversaires ou montrez simplement \u00e0 un ami, un entra\u00eeneur ou un membre de votre famille \u00e0 quel point il vous sugg\u00e8re quelque chose gr\u00e2ce \u00e0 un souvenir personnalis\u00e9.<\/li>\n<li><strong>Concours et occasions :\u00a0<\/strong>Qu'il s'agisse d'un concours de chili, de la c\u00e9l\u00e9bration d'un film ou d'une collecte de fonds communautaire, cr\u00e9ez des r\u00e9compenses th\u00e9matiques de marque qui vous permettront de vous d\u00e9marquer.<\/li>\n<\/ul>\n<h4 id=\"-quality-that-endures-a-memory-that-lasts-\"><strong>Une qualit\u00e9 qui dure, un souvenir qui dure<\/strong><\/h4>\n<p>Chaque troph\u00e9e que nous cr\u00e9ons t\u00e9moigne d'un travail de qualit\u00e9 sup\u00e9rieure. Nous commen\u00e7ons par des co\u00fbts, de l'acrylique sans d\u00e9faut et utilisons des technologies modernes de d\u00e9coupe et d'impression de pr\u00e9cision pour nous assurer que chaque information est excellente. Les bords sont polis \u00e0 la flamme pour obtenir un rev\u00eatement lisse, semblable \u00e0 celui du verre, et chaque troph\u00e9e est associ\u00e9 \u00e0 une base solide et bien con\u00e7ue pour un \u00e9cran stable et attrayant. Ces r\u00e9compenses sont con\u00e7ues pour durer et constituent un rappel durable et \u00e9tonnant d'un travail bien fait.<\/p>\n<p>D\u00e9passez l'aspect g\u00e9n\u00e9rique et cr\u00e9ez un moment de reconnaissance qui soit aussi unique et brillant que la personne qui le re\u00e7oit. Un prix doit \u00eatre plus qu'une simple place, il doit \u00eatre une d\u00e9claration.<\/p>\n<p><strong>Contactez-nous d\u00e8s aujourd'hui pour commencer \u00e0 cr\u00e9er vos prix en acrylique sur mesure, et produisons ensemble quelque chose de remarquable.<\/strong><\/p>","protected":false},"excerpt":{"rendered":"<p class=\"ng-star-inserted\"><span class=\"ng-star-inserted\">C\u00e9l\u00e9brez le succ\u00e8s avec nos superbes troph\u00e9es en acrylique personnalis\u00e9s. Personnalisez-les avec un texte, un logo ou une forme unique. Qu'il s'agisse d'\u00e9l\u00e9gantes r\u00e9compenses grav\u00e9es ou de prix de champions aux couleurs \u00e9clatantes, ces r\u00e9compenses modernes et durables sont parfaites pour tout concours, toute \u00e9quipe ou tout \u00e9v\u00e9nement de reconnaissance.<\/span><\/p>","protected":false},"featured_media":1302,"template":"","meta":{"_kad_post_transparent":"default","_kad_post_title":"","_kad_post_layout":"default","_kad_post_sidebar_id":"","_kad_post_content_style":"default","_kad_post_vertical_padding":"default","_kad_post_feature":"","_kad_post_feature_position":"","_kad_post_header":false,"_kad_post_footer":false,"_kad_post_classname":""},"product_brand":[],"product_cat":[19],"product_tag":[136],"class_list":{"0":"post-1300","1":"product","2":"type-product","3":"status-publish","4":"has-post-thumbnail","6":"product_cat-custom-acrylic-trophies-awards","7":"product_tag-custom-acrylic-trophy","9":"first","10":"instock","11":"shipping-taxable","12":"product-type-simple","13":"entry","14":"content-bg","15":"loop-entry"},"_links":{"self":[{"href":"https:\/\/customacrylicproduct.com\/fr\/wp-json\/wp\/v2\/product\/1300","targetHints":{"allow":["GET"]}}],"collection":[{"href":"https:\/\/customacrylicproduct.com\/fr\/wp-json\/wp\/v2\/product"}],"about":[{"href":"https:\/\/customacrylicproduct.com\/fr\/wp-json\/wp\/v2\/types\/product"}],"wp:featuredmedia":[{"embeddable":true,"href":"https:\/\/customacrylicproduct.com\/fr\/wp-json\/wp\/v2\/media\/1302"}],"wp:attachment":[{"href":"https:\/\/customacrylicproduct.com\/fr\/wp-json\/wp\/v2\/media?parent=1300"}],"wp:term":[{"taxonomy":"product_brand","embeddable":true,"href":"https:\/\/customacrylicproduct.com\/fr\/wp-json\/wp\/v2\/product_brand?post=1300"},{"taxonomy":"product_cat","embeddable":true,"href":"https:\/\/customacrylicproduct.com\/fr\/wp-json\/wp\/v2\/product_cat?post=1300"},{"taxonomy":"product_tag","embeddable":true,"href":"https:\/\/customacrylicproduct.com\/fr\/wp-json\/wp\/v2\/product_tag?post=1300"}],"curies":[{"name":"wp","href":"https:\/\/api.w.org\/{rel}","templated":true}]}}