{"id":1304,"date":"2025-07-18T09:52:21","date_gmt":"2025-07-18T09:52:21","guid":{"rendered":"https:\/\/customacrylicproduct.com\/?post_type=product&#038;p=1304"},"modified":"2025-07-18T09:52:21","modified_gmt":"2025-07-18T09:52:21","slug":"acrylic-tray-counter-ttop-organizer-tray-for-kitchen-box","status":"publish","type":"product","link":"https:\/\/customacrylicproduct.com\/fr\/acrylic-tray-counter-ttop-organizer-tray-for-kitchen-box\/","title":{"rendered":"Plateau en acrylique pour le comptoir Plateau d'organisation pour la cuisine Bo\u00eete"},"content":{"rendered":"<h3 id=\"the-art-of-organization-discover-unmatched-style-and-adaptability-with-our-polymer-countertop-tray\">L'art de l'organisation : D\u00e9couvrez un style et une adaptabilit\u00e9 in\u00e9gal\u00e9s avec notre plateau de comptoir en polym\u00e8re<\/h3>\n<p>Dans le rythme de la vie contemporaine, nos maisons sont nos refuges. Pourtant, ces havres de paix individuels peuvent facilement \u00eatre submerg\u00e9s par la danse quotidienne des petits objets - cl\u00e9s sur le comptoir, cosm\u00e9tiques sur la coiffeuse, bijoux pr\u00e9cieux sur la table de nuit, \u00e9pices qui jonchent la cuisine. Cette douce accumulation de \u201cchoses\u201d peut nuire au calme et \u00e0 la clart\u00e9 auxquels nous aspirons. Et s'il existait une solution unique et \u00e9l\u00e9gante pour rem\u00e9dier \u00e0 ce d\u00e9sordre ? Un appareil qui ne se contente pas de ranger, mais qui stylise ?<\/p>\n<p>Nous vous pr\u00e9sentons le plateau d'organisation de comptoir de cuisine en polym\u00e8re, une \u0153uvre d'art au design minimal et aux performances maximales. Il ne s'agit pas simplement d'une autre bo\u00eete de rangement ; c'est un syst\u00e8me fonctionnel con\u00e7u pour apporter de l'ordre, de la sophistication et une touche de style personnel \u00e0 chaque coin de votre maison. Fabriqu\u00e9 en acrylique de haute qualit\u00e9, ce plateau est le mariage parfait de la robustesse et du style, pr\u00eat \u00e0 transformer vos surfaces en d\u00e9sordre en pr\u00e9sentations intentionnelles et soign\u00e9es.<\/p>\n<p><img fetchpriority=\"high\" decoding=\"async\" class=\"size-full wp-image-1306\" src=\"https:\/\/customacrylicproduct.com\/wp-content\/uploads\/2025\/07\/Acrylic-Tray-Counter-2.jpg\" alt=\"Comptoir \u00e0 plateaux en acrylique\" width=\"800\" height=\"800\" srcset=\"https:\/\/customacrylicproduct.com\/wp-content\/uploads\/2025\/07\/Acrylic-Tray-Counter-2.jpg 800w, https:\/\/customacrylicproduct.com\/wp-content\/uploads\/2025\/07\/Acrylic-Tray-Counter-2-300x300.jpg 300w, https:\/\/customacrylicproduct.com\/wp-content\/uploads\/2025\/07\/Acrylic-Tray-Counter-2-150x150.jpg 150w, https:\/\/customacrylicproduct.com\/wp-content\/uploads\/2025\/07\/Acrylic-Tray-Counter-2-768x768.jpg 768w, https:\/\/customacrylicproduct.com\/wp-content\/uploads\/2025\/07\/Acrylic-Tray-Counter-2-600x600.jpg 600w, https:\/\/customacrylicproduct.com\/wp-content\/uploads\/2025\/07\/Acrylic-Tray-Counter-2-100x100.jpg 100w\" sizes=\"(max-width: 800px) 100vw, 800px\" \/><\/p>\n<h4 id=\"-exquisite-design-meets-superior-workmanship-\"><strong>Un design exquis pour une qualit\u00e9 de fabrication sup\u00e9rieure<\/strong><\/h4>\n<p>Au c\u0153ur de notre plateau pour coordinateur se trouve un d\u00e9vouement \u00e0 des attraits visuels nets et modernes. La silhouette carr\u00e9e et lisse, avec ses lignes nettes et pr\u00e9cises, offre une sensibilit\u00e9 moderne qui s'int\u00e8gre \u00e0 tous les d\u00e9cors, qu'ils soient ultra-minimalistes ou luxueusement extravagants. La construction solide et coh\u00e9rente donne un sentiment de s\u00e9curit\u00e9 et de durabilit\u00e9, tandis que les c\u00f4t\u00e9s sur\u00e9lev\u00e9s garantissent que tous vos articles de base restent bien en place, \u00e9vitant ainsi les d\u00e9versements et les chutes.<\/p>\n<p>L'ajout de deux poign\u00e9es d\u00e9coup\u00e9es parfaitement int\u00e9gr\u00e9es est un attribut crucial qui fait passer ce plateau du statut de simple contenant \u00e0 celui d'\u00e9l\u00e9ment de d\u00e9coration absolument fonctionnel. Ces poign\u00e9es ne sont pas seulement un ajout utile ; elles constituent un \u00e9l\u00e9ment de style en soi, car elles maintiennent le profil \u00e9l\u00e9gant du plateau tout en offrant une portabilit\u00e9 simple et facile. Transportez facilement votre caf\u00e9 du matin sur la terrasse, votre collection de produits de soin de la chambre \u00e0 la salle de bain, ou servez des boissons m\u00e9lang\u00e9es \u00e0 vos invit\u00e9s avec gr\u00e2ce et commodit\u00e9.<\/p>\n<p>Le v\u00e9ritable int\u00e9r\u00eat de ce plateau r\u00e9side dans son mat\u00e9riau. Fabriqu\u00e9 en acrylique de haute qualit\u00e9, il offre l'excellente clart\u00e9 et la beaut\u00e9 du verre sans sa fragilit\u00e9. Ce produit durable est incassable, ce qui en fait un choix plus s\u00fbr et plus r\u00e9sistant pour les familles actives, en particulier dans les cuisines et les salles de bains. Il est remarquablement l\u00e9ger tout en \u00e9tant extr\u00eamement r\u00e9sistant, et sa surface non poreuse est imperm\u00e9able \u00e0 l'eau et exceptionnellement facile \u00e0 nettoyer. Un simple coup de chiffon humide suffit \u00e0 \u00e9liminer les \u00e9claboussures, la poussi\u00e8re ou les taches de maquillage, pour que votre plateau conserve son aspect neuf pendant de nombreuses ann\u00e9es.<\/p>\n<p><img decoding=\"async\" class=\"aligncenter wp-image-1308 size-large\" src=\"https:\/\/customacrylicproduct.com\/wp-content\/uploads\/2025\/07\/Acrylic-Tray-Counter-4-1024x1024.jpg\" alt=\"Comptoir \u00e0 plateaux en acrylique (4)\" width=\"1024\" height=\"1024\" srcset=\"https:\/\/customacrylicproduct.com\/wp-content\/uploads\/2025\/07\/Acrylic-Tray-Counter-4-1024x1024.jpg 1024w, https:\/\/customacrylicproduct.com\/wp-content\/uploads\/2025\/07\/Acrylic-Tray-Counter-4-300x300.jpg 300w, https:\/\/customacrylicproduct.com\/wp-content\/uploads\/2025\/07\/Acrylic-Tray-Counter-4-150x150.jpg 150w, https:\/\/customacrylicproduct.com\/wp-content\/uploads\/2025\/07\/Acrylic-Tray-Counter-4-768x768.jpg 768w, https:\/\/customacrylicproduct.com\/wp-content\/uploads\/2025\/07\/Acrylic-Tray-Counter-4-600x600.jpg 600w, https:\/\/customacrylicproduct.com\/wp-content\/uploads\/2025\/07\/Acrylic-Tray-Counter-4-100x100.jpg 100w, https:\/\/customacrylicproduct.com\/wp-content\/uploads\/2025\/07\/Acrylic-Tray-Counter-4.jpg 1500w\" sizes=\"(max-width: 1024px) 100vw, 1024px\" \/><\/p>\n<h4 id=\"-a-combination-to-perfect-your-space-\"><strong>Une combinaison pour parfaire votre espace<\/strong><\/h4>\n<p>Nous comprenons que le design personnel est primordial. C'est pourquoi notre plateau coordinateur en polym\u00e8re est disponible dans une s\u00e9rie de couleurs m\u00e9ticuleusement choisies, chacune \u00e9tant cr\u00e9\u00e9e pour stimuler une humeur diff\u00e9rente et s'harmoniser avec votre d\u00e9coration d'int\u00e9rieur.<\/p>\n<ul>\n<li><strong>Blanc standard :\u00a0<\/strong>Comme on peut le voir sur une excellente surface en marbre, le plateau blanc non transparent est l'exemple m\u00eame de l'\u00e9l\u00e9gance pure et calme. Il offre une toile brillante et neutre qui met en valeur les objets qu'il contient. Il est parfait pour cr\u00e9er une ambiance de bord de mer avec des coquillages ornementaux, une ambiance de spa dans la salle d'eau ou une recherche de nettet\u00e9 et d'ordre dans une cuisine d'inspiration scandinave.<\/li>\n<li><strong>Noir sophistiqu\u00e9 :\u00a0<\/strong>Pour une touche de drame et de haut de gamme \u00e9vident, le plateau noir brillant est un choix parfait. Il cr\u00e9e un contraste sensationnel avec les comptoirs de cuisine plus clairs, transformant une collection moyenne de parfums et de cosm\u00e9tiques en un pr\u00e9sentoir haut de gamme \u00e9voquant un magasin de luxe. Le plateau noir ajoute de la profondeur et de l'\u00e9l\u00e9gance, ce qui en fait un excellent choix pour un lieu de travail contemporain, un salon chic ou un meuble-lavabo glamour.<\/li>\n<li><strong>Cristal clair :\u00a0<\/strong>Acceptez le minimalisme moderne avec le plateau transparent. Son aspect \u00e0 peine visible permet de faire ressortir le charme de vos surfaces, qu'il s'agisse d'un bois abondant ou d'un marbre \u00e9l\u00e9gant. Ce choix est excellent pour ceux qui veulent de la compagnie sans poids visuel. Vous verrez vos accessoires pr\u00e9f\u00e9r\u00e9s, comme une montre traditionnelle et des lunettes de soleil \u00e9l\u00e9gantes, flotter dans un espace merveilleusement d\u00e9gag\u00e9, ajoutant une couche de brillance sans surcharger le d\u00e9cor.<\/li>\n<li><strong>Orange vif :\u00a0<\/strong>Faites une d\u00e9claration audacieuse avec notre superbe plateau orange. Cette touche de couleur dynamique est destin\u00e9e aux d\u00e9corateurs positifs qui ne craignent pas de partager leur personnalit\u00e9. Il peut dynamiser un espace neutre, servir de point de mire sur une table basse ou apporter une touche ludique \u00e0 un bureau. C'est une affirmation du design, qui prouve que l'organisation peut \u00eatre agr\u00e9able et pleine de vie.<\/li>\n<\/ul>\n<p><img decoding=\"async\" class=\"aligncenter wp-image-1307 size-large\" src=\"https:\/\/customacrylicproduct.com\/wp-content\/uploads\/2025\/07\/Acrylic-Tray-Counter-3-1024x1024.jpg\" alt=\"Comptoir \u00e0 plateaux en acrylique (3)\" width=\"1024\" height=\"1024\" srcset=\"https:\/\/customacrylicproduct.com\/wp-content\/uploads\/2025\/07\/Acrylic-Tray-Counter-3-1024x1024.jpg 1024w, https:\/\/customacrylicproduct.com\/wp-content\/uploads\/2025\/07\/Acrylic-Tray-Counter-3-300x300.jpg 300w, https:\/\/customacrylicproduct.com\/wp-content\/uploads\/2025\/07\/Acrylic-Tray-Counter-3-150x150.jpg 150w, https:\/\/customacrylicproduct.com\/wp-content\/uploads\/2025\/07\/Acrylic-Tray-Counter-3-768x768.jpg 768w, https:\/\/customacrylicproduct.com\/wp-content\/uploads\/2025\/07\/Acrylic-Tray-Counter-3-600x600.jpg 600w, https:\/\/customacrylicproduct.com\/wp-content\/uploads\/2025\/07\/Acrylic-Tray-Counter-3-100x100.jpg 100w, https:\/\/customacrylicproduct.com\/wp-content\/uploads\/2025\/07\/Acrylic-Tray-Counter-3.jpg 1500w\" sizes=\"(max-width: 1024px) 100vw, 1024px\" \/><\/p>\n<h4 id=\"-infinite-possibilities-a-tray-for-every-single-space-\"><strong>Des possibilit\u00e9s infinies : Un plateau pour chaque espace<\/strong><\/h4>\n<p>Le v\u00e9ritable attrait de ce plateau en acrylique r\u00e9side dans sa commodit\u00e9 illimit\u00e9e. Sa fonctionnalit\u00e9 n'est limit\u00e9e que par votre cr\u00e9ativit\u00e9.<\/p>\n<ul>\n<li><strong>Le centre de commandement de l'espace cuisine :\u00a0<\/strong>Comme son nom l'indique, ce plateau est un v\u00e9ritable concentr\u00e9 de puissance dans la cuisine. Utilisez-le pour cr\u00e9er une station de caf\u00e9 ou de th\u00e9 propre, en rassemblant votre sucrier, votre lotion et vos tasses pr\u00e9f\u00e9r\u00e9es. Placez les huiles de cuisine, les vinaigres et les assaisonnements \u00e0 c\u00f4t\u00e9 de la table de cuisson pour un acc\u00e8s tr\u00e8s facile tout en prot\u00e9geant vos comptoirs. Vous pouvez \u00e9galement l'utiliser comme un \u00e9l\u00e9gant plateau de service pour les ap\u00e9ritifs et les boissons lors d'une soir\u00e9e.<\/li>\n<li><strong>Le sanctuaire des toilettes et des vanit\u00e9s :\u00a0<\/strong>Transformez le comptoir de votre salle de bains en un lieu paisible, digne d'un spa. Pr\u00e9parez proprement vos produits de soins quotidiens, votre maquillage, vos pinceaux et vos parfums. La surface acrylique r\u00e9sistante \u00e0 l'eau est id\u00e9ale pour les salles de bains humides. Associez-le \u00e0 un diffuseur \u00e0 roseaux, comme illustr\u00e9, pour cr\u00e9er une exp\u00e9rience sensorielle compl\u00e8te d'ordre et de tranquillit\u00e9.<\/li>\n<li><strong>Le sanctuaire de la chambre \u00e0 coucher et de l'armoire :\u00a0<\/strong>Finie la recherche fr\u00e9n\u00e9tique de vos appareils pr\u00e9f\u00e9r\u00e9s. Utilisez le plateau sur votre commode ou votre table de nuit comme un \u201cfourre-tout\u201d avanc\u00e9 pour votre montre, vos bracelets, vos bagues et vos lunettes de soleil. Il constitue un lieu d'accueil privil\u00e9gi\u00e9 pour vos objets de base quotidiens, les maintenant en s\u00e9curit\u00e9, rang\u00e9s et merveilleusement pr\u00e9sent\u00e9s.<\/li>\n<li><strong>L'entr\u00e9e accueillante :\u00a0<\/strong>Faites bonne impression. Placez le plateau sur une console d'entr\u00e9e pour cr\u00e9er une zone d'atterrissage organis\u00e9e pour les secrets, le courrier, les portefeuilles et les t\u00e9l\u00e9phones. Il d\u00e9sencombre rapidement la premi\u00e8re pi\u00e8ce que vous voyez en rentrant chez vous, donnant un ton de paix et d'ordre au reste de votre maison.<\/li>\n<li><strong>Le styliste du salon :\u00a0<\/strong>Rehaussez le design de votre table basse ou de votre ottoman. Utilisez le plateau pour s\u00e9curiser votre d\u00e9coration, en organisant ensemble des t\u00e9l\u00e9commandes, une bougie parfum\u00e9e, une petite plante et des sous-verres. Vous obtiendrez ainsi un aspect naturel et volontaire qui vous donnera l'impression d'avoir \u00e9t\u00e9 stylis\u00e9 de fa\u00e7on experte.<\/li>\n<li><strong>Le bureau productif :\u00a0<\/strong>Am\u00e9liorez votre concentration en d\u00e9sencombrant votre espace de travail. Ce plateau est parfaitement dimensionn\u00e9 pour ranger stylos, blocs-notes, trombones et autres produits de bureau, vous aidant ainsi \u00e0 maintenir une atmosph\u00e8re propre et motivante, propice \u00e0 la productivit\u00e9.<\/li>\n<\/ul>\n<h3 id=\"-embrace-a-life-of-stylish-order-\"><strong>Adopter un style de vie ordonn\u00e9<\/strong><\/h3>\n<p>Ce plateau d'organisation en acrylique pour comptoir est plus qu'un simple objet, c'est une am\u00e9lioration du mode de vie. C'est un service simple et charmant qui r\u00e9pond \u00e0 l'\u00e9ternel probl\u00e8me du d\u00e9sordre. C'est un investissement financier dans la tranquillit\u00e9, l'expression d'un design personnel et un t\u00e9moignage du concept selon lequel les objets utiles peuvent, et doivent, \u00eatre beaux.<\/p>\n<p>Choisissez la couleur qui vous parle et d\u00e9couvrez le pouvoir de transformation d'une entreprise sophistiqu\u00e9e. Apportez de l'harmonie \u00e0 vos plans de travail, de la qualit\u00e9 \u00e0 vos habitudes et une touche de design innovant \u00e0 votre vie quotidienne. Commandez le v\u00f4tre d\u00e8s aujourd'hui et commencez le voyage vers une maison plus attrayante et mieux organis\u00e9e.<\/p>","protected":false},"excerpt":{"rendered":"<p>Organisez avec style gr\u00e2ce \u00e0 ce plateau moderne en acrylique. Son design \u00e9l\u00e9gant et durable est parfait pour d\u00e9sencombrer n'importe quel comptoir. Utilisez-le dans la cuisine pour les \u00e9pices, sur une coiffeuse pour les parfums ou dans l'entr\u00e9e pour les cl\u00e9s. Il est dot\u00e9 de poign\u00e9es int\u00e9gr\u00e9es pratiques pour un transport ais\u00e9.<\/p>","protected":false},"featured_media":1306,"template":"","meta":{"_kad_post_transparent":"default","_kad_post_title":"","_kad_post_layout":"default","_kad_post_sidebar_id":"","_kad_post_content_style":"default","_kad_post_vertical_padding":"default","_kad_post_feature":"","_kad_post_feature_position":"","_kad_post_header":false,"_kad_post_footer":false,"_kad_post_classname":""},"product_brand":[],"product_cat":[22],"product_tag":[125],"class_list":{"0":"post-1304","1":"product","2":"type-product","3":"status-publish","4":"has-post-thumbnail","6":"product_cat-custom-acrylic-trays","7":"product_tag-acrylic-tray","9":"first","10":"instock","11":"shipping-taxable","12":"product-type-simple","13":"entry","14":"content-bg","15":"loop-entry"},"_links":{"self":[{"href":"https:\/\/customacrylicproduct.com\/fr\/wp-json\/wp\/v2\/product\/1304","targetHints":{"allow":["GET"]}}],"collection":[{"href":"https:\/\/customacrylicproduct.com\/fr\/wp-json\/wp\/v2\/product"}],"about":[{"href":"https:\/\/customacrylicproduct.com\/fr\/wp-json\/wp\/v2\/types\/product"}],"wp:featuredmedia":[{"embeddable":true,"href":"https:\/\/customacrylicproduct.com\/fr\/wp-json\/wp\/v2\/media\/1306"}],"wp:attachment":[{"href":"https:\/\/customacrylicproduct.com\/fr\/wp-json\/wp\/v2\/media?parent=1304"}],"wp:term":[{"taxonomy":"product_brand","embeddable":true,"href":"https:\/\/customacrylicproduct.com\/fr\/wp-json\/wp\/v2\/product_brand?post=1304"},{"taxonomy":"product_cat","embeddable":true,"href":"https:\/\/customacrylicproduct.com\/fr\/wp-json\/wp\/v2\/product_cat?post=1304"},{"taxonomy":"product_tag","embeddable":true,"href":"https:\/\/customacrylicproduct.com\/fr\/wp-json\/wp\/v2\/product_tag?post=1304"}],"curies":[{"name":"wp","href":"https:\/\/api.w.org\/{rel}","templated":true}]}}