{"id":1322,"date":"2025-07-20T07:18:12","date_gmt":"2025-07-20T07:18:12","guid":{"rendered":"https:\/\/customacrylicproduct.com\/?post_type=product&#038;p=1322"},"modified":"2025-07-20T07:18:12","modified_gmt":"2025-07-20T07:18:12","slug":"acrylic-watch-stand-watch-displays-clear-single-display","status":"publish","type":"product","link":"https:\/\/customacrylicproduct.com\/fr\/acrylic-watch-stand-watch-displays-clear-single-display\/","title":{"rendered":"Pr\u00e9sentoir de montre en acrylique Pr\u00e9sentoirs de montre transparents Pr\u00e9sentoir simple"},"content":{"rendered":"<h3 id=\"elevate-your-treasures-the-ultimate-crystal-clear-polymer-present-stands-for-watches-jewelry-and-collectibles\">Mettez en valeur vos tr\u00e9sors : Le nec plus ultra des pr\u00e9sentoirs en polym\u00e8re cristallin pour les montres, les bijoux et les objets de collection<\/h3>\n<p>Dans un monde de narration visuelle, la mani\u00e8re dont vous pr\u00e9sentez vos produits les plus pr\u00e9cieux est aussi essentielle que les articles eux-m\u00eames. Une montre exceptionnelle, un bijou fragile ou une pi\u00e8ce de collection pris\u00e9e peuvent perdre leur effet s'ils sont pos\u00e9s \u00e0 plat ou cach\u00e9s dans un \u00e9cran d'affichage d\u00e9sordonn\u00e9. Ce dont vous avez besoin, c'est d'un stand qui apporte du prestige sans d\u00e9tourner l'attention, d'une sc\u00e8ne qui \u00e9l\u00e8ve sans dominer. Voici les blocs d'exposition en polym\u00e8re solide, le rem\u00e8de id\u00e9al pour transformer n'importe quel objet en une exposition de qualit\u00e9 mus\u00e9ale.<\/p>\n<p>Ces supports en acrylique solide et d'une clart\u00e9 irr\u00e9prochable sont l'incarnation de l'\u00e9l\u00e9gance minimale. Con\u00e7us pour les vendeurs, les photographes, les agences de collection et toute personne soucieuse d'une pr\u00e9sentation sophistiqu\u00e9e, ils produisent un effet \u201cflottant\u201d sensationnel qui attire l'attention sur l'objet en question. Qu'il s'agisse d'am\u00e9nager la vitrine d'une boutique haut de gamme, de prendre des photos num\u00e9riques de produits ou d'organiser votre collection personnelle \u00e0 la maison, ces supports constituent la base ordonn\u00e9e, contemporaine et polyvalente dont vous avez besoin pour que vos produits soient absolument rayonnants.<\/p>\n<p><img fetchpriority=\"high\" decoding=\"async\" class=\"size-full wp-image-1325\" src=\"https:\/\/customacrylicproduct.com\/wp-content\/uploads\/2025\/07\/Acrylic-Watch-Stand-Watch-Displays-3.jpg\" alt=\"Supports de montres en acrylique Pr\u00e9sentoirs de montres (3)\" width=\"800\" height=\"800\" srcset=\"https:\/\/customacrylicproduct.com\/wp-content\/uploads\/2025\/07\/Acrylic-Watch-Stand-Watch-Displays-3.jpg 800w, https:\/\/customacrylicproduct.com\/wp-content\/uploads\/2025\/07\/Acrylic-Watch-Stand-Watch-Displays-3-300x300.jpg 300w, https:\/\/customacrylicproduct.com\/wp-content\/uploads\/2025\/07\/Acrylic-Watch-Stand-Watch-Displays-3-150x150.jpg 150w, https:\/\/customacrylicproduct.com\/wp-content\/uploads\/2025\/07\/Acrylic-Watch-Stand-Watch-Displays-3-768x768.jpg 768w, https:\/\/customacrylicproduct.com\/wp-content\/uploads\/2025\/07\/Acrylic-Watch-Stand-Watch-Displays-3-600x600.jpg 600w, https:\/\/customacrylicproduct.com\/wp-content\/uploads\/2025\/07\/Acrylic-Watch-Stand-Watch-Displays-3-100x100.jpg 100w\" sizes=\"(max-width: 800px) 100vw, 800px\" \/><\/p>\n<h4 id=\"-unparalleled-quality-premium-craftsmanship-\"><strong>Une qualit\u00e9 in\u00e9gal\u00e9e et un savoir-faire de premier ordre<\/strong><\/h4>\n<p>Au c\u0153ur de ces pr\u00e9sentoirs se trouve la qualit\u00e9 exceptionnelle de leur mat\u00e9riau. Chaque bloc est fabriqu\u00e9 \u00e0 partir d'une seule pi\u00e8ce solide d'acrylique cristallin de premi\u00e8re qualit\u00e9. Il ne s'agit pas du plastique creux et l\u00e9ger que vous pouvez trouver ailleurs. Nos stands sont importants, r\u00e9sistants et pr\u00e9sentent une ouverture magnifique, semblable \u00e0 celle du verre, qui permet \u00e0 la lumi\u00e8re de circuler et d'\u00e9clairer vos produits sous tous les angles. Le r\u00e9sultat est un effet brillant et luminescent qui met en valeur la beaut\u00e9 naturelle, les d\u00e9tails et les couleurs vives de ce que vous choisissez de montrer.<\/p>\n<p>Chaque bloc fait l'objet d'une proc\u00e9dure de finition minutieuse, y compris le polissage au diamant de toutes les ar\u00eates. Cette m\u00e9thode permet d'obtenir une surface parfaitement lisse, sans couture et optiquement pure, sans ar\u00eates vives ni taches sombres. Les c\u00f4t\u00e9s affin\u00e9s captent et r\u00e9fractent magnifiquement la lumi\u00e8re, ajoutant un \u00e9clat raffin\u00e9 qui compl\u00e8te l'un des produits les plus glamour, de l'\u00e9clat d'une montre en or au feu d'une bague en diamant. Contrairement au verre, notre polym\u00e8re haute densit\u00e9 est nettement plus r\u00e9sistant aux chocs et plus l\u00e9ger, ce qui en fait un choix plus s\u00fbr et plus judicieux pour les magasins tr\u00e8s fr\u00e9quent\u00e9s et les particuliers. Il est \u00e9galement r\u00e9sistant aux UV, ce qui garantit qu'il ne jaunira pas avec le temps et qu'il conservera sa magnifique clart\u00e9 pendant plusieurs ann\u00e9es.<\/p>\n<p><img decoding=\"async\" class=\"size-full wp-image-1324\" src=\"https:\/\/customacrylicproduct.com\/wp-content\/uploads\/2025\/07\/Acrylic-Watch-Stand-Watch-Displays-2.jpg\" alt=\"Support de montre en acrylique Pr\u00e9sentoirs de montres (2)\" width=\"800\" height=\"800\" srcset=\"https:\/\/customacrylicproduct.com\/wp-content\/uploads\/2025\/07\/Acrylic-Watch-Stand-Watch-Displays-2.jpg 800w, https:\/\/customacrylicproduct.com\/wp-content\/uploads\/2025\/07\/Acrylic-Watch-Stand-Watch-Displays-2-300x300.jpg 300w, https:\/\/customacrylicproduct.com\/wp-content\/uploads\/2025\/07\/Acrylic-Watch-Stand-Watch-Displays-2-150x150.jpg 150w, https:\/\/customacrylicproduct.com\/wp-content\/uploads\/2025\/07\/Acrylic-Watch-Stand-Watch-Displays-2-768x768.jpg 768w, https:\/\/customacrylicproduct.com\/wp-content\/uploads\/2025\/07\/Acrylic-Watch-Stand-Watch-Displays-2-600x600.jpg 600w, https:\/\/customacrylicproduct.com\/wp-content\/uploads\/2025\/07\/Acrylic-Watch-Stand-Watch-Displays-2-100x100.jpg 100w\" sizes=\"(max-width: 800px) 100vw, 800px\" \/><\/p>\n<h4 id=\"-a-masterclass-in-minimalist-layout-\"><strong>Une classe de ma\u00eetre en mati\u00e8re de mise en page minimaliste<\/strong><\/h4>\n<p>L'id\u00e9ologie qui sous-tend ces blocs d'\u00e9cran est simple : la vraie beaut\u00e9 est discr\u00e8te. Les lignes \u00e9pur\u00e9es et la puret\u00e9 g\u00e9om\u00e9trique des cubes et des colonnes montantes en forme de rectangle sont d\u00e9lib\u00e9r\u00e9ment minimalistes. Ce choix de style fait en sorte que le support ne prenne jamais l'apparence d'un objet. Au contraire, il devient une structure ind\u00e9tectable qui soutient et renforce l'objet. La nature claire du stand le fait pratiquement dispara\u00eetre, cr\u00e9ant une pr\u00e9sentation \u00e9th\u00e9r\u00e9e et flottante qui stup\u00e9fie le public.<\/p>\n<p>Imaginez une montre chronographe spectaculaire, comme celle visualis\u00e9e avec le cadran bleu audacieux, relativement suspendue dans les airs. Imaginez un d\u00e9licat bracelet de perles, dont l'\u00e9clat doux est amplifi\u00e9 par la surface brillante et bien rang\u00e9e qui se trouve en dessous. Tel est le pouvoir du design minimal. Il se d\u00e9barrasse de tout bruit esth\u00e9tique, ce qui permet \u00e0 l'artisanat de la montre, \u00e0 l'\u00e9clat des tr\u00e9sors et \u00e0 l'art de l'objet de collection de prendre le devant de la sc\u00e8ne. La base r\u00e9fl\u00e9chissante du bloc donne en outre une image miroir raffin\u00e9e et \u00e9l\u00e9gante, ajoutant de la profondeur et une touche professionnelle \u00e0 votre pr\u00e9sentation.<\/p>\n<p><img decoding=\"async\" class=\"size-full wp-image-1323\" src=\"https:\/\/customacrylicproduct.com\/wp-content\/uploads\/2025\/07\/Acrylic-Watch-Stand-Watch-Displays-1.jpg\" alt=\"Support de montre en acrylique Pr\u00e9sentoirs de montres (1)\" width=\"800\" height=\"800\" srcset=\"https:\/\/customacrylicproduct.com\/wp-content\/uploads\/2025\/07\/Acrylic-Watch-Stand-Watch-Displays-1.jpg 800w, https:\/\/customacrylicproduct.com\/wp-content\/uploads\/2025\/07\/Acrylic-Watch-Stand-Watch-Displays-1-300x300.jpg 300w, https:\/\/customacrylicproduct.com\/wp-content\/uploads\/2025\/07\/Acrylic-Watch-Stand-Watch-Displays-1-150x150.jpg 150w, https:\/\/customacrylicproduct.com\/wp-content\/uploads\/2025\/07\/Acrylic-Watch-Stand-Watch-Displays-1-768x768.jpg 768w, https:\/\/customacrylicproduct.com\/wp-content\/uploads\/2025\/07\/Acrylic-Watch-Stand-Watch-Displays-1-600x600.jpg 600w, https:\/\/customacrylicproduct.com\/wp-content\/uploads\/2025\/07\/Acrylic-Watch-Stand-Watch-Displays-1-100x100.jpg 100w\" sizes=\"(max-width: 800px) 100vw, 800px\" \/><\/p>\n<h4 id=\"-the-ultimate-display-remedy-unparalleled-convenience-\"><strong>Le rem\u00e8de ultime \u00e0 l'affichage : Une commodit\u00e9 in\u00e9gal\u00e9e<\/strong><\/h4>\n<p>Bien qu'ils soient \u00e9tiquet\u00e9s comme des supports de montre, leur utilisation n'est limit\u00e9e que par votre imagination. Les diff\u00e9rentes formes et tailles - des cubes imposants aux \u00e9l\u00e9vateurs \u00e9l\u00e9gants et discrets - font de cette collection l'un des dispositifs d'affichage les plus polyvalents du march\u00e9.<\/p>\n<ul>\n<li><strong>Pour l'horloger et le bijoutier :\u00a0<\/strong>Ces supports sont indispensables pour tout type d'exposition de montres ou de bijoux fantaisie. Les grands d\u00e9s offrent une plate-forme audacieuse et masculine pour les montres \u00e0 d\u00e9claration, qu'il s'agisse de plongeurs robustes ou de montres habill\u00e9es \u00e9l\u00e9gantes. Les cubes plus petits et les \u00e9l\u00e9vateurs en forme de rectangle sont parfaits pour mettre en valeur les montres f\u00e9minines d\u00e9licates, les bracelets complexes, les bagues de participation, les alliances et m\u00eame les petites boucles d'oreilles. Comme le montrent les images, une seule bague en or massif devient un objet de d\u00e9sir lorsqu'elle est plac\u00e9e sur sa propre phase immacul\u00e9e, et une collection de bracelets peut \u00eatre dispos\u00e9e avec art sur plusieurs blocs.<\/li>\n<li><strong>Pour le photographe professionnel sp\u00e9cialis\u00e9 :\u00a0<\/strong>R\u00e9alisez facilement des photos de produits dignes d'un magazine. Ces blocs acryliques sont les amis des photographes professionnels. Ils offrent une surface ordonn\u00e9e, neutre et propice \u00e0 la r\u00e9flexion, ce qui facilite la post-production. Ils \u00e9liminent les histoires distrayantes et vous permettent de r\u00e9gler l'\u00e9clairage pour mettre en valeur chaque \u00e9l\u00e9ment et information de votre produit. Utilisez-les pour cr\u00e9er des plans s\u00e9curis\u00e9s \u00e0 plusieurs niveaux pour les photos de groupe ou pour s\u00e9parer un \u00e9l\u00e9ment solitaire du h\u00e9ros pour un effet remarquable.<\/li>\n<li><strong>Pour l'agence de recouvrement et l'amateur avide :\u00a0<\/strong>Votre enthousiasme doit avoir un \u00e9cran d'affichage digne de ce nom. Exposez votre collection d'\u00e9chantillons de min\u00e9raux, de cristaux de r\u00e9cup\u00e9ration, de pi\u00e8ces de monnaie anciennes, de figurines d\u00e9taill\u00e9es ou de produits cosm\u00e9tiques haut de gamme tels que des flacons de parfum et des tubes de rouge \u00e0 l\u00e8vres. Les supports prot\u00e8gent vos objets des surfaces tout en les organisant en une galerie visuellement spectaculaire sur n'importe quel type d'\u00e9tag\u00e8re, de bureau ou d'armoire d'exposition.<\/li>\n<li><strong>Pour l'excellence dans le commerce de d\u00e9tail et l'industrie :\u00a0<\/strong>Dans un environnement de vente au d\u00e9tail abordable, la pr\u00e9sentation est primordiale. Utilisez ces blocs pour construire des vitrines attrayantes, d\u00e9velopper une hi\u00e9rarchie visuelle dans une vitrine ou mettre en valeur les articles inclus dans un comptoir de cuisine. Ils rehaussent instantan\u00e9ment la valeur de votre produit, attirent les clients et transforment les visiteurs en clients. Ils constituent un outil essentiel pour les expositions, les foires artisanales et les boutiques \u00e9ph\u00e9m\u00e8res, o\u00f9 il est essentiel de faire une bonne premi\u00e8re impression.<\/li>\n<\/ul>\n<h4 id=\"-curate-your-vision-mix-suit-and-mesmerize-\"><strong>\u00c9laborez votre vision : M\u00e9langez, adaptez et s\u00e9duisez<\/strong><\/h4>\n<p>La v\u00e9ritable force de cette collection r\u00e9side dans sa modularit\u00e9. Les images pr\u00e9sentent des ensembles de diff\u00e9rentes tailles, ce qui vous permet de devenir le conservateur de votre propre espace. Utilisez un seul grand bloc pour cr\u00e9er un point focal audacieux. Installez une collection de dimensions descendantes pour guider l'\u0153il dans un voyage visuel. Ou encore, empilez les colonnes montantes rectangulaires pour cr\u00e9er des \u00e9crans d'affichage vibrants, \u00e0 plusieurs niveaux, qui donnent de la profondeur et de l'int\u00e9r\u00eat \u00e0 votre installation.<\/p>\n<p>Ce syst\u00e8me vous permet de d\u00e9velopper une pr\u00e9sentation coh\u00e9rente et dynamique. Vous pouvez diviser les produits pour les mettre en valeur ou les regrouper en collections th\u00e9matiques. Dans votre maison, vous pouvez enfin organiser votre armoire ou votre meuble-lavabo, en offrant \u00e0 chacun de vos appareils pr\u00e9f\u00e9r\u00e9s un emplacement unique. Dans un magasin, vous pouvez modifier votre pr\u00e9sentation en quelques minutes, ce qui vous permet de maintenir un niveau de fra\u00eecheur, d'originalit\u00e9 et de professionnalisme.<\/p>\n<p>Donnez \u00e0 vos objets les plus pr\u00e9cieux et les plus utiles l'attention qu'ils m\u00e9ritent. D\u00e9passez le simple stockage et acceptez l'art de la discussion.<\/p>\n<p><strong>Commandez d\u00e8s aujourd'hui votre ensemble de supports de pr\u00e9sentation en acrylique solide et transparent et transformez votre \u00e9cran d'affichage de normal \u00e0 extraordinaire.<\/strong><\/p>","protected":false},"excerpt":{"rendered":"<p class=\"ng-star-inserted\"><span class=\"ng-star-inserted\">Offrez \u00e0 vos montres et \u00e0 vos bijoux la pr\u00e9sentation qu'ils m\u00e9ritent avec ces blocs en acrylique cristallin. Le design solide et poli offre une vitrine \u00e9l\u00e9gante et moderne pour votre collection. Disponibles en diff\u00e9rentes tailles, ils cr\u00e9ent un effet de flottement \u00e9l\u00e9gant, faisant de vos pi\u00e8ces pr\u00e9f\u00e9r\u00e9es le centre de l'attention.<\/span><\/p>","protected":false},"featured_media":1324,"template":"","meta":{"_kad_post_transparent":"default","_kad_post_title":"","_kad_post_layout":"default","_kad_post_sidebar_id":"","_kad_post_content_style":"default","_kad_post_vertical_padding":"default","_kad_post_feature":"","_kad_post_feature_position":"","_kad_post_header":false,"_kad_post_footer":false,"_kad_post_classname":""},"product_brand":[],"product_cat":[15],"product_tag":[138],"class_list":{"0":"post-1322","1":"product","2":"type-product","3":"status-publish","4":"has-post-thumbnail","6":"product_cat-custom-acrylic-displays","7":"product_tag-acrylic-watch-stand-watch-displays","9":"first","10":"instock","11":"shipping-taxable","12":"product-type-simple","13":"entry","14":"content-bg","15":"loop-entry"},"_links":{"self":[{"href":"https:\/\/customacrylicproduct.com\/fr\/wp-json\/wp\/v2\/product\/1322","targetHints":{"allow":["GET"]}}],"collection":[{"href":"https:\/\/customacrylicproduct.com\/fr\/wp-json\/wp\/v2\/product"}],"about":[{"href":"https:\/\/customacrylicproduct.com\/fr\/wp-json\/wp\/v2\/types\/product"}],"wp:featuredmedia":[{"embeddable":true,"href":"https:\/\/customacrylicproduct.com\/fr\/wp-json\/wp\/v2\/media\/1324"}],"wp:attachment":[{"href":"https:\/\/customacrylicproduct.com\/fr\/wp-json\/wp\/v2\/media?parent=1322"}],"wp:term":[{"taxonomy":"product_brand","embeddable":true,"href":"https:\/\/customacrylicproduct.com\/fr\/wp-json\/wp\/v2\/product_brand?post=1322"},{"taxonomy":"product_cat","embeddable":true,"href":"https:\/\/customacrylicproduct.com\/fr\/wp-json\/wp\/v2\/product_cat?post=1322"},{"taxonomy":"product_tag","embeddable":true,"href":"https:\/\/customacrylicproduct.com\/fr\/wp-json\/wp\/v2\/product_tag?post=1322"}],"curies":[{"name":"wp","href":"https:\/\/api.w.org\/{rel}","templated":true}]}}