{"id":1326,"date":"2025-07-20T07:31:04","date_gmt":"2025-07-20T07:31:04","guid":{"rendered":"https:\/\/customacrylicproduct.com\/?post_type=product&#038;p=1326"},"modified":"2025-07-20T07:31:04","modified_gmt":"2025-07-20T07:31:04","slug":"acrylic-trophy-contest-award-halloween-costume-awards","status":"publish","type":"product","link":"https:\/\/customacrylicproduct.com\/fr\/acrylic-trophy-contest-award-halloween-costume-awards\/","title":{"rendered":"Troph\u00e9e en acrylique Prix de concours Prix de costume d'Halloween"},"content":{"rendered":"<h3 id=\"crown-your-champions-of-enjoyable-the-ultimate-polymer-trophies-for-unforgettable-halloween-christmas-parties\">Couronnez vos champions de l'agr\u00e9able : Les troph\u00e9es ultimes en polym\u00e8re pour des f\u00eates d'Halloween et de No\u00ebl inoubliables<\/h3>\n<p>Chaque ann\u00e9e, l'impatience monte. Les armoires sont fouill\u00e9es, les armes adh\u00e9sives sont d\u00e9charg\u00e9es et l'imagination est pouss\u00e9e \u00e0 son paroxysme. De quoi ? Pour cette glorieuse nuit d'\u00e9v\u00e9nement o\u00f9 l'imagination cr\u00e9atrice r\u00e8gne en ma\u00eetre. Qu'il s'agisse de la cr\u00e9ativit\u00e9 d'une tenue d'Halloween qui donne la chair de poule ou de la ringardise d'un pull-over moche de No\u00ebl, ces initiatives m\u00e9ritent plus qu'un simple \u00e9loge. Elles devraient \u00eatre comm\u00e9mor\u00e9es.<\/p>\n<p>Voici la meilleure r\u00e9compense pour vos concours festifs : le\u00a0<strong>Collection d'honneur du concours du prix des polym\u00e8res\u00a0<\/strong>. Il ne s'agit pas d'un cadeau de f\u00eate ordinaire et l\u00e9ger. Il s'agit de souvenirs importants et magnifiquement con\u00e7us pour honorer les v\u00e9ritables champions de l'esprit de vacances. Avec des ensembles engag\u00e9s pour les comp\u00e9titions de tenues d'Halloween et les confrontations de manteaux de No\u00ebl moches, ces troph\u00e9es transforment les comp\u00e9titions amicales de votre f\u00eate en un \u00e9v\u00e9nement fabuleux, laissant \u00e0 vos champions un souvenir brillant qu'ils auront l'honneur d'exposer pendant de nombreuses ann\u00e9es.<\/p>\n<p><img fetchpriority=\"high\" decoding=\"async\" class=\"aligncenter wp-image-1329 size-large\" src=\"https:\/\/customacrylicproduct.com\/wp-content\/uploads\/2025\/07\/Acrylic-Trophy-3-1024x1024.jpg\" alt=\"Troph\u00e9e en acrylique (3)\" width=\"1024\" height=\"1024\" srcset=\"https:\/\/customacrylicproduct.com\/wp-content\/uploads\/2025\/07\/Acrylic-Trophy-3-1024x1024.jpg 1024w, https:\/\/customacrylicproduct.com\/wp-content\/uploads\/2025\/07\/Acrylic-Trophy-3-300x300.jpg 300w, https:\/\/customacrylicproduct.com\/wp-content\/uploads\/2025\/07\/Acrylic-Trophy-3-150x150.jpg 150w, https:\/\/customacrylicproduct.com\/wp-content\/uploads\/2025\/07\/Acrylic-Trophy-3-768x768.jpg 768w, https:\/\/customacrylicproduct.com\/wp-content\/uploads\/2025\/07\/Acrylic-Trophy-3-600x600.jpg 600w, https:\/\/customacrylicproduct.com\/wp-content\/uploads\/2025\/07\/Acrylic-Trophy-3-100x100.jpg 100w, https:\/\/customacrylicproduct.com\/wp-content\/uploads\/2025\/07\/Acrylic-Trophy-3.jpg 1386w\" sizes=\"(max-width: 1024px) 100vw, 1024px\" \/><\/p>\n<h4 id=\"-a-new-requirement-for-event-prizes-high-quality-you-can-see-and-feel-\"><strong>Une nouvelle exigence pour les prix des \u00e9v\u00e9nements : Une haute qualit\u00e9 visible et palpable<\/strong><\/h4>\n<p>Ne vous souvenez plus des arcs jetables ou des certificats ordinaires. Ces r\u00e9compenses sont con\u00e7ues pour impressionner. Chaque prix est fabriqu\u00e9 \u00e0 partir d'un acrylique \u00e9pais, de premi\u00e8re qualit\u00e9 et cristallin, ce qui lui conf\u00e8re un poids important et un aspect \u00e9tonnant, semblable \u00e0 celui du verre, sans en avoir la fragilit\u00e9. La forme octogonale sp\u00e9ciale est taill\u00e9e avec pr\u00e9cision, avec des c\u00f4t\u00e9s facett\u00e9s brillants et polis au diamant qui captent et r\u00e9fractent la lumi\u00e8re, ajoutant une touche d'\u00e9clat \u00e0 tout \u00e9cran d'affichage.<\/p>\n<p>D\u00e8s que votre gagnant tiendra l'un de ces prix, il saura qu'il s'agit de quelque chose d'unique. Il est \u00e0 la fois tendance et solide dans la main - un v\u00e9ritable t\u00e9moignage de sa victoire. La surface lisse et impeccable offre une toile id\u00e9ale pour les graphiques vivants en haute r\u00e9solution qui sont imprim\u00e9s avec une clart\u00e9 et un niveau de d\u00e9tail remarquables. Les motifs sont scell\u00e9s dans l'acrylique, ce qui garantit qu'ils ne s'\u00e9cailleront jamais, qu'ils ne se d\u00e9coloreront jamais et qu'ils ne s'\u00e9gratigneront jamais. Ces troph\u00e9es sont con\u00e7us pour durer et sugg\u00e8rent \u00e0 long terme une nuit remplie de rires, de cr\u00e9ativit\u00e9 et d'amusement.<\/p>\n<p><img decoding=\"async\" class=\"aligncenter wp-image-1330 size-large\" src=\"https:\/\/customacrylicproduct.com\/wp-content\/uploads\/2025\/07\/Acrylic-Trophy-4-1024x1024.jpg\" alt=\"Troph\u00e9e en acrylique (4)\" width=\"1024\" height=\"1024\" srcset=\"https:\/\/customacrylicproduct.com\/wp-content\/uploads\/2025\/07\/Acrylic-Trophy-4-1024x1024.jpg 1024w, https:\/\/customacrylicproduct.com\/wp-content\/uploads\/2025\/07\/Acrylic-Trophy-4-300x300.jpg 300w, https:\/\/customacrylicproduct.com\/wp-content\/uploads\/2025\/07\/Acrylic-Trophy-4-150x150.jpg 150w, https:\/\/customacrylicproduct.com\/wp-content\/uploads\/2025\/07\/Acrylic-Trophy-4-768x768.jpg 768w, https:\/\/customacrylicproduct.com\/wp-content\/uploads\/2025\/07\/Acrylic-Trophy-4-600x600.jpg 600w, https:\/\/customacrylicproduct.com\/wp-content\/uploads\/2025\/07\/Acrylic-Trophy-4-100x100.jpg 100w, https:\/\/customacrylicproduct.com\/wp-content\/uploads\/2025\/07\/Acrylic-Trophy-4.jpg 1427w\" sizes=\"(max-width: 1024px) 100vw, 1024px\" \/><\/p>\n<p>-.<\/p>\n<h4 id=\"-spooktacular-formality-the-halloween-costume-contest-honors-\"><strong>Une formalit\u00e9 qui fait froid dans le dos : Le concours de costumes d'Halloween Les honneurs<\/strong><\/h4>\n<p>Halloween est l'apog\u00e9e de la virtuosit\u00e9 en mati\u00e8re de d\u00e9guisements. Qu'ils soient terrifiants, pratiques ou joyeusement intelligents, vos invit\u00e9s ont mis du c\u0153ur \u00e0 l'ouvrage. Vous pouvez d\u00e9sormais leur donner la reconnaissance dont ils ont besoin gr\u00e2ce \u00e0 notre s\u00e9rie d'honneurs sur le th\u00e8me des squelettes, qui font froid dans le dos. Le design \u00e0 la fois vif et raffin\u00e9, qui comprend un squelette charismatique donnant un feu vert enthousiaste, trouve un excellent \u00e9quilibre entre l'effrayant et le divertissant, ce qui le rend appropri\u00e9 \u00e0 tout type d'environnement \u00e9v\u00e9nementiel.<\/p>\n<p>Cette collection comprend des prix pour tous les types de g\u00e9nie cr\u00e9atif :.<\/p>\n<ul>\n<li><strong>Meilleur costume :\u00a0<\/strong>Le grand prix ! Pour le costume parfaitement interpr\u00e9t\u00e9, d'une originalit\u00e9 \u00e0 couper le souffle et tout simplement remarquable.<\/li>\n<li><strong>Costume le plus effrayant :\u00a0<\/strong>Pour le d\u00e9veloppement qui a fait frissonner les visiteurs et les a fait sursauter. Ce prix r\u00e9compense le ma\u00eetre de l'effroi parmi vous.<\/li>\n<li><strong>Le costume le plus fou :\u00a0<\/strong>Rire est un prix en soi, mais ce prix est destin\u00e9 \u00e0 la personne dont le costume \u00e9tait une punchline ambulante, un jeu de mots cr\u00e9atif ou tout simplement hyst\u00e9rique.<\/li>\n<li><strong>Meilleure tenue de couple :\u00a0<\/strong>C\u00e9l\u00e9bration de la synergie et de l'imagination \u00e0 2 ! Cet honneur est d\u00e9cern\u00e9 au duo dynamique dont les tenues ont \u00e9t\u00e9 parfaitement synchronis\u00e9es et merveilleusement con\u00e7ues.<\/li>\n<\/ul>\n<p>Pensez au plaisir de la remise des prix \u00e0 la fin de la soir\u00e9e. En d\u00e9voilant les noms des laur\u00e9ats, vous ne leur remettez pas simplement une r\u00e9compense ; vous leur donnez un titre et un signe concret de leur pr\u00e9\u00e9minence \u00e0 Halloween.<\/p>\n<p><img decoding=\"async\" class=\"aligncenter wp-image-1327 size-large\" src=\"https:\/\/customacrylicproduct.com\/wp-content\/uploads\/2025\/07\/Acrylic-Trophy-1-1024x1024.jpg\" alt=\"Troph\u00e9e en acrylique (1)\" width=\"1024\" height=\"1024\" srcset=\"https:\/\/customacrylicproduct.com\/wp-content\/uploads\/2025\/07\/Acrylic-Trophy-1-1024x1024.jpg 1024w, https:\/\/customacrylicproduct.com\/wp-content\/uploads\/2025\/07\/Acrylic-Trophy-1-300x300.jpg 300w, https:\/\/customacrylicproduct.com\/wp-content\/uploads\/2025\/07\/Acrylic-Trophy-1-150x150.jpg 150w, https:\/\/customacrylicproduct.com\/wp-content\/uploads\/2025\/07\/Acrylic-Trophy-1-768x768.jpg 768w, https:\/\/customacrylicproduct.com\/wp-content\/uploads\/2025\/07\/Acrylic-Trophy-1-600x600.jpg 600w, https:\/\/customacrylicproduct.com\/wp-content\/uploads\/2025\/07\/Acrylic-Trophy-1-100x100.jpg 100w, https:\/\/customacrylicproduct.com\/wp-content\/uploads\/2025\/07\/Acrylic-Trophy-1.jpg 1500w\" sizes=\"(max-width: 1024px) 100vw, 1024px\" \/><\/p>\n<p>-.<\/p>\n<h4 id=\"-commemorate-stylishly-the-ugly-christmas-sweatshirt-honors-\"><strong>Comm\u00e9morez avec style : Les honneurs du pull-over moche de No\u00ebl<\/strong><\/h4>\n<p>La c\u00e9l\u00e9bration du manteau de No\u00ebl moche est devenue une pr\u00e9cieuse tradition de vacances, une d\u00e9licieuse d\u00e9sob\u00e9issance \u00e0 l'\u00e9gard des tenues de vacances officielles. Il s'agit d'un \u00e9v\u00e9nement o\u00f9 se c\u00f4toient le laid, l'insipide et l'\u00e9clatant. Notre collection de prix pour les pulls moches de No\u00ebl refl\u00e8te parfaitement cet esprit avec des styles vifs et joyeux comportant une tasse en or \u00e9blouissante et des illustrations de manteaux joyeusement terribles.<\/p>\n<p>Faites de votre concours de sweatshirts une comp\u00e9tition officielle avec diff\u00e9rents groupes afin de vous assurer que la laideur de chacun puisse s'exprimer.<\/p>\n<ul>\n<li><strong>Le pull le plus moche :\u00a0<\/strong>L'un des titres les plus recherch\u00e9s (et les plus redout\u00e9s). Pour le manteau qui est une v\u00e9ritable agression des sens - une \u0153uvre d'art de pi\u00e8tre qualit\u00e9.<\/li>\n<li><strong>Beaucoup de manteaux joyeux :\u00a0<\/strong>Pour ceux qui ne se sont pas content\u00e9s d'enfiler un pull, ils ont port\u00e9 toute la f\u00eate, avec des lumi\u00e8res stroboscopiques, des guirlandes et peut-\u00eatre m\u00eame une ou deux clochettes.<\/li>\n<li><strong>A Lot Of Innovative Sweatshirt :\u00a0<\/strong>Cet honneur revient \u00e0 l'amateur de bricolage, \u00e0 la personne qui a con\u00e7u un mod\u00e8le absolument original et intelligent, d\u00e9passant le simple pull achet\u00e9 dans le commerce.<\/li>\n<li><strong>Le pull le plus ringard :\u00a0<\/strong>Proche de \u201cThe Ugliest\u201d, cette r\u00e9compense honore le pull qui accueille avec joie tous les clich\u00e9s criards de l'univers des vacances.<\/li>\n<li><strong>Pull du meilleur couple :\u00a0<\/strong>Pour le couple qui a confirm\u00e9 que deux manteaux affreux valent mieux qu'un seul. Ce prix r\u00e9compense l'ensemble de la paire la mieux coordonn\u00e9e et la plus ridicule.<\/li>\n<li><strong>Sweatshirt classique id\u00e9al :\u00a0<\/strong>Un hommage aux classiques ! Ce prix est destin\u00e9 \u00e0 la personne qui a d\u00e9nich\u00e9 un v\u00e9ritable tr\u00e9sor d'horreur tricot\u00e9e, vieux de plusieurs d\u00e9cennies, dans un magasin d'occasion ou dans le placard d'un anc\u00eatre.<\/li>\n<\/ul>\n<p>Ces troph\u00e9es offrent un cadre amusant et officiel \u00e0 votre f\u00eate. Les visiteurs feront campagne pour obtenir des bulletins de vote, montreront leurs lumi\u00e8res clignotantes et leurs d\u00e9corations suspendues, et attendront avec impatience le jugement final. Le vainqueur obtient les libert\u00e9s civiles ultimes pour se vanter et un superbe troph\u00e9e \u00e0 pr\u00e9senter chaque ann\u00e9e aux c\u00f4t\u00e9s de ses d\u00e9corations de No\u00ebl.<\/p>\n<h4 id=\"-more-than-a-prize-it-s-a-valued-keepsake-\"><strong>Plus qu'un prix, un souvenir pr\u00e9cieux<\/strong><\/h4>\n<p>L'aspect le plus int\u00e9ressant de ces prix en acrylique est leur dur\u00e9e de vie apr\u00e8s l'\u00e9v\u00e9nement. Contrairement \u00e0 un verre de vin qui dispara\u00eet en une soir\u00e9e, ces prix sont con\u00e7us pour \u00eatre expos\u00e9s. Leur disposition autonome et s\u00fbre leur permet de trouver leur place sur un bureau, une \u00e9tag\u00e8re, une chemin\u00e9e ou dans un placard d'exposition.<\/p>\n<p>Pour le gagnant, c'est un excellent moyen d'entamer une discussion. Lorsque les invit\u00e9s voient le prix de la \u201ctenue la plus effrayante\u201d sur l'\u00e9cran d'affichage, cela d\u00e9clenche un r\u00e9cit sur l'impressionnante f\u00eate d'Halloween. Le prix du \u201cpull le plus affreux\u201d devient un sujet de plaisanterie et un facteur de satisfaction \u00e0 chaque f\u00eate. C'est la manifestation physique d'un souvenir amusant, un moyen de revivre les rires et la camaraderie d'une occasion unique.<\/p>\n<h4 id=\"-perfect-for-any-kind-of-event-\"><strong>Parfait pour tout type d'\u00e9v\u00e9nement<\/strong><\/h4>\n<p>Bien qu'ils aient \u00e9t\u00e9 con\u00e7us pour les f\u00eates de famille, la qualit\u00e9 sp\u00e9cialis\u00e9e de ces troph\u00e9es les rend excellents pour un grand nombre d'occasions :.<\/p>\n<ul>\n<li><strong>\u00c9v\u00e9nements au bureau :\u00a0<\/strong>Am\u00e9liorer le moral et motiver l'implication dans les \u00e9v\u00e9nements de vacances de l'entreprise.<\/li>\n<li><strong>Fonctions du coll\u00e8ge :\u00a0<\/strong>Une r\u00e9compense s\u00fbre et agr\u00e9able pour les f\u00eates de classe ou les c\u00e9r\u00e9monies de d\u00e9guisement \u00e0 l'\u00e9chelle de l'\u00e9cole.<\/li>\n<li><strong>\u00c9v\u00e9nements et collectes de fonds dans les quartiers :\u00a0<\/strong>Ajoutez une touche experte et joyeuse aux comp\u00e9titions et c\u00e9l\u00e9brations de quartier.<\/li>\n<li><strong>Bo\u00eetes de nuit et restaurants :\u00a0<\/strong>Organisez un concours public de v\u00eatements ou de pulls et attirez des groupes en leur promettant une r\u00e9compense unique et de grande qualit\u00e9.<\/li>\n<\/ul>\n<p>Cessez d'offrir des r\u00e9compenses jetables pour des efforts m\u00e9morables. Rehaussez votre prochaine c\u00e9l\u00e9bration, stimulez d'agr\u00e9ables concurrents et cr\u00e9ez des souvenirs durables.<\/p>\n<p><strong>Commandez d\u00e8s aujourd'hui votre troph\u00e9e Polymer Contest Honors et pr\u00e9parez-vous \u00e0 organiser l'\u00e9v\u00e9nement le plus m\u00e9diatis\u00e9 de la saison !<\/strong><\/p>","protected":false},"excerpt":{"rendered":"<p class=\"ng-star-inserted\"><span class=\"ng-star-inserted\">Couronnez les gagnants de vos f\u00eates d'Halloween et de No\u00ebl avec ces amusants troph\u00e9es en acrylique ! Parfait pour les concours de costumes et les comp\u00e9titions de chandails moches, chaque troph\u00e9e est orn\u00e9 de graphiques festifs et \u00e9clatants. Durables et de belle facture, ils constituent un prix m\u00e9morable et un souvenir amusant pour tout affrontement festif.<\/span><\/p>","protected":false},"featured_media":1329,"template":"","meta":{"_kad_post_transparent":"default","_kad_post_title":"","_kad_post_layout":"default","_kad_post_sidebar_id":"","_kad_post_content_style":"default","_kad_post_vertical_padding":"default","_kad_post_feature":"","_kad_post_feature_position":"","_kad_post_header":false,"_kad_post_footer":false,"_kad_post_classname":""},"product_brand":[],"product_cat":[19],"product_tag":[136],"class_list":{"0":"post-1326","1":"product","2":"type-product","3":"status-publish","4":"has-post-thumbnail","6":"product_cat-custom-acrylic-trophies-awards","7":"product_tag-custom-acrylic-trophy","9":"first","10":"instock","11":"shipping-taxable","12":"product-type-simple","13":"entry","14":"content-bg","15":"loop-entry"},"_links":{"self":[{"href":"https:\/\/customacrylicproduct.com\/fr\/wp-json\/wp\/v2\/product\/1326","targetHints":{"allow":["GET"]}}],"collection":[{"href":"https:\/\/customacrylicproduct.com\/fr\/wp-json\/wp\/v2\/product"}],"about":[{"href":"https:\/\/customacrylicproduct.com\/fr\/wp-json\/wp\/v2\/types\/product"}],"wp:featuredmedia":[{"embeddable":true,"href":"https:\/\/customacrylicproduct.com\/fr\/wp-json\/wp\/v2\/media\/1329"}],"wp:attachment":[{"href":"https:\/\/customacrylicproduct.com\/fr\/wp-json\/wp\/v2\/media?parent=1326"}],"wp:term":[{"taxonomy":"product_brand","embeddable":true,"href":"https:\/\/customacrylicproduct.com\/fr\/wp-json\/wp\/v2\/product_brand?post=1326"},{"taxonomy":"product_cat","embeddable":true,"href":"https:\/\/customacrylicproduct.com\/fr\/wp-json\/wp\/v2\/product_cat?post=1326"},{"taxonomy":"product_tag","embeddable":true,"href":"https:\/\/customacrylicproduct.com\/fr\/wp-json\/wp\/v2\/product_tag?post=1326"}],"curies":[{"name":"wp","href":"https:\/\/api.w.org\/{rel}","templated":true}]}}