{"id":1346,"date":"2025-07-20T08:32:25","date_gmt":"2025-07-20T08:32:25","guid":{"rendered":"https:\/\/customacrylicproduct.com\/?post_type=product&#038;p=1346"},"modified":"2025-07-20T08:32:25","modified_gmt":"2025-07-20T08:32:25","slug":"custom-acrylic-high-quality-gold-embossed-metal-tag","status":"publish","type":"product","link":"https:\/\/customacrylicproduct.com\/fr\/custom-acrylic-high-quality-gold-embossed-metal-tag\/","title":{"rendered":"\u00c9tiquette en acrylique de haute qualit\u00e9 en m\u00e9tal gaufr\u00e9 dor\u00e9 sur mesure"},"content":{"rendered":"<h3 id=\"elevate-your-brand-perfect-your-gift-the-ultimate-custom-high-quality-gold-metal-tag\">Am\u00e9liorez votre marque, perfectionnez votre cadeau : l'\u00e9tiquette en m\u00e9tal dor\u00e9 de haute qualit\u00e9 personnalis\u00e9e par excellence<\/h3>\n<p>Dans un monde de production de masse, une touche individuelle en dit long. C'est la touche finale, la marque de fabrique d'une \u0153uvre d'art, la d\u00e9claration paisible de haute qualit\u00e9 qui distingue un article, un cadeau ou une production. Voici le service d\u00e9finitif pour les marques et les personnes qui recherchent cette marque de distinction in\u00e9gal\u00e9e : nos \u00e9tiquettes personnalis\u00e9es en acier dor\u00e9 de haute qualit\u00e9. Ce ne sont pas de simples \u00e9tiquettes ; ce sont de petits chefs-d'\u0153uvre, minutieusement con\u00e7us pour incarner votre vision et faire passer vos productions de moyennes \u00e0 m\u00e9morables.<\/p>\n<p>Que vous soyez un cr\u00e9ateur qui ajoute un poin\u00e7on \u00e0 sa nouvelle collection, un artisan qui individualise un tr\u00e9sor fait \u00e0 la main ou un particulier \u00e0 la recherche d'un cadeau v\u00e9ritablement distinct et durable, nos \u00e9tiquettes personnalis\u00e9es offrent un lien tangible avec la qualit\u00e9 sup\u00e9rieure, le traitement et l'identification.<\/p>\n<p><img fetchpriority=\"high\" decoding=\"async\" class=\"size-full wp-image-1349\" src=\"https:\/\/customacrylicproduct.com\/wp-content\/uploads\/2025\/07\/Custom-Acrylic-Sign-3.jpg\" alt=\"Enseigne en acrylique personnalis\u00e9e (3)\" width=\"800\" height=\"800\" srcset=\"https:\/\/customacrylicproduct.com\/wp-content\/uploads\/2025\/07\/Custom-Acrylic-Sign-3.jpg 800w, https:\/\/customacrylicproduct.com\/wp-content\/uploads\/2025\/07\/Custom-Acrylic-Sign-3-300x300.jpg 300w, https:\/\/customacrylicproduct.com\/wp-content\/uploads\/2025\/07\/Custom-Acrylic-Sign-3-150x150.jpg 150w, https:\/\/customacrylicproduct.com\/wp-content\/uploads\/2025\/07\/Custom-Acrylic-Sign-3-768x768.jpg 768w, https:\/\/customacrylicproduct.com\/wp-content\/uploads\/2025\/07\/Custom-Acrylic-Sign-3-600x600.jpg 600w, https:\/\/customacrylicproduct.com\/wp-content\/uploads\/2025\/07\/Custom-Acrylic-Sign-3-100x100.jpg 100w\" sizes=\"(max-width: 800px) 100vw, 800px\" \/><\/p>\n<h4 id=\"the-essence-of-unmatched-quality\">L'essence d'une qualit\u00e9 in\u00e9gal\u00e9e<\/h4>\n<p>Au c\u0153ur de notre article se trouve un d\u00e9vouement in\u00e9branlable aux mat\u00e9riaux et \u00e0 la fabrication de premi\u00e8re qualit\u00e9. Chaque \u00e9tiquette est forg\u00e9e \u00e0 partir d'aciers de qualit\u00e9 sup\u00e9rieure, choisis pour leur toucher substantiel, leur r\u00e9sistance impressionnante et leur brillance. La surface dor\u00e9e rayonnante, disponible dans des tons dor\u00e9s raffin\u00e9s, bross\u00e9s ou m\u00eame augment\u00e9s, n'est pas un simple rev\u00eatement, mais une couche profonde et durable con\u00e7ue pour r\u00e9sister au ternissement et \u00e0 l'utilisation. Le poids doux et branch\u00e9 de l'acier dans votre main est un signe imm\u00e9diat de sa nature co\u00fbteuse - une garantie silencieuse de la qualit\u00e9 contenue dans le produit qu'il embellit.<\/p>\n<p>Notre processus de production sophistiqu\u00e9 permet d'atteindre un niveau de pr\u00e9cision qui donne vie aux mises en page les plus \u00e9labor\u00e9es. Qu'il s'agisse des lignes nettes et pr\u00e9cises d'un logo moderne ou des tourbillons fragiles d'un nom \u00e9crit \u00e0 la main, chaque information est r\u00e9alis\u00e9e avec une pr\u00e9cision sans faille. C'est ici que l'identit\u00e9 de votre marque ou votre message personnel est transform\u00e9 en un embl\u00e8me physique et durable.<\/p>\n<p><img decoding=\"async\" class=\"size-full wp-image-1348\" src=\"https:\/\/customacrylicproduct.com\/wp-content\/uploads\/2025\/07\/Custom-Acrylic-Sign-2.jpg\" alt=\"Enseigne en acrylique personnalis\u00e9e (2)\" width=\"800\" height=\"800\" srcset=\"https:\/\/customacrylicproduct.com\/wp-content\/uploads\/2025\/07\/Custom-Acrylic-Sign-2.jpg 800w, https:\/\/customacrylicproduct.com\/wp-content\/uploads\/2025\/07\/Custom-Acrylic-Sign-2-300x300.jpg 300w, https:\/\/customacrylicproduct.com\/wp-content\/uploads\/2025\/07\/Custom-Acrylic-Sign-2-150x150.jpg 150w, https:\/\/customacrylicproduct.com\/wp-content\/uploads\/2025\/07\/Custom-Acrylic-Sign-2-768x768.jpg 768w, https:\/\/customacrylicproduct.com\/wp-content\/uploads\/2025\/07\/Custom-Acrylic-Sign-2-600x600.jpg 600w, https:\/\/customacrylicproduct.com\/wp-content\/uploads\/2025\/07\/Custom-Acrylic-Sign-2-100x100.jpg 100w\" sizes=\"(max-width: 800px) 100vw, 800px\" \/><\/p>\n<h4 id=\"a-canvas-for-your-creativity-three-designs-of-expression\">Une toile pour votre cr\u00e9ativit\u00e9 : Trois mod\u00e8les d'expression<\/h4>\n<p>L'attrait de nos \u00e9tiquettes personnalis\u00e9es r\u00e9side dans leur polyvalence. Nous comprenons que chaque marque et chaque cadeau ont leur propre histoire \u00e0 raconter. Pour vous aider \u00e0 la raconter parfaitement, nous proposons une gamme de styles de personnalisation, chacun avec son caract\u00e8re unique, parfaitement illustr\u00e9 par nos instances.<\/p>\n<p><img decoding=\"async\" class=\"size-full wp-image-1347\" src=\"https:\/\/customacrylicproduct.com\/wp-content\/uploads\/2025\/07\/Custom-Acrylic-Sign-1.jpg\" alt=\"Enseigne en acrylique personnalis\u00e9e (1)\" width=\"800\" height=\"800\" srcset=\"https:\/\/customacrylicproduct.com\/wp-content\/uploads\/2025\/07\/Custom-Acrylic-Sign-1.jpg 800w, https:\/\/customacrylicproduct.com\/wp-content\/uploads\/2025\/07\/Custom-Acrylic-Sign-1-300x300.jpg 300w, https:\/\/customacrylicproduct.com\/wp-content\/uploads\/2025\/07\/Custom-Acrylic-Sign-1-150x150.jpg 150w, https:\/\/customacrylicproduct.com\/wp-content\/uploads\/2025\/07\/Custom-Acrylic-Sign-1-768x768.jpg 768w, https:\/\/customacrylicproduct.com\/wp-content\/uploads\/2025\/07\/Custom-Acrylic-Sign-1-600x600.jpg 600w, https:\/\/customacrylicproduct.com\/wp-content\/uploads\/2025\/07\/Custom-Acrylic-Sign-1-100x100.jpg 100w\" sizes=\"(max-width: 800px) 100vw, 800px\" \/><\/p>\n<p><strong>1. L'\u00e9tiquette standard grav\u00e9e et gaufr\u00e9e : Sophistication classique<\/strong><\/p>\n<p>Comme le montre l'\u00e9tiquette sophistiqu\u00e9e \u201cmax bone\u201d, ce design est l'exemple m\u00eame du luxe classique et minimis\u00e9. Gr\u00e2ce \u00e0 des m\u00e9thodes d'inscription et de gaufrage de pointe, votre logo, votre nom de marque ou votre texte personnalis\u00e9 est soigneusement grav\u00e9 \u00e0 la surface de l'acier. Le r\u00e9sultat est un effet tridimensionnel subtil qui est \u00e0 la fois visuellement attrayant et satisfaisant au toucher. Cette approche est id\u00e9ale pour :.<\/p>\n<ul>\n<li><strong>Accessoires de luxe pour animaux :\u00a0<\/strong>Ajout d'une marque avanc\u00e9e sur les colliers, les laisses et les supports pour animaux.<\/li>\n<li><strong>Sacs \u00e0 main haut de gamme et produits en cuir naturel :\u00a0<\/strong>Travailler en tant que marque de fabricant distingu\u00e9e sur les sacs \u00e0 main, les sacs et les porte-documents.<\/li>\n<li><strong>Meubles et articles de maison :\u00a0<\/strong>Une d\u00e9claration de qualit\u00e9 tr\u00e8s discr\u00e8te mais efficace sur un meuble artisanal ou une d\u00e9coration design.<\/li>\n<li><strong>Marquage des v\u00eatements :\u00a0<\/strong>Une \u00e9tiquette raffin\u00e9e pour l'int\u00e9rieur du col d'une veste ou la poche d'un jean co\u00fbteux.<\/li>\n<\/ul>\n<p>Les c\u00f4t\u00e9s arrondis et le style simple \u00e0 deux trous garantissent un ajout facile, s\u00fbr et s\u00e9curis\u00e9, s'int\u00e9grant sans effort \u00e0 votre article.<\/p>\n<p><strong>2. L'\u00e9tiquette moderne d\u00e9coup\u00e9e au laser : Audacieux et architectural<\/strong><\/p>\n<p>Pour une d\u00e9claration contemporaine \u00e0 fort impact, le design interm\u00e9diaire au laser est in\u00e9gal\u00e9. Votre style, comme l'exemple \u201cVVNVH\u201d, n'est pas publi\u00e9 sur l'\u00e9tiquette mais est d\u00e9coup\u00e9 avec pr\u00e9cision.\u00a0<em>via\u00a0<\/em>il. Cela permet d'obtenir un effet de motif frappant, en utilisant l'espace d\u00e9favorable pour cr\u00e9er vos lettres ou votre logo. Les lignes nettes et pr\u00e9cises et la pr\u00e9cision g\u00e9om\u00e9trique donnent une impression de modernit\u00e9 et de construction qu'il est difficile de ne pas remarquer. Ce design est excellent pour :.<\/p>\n<ul>\n<li><strong>Streetwear et style avant-garde :\u00a0<\/strong>Faire une d\u00e9claration de marque vibrante sur les v\u00eatements, les chaussures de tennis et les appareils.<\/li>\n<li><strong>Design industriel Produits :\u00a0<\/strong>Am\u00e9liorer l'aspect visuel de l'\u00e9lectronique moderne, des appareils ou des situations personnalis\u00e9es.<\/li>\n<li><strong>L'image de marque de la haute couture :\u00a0<\/strong>La cr\u00e9ation d'une \u00e9tiquette sp\u00e9ciale et inoubliable qui finit par devenir un \u00e9l\u00e9ment indispensable du style lui-m\u00eame.<\/li>\n<li><strong>Plaques signal\u00e9tiques personnalis\u00e9es :\u00a0<\/strong>Pour une repr\u00e9sentation vivante et visuelle d'un nom ou d'une initiale sur des sacs, des bagages de voyage ou des travaux artistiques.<\/li>\n<\/ul>\n<p>Les ouvertures \u00e0 rivets aux quatre coins offrent une m\u00e9thode d'ajout s\u00fbre et industrielle-chic qui renforce le charme moderne de l'\u00e9tiquette.<\/p>\n<p><strong>3. L'\u00e9tiquette interm\u00e9diaire de l'\u00e9criture intime : Personnel et \u00e9l\u00e9gant\u00a0<\/strong>.<\/p>\n<p>Lorsque le message est individuel, la typographie doit l'\u00eatre aussi. Notre style interm\u00e9diaire, illustr\u00e9 par l'\u00e9tiquette liquide \u201cKlove\u201d, transforme un nom, un mot ou une signature en un objet d'art portable. Le m\u00e9tal est m\u00e9ticuleusement d\u00e9coup\u00e9 pour \u00e9pouser les courbes \u00e9l\u00e9gantes d'une police cursive, ce qui permet d'obtenir une \u00e9tiquette qui est \u00e0 la fois une \u00e9tiquette et un appel. Les boucles int\u00e9gr\u00e9es \u00e0 chaque extr\u00e9mit\u00e9 sont con\u00e7ues pour \u00eatre accroch\u00e9es \u00e0 des cha\u00eenes, des c\u00e2bles ou de grandes ficelles, ce qui en fait un objet id\u00e9al pour :.<\/p>\n<ul>\n<li><strong>Bijoux sur mesure :\u00a0<\/strong>D\u00e9veloppement de m\u00e9daillons et de brassards personnalis\u00e9s qui sont des cadeaux profond\u00e9ment individuels.<\/li>\n<li><strong>Wedding Event &amp; Event Favors :\u00a0<\/strong>Ajouter un attrait somptueux et personnalis\u00e9 aux cadeaux d'invit\u00e9s, aux invitations ou \u00e0 l'am\u00e9nagement des lieux.<\/li>\n<li><strong>Sous-v\u00eatements et v\u00eatements d\u00e9licats :\u00a0<\/strong>Un petit d\u00e9tail magnifique qui t\u00e9moigne de la nature intime du v\u00eatement.<\/li>\n<li><strong>Artisanat fait \u00e0 la main :\u00a0<\/strong>L'excellente marque pour un patchwork de valeur, une \u00e9charpe tiss\u00e9e ou un album, transformant une activit\u00e9 de loisir en un h\u00e9ritage.<\/li>\n<\/ul>\n<p>Cette conception souligne l'importance de l'unicit\u00e9, ce qui en fait le meilleur choix pour les cadeaux personnalis\u00e9s et les marques artisanales.<\/p>\n<h4 id=\"beyond-metal-exploring-all-opportunities-\">Au-del\u00e0 du m\u00e9tal : Explorer toutes les possibilit\u00e9s.<\/h4>\n<p>Bien que le luxe classique de nos \u00e9tiquettes en acier dor\u00e9 soit notre signature, nous reconnaissons que des t\u00e2ches diff\u00e9rentes exigent des produits diff\u00e9rents. Pour r\u00e9pondre parfaitement \u00e0 vos besoins novateurs, nous proposons \u00e9galement la cr\u00e9ation d'\u00e9tiquettes personnalis\u00e9es en acrylique de qualit\u00e9 sup\u00e9rieure. L'acrylique est une option l\u00e9g\u00e8re, flexible et vivante, id\u00e9ale pour les projets o\u00f9 le poids est un souci ou lorsqu'une teinte dynamique est souhait\u00e9e.<\/p>\n<h4 id=\"a-smooth-personalization-experience-\">Une exp\u00e9rience de personnalisation harmonieuse.<\/h4>\n<p>Notre enthousiasme est de donner vie \u00e0 votre vision. Notre processus de mise en page est commun et simple :.<\/p>\n<ol>\n<li><strong>Partagez votre vision :\u00a0<\/strong>Fournissez-nous votre logo, votre texte, votre police de caract\u00e8res ou vos principes de conception.<\/li>\n<li><strong>Choisissez vos sp\u00e9cifications :\u00a0<\/strong>S\u00e9lectionnez le produit recommand\u00e9 (acier ou acrylique), la finition, la dimension, la forme et la conception des accessoires (trous, meurtri\u00e8res, etc.).<\/li>\n<li><strong>Approuver votre mod\u00e8le :\u00a0<\/strong>Nous cr\u00e9erons certainement une \u00e9preuve \u00e9lectronique pour votre examen, en veillant \u00e0 ce que toutes les informations soient correctes avant le d\u00e9but de la production.<\/li>\n<li><strong>Recevez votre chef-d'\u0153uvre :\u00a0<\/strong>Nous fabriquons m\u00e9ticuleusement vos \u00e9tiquettes personnalis\u00e9es et vous les fournissons, pr\u00eates \u00e0 embellir vos cr\u00e9ations.<\/li>\n<\/ol>\n<h4 id=\"the-last-word-in-high-quality-\">Le dernier mot en haute qualit\u00e9.<\/h4>\n<p>Votre marque m\u00e9rite plus qu'une \u00e9tiquette imprim\u00e9e. Vos cadeaux m\u00e9ritent plus qu'une carte non r\u00e9utilisable. Nos \u00e9tiquettes personnalis\u00e9es en acier dor\u00e9 de haute qualit\u00e9 repr\u00e9sentent un investissement financier dans la compr\u00e9hension, un engagement de qualit\u00e9 sup\u00e9rieure et un \u00e9v\u00e9nement identitaire. Ce sont les petites informations qui font la plus grande diff\u00e9rence.<\/p>\n<p>Laissez-nous vous aider \u00e0 vous d\u00e9marquer. Contactez notre groupe d\u00e8s aujourd'hui pour commencer \u00e0 cr\u00e9er l'\u00e9tiquette personnalis\u00e9e qui racontera votre histoire pendant plusieurs ann\u00e9es. Transformez le normal en extraordinaire et faites briller votre qualit\u00e9 sup\u00e9rieure.<\/p>","protected":false},"excerpt":{"rendered":"<p>Rehaussez votre marque avec nos \u00e9tiquettes en m\u00e9tal dor\u00e9 personnalis\u00e9es de premi\u00e8re qualit\u00e9. Elles sont parfaites pour ajouter une finition professionnelle et haut de gamme aux v\u00eatements, sacs \u00e0 main et accessoires. Choisissez entre une gravure \u00e9l\u00e9gante et une d\u00e9coupe moderne pour mettre en valeur votre logo. Durables, sophistiqu\u00e9es et magnifiquement fabriqu\u00e9es.<\/p>","protected":false},"featured_media":1349,"template":"","meta":{"_kad_post_transparent":"default","_kad_post_title":"","_kad_post_layout":"default","_kad_post_sidebar_id":"","_kad_post_content_style":"default","_kad_post_vertical_padding":"default","_kad_post_feature":"","_kad_post_feature_position":"","_kad_post_header":false,"_kad_post_footer":false,"_kad_post_classname":""},"product_brand":[],"product_cat":[18],"product_tag":[51],"class_list":{"0":"post-1346","1":"product","2":"type-product","3":"status-publish","4":"has-post-thumbnail","6":"product_cat-custom-acrylic-signs","7":"product_tag-custom-acrylic-signs","9":"first","10":"instock","11":"shipping-taxable","12":"product-type-simple","13":"entry","14":"content-bg","15":"loop-entry"},"_links":{"self":[{"href":"https:\/\/customacrylicproduct.com\/fr\/wp-json\/wp\/v2\/product\/1346","targetHints":{"allow":["GET"]}}],"collection":[{"href":"https:\/\/customacrylicproduct.com\/fr\/wp-json\/wp\/v2\/product"}],"about":[{"href":"https:\/\/customacrylicproduct.com\/fr\/wp-json\/wp\/v2\/types\/product"}],"wp:featuredmedia":[{"embeddable":true,"href":"https:\/\/customacrylicproduct.com\/fr\/wp-json\/wp\/v2\/media\/1349"}],"wp:attachment":[{"href":"https:\/\/customacrylicproduct.com\/fr\/wp-json\/wp\/v2\/media?parent=1346"}],"wp:term":[{"taxonomy":"product_brand","embeddable":true,"href":"https:\/\/customacrylicproduct.com\/fr\/wp-json\/wp\/v2\/product_brand?post=1346"},{"taxonomy":"product_cat","embeddable":true,"href":"https:\/\/customacrylicproduct.com\/fr\/wp-json\/wp\/v2\/product_cat?post=1346"},{"taxonomy":"product_tag","embeddable":true,"href":"https:\/\/customacrylicproduct.com\/fr\/wp-json\/wp\/v2\/product_tag?post=1346"}],"curies":[{"name":"wp","href":"https:\/\/api.w.org\/{rel}","templated":true}]}}