{"id":1370,"date":"2025-07-21T02:01:08","date_gmt":"2025-07-21T02:01:08","guid":{"rendered":"https:\/\/customacrylicproduct.com\/?post_type=product&#038;p=1370"},"modified":"2025-07-21T02:05:38","modified_gmt":"2025-07-21T02:05:38","slug":"custom-transparent-acrylic-sheets-chemical-resistant","status":"publish","type":"product","link":"https:\/\/customacrylicproduct.com\/fr\/custom-transparent-acrylic-sheets-chemical-resistant\/","title":{"rendered":"Feuilles acryliques transparentes sur mesure r\u00e9sistantes aux produits chimiques"},"content":{"rendered":"<h3 id=\"-presents-for-custom-transparent-acrylic-sheets-the-ultimate-canvas-for-your-creative-imagination-and-love-\"><strong>Cadeaux pour les feuilles d'acrylique transparentes personnalis\u00e9es : Le canevas ultime pour votre imagination cr\u00e9ative et votre amour<\/strong><\/h3>\n<p>Dans un monde satur\u00e9 de modes \u00e9ph\u00e9m\u00e8res et d'objets non r\u00e9utilisables, la recherche de l'excellent cadeau - qui soit \u00e0 la fois profond\u00e9ment personnel et durablement beau - peut \u00eatre un d\u00e9fi. Nous recherchons quelque chose qui ne se contente pas de communiquer un message, mais qui devienne \u00e9galement un souvenir pr\u00e9cieux. Imaginez un produit qui associe l'excellente clart\u00e9 lumineuse du cristal \u00e0 la solidit\u00e9 durable d'un design moderne ; une toile vierge qui peut \u00eatre transform\u00e9e en un t\u00e9moignage d'appr\u00e9ciation sur mesure, un symbole de qualit\u00e9 pour les entreprises ou une \u0153uvre d'art pr\u00e9cieuse.<\/p>\n<p>Nous sommes fiers de vous pr\u00e9senter nos feuilles et blocs acryliques transparents personnalis\u00e9s de premi\u00e8re qualit\u00e9 - le support id\u00e9al pour donner vie \u00e0 vos concepts de cadeaux les plus cr\u00e9atifs. Comme le montrent les images, il s'agit d'un produit d'une grande polyvalence. Au d\u00e9part, il s'agit d'une feuille transparente parfaite, prot\u00e9g\u00e9e par un simple film de papier, dont la surface immacul\u00e9e offre une capacit\u00e9 illimit\u00e9e. Gr\u00e2ce \u00e0 un savoir-faire artisanal, elle est transform\u00e9e en blocs substantiels et sophistiqu\u00e9s aux bords polis au diamant, qui captent et r\u00e9fractent la lumi\u00e8re, produisant un r\u00e9sultat visuel \u00e9poustouflant qui met en valeur tout type de dessin grav\u00e9 \u00e0 l'int\u00e9rieur ou \u00e0 l'ext\u00e9rieur de la feuille. Plus qu'un simple plastique, il s'agit d'un portail permettant de cr\u00e9er des moments remarquables et des objets intemporels.<\/p>\n<p><img fetchpriority=\"high\" decoding=\"async\" class=\"aligncenter wp-image-1371 size-full\" src=\"https:\/\/customacrylicproduct.com\/wp-content\/uploads\/2025\/07\/Custom-Transparent-Acrylic-Sheets-1.jpg\" alt=\"Feuilles acryliques transparentes personnalis\u00e9es (1)\" width=\"700\" height=\"700\" srcset=\"https:\/\/customacrylicproduct.com\/wp-content\/uploads\/2025\/07\/Custom-Transparent-Acrylic-Sheets-1.jpg 700w, https:\/\/customacrylicproduct.com\/wp-content\/uploads\/2025\/07\/Custom-Transparent-Acrylic-Sheets-1-300x300.jpg 300w, https:\/\/customacrylicproduct.com\/wp-content\/uploads\/2025\/07\/Custom-Transparent-Acrylic-Sheets-1-150x150.jpg 150w, https:\/\/customacrylicproduct.com\/wp-content\/uploads\/2025\/07\/Custom-Transparent-Acrylic-Sheets-1-600x600.jpg 600w, https:\/\/customacrylicproduct.com\/wp-content\/uploads\/2025\/07\/Custom-Transparent-Acrylic-Sheets-1-100x100.jpg 100w\" sizes=\"(max-width: 700px) 100vw, 700px\" \/><\/p>\n<h4 id=\"-unparalleled-optical-clarity-a-home-window-to-the-spirit-\"><strong>Une clart\u00e9 optique in\u00e9gal\u00e9e : Une fen\u00eatre sur l'esprit<\/strong><\/h4>\n<p>La premi\u00e8re chose que vous constaterez \u00e0 propos de notre polym\u00e8re est sa clart\u00e9 impressionnante. Avec une transmission de la lumi\u00e8re de plus de 92%, il d\u00e9passe \u00e9galement celle du verre de qualit\u00e9 sup\u00e9rieure, offrant une vue fondamentalement an\u00e9mique et sans distorsion. Cette puret\u00e9 optique en fait le choix id\u00e9al pour les blocs d'images, permettant aux images d'\u00eatres chers de rayonner avec des couleurs vibrantes et r\u00e9alistes. Lorsqu'ils sont utilis\u00e9s pour des plaques ou des honneurs personnalis\u00e9s, les textes et les logos semblent flotter \u00e0 l'int\u00e9rieur du mat\u00e9riau, suspendus dans un \u00e9tat d'ouverture parfaite. Contrairement au verre, qui a souvent une couleur verte, notre acrylique garantit que votre message et votre travail artistique existent exactement comme vous l'entendez - nets, propres et remarquablement clairs.<\/p>\n<p><img decoding=\"async\" class=\"size-full wp-image-1374\" src=\"https:\/\/customacrylicproduct.com\/wp-content\/uploads\/2025\/07\/Custom-Transparent-Acrylic-Sheets-4.jpg\" alt=\"Feuilles acryliques transparentes personnalis\u00e9es (4)\" width=\"1024\" height=\"1024\" srcset=\"https:\/\/customacrylicproduct.com\/wp-content\/uploads\/2025\/07\/Custom-Transparent-Acrylic-Sheets-4.jpg 1024w, https:\/\/customacrylicproduct.com\/wp-content\/uploads\/2025\/07\/Custom-Transparent-Acrylic-Sheets-4-300x300.jpg 300w, https:\/\/customacrylicproduct.com\/wp-content\/uploads\/2025\/07\/Custom-Transparent-Acrylic-Sheets-4-150x150.jpg 150w, https:\/\/customacrylicproduct.com\/wp-content\/uploads\/2025\/07\/Custom-Transparent-Acrylic-Sheets-4-768x768.jpg 768w, https:\/\/customacrylicproduct.com\/wp-content\/uploads\/2025\/07\/Custom-Transparent-Acrylic-Sheets-4-600x600.jpg 600w, https:\/\/customacrylicproduct.com\/wp-content\/uploads\/2025\/07\/Custom-Transparent-Acrylic-Sheets-4-100x100.jpg 100w\" sizes=\"(max-width: 1024px) 100vw, 1024px\" \/><\/p>\n<h4 id=\"-the-power-of-infinite-personalization-\"><strong>Le pouvoir de la personnalisation \u00e0 l'infini<\/strong><\/h4>\n<p>La magie de notre acrylique r\u00e9side dans son potentiel infini de personnalisation. Il ne s'agit pas d'un produit pr\u00eat \u00e0 l'emploi, mais de la structure de votre propre d\u00e9veloppement. Que vous soyez un particulier \u00e0 la recherche d'un cadeau unique, une organisation souhaitant d\u00e9velopper des produits de marque, ou un musicien \u00e0 la recherche de nouveaux outils, nos feuilles acryliques peuvent \u00eatre sp\u00e9cifiquement personnalis\u00e9es selon votre vision.<\/p>\n<ul>\n<li><strong>Gravure et gravure au laser :\u00a0<\/strong>D\u00e9veloppez des designs exceptionnellement d\u00e9crits et durables. Gravez un message sinc\u00e8re, un jour important, un logo complexe ou m\u00eame un portrait complet sur la surface ou \u00e0 l'int\u00e9rieur du bloc lui-m\u00eame pour un magnifique effet 3D.<\/li>\n<li><strong>Pr\u00e9cision de la coupe et du fa\u00e7onnage :\u00a0<\/strong>Notre acrylique peut \u00eatre d\u00e9coup\u00e9 dans pratiquement toutes les formes imaginables, des formes rectangulaires classiques et des cercles aux formes complexes et au lettrage personnalis\u00e9. Les bords biseaut\u00e9s et raffin\u00e9s des blocs finis t\u00e9moignent de la pr\u00e9cision que nous pouvons atteindre.<\/li>\n<li><strong>Impression UV en couleur :\u00a0<\/strong>Surpassez la gravure et imprimez des photos et des graphiques vibrants, en couleur, directement sur la surface acrylique. Le r\u00e9sultat est un objet durable, \u00e0 fort impact, qui associe la profondeur de l'acrylique \u00e0 la splendeur d'une photographie.<\/li>\n<li><strong>Constructions multicouches :\u00a0<\/strong>Int\u00e9grez des feuilles de diff\u00e9rentes densit\u00e9s pour cr\u00e9er des sculptures, des indications ou des \u00e9crans divis\u00e9s, en ajoutant une toute nouvelle dimension de profondeur et de raffinement \u00e0 votre projet.<\/li>\n<\/ul>\n<h4 id=\"-engineered-for-stamina-chemical-resistant-and-shatter-proof-\"><strong>Con\u00e7u pour l'endurance : r\u00e9sistant aux produits chimiques et incassable<\/strong><\/h4>\n<p>Un cadeau doit \u00eatre con\u00e7u pour durer, pour t\u00e9moigner \u00e0 long terme d'une minute ou d'un accomplissement unique. Notre acrylique est con\u00e7u pr\u00e9cis\u00e9ment pour cette fonction. Il est beaucoup plus r\u00e9sistant aux chocs que le verre - jusqu'\u00e0 17 fois plus r\u00e9sistant - ce qui le rend pratiquement incassable. Cette durabilit\u00e9 en fait un choix plus s\u00fbr et plus utile pour les foyers avec enfants, les lieux de travail actifs et les environnements de vente au d\u00e9tail tr\u00e8s fr\u00e9quent\u00e9s.<\/p>\n<p>En outre, une caract\u00e9ristique essentielle de nos co\u00fbts acryliques est leur remarquable qualit\u00e9.\u00a0<strong>r\u00e9sistance chimique\u00a0<\/strong>. Qu'est-ce que cela signifie pour vous ? Cela signifie que votre cr\u00e9ation personnalis\u00e9e est prot\u00e9g\u00e9e contre la d\u00e9gradation caus\u00e9e par les produits chimiques, les nettoyants, les huiles et les antiacides de la famille. Une r\u00e9compense grav\u00e9e sur le bureau d'un PDG ne s'assombrira pas et ne jaunira pas avec le temps. Un bloc photo personnalis\u00e9 en acrylique plac\u00e9 dans le salon peut \u00eatre nettoy\u00e9 sans crainte d'endommager la surface. Un dosseret de cuisine sur mesure r\u00e9sistera aux taches de nourriture et de graisse et conservera son excellente clart\u00e9 pendant plusieurs ann\u00e9es. Cette durabilit\u00e9 chimique garantit que votre investissement financier dans une pi\u00e8ce sur mesure est prot\u00e9g\u00e9 et que sa beaut\u00e9 reste intacte au fil du temps.<\/p>\n<p><img decoding=\"async\" class=\"size-full wp-image-1372\" src=\"https:\/\/customacrylicproduct.com\/wp-content\/uploads\/2025\/07\/Custom-Transparent-Acrylic-Sheets-2.jpg\" alt=\"Feuilles acryliques transparentes personnalis\u00e9es (2)\" width=\"750\" height=\"750\" srcset=\"https:\/\/customacrylicproduct.com\/wp-content\/uploads\/2025\/07\/Custom-Transparent-Acrylic-Sheets-2.jpg 750w, https:\/\/customacrylicproduct.com\/wp-content\/uploads\/2025\/07\/Custom-Transparent-Acrylic-Sheets-2-300x300.jpg 300w, https:\/\/customacrylicproduct.com\/wp-content\/uploads\/2025\/07\/Custom-Transparent-Acrylic-Sheets-2-150x150.jpg 150w, https:\/\/customacrylicproduct.com\/wp-content\/uploads\/2025\/07\/Custom-Transparent-Acrylic-Sheets-2-600x600.jpg 600w, https:\/\/customacrylicproduct.com\/wp-content\/uploads\/2025\/07\/Custom-Transparent-Acrylic-Sheets-2-100x100.jpg 100w\" sizes=\"(max-width: 750px) 100vw, 750px\" \/><\/p>\n<h4 id=\"-a-world-of-applications-from-personal-gifts-to-expert-statements-\"><strong>Un monde d'applications : Des cadeaux personnels aux d\u00e9clarations d'experts<\/strong><\/h4>\n<p>La commodit\u00e9 de notre acrylique sur mesure le rend appropri\u00e9 pour une tr\u00e8s grande vari\u00e9t\u00e9 d'applications.<\/p>\n<p><strong>Pour de v\u00e9ritables cadeaux individuels :\u00a0<\/strong>.<\/p>\n<ul>\n<li><strong>Blocs de photos :\u00a0<\/strong>C\u00e9l\u00e9brez un mariage, un anniversaire ou la photo d'un membre de votre famille dans un bloc acrylique \u00e9pais et autoportant qui ajoute une touche moderne et \u00e9l\u00e9gante \u00e0 tout d\u00e9cor.<\/li>\n<li><strong>Plaques grav\u00e9es :\u00a0<\/strong>C\u00e9l\u00e9brez un dipl\u00f4me universitaire, une naissance ou un succ\u00e8s unique avec un message personnalis\u00e9 grav\u00e9 sur une plaque cristalline.<\/li>\n<li><strong>Porte-cl\u00e9s et ornements personnalis\u00e9s :\u00a0<\/strong>D\u00e9veloppez de petits symboles personnalis\u00e9s qui ont une signification particuli\u00e8re.<\/li>\n<li><strong>Signes de mariage et d'\u00e9v\u00e9nements :\u00a0<\/strong>Mettez en page des panneaux de bienvenue, des num\u00e9ros de table et des plans de table sensationnels qui \u00e9manent d'une classe moderne.<\/li>\n<\/ul>\n<p><strong>Pour l'excellence commerciale et l'image de marque :<\/strong><\/p>\n<ul>\n<li><strong>Troph\u00e9es et r\u00e9compenses sur mesure :\u00a0<\/strong>D\u00e9passez les styles traditionnels et d\u00e9veloppez des distinctions sp\u00e9ciales, de premi\u00e8re qualit\u00e9, qui mettent absolument en \u00e9vidence la marque de votre entreprise et la pertinence de l'accomplissement.<\/li>\n<li><strong>Blocs de bureau de marque :\u00a0<\/strong>Incluez le logo et les valeurs de votre entreprise dans un presse-papier ou un accessoire de bureau moderne et \u00e9l\u00e9gant destin\u00e9 aux membres du personnel et aux clients.<\/li>\n<li><strong>Pr\u00e9sentoirs haut de gamme pour le commerce de d\u00e9tail :\u00a0<\/strong>Pr\u00e9sentez des produits de luxe tels que des bijoux fantaisie, des montres ou des produits cosm\u00e9tiques sur des supports acryliques personnalis\u00e9s qui mettent en valeur l'article expos\u00e9 au lieu de le distraire.<\/li>\n<li><strong>Hall d'entr\u00e9e Signalisation :\u00a0<\/strong>Faites une premi\u00e8re impression efficace avec une indication acrylique dimensionnelle et \u00e9l\u00e9gante comprenant le nom et le logo de votre entreprise.<\/li>\n<\/ul>\n<p><strong>Pour les musiciens et les bricoleurs :<\/strong><\/p>\n<ul>\n<li><strong>Surface de peinture :\u00a0<\/strong>Utilisez la feuille transparente comme une toile distincte pour la peinture invers\u00e9e, cr\u00e9ant ainsi une profondeur et une luminosit\u00e9 incroyables.<\/li>\n<li><strong>Sculpture M\u00e9dium :\u00a0<\/strong>D\u00e9coupez, superposez et assemblez des feuilles pour cr\u00e9er des sculptures abstraites ou m\u00e9taphoriques spectaculaires qui jouent avec la lumi\u00e8re et la transparence.<\/li>\n<li><strong>D\u00e9coration de la maison par des bricoleurs :\u00a0<\/strong>Cr\u00e9ez vos propres \u00e9tag\u00e8res flottantes, cadres pour photos, ou encore de petites tablettes pour un visuel \u00e9pur\u00e9 et minimal.<\/li>\n<\/ul>\n<h3 id=\"-your-vision-immortalized-in-acrylic-\"><strong>Votre vision, immortalis\u00e9e dans l'acrylique<\/strong><\/h3>\n<p>Nos feuilles acryliques transparentes sur mesure repr\u00e9sentent l'excellente synergie de l'attrait, de la r\u00e9sistance et de la personnalisation. Elles constituent une ardoise vide pour votre cr\u00e9ativit\u00e9, un outil solide pour votre message et un mat\u00e9riau inalt\u00e9rable pour vos souvenirs. De la feuille brute et prot\u00e9g\u00e9e au produit final merveilleusement \u00e9clair\u00e9, nous vous offrons la structure n\u00e9cessaire pour cr\u00e9er quelque chose de vraiment unique.<\/p>\n<p>Ne vous contentez pas d'un cadeau ordinaire. Choisissez un cadeau qui soit aussi clair que vos objectifs et aussi durable que vos id\u00e9es. Contactez-nous d\u00e8s aujourd'hui pour discuter de votre projet et laissez-nous vous aider \u00e0 transformer une simple feuille d'acrylique en un chef-d'\u0153uvre extraordinaire.<\/p>","protected":false},"excerpt":{"rendered":"<p class=\"ng-star-inserted\"><span class=\"ng-star-inserted\">Feuilles acryliques transparentes, durables et r\u00e9sistantes aux produits chimiques. D\u00e9coup\u00e9es sur mesure \u00e0 la taille et \u00e0 l'\u00e9paisseur souhait\u00e9es. Finition brillante et polie pour un aspect cristallin de qualit\u00e9 sup\u00e9rieure. Id\u00e9al pour les pr\u00e9sentoirs, les barri\u00e8res de protection et les panneaux.<\/span><\/p>","protected":false},"featured_media":1371,"template":"","meta":{"_kad_post_transparent":"default","_kad_post_title":"","_kad_post_layout":"default","_kad_post_sidebar_id":"","_kad_post_content_style":"default","_kad_post_vertical_padding":"default","_kad_post_feature":"","_kad_post_feature_position":"","_kad_post_header":false,"_kad_post_footer":false,"_kad_post_classname":""},"product_brand":[],"product_cat":[24],"product_tag":[142],"class_list":{"0":"post-1370","1":"product","2":"type-product","3":"status-publish","4":"has-post-thumbnail","6":"product_cat-custom-acrylic-sheets","7":"product_tag-custom-transparent-acrylic-sheets","9":"first","10":"instock","11":"shipping-taxable","12":"product-type-simple","13":"entry","14":"content-bg","15":"loop-entry"},"_links":{"self":[{"href":"https:\/\/customacrylicproduct.com\/fr\/wp-json\/wp\/v2\/product\/1370","targetHints":{"allow":["GET"]}}],"collection":[{"href":"https:\/\/customacrylicproduct.com\/fr\/wp-json\/wp\/v2\/product"}],"about":[{"href":"https:\/\/customacrylicproduct.com\/fr\/wp-json\/wp\/v2\/types\/product"}],"wp:featuredmedia":[{"embeddable":true,"href":"https:\/\/customacrylicproduct.com\/fr\/wp-json\/wp\/v2\/media\/1371"}],"wp:attachment":[{"href":"https:\/\/customacrylicproduct.com\/fr\/wp-json\/wp\/v2\/media?parent=1370"}],"wp:term":[{"taxonomy":"product_brand","embeddable":true,"href":"https:\/\/customacrylicproduct.com\/fr\/wp-json\/wp\/v2\/product_brand?post=1370"},{"taxonomy":"product_cat","embeddable":true,"href":"https:\/\/customacrylicproduct.com\/fr\/wp-json\/wp\/v2\/product_cat?post=1370"},{"taxonomy":"product_tag","embeddable":true,"href":"https:\/\/customacrylicproduct.com\/fr\/wp-json\/wp\/v2\/product_tag?post=1370"}],"curies":[{"name":"wp","href":"https:\/\/api.w.org\/{rel}","templated":true}]}}