{"id":1382,"date":"2025-07-21T03:23:33","date_gmt":"2025-07-21T03:23:33","guid":{"rendered":"https:\/\/customacrylicproduct.com\/?post_type=product&#038;p=1382"},"modified":"2025-07-21T03:23:33","modified_gmt":"2025-07-21T03:23:33","slug":"acrylic-cosmetic-makeup-products-display-holder-wholesales","status":"publish","type":"product","link":"https:\/\/customacrylicproduct.com\/fr\/acrylic-cosmetic-makeup-products-display-holder-wholesales\/","title":{"rendered":"Pr\u00e9sentoir en acrylique pour produits cosm\u00e9tiques et de maquillage Wholesales"},"content":{"rendered":"<h3 id=\"-the-apex-of-beauty-introducing-the-suisuale-gold-onyx-acrylic-aesthetic-present-owner-\"><strong>L'apog\u00e9e de la beaut\u00e9 : Pr\u00e9sentation de la Suisuale \u00ae Gold &amp; Onyx Acrylic Aesthetic Present Owner<\/strong><\/h3>\n<p>Dans le monde abordable et visuel des cosm\u00e9tiques, la discussion n'est pas seulement essentielle, elle est tout ce qu'il y a de plus important. La fa\u00e7on dont un produit est pr\u00e9sent\u00e9 est la premi\u00e8re conversation qu'il a avec un client potentiel. Elle \u00e9voque la qualit\u00e9, le haut de gamme et la valeur avant m\u00eame qu'un seul couvercle ne soit ouvert. Nous sommes heureux de vous pr\u00e9senter une option de pr\u00e9sentation qui ne se contente pas de contenir vos articles, mais qui les \u00e9l\u00e8ve au rang d'\u0153uvres d'art : Le Suisuale \u00ae Gold &amp; Onyx Polymer Cosmetic Show Owner, maintenant disponible pour les commandes en gros.<\/p>\n<p>Con\u00e7u pour les marques de co\u00fbts, les d\u00e9taillants exigeants et les amateurs de charme, ce pr\u00e9sentoir est un chef-d'\u0153uvre du haut de gamme moderne. Plus qu'un simple organisateur, il s'agit d'une phase minutieusement con\u00e7ue pour attirer l'attention, renforcer l'identification de la marque et cr\u00e9er une exp\u00e9rience remarquable sur le point de vente.<\/p>\n<p><img fetchpriority=\"high\" decoding=\"async\" class=\"wp-image-1384 size-large aligncenter\" src=\"https:\/\/customacrylicproduct.com\/wp-content\/uploads\/2025\/07\/Acrylic-Cosmetic-Makeup-Products-Display-2-1024x1024.jpg\" alt=\"Pr\u00e9sentoir acrylique pour produits cosm\u00e9tiques et de maquillage (2)\" width=\"1024\" height=\"1024\" srcset=\"https:\/\/customacrylicproduct.com\/wp-content\/uploads\/2025\/07\/Acrylic-Cosmetic-Makeup-Products-Display-2-1024x1024.jpg 1024w, https:\/\/customacrylicproduct.com\/wp-content\/uploads\/2025\/07\/Acrylic-Cosmetic-Makeup-Products-Display-2-300x300.jpg 300w, https:\/\/customacrylicproduct.com\/wp-content\/uploads\/2025\/07\/Acrylic-Cosmetic-Makeup-Products-Display-2-150x150.jpg 150w, https:\/\/customacrylicproduct.com\/wp-content\/uploads\/2025\/07\/Acrylic-Cosmetic-Makeup-Products-Display-2-768x768.jpg 768w, https:\/\/customacrylicproduct.com\/wp-content\/uploads\/2025\/07\/Acrylic-Cosmetic-Makeup-Products-Display-2-1536x1536.jpg 1536w, https:\/\/customacrylicproduct.com\/wp-content\/uploads\/2025\/07\/Acrylic-Cosmetic-Makeup-Products-Display-2-600x600.jpg 600w, https:\/\/customacrylicproduct.com\/wp-content\/uploads\/2025\/07\/Acrylic-Cosmetic-Makeup-Products-Display-2-100x100.jpg 100w, https:\/\/customacrylicproduct.com\/wp-content\/uploads\/2025\/07\/Acrylic-Cosmetic-Makeup-Products-Display-2.jpg 1920w\" sizes=\"(max-width: 1024px) 100vw, 1024px\" \/><\/p>\n<h4 id=\"-a-harmony-of-materials-layout-and-looks-\"><strong>Une harmonie de mat\u00e9riaux : Disposition et aspect<\/strong><\/h4>\n<p>L'impact imm\u00e9diat de ce propri\u00e9taire d'\u00e9cran d'affichage est d'une sophistication frappante. Son design est une symphonie soigneusement \u00e9quilibr\u00e9e de trois produits distincts mais unifi\u00e9s, chacun choisi pour ses b\u00e2timents visuels et fonctionnels uniques.<\/p>\n<ul>\n<li><strong>Miroir d'or lustr\u00e9 Polym\u00e8re :\u00a0<\/strong>Le c\u0153ur de l'\u00e9cran d'affichage est un syst\u00e8me irradiant \u00e0 miroirs dor\u00e9s. Il ne s'agit pas d'une simple teinte dor\u00e9e, mais d'une surface r\u00e9fl\u00e9chissante et brillante qui capte la lumi\u00e8re ambiante et s'en amuse, cr\u00e9ant un effet de halo \u00e9tonnant autour de vos produits. Cette base dor\u00e9e transmet un sentiment d'opulence et de r\u00e9putation, liant imm\u00e9diatement les choses qu'elle accepte \u00e0 une valeur \u00e9lev\u00e9e. Les interm\u00e9diaires ronds \u00e0 l'int\u00e9rieur de cette couche sont fabriqu\u00e9s avec pr\u00e9cision, leurs bords brillants refl\u00e9tant la lumi\u00e8re et ajoutant \u00e0 l'\u00e9clat g\u00e9n\u00e9ral.<\/li>\n<li><strong>Noir Onyx massif Base :\u00a0<\/strong>L'ensemble est soutenu par une solide base acrylique noire opaque. Cet \u00e9l\u00e9ment offre un contraste puissant et \u00e9l\u00e9gant avec l'or lumineux. Son rev\u00eatement mat ou semi-brillant absorbe la lumi\u00e8re, ce qui rend l'or et les produits qui le surplombent beaucoup plus vivants. Cette couche fondamentale ajoute un poids visuel et une s\u00e9curit\u00e9, garantissant que l'\u00e9cran d'affichage semble substantiel et s\u00fbr. Les lignes nettes et les bords tranchants de la base noire t\u00e9moignent d'une sensibilit\u00e9 contemporaine et minimaliste, d'un raffinement intemporel.<\/li>\n<li><strong>Polym\u00e8re cristallin :\u00a0<\/strong>Les couches sup\u00e9rieures et le panneau arri\u00e8re protecteur sont fabriqu\u00e9s \u00e0 partir d'acrylique transparent de la plus haute qualit\u00e9. Ce mat\u00e9riau est s\u00e9lectionn\u00e9 pour sa clart\u00e9 irr\u00e9prochable, offrant une vue imprenable sur les produits sous tous les angles. La couche sup\u00e9rieure transparente, avec sa propre collection d'ouvertures circulaires, cr\u00e9e un effet fascinant de \u201cd\u00e9rive\u201d, faisant appara\u00eetre les produits cosm\u00e9tiques en suspension dans l'air. Les bords sont polis au diamant pour obtenir une finition semblable \u00e0 celle du verre, ce qui garantit qu'il n'y a pas de coutures rugueuses, mais seulement des changements lisses et sans heurts qui respirent la qualit\u00e9 sup\u00e9rieure. Comme le montre l'image en gros plan, la menuiserie est impressionnante et t\u00e9moigne d'un travail de qualit\u00e9 sup\u00e9rieure.<\/li>\n<\/ul>\n<p>Le panneau arri\u00e8re, \u00e9galement en acrylique cristallin, est \u00e9l\u00e9gamment encadr\u00e9 d'une fragile bordure dor\u00e9e, reliant l'ensemble du design. Ce panneau arri\u00e8re remplit de nombreuses fonctions : il fournit un historique propre et net, s\u00e9curise les produits et constitue une toile de choix pour le marquage ou les messages promotionnels.<\/p>\n<p><img decoding=\"async\" class=\"size-full wp-image-1386\" src=\"https:\/\/customacrylicproduct.com\/wp-content\/uploads\/2025\/07\/Acrylic-Cosmetic-Makeup-Products-Display-4.jpg\" alt=\"Pr\u00e9sentoir acrylique pour produits cosm\u00e9tiques et de maquillage (4)\" width=\"800\" height=\"800\" srcset=\"https:\/\/customacrylicproduct.com\/wp-content\/uploads\/2025\/07\/Acrylic-Cosmetic-Makeup-Products-Display-4.jpg 800w, https:\/\/customacrylicproduct.com\/wp-content\/uploads\/2025\/07\/Acrylic-Cosmetic-Makeup-Products-Display-4-300x300.jpg 300w, https:\/\/customacrylicproduct.com\/wp-content\/uploads\/2025\/07\/Acrylic-Cosmetic-Makeup-Products-Display-4-150x150.jpg 150w, https:\/\/customacrylicproduct.com\/wp-content\/uploads\/2025\/07\/Acrylic-Cosmetic-Makeup-Products-Display-4-768x768.jpg 768w, https:\/\/customacrylicproduct.com\/wp-content\/uploads\/2025\/07\/Acrylic-Cosmetic-Makeup-Products-Display-4-600x600.jpg 600w, https:\/\/customacrylicproduct.com\/wp-content\/uploads\/2025\/07\/Acrylic-Cosmetic-Makeup-Products-Display-4-100x100.jpg 100w\" sizes=\"(max-width: 800px) 100vw, 800px\" \/><\/p>\n<h4 id=\"-engineered-for-functionality-and-flexibility-\"><strong>Con\u00e7u pour la fonctionnalit\u00e9 et la flexibilit\u00e9<\/strong><\/h4>\n<p>Si sa beaut\u00e9 est incontestable, ce porte-\u00e9cran est un triomphe d'ing\u00e9nierie fonctionnelle. Chaque \u00e9l\u00e9ment de sa conception a \u00e9t\u00e9 soigneusement \u00e9tudi\u00e9 pour r\u00e9pondre aux besoins d'une gamme vari\u00e9e d'objets esth\u00e9tiques.<\/p>\n<ul>\n<li><strong>Ouvertures multiples :\u00a0<\/strong>L'\u00e9cran d'affichage comporte une vari\u00e9t\u00e9 de propri\u00e9taires ronds d\u00e9coup\u00e9s avec pr\u00e9cision et de diff\u00e9rents diam\u00e8tres. Ce style flexible lui permet d'accueillir fermement un programme complet de soins de la peau ou de maquillage. Comme le montrent les photos avec les produits Lanc\u00f4me, il peut accueillir confortablement tout ce qui est n\u00e9cessaire, du contenant mince d'un s\u00e9rum Advanced G\u00e9nifique et du type plus large d'un tonique Hydra Zen aux petits pots de lotion pour les yeux ou aux flacons d'\u00e9chantillons. Cette flexibilit\u00e9 en fait une solution id\u00e9ale pour pr\u00e9senter des lignes de produits, des collections de cadeaux ou une collection de \u201cchoix de la r\u00e9daction\u201d.<\/li>\n<li><strong>La superposition des couches pour la compagnie et la pr\u00e9sence :\u00a0<\/strong>La construction en gradins et en plusieurs couches n'est pas seulement un choix esth\u00e9tique. Elle permet de s\u00e9parer clairement les diff\u00e9rents articles et de les ranger, \u00e9vitant ainsi un aspect encombr\u00e9. Les produits les plus hauts peuvent \u00eatre plac\u00e9s \u00e0 l'arri\u00e8re et les plus petits \u00e0 l'avant, ce qui permet de s'assurer que chaque produit est visible et accessible. Cette conception intelligente guide l'\u0153il du client \u00e0 travers la collection dans une s\u00e9rie rationnelle et attrayante.<\/li>\n<li><strong>Stabilit\u00e9 et long\u00e9vit\u00e9 :\u00a0<\/strong>Le polym\u00e8re est r\u00e9put\u00e9 pour \u00eatre \u00e0 la fois l\u00e9ger et incroyablement durable - beaucoup plus r\u00e9sistant aux chocs que le verre. Le propri\u00e9taire de l'\u00e9cran peut donc l'utiliser en toute s\u00e9curit\u00e9 dans des environnements de vente au d\u00e9tail tr\u00e8s fr\u00e9quent\u00e9s, et il est tr\u00e8s facile de le transf\u00e9rer et de le r\u00e9organiser. La base solide garantit la stabilit\u00e9 de l'\u00e9cran sur tout type de comptoir de cuisine, tandis que les d\u00e9coupes de pr\u00e9cision emp\u00eachent les objets de basculer.<\/li>\n<\/ul>\n<p><img decoding=\"async\" class=\"size-full wp-image-1383\" src=\"https:\/\/customacrylicproduct.com\/wp-content\/uploads\/2025\/07\/Acrylic-Cosmetic-Makeup-Products-Display-1.jpg\" alt=\"Pr\u00e9sentoir acrylique pour produits cosm\u00e9tiques et de maquillage (1)\" width=\"800\" height=\"800\" srcset=\"https:\/\/customacrylicproduct.com\/wp-content\/uploads\/2025\/07\/Acrylic-Cosmetic-Makeup-Products-Display-1.jpg 800w, https:\/\/customacrylicproduct.com\/wp-content\/uploads\/2025\/07\/Acrylic-Cosmetic-Makeup-Products-Display-1-300x300.jpg 300w, https:\/\/customacrylicproduct.com\/wp-content\/uploads\/2025\/07\/Acrylic-Cosmetic-Makeup-Products-Display-1-150x150.jpg 150w, https:\/\/customacrylicproduct.com\/wp-content\/uploads\/2025\/07\/Acrylic-Cosmetic-Makeup-Products-Display-1-768x768.jpg 768w, https:\/\/customacrylicproduct.com\/wp-content\/uploads\/2025\/07\/Acrylic-Cosmetic-Makeup-Products-Display-1-600x600.jpg 600w, https:\/\/customacrylicproduct.com\/wp-content\/uploads\/2025\/07\/Acrylic-Cosmetic-Makeup-Products-Display-1-100x100.jpg 100w\" sizes=\"(max-width: 800px) 100vw, 800px\" \/><\/p>\n<h4 id=\"-the-ultimate-branding-and-gifting-solution-\"><strong>La solution ultime en mati\u00e8re d'image de marque et de cadeaux<\/strong><\/h4>\n<p><strong>Pour les marques et les d\u00e9taillants (vente en gros) :\u00a0<\/strong>. Ce propri\u00e9taire d'\u00e9cran d'affichage est un dispositif de service efficace. Comme l'indique le marquage \u201csuisuale \u00ae\u201c sur la face avant, il est totalement r\u00e9glable. Nous offrons aux clients du commerce de gros la possibilit\u00e9 de personnaliser cette pr\u00e9sentation.<\/p>\n<ul>\n<li><strong>Combinaison de logos :\u00a0<\/strong>Gravez ou imprimez le logo de votre marque directement sur la base ou le panneau arri\u00e8re pour renforcer l'identification de votre marque.<\/li>\n<li><strong>Styles de couleurs et finitions personnalis\u00e9s :\u00a0<\/strong>Bien que le m\u00e9lange or et noir soit traditionnel, nous pouvons explorer des couleurs personnalis\u00e9es pour correspondre parfaitement \u00e0 l'esth\u00e9tique de votre marque.<\/li>\n<li><strong>Capacit\u00e9s sur mesure :\u00a0<\/strong>Vous avez besoin d'un \u00e9cran d'affichage plus grand pour une gamme compl\u00e8te de produits ou d'un \u00e9cran plus petit pour un article fonctionnel ? Nous pouvons collaborer avec vous pour r\u00e9ajuster les dimensions et les d\u00e9coupes afin de r\u00e9pondre \u00e0 vos besoins sp\u00e9cifiques.<\/li>\n<\/ul>\n<p>Dans un environnement de vente au d\u00e9tail, cet \u00e9cran d'affichage fonctionne comme un repr\u00e9sentant commercial discret. Il attire les consommateurs, met en \u00e9vidence la nature haut de gamme de vos articles et encourage la communication, ce qui stimule les ventes. Il est id\u00e9al pour les comptoirs des grands magasins, les \u00e9tag\u00e8res des boutiques, les salons de beaut\u00e9 et les cabines des congr\u00e8s professionnels.<\/p>\n<p><strong>Pour les cadeaux :\u00a0<\/strong>. Le titre \u201cGifts For Acrylic Cosmetic Make-up Products Present Owner\u201d est particuli\u00e8rement appropri\u00e9. Cet article est le cadeau supr\u00eame d'un luxe \u00e9conomique pour l'amateur de charme de votre vie.<\/p>\n<ul>\n<li><strong>Le coordinateur parfait :\u00a0<\/strong>Pour tous ceux qui poss\u00e8dent une collection pr\u00e9cieuse de produits de soin ou de maquillage, ce paravent transforme une coiffeuse en d\u00e9sordre en un espace magnifiquement rang\u00e9 et organis\u00e9.<\/li>\n<li><strong>Une d\u00e9claration d'\u00e9l\u00e9gance :\u00a0<\/strong>C'est un objet de d\u00e9coration \u00e0 part enti\u00e8re, qui ajoute une touche de style haut de gamme \u00e0 une chambre \u00e0 coucher, une salle de douche ou un vestiaire.<\/li>\n<li><strong>Un pr\u00e9sent r\u00e9fl\u00e9chi et durable :\u00a0<\/strong>Contrairement aux produits cosm\u00e9tiques eux-m\u00eames, ce propri\u00e9taire est un cadeau qui sera utilis\u00e9 et appr\u00e9ci\u00e9 pendant plusieurs ann\u00e9es, un rappel constant d'un geste attentionn\u00e9.<\/li>\n<\/ul>\n<h4 id=\"-conclusion-an-investment-in-excellence-\"><strong>Conclusion : Un investissement dans l'excellence<\/strong><\/h4>\n<p>Le porte-cadeau esth\u00e9tique Suisuale \u00ae Gold &amp; Onyx Acrylic est plus qu'un simple produit, c'est un investissement financier dans l'image de votre marque et l'exp\u00e9rience de vos clients. C'est l'endroit o\u00f9 l'artisanat de qualit\u00e9 sup\u00e9rieure s'allie \u00e0 un style intelligent et \u00e0 une esth\u00e9tique somptueuse. En offrant vos produits dans un support qui refl\u00e8te leur haute qualit\u00e9, vous faites une d\u00e9claration puissante.<\/p>\n<p>Choisissez cet \u00e9cran pour transformer votre espace de vente, pour d\u00e9velopper un merchandising esth\u00e9tique spectaculaire ou pour offrir un cadeau d'un style in\u00e9gal\u00e9. Appelez-nous d\u00e8s aujourd'hui pour discuter de vos besoins en gros et d\u00e9couvrir comment nous pouvons vous aider \u00e0 pr\u00e9senter vos articles sous la lumi\u00e8re qu'ils m\u00e9ritent vraiment.<\/p>","protected":false},"excerpt":{"rendered":"<p class=\"ng-star-inserted\"><span class=\"ng-star-inserted\">Mettez vos produits en valeur avec style gr\u00e2ce \u00e0 ce pr\u00e9sentoir \u00e0 cosm\u00e9tiques en acrylique de qualit\u00e9 sup\u00e9rieure. Il est dot\u00e9 d'un miroir dor\u00e9 de luxe, d'un cadre noir \u00e9l\u00e9gant et de fentes personnalis\u00e9es pour organiser \u00e9l\u00e9gamment les produits de soin et de maquillage. Id\u00e9al pour les comptoirs de vente au d\u00e9tail et les vanit\u00e9s. Disponible en gros.<\/span><\/p>","protected":false},"featured_media":1384,"template":"","meta":{"_kad_post_transparent":"default","_kad_post_title":"","_kad_post_layout":"default","_kad_post_sidebar_id":"","_kad_post_content_style":"default","_kad_post_vertical_padding":"default","_kad_post_feature":"","_kad_post_feature_position":"","_kad_post_header":false,"_kad_post_footer":false,"_kad_post_classname":""},"product_brand":[],"product_cat":[15],"product_tag":[144],"class_list":{"0":"post-1382","1":"product","2":"type-product","3":"status-publish","4":"has-post-thumbnail","6":"product_cat-custom-acrylic-displays","7":"product_tag-acrylic-cosmetic-makeup-products-display","9":"first","10":"instock","11":"shipping-taxable","12":"product-type-simple","13":"entry","14":"content-bg","15":"loop-entry"},"_links":{"self":[{"href":"https:\/\/customacrylicproduct.com\/fr\/wp-json\/wp\/v2\/product\/1382","targetHints":{"allow":["GET"]}}],"collection":[{"href":"https:\/\/customacrylicproduct.com\/fr\/wp-json\/wp\/v2\/product"}],"about":[{"href":"https:\/\/customacrylicproduct.com\/fr\/wp-json\/wp\/v2\/types\/product"}],"wp:featuredmedia":[{"embeddable":true,"href":"https:\/\/customacrylicproduct.com\/fr\/wp-json\/wp\/v2\/media\/1384"}],"wp:attachment":[{"href":"https:\/\/customacrylicproduct.com\/fr\/wp-json\/wp\/v2\/media?parent=1382"}],"wp:term":[{"taxonomy":"product_brand","embeddable":true,"href":"https:\/\/customacrylicproduct.com\/fr\/wp-json\/wp\/v2\/product_brand?post=1382"},{"taxonomy":"product_cat","embeddable":true,"href":"https:\/\/customacrylicproduct.com\/fr\/wp-json\/wp\/v2\/product_cat?post=1382"},{"taxonomy":"product_tag","embeddable":true,"href":"https:\/\/customacrylicproduct.com\/fr\/wp-json\/wp\/v2\/product_tag?post=1382"}],"curies":[{"name":"wp","href":"https:\/\/api.w.org\/{rel}","templated":true}]}}