{"id":1392,"date":"2025-07-21T03:46:44","date_gmt":"2025-07-21T03:46:44","guid":{"rendered":"https:\/\/customacrylicproduct.com\/?post_type=product&#038;p=1392"},"modified":"2025-07-21T03:46:44","modified_gmt":"2025-07-21T03:46:44","slug":"custom-acrylic-sign-neon-sign-large-custom-neon-signs","status":"publish","type":"product","link":"https:\/\/customacrylicproduct.com\/fr\/custom-acrylic-sign-neon-sign-large-custom-neon-signs\/","title":{"rendered":"Panneau Acrylique Personnalis\u00e9 Panneau N\u00e9on Grand Panneau N\u00e9on Personnalis\u00e9"},"content":{"rendered":"<h3 id=\"illuminate-your-globe-the-ultimate-guide-to-custom-polymer-neon-and-large-format-indications\">Illuminez votre globe : Le guide ultime des indications personnalis\u00e9es en polym\u00e8re, en n\u00e9on et en grand format<\/h3>\n<p>Dans un monde rempli de bruit num\u00e9rique, une d\u00e9claration physique d'identit\u00e9 n'a jamais \u00e9t\u00e9 aussi puissante. Une enseigne lumineuse de belle facture fait plus qu'indiquer un nom ; elle capte une sensation, \u00e9tablit une marque et transforme tout type d'espace en un lieu d'expression personnelle ou professionnelle. Bienvenue sur le site de votre premier fournisseur d'enseignes lumineuses sur mesure, o\u00f9 nous transformons votre vision en une v\u00e9rit\u00e9 \u00e9clatante. Que vous soyez \u00e0 la recherche d'un logo d'entreprise sophistiqu\u00e9, d'une marquise grand format spectaculaire ou d'un cadeau n\u00e9on personnalis\u00e9, notre collection d'acryliques, de n\u00e9ons et de grands indicateurs personnalis\u00e9s offre des possibilit\u00e9s infinies pour illuminer votre vie et votre entreprise.<\/p>\n<p><img fetchpriority=\"high\" decoding=\"async\" class=\"size-full wp-image-1396\" src=\"https:\/\/customacrylicproduct.com\/wp-content\/uploads\/2025\/07\/Custom-Acrylic-Sign-4.jpg\" alt=\"Enseigne en acrylique personnalis\u00e9e (4)\" width=\"800\" height=\"800\" srcset=\"https:\/\/customacrylicproduct.com\/wp-content\/uploads\/2025\/07\/Custom-Acrylic-Sign-4.jpg 800w, https:\/\/customacrylicproduct.com\/wp-content\/uploads\/2025\/07\/Custom-Acrylic-Sign-4-300x300.jpg 300w, https:\/\/customacrylicproduct.com\/wp-content\/uploads\/2025\/07\/Custom-Acrylic-Sign-4-150x150.jpg 150w, https:\/\/customacrylicproduct.com\/wp-content\/uploads\/2025\/07\/Custom-Acrylic-Sign-4-768x768.jpg 768w, https:\/\/customacrylicproduct.com\/wp-content\/uploads\/2025\/07\/Custom-Acrylic-Sign-4-600x600.jpg 600w, https:\/\/customacrylicproduct.com\/wp-content\/uploads\/2025\/07\/Custom-Acrylic-Sign-4-100x100.jpg 100w\" sizes=\"(max-width: 800px) 100vw, 800px\" \/><\/p>\n<h4 id=\"-the-essence-of-style-sophisticated-backlit-halo-lit-signs-\"><strong>L'essence du style : Enseignes r\u00e9tro\u00e9clair\u00e9es et halo-lumineuses sophistiqu\u00e9es\u00a0<\/strong>.<\/h4>\n<p>L'impression est extr\u00eamement importante. Pour les entreprises, les zones commerciales et m\u00eame les maisons modernes, l'enseigne id\u00e9ale relie un crit\u00e8re de haute qualit\u00e9 et de classe avant m\u00eame qu'un seul mot ne soit prononc\u00e9. Nos enseignes r\u00e9tro-\u00e9clair\u00e9es et halo-\u00e9clair\u00e9es, comme l'embl\u00e8me \u201cYF\u201d en or et le lettrage \u201cGIADA\u201d \u00e0 la mode, sont le summum du style contemporain.<\/p>\n<p><strong>Ex\u00e9cution soign\u00e9e des travaux :\u00a0<\/strong>Ces indications sont m\u00e9ticuleusement fabriqu\u00e9es \u00e0 partir de produits de premi\u00e8re qualit\u00e9. Imaginez la face de votre logo ou de votre lettrage d\u00e9coup\u00e9e avec pr\u00e9cision dans de l'acier inoxydable de haute qualit\u00e9 avec une finition dor\u00e9e, chrom\u00e9e ou argent\u00e9e satin\u00e9e. Ou probablement un acrylique vibrant, recouvert de poudre, dans la couleur sp\u00e9cifique de votre marque. La magie r\u00e9side dans l'\u00e9clairage. Des LED sont discr\u00e8tement log\u00e9es \u00e0 l'int\u00e9rieur ou \u00e0 l'arri\u00e8re des lettres, projetant un halo rayonnant sur la surface de placement. Cette technique produit un impact \u201cflottant\u201d \u00e9tonnant, offrant \u00e0 l'indicateur une profondeur tridimensionnelle et une lueur douce et a\u00e9rienne qui attire l'attention et est incroyablement bien r\u00e9gl\u00e9e.<\/p>\n<p><img decoding=\"async\" class=\"size-full wp-image-1395\" src=\"https:\/\/customacrylicproduct.com\/wp-content\/uploads\/2025\/07\/Custom-Acrylic-Sign-3-1.jpg\" alt=\"Enseigne en acrylique personnalis\u00e9e (3)\" width=\"800\" height=\"800\" srcset=\"https:\/\/customacrylicproduct.com\/wp-content\/uploads\/2025\/07\/Custom-Acrylic-Sign-3-1.jpg 800w, https:\/\/customacrylicproduct.com\/wp-content\/uploads\/2025\/07\/Custom-Acrylic-Sign-3-1-300x300.jpg 300w, https:\/\/customacrylicproduct.com\/wp-content\/uploads\/2025\/07\/Custom-Acrylic-Sign-3-1-150x150.jpg 150w, https:\/\/customacrylicproduct.com\/wp-content\/uploads\/2025\/07\/Custom-Acrylic-Sign-3-1-768x768.jpg 768w, https:\/\/customacrylicproduct.com\/wp-content\/uploads\/2025\/07\/Custom-Acrylic-Sign-3-1-600x600.jpg 600w, https:\/\/customacrylicproduct.com\/wp-content\/uploads\/2025\/07\/Custom-Acrylic-Sign-3-1-100x100.jpg 100w\" sizes=\"(max-width: 800px) 100vw, 800px\" \/><\/p>\n<p><strong>Polyvalence de la mise en page :\u00a0<\/strong>Comme le montre notre galerie, ce style est remarquablement fonctionnel.<\/p>\n<ul>\n<li><strong>L'image de marque de l'entreprise :\u00a0<\/strong>Un logo personnalis\u00e9, comme le \u201cYF\u201d imbriqu\u00e9 dans son ovale dor\u00e9, devient une ic\u00f4ne efficace du prestige de votre entreprise dans un hall d'entr\u00e9e ou sur un mur ext\u00e9rieur.<\/li>\n<li><strong>Atmosph\u00e8re de vente au d\u00e9tail :\u00a0<\/strong>L'indicateur noir \u201cGIADA\u201d avec son r\u00e9tro\u00e9clairage jaune-orange confortable contre un mur de pierre distinctif cr\u00e9e une ambiance invitante et haut de gamme pour un magasin ou un \u00e9tablissement de restauration.<\/li>\n<li><strong>Une signalisation claire et \u00e9l\u00e9gante :\u00a0<\/strong>Des num\u00e9ros de maison \u00e9pur\u00e9s et r\u00e9tro\u00e9clair\u00e9s (\u201d 471A, 506B \u201d) aux pictogrammes sp\u00e9ciaux pour les toilettes ou les caf\u00e9s (comme la personne stylis\u00e9e qui boit), ces indicateurs allient fonctionnalit\u00e9 et mise en page exceptionnelle.<\/li>\n<li><strong>Appel international :\u00a0<\/strong>Nous pouvons cr\u00e9er des ch\u00e8ques dans n'importe quel type de langue ou de collection de caract\u00e8res, comme le montre l'\u00e9l\u00e9gant indicateur \u201c\u62fe\u6708 SHIYUE\u201d, afin de garantir que le nom de votre marque interagisse parfaitement dans toutes les soci\u00e9t\u00e9s.<\/li>\n<\/ul>\n<p>Choisissez ce style pour une d\u00e9claration intemporelle et extravagante qui \u00e9mane de la confiance et de l'\u00e9l\u00e9gance.<\/p>\n<p><img decoding=\"async\" class=\"size-full wp-image-1393\" src=\"https:\/\/customacrylicproduct.com\/wp-content\/uploads\/2025\/07\/Custom-Acrylic-Sign-1-1.jpg\" alt=\"Enseigne en acrylique personnalis\u00e9e (1)\" width=\"800\" height=\"800\" srcset=\"https:\/\/customacrylicproduct.com\/wp-content\/uploads\/2025\/07\/Custom-Acrylic-Sign-1-1.jpg 800w, https:\/\/customacrylicproduct.com\/wp-content\/uploads\/2025\/07\/Custom-Acrylic-Sign-1-1-300x300.jpg 300w, https:\/\/customacrylicproduct.com\/wp-content\/uploads\/2025\/07\/Custom-Acrylic-Sign-1-1-150x150.jpg 150w, https:\/\/customacrylicproduct.com\/wp-content\/uploads\/2025\/07\/Custom-Acrylic-Sign-1-1-768x768.jpg 768w, https:\/\/customacrylicproduct.com\/wp-content\/uploads\/2025\/07\/Custom-Acrylic-Sign-1-1-600x600.jpg 600w, https:\/\/customacrylicproduct.com\/wp-content\/uploads\/2025\/07\/Custom-Acrylic-Sign-1-1-100x100.jpg 100w\" sizes=\"(max-width: 800px) 100vw, 800px\" \/><\/p>\n<h4 id=\"-the-strong-the-beautiful-vintage-inspired-marquee-light-bulb-indicators-\"><strong>La force et la beaut\u00e9 : Indicateurs de marquises et d'ampoules d'inspiration vintage\u00a0<\/strong>.<\/h4>\n<p>Les indicateurs de marquises sont des outils de communication intemporels. Stimulant le prestige du vieil Hollywood, la puissance de Broadway et la beaut\u00e9 classique d'un champ de foire, ces indications sont cr\u00e9\u00e9es pour \u00eatre d\u00e9couvertes. Ce ne sont pas de simples indications, ce sont des attractions touristiques.<\/p>\n<p><strong>Un rayonnement sentimental :\u00a0<\/strong>Nos enseignes sont con\u00e7ues pour impressionner. Nous fabriquons de grandes lettres channel tridimensionnelles en m\u00e9tal durable, disponibles dans une gamme de teintes dynamiques comme le rouge vibrant \u201cRAND ...\u201d ou dans des finitions classiques. Ces lettres sont ensuite \u00e9quip\u00e9es d'ampoules de qualit\u00e9 sup\u00e9rieure et durables qui produisent un rayonnement agr\u00e9able et fascinant. Le r\u00e9sultat est un ph\u00e9nom\u00e8ne esth\u00e9tique \u00e0 fort impact qui cr\u00e9e un environnement agr\u00e9able, plaisant et festif.<\/p>\n<p><strong>Le point focal :\u00a0<\/strong>Ces grands indicateurs personnalis\u00e9s sont excellents pour une vari\u00e9t\u00e9 d'applications :.<\/p>\n<ul>\n<li><strong>Signalisation d'occasion :\u00a0<\/strong>Rendez la c\u00e9l\u00e9bration d'un mariage, d'un anniversaire ou d'une f\u00eate extraordinaire en inscrivant les initiales du couple ou un mot tel que \u201cLOVE\u201d en lettres g\u00e9antes et rayonnantes. L'indication \u201cCHAYI\u201d autoportante montre comment ils peuvent servir de centre de table spectaculaire ou de toile de fond pour les s\u00e9ances de photos.<\/li>\n<li><strong>Entreprises et commerce de d\u00e9tail :\u00a0<\/strong>Attirez les clients en bas de chez vous gr\u00e2ce \u00e0 une enseigne vintage solide qui rendra votre bar, votre restaurant, votre cin\u00e9ma ou votre magasin incontournable.<\/li>\n<li><strong>Design d'int\u00e9rieur :\u00a0<\/strong>Apportez un objet vintage am\u00e9ricain dans votre maison ou dans une pi\u00e8ce innovante. Une initiale solitaire ou un mot significatif peut constituer une remarquable \u0153uvre d'art lumineuse.<\/li>\n<\/ul>\n<p>Si votre objectif est de faire une d\u00e9claration forte et extraordinaire et de cr\u00e9er une atmosph\u00e8re vibrante et engageante, nos enseignes de chapiteau sur mesure sont la meilleure option.<\/p>\n<h4 id=\"-the-individual-touch-vibrant-modern-led-neon-signs-\"><strong>La touche personnelle : Enseignes lumineuses LED vibrantes et modernes\u00a0<\/strong>.<\/h4>\n<p>Le n\u00e9on rena\u00eet. Alors que le n\u00e9on standard en verre a son histoire, le n\u00e9on flexible \u00e0 LED moderne offre un moyen plus s\u00fbr, plus robuste, beaucoup plus \u00e9conome en \u00e9nergie et beaucoup plus flexible d'obtenir l'\u00e9clat l\u00e9gendaire du n\u00e9on. Cette technologie moderne nous permet de cr\u00e9er des styles complexes, des polices de caract\u00e8res et des productions imaginatives qui sont id\u00e9ales pour personnaliser une zone ou offrir un cadeau vraiment distinct.<\/p>\n<p><strong>Pens\u00e9e cr\u00e9ative Laissez-vous aller :\u00a0<\/strong>C'est dans nos indicateurs LED n\u00e9on que votre personnage brille le plus. Comme le montre le ch\u00e8que personnalis\u00e9 \u201cAaliyah\u201d en manuscrit rose vibrant, surmont\u00e9 d'une joyeuse couronne jaune, nous pouvons transformer n'importe quel nom, phrase ou blague int\u00e9rieure en \u0153uvre d'art. L'\u00e9clat blanc chaud et sophistiqu\u00e9 de l'indicateur \u201cL'un pour l'autre\u201d montre sa capacit\u00e9 \u00e0 ajouter une touche de romantisme et de chaleur \u00e0 une maison ou \u00e0 un lieu de mariage.<\/p>\n<p><strong>Le cadeau id\u00e9al pour toutes les occasions :\u00a0<\/strong>Un indicateur n\u00e9on personnalis\u00e9 est l'un des cadeaux les plus personnels et les plus remarquables que vous puissiez offrir.<\/p>\n<ul>\n<li><strong>Pour la maison :\u00a0<\/strong>Egayez une chambre \u00e0 coucher, une caverne d'homme, un bar ou une salle de s\u00e9jour avec une citation pr\u00e9f\u00e9r\u00e9e, un nom de famille ou un graphique \u00e0 la mode.<\/li>\n<li><strong>Mariages et anniversaires :\u00a0<\/strong>Une indication comportant le nom du couple, la date du mariage ou un mot tel que \u201cEnsemble\u201d devient un souvenir pr\u00e9cieux de ce jour sp\u00e9cial.<\/li>\n<li><strong>Petites entreprises :\u00a0<\/strong>Donnez \u00e0 votre salon de coiffure, caf\u00e9, atelier ou allez faire du shopping une pi\u00e8ce ma\u00eetresse \u00e9l\u00e9gante et digne d'Instagram qui attire les clients.<\/li>\n<li><strong>Ev\u00e9nements et Occasions :\u00a0<\/strong>Qu'il s'agisse d'un enterrement de vie de jeune fille ou d'une f\u00eate d'enterrement de vie de gar\u00e7on, une indication n\u00e9on personnalis\u00e9e d\u00e9finit le style et offre une toile de fond parfaite pour les photos.<\/li>\n<\/ul>\n<p>Disponibles dans un arc-en-ciel de couleurs et enti\u00e8rement adaptables \u00e0 n'importe quelle police ou dessin, nos enseignes lumineuses \u00e0 LED sont la meilleure expression du design moderne et personnalis\u00e9.<\/p>\n<h4 id=\"-our-commitment-top-quality-personalization-and-treatment-\"><strong>Notre engagement : Qualit\u00e9 sup\u00e9rieure, personnalisation et traitement\u00a0<\/strong>.<\/h4>\n<p>La production de votre excellent indicateur est un voyage de collaboration. Notre processus est con\u00e7u pour \u00eatre simple, transparent et ax\u00e9 sur la concr\u00e9tisation de votre vision exacte.<\/p>\n<ol>\n<li><strong>Consultation et conception :\u00a0<\/strong>Tout commence par votre concept. Envoyez-nous votre logo, votre nom, votre texte ou votre principe. Nos concepteurs qualifi\u00e9s travailleront avec vous et vous fourniront une maquette \u00e9lectronique afin que vous puissiez voir pr\u00e9cis\u00e9ment \u00e0 quoi ressemblera votre enseigne avant le d\u00e9but de la production.<\/li>\n<li><strong>Travail de pr\u00e9cision :\u00a0<\/strong>Nous n'utilisons que des mat\u00e9riaux de la meilleure qualit\u00e9 - de l'acrylique et du m\u00e9tal au c\u00e2blage et aux ampoules LED \u00e0 longue dur\u00e9e de vie - pour nous assurer que votre indication n'est pas seulement belle, mais qu'elle est \u00e9galement con\u00e7ue pour durer.<\/li>\n<li><strong>Votre vision, reconnue :\u00a0<\/strong>Nous nous f\u00e9licitons de notre capacit\u00e9 \u00e0 traiter tout type de demande, du logo d'entreprise le plus complexe au style de police de caract\u00e8res le plus d\u00e9licat.<\/li>\n<\/ol>\n<p>Laissez-nous vous aider \u00e0 faire une d\u00e9claration qui brille. Qu'il s'agisse de cr\u00e9er une marque, de d\u00e9corer une pi\u00e8ce ou d'offrir un cadeau qui sera certainement gard\u00e9 pr\u00e9cieusement pendant plusieurs ann\u00e9es, nos indicateurs lumineux sur mesure sont la solution. Contactez-nous d\u00e8s aujourd'hui pour obtenir un devis gratuit et commencer \u00e0 \u00e9laborer votre chef-d'\u0153uvre.<\/p>","protected":false},"excerpt":{"rendered":"<p class=\"ng-star-inserted\"><span class=\"ng-star-inserted\">Illuminez votre marque avec des enseignes lumineuses personnalis\u00e9es ! Nous fabriquons d'\u00e9l\u00e9gantes lettres 3D r\u00e9tro\u00e9clair\u00e9es, des n\u00e9ons LED vibrants et des enseignes \u00e0 ampoules classiques. Parfaites pour les logos d'entreprises, les devantures de magasins, les \u00e9v\u00e9nements ou la d\u00e9coration. Des mat\u00e9riaux de haute qualit\u00e9 et des designs enti\u00e8rement personnalisables pour faire briller votre message.<\/span><\/p>","protected":false},"featured_media":1393,"template":"","meta":{"_kad_post_transparent":"default","_kad_post_title":"","_kad_post_layout":"default","_kad_post_sidebar_id":"","_kad_post_content_style":"default","_kad_post_vertical_padding":"default","_kad_post_feature":"","_kad_post_feature_position":"","_kad_post_header":false,"_kad_post_footer":false,"_kad_post_classname":""},"product_brand":[],"product_cat":[18],"product_tag":[51],"class_list":{"0":"post-1392","1":"product","2":"type-product","3":"status-publish","4":"has-post-thumbnail","6":"product_cat-custom-acrylic-signs","7":"product_tag-custom-acrylic-signs","9":"first","10":"instock","11":"shipping-taxable","12":"product-type-simple","13":"entry","14":"content-bg","15":"loop-entry"},"_links":{"self":[{"href":"https:\/\/customacrylicproduct.com\/fr\/wp-json\/wp\/v2\/product\/1392","targetHints":{"allow":["GET"]}}],"collection":[{"href":"https:\/\/customacrylicproduct.com\/fr\/wp-json\/wp\/v2\/product"}],"about":[{"href":"https:\/\/customacrylicproduct.com\/fr\/wp-json\/wp\/v2\/types\/product"}],"wp:featuredmedia":[{"embeddable":true,"href":"https:\/\/customacrylicproduct.com\/fr\/wp-json\/wp\/v2\/media\/1393"}],"wp:attachment":[{"href":"https:\/\/customacrylicproduct.com\/fr\/wp-json\/wp\/v2\/media?parent=1392"}],"wp:term":[{"taxonomy":"product_brand","embeddable":true,"href":"https:\/\/customacrylicproduct.com\/fr\/wp-json\/wp\/v2\/product_brand?post=1392"},{"taxonomy":"product_cat","embeddable":true,"href":"https:\/\/customacrylicproduct.com\/fr\/wp-json\/wp\/v2\/product_cat?post=1392"},{"taxonomy":"product_tag","embeddable":true,"href":"https:\/\/customacrylicproduct.com\/fr\/wp-json\/wp\/v2\/product_tag?post=1392"}],"curies":[{"name":"wp","href":"https:\/\/api.w.org\/{rel}","templated":true}]}}