{"id":1397,"date":"2025-07-21T03:57:19","date_gmt":"2025-07-21T03:57:19","guid":{"rendered":"https:\/\/customacrylicproduct.com\/?post_type=product&#038;p=1397"},"modified":"2025-07-21T03:57:19","modified_gmt":"2025-07-21T03:57:19","slug":"custom-acrylic-stand-cosmetic-display-counter-display-kiosk","status":"publish","type":"product","link":"https:\/\/customacrylicproduct.com\/fr\/custom-acrylic-stand-cosmetic-display-counter-display-kiosk\/","title":{"rendered":"Stand acrylique personnalis\u00e9 Pr\u00e9sentoir cosm\u00e9tique Kiosque de comptoir"},"content":{"rendered":"<h3 id=\"-boost-your-brand-the-ultimate-guide-to-personalized-cosmetic-present-stands-\"><strong>Boostez votre marque : Le guide ultime des pr\u00e9sentoirs cosm\u00e9tiques personnalis\u00e9s<\/strong><\/h3>\n<p>Dans le monde vivant et comp\u00e9titif des cosm\u00e9tiques, votre article est la star. Cependant, la c\u00e9l\u00e9brit\u00e9 la plus \u00e9blouissante a besoin d'une phase appropri\u00e9e pour briller de tous ses feux. Dans un magasin de d\u00e9tail bond\u00e9, le premier point de contact entre votre marque et un client potentiel n'est pas l'article lui-m\u00eame - c'est l'\u00e9cran d'affichage. C'est le vendeur discret de votre marque, son ambassadeur physique et son conteur. Nous offrons la meilleure solution pour les marques pr\u00eates \u00e0 \u00e9tonner, \u00e0 impliquer et \u00e0 convertir : notre gamme de\u00a0<strong>Stands d'exposition, comptoirs et kiosques personnalis\u00e9s en polym\u00e8re, en acier et en mat\u00e9riaux mixtes.\u00a0<\/strong>.<\/p>\n<p>Il ne s'agit pas d'un simple rayonnage, mais de la cr\u00e9ation d'une exp\u00e9rience immersive de la marque. Les images pr\u00e9sentent un \u00e9ventail de possibilit\u00e9s, chacune \u00e9tant un chef-d'\u0153uvre sur mesure con\u00e7u pour r\u00e9pondre \u00e0 des besoins particuliers en mati\u00e8re d'apparence et d'utilit\u00e9 de la marque. Qu'il s'agisse de pr\u00e9sentoirs \u00e9l\u00e9gants et de grande capacit\u00e9 ou de kiosques d'essai interactifs et haut de gamme, nous vous donnons les moyens d'offrir \u00e0 votre marque la pr\u00e9sence percutante \u00e0 laquelle elle a droit.<\/p>\n<p><img fetchpriority=\"high\" decoding=\"async\" class=\"size-full wp-image-1398\" src=\"https:\/\/customacrylicproduct.com\/wp-content\/uploads\/2025\/07\/Custom-Acrylic-Stand-Cosmetic-Display-1.jpg\" alt=\"Pr\u00e9sentoir cosm\u00e9tique sur pied en acrylique personnalis\u00e9 (1)\" width=\"800\" height=\"800\" srcset=\"https:\/\/customacrylicproduct.com\/wp-content\/uploads\/2025\/07\/Custom-Acrylic-Stand-Cosmetic-Display-1.jpg 800w, https:\/\/customacrylicproduct.com\/wp-content\/uploads\/2025\/07\/Custom-Acrylic-Stand-Cosmetic-Display-1-300x300.jpg 300w, https:\/\/customacrylicproduct.com\/wp-content\/uploads\/2025\/07\/Custom-Acrylic-Stand-Cosmetic-Display-1-150x150.jpg 150w, https:\/\/customacrylicproduct.com\/wp-content\/uploads\/2025\/07\/Custom-Acrylic-Stand-Cosmetic-Display-1-768x768.jpg 768w, https:\/\/customacrylicproduct.com\/wp-content\/uploads\/2025\/07\/Custom-Acrylic-Stand-Cosmetic-Display-1-600x600.jpg 600w, https:\/\/customacrylicproduct.com\/wp-content\/uploads\/2025\/07\/Custom-Acrylic-Stand-Cosmetic-Display-1-100x100.jpg 100w\" sizes=\"(max-width: 800px) 100vw, 800px\" \/><\/p>\n<h4 id=\"-the-power-of-a-purpose-built-display-more-than-simply-furniture-\"><strong>Le pouvoir d'un pr\u00e9sentoir con\u00e7u \u00e0 cet effet : Plus qu'un simple meuble<\/strong><\/h4>\n<p>Imaginez un consommateur marchant dans un rayon tr\u00e8s fr\u00e9quent\u00e9. Qu'est-ce qui le pousse \u00e0 s'arr\u00eater ? C'est une combinaison d'ombre, de lumi\u00e8re, de forme et d'histoire. Un pr\u00e9sentoir g\u00e9n\u00e9rique ne communique rien, alors qu'un pr\u00e9sentoir con\u00e7u sur mesure en dit long.<\/p>\n<ul>\n<li><strong>Objectif de commandement :\u00a0<\/strong>Comme le montre le pr\u00e9sentoir rose dynamique \u201cYCIO\u201d, une histoire de couleurs audacieuse et une structure unique peuvent instantan\u00e9ment attirer le regard dans tout le magasin. Il projette une image d'amusement, de vigueur juv\u00e9nile et de puissance, en parfaite ad\u00e9quation avec sa cible d\u00e9mographique.<\/li>\n<li><strong>Communiquer l'identit\u00e9 de la marque :\u00a0<\/strong>Votre stand est une expansion tridimensionnelle de la pr\u00e9sentation de votre marque. Le stand bleu fonc\u00e9 et blanc \u201cYCIO INTERNATIONAL MAKE-UP\u201d rayonne de classe, de professionnalisme et de confiance. Ses lignes \u00e9pur\u00e9es, son design organis\u00e9 et les photos de mannequins sp\u00e9cialis\u00e9s racontent une histoire de haute performance et de haute qualit\u00e9 mondiale. De la m\u00eame mani\u00e8re, le dispositif noir et rouge \u201cshowself\u201d, avec ses angles aigus et son \u00e9clairage concentr\u00e9, est un signe de modernit\u00e9, d'audace et de professionnalisme.<\/li>\n<li><strong>Motiver l'interaction et tester :\u00a0<\/strong>Un \u00e9cran r\u00e9ussi invite les consommateurs \u00e0 toucher, \u00e0 sentir et \u00e0 essayer. Le stand \u201cshowself\u201d est un v\u00e9ritable chef-d'\u0153uvre en la mati\u00e8re : il comprend un miroir d\u00e9di\u00e9 ainsi que des testeurs de structures, d'eye-liners et de rouges \u00e0 l\u00e8vres soigneusement install\u00e9s. La navigation passive devient ainsi une exp\u00e9rience active et tactile, ce qui augmente consid\u00e9rablement les chances d'achat.<\/li>\n<\/ul>\n<p><img decoding=\"async\" class=\"size-full wp-image-1399\" src=\"https:\/\/customacrylicproduct.com\/wp-content\/uploads\/2025\/07\/Custom-Acrylic-Stand-Cosmetic-Display-2.jpg\" alt=\"Pr\u00e9sentoir cosm\u00e9tique sur pied en acrylique personnalis\u00e9 (2)\" width=\"800\" height=\"800\" srcset=\"https:\/\/customacrylicproduct.com\/wp-content\/uploads\/2025\/07\/Custom-Acrylic-Stand-Cosmetic-Display-2.jpg 800w, https:\/\/customacrylicproduct.com\/wp-content\/uploads\/2025\/07\/Custom-Acrylic-Stand-Cosmetic-Display-2-300x300.jpg 300w, https:\/\/customacrylicproduct.com\/wp-content\/uploads\/2025\/07\/Custom-Acrylic-Stand-Cosmetic-Display-2-150x150.jpg 150w, https:\/\/customacrylicproduct.com\/wp-content\/uploads\/2025\/07\/Custom-Acrylic-Stand-Cosmetic-Display-2-768x768.jpg 768w, https:\/\/customacrylicproduct.com\/wp-content\/uploads\/2025\/07\/Custom-Acrylic-Stand-Cosmetic-Display-2-600x600.jpg 600w, https:\/\/customacrylicproduct.com\/wp-content\/uploads\/2025\/07\/Custom-Acrylic-Stand-Cosmetic-Display-2-100x100.jpg 100w\" sizes=\"(max-width: 800px) 100vw, 800px\" \/><\/p>\n<h4 id=\"-the-art-of-personalization-your-vision-brought-to-life-\"><strong>L'art de la personnalisation : Votre vision, concr\u00e9tis\u00e9e<\/strong><\/h4>\n<p>\u201d Le \u201dsur mesure\" est au c\u0153ur de notre activit\u00e9. Notre soci\u00e9t\u00e9 est convaincue qu'une technique unique ne permet pas de capturer la signification unique de votre nom de marque. Notre proc\u00e9dure de mise en page et de production est un voyage collectif pour cr\u00e9er un \u00e9cran qui vous est propre.<\/p>\n<p><strong>1. Cadre et formulaire personnalis\u00e9s :\u00a0<\/strong>. La base de tout excellent \u00e9cran d'affichage est sa structure. Nous d\u00e9passons les simples bo\u00eetes pour produire des formes vibrantes qui am\u00e9liorent vos produits.<\/p>\n<ul>\n<li><strong>Unit\u00e9s au sol :\u00a0<\/strong>Comme le montrent les quatre photos, les stands sont des outils puissants pour d\u00e9velopper un \u201cmagasin dans le magasin\u201d. Ils peuvent contenir une grande quantit\u00e9 d'articles, comme le montre le stand \u201ckulio\u201d avec ses diff\u00e9rentes rang\u00e9es d'articles, ou ils peuvent fournir une collection s\u00e9lectionn\u00e9e, comme les syst\u00e8mes \u201cYCIO\u201d et \u201cshowself\u201d, qui sont des boutiques suppl\u00e9mentaires.<\/li>\n<li><strong>\u00c9l\u00e9ments de conception particuliers :\u00a0<\/strong>Nous int\u00e9grons des d\u00e9tails caract\u00e9ristiques qui rendent votre \u00e9cran d'affichage remarquable. Notification : le grand en-t\u00eate en rouge \u00e0 l\u00e8vres du stand \u201ckulio\u201d, une touche fantaisiste qui est imm\u00e9diatement m\u00e9morable. Ou prenez en consid\u00e9ration la base cylindrique frappante, ray\u00e9e de bonbons, du stand heaven \u201cYCIO\u201d, un d\u00e9tail architectural sophistiqu\u00e9 qui ajoute une touche de luxe.<\/li>\n<\/ul>\n<p><strong>2. Pr\u00e9sentation du point strat\u00e9gique :\u00a0<\/strong>. La mani\u00e8re dont vos produits sont pr\u00e9sent\u00e9s est tout aussi importante que le stand lui-m\u00eame. Nous r\u00e9alisons des am\u00e9nagements qui sont \u00e0 la fois esth\u00e9tiques et fiables.<\/p>\n<ul>\n<li><strong>Rayonnage \u00e0 haute densit\u00e9 :\u00a0<\/strong>Pour les marques dont les gammes de couleurs ou les lignes de produits sont importantes, il est essentiel de disposer d'\u00e9tag\u00e8res bien organis\u00e9es. Le stand \u201ckulio\u201d noir et orange montre comment pr\u00e9senter un grand nombre d'articles de mani\u00e8re claire et accessible, pour permettre aux consommateurs de consulter rapidement l'ensemble de la collection.<\/li>\n<li><strong>Panneaux d'affichage et \u00e9crans suspendus :\u00a0<\/strong>Le stand rose \u201cYCIO\u201d utilise un syst\u00e8me d'accroche, id\u00e9al pour les produits en sachets. Cette disposition ouverte et ventil\u00e9e permet de voir chaque article s\u00e9par\u00e9ment et de l'avoir facilement \u00e0 port\u00e9e de main.<\/li>\n<li><strong>Stations d'essai engag\u00e9es :\u00a0<\/strong>Pour une exp\u00e9rience de co\u00fbts, les syst\u00e8mes de test incorpor\u00e9s sont essentiels. Les \u00e9crans bleus \u201cshowself\u201d et \u201cYCIO\u201d comportent des fentes moul\u00e9es sur mesure pour chaque type de produit - rouge \u00e0 l\u00e8vres, poudre et fond de teint. Cela permet non seulement de garder l'\u00e9cran bien rang\u00e9, mais aussi d'assurer un niveau \u00e9lev\u00e9 de traitement et de qualit\u00e9.<\/li>\n<\/ul>\n<p><strong>3. Marque et graphisme int\u00e9gr\u00e9s :\u00a0<\/strong>. Votre \u00e9cran d'affichage est votre publicit\u00e9 la plus connue en magasin. Nous int\u00e9grons parfaitement votre marque pour un effet maximal.<\/p>\n<ul>\n<li><strong>Panneaux de t\u00eate et panneaux lat\u00e9raux :\u00a0<\/strong>Ces emplacements grand format sont des lieux privil\u00e9gi\u00e9s pour votre logo, vos visuels essentiels et l'imagerie de votre campagne. De la photographie spectaculaire des mod\u00e8les sur les stands \u201cshowself\u201d et \u201cYCIO\u201d aux graphiques vibrants centr\u00e9s sur la marque, nous veillons \u00e0 ce que votre message soit au premier plan.<\/li>\n<li><strong>Correspondance des couleurs :\u00a0<\/strong>Nous pouvons faire correspondre exactement les couleurs Pantone de votre marque, ce qui garantit une coh\u00e9rence totale, de l'emballage de votre produit \u00e0 la visibilit\u00e9 de votre point de vente. Les nuances coh\u00e9rentes dans chacune des photos de l'exemple t\u00e9moignent de cette attention m\u00e9ticuleuse port\u00e9e \u00e0 l'information.<\/li>\n<\/ul>\n<p><img decoding=\"async\" class=\"size-full wp-image-1401\" src=\"https:\/\/customacrylicproduct.com\/wp-content\/uploads\/2025\/07\/Custom-Acrylic-Stand-Cosmetic-Display-4.jpg\" alt=\"Pr\u00e9sentoir cosm\u00e9tique sur pied en acrylique personnalis\u00e9 (4)\" width=\"800\" height=\"800\" srcset=\"https:\/\/customacrylicproduct.com\/wp-content\/uploads\/2025\/07\/Custom-Acrylic-Stand-Cosmetic-Display-4.jpg 800w, https:\/\/customacrylicproduct.com\/wp-content\/uploads\/2025\/07\/Custom-Acrylic-Stand-Cosmetic-Display-4-300x300.jpg 300w, https:\/\/customacrylicproduct.com\/wp-content\/uploads\/2025\/07\/Custom-Acrylic-Stand-Cosmetic-Display-4-150x150.jpg 150w, https:\/\/customacrylicproduct.com\/wp-content\/uploads\/2025\/07\/Custom-Acrylic-Stand-Cosmetic-Display-4-768x768.jpg 768w, https:\/\/customacrylicproduct.com\/wp-content\/uploads\/2025\/07\/Custom-Acrylic-Stand-Cosmetic-Display-4-600x600.jpg 600w, https:\/\/customacrylicproduct.com\/wp-content\/uploads\/2025\/07\/Custom-Acrylic-Stand-Cosmetic-Display-4-100x100.jpg 100w\" sizes=\"(max-width: 800px) 100vw, 800px\" \/><\/p>\n<h4 id=\"-material-excellence-the-right-tool-for-your-message-\"><strong>L'excellence mat\u00e9rielle : Le bon outil pour votre message<\/strong><\/h4>\n<p>Bien que le nom indique \u201cStand acrylique sur mesure\u201d, notre exp\u00e9rience s'\u00e9tend \u00e0 une collection compl\u00e8te de produits de premi\u00e8re qualit\u00e9, s\u00e9lectionn\u00e9s pour obtenir le meilleur \u00e9quilibre entre l'apparence, la long\u00e9vit\u00e9 et le plan budg\u00e9taire.<\/p>\n<ul>\n<li><strong>Polym\u00e8re cristallin :\u00a0<\/strong>Le polym\u00e8re (ou plexiglas) est la mati\u00e8re premi\u00e8re des pr\u00e9sentoirs esth\u00e9tiques. Sa clart\u00e9 optique donne une impression de luxe et de haut de gamme, permettant aux produits d'occuper le devant de la sc\u00e8ne. Il est en outre tr\u00e8s fonctionnel, efficace dans sa construction, d\u00e9coup\u00e9 au laser dans des formes d\u00e9taill\u00e9es et imprim\u00e9 avec une r\u00e9solution stup\u00e9fiante. Il est utilis\u00e9 pour les porte-tests, les fa\u00e7ades de s\u00e9curit\u00e9 et les rayonnages de classe.<\/li>\n<li><strong>Acier durable et dynamique :\u00a0<\/strong>Pour une stabilit\u00e9 architecturale et une apparence commerciale contemporaine, le m\u00e9tal est un excellent choix. Le cadre du stand rose \u201cYCIO\u201d est un exemple id\u00e9al de la fa\u00e7on dont le m\u00e9tal peut \u00eatre utilis\u00e9 pour produire un cadre \u00e0 la fois solide et l\u00e9ger, qui peut \u00eatre peint par poudrage dans toutes les teintes possibles et imaginables.<\/li>\n<li><strong>Polyvalence Bois et MDF :\u00a0<\/strong>Pour les structures solides et importantes, nous utilisons souvent du bois ou des panneaux de fibres de densit\u00e9 moyenne (MDF). Ces mat\u00e9riaux conviennent le mieux au corps principal des kiosques et des stands de sol plus importants, car ils constituent une base durable qui peut \u00eatre finie avec des stratifi\u00e9s, des placages ou de la peinture de haute qualit\u00e9, comme on peut le voir dans les cadres fondamentaux des \u00e9crans \u201ckulio\u201d et \u201cshowself\u201d.<\/li>\n<li><strong>Vid\u00e9o et \u00e9clairage \u00e0 fort impact :\u00a0<\/strong>Un \u00e9cran d'affichage na\u00eet avec des graphiques et de la lumi\u00e8re. Nous utilisons des techniques d'impression modernes pour obtenir des images photor\u00e9alistes et nous pouvons int\u00e9grer un \u00e9clairage LED pour mettre en valeur les produits, cr\u00e9er un effet de halo autour de l'en-t\u00eate ou r\u00e9tro\u00e9clairer des panneaux entiers pour un rayonnement significatif, \u00e0 ne pas manquer.<\/li>\n<\/ul>\n<h4 id=\"-the-perfect-gift-for-your-brand-name-\"><strong>Le cadeau id\u00e9al pour votre nom de marque<\/strong><\/h4>\n<p>Pourquoi appelons-nous ces pr\u00e9sentoirs des \u201ccadeaux\u201d ? Parce qu'investir dans un rem\u00e8de sur mesure pour les points de vente est l'un des cadeaux les plus avantageux que vous puissiez offrir \u00e0 votre marque. C'est un cadeau de visibilit\u00e9, de meilleure perception et, en fin de compte, d'augmentation des ventes. C'est l'\u00e9tape finale et essentielle de votre parcours de publicit\u00e9 et de marketing, qui vous assure que tous les efforts que vous avez d\u00e9ploy\u00e9s pour cr\u00e9er un article exceptionnel sont reconnus aujourd'hui.<\/p>\n<p>Que vous lanciez une nouvelle ligne de produits, que vous entriez dans un magasin important, que vous participiez \u00e0 une exposition ou que vous revitalisiez la pr\u00e9sence de votre marque en magasin, nos pr\u00e9sentoirs personnalis\u00e9s sont la cl\u00e9 d'une perception durable. Travaillons ensemble pour d\u00e9velopper la phase que vos produits devraient avoir. Prenez contact avec nous d\u00e8s aujourd'hui pour commencer \u00e0 d\u00e9velopper la prochaine histoire \u00e0 succ\u00e8s de votre marque.<\/p>","protected":false},"excerpt":{"rendered":"<p class=\"ng-star-inserted\"><span class=\"ng-star-inserted\">Boostez votre marque gr\u00e2ce \u00e0 nos pr\u00e9sentoirs de cosm\u00e9tiques personnalis\u00e9s. Nous concevons des kiosques au sol et des pr\u00e9sentoirs de comptoir accrocheurs pour le maquillage et les soins de la peau. Des pr\u00e9sentoirs en acrylique et en m\u00e9tal de haute qualit\u00e9, enti\u00e8rement personnalis\u00e9s avec votre logo et vos graphismes pour attirer les clients et stimuler les ventes.<\/span><\/p>","protected":false},"featured_media":1398,"template":"","meta":{"_kad_post_transparent":"default","_kad_post_title":"","_kad_post_layout":"default","_kad_post_sidebar_id":"","_kad_post_content_style":"default","_kad_post_vertical_padding":"default","_kad_post_feature":"","_kad_post_feature_position":"","_kad_post_header":false,"_kad_post_footer":false,"_kad_post_classname":""},"product_brand":[],"product_cat":[15],"product_tag":[33],"class_list":{"0":"post-1397","1":"product","2":"type-product","3":"status-publish","4":"has-post-thumbnail","6":"product_cat-custom-acrylic-displays","7":"product_tag-custom-acrylic-display","9":"first","10":"instock","11":"shipping-taxable","12":"product-type-simple","13":"entry","14":"content-bg","15":"loop-entry"},"_links":{"self":[{"href":"https:\/\/customacrylicproduct.com\/fr\/wp-json\/wp\/v2\/product\/1397","targetHints":{"allow":["GET"]}}],"collection":[{"href":"https:\/\/customacrylicproduct.com\/fr\/wp-json\/wp\/v2\/product"}],"about":[{"href":"https:\/\/customacrylicproduct.com\/fr\/wp-json\/wp\/v2\/types\/product"}],"wp:featuredmedia":[{"embeddable":true,"href":"https:\/\/customacrylicproduct.com\/fr\/wp-json\/wp\/v2\/media\/1398"}],"wp:attachment":[{"href":"https:\/\/customacrylicproduct.com\/fr\/wp-json\/wp\/v2\/media?parent=1397"}],"wp:term":[{"taxonomy":"product_brand","embeddable":true,"href":"https:\/\/customacrylicproduct.com\/fr\/wp-json\/wp\/v2\/product_brand?post=1397"},{"taxonomy":"product_cat","embeddable":true,"href":"https:\/\/customacrylicproduct.com\/fr\/wp-json\/wp\/v2\/product_cat?post=1397"},{"taxonomy":"product_tag","embeddable":true,"href":"https:\/\/customacrylicproduct.com\/fr\/wp-json\/wp\/v2\/product_tag?post=1397"}],"curies":[{"name":"wp","href":"https:\/\/api.w.org\/{rel}","templated":true}]}}