{"id":1403,"date":"2025-07-21T04:14:24","date_gmt":"2025-07-21T04:14:24","guid":{"rendered":"https:\/\/customacrylicproduct.com\/?post_type=product&#038;p=1403"},"modified":"2025-07-21T04:14:24","modified_gmt":"2025-07-21T04:14:24","slug":"gift-box-clear-acrylic-flower-bag-portable-flower-basket","status":"publish","type":"product","link":"https:\/\/customacrylicproduct.com\/fr\/gift-box-clear-acrylic-flower-bag-portable-flower-basket\/","title":{"rendered":"Bo\u00eete cadeau Sac \u00e0 fleurs en acrylique transparent Panier \u00e0 fleurs portable"},"content":{"rendered":"<h3 id=\"sophistication-redefined-the-ultimate-clear-polymer-flower-present-box-a-modern-declaration-of-elegance\">Sophistication Redefined : L'ultime bo\u00eete \u00e0 fleurs et \u00e0 cadeaux en polym\u00e8re transparent - Une d\u00e9claration d'\u00e9l\u00e9gance moderne<\/h3>\n<p>Dans un monde rempli de tendances \u00e9ph\u00e9m\u00e8res et d'emballages non r\u00e9utilisables, il existe un objet dont l'attrait n'a pas d'\u00e2ge et dont la fonction est durable : le panier \u00e0 fleurs et la bo\u00eete \u00e0 cadeaux en polym\u00e8re transparent. Il ne s'agit pas d'un simple contenant, mais d'une phase cristalline, d'un canevas minimal con\u00e7u pour \u00e9lever l'art d'offrir, le style floral et le style individuel au rang d'exp\u00e9rience inoubliable. Oubliez les emballages en papier conventionnels qui masquent la beaut\u00e9 et les paniers en osier qui appartiennent \u00e0 une \u00e9poque r\u00e9volue. Entrez dans un nouveau monde, celui du haut de gamme moderne, o\u00f9 votre cadeau n'est pas seulement offert, mais merveilleusement mis en valeur.<\/p>\n<p>Fabriqu\u00e9 \u00e0 partir d'acrylique de haute qualit\u00e9, ce panier mobile r\u00e9imagine ce qu'implique le fait d'offrir et de recevoir. Son ouverture impeccable et ses lignes g\u00e9om\u00e9triques soign\u00e9es produisent un impact visuel sensationnel, permettant aux objets qu'il contient - qu'il s'agisse d'une composition dynamique de pivoines fra\u00eeches, d'une collection d'articles de luxe ou de vos propres articles de base - de prendre la vedette. Il s'agit d'un article au design avant-gardiste qui parle de quantit\u00e9s, v\u00e9hiculant de la r\u00e9flexion, de l'imagination et un remarquable sens de l'esth\u00e9tique moderne.<\/p>\n<p><img fetchpriority=\"high\" decoding=\"async\" class=\"size-full wp-image-1406\" src=\"https:\/\/customacrylicproduct.com\/wp-content\/uploads\/2025\/07\/Acrylic-Flower-Bag-3.jpg\" alt=\"Sac \u00e0 fleurs en acrylique (3)\" width=\"800\" height=\"800\" srcset=\"https:\/\/customacrylicproduct.com\/wp-content\/uploads\/2025\/07\/Acrylic-Flower-Bag-3.jpg 800w, https:\/\/customacrylicproduct.com\/wp-content\/uploads\/2025\/07\/Acrylic-Flower-Bag-3-300x300.jpg 300w, https:\/\/customacrylicproduct.com\/wp-content\/uploads\/2025\/07\/Acrylic-Flower-Bag-3-150x150.jpg 150w, https:\/\/customacrylicproduct.com\/wp-content\/uploads\/2025\/07\/Acrylic-Flower-Bag-3-768x768.jpg 768w, https:\/\/customacrylicproduct.com\/wp-content\/uploads\/2025\/07\/Acrylic-Flower-Bag-3-600x600.jpg 600w, https:\/\/customacrylicproduct.com\/wp-content\/uploads\/2025\/07\/Acrylic-Flower-Bag-3-100x100.jpg 100w\" sizes=\"(max-width: 800px) 100vw, 800px\" \/><\/p>\n<p><strong>Une harmonie de caract\u00e8res et de fonctions<\/strong><\/p>\n<p>Cet objet est un v\u00e9ritable chef-d'\u0153uvre de design minimal. Fabriqu\u00e9 en acrylique \u00e9pais et durable, il offre la clart\u00e9 immacul\u00e9e du verre, sans sa fragilit\u00e9 ni son poids. Le produit est incassable, l\u00e9ger et incroyablement simple \u00e0 entretenir, ce qui garantit que son \u00e9clat fantastique durera de nombreuses ann\u00e9es. La construction sans soudure et les bords \u00e9pur\u00e9s laissent merveilleusement passer la lumi\u00e8re, d\u00e9veloppant une qualit\u00e9 sup\u00e9rieure digne d'une galerie d'art qui met en valeur chaque objet qu'elle contient. Que vous choisissiez le mod\u00e8le flexible en forme de rectangle ou le petit d\u00e9 chic, vous investissez dans une \u0153uvre d'art fonctionnelle.<\/p>\n<p>Pour r\u00e9pondre \u00e0 la diversit\u00e9 des go\u00fbts et des \u00e9v\u00e9nements, cette belle bo\u00eete est propos\u00e9e avec deux options de poign\u00e9e distinctes, chacune offrant une personnalit\u00e9 unique :.<\/p>\n<ol>\n<li><strong>La poign\u00e9e du minimaliste moderne :\u00a0<\/strong>Pour ceux qui appr\u00e9cient les formes douces et int\u00e9gr\u00e9es, la poign\u00e9e en acrylique robuste est une option id\u00e9ale. Elle s'int\u00e8gre parfaitement au corps de la corbeille et est reli\u00e9e \u00e0 des rivets m\u00e9talliques raffin\u00e9s de premi\u00e8re qualit\u00e9 qui apportent une touche de chic commercial. Cette variante est l'incarnation d'un style discret - fort, net et facilement contemporain. Il s'agit d'une option polyvalente et non sexiste, id\u00e9ale pour les cadeaux d'entreprise, la d\u00e9coration int\u00e9rieure sophistiqu\u00e9e et les compositions florales contemporaines.<\/li>\n<li><strong>La touche de luxe Pearl Take Care Of :\u00a0<\/strong>Passant du statut de magnifique contenant \u00e0 celui d'accessoire de mode, la gestion des perles amovibles est la d\u00e9finition m\u00eame de la beaut\u00e9 classique. Un arc gracieux de fausses perles brillantes et surdimensionn\u00e9es est reli\u00e9 par des fermoirs raffin\u00e9s de couleur or, ce qui permet de l'attacher ou de l'enlever facilement. Ce syst\u00e8me transforme la bo\u00eete en acrylique en un sac \u00e9l\u00e9gant, qui fait tourner les t\u00eates et \u00e9voque les articles de la haute couture. C'est le choix id\u00e9al pour les mariages, les f\u00eates de mariage, les anniversaires marquants ou pour les personnes \u00e0 la pointe de la mode qui aiment m\u00e9langer l'amour intemporel et le design contemporain.<\/li>\n<\/ol>\n<p><img decoding=\"async\" class=\"size-full wp-image-1404\" src=\"https:\/\/customacrylicproduct.com\/wp-content\/uploads\/2025\/07\/Acrylic-Flower-Bag-1.jpg\" alt=\"Sac \u00e0 fleurs en acrylique (1)\" width=\"800\" height=\"800\" srcset=\"https:\/\/customacrylicproduct.com\/wp-content\/uploads\/2025\/07\/Acrylic-Flower-Bag-1.jpg 800w, https:\/\/customacrylicproduct.com\/wp-content\/uploads\/2025\/07\/Acrylic-Flower-Bag-1-300x300.jpg 300w, https:\/\/customacrylicproduct.com\/wp-content\/uploads\/2025\/07\/Acrylic-Flower-Bag-1-150x150.jpg 150w, https:\/\/customacrylicproduct.com\/wp-content\/uploads\/2025\/07\/Acrylic-Flower-Bag-1-768x768.jpg 768w, https:\/\/customacrylicproduct.com\/wp-content\/uploads\/2025\/07\/Acrylic-Flower-Bag-1-600x600.jpg 600w, https:\/\/customacrylicproduct.com\/wp-content\/uploads\/2025\/07\/Acrylic-Flower-Bag-1-100x100.jpg 100w\" sizes=\"(max-width: 800px) 100vw, 800px\" \/><\/p>\n<p><strong>Laisser libre cours \u00e0 l'imagination sans limites : Une multitude d'utilisations<\/strong><\/p>\n<p>Le v\u00e9ritable g\u00e9nie du panier Clear Polymer Blossom Basket r\u00e9side dans son impressionnante capacit\u00e9 d'adaptation. Sa fonction n'est limit\u00e9e que par votre cr\u00e9ativit\u00e9.<\/p>\n<p><strong>Pour les r\u00eaveurs, les designers floraux et les amateurs de bricolage :\u00a0<\/strong>. C'est le meilleur r\u00e9cipient pour la cr\u00e9ativit\u00e9 florale moderne. La conception \u00e9tanche vous permet d'utiliser de la mousse florale pour les arrangements de fleurs fra\u00eechement coup\u00e9es, produisant une illusion enchanteresse de fleurs flottant dans une bo\u00eete de cristal. Les parois transparentes vous incitent \u00e0 r\u00e9fl\u00e9chir \u00e0 l'ensemble de la composition, depuis les id\u00e9es de fleurs jusqu'aux tiges savamment pr\u00e9par\u00e9es. Cette bo\u00eete est id\u00e9ale pour mettre en valeur une seule fleur remarquable, comme une orchid\u00e9e ou un hortensia, ou pour un arrangement somptueux de style jardin. Pour un cadeau qui dure, chargez-le de roses pr\u00e9serv\u00e9es ou \u00e9ternelles, cr\u00e9ant ainsi un souvenir sensationnel qui se double d'une d\u00e9coration int\u00e9rieure \u00e0 long terme.<\/p>\n<p><strong>Pour les personnes qui savent discerner les cadeaux :\u00a0<\/strong>. Donnez une dimension artistique \u00e0 vos cadeaux. Cette bo\u00eete en acrylique est l'un des emballages de cadeaux les plus extravagants que l'on puisse imaginer, devenant un \u00e9l\u00e9ment essentiel et recyclable de l'ici et maintenant lui-m\u00eame.<\/p>\n<ul>\n<li><strong>Charme et soins :\u00a0<\/strong>Cr\u00e9ez un cadre sur mesure avec des s\u00e9rums, des parfums et des cosm\u00e9tiques de qualit\u00e9 sup\u00e9rieure.<\/li>\n<li><strong>Frissons exquis :\u00a0<\/strong>Pr\u00e9parez des chocolats artisanaux, des macarons, un petit spiritueux ou une bouteille de grand champagne.<\/li>\n<li><strong>Propositions des demoiselles d'honneur et des gar\u00e7ons d'honneur :\u00a0<\/strong>Remplissez-le d'une mini-bouteille de prosecco, d'un peignoir en soie, de bijoux pr\u00e9cieux faits sur mesure ou d'un kit de soins. L'emballage lui-m\u00eame est un remerciement qu'ils ne manqueront pas d'appr\u00e9cier.<\/li>\n<li><strong>Douches pour nourrissons :\u00a0<\/strong>Existe d'adorables chaussons, un hochet en argent et des frais de traitement des nourrissons dans un paquet que les nouveaux parents pourront utiliser plus tard pour l'am\u00e9nagement de la chambre de b\u00e9b\u00e9.<\/li>\n<\/ul>\n<p><strong>Pour les adeptes de la mode :\u00a0<\/strong>. Avec la perle de soin attach\u00e9e, c'est plus qu'une bo\u00eete, c'est un sac \u00e0 main. Un accessoire qui alimente les conversations, parfait pour les mariages, les \u00e9v\u00e9nements dans les jardins, les inaugurations de galeries d'art ou un \u00e9l\u00e9gant petit-d\u00e9jeuner. Sa nature transparente invite \u00e0 un \u00e9cran d'affichage de vos essentiels : un rouge \u00e0 l\u00e8vres de cr\u00e9ateur, un porte-cartes \u00e9l\u00e9gant, votre t\u00e9l\u00e9phone et vos secrets. C'est une pi\u00e8ce de d\u00e9claration vibrante, \u00e0 la fois vivante et exceptionnellement sophistiqu\u00e9e.<\/p>\n<p><strong>Pour les amateurs de d\u00e9coration int\u00e9rieure raffin\u00e9e :\u00a0<\/strong>. Longtemps apr\u00e8s que les fleurs se soient fan\u00e9es ou que le cadeau ait \u00e9t\u00e9 d\u00e9ball\u00e9, cette bo\u00eete en acrylique continue de servir avec style.<\/p>\n<ul>\n<li><strong>Organisateur de meuble-lavabo :\u00a0<\/strong>Transformez votre table \u00e0 v\u00eatements en comptoir de luxe en l'utilisant pour ranger les pinceaux de maquillage, les combinaisons ou les collections de vernis \u00e0 ongles.<\/li>\n<li><strong>Support de bureau :\u00a0<\/strong>Mettez de l'ordre et de la sophistication dans votre espace de travail en organisant vos plus beaux stylos, votre papeterie et votre mat\u00e9riel de travail.<\/li>\n<li><strong>Centre de table :\u00a0<\/strong>Utilisez-le sur une table basse ou une table \u00e0 manger comme vase de longue dur\u00e9e ou comme support pour des objets d\u00e9coratifs, des ornements saisonniers ou des bougies (dans un verre protecteur).<\/li>\n<li><strong>Bo\u00eete \u00e0 souvenirs :\u00a0<\/strong>Pr\u00e9sentez des souvenirs, des images ou des objets de voyage pr\u00e9cieux dans un pr\u00e9sentoir \u00e9l\u00e9gant et d\u00e9poussi\u00e9r\u00e9.<\/li>\n<\/ul>\n<p><img decoding=\"async\" class=\"size-full wp-image-1405\" src=\"https:\/\/customacrylicproduct.com\/wp-content\/uploads\/2025\/07\/Acrylic-Flower-Bag-2.jpg\" alt=\"Sac \u00e0 fleurs en acrylique (2)\" width=\"800\" height=\"800\" srcset=\"https:\/\/customacrylicproduct.com\/wp-content\/uploads\/2025\/07\/Acrylic-Flower-Bag-2.jpg 800w, https:\/\/customacrylicproduct.com\/wp-content\/uploads\/2025\/07\/Acrylic-Flower-Bag-2-300x300.jpg 300w, https:\/\/customacrylicproduct.com\/wp-content\/uploads\/2025\/07\/Acrylic-Flower-Bag-2-150x150.jpg 150w, https:\/\/customacrylicproduct.com\/wp-content\/uploads\/2025\/07\/Acrylic-Flower-Bag-2-768x768.jpg 768w, https:\/\/customacrylicproduct.com\/wp-content\/uploads\/2025\/07\/Acrylic-Flower-Bag-2-600x600.jpg 600w, https:\/\/customacrylicproduct.com\/wp-content\/uploads\/2025\/07\/Acrylic-Flower-Bag-2-100x100.jpg 100w\" sizes=\"(max-width: 800px) 100vw, 800px\" \/><\/p>\n<p><strong>Un cadeau qui ne s'oublie pas<\/strong><\/p>\n<p>Le choix de la bo\u00eete \u00e0 fleurs et \u00e0 cadeaux en acrylique transparent est une d\u00e9claration de durabilit\u00e9 et de pr\u00e9venance. Contrairement au papier et au carton dont on se d\u00e9barrasse rapidement, il s'agit d'un article \u00e9ternel, con\u00e7u pour \u00eatre r\u00e9utilis\u00e9 et appr\u00e9ci\u00e9 pendant toute une vie. Il r\u00e9duit les d\u00e9chets tout en ajoutant un objet de beaut\u00e9 durable \u00e0 la maison ou \u00e0 la garde-robe de quelqu'un.<\/p>\n<p>C'est le meilleur cadeau pour chaque \u00e9v\u00e9nement : Saint-Valentin, f\u00eate des m\u00e8res, anniversaire de mariage, anniversaire de naissance, mariage, pendaison de cr\u00e9maill\u00e8re, ou tout simplement pour montrer \u00e0 quelqu'un combien il compte pour vous. Il transforme un arrangement facile en une installation impressionnante et un cadeau attentionn\u00e9 en un tr\u00e9sor conserv\u00e9.<\/p>\n<p>Adoptez la clart\u00e9 du style contemporain. \u00c9levez vos messages d'amour, d'\u00e9v\u00e9nement et de style. Choisissez la corbeille \u00e0 fleurs et la bo\u00eete cadeau en acrylique transparent et offrez un cadeau aussi \u00e9tonnant, polyvalent et clair que vos intentions.<\/p>","protected":false},"excerpt":{"rendered":"<p class=\"ng-star-inserted\"><span class=\"ng-star-inserted\">Am\u00e9liorez vos cadeaux avec notre chic panier \u00e0 fleurs en acrylique. Cette bo\u00eete transparente et portable, dot\u00e9e d'une \u00e9l\u00e9gante poign\u00e9e en perle ou en acrylique, met magnifiquement en valeur les compositions florales, les produits de beaut\u00e9 ou les coffrets cadeaux. Une pr\u00e9sentation moderne et inoubliable pour toutes les occasions.<\/span><\/p>","protected":false},"featured_media":1404,"template":"","meta":{"_kad_post_transparent":"default","_kad_post_title":"","_kad_post_layout":"default","_kad_post_sidebar_id":"","_kad_post_content_style":"default","_kad_post_vertical_padding":"default","_kad_post_feature":"","_kad_post_feature_position":"","_kad_post_header":false,"_kad_post_footer":false,"_kad_post_classname":""},"product_brand":[],"product_cat":[17],"product_tag":[45],"class_list":{"0":"post-1403","1":"product","2":"type-product","3":"status-publish","4":"has-post-thumbnail","6":"product_cat-custom-acrylic-boxes","7":"product_tag-customized-acrylic-boxes","9":"first","10":"instock","11":"shipping-taxable","12":"product-type-simple","13":"entry","14":"content-bg","15":"loop-entry"},"_links":{"self":[{"href":"https:\/\/customacrylicproduct.com\/fr\/wp-json\/wp\/v2\/product\/1403","targetHints":{"allow":["GET"]}}],"collection":[{"href":"https:\/\/customacrylicproduct.com\/fr\/wp-json\/wp\/v2\/product"}],"about":[{"href":"https:\/\/customacrylicproduct.com\/fr\/wp-json\/wp\/v2\/types\/product"}],"wp:featuredmedia":[{"embeddable":true,"href":"https:\/\/customacrylicproduct.com\/fr\/wp-json\/wp\/v2\/media\/1404"}],"wp:attachment":[{"href":"https:\/\/customacrylicproduct.com\/fr\/wp-json\/wp\/v2\/media?parent=1403"}],"wp:term":[{"taxonomy":"product_brand","embeddable":true,"href":"https:\/\/customacrylicproduct.com\/fr\/wp-json\/wp\/v2\/product_brand?post=1403"},{"taxonomy":"product_cat","embeddable":true,"href":"https:\/\/customacrylicproduct.com\/fr\/wp-json\/wp\/v2\/product_cat?post=1403"},{"taxonomy":"product_tag","embeddable":true,"href":"https:\/\/customacrylicproduct.com\/fr\/wp-json\/wp\/v2\/product_tag?post=1403"}],"curies":[{"name":"wp","href":"https:\/\/api.w.org\/{rel}","templated":true}]}}