{"id":1421,"date":"2025-07-21T06:58:40","date_gmt":"2025-07-21T06:58:40","guid":{"rendered":"https:\/\/customacrylicproduct.com\/?post_type=product&#038;p=1421"},"modified":"2025-07-21T06:58:41","modified_gmt":"2025-07-21T06:58:41","slug":"custom-acrylic-trophy-employee-inspirational-acrylic-sign-prizes","status":"publish","type":"product","link":"https:\/\/customacrylicproduct.com\/fr\/custom-acrylic-trophy-employee-inspirational-acrylic-sign-prizes\/","title":{"rendered":"Troph\u00e9e Acrylique Personnalis\u00e9 Enseigne Acrylique Inspiratrice Prix"},"content":{"rendered":"<h3 id=\"-commemorate-excellence-the-ultimate-collection-of-custom-polymer-trophies-inspirational-awards-\"><strong>Comm\u00e9morez l'excellence : La collection ultime de troph\u00e9es en polym\u00e8re personnalis\u00e9s et de r\u00e9compenses inspirantes<\/strong><\/h3>\n<p>Dans le paysage du travail moderne, la monnaie la plus efficace n'est pas seulement la r\u00e9mun\u00e9ration, c'est la reconnaissance. Reconna\u00eetre les efforts, le d\u00e9vouement et les succ\u00e8s exceptionnels de vos employ\u00e9s est le fondement d'une main-d'\u0153uvre favorable, motiv\u00e9e et fid\u00e8le. Mais comment partager cette appr\u00e9ciation d'une mani\u00e8re qui soit \u00e0 la fois utile et durable, qui aille au-del\u00e0 d'un simple courriel ou d'une r\u00e9f\u00e9rence fugace lors d'une r\u00e9union ?<\/p>\n<p>Nous vous pr\u00e9sentons notre premi\u00e8re collection de\u00a0<strong>Troph\u00e9es en acrylique personnalis\u00e9s et r\u00e9compenses inspirantes pour les membres du personnel\u00a0<\/strong>- un service avanc\u00e9, moderne et sinc\u00e8re, con\u00e7u pour honorer les vraies stars de votre organisation. \u00c9loignez-vous des prix lourds et d\u00e9suets et accueillez l'\u00e9clat sophistiqu\u00e9 et cristallin de l'acrylique. Ces distinctions sont plus que de simples prix ; ce sont des souvenirs merveilleusement \u00e9labor\u00e9s qui servent de r\u00e9f\u00e9rence quotidienne \u00e0 la valeur d'une personne, de testament \u00e0 ses paiements et d'ic\u00f4ne efficace d'une soci\u00e9t\u00e9 commerciale qui c\u00e9l\u00e8bre ses individus.<\/p>\n<p><img fetchpriority=\"high\" decoding=\"async\" class=\"wp-image-1425 size-large aligncenter\" src=\"https:\/\/customacrylicproduct.com\/wp-content\/uploads\/2025\/07\/Custom-Acrylic-Trophy-4-1024x1024.jpg\" alt=\"Troph\u00e9e en acrylique personnalis\u00e9 (4)\" width=\"1024\" height=\"1024\" srcset=\"https:\/\/customacrylicproduct.com\/wp-content\/uploads\/2025\/07\/Custom-Acrylic-Trophy-4-1024x1024.jpg 1024w, https:\/\/customacrylicproduct.com\/wp-content\/uploads\/2025\/07\/Custom-Acrylic-Trophy-4-300x300.jpg 300w, https:\/\/customacrylicproduct.com\/wp-content\/uploads\/2025\/07\/Custom-Acrylic-Trophy-4-150x150.jpg 150w, https:\/\/customacrylicproduct.com\/wp-content\/uploads\/2025\/07\/Custom-Acrylic-Trophy-4-768x768.jpg 768w, https:\/\/customacrylicproduct.com\/wp-content\/uploads\/2025\/07\/Custom-Acrylic-Trophy-4-600x600.jpg 600w, https:\/\/customacrylicproduct.com\/wp-content\/uploads\/2025\/07\/Custom-Acrylic-Trophy-4-100x100.jpg 100w, https:\/\/customacrylicproduct.com\/wp-content\/uploads\/2025\/07\/Custom-Acrylic-Trophy-4.jpg 1500w\" sizes=\"(max-width: 1024px) 100vw, 1024px\" \/><\/p>\n<h4 id=\"-unequaled-quality-unforgettable-visibility-\"><strong>Qualit\u00e9 in\u00e9gal\u00e9e, visibilit\u00e9 inoubliable<\/strong><\/h4>\n<p>Chaque honneur de notre collection commence par un morceau d'acrylique co\u00fbteux et ultramoderne, choisi pour sa qualit\u00e9 et sa r\u00e9sistance remarquables. Ce mat\u00e9riau offre l'\u00e9l\u00e9gance spectaculaire et r\u00e9fractaire \u00e0 la lumi\u00e8re du verre de cristal, mais avec des avantages exceptionnels et contemporains. Il est incassable, l\u00e9ger et ne jaunit pas avec le temps, ce qui garantit que votre geste d'admiration restera excellent pendant de nombreuses ann\u00e9es.<\/p>\n<p>Chaque pi\u00e8ce est d\u00e9coup\u00e9e avec pr\u00e9cision et ses c\u00f4t\u00e9s sont polis au diamant pour obtenir une surface lisse et lumineuse, ce qui lui conf\u00e8re un aspect impeccable sous tous les angles. Les messages de motivation et les d\u00e9tails personnalis\u00e9s sont appliqu\u00e9s \u00e0 l'aide de technologies avanc\u00e9es de gravure au laser et d'impression \u00e0 haute r\u00e9solution. Cette proc\u00e9dure permet d'obtenir des messages d'une nettet\u00e9 incroyable et des graphiques \u00e9clatants qui adh\u00e8rent de fa\u00e7on permanente \u00e0 l'acrylique, garantissant qu'ils ne s'effaceront jamais, ne se d\u00e9colleront jamais et ne s'useront jamais. Soutenu par une base en acrylique solide et parfaitement \u00e9quilibr\u00e9e, chaque troph\u00e9e se tient debout avec stabilit\u00e9 et gr\u00e2ce, ce qui en fait une am\u00e9lioration honor\u00e9e pour tout type de bureau, d'\u00e9tag\u00e8re ou de vitrine.<\/p>\n<p><img decoding=\"async\" class=\"wp-image-1424 size-large aligncenter\" src=\"https:\/\/customacrylicproduct.com\/wp-content\/uploads\/2025\/07\/Custom-Acrylic-Trophy-3-1-1024x1024.jpg\" alt=\"Troph\u00e9e en acrylique personnalis\u00e9 (3)\" width=\"1024\" height=\"1024\" srcset=\"https:\/\/customacrylicproduct.com\/wp-content\/uploads\/2025\/07\/Custom-Acrylic-Trophy-3-1-1024x1024.jpg 1024w, https:\/\/customacrylicproduct.com\/wp-content\/uploads\/2025\/07\/Custom-Acrylic-Trophy-3-1-300x300.jpg 300w, https:\/\/customacrylicproduct.com\/wp-content\/uploads\/2025\/07\/Custom-Acrylic-Trophy-3-1-150x150.jpg 150w, https:\/\/customacrylicproduct.com\/wp-content\/uploads\/2025\/07\/Custom-Acrylic-Trophy-3-1-768x768.jpg 768w, https:\/\/customacrylicproduct.com\/wp-content\/uploads\/2025\/07\/Custom-Acrylic-Trophy-3-1-600x600.jpg 600w, https:\/\/customacrylicproduct.com\/wp-content\/uploads\/2025\/07\/Custom-Acrylic-Trophy-3-1-100x100.jpg 100w, https:\/\/customacrylicproduct.com\/wp-content\/uploads\/2025\/07\/Custom-Acrylic-Trophy-3-1.jpg 1500w\" sizes=\"(max-width: 1024px) 100vw, 1024px\" \/><\/p>\n<h4 id=\"-a-design-for-each-achievement-a-design-for-every-celebrity-\"><strong>Un mod\u00e8le pour chaque r\u00e9alisation, un mod\u00e8le pour chaque c\u00e9l\u00e9brit\u00e9<\/strong><\/h4>\n<p>Notre collection offre une gamme vari\u00e9e de formes et de dispositions, vous permettant de d\u00e9couvrir le meilleur honneur pour refl\u00e9ter l'accomplissement et la personnalit\u00e9 du destinataire.<\/p>\n<ul>\n<li><strong>La s\u00e9rie traditionnelle des octogones :\u00a0<\/strong>Signe de robustesse, de stabilit\u00e9 et de talent complexe, le troph\u00e9e octogonal est une option classique pour une vaste s\u00e9lection de reconnaissances. Ses lignes \u00e9pur\u00e9es offrent une toile id\u00e9ale pour nos messages de motivation pr\u00e9-con\u00e7us qui vont droit au c\u0153ur de la reconnaissance :.<\/li>\n<li><strong>\u201d Excellent travail \u201d\u00a0<\/strong>: Associ\u00e9 \u00e0 une ic\u00f4ne de troph\u00e9e en or \u00e9tincelant, c'est l'honneur parfait pour reconna\u00eetre les efforts constants, l'ach\u00e8vement des projets et l'efficacit\u00e9 fiable.<\/li>\n<li><strong>\u201d Bravo !\u201d\u00a0<\/strong>: Un style de feu vert joyeux et universellement reconnu qui fournit un renforcement positif agr\u00e9able et imm\u00e9diat.<\/li>\n<li><strong>\u201d Incroyable\u201d\u00a0<\/strong>: Fix\u00e9 avec une banni\u00e8re et trois \u00e9toiles rayonnantes, ce prix est r\u00e9serv\u00e9 \u00e0 ceux qui se sont vraiment surpass\u00e9s, en fournissant des r\u00e9sultats \u00e9poustouflants.<\/li>\n<li><strong>\u201d Vous secouez\u201d\u00a0<\/strong>: Une m\u00e9thode \u00e9tonnante, contemporaine et d\u00e9contract\u00e9e pour c\u00e9l\u00e9brer un employ\u00e9 dont l'\u00e9tat d'esprit positif et les capacit\u00e9s remarquables ont eu un impact r\u00e9el.<\/li>\n<li><strong>\u201d F\u00e9licitations ! Vous l'avez fait ! \u201d\u00a0<\/strong>: D\u00e9bordant d'\u00e9nergie festive, ce motif est id\u00e9al pour marquer les grandes \u00e9tapes, atteindre des objectifs enthousiastes et r\u00e9aliser des buts importants.<\/li>\n<li><strong>\u201d Vous faites la diff\u00e9rence\u201d\u00a0<\/strong>: Encadr\u00e9 d'une \u00e9l\u00e9gante couronne de laurier, ce message est profond\u00e9ment significatif pour reconna\u00eetre un membre du personnel dont l'influence et les prestations sont ressenties dans l'ensemble du groupe ou de l'entreprise.<\/li>\n<li><strong>Le prix de la c\u00e9l\u00e9brit\u00e9 motivante :\u00a0<\/strong>Pour vos v\u00e9ritables vedettes, quoi de mieux qu'un honneur \u00e0 leur mesure ? Nos troph\u00e9es de c\u00e9l\u00e9brit\u00e9s sculpt\u00e9s de mani\u00e8re distincte sont cr\u00e9\u00e9s non seulement pour reconna\u00eetre un succ\u00e8s, mais aussi pour honorer l'individu. Grav\u00e9 d'une belle constellation d'\u00e9toiles plus petites, il porte un message important :\u00a0<em>\u201d Puissiez-vous \u00eatre fiers du travail que vous faites, de la personne que vous \u00eates et de la diff\u00e9rence que vous faites.\u201d\u00a0<\/em>Cet honneur d\u00e9passe le cadre d'une seule occasion ; c'est un hommage \u00e0 la personnalit\u00e9 d'un travailleur, \u00e0 sa stabilit\u00e9 et \u00e0 son impact favorable global. Sa silhouette cr\u00e9ative et vibrante en fait un objet d'art de bureau \u00e9tonnant qui motive la satisfaction au quotidien. Propos\u00e9 s\u00e9par\u00e9ment ou en paquets multiples, il est id\u00e9al pour la reconnaissance d'une \u00e9quipe.<\/li>\n<li><strong>Le bouclier de l'honneur :\u00a0<\/strong>Pour les distinctions les plus respect\u00e9es, notre prix en forme de bouclier est un embl\u00e8me efficace de l'honn\u00eatet\u00e9, de la d\u00e9fense et de l'accomplissement diff\u00e9renci\u00e9. Sa pr\u00e9sence intemporelle et imposante en fait le v\u00e9hicule supr\u00eame d'une reconnaissance totalement individualis\u00e9e.<\/li>\n<\/ul>\n<p><img decoding=\"async\" class=\"wp-image-1423 size-large aligncenter\" src=\"https:\/\/customacrylicproduct.com\/wp-content\/uploads\/2025\/07\/Custom-Acrylic-Trophy-2-1-1024x1024.jpg\" alt=\"Troph\u00e9e en acrylique personnalis\u00e9 (2)\" width=\"1024\" height=\"1024\" srcset=\"https:\/\/customacrylicproduct.com\/wp-content\/uploads\/2025\/07\/Custom-Acrylic-Trophy-2-1-1024x1024.jpg 1024w, https:\/\/customacrylicproduct.com\/wp-content\/uploads\/2025\/07\/Custom-Acrylic-Trophy-2-1-300x300.jpg 300w, https:\/\/customacrylicproduct.com\/wp-content\/uploads\/2025\/07\/Custom-Acrylic-Trophy-2-1-150x150.jpg 150w, https:\/\/customacrylicproduct.com\/wp-content\/uploads\/2025\/07\/Custom-Acrylic-Trophy-2-1-768x768.jpg 768w, https:\/\/customacrylicproduct.com\/wp-content\/uploads\/2025\/07\/Custom-Acrylic-Trophy-2-1-600x600.jpg 600w, https:\/\/customacrylicproduct.com\/wp-content\/uploads\/2025\/07\/Custom-Acrylic-Trophy-2-1-100x100.jpg 100w, https:\/\/customacrylicproduct.com\/wp-content\/uploads\/2025\/07\/Custom-Acrylic-Trophy-2-1.jpg 1500w\" sizes=\"(max-width: 1024px) 100vw, 1024px\" \/><\/p>\n<h4 id=\"-the-power-of-customization-make-it-their-tale-\"><strong>Le pouvoir de la personnalisation : Faites-en leur histoire<\/strong><\/h4>\n<p>Le v\u00e9ritable c\u0153ur de notre collection repose sur la capacit\u00e9 \u00e0 produire un prix enti\u00e8rement distinct. Bien que nos options pr\u00e9con\u00e7ues aient un impact, un prix sur mesure transforme un cadeau en un souvenir pr\u00e9cieux. Notre prix bouclier enti\u00e8rement personnalis\u00e9, ainsi que d'autres mod\u00e8les, vous permettent de cr\u00e9er un hommage distinctif en d\u00e9finissant :.<\/p>\n<ul>\n<li><strong>Prix du titre personnalis\u00e9 :\u00a0<\/strong>D\u00e9placer le titre au-del\u00e0 de \u201cMembre du personnel du mois\u201d. Cr\u00e9ez un titre pr\u00e9cis et utile, tel que \u201cDevelopment Titan Award\u201d ou \u201cCustomer Support Champ 2024\u201d.<\/li>\n<li><strong>Appel \u00e0 la personne :\u00a0<\/strong>Le nom du b\u00e9n\u00e9ficiaire est mis en \u00e9vidence, ce qui lui conf\u00e8re l'honneur personnel qu'il m\u00e9rite.<\/li>\n<li><strong>Discussion sur le facteur de compensation :\u00a0<\/strong>C'est l\u00e0 que la magie op\u00e8re. Plut\u00f4t qu'une banale platitude, d\u00e9taillez le \u201cpourquoi\u201d. Par exemple :\u00a0<em>\u201d Pour votre remarquable gestion de la diffusion de la t\u00e2che Phoenix en avance sur le calendrier,\u201d\u00a0<\/em>ou\u00a0<em>\u201d Pour avoir continuellement d\u00e9pass\u00e9 les objectifs de vente et encadr\u00e9 les nouveaux membres de l'\u00e9quipe\u201d.\u201d\u00a0<\/em>Ce d\u00e9tail valide leur contribution sp\u00e9ciale d'une mani\u00e8re puissante.<\/li>\n<li><strong>Jour et texte personnalis\u00e9 en option :\u00a0<\/strong>Indiquez le jour de la r\u00e9alisation pour comm\u00e9morer la minute, ou incluez un bref message individuel de la part de la direction ou de l'\u00e9quipe.<\/li>\n<\/ul>\n<p>Ce degr\u00e9 \u00e9lev\u00e9 de modification garantit que le b\u00e9n\u00e9ficiaire se sente r\u00e9ellement consid\u00e9r\u00e9 et valoris\u00e9, d\u00e9veloppant ainsi un lien \u00e9motionnel qu'une r\u00e9compense g\u00e9n\u00e9rique ne peut tout simplement pas reproduire.<\/p>\n<h4 id=\"-versatile-for-any-type-of-and-every-occasion-\"><strong>Polyvalent pour tous les types et toutes les occasions<\/strong><\/h4>\n<p>Ces distinctions spectaculaires en acrylique sont le meilleur choix pour un large \u00e9ventail de besoins de reconnaissance dans tout type de march\u00e9 ou d'organisation.<\/p>\n<ul>\n<li><strong>Travailleur du mois, du trimestre ou de l'ann\u00e9e\u00a0<\/strong>.<\/li>\n<li><strong>\u00c9tapes de la vente et de l'efficacit\u00e9\u00a0<\/strong>.<\/li>\n<li><strong>Conclusion de l'emploi et r\u00e9ussite du groupe\u00a0<\/strong>.<\/li>\n<li><strong>Anniversaires de travail et ann\u00e9es de service\u00a0<\/strong>.<\/li>\n<li><strong>Vie de retrait\u00e9 et hommages d'adieu\u00a0<\/strong>.<\/li>\n<li><strong>Reconnaissance du management et du mentorat\u00a0<\/strong>.<\/li>\n<li><strong>Programmes de reconnaissance de pair \u00e0 pair\u00a0<\/strong>.<\/li>\n<li><strong>Formalit\u00e9s relatives au b\u00e9n\u00e9volat et au service communautaire\u00a0<\/strong>.<\/li>\n<li><strong>Cadeaux de remerciement pour les managers, les coll\u00e8gues et les conseillers\u00a0<\/strong>.<\/li>\n<\/ul>\n<p>Que vous soyez un responsable des ressources humaines organisant un gala annuel de remise de prix, un chef de groupe souhaitant stimuler l'esprit d'\u00e9quipe ou un propri\u00e9taire de petite entreprise promouvant une soci\u00e9t\u00e9 de gratitude, ces troph\u00e9es sont votre outil id\u00e9al.<\/p>\n<p><strong>Achetez votre personnel, un symbole durable de gratitude<\/strong><\/p>\n<p>Reconna\u00eetre vos employ\u00e9s est l'un des investissements financiers les plus rentables que vous puissiez faire dans la culture, l'interaction et la r\u00e9tention de votre entreprise. Lorsqu'un membre du personnel d\u00e9pose ce magnifique acrylique d'honneur sur son bureau, il ne se contente pas de d\u00e9corer un espace : il lui indique de mani\u00e8re coh\u00e9rente et substantielle que son travail est important, que ses initiatives sont appr\u00e9ci\u00e9es et qu'il est un \u00e9l\u00e9ment pr\u00e9cieux d'un groupe qui se pr\u00e9occupe de lui.<\/p>\n<p>Ne laissez pas les paiements extraordinaires tomber dans l'oubli. Faites passer votre admiration d'un commentaire passager \u00e0 un honneur \u00e0 long terme.<\/p>\n<p><strong>Commandez d\u00e8s aujourd'hui vos troph\u00e9es en polym\u00e8re personnalis\u00e9s et offrez \u00e0 votre groupe l'ic\u00f4ne attrayante, individuelle et durable de la reconnaissance qu'il a m\u00e9rit\u00e9e.<\/strong><\/p>","protected":false},"excerpt":{"rendered":"<p class=\"ng-star-inserted\"><span class=\"ng-star-inserted\">Reconnaissez l'excellence de votre travail gr\u00e2ce \u00e0 nos troph\u00e9es acryliques personnalis\u00e9s. Parfaits pour l'appr\u00e9ciation des employ\u00e9s, ces prix et r\u00e9compenses inspirants peuvent \u00eatre personnalis\u00e9s avec des noms, des citations et des messages. Une fa\u00e7on moderne et significative de c\u00e9l\u00e9brer le succ\u00e8s.<\/span><\/p>","protected":false},"featured_media":1422,"template":"","meta":{"_kad_post_transparent":"default","_kad_post_title":"","_kad_post_layout":"default","_kad_post_sidebar_id":"","_kad_post_content_style":"default","_kad_post_vertical_padding":"default","_kad_post_feature":"","_kad_post_feature_position":"","_kad_post_header":false,"_kad_post_footer":false,"_kad_post_classname":""},"product_brand":[],"product_cat":[19],"product_tag":[136],"class_list":{"0":"post-1421","1":"product","2":"type-product","3":"status-publish","4":"has-post-thumbnail","6":"product_cat-custom-acrylic-trophies-awards","7":"product_tag-custom-acrylic-trophy","9":"first","10":"instock","11":"shipping-taxable","12":"product-type-simple","13":"entry","14":"content-bg","15":"loop-entry"},"_links":{"self":[{"href":"https:\/\/customacrylicproduct.com\/fr\/wp-json\/wp\/v2\/product\/1421","targetHints":{"allow":["GET"]}}],"collection":[{"href":"https:\/\/customacrylicproduct.com\/fr\/wp-json\/wp\/v2\/product"}],"about":[{"href":"https:\/\/customacrylicproduct.com\/fr\/wp-json\/wp\/v2\/types\/product"}],"wp:featuredmedia":[{"embeddable":true,"href":"https:\/\/customacrylicproduct.com\/fr\/wp-json\/wp\/v2\/media\/1422"}],"wp:attachment":[{"href":"https:\/\/customacrylicproduct.com\/fr\/wp-json\/wp\/v2\/media?parent=1421"}],"wp:term":[{"taxonomy":"product_brand","embeddable":true,"href":"https:\/\/customacrylicproduct.com\/fr\/wp-json\/wp\/v2\/product_brand?post=1421"},{"taxonomy":"product_cat","embeddable":true,"href":"https:\/\/customacrylicproduct.com\/fr\/wp-json\/wp\/v2\/product_cat?post=1421"},{"taxonomy":"product_tag","embeddable":true,"href":"https:\/\/customacrylicproduct.com\/fr\/wp-json\/wp\/v2\/product_tag?post=1421"}],"curies":[{"name":"wp","href":"https:\/\/api.w.org\/{rel}","templated":true}]}}