{"id":1426,"date":"2025-07-21T07:08:01","date_gmt":"2025-07-21T07:08:01","guid":{"rendered":"https:\/\/customacrylicproduct.com\/?post_type=product&#038;p=1426"},"modified":"2025-07-21T07:08:01","modified_gmt":"2025-07-21T07:08:01","slug":"custom-cast-acrylic-sheet-ideal-for-crafting-and-displays","status":"publish","type":"product","link":"https:\/\/customacrylicproduct.com\/fr\/custom-cast-acrylic-sheet-ideal-for-crafting-and-displays\/","title":{"rendered":"Feuille d'acrylique coul\u00e9e sur mesure id\u00e9ale pour l'artisanat et les pr\u00e9sentoirs"},"content":{"rendered":"<h3 id=\"-unleash-your-creativity-premium-xintao-customized-cast-acrylic-sheets-the-perfect-present-and-material-for-crafting-displays-and-style-\"><strong>Lib\u00e9rez votre cr\u00e9ativit\u00e9 : Feuilles d'acrylique coul\u00e9 personnalis\u00e9es XINTAO de premi\u00e8re qualit\u00e9 - Le cadeau et le mat\u00e9riau parfaits pour l'artisanat, l'affichage et le style.<\/strong><\/h3>\n<p>Dans un monde o\u00f9 l'imagination ne conna\u00eet pas de limites, le produit appropri\u00e9 peut \u00eatre le pont entre un concept \u00e9ph\u00e9m\u00e8re et un chef-d'\u0153uvre substantiel. Nous vous pr\u00e9sentons la toile ultime pour votre imagination cr\u00e9ative : notre collection de co\u00fbts de\u00a0<strong>XINTAO Feuilles de polym\u00e8re coul\u00e9 sur mesure\u00a0<\/strong>. Que vous soyez un artisan fabriquant des bijoux pr\u00e9cieux sur mesure, un concepteur r\u00e9alisant le prototype d'un nouveau produit, un propri\u00e9taire d'entreprise locale d\u00e9veloppant des enseignes captivantes ou un amateur de bricolage \u00e0 la recherche du cadeau personnalis\u00e9 parfait, ces feuilles acryliques offrent un globe d'ombre, de haute qualit\u00e9 et de possibilit\u00e9s illimit\u00e9es.<\/p>\n<figure id=\"attachment_1429\" aria-describedby=\"caption-attachment-1429\" style=\"width: 800px\" class=\"wp-caption aligncenter\"><img fetchpriority=\"high\" decoding=\"async\" class=\"size-full wp-image-1429\" src=\"https:\/\/customacrylicproduct.com\/wp-content\/uploads\/2025\/07\/Custom-Cast-Acrylic-Sheet-3.jpg\" alt=\"Plaques acryliques coul\u00e9es sur mesure (3)\" width=\"800\" height=\"800\" srcset=\"https:\/\/customacrylicproduct.com\/wp-content\/uploads\/2025\/07\/Custom-Cast-Acrylic-Sheet-3.jpg 800w, https:\/\/customacrylicproduct.com\/wp-content\/uploads\/2025\/07\/Custom-Cast-Acrylic-Sheet-3-300x300.jpg 300w, https:\/\/customacrylicproduct.com\/wp-content\/uploads\/2025\/07\/Custom-Cast-Acrylic-Sheet-3-150x150.jpg 150w, https:\/\/customacrylicproduct.com\/wp-content\/uploads\/2025\/07\/Custom-Cast-Acrylic-Sheet-3-768x768.jpg 768w, https:\/\/customacrylicproduct.com\/wp-content\/uploads\/2025\/07\/Custom-Cast-Acrylic-Sheet-3-600x600.jpg 600w, https:\/\/customacrylicproduct.com\/wp-content\/uploads\/2025\/07\/Custom-Cast-Acrylic-Sheet-3-100x100.jpg 100w\" sizes=\"(max-width: 800px) 100vw, 800px\" \/><figcaption id=\"caption-attachment-1429\" class=\"wp-caption-text\">Plaques acryliques coul\u00e9es sur mesure (3)<strong>st Acrylique : Une base de qualit\u00e9 sup\u00e9rieure\u00a0<\/strong>.<\/figcaption><\/figure>\n<p>Tous les acryliques ne sont pas \u00e9quivalents. Nos feuilles sont fabriqu\u00e9es \u00e0 partir de\u00a0<strong>acrylique coul\u00e9\u00a0<\/strong>, L'acrylique coul\u00e9 est une forme sup\u00e9rieure de polym\u00e9thacrylate de m\u00e9thyle (PMMA) r\u00e9put\u00e9e pour sa qualit\u00e9 et sa flexibilit\u00e9 exceptionnelles. Contrairement \u00e0 son homologue extrud\u00e9, l'acrylique coul\u00e9 est cr\u00e9\u00e9 en versant du monom\u00e8re liquide dans un moule, o\u00f9 il se polym\u00e9rise. Ce processus minutieux permet d'obtenir un produit plus puissant, beaucoup plus stable et beaucoup plus immunis\u00e9 chimiquement, avec une clart\u00e9 optique exceptionnelle.<\/p>\n<p>Qu'est-ce que cela signifie pour vos emplois ?<\/p>\n<ul>\n<li><strong>Qualit\u00e9 et \u00e9clat exceptionnels :\u00a0<\/strong>L'acrylique coul\u00e9 poss\u00e8de une transmission de la lumi\u00e8re plus \u00e9lev\u00e9e et une surface extra \u00e9blouissante, semblable \u00e0 du verre, qui fait ressortir les couleurs avec un \u00e9clat exceptionnel. Comme le montrent les photos, le rouge profond et transparent (# 102) et le citron vert \u00e9cologique (# 635) captent la lumi\u00e8re et s'amusent avec elle de mani\u00e8re \u00e0 rehausser n'importe quel design.<\/li>\n<li><strong>Usinabilit\u00e9 sup\u00e9rieure :\u00a0<\/strong>C'est ici que l'acrylique coul\u00e9 rayonne v\u00e9ritablement pour les artisans et les producteurs. C'est une excellente option pour la d\u00e9coupe et l'inscription au laser. Lorsqu'il est inscrit, il produit une information nette, ordonn\u00e9e et d'un blanc glacial qui offre une magnifique comparaison avec le fond teint\u00e9. De m\u00eame, il se d\u00e9coupe parfaitement \u00e0 la scie, se perce facilement sans fondre, et peut \u00eatre pli\u00e9 \u00e0 chaud pour obtenir des formes complexes avec pr\u00e9cision.<\/li>\n<li><strong>\u00c9paisseur et s\u00e9curit\u00e9 des v\u00eatements :\u00a0<\/strong>Le processus de moulage garantit une densit\u00e9 tr\u00e8s homog\u00e8ne sur toute la feuille, ce qui est crucial pour les travaux n\u00e9cessitant un assemblage pr\u00e9cis. Le mat\u00e9riau est en outre d\u00e9pourvu des tensions internes que l'on trouve dans l'acrylique extrud\u00e9, ce qui le rend moins susceptible de se fendre ou de s'alt\u00e9rer au cours de la construction ou lorsqu'il est soumis \u00e0 des solvants et \u00e0 des colles.<\/li>\n<\/ul>\n<p><img decoding=\"async\" class=\"size-full wp-image-1428\" src=\"https:\/\/customacrylicproduct.com\/wp-content\/uploads\/2025\/07\/Custom-Cast-Acrylic-Sheet-2.jpg\" alt=\"Plaque acrylique coul\u00e9e sur mesure (2)\" width=\"800\" height=\"800\" srcset=\"https:\/\/customacrylicproduct.com\/wp-content\/uploads\/2025\/07\/Custom-Cast-Acrylic-Sheet-2.jpg 800w, https:\/\/customacrylicproduct.com\/wp-content\/uploads\/2025\/07\/Custom-Cast-Acrylic-Sheet-2-300x300.jpg 300w, https:\/\/customacrylicproduct.com\/wp-content\/uploads\/2025\/07\/Custom-Cast-Acrylic-Sheet-2-150x150.jpg 150w, https:\/\/customacrylicproduct.com\/wp-content\/uploads\/2025\/07\/Custom-Cast-Acrylic-Sheet-2-768x768.jpg 768w, https:\/\/customacrylicproduct.com\/wp-content\/uploads\/2025\/07\/Custom-Cast-Acrylic-Sheet-2-600x600.jpg 600w, https:\/\/customacrylicproduct.com\/wp-content\/uploads\/2025\/07\/Custom-Cast-Acrylic-Sheet-2-100x100.jpg 100w\" sizes=\"(max-width: 800px) 100vw, 800px\" \/><\/p>\n<h4 id=\"-a-kaleidoscope-of-shade-at-your-fingertips-\"><strong>Un kal\u00e9idoscope d'ombres au bout des doigts<\/strong><\/h4>\n<p>Votre vision m\u00e9rite un excellent sch\u00e9ma. Nos plaques acryliques XINTAO sont disponibles dans une gamme consid\u00e9rable de couleurs \u00e0 couper le souffle, con\u00e7ues pour motiver et r\u00e9aliser n'importe quel type de concept cr\u00e9atif. Les images ci-dessous offrent simplement un aper\u00e7u de ce monde vibrant :.<\/p>\n<ul>\n<li><strong>Translucides vibrants :\u00a0<\/strong>Imaginez la cr\u00e9ation de magnifiques attrape-soleil, de diffuseurs de lumi\u00e8re color\u00e9s ou d'\u0153uvres d'art divis\u00e9es. Nos feuilles translucides, comme le rouge riche, le bleu profond et le jaune vif, laissent passer la lumi\u00e8re, produisant un rayonnement color\u00e9 attrayant.<\/li>\n<li><strong>Couleurs opaques fortes :\u00a0<\/strong>Pour les travaux n\u00e9cessitant une teinte forte et percutante, notre vari\u00e9t\u00e9 non transparente est parfaite. La collection comprend tout ce qu'il faut pour un noir avanc\u00e9 et profond (# 834, P502) et un blanc net et soign\u00e9, un rouge puissant et intemporel (# 100) et un \u00e9co-responsable riche et verdoyant (# 2092). Ces couleurs sont id\u00e9ales pour les enseignes, les stands d'exposition et toute autre application o\u00f9 vous souhaitez que la nuance soit la c\u00e9l\u00e9brit\u00e9.<\/li>\n<li><strong>Teintes subtiles et finitions givr\u00e9es :\u00a0<\/strong>Au-del\u00e0 des couleurs vives, nous proposons une vari\u00e9t\u00e9 de teintes subtiles et d'options glac\u00e9es qui offrent une esth\u00e9tique \u00e9l\u00e9gante et sophistiqu\u00e9e, id\u00e9ale pour les affichages priv\u00e9s, les \u00e9crans d'affichage haut de gamme ou les versions de b\u00e2timents.<\/li>\n<\/ul>\n<p>Chaque feuille est marqu\u00e9e d'un code couleur sp\u00e9cial (par exemple, 327, 584, P9T26) et de l'ann\u00e9e de production (2023), ce qui vous permet de commander en toute confiance la m\u00eame teinte pour des t\u00e2ches continues. Ce syst\u00e8me de teintes sp\u00e9cialis\u00e9es permet de d\u00e9velopper facilement une collection de produits fiable et r\u00e9guli\u00e8re.<\/p>\n<h4 id=\"-infinite-applications-from-pastime-to-expert-\"><strong>Applications infinies : Du passe-temps \u00e0 l'expert<\/strong><\/h4>\n<p>La flexibilit\u00e9 de nos feuilles acryliques pour acteurs en fait un mat\u00e9riau essentiel pour une grande vari\u00e9t\u00e9 d'applications. Voici simplement quelques m\u00e9thodes qui vous permettront de donner vie \u00e0 vos id\u00e9es :.<\/p>\n<ul>\n<li><strong>Pour les artisans et les bijoutiers :\u00a0<\/strong>La l\u00e9g\u00e8ret\u00e9 et la durabilit\u00e9 de l'acrylique en font le mat\u00e9riau id\u00e9al pour la cr\u00e9ation de bijoux sur mesure. Concevez et d\u00e9coupez au laser des boucles d'oreilles \u00e9labor\u00e9es, des pendentifs solides, des \u00e9pingles \u00e0 nourrice \u00e9clatantes et des bagues uniques qui sont \u00e0 la fois \u00e9l\u00e9gantes et agr\u00e9ables \u00e0 porter.<\/li>\n<li><strong>Pour les entreprises et les magasins :\u00a0<\/strong>Rehaussez votre nom de marque avec des aspects personnalis\u00e9s. Cr\u00e9ez de superbes \u00e9crans de point de vente, des supports de produits robustes, une signalisation professionnelle sur le lieu de travail, des porte-cl\u00e9s bien connus pour les cadeaux d'entreprise ou des panneaux de menu qui sont \u00e0 la fois jolis et tr\u00e8s faciles \u00e0 ranger.<\/li>\n<li><strong>Pour les passionn\u00e9s de d\u00e9coration et de bricolage :\u00a0<\/strong>Personnalisez votre espace de vie avec un style sur mesure. Cr\u00e9ez des plaques signal\u00e9tiques sp\u00e9ciales pour les portes, des montagnes russes vibrantes pour prot\u00e9ger vos meubles, des \u0153uvres d'art murales modernes, des s\u00e9parateurs d'\u00e9tag\u00e8res sophistiqu\u00e9s ou des d\u00e9corations de No\u00ebl remarquables et sur mesure.<\/li>\n<li><strong>Pour les fabricants et les passionn\u00e9s de technologie :\u00a0<\/strong>Le polym\u00e8re est l'un des mat\u00e9riaux pr\u00e9f\u00e9r\u00e9s des fabricants. D\u00e9veloppez des panneaux personnalis\u00e9s pour les bo\u00eetiers de PC, stylisez et d\u00e9coupez des plaques de clavier uniques ou cr\u00e9ez des espaces et des lieux pour vos t\u00e2ches num\u00e9riques. La pr\u00e9cision et la vari\u00e9t\u00e9 des couleurs permettent des constructions absolument uniques.<\/li>\n<li><strong>Pour un cadeau personnalis\u00e9 parfait :\u00a0<\/strong>Il n'y a rien de mieux qu'un cadeau personnalis\u00e9 pour dire \u201cje tiens \u00e0 vous\u201d. Gravez un message unique sur un cadre photo transparent, cr\u00e9ez un ensemble de porte-cl\u00e9s sur mesure pour une \u00e9quipe de bons amis ou cr\u00e9ez un puzzle unique en son genre. Ces feuilles sont le point de d\u00e9part id\u00e9al pour des cadeaux qui seront ch\u00e9ris pendant des ann\u00e9es.<\/li>\n<li><strong>Pour l'\u00e9ducation et le prototypage :\u00a0<\/strong>Les \u00e9tudiants et les sp\u00e9cialistes du style et de l'architecture peuvent utiliser ces feuilles pour \u00e9laborer des conceptions approfondies et des mod\u00e8les de produits. La large gamme de teintes et la facilit\u00e9 de fabrication permettent une visualisation rapide et fiable des concepts.<\/li>\n<\/ul>\n<h4 id=\"-developed-for-ease-of-use-\"><strong>D\u00e9velopp\u00e9 pour une facilit\u00e9 d'utilisation<\/strong><\/h4>\n<p>Malgr\u00e9 sa qualit\u00e9 professionnelle, notre acrylique coul\u00e9 XINTAO est incroyablement simple \u00e0 utiliser. Chaque feuille est g\u00e9n\u00e9ralement recouverte d'un papier ou d'un film plastique de protection sur les deux faces afin d'\u00e9viter les \u00e9raflures lors de l'exp\u00e9dition et de la manutention. Ce film se d\u00e9tache rapidement pour exposer la surface remarquable et brillante qui se trouve en dessous. Le trou pr\u00e9perc\u00e9 dans nos articles de la taille d'un \u00e9chantillon les rend parfaits pour d\u00e9velopper des anneaux d'\u00e9chantillons, des porte-cl\u00e9s ou des \u00e9tiquettes de mat\u00e9riaux pour votre atelier.<\/p>\n<p>Que vous utilisiez un laser CO2 haut de gamme, une d\u00e9fonceuse CNC ou des appareils manuels simples, vous d\u00e9couvrirez certainement que ce produit est un plaisir \u00e0 utiliser. Il r\u00e9agit de mani\u00e8re pr\u00e9visible \u00e0 la chaleur pour le cintrage et le d\u00e9veloppement, et il peut \u00eatre coll\u00e9 en toute s\u00e9curit\u00e9 avec du b\u00e9ton acrylique pour obtenir des joints solides et imperceptibles.<\/p>\n<p><img decoding=\"async\" class=\"size-full wp-image-1430\" src=\"https:\/\/customacrylicproduct.com\/wp-content\/uploads\/2025\/07\/Custom-Cast-Acrylic-Sheet-4.jpg\" alt=\"Plaques acryliques coul\u00e9es sur mesure (4)\" width=\"800\" height=\"800\" srcset=\"https:\/\/customacrylicproduct.com\/wp-content\/uploads\/2025\/07\/Custom-Cast-Acrylic-Sheet-4.jpg 800w, https:\/\/customacrylicproduct.com\/wp-content\/uploads\/2025\/07\/Custom-Cast-Acrylic-Sheet-4-300x300.jpg 300w, https:\/\/customacrylicproduct.com\/wp-content\/uploads\/2025\/07\/Custom-Cast-Acrylic-Sheet-4-150x150.jpg 150w, https:\/\/customacrylicproduct.com\/wp-content\/uploads\/2025\/07\/Custom-Cast-Acrylic-Sheet-4-768x768.jpg 768w, https:\/\/customacrylicproduct.com\/wp-content\/uploads\/2025\/07\/Custom-Cast-Acrylic-Sheet-4-600x600.jpg 600w, https:\/\/customacrylicproduct.com\/wp-content\/uploads\/2025\/07\/Custom-Cast-Acrylic-Sheet-4-100x100.jpg 100w\" sizes=\"(max-width: 800px) 100vw, 800px\" \/><\/p>\n<h4 id=\"-order-your-innovative-gas-today-\"><strong>Commandez votre gaz innovant d\u00e8s aujourd'hui<\/strong><\/h4>\n<p>Ne laissez pas vos id\u00e9es fantastiques rester \u00e0 l'\u00e9tat de concepts. Avec notre\u00a0<strong>XINTAO Feuilles acryliques coul\u00e9es sur mesure\u00a0<\/strong>, Avec les polym\u00e8res coul\u00e9s, vous disposez de la qualit\u00e9, de la nuance et de l'adaptabilit\u00e9 n\u00e9cessaires pour construire, fabriquer et produire tout ce que vous pouvez imaginer. D\u00e9couvrez les possibilit\u00e9s illimit\u00e9es qui s'offrent \u00e0 vous, des bijoux pr\u00e9cieux fragiles aux \u00e9crans d'affichage robustes, et d\u00e9couvrez pourquoi le polym\u00e8re coul\u00e9 est l'option recommand\u00e9e par les fabricants du monde entier.<\/p>\n<p>S\u00e9lectionnez vos couleurs, choisissez votre taille et pr\u00e9parez-vous \u00e0 transformer votre vision en une r\u00e9alit\u00e9 vibrante. Commandez votre collection d\u00e8s aujourd'hui et commencez \u00e0 cr\u00e9er quelque chose d'adorable.<\/p>","protected":false},"excerpt":{"rendered":"<p class=\"ng-star-inserted\"><span class=\"ng-star-inserted\">Feuilles d'acrylique coul\u00e9 de haute qualit\u00e9 dans une gamme \u00e9tonnante de couleurs vives. Parfaites pour la d\u00e9coupe au laser, la gravure, le bricolage et les expositions professionnelles. Durables et faciles \u00e0 travailler, nos panneaux en plexiglas donnent vie \u00e0 votre vision cr\u00e9ative.<\/span><\/p>","protected":false},"featured_media":1428,"template":"","meta":{"_kad_post_transparent":"default","_kad_post_title":"","_kad_post_layout":"default","_kad_post_sidebar_id":"","_kad_post_content_style":"default","_kad_post_vertical_padding":"default","_kad_post_feature":"","_kad_post_feature_position":"","_kad_post_header":false,"_kad_post_footer":false,"_kad_post_classname":""},"product_brand":[],"product_cat":[24],"product_tag":[148],"class_list":{"0":"post-1426","1":"product","2":"type-product","3":"status-publish","4":"has-post-thumbnail","6":"product_cat-custom-acrylic-sheets","7":"product_tag-custom-cast-acrylic-sheet","9":"first","10":"instock","11":"shipping-taxable","12":"product-type-simple","13":"entry","14":"content-bg","15":"loop-entry"},"_links":{"self":[{"href":"https:\/\/customacrylicproduct.com\/fr\/wp-json\/wp\/v2\/product\/1426","targetHints":{"allow":["GET"]}}],"collection":[{"href":"https:\/\/customacrylicproduct.com\/fr\/wp-json\/wp\/v2\/product"}],"about":[{"href":"https:\/\/customacrylicproduct.com\/fr\/wp-json\/wp\/v2\/types\/product"}],"wp:featuredmedia":[{"embeddable":true,"href":"https:\/\/customacrylicproduct.com\/fr\/wp-json\/wp\/v2\/media\/1428"}],"wp:attachment":[{"href":"https:\/\/customacrylicproduct.com\/fr\/wp-json\/wp\/v2\/media?parent=1426"}],"wp:term":[{"taxonomy":"product_brand","embeddable":true,"href":"https:\/\/customacrylicproduct.com\/fr\/wp-json\/wp\/v2\/product_brand?post=1426"},{"taxonomy":"product_cat","embeddable":true,"href":"https:\/\/customacrylicproduct.com\/fr\/wp-json\/wp\/v2\/product_cat?post=1426"},{"taxonomy":"product_tag","embeddable":true,"href":"https:\/\/customacrylicproduct.com\/fr\/wp-json\/wp\/v2\/product_tag?post=1426"}],"curies":[{"name":"wp","href":"https:\/\/api.w.org\/{rel}","templated":true}]}}