{"id":1431,"date":"2025-07-21T07:17:34","date_gmt":"2025-07-21T07:17:34","guid":{"rendered":"https:\/\/customacrylicproduct.com\/?post_type=product&#038;p=1431"},"modified":"2025-07-21T07:17:34","modified_gmt":"2025-07-21T07:17:34","slug":"custom-acrylic-sign-party-wall-backdrop-background-banner","status":"publish","type":"product","link":"https:\/\/customacrylicproduct.com\/fr\/custom-acrylic-sign-party-wall-backdrop-background-banner\/","title":{"rendered":"Panneau en acrylique personnalis\u00e9 Toile de fond murale Banni\u00e8re d'arri\u00e8re-plan"},"content":{"rendered":"<h3 id=\"-raise-every-moment-the-ultimate-overview-to-personalized-acrylic-indicators-for-events-backdrops-and-banners-\"><strong>\u00c9levez chaque moment : L'aper\u00e7u ultime des indicateurs en acrylique personnalis\u00e9s pour les \u00e9v\u00e9nements, les toiles de fond et les banni\u00e8res<\/strong><\/h3>\n<p>Dans un monde satur\u00e9 de minutes \u00e9lectroniques fugaces, on ne saurait trop insister sur le pouvoir d'une pi\u00e8ce ma\u00eetresse concr\u00e8te et parfaitement con\u00e7ue lors de votre \u00e9v\u00e9nement. C'est le point d'ancrage des photographies, l'amorce d'une discussion, l'\u00e9l\u00e9ment qui transforme une simple c\u00e9l\u00e9bration en une exp\u00e9rience inoubliable. Invitez l'avenir du style \u00e9v\u00e9nementiel : l'indicateur acrylique personnalis\u00e9. \u00c9pur\u00e9s, contemporains et toujours flexibles, ces indicateurs sont les cadeaux id\u00e9aux et les pi\u00e8ces ma\u00eetresses pour tout type de f\u00eate, de mariage, d'\u00e9v\u00e9nement d'entreprise ou d'int\u00e9rieur.<\/p>\n<p>Que vous envisagiez une sensationnelle banni\u00e8re \u201cAnniversaire satisfait\u201d ou un \u00e9l\u00e9gant panneau de bienvenue pour un mariage, notre exp\u00e9rience s'est forg\u00e9e sur la plan\u00e8te de la fabrication de pr\u00e9cision. Les photos que vous voyez montrent l'essentiel de nos capacit\u00e9s - d\u00e9montrant la haute qualit\u00e9, la robustesse et l'int\u00e9r\u00eat approfondi pour l'information que nous offrons \u00e0 chaque t\u00e2che, des applications commerciales \u00e0 l'indicateur charmant et personnalis\u00e9 qui deviendra certainement le c\u0153ur de votre c\u00e9l\u00e9bration.<\/p>\n<p><img fetchpriority=\"high\" decoding=\"async\" class=\"size-full wp-image-1433\" src=\"https:\/\/customacrylicproduct.com\/wp-content\/uploads\/2025\/07\/Custom-Acrylic-Sign-2-2.jpg\" alt=\"Enseigne en acrylique personnalis\u00e9e (2)\" width=\"960\" height=\"960\" srcset=\"https:\/\/customacrylicproduct.com\/wp-content\/uploads\/2025\/07\/Custom-Acrylic-Sign-2-2.jpg 960w, https:\/\/customacrylicproduct.com\/wp-content\/uploads\/2025\/07\/Custom-Acrylic-Sign-2-2-300x300.jpg 300w, https:\/\/customacrylicproduct.com\/wp-content\/uploads\/2025\/07\/Custom-Acrylic-Sign-2-2-150x150.jpg 150w, https:\/\/customacrylicproduct.com\/wp-content\/uploads\/2025\/07\/Custom-Acrylic-Sign-2-2-768x768.jpg 768w, https:\/\/customacrylicproduct.com\/wp-content\/uploads\/2025\/07\/Custom-Acrylic-Sign-2-2-600x600.jpg 600w, https:\/\/customacrylicproduct.com\/wp-content\/uploads\/2025\/07\/Custom-Acrylic-Sign-2-2-100x100.jpg 100w\" sizes=\"(max-width: 960px) 100vw, 960px\" \/><\/p>\n<h4 id=\"-our-foundation-of-quality-a-take-a-look-at-our-production-prowess-\"><strong>Notre fondement de la qualit\u00e9 : Un aper\u00e7u de nos prouesses en mati\u00e8re de production<\/strong><\/h4>\n<p>Nous vous proposons de d\u00e9couvrir ce que nos diff\u00e9rentes \u00e9tapes de fabrication r\u00e9v\u00e8lent quant \u00e0 la qualit\u00e9 que vous pouvez attendre de vos indications personnalis\u00e9es pour l'\u00e9v\u00e9nementiel.<\/p>\n<p><strong>1. Clart\u00e9, nuance et pr\u00e9cision de qualit\u00e9 (comme indiqu\u00e9 dans la mention \u201cMAX \u8fc8\u65af\u201d)<\/strong><\/p>\n<p>La toute premi\u00e8re photo montre un indicateur sp\u00e9cialis\u00e9, portant la marque d'une bo\u00eete de d\u00e9monstration de l'innovation. Qu'est-ce que cela signifie pour votre indicateur de c\u00e9l\u00e9bration ?<\/p>\n<ul>\n<li><strong>Des couleurs vivantes et r\u00e9alistes :\u00a0<\/strong>Le bleu profond et uniforme et le message blanc net sont obtenus gr\u00e2ce \u00e0 des techniques d'impression sophistiqu\u00e9es qui garantissent que les nuances choisies sont riches, satur\u00e9es et parfaitement assorties au motif de votre \u00e9v\u00e9nement ou \u00e0 l'image de marque de votre entreprise. Nous ne nous contentons pas d'imprimer, nous donnons vie \u00e0 votre palette de couleurs.<\/li>\n<li><strong>Rendu impeccable des logos et des textes :\u00a0<\/strong>Remarquez la nettet\u00e9 du logo \u201cMAX\u201d et la clart\u00e9 des caract\u00e8res chinois (\u8fc8\u65af). Notre processus d'impression haute r\u00e9solution garantit que chaque ligne, chaque courbe et chaque personnalit\u00e9 de votre conception - qu'il s'agisse d'un style de police script fragile pour un mariage ou d'un logo vibrant pour le lancement d'un article - est rendu avec une nettet\u00e9 impeccable et sans bavure.<\/li>\n<li><strong>Expert complet :\u00a0<\/strong>Ce panneau a une apparence soign\u00e9e, \u00e9l\u00e9gante et fiable. Nous apportons le m\u00eame degr\u00e9 de professionnalisme et de confiance \u00e0 votre panneau \u00e9v\u00e9nementiel, en veillant \u00e0 ce qu'il ait l'air premium, avanc\u00e9 et digne de la place principale qu'il occupe dans votre conception.<\/li>\n<\/ul>\n<p><img decoding=\"async\" class=\"size-full wp-image-1435\" src=\"https:\/\/customacrylicproduct.com\/wp-content\/uploads\/2025\/07\/Custom-Acrylic-Sign-4-1.jpg\" alt=\"Enseigne en acrylique personnalis\u00e9e (4)\" width=\"960\" height=\"960\" srcset=\"https:\/\/customacrylicproduct.com\/wp-content\/uploads\/2025\/07\/Custom-Acrylic-Sign-4-1.jpg 960w, https:\/\/customacrylicproduct.com\/wp-content\/uploads\/2025\/07\/Custom-Acrylic-Sign-4-1-300x300.jpg 300w, https:\/\/customacrylicproduct.com\/wp-content\/uploads\/2025\/07\/Custom-Acrylic-Sign-4-1-150x150.jpg 150w, https:\/\/customacrylicproduct.com\/wp-content\/uploads\/2025\/07\/Custom-Acrylic-Sign-4-1-768x768.jpg 768w, https:\/\/customacrylicproduct.com\/wp-content\/uploads\/2025\/07\/Custom-Acrylic-Sign-4-1-600x600.jpg 600w, https:\/\/customacrylicproduct.com\/wp-content\/uploads\/2025\/07\/Custom-Acrylic-Sign-4-1-100x100.jpg 100w\" sizes=\"(max-width: 960px) 100vw, 960px\" \/><\/p>\n<p><strong>2. Style complexe et long\u00e9vit\u00e9 utile (comme le tableau de commande \u201cSHPW Food Warming\u201d)<\/strong><\/p>\n<p>Cette image d'une carte de contr\u00f4le de la temp\u00e9rature t\u00e9moigne de nos comp\u00e9tences technologiques en mati\u00e8re d'ing\u00e9nierie de pr\u00e9cision.<\/p>\n<ul>\n<li><strong>D\u00e9coupes et formulaires de l'installation :\u00a0<\/strong>La fen\u00eatre rectangulaire enti\u00e8rement dimensionn\u00e9e pour un \u00e9cran num\u00e9rique et les interm\u00e9diaires pr\u00e9cis pour les enseignes lumineuses d\u00e9montrent notre capacit\u00e9 \u00e0 collaborer avec des agencements complexes. Pour l'indication de votre f\u00eate, cela se traduit par le d\u00e9veloppement de n'importe quelle forme personnalis\u00e9e que vous pouvez imaginer - du lettrage d\u00e9taill\u00e9 et des formes aux enseignes avec des composants superpos\u00e9s ou des styles de pi\u00e8ces adverses.<\/li>\n<li><strong>B\u00e2timent r\u00e9silient et multicouche :\u00a0<\/strong>Le tableau de contr\u00f4le doit r\u00e9sister \u00e0 une utilisation constante, \u00e0 la chaleur et au nettoyage. Nous utilisons des mat\u00e9riaux acryliques et polycarbonates co\u00fbteux et r\u00e9sistants, qui sont incassables et con\u00e7us pour durer. Votre indication personnalis\u00e9e ne sera certainement pas seulement sensationnelle le jour de l'occasion, mais elle pourra \u00e9galement \u00eatre conserv\u00e9e comme un souvenir durable ou un \u00e9l\u00e9ment de d\u00e9coration int\u00e9rieure pendant plusieurs ann\u00e9es.<\/li>\n<li><strong>Support adh\u00e9sif puissant :\u00a0<\/strong>Le verso expose une feuille enti\u00e8re d'adh\u00e9sif haute performance 3M 9448A. Il s'agit d'un attribut essentiel que nous pouvons fournir pour vos indicateurs. Il permet une installation facile, s\u00fbre et sans dommage sur les surfaces murales, les toiles de fond et d'autres surfaces lisses. Pas besoin de clous ou d'\u00e9quipement d'installation complexe - il suffit de d\u00e9coller et de coller pour obtenir un aspect impeccable et flottant.<\/li>\n<\/ul>\n<p><img decoding=\"async\" class=\"size-full wp-image-1434\" src=\"https:\/\/customacrylicproduct.com\/wp-content\/uploads\/2025\/07\/Custom-Acrylic-Sign-3-2.jpg\" alt=\"Enseigne en acrylique personnalis\u00e9e (3)\" width=\"960\" height=\"960\" srcset=\"https:\/\/customacrylicproduct.com\/wp-content\/uploads\/2025\/07\/Custom-Acrylic-Sign-3-2.jpg 960w, https:\/\/customacrylicproduct.com\/wp-content\/uploads\/2025\/07\/Custom-Acrylic-Sign-3-2-300x300.jpg 300w, https:\/\/customacrylicproduct.com\/wp-content\/uploads\/2025\/07\/Custom-Acrylic-Sign-3-2-150x150.jpg 150w, https:\/\/customacrylicproduct.com\/wp-content\/uploads\/2025\/07\/Custom-Acrylic-Sign-3-2-768x768.jpg 768w, https:\/\/customacrylicproduct.com\/wp-content\/uploads\/2025\/07\/Custom-Acrylic-Sign-3-2-600x600.jpg 600w, https:\/\/customacrylicproduct.com\/wp-content\/uploads\/2025\/07\/Custom-Acrylic-Sign-3-2-100x100.jpg 100w\" sizes=\"(max-width: 960px) 100vw, 960px\" \/><\/p>\n<p><strong>3. Coh\u00e9rence, \u00e9chelle et commodit\u00e9 (comme le montrent les panneaux \u201cCollier d'\u00e9ducation pour chiens de compagnie\u201d)<\/strong><\/p>\n<p>Les nombreux petits panneaux pour les colliers de dressage canin mettent en \u00e9vidence deux autres \u00e9l\u00e9ments essentiels de notre service :.<\/p>\n<ul>\n<li><strong>Reproduction parfaite :\u00a0<\/strong>Que vous ayez besoin d'un grand indicateur de bienvenue ou de 150 petits badges personnalis\u00e9s pour une f\u00eate de mariage, nous garantissons l'uniformit\u00e9 absolue de chaque article. Chaque produit sera le meilleur en termes de couleur, de taille et de qualit\u00e9.<\/li>\n<li><strong>Flexibilit\u00e9 dans l'application :\u00a0<\/strong>Ces petits panneaux montrent que nos capacit\u00e9s ne se limitent pas aux grandes banni\u00e8res. Nous pouvons cr\u00e9er toute une s\u00e9rie de designs acryliques assortis pour votre occasion :.<\/li>\n<li><strong>Agitateurs ou identificateurs d'alcool \u00e0 consommer faits sur mesure\u00a0<\/strong>.<\/li>\n<li><strong>Cartes de table personnalis\u00e9es\u00a0<\/strong>.<\/li>\n<li><strong>Tableau Figures\u00a0<\/strong>.<\/li>\n<li><strong>D\u00e9corations pour g\u00e2teaux\u00a0<\/strong>.<\/li>\n<li><strong>\u00c9tiquettes-cadeaux ou cadeaux d'\u00e9v\u00e9nements\u00a0<\/strong>.<\/li>\n<\/ul>\n<h4 id=\"-unleash-your-creative-thinking-countless-opportunities-for-your-custom-made-sign-\"><strong>Lib\u00e9rez votre cr\u00e9ativit\u00e9 : D'innombrables possibilit\u00e9s pour votre enseigne sur mesure<\/strong><\/h4>\n<p>Aujourd'hui, transformons cette puissance de production en un d\u00e9cor spectaculaire pour votre prochaine occasion. Nos panneaux acryliques personnalis\u00e9s sont une excellente toile pour votre vision.<\/p>\n<ul>\n<li><strong>Mariages et anniversaires :\u00a0<\/strong>Imaginez un spectaculaire indicateur de bienvenue en acrylique givr\u00e9 avec calligraphie pour accueillir vos invit\u00e9s. Imaginez des num\u00e9ros de table \u00e9l\u00e9gants en acrylique transparent qui semblent flotter au-dessus des centres de table, ou un superbe indicateur de s\u00e9lection de plats pour le bar, avec les boissons m\u00e9lang\u00e9es qui vous caract\u00e9risent.<\/li>\n<li><strong>Anniversaires et \u00e9v\u00e9nements marquants :\u00a0<\/strong>Faites une d\u00e9claration avec un indicateur acrylique grand et vif comprenant le nom de l'invit\u00e9 d'honneur, qui servira de meilleur arri\u00e8re-plan pour les photos. Du \u201cSweet 16\u201d au \u201cFabulous 50\u201d, nous pouvons enregistrer l'esprit de la f\u00eate dans une mise en page qui se d\u00e9marque.<\/li>\n<li><strong>Douches pour nourrissons et exposition des sexes :\u00a0<\/strong>Exprimez votre joie avec un panneau \u201cOh Infant !\u201d ou \u201cInvite Youngster\u201d parfaitement con\u00e7u. Ils constituent des souvenirs pr\u00e9cieux qui pourront ensuite \u00eatre accroch\u00e9s dans la chambre d'enfant.<\/li>\n<li><strong>\u00c9v\u00e9nements professionnels et activations de marques :\u00a0<\/strong>Suscitez l'enthousiasme des clients et inspirez les membres du personnel gr\u00e2ce \u00e0 un panneau habilement con\u00e7u avec le logo de votre entreprise. Parfait pour les stands de foires commerciales, les lieux de r\u00e9ception, les arri\u00e8re-plans d'entretien et les \u00e9v\u00e9nements honorifiques.<\/li>\n<li><strong>Toiles de fond et banni\u00e8res pour les \u00e9v\u00e9nements :\u00a0<\/strong>Cr\u00e9ez un mur d'images digne d'Instagram avec une banni\u00e8re acrylique personnalis\u00e9e. Qu'il s'agisse d'une citation amusante, d'un hashtag d'\u00e9v\u00e9nement ou d'un simple \u201cAllow's Party\u201d, elle sera le point central de l'\u00e9v\u00e9nement.<\/li>\n<\/ul>\n<h4 id=\"-the-straightforward-path-to-your-perfect-indicator-\"><strong>Le chemin le plus direct vers l'indicateur parfait<\/strong><\/h4>\n<p>Notre \u00e9quipe s'efforce de rendre la proc\u00e9dure de personnalisation aussi fluide et satisfaisante que l'occasion elle-m\u00eame.<\/p>\n<ol>\n<li><strong>Partagez votre vision :\u00a0<\/strong>Informez-nous de vos besoins. Envoyez-nous le texte souhait\u00e9, le logo, les couleurs, les pr\u00e9f\u00e9rences en mati\u00e8re de style de police et les dimensions.<\/li>\n<li><strong>Conception collaborative :\u00a0<\/strong>Notre \u00e9quipe de mise en page travaillera avec vous pour d\u00e9velopper une preuve num\u00e9rique, en s'assurant que toutes les informations sont excellentes avant de commencer la fabrication.<\/li>\n<li><strong>Pr\u00e9cision Production :\u00a0<\/strong>Gr\u00e2ce \u00e0 la m\u00eame technologie moderne que celle utilis\u00e9e pour la fabrication de nos produits de qualit\u00e9 industrielle, nous traiterons votre indicateur avec le plus grand soin.<\/li>\n<li><strong>Distribution \u00e0 votre porte :\u00a0<\/strong>L'indication termin\u00e9e est m\u00e9ticuleusement examin\u00e9e, emball\u00e9e en toute s\u00e9curit\u00e9 et livr\u00e9e directement chez vous, pr\u00eate \u00e0 faire son grand lancement.<\/li>\n<\/ol>\n<p>N'optez pas pour des motifs g\u00e9n\u00e9riques et non r\u00e9utilisables. Achetez une \u0153uvre d'art qui refl\u00e8te votre style et rehausse votre \u00e9v\u00e9nement. Laissez-nous vous faire profiter de notre pr\u00e9cision industrielle, de notre expertise technique et de notre enthousiasme pour la qualit\u00e9 sup\u00e9rieure.<\/p>\n<p><strong>Contactez-nous d\u00e8s aujourd'hui pour commencer \u00e0 cr\u00e9er l'indication acrylique personnalis\u00e9e qui transformera certainement votre c\u00e9l\u00e9bration sp\u00e9ciale en un \u00e9v\u00e9nement de site.<\/strong><\/p>","protected":false},"excerpt":{"rendered":"<p class=\"ng-star-inserted\"><span class=\"ng-star-inserted\">Cr\u00e9ez des enseignes et des panneaux acryliques personnalis\u00e9s de haute qualit\u00e9 pour r\u00e9pondre \u00e0 tous vos besoins. Parfaits pour les superpositions de produits, la strat\u00e9gie de marque ou les superbes toiles de fond de f\u00eate. Impression durable, d\u00e9coupes pr\u00e9cises et support adh\u00e9sif solide pour un montage facile. Donnez vie \u00e0 votre design unique avec une finition professionnelle et soign\u00e9e.<\/span><\/p>","protected":false},"featured_media":1432,"template":"","meta":{"_kad_post_transparent":"default","_kad_post_title":"","_kad_post_layout":"default","_kad_post_sidebar_id":"","_kad_post_content_style":"default","_kad_post_vertical_padding":"default","_kad_post_feature":"","_kad_post_feature_position":"","_kad_post_header":false,"_kad_post_footer":false,"_kad_post_classname":""},"product_brand":[],"product_cat":[18],"product_tag":[149],"class_list":{"0":"post-1431","1":"product","2":"type-product","3":"status-publish","4":"has-post-thumbnail","6":"product_cat-custom-acrylic-signs","7":"product_tag-custom-acrylic-sign","9":"first","10":"instock","11":"shipping-taxable","12":"product-type-simple","13":"entry","14":"content-bg","15":"loop-entry"},"_links":{"self":[{"href":"https:\/\/customacrylicproduct.com\/fr\/wp-json\/wp\/v2\/product\/1431","targetHints":{"allow":["GET"]}}],"collection":[{"href":"https:\/\/customacrylicproduct.com\/fr\/wp-json\/wp\/v2\/product"}],"about":[{"href":"https:\/\/customacrylicproduct.com\/fr\/wp-json\/wp\/v2\/types\/product"}],"wp:featuredmedia":[{"embeddable":true,"href":"https:\/\/customacrylicproduct.com\/fr\/wp-json\/wp\/v2\/media\/1432"}],"wp:attachment":[{"href":"https:\/\/customacrylicproduct.com\/fr\/wp-json\/wp\/v2\/media?parent=1431"}],"wp:term":[{"taxonomy":"product_brand","embeddable":true,"href":"https:\/\/customacrylicproduct.com\/fr\/wp-json\/wp\/v2\/product_brand?post=1431"},{"taxonomy":"product_cat","embeddable":true,"href":"https:\/\/customacrylicproduct.com\/fr\/wp-json\/wp\/v2\/product_cat?post=1431"},{"taxonomy":"product_tag","embeddable":true,"href":"https:\/\/customacrylicproduct.com\/fr\/wp-json\/wp\/v2\/product_tag?post=1431"}],"curies":[{"name":"wp","href":"https:\/\/api.w.org\/{rel}","templated":true}]}}