{"id":1436,"date":"2025-07-21T07:26:39","date_gmt":"2025-07-21T07:26:39","guid":{"rendered":"https:\/\/customacrylicproduct.com\/?post_type=product&#038;p=1436"},"modified":"2025-07-21T07:26:39","modified_gmt":"2025-07-21T07:26:39","slug":"custom-acrylic-signs-illuminated-shop-display-led-sign","status":"publish","type":"product","link":"https:\/\/customacrylicproduct.com\/fr\/custom-acrylic-signs-illuminated-shop-display-led-sign\/","title":{"rendered":"Enseignes en acrylique personnalis\u00e9es Enseigne lumineuse de magasin \u00e0 LED"},"content":{"rendered":"<h3 id=\"-raise-your-brand-name-premium-personalized-illuminated-led-acrylic-indications-\"><strong>Faites conna\u00eetre votre marque : Indications personnalis\u00e9es de premi\u00e8re qualit\u00e9 en acrylique \u00e9clair\u00e9 par LED<\/strong><\/h3>\n<p>Dans un monde satur\u00e9 de sons visuels, faire une premi\u00e8re impression durable n'est pas seulement un avantage, c'est une exigence. Votre logo est le visage de votre marque, l'ambassadeur silencieux qui en dit long avant m\u00eame que vous ne prononciez un mot. Visualisez-le non seulement sur un pr\u00e9sentoir ou une carte de visite, mais aussi comme une \u0153uvre d'art tangible et lumineuse qui r\u00e9gule la concentration et d\u00e9montre l'expertise. Invitez \u00e0 la plus grande d\u00e9claration d'identit\u00e9 de marque : nos enseignes lumineuses LED personnalis\u00e9es en polym\u00e8re.<\/p>\n<p>Comme le montre l'\u00e9l\u00e9gant espace fonctionnel \u201cMYSA\u201d, ces indications sont plus que de simples marqueurs, ce sont des points de convergence. Elles transforment n'importe quel type d'espace - du hall d'entr\u00e9e d'une entreprise \u00e0 une boutique chic, en passant par un salon de coiffure contemporain ou un atelier imaginatif - en un t\u00e9moignage de votre engagement en faveur de la qualit\u00e9 et du design. C'est l'occasion pour vous de donner vie \u00e0 votre marque en lui conf\u00e9rant un \u00e9clat radieux et sophistiqu\u00e9 qui captive et inspire la confiance en soi.<\/p>\n<p><img fetchpriority=\"high\" decoding=\"async\" class=\"size-full wp-image-1439\" src=\"https:\/\/customacrylicproduct.com\/wp-content\/uploads\/2025\/07\/Custom-Acrylic-Signs-3-1.jpg\" alt=\"Enseignes en acrylique personnalis\u00e9es (3)\" width=\"800\" height=\"800\" srcset=\"https:\/\/customacrylicproduct.com\/wp-content\/uploads\/2025\/07\/Custom-Acrylic-Signs-3-1.jpg 800w, https:\/\/customacrylicproduct.com\/wp-content\/uploads\/2025\/07\/Custom-Acrylic-Signs-3-1-300x300.jpg 300w, https:\/\/customacrylicproduct.com\/wp-content\/uploads\/2025\/07\/Custom-Acrylic-Signs-3-1-150x150.jpg 150w, https:\/\/customacrylicproduct.com\/wp-content\/uploads\/2025\/07\/Custom-Acrylic-Signs-3-1-768x768.jpg 768w, https:\/\/customacrylicproduct.com\/wp-content\/uploads\/2025\/07\/Custom-Acrylic-Signs-3-1-600x600.jpg 600w, https:\/\/customacrylicproduct.com\/wp-content\/uploads\/2025\/07\/Custom-Acrylic-Signs-3-1-100x100.jpg 100w\" sizes=\"(max-width: 800px) 100vw, 800px\" \/><\/p>\n<h4 id=\"-unparalleled-workmanship-and-product-excellence-\"><strong>Une qualit\u00e9 de travail in\u00e9gal\u00e9e et l'excellence des produits<\/strong><\/h4>\n<p>Au c\u0153ur de chaque indicateur se trouve la fusion d'une technologie moderne innovante et d'un travail de ma\u00eetre. Nous commen\u00e7ons par utiliser l'acrylique de la plus haute qualit\u00e9, choisi pour sa clart\u00e9, sa long\u00e9vit\u00e9 et sa commodit\u00e9 exceptionnelles. Ce produit de premi\u00e8re qualit\u00e9 est ensuite d\u00e9coup\u00e9 avec pr\u00e9cision \u00e0 l'aide d'une technologie laser moderne pour reproduire votre logo et votre lettrage avec une pr\u00e9cision parfaite, en enregistrant chaque courbe, chaque ligne et chaque information d\u00e9taill\u00e9e de votre trac\u00e9.<\/p>\n<p>La face de l'indicateur, comme en t\u00e9moigne le magnifique lettrage dor\u00e9 \u201cCUSTOMIZED LOGO STYLE\u201d, pr\u00e9sente une finition somptueuse, semblable \u00e0 celle d'un miroir. Cette surface polie met merveilleusement en valeur son environnement au cours de la journ\u00e9e, d\u00e9veloppant ainsi une esth\u00e9tique vibrante et haut de gamme. Bien que l'opulente surface dor\u00e9e soit le choix pr\u00e9f\u00e9r\u00e9 pour sa sophistication classique, nous offrons un large \u00e9ventail de choix de personnalisation pour correspondre parfaitement au sch\u00e9ma de votre nom de marque, y compris :.<\/p>\n<ul>\n<li><strong>Finitions \u00e9l\u00e9gantes en acier bross\u00e9 (argent, or rose, bronze)\u00a0<\/strong>.<\/li>\n<li><strong>Couleurs fortes et audacieuses (noir, blanc et couleurs Pantone personnalis\u00e9es)\u00a0<\/strong>.<\/li>\n<li><strong>Des finitions mates modernes pour un look plus subtil et avanc\u00e9\u00a0<\/strong>.<\/li>\n<\/ul>\n<p>Le corps de chaque lettre est cr\u00e9\u00e9 de mani\u00e8re robuste, offrant une profondeur tridimensionnelle qui fait ressortir l'indication du mur. Il ne s'agit pas d'un simple panneau imprim\u00e9, mais d'une pi\u00e8ce sculpturale qui apporte de la structure et de la passion \u00e0 votre int\u00e9rieur.<\/p>\n<p><img decoding=\"async\" class=\"size-full wp-image-1438\" src=\"https:\/\/customacrylicproduct.com\/wp-content\/uploads\/2025\/07\/Custom-Acrylic-Signs-2-1.jpg\" alt=\"Enseignes en acrylique personnalis\u00e9es (2)\" width=\"800\" height=\"800\" srcset=\"https:\/\/customacrylicproduct.com\/wp-content\/uploads\/2025\/07\/Custom-Acrylic-Signs-2-1.jpg 800w, https:\/\/customacrylicproduct.com\/wp-content\/uploads\/2025\/07\/Custom-Acrylic-Signs-2-1-300x300.jpg 300w, https:\/\/customacrylicproduct.com\/wp-content\/uploads\/2025\/07\/Custom-Acrylic-Signs-2-1-150x150.jpg 150w, https:\/\/customacrylicproduct.com\/wp-content\/uploads\/2025\/07\/Custom-Acrylic-Signs-2-1-768x768.jpg 768w, https:\/\/customacrylicproduct.com\/wp-content\/uploads\/2025\/07\/Custom-Acrylic-Signs-2-1-600x600.jpg 600w, https:\/\/customacrylicproduct.com\/wp-content\/uploads\/2025\/07\/Custom-Acrylic-Signs-2-1-100x100.jpg 100w\" sizes=\"(max-width: 800px) 100vw, 800px\" \/><\/p>\n<h4 id=\"-the-magic-of-halo-lighting-\"><strong>La magie du halo lumineux<\/strong><\/h4>\n<p>Ce qui distingue vraiment ces indications, c'est leur r\u00e9tro\u00e9clairage exceptionnel. Nous int\u00e9grons des composants LED \u00e0 haut rendement \u00e9nerg\u00e9tique et \u00e0 longue dur\u00e9e de vie discr\u00e8tement derri\u00e8re chaque lettre ou \u00e9l\u00e9ment du plan. Lorsqu'elle est allum\u00e9e, la lumi\u00e8re est projet\u00e9e vers l'arri\u00e8re sur la surface d'installation, cr\u00e9ant un effet de halo doux et spirituel. Cette l\u00e9g\u00e8re lueur souligne le contour de votre logo et lui donne l'impression de flotter facilement contre le mur.<\/p>\n<p>Cet \u00e9clairage en halo offre de nombreux avantages :.<\/p>\n<ul>\n<li><strong>Sophistication subtile :\u00a0<\/strong>Contrairement aux indications s\u00e9v\u00e8res, l'\u00e9clairage par l'arri\u00e8re est \u00e9l\u00e9gant et accueillant. Elle cr\u00e9e une atmosph\u00e8re chaleureuse et sp\u00e9cialis\u00e9e qui convient parfaitement aux zones en contact avec la client\u00e8le, telles que les bureaux d'accueil, les salles d'attente et les salles de conf\u00e9rence.<\/li>\n<li><strong>Influence 24\/7 :\u00a0<\/strong>Votre indicateur sera certainement magnifique tout au long de la journ\u00e9e gr\u00e2ce \u00e0 sa surface lisse, et il se transformera en un panneau rayonnant le soir ou dans les atmosph\u00e8res peu \u00e9clair\u00e9es, garantissant que votre nom de marque est toujours visible et remarquable.<\/li>\n<li><strong>Am\u00e9lioration de la lisibilit\u00e9 :\u00a0<\/strong>La comparaison cr\u00e9\u00e9e par le halo rend votre nom et votre logo exceptionnellement clairs et faciles \u00e0 lire de loin, sans causer d'\u00e9blouissement ou de pression oculaire.<\/li>\n<li><strong>Performance \u00e9nerg\u00e9tique :\u00a0<\/strong>Nos LED de qualit\u00e9 sup\u00e9rieure consomment tr\u00e8s peu d'\u00e9nergie et ont une dur\u00e9e de vie de 50 000 heures, ce qui fait de votre indication un investissement financier beau, durable et \u00e9conomique.<\/li>\n<\/ul>\n<p><img decoding=\"async\" class=\"wp-image-1437 size-large aligncenter\" src=\"https:\/\/customacrylicproduct.com\/wp-content\/uploads\/2025\/07\/Custom-Acrylic-Signs-1-1-1024x1024.jpg\" alt=\"Enseignes en acrylique personnalis\u00e9es (1)\" width=\"1024\" height=\"1024\" srcset=\"https:\/\/customacrylicproduct.com\/wp-content\/uploads\/2025\/07\/Custom-Acrylic-Signs-1-1-1024x1024.jpg 1024w, https:\/\/customacrylicproduct.com\/wp-content\/uploads\/2025\/07\/Custom-Acrylic-Signs-1-1-300x300.jpg 300w, https:\/\/customacrylicproduct.com\/wp-content\/uploads\/2025\/07\/Custom-Acrylic-Signs-1-1-150x150.jpg 150w, https:\/\/customacrylicproduct.com\/wp-content\/uploads\/2025\/07\/Custom-Acrylic-Signs-1-1-768x769.jpg 768w, https:\/\/customacrylicproduct.com\/wp-content\/uploads\/2025\/07\/Custom-Acrylic-Signs-1-1-1534x1536.jpg 1534w, https:\/\/customacrylicproduct.com\/wp-content\/uploads\/2025\/07\/Custom-Acrylic-Signs-1-1-600x601.jpg 600w, https:\/\/customacrylicproduct.com\/wp-content\/uploads\/2025\/07\/Custom-Acrylic-Signs-1-1-100x100.jpg 100w, https:\/\/customacrylicproduct.com\/wp-content\/uploads\/2025\/07\/Custom-Acrylic-Signs-1-1.jpg 1918w\" sizes=\"(max-width: 1024px) 100vw, 1024px\" \/><\/p>\n<h4 id=\"-an-universe-of-applications-where-your-vision-revives-\"><strong>Un univers d'applications : L\u00e0 o\u00f9 votre vision rena\u00eet<\/strong><\/h4>\n<p>La flexibilit\u00e9 de nos indicateurs lumineux personnalis\u00e9s ne conna\u00eet pas de limites. Ils sont con\u00e7us pour rehausser n'importe quelle atmosph\u00e8re et r\u00e9pondre \u00e0 une grande vari\u00e9t\u00e9 d'objectifs.<\/p>\n<ul>\n<li><strong>Lieux de travail et halls d'entr\u00e9e :\u00a0<\/strong>Comme le montre l'enseigne \u201cMYSA\u201d, faites une d\u00e9claration imm\u00e9diate de succ\u00e8s et de stabilit\u00e9 d\u00e8s qu'un client ou un partenaire franchit votre porte. Un logo magnifiquement \u00e9clair\u00e9 derri\u00e8re le bureau d'accueil renforce la confiance dans la marque et am\u00e9liore votre image de sp\u00e9cialiste.<\/li>\n<li><strong>Boutiques de d\u00e9tail et salles d'exposition :\u00a0<\/strong>Attirez le trafic p\u00e9destre du site web et produisez une exp\u00e9rience remarquable en magasin. Une enseigne personnalis\u00e9e peut mettre en avant le nom de votre marque, un certain rayon, ou servir d'arri\u00e8re-plan de photo \u201cInstagrammable\u201d \u00e9poustouflant pour vos clients.<\/li>\n<li><strong>Salons de coiffure, spas et centres de sant\u00e9 :\u00a0<\/strong>Cr\u00e9ez une atmosph\u00e8re de luxe, de calme et d'\u00e9vasion. Le halo de lumi\u00e8re douce est excellent pour cr\u00e9er un environnement relaxant qui s'adapte aux solutions que vous proposez, pour que les clients se sentent vraiment choy\u00e9s d\u00e8s leur arriv\u00e9e.<\/li>\n<li><strong>Restaurants, caf\u00e9s et discoth\u00e8ques :\u00a0<\/strong>Cr\u00e9ez l'ambiance et d\u00e9finissez la personnalit\u00e9 de votre \u00e9tablissement. Qu'il s'agisse d'un restaurant moderne et chic ou d'un bar rustique et chaleureux, une enseigne lumineuse sur mesure peut devenir un \u00e9l\u00e9ment caract\u00e9ristique de votre design dont les clients se souviendront et qu'ils photographieront.<\/li>\n<li><strong>Studios de cr\u00e9ation et bureaux \u00e0 domicile :\u00a0<\/strong>Pour les chefs d'entreprise, les artistes et les d\u00e9veloppeurs de contenu web, votre bureau personnel est votre sanctuaire. Une enseigne personnalis\u00e9e portant votre marque, le logo de votre cha\u00eene ou un concept individuel peut servir de source de motivation quotidienne et de toile de fond professionnelle pour les appels t\u00e9l\u00e9phoniques de clips vid\u00e9o et la cr\u00e9ation de mat\u00e9riel.<\/li>\n<li><strong>Le parfait cadeau d'affaires :\u00a0<\/strong>Vous \u00eates \u00e0 la recherche d'un cadeau original et utile pour une inauguration, un anniversaire d'entreprise ou la promotion d'un associ\u00e9 ? Un logo lumineux personnalis\u00e9 est un cadeau r\u00e9fl\u00e9chi, exceptionnel et pratique qui sera appr\u00e9ci\u00e9 et utilis\u00e9 pendant plusieurs ann\u00e9es.<\/li>\n<\/ul>\n<h4 id=\"-a-smooth-process-from-your-idea-to-installment-\"><strong>Un processus sans heurts : De l'id\u00e9e au versement<\/strong><\/h4>\n<p>Notre soci\u00e9t\u00e9 est convaincue que le d\u00e9veloppement de votre enseigne parfaite doit \u00eatre une exp\u00e9rience \u00e9tonnante et facile. Notre processus est con\u00e7u pour \u00eatre commun et transparent \u00e0 chaque \u00e9tape.<\/p>\n<ol>\n<li><strong>Nomination et soumission d'un projet :\u00a0<\/strong>Il vous suffit de nous envoyer vos documents de conception du logo (de pr\u00e9f\u00e9rence AI, EPS ou PDF haute r\u00e9solution), les dimensions souhait\u00e9es et tout type de rev\u00eatement particulier ou de couleur requis. Vous n'avez pas de maquette d\u00e9finitive ? Notre \u00e9quipe peut travailler avec vous pour donner vie \u00e0 votre concept.<\/li>\n<li><strong>\u00c9preuve num\u00e9rique et devis :\u00a0<\/strong>Nous \u00e9laborerons une maquette \u00e9lectronique compl\u00e8te de votre indication, qui vous montrera exactement \u00e0 quoi elle ressemblera en fonction des dimensions et de l'\u00e9clairage sp\u00e9cifi\u00e9s. Avec cette preuve, vous recevrez un devis complet et sans engagement.<\/li>\n<li><strong>Construction de pr\u00e9cision :\u00a0<\/strong>Une fois que vous avez approuv\u00e9 la preuve, nos techniciens comp\u00e9tents se mettent au travail. En utilisant les meilleurs mat\u00e9riaux et des outils sophistiqu\u00e9s, nous fabriquons, compl\u00e9tons et assemblons minutieusement votre indication, en int\u00e9grant l'\u00e9clairage LED et le circuit.<\/li>\n<li><strong>Inspection de qualit\u00e9 sup\u00e9rieure et exp\u00e9dition s\u00e9curis\u00e9e :\u00a0<\/strong>Chaque indicateur fait l'objet d'un contr\u00f4le de qualit\u00e9 rigoureux afin de s'assurer qu'il est remarquable. Il est ensuite m\u00e9ticuleusement emball\u00e9 avec tout le mat\u00e9riel de placement et les directives n\u00e9cessaires avant d'\u00eatre exp\u00e9di\u00e9 fermement jusqu'\u00e0 votre porte d'entr\u00e9e.<\/li>\n<\/ol>\n<p>Achetez une identification qui rayonne. D\u00e9passez la norme et donnez \u00e0 votre marque l'existence lumineuse et haut de gamme \u00e0 laquelle elle a droit. Une indication acrylique lumineuse personnalis\u00e9e est plus qu'une simple signalisation - c'est un investissement dans votre image, un phare pour votre organisation, et une pointe quotidienne de votre vision mise en lumi\u00e8re.<\/p>\n<p><strong>Contactez-nous d\u00e8s aujourd'hui pour obtenir un devis gratuit et une maquette num\u00e9rique, et commen\u00e7ons \u00e0 construire l'indicateur qui d\u00e9finira votre r\u00e9gion.<\/strong><\/p>","protected":false},"excerpt":{"rendered":"<p class=\"ng-star-inserted\"><span class=\"ng-star-inserted\">Rehaussez votre marque avec une superbe enseigne r\u00e9tro\u00e9clair\u00e9e en 3D. Nos enseignes acryliques personnalis\u00e9es sont dot\u00e9es d'un halo LED sophistiqu\u00e9 et d'une finition miroir luxueuse. Id\u00e9ales pour les logos d'entreprises, les r\u00e9ceptions de bureaux et les devantures de magasins. Faites une impression durable avec un affichage lumineux de qualit\u00e9 sup\u00e9rieure.<\/span><\/p>","protected":false},"featured_media":1437,"template":"","meta":{"_kad_post_transparent":"default","_kad_post_title":"","_kad_post_layout":"default","_kad_post_sidebar_id":"","_kad_post_content_style":"default","_kad_post_vertical_padding":"default","_kad_post_feature":"","_kad_post_feature_position":"","_kad_post_header":false,"_kad_post_footer":false,"_kad_post_classname":""},"product_brand":[],"product_cat":[18],"product_tag":[51],"class_list":{"0":"post-1436","1":"product","2":"type-product","3":"status-publish","4":"has-post-thumbnail","6":"product_cat-custom-acrylic-signs","7":"product_tag-custom-acrylic-signs","9":"first","10":"instock","11":"shipping-taxable","12":"product-type-simple","13":"entry","14":"content-bg","15":"loop-entry"},"_links":{"self":[{"href":"https:\/\/customacrylicproduct.com\/fr\/wp-json\/wp\/v2\/product\/1436","targetHints":{"allow":["GET"]}}],"collection":[{"href":"https:\/\/customacrylicproduct.com\/fr\/wp-json\/wp\/v2\/product"}],"about":[{"href":"https:\/\/customacrylicproduct.com\/fr\/wp-json\/wp\/v2\/types\/product"}],"wp:featuredmedia":[{"embeddable":true,"href":"https:\/\/customacrylicproduct.com\/fr\/wp-json\/wp\/v2\/media\/1437"}],"wp:attachment":[{"href":"https:\/\/customacrylicproduct.com\/fr\/wp-json\/wp\/v2\/media?parent=1436"}],"wp:term":[{"taxonomy":"product_brand","embeddable":true,"href":"https:\/\/customacrylicproduct.com\/fr\/wp-json\/wp\/v2\/product_brand?post=1436"},{"taxonomy":"product_cat","embeddable":true,"href":"https:\/\/customacrylicproduct.com\/fr\/wp-json\/wp\/v2\/product_cat?post=1436"},{"taxonomy":"product_tag","embeddable":true,"href":"https:\/\/customacrylicproduct.com\/fr\/wp-json\/wp\/v2\/product_tag?post=1436"}],"curies":[{"name":"wp","href":"https:\/\/api.w.org\/{rel}","templated":true}]}}