{"id":1446,"date":"2025-07-21T08:00:52","date_gmt":"2025-07-21T08:00:52","guid":{"rendered":"https:\/\/customacrylicproduct.com\/?post_type=product&#038;p=1446"},"modified":"2025-07-21T08:00:52","modified_gmt":"2025-07-21T08:00:52","slug":"acrylic-tray-organizer-bathroom-vanity-tray-for-counter","status":"publish","type":"product","link":"https:\/\/customacrylicproduct.com\/fr\/acrylic-tray-organizer-bathroom-vanity-tray-for-counter\/","title":{"rendered":"Organisateur de plateau en acrylique Plateau de vanit\u00e9 de salle de bain pour comptoir"},"content":{"rendered":"<h3 id=\"elevate-your-area-discover-the-ultimate-in-style-and-organization-with-our-versatile-polymer-tray\">Am\u00e9liorez votre espace : D\u00e9couvrez le summum du style et de l'organisation avec notre plateau polyvalent en polym\u00e8re.<\/h3>\n<p>Dans un monde o\u00f9 l'activit\u00e9 et le d\u00e9sordre sont constants, trouver des moments de tranquillit\u00e9 et d'ordre dans nos espaces personnels est devenu le summum. Nous recherchons non seulement la fonction, mais aussi le charme ; non seulement la compagnie, mais aussi la sophistication. Voici l'Acrylic Tray Organizer - une pi\u00e8ce magistralement con\u00e7ue qui transcende sa forme de base pour devenir un aspect crucial d'une maison \u00e9volu\u00e9e et bien ordonn\u00e9e. Plus qu'un simple plateau, c'est une toile pour votre style personnel, un sanctuaire pour vos objets ch\u00e9ris et le service id\u00e9al pour d\u00e9sencombrer votre vie avec \u00e9l\u00e9gance et flair. Qu'il s'agisse d'un \u00e9l\u00e9gant plateau de toilette, d'un plateau de service contemporain ou d'un point de mire \u00e9l\u00e9gant, sa flexibilit\u00e9 n'a d'\u00e9gal que son design remarquable.<\/p>\n<p><img fetchpriority=\"high\" decoding=\"async\" class=\"size-full wp-image-1447\" src=\"https:\/\/customacrylicproduct.com\/wp-content\/uploads\/2025\/07\/Acrylic-Tray-Organizer-1.jpg\" alt=\"Organisateur de plateaux en acrylique (1)\" width=\"800\" height=\"800\" srcset=\"https:\/\/customacrylicproduct.com\/wp-content\/uploads\/2025\/07\/Acrylic-Tray-Organizer-1.jpg 800w, https:\/\/customacrylicproduct.com\/wp-content\/uploads\/2025\/07\/Acrylic-Tray-Organizer-1-300x300.jpg 300w, https:\/\/customacrylicproduct.com\/wp-content\/uploads\/2025\/07\/Acrylic-Tray-Organizer-1-150x150.jpg 150w, https:\/\/customacrylicproduct.com\/wp-content\/uploads\/2025\/07\/Acrylic-Tray-Organizer-1-768x768.jpg 768w, https:\/\/customacrylicproduct.com\/wp-content\/uploads\/2025\/07\/Acrylic-Tray-Organizer-1-600x600.jpg 600w, https:\/\/customacrylicproduct.com\/wp-content\/uploads\/2025\/07\/Acrylic-Tray-Organizer-1-100x100.jpg 100w\" sizes=\"(max-width: 800px) 100vw, 800px\" \/><\/p>\n<p><strong>Une symphonie de design moderne et de fonctionnalit\u00e9s irr\u00e9prochables<\/strong><\/p>\n<p>Au c\u0153ur de cet organisateur se trouve un engagement en faveur d'un aspect visuel minimaliste et d'une qualit\u00e9 sup\u00e9rieure exceptionnelle. Fabriqu\u00e9 en acrylique de premi\u00e8re qualit\u00e9 et de longue dur\u00e9e, il offre une sensation importante sans le poids difficile du verre ou de la c\u00e9ramique. L'agencement est une \u00e9tude des lignes ordonn\u00e9es et du style discret, ce qui en fait un compl\u00e9ment id\u00e9al \u00e0 tout type de d\u00e9cor, du moderne au classique et \u00e0 l'extravagant.<\/p>\n<p>Nous proposons ce charmant plateau en deux surfaces distinctes et spectaculaires pour r\u00e9pondre parfaitement \u00e0 vos pr\u00e9f\u00e9rences :.<\/p>\n<ul>\n<li><strong>Acrylique cristallin :\u00a0<\/strong>Pour le meilleur de l'\u00e9l\u00e9gance moderne, l'alternative transparente cr\u00e9e un r\u00e9sultat \u201cflottant\u201d, ce qui lui permet de s'int\u00e9grer sans effort dans n'importe quel type d'atmosph\u00e8re. Il met en valeur non seulement les objets qu'il contient, mais aussi la surface sur laquelle il repose, qu'il s'agisse d'un plan de travail en marbre, d'un bois abondant ou d'une nappe aux couleurs vives. Sa nature transparente le rend incroyablement fonctionnel, ajoutant une couche d'organisation sans encombrer esth\u00e9tiquement la pi\u00e8ce.<\/li>\n<li><strong>Blanc opaque standard :\u00a0<\/strong>Pour une d\u00e9claration claire, nette et forte, le magnifique rev\u00eatement blanc offre un aspect frais et tranquille. Il offre un fond neutre id\u00e9al qui met en valeur vos cosm\u00e9tiques color\u00e9s, vos contenants de parfum sophistiqu\u00e9s ou vos d\u00e9licieuses friandises. Ce choix est id\u00e9al pour cr\u00e9er une ambiance coh\u00e9rente, semblable \u00e0 celle d'un spa, dans une salle de bains, ou une pr\u00e9sentation tendance, semblable \u00e0 celle d'une galerie d'art, sur une table basse.<\/li>\n<\/ul>\n<p>La performance est int\u00e9gr\u00e9e dans le mat\u00e9riau m\u00eame de sa conception. Le plateau comprend des poign\u00e9es profil\u00e9es et d\u00e9coup\u00e9es qui constituent \u00e0 la fois un \u00e9l\u00e9ment d'agencement et une fonction fonctionnelle. Elles conservent la forme lisse du plateau tout en offrant une prise confortable et s\u00fbre pour un transport tr\u00e8s facile d'un endroit \u00e0 l'autre. Les c\u00f4t\u00e9s sur\u00e9lev\u00e9s sont judicieusement proportionn\u00e9s - suffisamment hauts pour que les produits soient bien contenus, \u00e9vitant ainsi les d\u00e9versements et les chutes, mais suffisamment bas pour que tout soit bien visible et accessible.<\/p>\n<p><img decoding=\"async\" class=\"size-full wp-image-1448\" src=\"https:\/\/customacrylicproduct.com\/wp-content\/uploads\/2025\/07\/Acrylic-Tray-Organizer-2.jpg\" alt=\"Organisateur de plateaux en acrylique (2)\" width=\"800\" height=\"800\" srcset=\"https:\/\/customacrylicproduct.com\/wp-content\/uploads\/2025\/07\/Acrylic-Tray-Organizer-2.jpg 800w, https:\/\/customacrylicproduct.com\/wp-content\/uploads\/2025\/07\/Acrylic-Tray-Organizer-2-300x300.jpg 300w, https:\/\/customacrylicproduct.com\/wp-content\/uploads\/2025\/07\/Acrylic-Tray-Organizer-2-150x150.jpg 150w, https:\/\/customacrylicproduct.com\/wp-content\/uploads\/2025\/07\/Acrylic-Tray-Organizer-2-768x768.jpg 768w, https:\/\/customacrylicproduct.com\/wp-content\/uploads\/2025\/07\/Acrylic-Tray-Organizer-2-600x600.jpg 600w, https:\/\/customacrylicproduct.com\/wp-content\/uploads\/2025\/07\/Acrylic-Tray-Organizer-2-100x100.jpg 100w\" sizes=\"(max-width: 800px) 100vw, 800px\" \/><\/p>\n<p>&nbsp;<\/p>\n<p><strong>Lib\u00e9rez son potentiel : Un plateau pour chaque domaine et chaque facteur<\/strong><\/p>\n<p>Le v\u00e9ritable g\u00e9nie de ce plateau en acrylique r\u00e9side dans sa polyvalence illimit\u00e9e. C'est un cam\u00e9l\u00e9on du style domestique, qui s'adapte facilement \u00e0 vos besoins et dynamise tout type d'espace qu'il habite.<\/p>\n<ul>\n<li><strong>L'abri de toilette et de vanit\u00e9 :\u00a0<\/strong>Transformez votre routine matinale de d\u00e9sordre en calme. Utilisez-le comme plateau de coiffeuse pour confiner vos produits essentiels de tous les jours. Rangez proprement vos contenants de soins de la peau, vos lotions et vos produits. Cr\u00e9ez un magnifique \u00e9cran pour vos parfums pr\u00e9f\u00e9r\u00e9s, en les transformant en \u00e9l\u00e9ment d\u00e9coratif plut\u00f4t qu'en d\u00e9sordre sur le comptoir. C'est \u00e9galement le support id\u00e9al pour le maquillage, car il permet de ranger les pinceaux, les combinaisons et les fonds de teint et de les garder \u00e0 port\u00e9e de main. Le produit acrylique imperm\u00e9able le rend excellent pour la salle de bains, prot\u00e9geant vos comptoirs de cuisine contre les gouttes, les d\u00e9versements et les d\u00e9colorations, tout en \u00e9tant exceptionnellement facile \u00e0 nettoyer.<\/li>\n<li><strong>Le copain de l'h\u00f4te \u00e9l\u00e9gant :\u00a0<\/strong>Am\u00e9liorez votre jeu amusant en l'utilisant comme un plateau d'offrandes innovant. Imaginez que vous puissiez offrir \u00e0 vos visiteurs le caf\u00e9 du matin et des biscuits fra\u00eechement pr\u00e9par\u00e9s, comme le montre notre imagerie de style de vie, ou que vous puissiez offrir des boissons alcoolis\u00e9es et des amuse-gueules le soir avec une touche de classe. La construction robuste et les poign\u00e9es faciles \u00e0 saisir facilitent le transport des boissons et des en-cas de la cuisine au salon ou \u00e0 la terrasse. C'est une touche \u00e9l\u00e9mentaire qui t\u00e9moigne d'une attention et d'une pr\u00e9f\u00e9rence irr\u00e9prochables.<\/li>\n<li><strong>La pi\u00e8ce ma\u00eetresse du salon :\u00a0<\/strong>Domptez le d\u00e9sordre sur votre table basse ou votre repose-pieds. Ce plateau est le meilleur point d'ancrage pour la d\u00e9coration de votre salon. Associez un petit vase de fleurs fra\u00eeches, une bougie parfum\u00e9e et quelques-unes de vos publications pr\u00e9f\u00e9r\u00e9es pour cr\u00e9er une vignette tendance. C'est \u00e9galement un parfait fourre-tout pour les boutons-poussoirs, les montagnes russes et autres petits objets qui ont tendance \u00e0 s'\u00e9garer, ce qui permet \u00e0 votre espace de vie d'avoir une apparence soign\u00e9e et un style bien d\u00e9fini.<\/li>\n<li><strong>Le coordinateur de bureau efficace :\u00a0<\/strong>Mettez de l'ordre dans votre bureau. Placez-la sur votre bureau pour y ranger stylos, bloc-notes, trombones et t\u00e9l\u00e9phone. En assignant une place \u00e0 vos appareils de travail essentiels, vous pouvez cultiver une atmosph\u00e8re plus concentr\u00e9e et plus efficace, tout en ajoutant une touche de beaut\u00e9 sp\u00e9cialis\u00e9e \u00e0 votre espace de travail.<\/li>\n<\/ul>\n<p><strong>Con\u00e7u pour durer, fait pour impressionner<\/strong><\/p>\n<p>Il ne s'agit pas d'un appareil professionnel jetable, mais d'un \u00e9l\u00e9ment durable de d\u00e9coration int\u00e9rieure. Fabriqu\u00e9 en acrylique \u00e9pais de haute qualit\u00e9, il est \u00e0 l'abri des chocs, des fissures et du jaunissement avec le temps. Les c\u00f4t\u00e9s sont soigneusement d\u00e9coup\u00e9s et polis pour obtenir un rev\u00eatement lisse, semblable \u00e0 celui du verre, ce qui garantit l'absence d'ar\u00eates vives. Cette attention port\u00e9e aux d\u00e9tails t\u00e9moigne d'un degr\u00e9 de savoir-faire qui garantit \u00e0 la fois la s\u00e9curit\u00e9 et une sensation de glamour. Le nettoyage est tr\u00e8s simple : il suffit d'un coup de chiffon doux et humide pour pr\u00e9server la beaut\u00e9 et la brillance de l'objet.<\/p>\n<p><img decoding=\"async\" class=\"size-full wp-image-1450\" src=\"https:\/\/customacrylicproduct.com\/wp-content\/uploads\/2025\/07\/Acrylic-Tray-Organizer-4.jpg\" alt=\"Organisateur de plateaux en acrylique (4)\" width=\"800\" height=\"800\" srcset=\"https:\/\/customacrylicproduct.com\/wp-content\/uploads\/2025\/07\/Acrylic-Tray-Organizer-4.jpg 800w, https:\/\/customacrylicproduct.com\/wp-content\/uploads\/2025\/07\/Acrylic-Tray-Organizer-4-300x300.jpg 300w, https:\/\/customacrylicproduct.com\/wp-content\/uploads\/2025\/07\/Acrylic-Tray-Organizer-4-150x150.jpg 150w, https:\/\/customacrylicproduct.com\/wp-content\/uploads\/2025\/07\/Acrylic-Tray-Organizer-4-768x768.jpg 768w, https:\/\/customacrylicproduct.com\/wp-content\/uploads\/2025\/07\/Acrylic-Tray-Organizer-4-600x600.jpg 600w, https:\/\/customacrylicproduct.com\/wp-content\/uploads\/2025\/07\/Acrylic-Tray-Organizer-4-100x100.jpg 100w\" sizes=\"(max-width: 800px) 100vw, 800px\" \/><\/p>\n<p><strong>Le cadeau id\u00e9al pour toutes les occasions<\/strong><\/p>\n<p>Vous avez du mal \u00e0 trouver un cadeau qui soit \u00e0 la fois beau et vraiment pr\u00e9cieux ? Ne cherchez plus. Ce plateau polyvalent en acrylique est un cadeau attentionn\u00e9 et \u00e9l\u00e9gant pour presque toutes les personnes de votre liste. C'est une s\u00e9lection impressionnante pour :.<\/p>\n<ul>\n<li><strong>Chauffe-m\u00e9nage :\u00a0<\/strong>Aidez un ami ou un proche \u00e0 s'installer dans sa nouvelle maison en lui offrant un cadeau qui lui apportera un style et une organisation instantan\u00e9s.<\/li>\n<li><strong>Anniversaires :\u00a0<\/strong>Un cadeau chic et fonctionnel pour la personne qui aime le charme, la d\u00e9coration et un espace soign\u00e9.<\/li>\n<li><strong>C\u00e9l\u00e9brations ou f\u00eates de mariage :\u00a0<\/strong>Un cadeau innovant que le nouveau couple pourra utiliser de multiples fa\u00e7ons dans la maison.<\/li>\n<li><strong>Journ\u00e9e des mamans :\u00a0<\/strong>Offrez-lui le cadeau d'une vanit\u00e9 organis\u00e9e, digne d'un spa, o\u00f9 elle pourra profiter de ses rituels quotidiens.<\/li>\n<li><strong>Vacances :\u00a0<\/strong>Un cadeau tr\u00e8s appr\u00e9ci\u00e9 qui aide les coll\u00e8gues, les membres de la famille et les bons amis.<\/li>\n<\/ul>\n<p>C'est un cadeau qui montre que vous respectez leur confort et leur maison, en leur apportant une touche de luxe quotidien qu'ils utiliseront et appr\u00e9cieront certainement pendant de nombreuses ann\u00e9es.<\/p>\n<p><strong>Investir dans la sophistication, embrasser l'ordre<\/strong><\/p>\n<p>Ne laissez plus le d\u00e9sordre d\u00e9terminer l'ambiance de votre maison. Il est temps de prendre le contr\u00f4le et de cr\u00e9er des espaces qui vous apportent plaisir et tranquillit\u00e9. Le Polymer Tray Organizer est plus qu'un accessoire, c'est un investissement dans un style de vie plus beau, plus organis\u00e9 et plus serein. C'est la solution simple que vous recherchiez pour relier une zone \u00e0 une autre, s\u00e9curiser vos surfaces et maintenir vos objets pr\u00e9f\u00e9r\u00e9s magnifiquement pr\u00e9sent\u00e9s et parfaitement en place. Ajoutez cet article important \u00e0 votre maison d\u00e8s aujourd'hui et d\u00e9couvrez l'influence consid\u00e9rable qu'une entreprise de classe peut avoir sur votre vie de tous les jours.<\/p>","protected":false},"excerpt":{"rendered":"<p class=\"ng-star-inserted\"><span class=\"ng-star-inserted\">Organisez avec style gr\u00e2ce \u00e0 notre \u00e9l\u00e9gant plateau en acrylique. Il est parfait pour le meuble de salle de bain, la table basse ou comme plateau de service chic. Cet organisateur durable et imperm\u00e9able est id\u00e9al pour pr\u00e9senter des parfums, des cosm\u00e9tiques ou des boissons. Un compl\u00e9ment polyvalent et moderne \u00e0 tout comptoir.<\/span><\/p>","protected":false},"featured_media":1448,"template":"","meta":{"_kad_post_transparent":"default","_kad_post_title":"","_kad_post_layout":"default","_kad_post_sidebar_id":"","_kad_post_content_style":"default","_kad_post_vertical_padding":"default","_kad_post_feature":"","_kad_post_feature_position":"","_kad_post_header":false,"_kad_post_footer":false,"_kad_post_classname":""},"product_brand":[],"product_cat":[22],"product_tag":[150],"class_list":{"0":"post-1446","1":"product","2":"type-product","3":"status-publish","4":"has-post-thumbnail","6":"product_cat-custom-acrylic-trays","7":"product_tag-acrylic-tray-organizer","9":"first","10":"instock","11":"shipping-taxable","12":"product-type-simple","13":"entry","14":"content-bg","15":"loop-entry"},"_links":{"self":[{"href":"https:\/\/customacrylicproduct.com\/fr\/wp-json\/wp\/v2\/product\/1446","targetHints":{"allow":["GET"]}}],"collection":[{"href":"https:\/\/customacrylicproduct.com\/fr\/wp-json\/wp\/v2\/product"}],"about":[{"href":"https:\/\/customacrylicproduct.com\/fr\/wp-json\/wp\/v2\/types\/product"}],"wp:featuredmedia":[{"embeddable":true,"href":"https:\/\/customacrylicproduct.com\/fr\/wp-json\/wp\/v2\/media\/1448"}],"wp:attachment":[{"href":"https:\/\/customacrylicproduct.com\/fr\/wp-json\/wp\/v2\/media?parent=1446"}],"wp:term":[{"taxonomy":"product_brand","embeddable":true,"href":"https:\/\/customacrylicproduct.com\/fr\/wp-json\/wp\/v2\/product_brand?post=1446"},{"taxonomy":"product_cat","embeddable":true,"href":"https:\/\/customacrylicproduct.com\/fr\/wp-json\/wp\/v2\/product_cat?post=1446"},{"taxonomy":"product_tag","embeddable":true,"href":"https:\/\/customacrylicproduct.com\/fr\/wp-json\/wp\/v2\/product_tag?post=1446"}],"curies":[{"name":"wp","href":"https:\/\/api.w.org\/{rel}","templated":true}]}}