{"id":1451,"date":"2025-07-21T08:16:11","date_gmt":"2025-07-21T08:16:11","guid":{"rendered":"https:\/\/customacrylicproduct.com\/?post_type=product&#038;p=1451"},"modified":"2025-07-21T08:16:11","modified_gmt":"2025-07-21T08:16:11","slug":"office-desk-custom-clear-acrylic-desk-computer-desk","status":"publish","type":"product","link":"https:\/\/customacrylicproduct.com\/fr\/office-desk-custom-clear-acrylic-desk-computer-desk\/","title":{"rendered":"Bureau de bureau personnalis\u00e9 Bureau en acrylique transparent Bureau d'ordinateur"},"content":{"rendered":"<h3 id=\"redefine-your-work-area-the-custom-made-polymer-desk-for-the-modern-visionary\">Red\u00e9finissez votre espace de travail : Le bureau en polym\u00e8re sur mesure pour le visionnaire moderne<\/h3>\n<p>\u00c0 une \u00e9poque o\u00f9 notre vie professionnelle et notre vie priv\u00e9e sont plus que jamais imbriqu\u00e9es, l'espace dans lequel nous vivons pour l'imagination, la concentration et la performance m\u00e9rite d'\u00eatre plus que simplement fonctionnel. Il doit \u00eatre une expansion de notre individualit\u00e9, une source d'inspiration et un t\u00e9moignage d'un design impressionnant. N'oubliez pas les grands bureaux peu cr\u00e9atifs du pass\u00e9 - le bois lourd, l'acier froid, les styles communs qui habitent l'espace sans le dynamiser. Il est temps d'accepter une nouvelle norme de conception, qui privil\u00e9gie la lumi\u00e8re, l'air et l'expression personnelle.<\/p>\n<p>Pr\u00e9sentation de la\u00a0<strong>Bureau d'ordinateur en polym\u00e8re personnalis\u00e9\u00a0<\/strong>, L'ensemble de la gamme est une \u0153uvre d'art au design minimaliste et \u00e0 l'ing\u00e9nierie moderne. Il ne s'agit pas simplement d'un meuble, mais d'une d\u00e9claration. Fabriqu\u00e9e \u00e0 partir d'un seul \u00e9l\u00e9ment continu d'acrylique de pointe, sa silhouette embl\u00e9matique en forme de \u201ccascade\u201d s'\u00e9tend de fa\u00e7on transparente de la surface au sol, produisant un charme sculptural aussi sens\u00e9 qu'impressionnant. Que vous souhaitiez l'\u00e9l\u00e9gance \u00e9th\u00e9r\u00e9e et discr\u00e8te d'une transparence cristalline ou l'audace d'une couleur vibrante et personnalis\u00e9e, cette table de travail est con\u00e7ue pour transformer votre lieu de travail, votre atelier ou votre espace cr\u00e9atif en un sanctuaire de style et d'efficacit\u00e9.<\/p>\n<p><img fetchpriority=\"high\" decoding=\"async\" class=\"wp-image-1452 size-large aligncenter\" src=\"https:\/\/customacrylicproduct.com\/wp-content\/uploads\/2025\/07\/Custom-Clear-Acrylic-Desk-1-1024x1024.jpg\" alt=\"Bureau personnalis\u00e9 en acrylique transparent (1)\" width=\"1024\" height=\"1024\" srcset=\"https:\/\/customacrylicproduct.com\/wp-content\/uploads\/2025\/07\/Custom-Clear-Acrylic-Desk-1-1024x1024.jpg 1024w, https:\/\/customacrylicproduct.com\/wp-content\/uploads\/2025\/07\/Custom-Clear-Acrylic-Desk-1-300x300.jpg 300w, https:\/\/customacrylicproduct.com\/wp-content\/uploads\/2025\/07\/Custom-Clear-Acrylic-Desk-1-150x150.jpg 150w, https:\/\/customacrylicproduct.com\/wp-content\/uploads\/2025\/07\/Custom-Clear-Acrylic-Desk-1-768x768.jpg 768w, https:\/\/customacrylicproduct.com\/wp-content\/uploads\/2025\/07\/Custom-Clear-Acrylic-Desk-1-600x600.jpg 600w, https:\/\/customacrylicproduct.com\/wp-content\/uploads\/2025\/07\/Custom-Clear-Acrylic-Desk-1-100x100.jpg 100w, https:\/\/customacrylicproduct.com\/wp-content\/uploads\/2025\/07\/Custom-Clear-Acrylic-Desk-1.jpg 1500w\" sizes=\"(max-width: 1024px) 100vw, 1024px\" \/><\/p>\n<h4 id=\"-the-power-of-openness-an-illusion-of-area-and-quality-\"><strong>Le pouvoir de l'ouverture : Une illusion de surface et de qualit\u00e9<\/strong><\/h4>\n<p>Imaginez un espace de travail ouvert, a\u00e9r\u00e9 et sans limites. La variante transparente de notre bureau en acrylique, que l'on voit sur la photo initiale, est le r\u00eave de tout un chacun. Son aspect immacul\u00e9 et cristallin cr\u00e9e un effet \u201cfant\u00f4me\u201d spectaculaire qui lui permet de se fondre sans effort dans n'importe quel type de d\u00e9coration tout en donnant l'impression que l'espace est beaucoup plus grand et beaucoup plus organis\u00e9. C'est la meilleure option pour les petits appartements ou les copropri\u00e9t\u00e9s, les bureaux \u00e0 domicile confortables, ou pour toute personne qui pense qu'un espace non encombr\u00e9 m\u00e8ne \u00e0 un esprit non encombr\u00e9.<\/p>\n<p>La surface de la table de travail semble flotter dans l'air, offrant une merveilleuse plate-forme pour vos outils essentiels. Votre ordinateur portable semble suspendu, votre tasse de caf\u00e9 pr\u00e9f\u00e9r\u00e9e est maintenue en l'air, et l'\u00e9cologie vivante d'une petite plante succulente devient un point focal par rapport \u00e0 l'arri\u00e8re-plan transparent. La lumi\u00e8re y circule sans obstacle, se r\u00e9pandant sur le sol et les murs, se d\u00e9barrassant ainsi de l'impact visuel pesant des tables de travail conventionnelles. Ce silence visuel permet \u00e0 votre d\u00e9coration, \u00e0 votre vue et \u00e0 vos id\u00e9es de prendre le devant de la sc\u00e8ne. Fabriqu\u00e9 \u00e0 partir d'acrylique \u00e9pais, il utilise l'\u00e9l\u00e9gance transparente du verre sans en avoir la fragilit\u00e9 ou le poids, garantissant ainsi une durabilit\u00e9 et une esth\u00e9tique \u00e9l\u00e9gante et soign\u00e9e pour de nombreuses ann\u00e9es.<\/p>\n<p><img decoding=\"async\" class=\"wp-image-1453 size-large aligncenter\" src=\"https:\/\/customacrylicproduct.com\/wp-content\/uploads\/2025\/07\/Custom-Clear-Acrylic-Desk-2-1024x1024.jpg\" alt=\"Bureau personnalis\u00e9 en acrylique transparent (2)\" width=\"1024\" height=\"1024\" srcset=\"https:\/\/customacrylicproduct.com\/wp-content\/uploads\/2025\/07\/Custom-Clear-Acrylic-Desk-2-1024x1024.jpg 1024w, https:\/\/customacrylicproduct.com\/wp-content\/uploads\/2025\/07\/Custom-Clear-Acrylic-Desk-2-300x300.jpg 300w, https:\/\/customacrylicproduct.com\/wp-content\/uploads\/2025\/07\/Custom-Clear-Acrylic-Desk-2-150x150.jpg 150w, https:\/\/customacrylicproduct.com\/wp-content\/uploads\/2025\/07\/Custom-Clear-Acrylic-Desk-2-768x768.jpg 768w, https:\/\/customacrylicproduct.com\/wp-content\/uploads\/2025\/07\/Custom-Clear-Acrylic-Desk-2-600x600.jpg 600w, https:\/\/customacrylicproduct.com\/wp-content\/uploads\/2025\/07\/Custom-Clear-Acrylic-Desk-2-100x100.jpg 100w, https:\/\/customacrylicproduct.com\/wp-content\/uploads\/2025\/07\/Custom-Clear-Acrylic-Desk-2.jpg 1500w\" sizes=\"(max-width: 1024px) 100vw, 1024px\" \/><\/p>\n<h4 id=\"-a-dash-of-luster-express-yourself-with-customized-shade-\"><strong>Un soup\u00e7on d'\u00e9clat : Exprimez-vous avec une teinte personnalis\u00e9e<\/strong><\/h4>\n<p>Pour les plus dynamiques, les plus imaginatifs et les plus expressifs, notre bureau en acrylique est disponible dans une magnifique gamme de couleurs personnalis\u00e9es. Comme le montre le design orange vif, ce bureau peut \u00eatre le point focal \u00e9lectrisant de votre espace. Imaginez l'\u00e9clat chaleureux et \u00e9nergique de l'orange couchant qui insuffle imagination et passion \u00e0 votre espace de travail. C'est une d\u00e9charge d'adr\u00e9naline imaginative, une source d'inspiration constante qui transforme votre bureau en un studio dynamique. La couleur transparente capte la lumi\u00e8re, diffusant un ton douillet et ambiant dans toute la zone, d\u00e9veloppant un \u00e9tat d'esprit \u00e0 la fois avanc\u00e9 et ludique.<\/p>\n<p>Le bureau orange, qu'il soit utilis\u00e9 comme poste d'ordinateur tendance avec une chaise en acrylique assortie ou comme table basse extravagante dans un salon moderne, d\u00e9montre le pouvoir de transformation de la nuance. Mais c'est \u00e0 vous de choisir. Imaginez un gris fum\u00e9 g\u00e9nial pour une ambiance d'expert, un bleu nautique profond pour favoriser le calme et la concentration, ou un fuchsia enjou\u00e9 pour revigorer un espace cr\u00e9atif. Nos alternatives de couleurs personnalis\u00e9es vous permettent d'assortir parfaitement votre bureau de travail \u00e0 votre marque personnelle, aux couleurs de votre entreprise ou simplement \u00e0 l'\u00e9tat d'esprit que vous souhaitez cultiver. Il ne s'agit pas d'un simple meuble, mais d'un objet d'art utile, repeint avec de la lumi\u00e8re.<\/p>\n<p><img decoding=\"async\" class=\"wp-image-1454 size-large aligncenter\" src=\"https:\/\/customacrylicproduct.com\/wp-content\/uploads\/2025\/07\/Custom-Clear-Acrylic-Desk-3-1024x1024.jpg\" alt=\"Bureau personnalis\u00e9 en acrylique transparent (3)\" width=\"1024\" height=\"1024\" srcset=\"https:\/\/customacrylicproduct.com\/wp-content\/uploads\/2025\/07\/Custom-Clear-Acrylic-Desk-3-1024x1024.jpg 1024w, https:\/\/customacrylicproduct.com\/wp-content\/uploads\/2025\/07\/Custom-Clear-Acrylic-Desk-3-300x300.jpg 300w, https:\/\/customacrylicproduct.com\/wp-content\/uploads\/2025\/07\/Custom-Clear-Acrylic-Desk-3-150x150.jpg 150w, https:\/\/customacrylicproduct.com\/wp-content\/uploads\/2025\/07\/Custom-Clear-Acrylic-Desk-3-768x768.jpg 768w, https:\/\/customacrylicproduct.com\/wp-content\/uploads\/2025\/07\/Custom-Clear-Acrylic-Desk-3-600x600.jpg 600w, https:\/\/customacrylicproduct.com\/wp-content\/uploads\/2025\/07\/Custom-Clear-Acrylic-Desk-3-100x100.jpg 100w, https:\/\/customacrylicproduct.com\/wp-content\/uploads\/2025\/07\/Custom-Clear-Acrylic-Desk-3.jpg 1154w\" sizes=\"(max-width: 1024px) 100vw, 1024px\" \/><\/p>\n<h4 id=\"-masterful-design-meets-uncompromising-functionality-\"><strong>Un design magistral pour une fonctionnalit\u00e9 sans compromis<\/strong><\/h4>\n<p>Bien que son esth\u00e9tique soit sans aucun doute sa fonction la plus frappante, le bureau en acrylique sur mesure a \u00e9t\u00e9 con\u00e7u en gardant \u00e0 l'esprit l'efficacit\u00e9 au quotidien. La magie du style cascade d\u00e9pend de sa construction sans couture, qui \u00e9limine les lignes et les joints s\u00e9v\u00e8res, r\u00e9sultant en un type fluide et \u00e9l\u00e9gant avec des bords magnifiquement arrondis qui sont \u00e0 la fois s\u00fbrs et esth\u00e9tiquement doux.<\/p>\n<p>Un \u00e9l\u00e9ment essentiel de cet agencement intelligent est le support inf\u00e9rieur incorpor\u00e9. Ce niveau discret mais spacieux est essentiel pour pr\u00e9server une belle surface de travail sans encombrement. C'est le meilleur endroit pour ranger les livres que vous consultez, comme l'\u00e9l\u00e9gante quantit\u00e9 \u201cCHANEE\u201d, ou pour ranger votre clavier et votre souris d'ordinateur \u00e0 la fin de la journ\u00e9e. Vous pouvez y ranger votre bloc-notes, votre agenda ou votre tablette \u00e9lectronique, tout en conservant l'espace ouvert et ordonn\u00e9 du bureau principal pour vos t\u00e2ches les plus urgentes.<\/p>\n<p>L'ordinateur de bureau lui-m\u00eame offre suffisamment d'espace pour toutes les configurations. Il peut accueillir un ordinateur portable et ses accessoires, comme le montre la premi\u00e8re image, ou un \u00e9cran d'ordinateur de bureau de taille normale comme un iMac, un clavier et une souris, avec beaucoup d'espace pour un bloc-notes, une plante et votre boisson pr\u00e9f\u00e9r\u00e9e. Sa polyvalence s'\u00e9tend au-del\u00e0 du lieu de travail ; utilisez-le comme table de toilette sophistiqu\u00e9e dans votre chambre \u00e0 coucher, comme table console \u00e9l\u00e9gante dans une entr\u00e9e ou comme surface d'\u00e9cran sophistiqu\u00e9e dans votre salon.<\/p>\n<h4 id=\"-the-ultimate-bespoke-present-for-the-discerning-person-\"><strong>L'ultime cadeau sur mesure pour les personnes exigeantes<\/strong><\/h4>\n<p>Dans un monde de produits de masse, un cadeau absolument individuel et r\u00e9fl\u00e9chi diff\u00e8re. La table de travail en acrylique sur mesure est le cadeau id\u00e9al pour les personnes qui appr\u00e9cient le design, la qualit\u00e9 et l'originalit\u00e9. C'est un cadeau extraordinaire pour un jeune dipl\u00f4m\u00e9 qui commence sa carri\u00e8re, un entrepreneur en herbe qui cr\u00e9e l'entreprise de ses r\u00eaves ou un proche qui a r\u00e9cemment opt\u00e9 pour le travail \u00e0 domicile.<\/p>\n<p>Am\u00e9liorez votre cadeau en profitant de nos possibilit\u00e9s de personnalisation. S\u00e9lectionnez les dimensions id\u00e9ales pour une pi\u00e8ce sp\u00e9ciale. Choisissez une couleur qui refl\u00e8te leur c\u0153ur - qu'elle soit relaxante et claire ou dynamique et audacieuse. Pour une touche personnelle vraiment in\u00e9gal\u00e9e, pensez \u00e0 faire graver leurs initiales, une citation inspirante ou le logo de leur entreprise sur la surface. Le bureau passe ainsi du statut de bel objet \u00e0 celui d'h\u00e9ritage personnel, rappelant au quotidien votre pr\u00e9venance et leur potentiel.<\/p>\n<p><strong>Am\u00e9liorez votre environnement<\/strong><\/p>\n<p>Votre espace de travail est le lieu o\u00f9 naissent les concepts, o\u00f9 se cr\u00e9ent les techniques et o\u00f9 se construisent les d\u00e9sirs. Il doit \u00eatre un lieu qui vous \u00e9quipe et vous motive. La table de travail en acrylique sur mesure est plus qu'un simple lieu de travail ; c'est un catalyseur de la pens\u00e9e cr\u00e9ative, un symbole du style moderne et une repr\u00e9sentation claire de votre style avant-gardiste. Choisissez la qualit\u00e9. Choisissez la couleur. Choisissez la personnalisation. Il est temps de cr\u00e9er un espace que vous aimez.<\/p>","protected":false},"excerpt":{"rendered":"<p class=\"ng-star-inserted\"><span class=\"ng-star-inserted\">Transformez votre espace de travail avec ce superbe bureau acrylique en cascade. Son design minimaliste et transparent ajoute une touche de modernit\u00e9 et cr\u00e9e une illusion d'espace. Disponible dans des couleurs claires ou vives personnalis\u00e9es avec une \u00e9tag\u00e8re de rangement pratique. Parfait pour votre bureau \u00e0 domicile ou comme table de toilette chic.<\/span><\/p>","protected":false},"featured_media":1452,"template":"","meta":{"_kad_post_transparent":"default","_kad_post_title":"","_kad_post_layout":"default","_kad_post_sidebar_id":"","_kad_post_content_style":"default","_kad_post_vertical_padding":"default","_kad_post_feature":"","_kad_post_feature_position":"","_kad_post_header":false,"_kad_post_footer":false,"_kad_post_classname":""},"product_brand":[],"product_cat":[21],"product_tag":[151],"class_list":{"0":"post-1451","1":"product","2":"type-product","3":"status-publish","4":"has-post-thumbnail","6":"product_cat-custom-acrylic-furnitures","7":"product_tag-custom-clear-acrylic-desk","9":"first","10":"instock","11":"shipping-taxable","12":"product-type-simple","13":"entry","14":"content-bg","15":"loop-entry"},"_links":{"self":[{"href":"https:\/\/customacrylicproduct.com\/fr\/wp-json\/wp\/v2\/product\/1451","targetHints":{"allow":["GET"]}}],"collection":[{"href":"https:\/\/customacrylicproduct.com\/fr\/wp-json\/wp\/v2\/product"}],"about":[{"href":"https:\/\/customacrylicproduct.com\/fr\/wp-json\/wp\/v2\/types\/product"}],"wp:featuredmedia":[{"embeddable":true,"href":"https:\/\/customacrylicproduct.com\/fr\/wp-json\/wp\/v2\/media\/1452"}],"wp:attachment":[{"href":"https:\/\/customacrylicproduct.com\/fr\/wp-json\/wp\/v2\/media?parent=1451"}],"wp:term":[{"taxonomy":"product_brand","embeddable":true,"href":"https:\/\/customacrylicproduct.com\/fr\/wp-json\/wp\/v2\/product_brand?post=1451"},{"taxonomy":"product_cat","embeddable":true,"href":"https:\/\/customacrylicproduct.com\/fr\/wp-json\/wp\/v2\/product_cat?post=1451"},{"taxonomy":"product_tag","embeddable":true,"href":"https:\/\/customacrylicproduct.com\/fr\/wp-json\/wp\/v2\/product_tag?post=1451"}],"curies":[{"name":"wp","href":"https:\/\/api.w.org\/{rel}","templated":true}]}}